{"id":27567,"date":"2024-06-07T06:30:24","date_gmt":"2024-06-07T06:30:24","guid":{"rendered":"https:\/\/global-hookah.com\/product\/1-set-of-arab-portable-universal-shisha-with-ordinary-shape-and-glossy-color-pattern-suitable-for-bars-hookah-bars-home-and-outdoor-use-green\/"},"modified":"2026-02-10T07:54:35","modified_gmt":"2026-02-10T07:54:35","slug":"arab-portable-universal-shisha-pipe-wholesale","status":"publish","type":"product","link":"https:\/\/global-hookah.com\/es\/producto\/arab-portable-universal-shisha-pipe-wholesale\/","title":{"rendered":"pipa de shisha universal port\u00e1til \u00e1rabe al por mayor"},"content":{"rendered":"<p>Disfrutar\u00e1 de una experiencia de shisha chic en cualquier lugar gracias a nuestro <strong>Pipa de shisha universal port\u00e1til<\/strong>\u2018Su dise\u00f1o contempor\u00e1neo lo hace adecuado tanto para interiores como para exteriores.<\/p>\n<p>Su dise\u00f1o omnipresente es su mejor caracter\u00edstica. En <a href=\"https:\/\/global-hookah.com\/\">pipa de shisha<\/a> encaja perfectamente en la parte superior de la cazoleta de cristal, ya que se puede ajustar para adaptarse a una variedad de mangueras y cazoletas. Ahora que tiene todas las opciones de personalizaci\u00f3n, el Arab Portable Hookah le permite evitar tener que lidiar con piezas incompatibles o tener un humo inferior.<\/p>\n<p>M\u00e1s all\u00e1 de su adaptabilidad, este narguile port\u00e1til \u00e1rabe incluye una amplia variedad de accesorios dise\u00f1ados especialmente para un entusiasta de la shisha exigente. Se incluye una variedad de equipos de limpieza hookah multiusos para satisfacer diferentes necesidades de mantenimiento.<\/p>","protected":false},"excerpt":{"rendered":"<p>Disfrutar\u00e1 de una experiencia de shisha chic en cualquier lugar gracias al dise\u00f1o contempor\u00e1neo de nuestra Pipa de Shisha Universal Port\u00e1til, que la hace adecuada<\/p>","protected":false},"featured_media":27679,"comment_status":"closed","ping_status":"closed","template":"","meta":{"iawp_total_views":4,"_joinchat":[]},"product_brand":[],"product_cat":[560,119],"product_tag":[],"class_list":{"0":"post-27567","1":"product","2":"type-product","3":"status-publish","4":"has-post-thumbnail","6":"product_cat-glass-hookah-wholesale","7":"product_cat-wholesale-hookah","9":"first","10":"instock","11":"shipping-taxable","12":"product-type-external"},"yoast_head":"<!-- This site is optimized with the Yoast SEO Premium plugin v24.7 (Yoast SEO v26.8) - https:\/\/yoast.com\/product\/yoast-seo-premium-wordpress\/ -->\n<title>Arab Portable Universal Shisha Pipe Wholesale - Global Hookah<\/title>\n<meta name=\"robots\" content=\"index, follow, max-snippet:-1, max-image-preview:large, max-video-preview:-1\" \/>\n<link rel=\"canonical\" href=\"https:\/\/global-hookah.com\/es\/producto\/arab-portable-universal-shisha-pipe-wholesale\/\" \/>\n<meta property=\"og:locale\" content=\"es_ES\" \/>\n<meta property=\"og:type\" content=\"article\" \/>\n<meta property=\"og:title\" content=\"Arab Portable Universal Shisha Pipe Wholesale\" \/>\n<meta property=\"og:description\" content=\"You&#8217;ll enjoy a chic shisha experience wherever thanks to our Portable Universal Shisha Pipe&#8216;s contemporary design, which makes it suitable\" \/>\n<meta property=\"og:url\" content=\"https:\/\/global-hookah.com\/es\/producto\/arab-portable-universal-shisha-pipe-wholesale\/\" \/>\n<meta property=\"og:site_name\" content=\"Global Hookah\" \/>\n<meta property=\"article:modified_time\" content=\"2026-02-10T07:54:35+00:00\" \/>\n<meta property=\"og:image\" content=\"https:\/\/global-hookah.com\/wp-content\/uploads\/2024\/06\/16927536319185770416e893299dd7a42edfd6d59d_square-scaled.jpg\" \/>\n\t<meta property=\"og:image:width\" content=\"1920\" \/>\n\t<meta property=\"og:image:height\" content=\"2560\" \/>\n\t<meta property=\"og:image:type\" content=\"image\/jpeg\" \/>\n<meta name=\"twitter:card\" content=\"summary_large_image\" \/>\n<meta name=\"twitter:label1\" content=\"Tiempo de lectura\" \/>\n\t<meta name=\"twitter:data1\" content=\"1 minuto\" \/>\n<script type=\"application\/ld+json\" class=\"yoast-schema-graph\">{\"@context\":\"https:\/\/schema.org\",\"@graph\":[{\"@type\":\"WebPage\",\"@id\":\"https:\/\/global-hookah.com\/product\/arab-portable-universal-shisha-pipe-wholesale\/\",\"url\":\"https:\/\/global-hookah.com\/product\/arab-portable-universal-shisha-pipe-wholesale\/\",\"name\":\"Arab Portable Universal Shisha Pipe Wholesale - Global Hookah\",\"isPartOf\":{\"@id\":\"https:\/\/global-hookah.com\/#website\"},\"primaryImageOfPage\":{\"@id\":\"https:\/\/global-hookah.com\/product\/arab-portable-universal-shisha-pipe-wholesale\/#primaryimage\"},\"image\":{\"@id\":\"https:\/\/global-hookah.com\/product\/arab-portable-universal-shisha-pipe-wholesale\/#primaryimage\"},\"thumbnailUrl\":\"https:\/\/global-hookah.com\/wp-content\/uploads\/2024\/06\/16927536319185770416e893299dd7a42edfd6d59d_square-scaled.jpg\",\"datePublished\":\"2024-06-07T06:30:24+00:00\",\"dateModified\":\"2026-02-10T07:54:35+00:00\",\"breadcrumb\":{\"@id\":\"https:\/\/global-hookah.com\/product\/arab-portable-universal-shisha-pipe-wholesale\/#breadcrumb\"},\"inLanguage\":\"es\",\"potentialAction\":[{\"@type\":\"ReadAction\",\"target\":[\"https:\/\/global-hookah.com\/product\/arab-portable-universal-shisha-pipe-wholesale\/\"]}]},{\"@type\":\"ImageObject\",\"inLanguage\":\"es\",\"@id\":\"https:\/\/global-hookah.com\/product\/arab-portable-universal-shisha-pipe-wholesale\/#primaryimage\",\"url\":\"https:\/\/global-hookah.com\/wp-content\/uploads\/2024\/06\/16927536319185770416e893299dd7a42edfd6d59d_square-scaled.jpg\",\"contentUrl\":\"https:\/\/global-hookah.com\/wp-content\/uploads\/2024\/06\/16927536319185770416e893299dd7a42edfd6d59d_square-scaled.jpg\",\"width\":1920,\"height\":2560,\"caption\":\"Arab Portable Universal Shisha Pipe Wholesale\"},{\"@type\":\"BreadcrumbList\",\"@id\":\"https:\/\/global-hookah.com\/product\/arab-portable-universal-shisha-pipe-wholesale\/#breadcrumb\",\"itemListElement\":[{\"@type\":\"ListItem\",\"position\":1,\"name\":\"Home\",\"item\":\"https:\/\/global-hookah.com\/\"},{\"@type\":\"ListItem\",\"position\":2,\"name\":\"Shop\",\"item\":\"https:\/\/global-hookah.com\/shop\/\"},{\"@type\":\"ListItem\",\"position\":3,\"name\":\"Arab Portable Universal Shisha Pipe Wholesale\"}]},{\"@type\":\"WebSite\",\"@id\":\"https:\/\/global-hookah.com\/#website\",\"url\":\"https:\/\/global-hookah.com\/\",\"name\":\"Global Hookah\",\"description\":\"Global Hookah\",\"publisher\":{\"@id\":\"https:\/\/global-hookah.com\/#organization\"},\"potentialAction\":[{\"@type\":\"SearchAction\",\"target\":{\"@type\":\"EntryPoint\",\"urlTemplate\":\"https:\/\/global-hookah.com\/?s={search_term_string}\"},\"query-input\":{\"@type\":\"PropertyValueSpecification\",\"valueRequired\":true,\"valueName\":\"search_term_string\"}}],\"inLanguage\":\"es\"},{\"@type\":\"Organization\",\"@id\":\"https:\/\/global-hookah.com\/#organization\",\"name\":\"Global Hookah\",\"url\":\"https:\/\/global-hookah.com\/\",\"logo\":{\"@type\":\"ImageObject\",\"inLanguage\":\"es\",\"@id\":\"https:\/\/global-hookah.com\/#\/schema\/logo\/image\/\",\"url\":\"https:\/\/global-hookah.com\/wp-content\/uploads\/2021\/10\/cropped-fgg.png\",\"contentUrl\":\"https:\/\/global-hookah.com\/wp-content\/uploads\/2021\/10\/cropped-fgg.png\",\"width\":512,\"height\":512,\"caption\":\"Global Hookah\"},\"image\":{\"@id\":\"https:\/\/global-hookah.com\/#\/schema\/logo\/image\/\"}}]}<\/script>\n<!-- \/ Yoast SEO Premium plugin. -->","yoast_head_json":{"title":"pipa de shisha universal port\u00e1til \u00e1rabe al por mayor - Global Hookah","robots":{"index":"index","follow":"follow","max-snippet":"max-snippet:-1","max-image-preview":"max-image-preview:large","max-video-preview":"max-video-preview:-1"},"canonical":"https:\/\/global-hookah.com\/es\/producto\/arab-portable-universal-shisha-pipe-wholesale\/","og_locale":"es_ES","og_type":"article","og_title":"Arab Portable Universal Shisha Pipe Wholesale","og_description":"You&#8217;ll enjoy a chic shisha experience wherever thanks to our Portable Universal Shisha Pipe&#8216;s contemporary design, which makes it suitable","og_url":"https:\/\/global-hookah.com\/es\/producto\/arab-portable-universal-shisha-pipe-wholesale\/","og_site_name":"Global Hookah","article_modified_time":"2026-02-10T07:54:35+00:00","og_image":[{"width":1920,"height":2560,"url":"https:\/\/global-hookah.com\/wp-content\/uploads\/2024\/06\/16927536319185770416e893299dd7a42edfd6d59d_square-scaled.jpg","type":"image\/jpeg"}],"twitter_card":"summary_large_image","twitter_misc":{"Tiempo de lectura":"1 minuto"},"schema":{"@context":"https:\/\/schema.org","@graph":[{"@type":"WebPage","@id":"https:\/\/global-hookah.com\/product\/arab-portable-universal-shisha-pipe-wholesale\/","url":"https:\/\/global-hookah.com\/product\/arab-portable-universal-shisha-pipe-wholesale\/","name":"pipa de shisha universal port\u00e1til \u00e1rabe al por mayor - Global Hookah","isPartOf":{"@id":"https:\/\/global-hookah.com\/#website"},"primaryImageOfPage":{"@id":"https:\/\/global-hookah.com\/product\/arab-portable-universal-shisha-pipe-wholesale\/#primaryimage"},"image":{"@id":"https:\/\/global-hookah.com\/product\/arab-portable-universal-shisha-pipe-wholesale\/#primaryimage"},"thumbnailUrl":"https:\/\/global-hookah.com\/wp-content\/uploads\/2024\/06\/16927536319185770416e893299dd7a42edfd6d59d_square-scaled.jpg","datePublished":"2024-06-07T06:30:24+00:00","dateModified":"2026-02-10T07:54:35+00:00","breadcrumb":{"@id":"https:\/\/global-hookah.com\/product\/arab-portable-universal-shisha-pipe-wholesale\/#breadcrumb"},"inLanguage":"es","potentialAction":[{"@type":"ReadAction","target":["https:\/\/global-hookah.com\/product\/arab-portable-universal-shisha-pipe-wholesale\/"]}]},{"@type":"ImageObject","inLanguage":"es","@id":"https:\/\/global-hookah.com\/product\/arab-portable-universal-shisha-pipe-wholesale\/#primaryimage","url":"https:\/\/global-hookah.com\/wp-content\/uploads\/2024\/06\/16927536319185770416e893299dd7a42edfd6d59d_square-scaled.jpg","contentUrl":"https:\/\/global-hookah.com\/wp-content\/uploads\/2024\/06\/16927536319185770416e893299dd7a42edfd6d59d_square-scaled.jpg","width":1920,"height":2560,"caption":"Arab Portable Universal Shisha Pipe Wholesale"},{"@type":"BreadcrumbList","@id":"https:\/\/global-hookah.com\/product\/arab-portable-universal-shisha-pipe-wholesale\/#breadcrumb","itemListElement":[{"@type":"ListItem","position":1,"name":"Home","item":"https:\/\/global-hookah.com\/"},{"@type":"ListItem","position":2,"name":"Shop","item":"https:\/\/global-hookah.com\/shop\/"},{"@type":"ListItem","position":3,"name":"Arab Portable Universal Shisha Pipe Wholesale"}]},{"@type":"WebSite","@id":"https:\/\/global-hookah.com\/#website","url":"https:\/\/global-hookah.com\/","name":"Global Hookah","description":"Global Hookah","publisher":{"@id":"https:\/\/global-hookah.com\/#organization"},"potentialAction":[{"@type":"SearchAction","target":{"@type":"EntryPoint","urlTemplate":"https:\/\/global-hookah.com\/?s={search_term_string}"},"query-input":{"@type":"PropertyValueSpecification","valueRequired":true,"valueName":"search_term_string"}}],"inLanguage":"es"},{"@type":"Organization","@id":"https:\/\/global-hookah.com\/#organization","name":"Global Hookah","url":"https:\/\/global-hookah.com\/","logo":{"@type":"ImageObject","inLanguage":"es","@id":"https:\/\/global-hookah.com\/#\/schema\/logo\/image\/","url":"https:\/\/global-hookah.com\/wp-content\/uploads\/2021\/10\/cropped-fgg.png","contentUrl":"https:\/\/global-hookah.com\/wp-content\/uploads\/2021\/10\/cropped-fgg.png","width":512,"height":512,"caption":"Global Hookah"},"image":{"@id":"https:\/\/global-hookah.com\/#\/schema\/logo\/image\/"}}]}},"_links":{"self":[{"href":"https:\/\/global-hookah.com\/es\/wp-json\/wp\/v2\/product\/27567","targetHints":{"allow":["GET"]}}],"collection":[{"href":"https:\/\/global-hookah.com\/es\/wp-json\/wp\/v2\/product"}],"about":[{"href":"https:\/\/global-hookah.com\/es\/wp-json\/wp\/v2\/types\/product"}],"replies":[{"embeddable":true,"href":"https:\/\/global-hookah.com\/es\/wp-json\/wp\/v2\/comments?post=27567"}],"version-history":[{"count":1,"href":"https:\/\/global-hookah.com\/es\/wp-json\/wp\/v2\/product\/27567\/revisions"}],"predecessor-version":[{"id":33127,"href":"https:\/\/global-hookah.com\/es\/wp-json\/wp\/v2\/product\/27567\/revisions\/33127"}],"wp:featuredmedia":[{"embeddable":true,"href":"https:\/\/global-hookah.com\/es\/wp-json\/wp\/v2\/media\/27679"}],"wp:attachment":[{"href":"https:\/\/global-hookah.com\/es\/wp-json\/wp\/v2\/media?parent=27567"}],"wp:term":[{"taxonomy":"product_brand","embeddable":true,"href":"https:\/\/global-hookah.com\/es\/wp-json\/wp\/v2\/product_brand?post=27567"},{"taxonomy":"product_cat","embeddable":true,"href":"https:\/\/global-hookah.com\/es\/wp-json\/wp\/v2\/product_cat?post=27567"},{"taxonomy":"product_tag","embeddable":true,"href":"https:\/\/global-hookah.com\/es\/wp-json\/wp\/v2\/product_tag?post=27567"}],"curies":[{"name":"wp","href":"https:\/\/api.w.org\/{rel}","templated":true}]}}