{"id":27576,"date":"2024-06-07T06:30:31","date_gmt":"2024-06-07T06:30:31","guid":{"rendered":"https:\/\/global-hookah.com\/product\/1pc-replacement-hose-for-smoking-product-suitable-for-most-smoking-product-washable-durable-hose-household-gadgets-holiday-gift-birthday-gift-gift-for-friends\/"},"modified":"2024-06-16T08:23:40","modified_gmt":"2024-06-16T08:23:40","slug":"wholesale-custom-bohemian-glass-hookah-pipes","status":"publish","type":"product","link":"https:\/\/global-hookah.com\/es\/producto\/wholesale-custom-bohemian-glass-hookah-pipes\/","title":{"rendered":"Mayorista Pipas de cristal de Bohemia al por mayor"},"content":{"rendered":"<div>Estamos totalmente obsesionados con la calidad cuando se trata de nuestros narguiles - cada pieza es seleccionada a mano para ser de primera categor\u00eda. El <strong>Pipas Hookah de cristal de Bohemia personalizadas<\/strong> est\u00e1n fabricados con vidrio extra grueso de 7 mm, mucho m\u00e1s duradero que el de otras marcas. Las conexiones tienen juntas de goma para un sellado super herm\u00e9tico. Y cada manguera se puede ajustar por separado para que cada usuario pueda personalizar su tiro. Nuestro sistema de escape patentado hace que sea facil\u00edsimo eliminar el humo r\u00e1pidamente sin quitar las v\u00e1lvulas de purga.<\/div>\n<div><\/div>\n<div><img decoding=\"async\" src=\"https:\/\/global-hookah.com\/wp-content\/uploads\/2024\/06\/1ffda6bf-20bb-451c-904f-c87e8978e15e.jpg\" \/><\/div>\n<div><img decoding=\"async\" src=\"https:\/\/global-hookah.com\/wp-content\/uploads\/2024\/06\/ebe95d78-6c5e-4910-a656-a0c4fc29f7d4.jpg\" \/><\/div>\n<div><img decoding=\"async\" src=\"https:\/\/global-hookah.com\/wp-content\/uploads\/2024\/06\/609c1387-90c3-4e02-b9b2-c9703ff919b8.jpg\" \/><\/div>\n<div><img decoding=\"async\" src=\"https:\/\/global-hookah.com\/wp-content\/uploads\/2024\/06\/193540e8-d770-4a96-902c-2027f4cd97d8.jpg\" \/><\/div>\n<div><img decoding=\"async\" src=\"https:\/\/global-hookah.com\/wp-content\/uploads\/2024\/06\/fcd9fcd6-ef3b-4b7e-979f-2fff2fd09abf.jpg\" \/><\/div>\n<div><img decoding=\"async\" src=\"https:\/\/global-hookah.com\/wp-content\/uploads\/2024\/06\/43da1d68-44ef-4367-b9a3-3d592aa65059.jpg\" \/><\/div>","protected":false},"excerpt":{"rendered":"<p>Estamos totalmente obsesionados con la calidad cuando se trata de nuestros narguiles - cada pieza es seleccionada a mano para ser de primera categor\u00eda.<\/p>","protected":false},"featured_media":27687,"comment_status":"closed","ping_status":"closed","template":"","meta":{"iawp_total_views":3,"_joinchat":[]},"product_brand":[],"product_cat":[560,119],"product_tag":[],"class_list":{"0":"post-27576","1":"product","2":"type-product","3":"status-publish","4":"has-post-thumbnail","6":"product_cat-glass-hookah-wholesale","7":"product_cat-wholesale-hookah","9":"first","10":"instock","11":"shipping-taxable","12":"product-type-external"},"yoast_head":"<!-- This site is optimized with the Yoast SEO Premium plugin v24.7 (Yoast SEO v26.8) - https:\/\/yoast.com\/product\/yoast-seo-premium-wordpress\/ -->\n<title>Wholesale Custom Bohemian Glass Hookah Pipes - Global Hookah<\/title>\n<meta name=\"robots\" content=\"index, follow, max-snippet:-1, max-image-preview:large, max-video-preview:-1\" \/>\n<link rel=\"canonical\" href=\"https:\/\/global-hookah.com\/es\/producto\/wholesale-custom-bohemian-glass-hookah-pipes\/\" \/>\n<meta property=\"og:locale\" content=\"es_ES\" \/>\n<meta property=\"og:type\" content=\"article\" \/>\n<meta property=\"og:title\" content=\"Wholesale Custom Bohemian Glass Hookah Pipes\" \/>\n<meta property=\"og:description\" content=\"We&#8217;re totally obsessed with quality when it comes to our hookahs &#8211; every single part is handpicked to be top-notch.\" \/>\n<meta property=\"og:url\" content=\"https:\/\/global-hookah.com\/es\/producto\/wholesale-custom-bohemian-glass-hookah-pipes\/\" \/>\n<meta property=\"og:site_name\" content=\"Global Hookah\" \/>\n<meta property=\"article:modified_time\" content=\"2024-06-16T08:23:40+00:00\" \/>\n<meta property=\"og:image\" content=\"https:\/\/global-hookah.com\/wp-content\/uploads\/2024\/06\/1ffda6bf-20bb-451c-904f-c87e8978e15e.jpg\" \/>\n\t<meta property=\"og:image:width\" content=\"1600\" \/>\n\t<meta property=\"og:image:height\" content=\"1600\" \/>\n\t<meta property=\"og:image:type\" content=\"image\/jpeg\" \/>\n<meta name=\"twitter:card\" content=\"summary_large_image\" \/>\n<meta name=\"twitter:label1\" content=\"Tiempo de lectura\" \/>\n\t<meta name=\"twitter:data1\" content=\"2 minutos\" \/>\n<script type=\"application\/ld+json\" class=\"yoast-schema-graph\">{\"@context\":\"https:\/\/schema.org\",\"@graph\":[{\"@type\":\"WebPage\",\"@id\":\"https:\/\/global-hookah.com\/product\/wholesale-custom-bohemian-glass-hookah-pipes\/\",\"url\":\"https:\/\/global-hookah.com\/product\/wholesale-custom-bohemian-glass-hookah-pipes\/\",\"name\":\"Wholesale Custom Bohemian Glass Hookah Pipes - Global Hookah\",\"isPartOf\":{\"@id\":\"https:\/\/global-hookah.com\/#website\"},\"primaryImageOfPage\":{\"@id\":\"https:\/\/global-hookah.com\/product\/wholesale-custom-bohemian-glass-hookah-pipes\/#primaryimage\"},\"image\":{\"@id\":\"https:\/\/global-hookah.com\/product\/wholesale-custom-bohemian-glass-hookah-pipes\/#primaryimage\"},\"thumbnailUrl\":\"https:\/\/global-hookah.com\/wp-content\/uploads\/2024\/06\/1ffda6bf-20bb-451c-904f-c87e8978e15e.jpg\",\"datePublished\":\"2024-06-07T06:30:31+00:00\",\"dateModified\":\"2024-06-16T08:23:40+00:00\",\"breadcrumb\":{\"@id\":\"https:\/\/global-hookah.com\/product\/wholesale-custom-bohemian-glass-hookah-pipes\/#breadcrumb\"},\"inLanguage\":\"es\",\"potentialAction\":[{\"@type\":\"ReadAction\",\"target\":[\"https:\/\/global-hookah.com\/product\/wholesale-custom-bohemian-glass-hookah-pipes\/\"]}]},{\"@type\":\"ImageObject\",\"inLanguage\":\"es\",\"@id\":\"https:\/\/global-hookah.com\/product\/wholesale-custom-bohemian-glass-hookah-pipes\/#primaryimage\",\"url\":\"https:\/\/global-hookah.com\/wp-content\/uploads\/2024\/06\/1ffda6bf-20bb-451c-904f-c87e8978e15e.jpg\",\"contentUrl\":\"https:\/\/global-hookah.com\/wp-content\/uploads\/2024\/06\/1ffda6bf-20bb-451c-904f-c87e8978e15e.jpg\",\"width\":1600,\"height\":1600,\"caption\":\"Wholesale Custom Bohemian Glass Hookah Pipes\"},{\"@type\":\"BreadcrumbList\",\"@id\":\"https:\/\/global-hookah.com\/product\/wholesale-custom-bohemian-glass-hookah-pipes\/#breadcrumb\",\"itemListElement\":[{\"@type\":\"ListItem\",\"position\":1,\"name\":\"Home\",\"item\":\"https:\/\/global-hookah.com\/\"},{\"@type\":\"ListItem\",\"position\":2,\"name\":\"Shop\",\"item\":\"https:\/\/global-hookah.com\/shop\/\"},{\"@type\":\"ListItem\",\"position\":3,\"name\":\"Wholesale Custom Bohemian Glass Hookah Pipes\"}]},{\"@type\":\"WebSite\",\"@id\":\"https:\/\/global-hookah.com\/#website\",\"url\":\"https:\/\/global-hookah.com\/\",\"name\":\"Global Hookah\",\"description\":\"Global Hookah\",\"publisher\":{\"@id\":\"https:\/\/global-hookah.com\/#organization\"},\"potentialAction\":[{\"@type\":\"SearchAction\",\"target\":{\"@type\":\"EntryPoint\",\"urlTemplate\":\"https:\/\/global-hookah.com\/?s={search_term_string}\"},\"query-input\":{\"@type\":\"PropertyValueSpecification\",\"valueRequired\":true,\"valueName\":\"search_term_string\"}}],\"inLanguage\":\"es\"},{\"@type\":\"Organization\",\"@id\":\"https:\/\/global-hookah.com\/#organization\",\"name\":\"Global Hookah\",\"url\":\"https:\/\/global-hookah.com\/\",\"logo\":{\"@type\":\"ImageObject\",\"inLanguage\":\"es\",\"@id\":\"https:\/\/global-hookah.com\/#\/schema\/logo\/image\/\",\"url\":\"https:\/\/global-hookah.com\/wp-content\/uploads\/2021\/10\/cropped-fgg.png\",\"contentUrl\":\"https:\/\/global-hookah.com\/wp-content\/uploads\/2021\/10\/cropped-fgg.png\",\"width\":512,\"height\":512,\"caption\":\"Global Hookah\"},\"image\":{\"@id\":\"https:\/\/global-hookah.com\/#\/schema\/logo\/image\/\"}}]}<\/script>\n<!-- \/ Yoast SEO Premium plugin. -->","yoast_head_json":{"title":"Mayorista Pipas de cristal de Bohemia - Global Hookah","robots":{"index":"index","follow":"follow","max-snippet":"max-snippet:-1","max-image-preview":"max-image-preview:large","max-video-preview":"max-video-preview:-1"},"canonical":"https:\/\/global-hookah.com\/es\/producto\/wholesale-custom-bohemian-glass-hookah-pipes\/","og_locale":"es_ES","og_type":"article","og_title":"Wholesale Custom Bohemian Glass Hookah Pipes","og_description":"We&#8217;re totally obsessed with quality when it comes to our hookahs &#8211; every single part is handpicked to be top-notch.","og_url":"https:\/\/global-hookah.com\/es\/producto\/wholesale-custom-bohemian-glass-hookah-pipes\/","og_site_name":"Global Hookah","article_modified_time":"2024-06-16T08:23:40+00:00","og_image":[{"width":1600,"height":1600,"url":"https:\/\/global-hookah.com\/wp-content\/uploads\/2024\/06\/1ffda6bf-20bb-451c-904f-c87e8978e15e.jpg","type":"image\/jpeg"}],"twitter_card":"summary_large_image","twitter_misc":{"Tiempo de lectura":"2 minutos"},"schema":{"@context":"https:\/\/schema.org","@graph":[{"@type":"WebPage","@id":"https:\/\/global-hookah.com\/product\/wholesale-custom-bohemian-glass-hookah-pipes\/","url":"https:\/\/global-hookah.com\/product\/wholesale-custom-bohemian-glass-hookah-pipes\/","name":"Mayorista Pipas de cristal de Bohemia - Global Hookah","isPartOf":{"@id":"https:\/\/global-hookah.com\/#website"},"primaryImageOfPage":{"@id":"https:\/\/global-hookah.com\/product\/wholesale-custom-bohemian-glass-hookah-pipes\/#primaryimage"},"image":{"@id":"https:\/\/global-hookah.com\/product\/wholesale-custom-bohemian-glass-hookah-pipes\/#primaryimage"},"thumbnailUrl":"https:\/\/global-hookah.com\/wp-content\/uploads\/2024\/06\/1ffda6bf-20bb-451c-904f-c87e8978e15e.jpg","datePublished":"2024-06-07T06:30:31+00:00","dateModified":"2024-06-16T08:23:40+00:00","breadcrumb":{"@id":"https:\/\/global-hookah.com\/product\/wholesale-custom-bohemian-glass-hookah-pipes\/#breadcrumb"},"inLanguage":"es","potentialAction":[{"@type":"ReadAction","target":["https:\/\/global-hookah.com\/product\/wholesale-custom-bohemian-glass-hookah-pipes\/"]}]},{"@type":"ImageObject","inLanguage":"es","@id":"https:\/\/global-hookah.com\/product\/wholesale-custom-bohemian-glass-hookah-pipes\/#primaryimage","url":"https:\/\/global-hookah.com\/wp-content\/uploads\/2024\/06\/1ffda6bf-20bb-451c-904f-c87e8978e15e.jpg","contentUrl":"https:\/\/global-hookah.com\/wp-content\/uploads\/2024\/06\/1ffda6bf-20bb-451c-904f-c87e8978e15e.jpg","width":1600,"height":1600,"caption":"Wholesale Custom Bohemian Glass Hookah Pipes"},{"@type":"BreadcrumbList","@id":"https:\/\/global-hookah.com\/product\/wholesale-custom-bohemian-glass-hookah-pipes\/#breadcrumb","itemListElement":[{"@type":"ListItem","position":1,"name":"Home","item":"https:\/\/global-hookah.com\/"},{"@type":"ListItem","position":2,"name":"Shop","item":"https:\/\/global-hookah.com\/shop\/"},{"@type":"ListItem","position":3,"name":"Wholesale Custom Bohemian Glass Hookah Pipes"}]},{"@type":"WebSite","@id":"https:\/\/global-hookah.com\/#website","url":"https:\/\/global-hookah.com\/","name":"Global Hookah","description":"Global Hookah","publisher":{"@id":"https:\/\/global-hookah.com\/#organization"},"potentialAction":[{"@type":"SearchAction","target":{"@type":"EntryPoint","urlTemplate":"https:\/\/global-hookah.com\/?s={search_term_string}"},"query-input":{"@type":"PropertyValueSpecification","valueRequired":true,"valueName":"search_term_string"}}],"inLanguage":"es"},{"@type":"Organization","@id":"https:\/\/global-hookah.com\/#organization","name":"Global Hookah","url":"https:\/\/global-hookah.com\/","logo":{"@type":"ImageObject","inLanguage":"es","@id":"https:\/\/global-hookah.com\/#\/schema\/logo\/image\/","url":"https:\/\/global-hookah.com\/wp-content\/uploads\/2021\/10\/cropped-fgg.png","contentUrl":"https:\/\/global-hookah.com\/wp-content\/uploads\/2021\/10\/cropped-fgg.png","width":512,"height":512,"caption":"Global Hookah"},"image":{"@id":"https:\/\/global-hookah.com\/#\/schema\/logo\/image\/"}}]}},"_links":{"self":[{"href":"https:\/\/global-hookah.com\/es\/wp-json\/wp\/v2\/product\/27576","targetHints":{"allow":["GET"]}}],"collection":[{"href":"https:\/\/global-hookah.com\/es\/wp-json\/wp\/v2\/product"}],"about":[{"href":"https:\/\/global-hookah.com\/es\/wp-json\/wp\/v2\/types\/product"}],"replies":[{"embeddable":true,"href":"https:\/\/global-hookah.com\/es\/wp-json\/wp\/v2\/comments?post=27576"}],"version-history":[{"count":0,"href":"https:\/\/global-hookah.com\/es\/wp-json\/wp\/v2\/product\/27576\/revisions"}],"wp:featuredmedia":[{"embeddable":true,"href":"https:\/\/global-hookah.com\/es\/wp-json\/wp\/v2\/media\/27687"}],"wp:attachment":[{"href":"https:\/\/global-hookah.com\/es\/wp-json\/wp\/v2\/media?parent=27576"}],"wp:term":[{"taxonomy":"product_brand","embeddable":true,"href":"https:\/\/global-hookah.com\/es\/wp-json\/wp\/v2\/product_brand?post=27576"},{"taxonomy":"product_cat","embeddable":true,"href":"https:\/\/global-hookah.com\/es\/wp-json\/wp\/v2\/product_cat?post=27576"},{"taxonomy":"product_tag","embeddable":true,"href":"https:\/\/global-hookah.com\/es\/wp-json\/wp\/v2\/product_tag?post=27576"}],"curies":[{"name":"wp","href":"https:\/\/api.w.org\/{rel}","templated":true}]}}