{"id":27778,"date":"2024-06-08T05:54:39","date_gmt":"2024-06-08T05:54:39","guid":{"rendered":"https:\/\/global-hookah.com\/product\/1pc-ball-shaped-rianbow-herb-grinder-pepper-mill-metal-hand-muller-crusher-smoking-accessories\/"},"modified":"2024-06-08T07:44:48","modified_gmt":"2024-06-08T07:44:48","slug":"wholesale-custom-ball-shaped-rianbow-herb-grinder","status":"publish","type":"product","link":"https:\/\/global-hookah.com\/es\/producto\/wholesale-custom-ball-shaped-rianbow-herb-grinder\/","title":{"rendered":"Mayorista Molinillo de Hierbas Rianbow Personalizado con Forma de Bola"},"content":{"rendered":"<div class=\"_2tVJUTuv\" data-id=\"module\">\n<div class=\"_3L8WzSkm\" tabindex=\"0\" role=\"button\" aria-label=\"Descripci\u00f3n\">\n<p>Este <strong>Molinillo de hierbas Rainbow en forma de bola<\/strong> se ha fabricado con una aleaci\u00f3n de aluminio de calidad aeron\u00e1utica, lo que implica que es muy resistente y robusto. Adem\u00e1s, la superficie exterior est\u00e1 electrolizada en un tono arco iris, \u00a1no es incre\u00edble!<\/p>\n<p>Incluye cuatro capas de rejillas filtrantes con diferentes tama\u00f1os de malla para pulverizar sus hierbas mediante un filtrado de varios niveles. La base magn\u00e9tica se adhiere firmemente a los metales cuando se utiliza.<\/p>\n<p>Por \u00faltimo, perm\u00edtanme mencionar que nuestro <strong>Molinillo de hierbas Rainbow en forma de bola<\/strong> tiene un pr\u00e1ctico dise\u00f1o giratorio que se puede girar f\u00e1cilmente con un solo dedo. Adem\u00e1s, el molinillo se ha fabricado con una forma de anillo vac\u00edo, lo que lo hace compacto con s\u00f3lo 5 cm y pesa 140 g, por lo que es f\u00e1cil de llevar en el bolso a cualquier parte.<\/p>\n<\/div>\n<\/div>\n<div><img decoding=\"async\" src=\"https:\/\/img.kwcdn.com\/product\/Fancyalgo\/VirtualModelMatting\/516995e74b0bd15ccaac7b37ec95ee6b.jpg\" \/><\/div>\n<div><img decoding=\"async\" src=\"https:\/\/img.kwcdn.com\/product\/Fancyalgo\/VirtualModelMatting\/e765ee32c041e3f997ed56faafb6a0d0.jpg\" \/><\/div>\n<div><img decoding=\"async\" src=\"https:\/\/img.kwcdn.com\/product\/Fancyalgo\/VirtualModelMatting\/e8dff978f4edec719ceb6b406eeb1643.jpg\" \/><\/div>\n<div><img decoding=\"async\" src=\"https:\/\/img.kwcdn.com\/product\/Fancyalgo\/VirtualModelMatting\/68743d5005f5fbe4c54a3b504b61bae2.jpg\" \/><\/div>\n<div><img decoding=\"async\" src=\"https:\/\/img.kwcdn.com\/product\/Fancyalgo\/VirtualModelMatting\/d87a1e1bf5ee3205fd8c7d4513b2381f.jpg\" \/><\/div>\n<div><img decoding=\"async\" src=\"https:\/\/img.kwcdn.com\/product\/Fancyalgo\/VirtualModelMatting\/45fef5beb8582fbcfe4be2d79e543798.jpg\" \/><\/div>","protected":false},"excerpt":{"rendered":"<p>Este molinillo de hierbas Rainbow en forma de bola ha sido fabricado con una aleaci\u00f3n de aluminio de calidad aeron\u00e1utica, lo que implica que es muy resistente<\/p>","protected":false},"featured_media":27777,"comment_status":"open","ping_status":"closed","template":"","meta":{"iawp_total_views":1,"_joinchat":[]},"product_brand":[],"product_cat":[909,770],"product_tag":[],"class_list":{"0":"post-27778","1":"product","2":"type-product","3":"status-publish","4":"has-post-thumbnail","6":"product_cat-portable-weed-grinder-wholesale","7":"product_cat-wholesale-grinder","9":"first","10":"instock","11":"shipping-taxable","12":"product-type-external"},"yoast_head":"<!-- This site is optimized with the Yoast SEO Premium plugin v24.7 (Yoast SEO v26.8) - https:\/\/yoast.com\/product\/yoast-seo-premium-wordpress\/ -->\n<title>Wholesale Custom Ball Shaped Rianbow Herb Grinder - Global Hookah<\/title>\n<meta name=\"robots\" content=\"index, follow, max-snippet:-1, max-image-preview:large, max-video-preview:-1\" \/>\n<link rel=\"canonical\" href=\"https:\/\/global-hookah.com\/es\/produkt\/wholesale-custom-ball-shaped-rianbow-herb-grinder\/\" \/>\n<meta property=\"og:locale\" content=\"es_ES\" \/>\n<meta property=\"og:type\" content=\"article\" \/>\n<meta property=\"og:title\" content=\"Wholesale Custom Ball Shaped Rianbow Herb Grinder\" \/>\n<meta property=\"og:description\" content=\"This Ball Shaped Rainbow Herb Grinder has been crafted from aviation-grade aluminum alloy, which implies that it is very tough\" \/>\n<meta property=\"og:url\" content=\"https:\/\/global-hookah.com\/es\/produkt\/wholesale-custom-ball-shaped-rianbow-herb-grinder\/\" \/>\n<meta property=\"og:site_name\" content=\"Global Hookah\" \/>\n<meta property=\"article:modified_time\" content=\"2024-06-08T07:44:48+00:00\" \/>\n<meta property=\"og:image\" content=\"https:\/\/global-hookah.com\/wp-content\/uploads\/2024\/06\/516995e74b0bd15ccaac7b37ec95ee6b.jpg\" \/>\n\t<meta property=\"og:image:width\" content=\"800\" \/>\n\t<meta property=\"og:image:height\" content=\"800\" \/>\n\t<meta property=\"og:image:type\" content=\"image\/jpeg\" \/>\n<meta name=\"twitter:card\" content=\"summary_large_image\" \/>\n<meta name=\"twitter:label1\" content=\"Tiempo de lectura\" \/>\n\t<meta name=\"twitter:data1\" content=\"2 minutos\" \/>\n<script type=\"application\/ld+json\" class=\"yoast-schema-graph\">{\"@context\":\"https:\/\/schema.org\",\"@graph\":[{\"@type\":\"WebPage\",\"@id\":\"https:\/\/global-hookah.com\/de\/produkt\/wholesale-custom-ball-shaped-rianbow-herb-grinder\/\",\"url\":\"https:\/\/global-hookah.com\/de\/produkt\/wholesale-custom-ball-shaped-rianbow-herb-grinder\/\",\"name\":\"Wholesale Custom Ball Shaped Rianbow Herb Grinder - Global Hookah\",\"isPartOf\":{\"@id\":\"https:\/\/global-hookah.com\/#website\"},\"primaryImageOfPage\":{\"@id\":\"https:\/\/global-hookah.com\/de\/produkt\/wholesale-custom-ball-shaped-rianbow-herb-grinder\/#primaryimage\"},\"image\":{\"@id\":\"https:\/\/global-hookah.com\/de\/produkt\/wholesale-custom-ball-shaped-rianbow-herb-grinder\/#primaryimage\"},\"thumbnailUrl\":\"https:\/\/global-hookah.com\/wp-content\/uploads\/2024\/06\/516995e74b0bd15ccaac7b37ec95ee6b.jpg\",\"datePublished\":\"2024-06-08T05:54:39+00:00\",\"dateModified\":\"2024-06-08T07:44:48+00:00\",\"breadcrumb\":{\"@id\":\"https:\/\/global-hookah.com\/de\/produkt\/wholesale-custom-ball-shaped-rianbow-herb-grinder\/#breadcrumb\"},\"inLanguage\":\"es\",\"potentialAction\":[{\"@type\":\"ReadAction\",\"target\":[\"https:\/\/global-hookah.com\/de\/produkt\/wholesale-custom-ball-shaped-rianbow-herb-grinder\/\"]}]},{\"@type\":\"ImageObject\",\"inLanguage\":\"es\",\"@id\":\"https:\/\/global-hookah.com\/de\/produkt\/wholesale-custom-ball-shaped-rianbow-herb-grinder\/#primaryimage\",\"url\":\"https:\/\/global-hookah.com\/wp-content\/uploads\/2024\/06\/516995e74b0bd15ccaac7b37ec95ee6b.jpg\",\"contentUrl\":\"https:\/\/global-hookah.com\/wp-content\/uploads\/2024\/06\/516995e74b0bd15ccaac7b37ec95ee6b.jpg\",\"width\":800,\"height\":800,\"caption\":\"Wholesale Custom Ball Shaped Rianbow Herb Grinder\"},{\"@type\":\"BreadcrumbList\",\"@id\":\"https:\/\/global-hookah.com\/de\/produkt\/wholesale-custom-ball-shaped-rianbow-herb-grinder\/#breadcrumb\",\"itemListElement\":[{\"@type\":\"ListItem\",\"position\":1,\"name\":\"Home\",\"item\":\"https:\/\/global-hookah.com\/\"},{\"@type\":\"ListItem\",\"position\":2,\"name\":\"Shop\",\"item\":\"https:\/\/global-hookah.com\/shop\/\"},{\"@type\":\"ListItem\",\"position\":3,\"name\":\"Wholesale Custom Ball Shaped Rianbow Herb Grinder\"}]},{\"@type\":\"WebSite\",\"@id\":\"https:\/\/global-hookah.com\/#website\",\"url\":\"https:\/\/global-hookah.com\/\",\"name\":\"Global Hookah\",\"description\":\"Global Hookah\",\"publisher\":{\"@id\":\"https:\/\/global-hookah.com\/#organization\"},\"potentialAction\":[{\"@type\":\"SearchAction\",\"target\":{\"@type\":\"EntryPoint\",\"urlTemplate\":\"https:\/\/global-hookah.com\/?s={search_term_string}\"},\"query-input\":{\"@type\":\"PropertyValueSpecification\",\"valueRequired\":true,\"valueName\":\"search_term_string\"}}],\"inLanguage\":\"es\"},{\"@type\":\"Organization\",\"@id\":\"https:\/\/global-hookah.com\/#organization\",\"name\":\"Global Hookah\",\"url\":\"https:\/\/global-hookah.com\/\",\"logo\":{\"@type\":\"ImageObject\",\"inLanguage\":\"es\",\"@id\":\"https:\/\/global-hookah.com\/#\/schema\/logo\/image\/\",\"url\":\"https:\/\/global-hookah.com\/wp-content\/uploads\/2021\/10\/cropped-fgg.png\",\"contentUrl\":\"https:\/\/global-hookah.com\/wp-content\/uploads\/2021\/10\/cropped-fgg.png\",\"width\":512,\"height\":512,\"caption\":\"Global Hookah\"},\"image\":{\"@id\":\"https:\/\/global-hookah.com\/#\/schema\/logo\/image\/\"}}]}<\/script>\n<!-- \/ Yoast SEO Premium plugin. -->","yoast_head_json":{"title":"Mayorista Molinillo de Hierbas Rianbow en Forma de Bola Personalizado - Global Hookah","robots":{"index":"index","follow":"follow","max-snippet":"max-snippet:-1","max-image-preview":"max-image-preview:large","max-video-preview":"max-video-preview:-1"},"canonical":"https:\/\/global-hookah.com\/es\/produkt\/wholesale-custom-ball-shaped-rianbow-herb-grinder\/","og_locale":"es_ES","og_type":"article","og_title":"Wholesale Custom Ball Shaped Rianbow Herb Grinder","og_description":"This Ball Shaped Rainbow Herb Grinder has been crafted from aviation-grade aluminum alloy, which implies that it is very tough","og_url":"https:\/\/global-hookah.com\/es\/produkt\/wholesale-custom-ball-shaped-rianbow-herb-grinder\/","og_site_name":"Global Hookah","article_modified_time":"2024-06-08T07:44:48+00:00","og_image":[{"width":800,"height":800,"url":"https:\/\/global-hookah.com\/wp-content\/uploads\/2024\/06\/516995e74b0bd15ccaac7b37ec95ee6b.jpg","type":"image\/jpeg"}],"twitter_card":"summary_large_image","twitter_misc":{"Tiempo de lectura":"2 minutos"},"schema":{"@context":"https:\/\/schema.org","@graph":[{"@type":"WebPage","@id":"https:\/\/global-hookah.com\/de\/produkt\/wholesale-custom-ball-shaped-rianbow-herb-grinder\/","url":"https:\/\/global-hookah.com\/de\/produkt\/wholesale-custom-ball-shaped-rianbow-herb-grinder\/","name":"Mayorista Molinillo de Hierbas Rianbow en Forma de Bola Personalizado - Global Hookah","isPartOf":{"@id":"https:\/\/global-hookah.com\/#website"},"primaryImageOfPage":{"@id":"https:\/\/global-hookah.com\/de\/produkt\/wholesale-custom-ball-shaped-rianbow-herb-grinder\/#primaryimage"},"image":{"@id":"https:\/\/global-hookah.com\/de\/produkt\/wholesale-custom-ball-shaped-rianbow-herb-grinder\/#primaryimage"},"thumbnailUrl":"https:\/\/global-hookah.com\/wp-content\/uploads\/2024\/06\/516995e74b0bd15ccaac7b37ec95ee6b.jpg","datePublished":"2024-06-08T05:54:39+00:00","dateModified":"2024-06-08T07:44:48+00:00","breadcrumb":{"@id":"https:\/\/global-hookah.com\/de\/produkt\/wholesale-custom-ball-shaped-rianbow-herb-grinder\/#breadcrumb"},"inLanguage":"es","potentialAction":[{"@type":"ReadAction","target":["https:\/\/global-hookah.com\/de\/produkt\/wholesale-custom-ball-shaped-rianbow-herb-grinder\/"]}]},{"@type":"ImageObject","inLanguage":"es","@id":"https:\/\/global-hookah.com\/de\/produkt\/wholesale-custom-ball-shaped-rianbow-herb-grinder\/#primaryimage","url":"https:\/\/global-hookah.com\/wp-content\/uploads\/2024\/06\/516995e74b0bd15ccaac7b37ec95ee6b.jpg","contentUrl":"https:\/\/global-hookah.com\/wp-content\/uploads\/2024\/06\/516995e74b0bd15ccaac7b37ec95ee6b.jpg","width":800,"height":800,"caption":"Wholesale Custom Ball Shaped Rianbow Herb Grinder"},{"@type":"BreadcrumbList","@id":"https:\/\/global-hookah.com\/de\/produkt\/wholesale-custom-ball-shaped-rianbow-herb-grinder\/#breadcrumb","itemListElement":[{"@type":"ListItem","position":1,"name":"Home","item":"https:\/\/global-hookah.com\/"},{"@type":"ListItem","position":2,"name":"Shop","item":"https:\/\/global-hookah.com\/shop\/"},{"@type":"ListItem","position":3,"name":"Wholesale Custom Ball Shaped Rianbow Herb Grinder"}]},{"@type":"WebSite","@id":"https:\/\/global-hookah.com\/#website","url":"https:\/\/global-hookah.com\/","name":"Global Hookah","description":"Global Hookah","publisher":{"@id":"https:\/\/global-hookah.com\/#organization"},"potentialAction":[{"@type":"SearchAction","target":{"@type":"EntryPoint","urlTemplate":"https:\/\/global-hookah.com\/?s={search_term_string}"},"query-input":{"@type":"PropertyValueSpecification","valueRequired":true,"valueName":"search_term_string"}}],"inLanguage":"es"},{"@type":"Organization","@id":"https:\/\/global-hookah.com\/#organization","name":"Global Hookah","url":"https:\/\/global-hookah.com\/","logo":{"@type":"ImageObject","inLanguage":"es","@id":"https:\/\/global-hookah.com\/#\/schema\/logo\/image\/","url":"https:\/\/global-hookah.com\/wp-content\/uploads\/2021\/10\/cropped-fgg.png","contentUrl":"https:\/\/global-hookah.com\/wp-content\/uploads\/2021\/10\/cropped-fgg.png","width":512,"height":512,"caption":"Global Hookah"},"image":{"@id":"https:\/\/global-hookah.com\/#\/schema\/logo\/image\/"}}]}},"_links":{"self":[{"href":"https:\/\/global-hookah.com\/es\/wp-json\/wp\/v2\/product\/27778","targetHints":{"allow":["GET"]}}],"collection":[{"href":"https:\/\/global-hookah.com\/es\/wp-json\/wp\/v2\/product"}],"about":[{"href":"https:\/\/global-hookah.com\/es\/wp-json\/wp\/v2\/types\/product"}],"replies":[{"embeddable":true,"href":"https:\/\/global-hookah.com\/es\/wp-json\/wp\/v2\/comments?post=27778"}],"version-history":[{"count":0,"href":"https:\/\/global-hookah.com\/es\/wp-json\/wp\/v2\/product\/27778\/revisions"}],"wp:featuredmedia":[{"embeddable":true,"href":"https:\/\/global-hookah.com\/es\/wp-json\/wp\/v2\/media\/27777"}],"wp:attachment":[{"href":"https:\/\/global-hookah.com\/es\/wp-json\/wp\/v2\/media?parent=27778"}],"wp:term":[{"taxonomy":"product_brand","embeddable":true,"href":"https:\/\/global-hookah.com\/es\/wp-json\/wp\/v2\/product_brand?post=27778"},{"taxonomy":"product_cat","embeddable":true,"href":"https:\/\/global-hookah.com\/es\/wp-json\/wp\/v2\/product_cat?post=27778"},{"taxonomy":"product_tag","embeddable":true,"href":"https:\/\/global-hookah.com\/es\/wp-json\/wp\/v2\/product_tag?post=27778"}],"curies":[{"name":"wp","href":"https:\/\/api.w.org\/{rel}","templated":true}]}}