{"id":27786,"date":"2024-06-08T05:55:10","date_gmt":"2024-06-08T05:55:10","guid":{"rendered":"https:\/\/global-hookah.com\/product\/1pc-creative-pattern-60mm-4-layer-square-grinder-spice-grinder-grinding-machine-herb-grinder-spice-crusher-kitchen-supplies-household-gadget-christmas-gifts-christmas-supplies-christmas-part\/"},"modified":"2024-06-26T07:56:56","modified_gmt":"2024-06-26T07:56:56","slug":"wholesale-custom-4-layer-anime-square-weed-grinder","status":"publish","type":"product","link":"https:\/\/global-hookah.com\/es\/producto\/wholesale-custom-4-layer-anime-square-weed-grinder\/","title":{"rendered":"Mayorista Molinillo de Hierba Cuadrado Anime Personalizado de 4 Capas"},"content":{"rendered":"<div>\n<p>Utilizando aleaciones met\u00e1licas de primera calidad, este <strong>Hierba cuadrada Grinde<\/strong>r est\u00e1 construido para tener el peso adecuado, d\u00e1ndole una gran sensaci\u00f3n y textura mientras muele. Esto no es s\u00f3lo una cuesti\u00f3n de peso, sino tambi\u00e9n la clave para su proceso de molienda, a trav\u00e9s del cual usted puede tener una excelente sensaci\u00f3n al tacto, imanes potentes incrustados garantizar una alineaci\u00f3n perfecta entre las capas, incluso con repetidas desmontaje y montaje.<\/p>\n<p>Este tipo de <strong>Molinillo de Hierba Cuadrado Anime<\/strong> reducir\u00e1 f\u00e1cilmente cualquier flor de marihuana seca a polvo en muy poco tiempo. Invirtiendo este <strong>Molinillo de Hierba Cuadrado Anime<\/strong> y gir\u00e1ndolo unas cuantas veces m\u00e1s obtendr\u00e1 una molienda a\u00fan m\u00e1s fina; estos delicados materiales molidos son f\u00e1cilmente recogidos por la capa de filtro de malla incorporada en el interior de la c\u00e1mara de almacenamiento inferior.<\/p>\n<p>Almacena convenientemente los cristales de cannabis vitales que se pueden utilizar para otros fines m\u00e1s adelante, mientras que al mismo tiempo los captura eficazmente dentro de su propio compartimento de recogida de kief. Con tal concentraci\u00f3n en el \u00e1rea m\u00e1s peque\u00f1a por el compartimiento de la colecci\u00f3n del kief, usted puede sacar f\u00e1cilmente la cantidad de cannabis que usted necesita<\/p>\n<p>Sin embargo, si desea que su <a href=\"https:\/\/global-hookah.com\/product-category\/wholesale-grinders\/\"><strong>molinillo m\u00e1s personalizado<\/strong> <\/a>entonces p\u00f3ngase en contacto con nosotros por correo electr\u00f3nico para que podamos hacer este <strong>picadora de hierba cuadrada anime de 4 capas<\/strong> para ti o para otra persona en diferentes colores.<\/p>\n<p><img decoding=\"async\" src=\"https:\/\/img.kwcdn.com\/product\/Fancyalgo\/VirtualModelMatting\/1990cb32fe8ec0d4bec825ad95085dd5.jpg\" \/><\/div>\n<div><img decoding=\"async\" src=\"https:\/\/img.kwcdn.com\/product\/Fancyalgo\/VirtualModelMatting\/0a654c8affd2af27a098260353c2aab5.jpg\" \/><\/div>\n<div><img decoding=\"async\" src=\"https:\/\/img.kwcdn.com\/product\/Fancyalgo\/VirtualModelMatting\/79bb015e14239d579e15c20b6a9adab7.jpg\" \/><\/div>\n<div><img decoding=\"async\" src=\"https:\/\/img.kwcdn.com\/product\/Fancyalgo\/VirtualModelMatting\/03c54c69451781d046ea9ec1e2abd955.jpg\" \/><\/div>\n<div><img decoding=\"async\" src=\"https:\/\/img.kwcdn.com\/product\/Fancyalgo\/VirtualModelMatting\/6c091850c11cca34a1be4a7527a5a5cf.jpg\" \/><\/div>\n<div><img decoding=\"async\" src=\"https:\/\/img.kwcdn.com\/product\/Fancyalgo\/VirtualModelMatting\/1b415439606220bc0e946b23fa273425.jpg\" \/><\/div>","protected":false},"excerpt":{"rendered":"<p>Utilizando aleaciones met\u00e1licas de primera calidad, este molinillo de hierba cuadrado est\u00e1 construido para tener el peso adecuado, d\u00e1ndole un gran tacto<\/p>","protected":false},"featured_media":27785,"comment_status":"open","ping_status":"closed","template":"","meta":{"iawp_total_views":1,"_joinchat":[]},"product_brand":[],"product_cat":[894,770],"product_tag":[],"class_list":{"0":"post-27786","1":"product","2":"type-product","3":"status-publish","4":"has-post-thumbnail","6":"product_cat-4-piece-grinder-wholesale","7":"product_cat-wholesale-grinder","9":"first","10":"instock","11":"shipping-taxable","12":"product-type-external"},"yoast_head":"<!-- This site is optimized with the Yoast SEO Premium plugin v24.7 (Yoast SEO v26.8) - https:\/\/yoast.com\/product\/yoast-seo-premium-wordpress\/ -->\n<title>Wholesale Custom 4-layer Anime Square Weed Grinder - Global Hookah<\/title>\n<meta name=\"robots\" content=\"index, follow, max-snippet:-1, max-image-preview:large, max-video-preview:-1\" \/>\n<link rel=\"canonical\" href=\"https:\/\/global-hookah.com\/es\/producto\/wholesale-custom-4-layer-anime-square-weed-grinder\/\" \/>\n<meta property=\"og:locale\" content=\"es_ES\" \/>\n<meta property=\"og:type\" content=\"article\" \/>\n<meta property=\"og:title\" content=\"Wholesale Custom 4-layer Anime Square Weed Grinder\" \/>\n<meta property=\"og:description\" content=\"Using first-class metallic alloys, this Square Weed Grinder is constructed to have the right heft, giving you a great feel\" \/>\n<meta property=\"og:url\" content=\"https:\/\/global-hookah.com\/es\/producto\/wholesale-custom-4-layer-anime-square-weed-grinder\/\" \/>\n<meta property=\"og:site_name\" content=\"Global Hookah\" \/>\n<meta property=\"article:modified_time\" content=\"2024-06-26T07:56:56+00:00\" \/>\n<meta property=\"og:image\" content=\"https:\/\/global-hookah.com\/wp-content\/uploads\/2024\/06\/1990cb32fe8ec0d4bec825ad95085dd5.jpg\" \/>\n\t<meta property=\"og:image:width\" content=\"1600\" \/>\n\t<meta property=\"og:image:height\" content=\"1600\" \/>\n\t<meta property=\"og:image:type\" content=\"image\/jpeg\" \/>\n<meta name=\"twitter:card\" content=\"summary_large_image\" \/>\n<meta name=\"twitter:label1\" content=\"Tiempo de lectura\" \/>\n\t<meta name=\"twitter:data1\" content=\"3 minutos\" \/>\n<script type=\"application\/ld+json\" class=\"yoast-schema-graph\">{\"@context\":\"https:\/\/schema.org\",\"@graph\":[{\"@type\":\"WebPage\",\"@id\":\"https:\/\/global-hookah.com\/product\/wholesale-custom-4-layer-anime-square-weed-grinder\/\",\"url\":\"https:\/\/global-hookah.com\/product\/wholesale-custom-4-layer-anime-square-weed-grinder\/\",\"name\":\"Wholesale Custom 4-layer Anime Square Weed Grinder - Global Hookah\",\"isPartOf\":{\"@id\":\"https:\/\/global-hookah.com\/#website\"},\"primaryImageOfPage\":{\"@id\":\"https:\/\/global-hookah.com\/product\/wholesale-custom-4-layer-anime-square-weed-grinder\/#primaryimage\"},\"image\":{\"@id\":\"https:\/\/global-hookah.com\/product\/wholesale-custom-4-layer-anime-square-weed-grinder\/#primaryimage\"},\"thumbnailUrl\":\"https:\/\/global-hookah.com\/wp-content\/uploads\/2024\/06\/1990cb32fe8ec0d4bec825ad95085dd5.jpg\",\"datePublished\":\"2024-06-08T05:55:10+00:00\",\"dateModified\":\"2024-06-26T07:56:56+00:00\",\"breadcrumb\":{\"@id\":\"https:\/\/global-hookah.com\/product\/wholesale-custom-4-layer-anime-square-weed-grinder\/#breadcrumb\"},\"inLanguage\":\"es\",\"potentialAction\":[{\"@type\":\"ReadAction\",\"target\":[\"https:\/\/global-hookah.com\/product\/wholesale-custom-4-layer-anime-square-weed-grinder\/\"]}]},{\"@type\":\"ImageObject\",\"inLanguage\":\"es\",\"@id\":\"https:\/\/global-hookah.com\/product\/wholesale-custom-4-layer-anime-square-weed-grinder\/#primaryimage\",\"url\":\"https:\/\/global-hookah.com\/wp-content\/uploads\/2024\/06\/1990cb32fe8ec0d4bec825ad95085dd5.jpg\",\"contentUrl\":\"https:\/\/global-hookah.com\/wp-content\/uploads\/2024\/06\/1990cb32fe8ec0d4bec825ad95085dd5.jpg\",\"width\":1600,\"height\":1600,\"caption\":\"Wholesale Custom 4-layer Anime Square Weed Grinder\"},{\"@type\":\"BreadcrumbList\",\"@id\":\"https:\/\/global-hookah.com\/product\/wholesale-custom-4-layer-anime-square-weed-grinder\/#breadcrumb\",\"itemListElement\":[{\"@type\":\"ListItem\",\"position\":1,\"name\":\"Home\",\"item\":\"https:\/\/global-hookah.com\/\"},{\"@type\":\"ListItem\",\"position\":2,\"name\":\"Shop\",\"item\":\"https:\/\/global-hookah.com\/shop\/\"},{\"@type\":\"ListItem\",\"position\":3,\"name\":\"Wholesale Custom 4-layer Anime Square Weed Grinder\"}]},{\"@type\":\"WebSite\",\"@id\":\"https:\/\/global-hookah.com\/#website\",\"url\":\"https:\/\/global-hookah.com\/\",\"name\":\"Global Hookah\",\"description\":\"Global Hookah\",\"publisher\":{\"@id\":\"https:\/\/global-hookah.com\/#organization\"},\"potentialAction\":[{\"@type\":\"SearchAction\",\"target\":{\"@type\":\"EntryPoint\",\"urlTemplate\":\"https:\/\/global-hookah.com\/?s={search_term_string}\"},\"query-input\":{\"@type\":\"PropertyValueSpecification\",\"valueRequired\":true,\"valueName\":\"search_term_string\"}}],\"inLanguage\":\"es\"},{\"@type\":\"Organization\",\"@id\":\"https:\/\/global-hookah.com\/#organization\",\"name\":\"Global Hookah\",\"url\":\"https:\/\/global-hookah.com\/\",\"logo\":{\"@type\":\"ImageObject\",\"inLanguage\":\"es\",\"@id\":\"https:\/\/global-hookah.com\/#\/schema\/logo\/image\/\",\"url\":\"https:\/\/global-hookah.com\/wp-content\/uploads\/2021\/10\/cropped-fgg.png\",\"contentUrl\":\"https:\/\/global-hookah.com\/wp-content\/uploads\/2021\/10\/cropped-fgg.png\",\"width\":512,\"height\":512,\"caption\":\"Global Hookah\"},\"image\":{\"@id\":\"https:\/\/global-hookah.com\/#\/schema\/logo\/image\/\"}}]}<\/script>\n<!-- \/ Yoast SEO Premium plugin. -->","yoast_head_json":{"title":"Mayorista Grinder cuadrado anime 4 capas - Global Hookah","robots":{"index":"index","follow":"follow","max-snippet":"max-snippet:-1","max-image-preview":"max-image-preview:large","max-video-preview":"max-video-preview:-1"},"canonical":"https:\/\/global-hookah.com\/es\/producto\/wholesale-custom-4-layer-anime-square-weed-grinder\/","og_locale":"es_ES","og_type":"article","og_title":"Wholesale Custom 4-layer Anime Square Weed Grinder","og_description":"Using first-class metallic alloys, this Square Weed Grinder is constructed to have the right heft, giving you a great feel","og_url":"https:\/\/global-hookah.com\/es\/producto\/wholesale-custom-4-layer-anime-square-weed-grinder\/","og_site_name":"Global Hookah","article_modified_time":"2024-06-26T07:56:56+00:00","og_image":[{"width":1600,"height":1600,"url":"https:\/\/global-hookah.com\/wp-content\/uploads\/2024\/06\/1990cb32fe8ec0d4bec825ad95085dd5.jpg","type":"image\/jpeg"}],"twitter_card":"summary_large_image","twitter_misc":{"Tiempo de lectura":"3 minutos"},"schema":{"@context":"https:\/\/schema.org","@graph":[{"@type":"WebPage","@id":"https:\/\/global-hookah.com\/product\/wholesale-custom-4-layer-anime-square-weed-grinder\/","url":"https:\/\/global-hookah.com\/product\/wholesale-custom-4-layer-anime-square-weed-grinder\/","name":"Mayorista Grinder cuadrado anime 4 capas - Global Hookah","isPartOf":{"@id":"https:\/\/global-hookah.com\/#website"},"primaryImageOfPage":{"@id":"https:\/\/global-hookah.com\/product\/wholesale-custom-4-layer-anime-square-weed-grinder\/#primaryimage"},"image":{"@id":"https:\/\/global-hookah.com\/product\/wholesale-custom-4-layer-anime-square-weed-grinder\/#primaryimage"},"thumbnailUrl":"https:\/\/global-hookah.com\/wp-content\/uploads\/2024\/06\/1990cb32fe8ec0d4bec825ad95085dd5.jpg","datePublished":"2024-06-08T05:55:10+00:00","dateModified":"2024-06-26T07:56:56+00:00","breadcrumb":{"@id":"https:\/\/global-hookah.com\/product\/wholesale-custom-4-layer-anime-square-weed-grinder\/#breadcrumb"},"inLanguage":"es","potentialAction":[{"@type":"ReadAction","target":["https:\/\/global-hookah.com\/product\/wholesale-custom-4-layer-anime-square-weed-grinder\/"]}]},{"@type":"ImageObject","inLanguage":"es","@id":"https:\/\/global-hookah.com\/product\/wholesale-custom-4-layer-anime-square-weed-grinder\/#primaryimage","url":"https:\/\/global-hookah.com\/wp-content\/uploads\/2024\/06\/1990cb32fe8ec0d4bec825ad95085dd5.jpg","contentUrl":"https:\/\/global-hookah.com\/wp-content\/uploads\/2024\/06\/1990cb32fe8ec0d4bec825ad95085dd5.jpg","width":1600,"height":1600,"caption":"Wholesale Custom 4-layer Anime Square Weed Grinder"},{"@type":"BreadcrumbList","@id":"https:\/\/global-hookah.com\/product\/wholesale-custom-4-layer-anime-square-weed-grinder\/#breadcrumb","itemListElement":[{"@type":"ListItem","position":1,"name":"Home","item":"https:\/\/global-hookah.com\/"},{"@type":"ListItem","position":2,"name":"Shop","item":"https:\/\/global-hookah.com\/shop\/"},{"@type":"ListItem","position":3,"name":"Wholesale Custom 4-layer Anime Square Weed Grinder"}]},{"@type":"WebSite","@id":"https:\/\/global-hookah.com\/#website","url":"https:\/\/global-hookah.com\/","name":"Global Hookah","description":"Global Hookah","publisher":{"@id":"https:\/\/global-hookah.com\/#organization"},"potentialAction":[{"@type":"SearchAction","target":{"@type":"EntryPoint","urlTemplate":"https:\/\/global-hookah.com\/?s={search_term_string}"},"query-input":{"@type":"PropertyValueSpecification","valueRequired":true,"valueName":"search_term_string"}}],"inLanguage":"es"},{"@type":"Organization","@id":"https:\/\/global-hookah.com\/#organization","name":"Global Hookah","url":"https:\/\/global-hookah.com\/","logo":{"@type":"ImageObject","inLanguage":"es","@id":"https:\/\/global-hookah.com\/#\/schema\/logo\/image\/","url":"https:\/\/global-hookah.com\/wp-content\/uploads\/2021\/10\/cropped-fgg.png","contentUrl":"https:\/\/global-hookah.com\/wp-content\/uploads\/2021\/10\/cropped-fgg.png","width":512,"height":512,"caption":"Global Hookah"},"image":{"@id":"https:\/\/global-hookah.com\/#\/schema\/logo\/image\/"}}]}},"_links":{"self":[{"href":"https:\/\/global-hookah.com\/es\/wp-json\/wp\/v2\/product\/27786","targetHints":{"allow":["GET"]}}],"collection":[{"href":"https:\/\/global-hookah.com\/es\/wp-json\/wp\/v2\/product"}],"about":[{"href":"https:\/\/global-hookah.com\/es\/wp-json\/wp\/v2\/types\/product"}],"replies":[{"embeddable":true,"href":"https:\/\/global-hookah.com\/es\/wp-json\/wp\/v2\/comments?post=27786"}],"version-history":[{"count":0,"href":"https:\/\/global-hookah.com\/es\/wp-json\/wp\/v2\/product\/27786\/revisions"}],"wp:featuredmedia":[{"embeddable":true,"href":"https:\/\/global-hookah.com\/es\/wp-json\/wp\/v2\/media\/27785"}],"wp:attachment":[{"href":"https:\/\/global-hookah.com\/es\/wp-json\/wp\/v2\/media?parent=27786"}],"wp:term":[{"taxonomy":"product_brand","embeddable":true,"href":"https:\/\/global-hookah.com\/es\/wp-json\/wp\/v2\/product_brand?post=27786"},{"taxonomy":"product_cat","embeddable":true,"href":"https:\/\/global-hookah.com\/es\/wp-json\/wp\/v2\/product_cat?post=27786"},{"taxonomy":"product_tag","embeddable":true,"href":"https:\/\/global-hookah.com\/es\/wp-json\/wp\/v2\/product_tag?post=27786"}],"curies":[{"name":"wp","href":"https:\/\/api.w.org\/{rel}","templated":true}]}}