{"id":27818,"date":"2024-06-08T05:57:01","date_gmt":"2024-06-08T05:57:01","guid":{"rendered":"https:\/\/global-hookah.com\/?post_type=product&#038;p=27818"},"modified":"2024-06-26T07:19:08","modified_gmt":"2024-06-26T07:19:08","slug":"4-layer-customizable-girly-weed-grinder-wholesale","status":"publish","type":"product","link":"https:\/\/global-hookah.com\/es\/producto\/4-layer-customizable-girly-weed-grinder-wholesale\/","title":{"rendered":"Molinillo de Hierba Girly de 4 Capas Personalizable al por Mayor"},"content":{"rendered":"<div>\n<p>Este <strong>Girly Weed Grinder de 4 capas personalizable<\/strong> tiene un rendimiento de molienda de nivel profesional, pero no es s\u00f3lo eso, lo que la hace tan popular entre las mujeres es su est\u00e9tica de dise\u00f1o femenino \u00fanico, muy adecuado para las mujeres a las que les gusta la personalizaci\u00f3n.<\/p>\n<p>Adem\u00e1s de su bello aspecto, este <strong>bonito molinillo de hierba femenino<\/strong> tambi\u00e9n puede ayudarnos a moler eficazmente las flores de cannabis para convertirlas en polvo. Esta molienda exhaustiva expone de forma \u00f3ptima los cannabinoides (como el THC) y los terpenos (como el mirceno), mejorando as\u00ed nuestra utilizaci\u00f3n del cannabis y proporcionando al mismo tiempo una combusti\u00f3n uniforme y suave.<\/p>\n<p>Adem\u00e1s de su excelente capacidad de trituraci\u00f3n, esta <strong>bonito molinillo de hierba femenino<\/strong> tiene una construcci\u00f3n especial de cuatro capas que incluye un compartimento de recogida de polen solamente. Los preciosos tricomas resinosos se pueden recoger con un simple giro, proporcion\u00e1ndote as\u00ed ingredientes de primera calidad para tus comestibles con infusi\u00f3n de cannabis. Si quieres disfrutar de los sabores \u00fanicos de estos extractos o utilizarlos en tus obras maestras culinarias, entonces este <strong>girly <\/strong><a href=\"https:\/\/global-hookah.com\/product-category\/wholesale-grinders\/portable-weed-grinder-wholesale\/\">molinillo de hierbas<\/a> es ideal para las personas que aprecian la marihuana.<\/p>\n<p><img decoding=\"async\" src=\"https:\/\/img.kwcdn.com\/product\/open\/2023-12-16\/1702716088869-f29384c659944b38aca40392843e3662-goods.jpeg\" \/><\/p>\n<\/div>\n<div><img decoding=\"async\" src=\"https:\/\/img.kwcdn.com\/product\/open\/2023-12-16\/1702716095327-0c6289949ef94722bed2735bb30f2316-goods.jpeg\" \/><\/div>\n<div><img decoding=\"async\" src=\"https:\/\/img.kwcdn.com\/product\/open\/2023-12-16\/1702716094338-fe796b9e3fd44327b80c47f3443c0554-goods.jpeg\" \/><\/div>\n<div><img decoding=\"async\" src=\"https:\/\/img.kwcdn.com\/product\/open\/2023-12-16\/1702716089356-8f1a2f8675a4482191c0fec352e0f97c-goods.jpeg\" \/><\/div>\n<div><img decoding=\"async\" src=\"https:\/\/img.kwcdn.com\/product\/open\/2023-12-16\/1702716092438-3309c2d18b3f435b831e2f3f4a7b8c6d-goods.jpeg\" \/><\/div>\n<div><img decoding=\"async\" src=\"https:\/\/img.kwcdn.com\/product\/open\/2023-12-16\/1702716090574-b3d1567eb78b441c97eb5a01c28e9e7f-goods.jpeg\" \/><\/div>\n<div><img decoding=\"async\" src=\"https:\/\/img.kwcdn.com\/product\/open\/2023-12-16\/1702716092898-169f5bf9a35f47c69d072dd73c797e55-goods.jpeg\" \/><\/div>\n<div><img decoding=\"async\" src=\"https:\/\/img.kwcdn.com\/product\/open\/2023-12-16\/1702716096206-92daf4feed6a4a71835941bd7e6ad5e0-goods.jpeg\" \/><\/div>\n<div><img decoding=\"async\" src=\"https:\/\/img.kwcdn.com\/product\/open\/2023-12-16\/1702716094834-c9c2c44b6f3d46c58c22bad1e0c86751-goods.jpeg\" \/><\/div>","protected":false},"excerpt":{"rendered":"<p>Este Girly Weed Grinder de 4 capas personalizable tiene un rendimiento de molienda de grado profesional, pero no es s\u00f3lo eso, lo que lo hace tan<\/p>","protected":false},"featured_media":27930,"comment_status":"open","ping_status":"closed","template":"","meta":{"iawp_total_views":4,"_joinchat":[]},"product_brand":[],"product_cat":[894,770],"product_tag":[],"class_list":{"0":"post-27818","1":"product","2":"type-product","3":"status-publish","4":"has-post-thumbnail","6":"product_cat-4-piece-grinder-wholesale","7":"product_cat-wholesale-grinder","9":"first","10":"instock","11":"shipping-taxable","12":"product-type-external"},"yoast_head":"<!-- This site is optimized with the Yoast SEO Premium plugin v24.7 (Yoast SEO v26.8) - https:\/\/yoast.com\/product\/yoast-seo-premium-wordpress\/ -->\n<title>4-Layer Customizable Girly Weed Grinder Wholesale - Global Hookah<\/title>\n<meta name=\"robots\" content=\"index, follow, max-snippet:-1, max-image-preview:large, max-video-preview:-1\" \/>\n<link rel=\"canonical\" href=\"https:\/\/global-hookah.com\/es\/producto\/4-layer-customizable-girly-weed-grinder-wholesale\/\" \/>\n<meta property=\"og:locale\" content=\"es_ES\" \/>\n<meta property=\"og:type\" content=\"article\" \/>\n<meta property=\"og:title\" content=\"4-Layer Customizable Girly Weed Grinder Wholesale\" \/>\n<meta property=\"og:description\" content=\"This 4-layer Customizable Girly Weed Grinder has professional-grade grinding performance, but it is not only that, what makes it so\" \/>\n<meta property=\"og:url\" content=\"https:\/\/global-hookah.com\/es\/producto\/4-layer-customizable-girly-weed-grinder-wholesale\/\" \/>\n<meta property=\"og:site_name\" content=\"Global Hookah\" \/>\n<meta property=\"article:modified_time\" content=\"2024-06-26T07:19:08+00:00\" \/>\n<meta property=\"og:image\" content=\"https:\/\/global-hookah.com\/wp-content\/uploads\/2024\/06\/1702716088869-f29384c659944b38aca40392843e3662-goods.jpeg\" \/>\n\t<meta property=\"og:image:width\" content=\"800\" \/>\n\t<meta property=\"og:image:height\" content=\"800\" \/>\n\t<meta property=\"og:image:type\" content=\"image\/jpeg\" \/>\n<meta name=\"twitter:card\" content=\"summary_large_image\" \/>\n<meta name=\"twitter:label1\" content=\"Tiempo de lectura\" \/>\n\t<meta name=\"twitter:data1\" content=\"3 minutos\" \/>\n<script type=\"application\/ld+json\" class=\"yoast-schema-graph\">{\"@context\":\"https:\/\/schema.org\",\"@graph\":[{\"@type\":\"WebPage\",\"@id\":\"https:\/\/global-hookah.com\/product\/4-layer-customizable-girly-weed-grinder-wholesale\/\",\"url\":\"https:\/\/global-hookah.com\/product\/4-layer-customizable-girly-weed-grinder-wholesale\/\",\"name\":\"4-Layer Customizable Girly Weed Grinder Wholesale - Global Hookah\",\"isPartOf\":{\"@id\":\"https:\/\/global-hookah.com\/#website\"},\"primaryImageOfPage\":{\"@id\":\"https:\/\/global-hookah.com\/product\/4-layer-customizable-girly-weed-grinder-wholesale\/#primaryimage\"},\"image\":{\"@id\":\"https:\/\/global-hookah.com\/product\/4-layer-customizable-girly-weed-grinder-wholesale\/#primaryimage\"},\"thumbnailUrl\":\"https:\/\/global-hookah.com\/wp-content\/uploads\/2024\/06\/1702716088869-f29384c659944b38aca40392843e3662-goods.jpeg\",\"datePublished\":\"2024-06-08T05:57:01+00:00\",\"dateModified\":\"2024-06-26T07:19:08+00:00\",\"breadcrumb\":{\"@id\":\"https:\/\/global-hookah.com\/product\/4-layer-customizable-girly-weed-grinder-wholesale\/#breadcrumb\"},\"inLanguage\":\"es\",\"potentialAction\":[{\"@type\":\"ReadAction\",\"target\":[\"https:\/\/global-hookah.com\/product\/4-layer-customizable-girly-weed-grinder-wholesale\/\"]}]},{\"@type\":\"ImageObject\",\"inLanguage\":\"es\",\"@id\":\"https:\/\/global-hookah.com\/product\/4-layer-customizable-girly-weed-grinder-wholesale\/#primaryimage\",\"url\":\"https:\/\/global-hookah.com\/wp-content\/uploads\/2024\/06\/1702716088869-f29384c659944b38aca40392843e3662-goods.jpeg\",\"contentUrl\":\"https:\/\/global-hookah.com\/wp-content\/uploads\/2024\/06\/1702716088869-f29384c659944b38aca40392843e3662-goods.jpeg\",\"width\":800,\"height\":800,\"caption\":\"4-Layer Customizable Girly Weed Grinder Wholesale\"},{\"@type\":\"BreadcrumbList\",\"@id\":\"https:\/\/global-hookah.com\/product\/4-layer-customizable-girly-weed-grinder-wholesale\/#breadcrumb\",\"itemListElement\":[{\"@type\":\"ListItem\",\"position\":1,\"name\":\"Home\",\"item\":\"https:\/\/global-hookah.com\/\"},{\"@type\":\"ListItem\",\"position\":2,\"name\":\"Shop\",\"item\":\"https:\/\/global-hookah.com\/shop\/\"},{\"@type\":\"ListItem\",\"position\":3,\"name\":\"4-Layer Customizable Girly Weed Grinder Wholesale\"}]},{\"@type\":\"WebSite\",\"@id\":\"https:\/\/global-hookah.com\/#website\",\"url\":\"https:\/\/global-hookah.com\/\",\"name\":\"Global Hookah\",\"description\":\"Global Hookah\",\"publisher\":{\"@id\":\"https:\/\/global-hookah.com\/#organization\"},\"potentialAction\":[{\"@type\":\"SearchAction\",\"target\":{\"@type\":\"EntryPoint\",\"urlTemplate\":\"https:\/\/global-hookah.com\/?s={search_term_string}\"},\"query-input\":{\"@type\":\"PropertyValueSpecification\",\"valueRequired\":true,\"valueName\":\"search_term_string\"}}],\"inLanguage\":\"es\"},{\"@type\":\"Organization\",\"@id\":\"https:\/\/global-hookah.com\/#organization\",\"name\":\"Global Hookah\",\"url\":\"https:\/\/global-hookah.com\/\",\"logo\":{\"@type\":\"ImageObject\",\"inLanguage\":\"es\",\"@id\":\"https:\/\/global-hookah.com\/#\/schema\/logo\/image\/\",\"url\":\"https:\/\/global-hookah.com\/wp-content\/uploads\/2021\/10\/cropped-fgg.png\",\"contentUrl\":\"https:\/\/global-hookah.com\/wp-content\/uploads\/2021\/10\/cropped-fgg.png\",\"width\":512,\"height\":512,\"caption\":\"Global Hookah\"},\"image\":{\"@id\":\"https:\/\/global-hookah.com\/#\/schema\/logo\/image\/\"}}]}<\/script>\n<!-- \/ Yoast SEO Premium plugin. -->","yoast_head_json":{"title":"Grinder de hierba Girly de 4 capas personalizable al por mayor - Global Hookah","robots":{"index":"index","follow":"follow","max-snippet":"max-snippet:-1","max-image-preview":"max-image-preview:large","max-video-preview":"max-video-preview:-1"},"canonical":"https:\/\/global-hookah.com\/es\/producto\/4-layer-customizable-girly-weed-grinder-wholesale\/","og_locale":"es_ES","og_type":"article","og_title":"4-Layer Customizable Girly Weed Grinder Wholesale","og_description":"This 4-layer Customizable Girly Weed Grinder has professional-grade grinding performance, but it is not only that, what makes it so","og_url":"https:\/\/global-hookah.com\/es\/producto\/4-layer-customizable-girly-weed-grinder-wholesale\/","og_site_name":"Global Hookah","article_modified_time":"2024-06-26T07:19:08+00:00","og_image":[{"width":800,"height":800,"url":"https:\/\/global-hookah.com\/wp-content\/uploads\/2024\/06\/1702716088869-f29384c659944b38aca40392843e3662-goods.jpeg","type":"image\/jpeg"}],"twitter_card":"summary_large_image","twitter_misc":{"Tiempo de lectura":"3 minutos"},"schema":{"@context":"https:\/\/schema.org","@graph":[{"@type":"WebPage","@id":"https:\/\/global-hookah.com\/product\/4-layer-customizable-girly-weed-grinder-wholesale\/","url":"https:\/\/global-hookah.com\/product\/4-layer-customizable-girly-weed-grinder-wholesale\/","name":"Grinder de hierba Girly de 4 capas personalizable al por mayor - Global Hookah","isPartOf":{"@id":"https:\/\/global-hookah.com\/#website"},"primaryImageOfPage":{"@id":"https:\/\/global-hookah.com\/product\/4-layer-customizable-girly-weed-grinder-wholesale\/#primaryimage"},"image":{"@id":"https:\/\/global-hookah.com\/product\/4-layer-customizable-girly-weed-grinder-wholesale\/#primaryimage"},"thumbnailUrl":"https:\/\/global-hookah.com\/wp-content\/uploads\/2024\/06\/1702716088869-f29384c659944b38aca40392843e3662-goods.jpeg","datePublished":"2024-06-08T05:57:01+00:00","dateModified":"2024-06-26T07:19:08+00:00","breadcrumb":{"@id":"https:\/\/global-hookah.com\/product\/4-layer-customizable-girly-weed-grinder-wholesale\/#breadcrumb"},"inLanguage":"es","potentialAction":[{"@type":"ReadAction","target":["https:\/\/global-hookah.com\/product\/4-layer-customizable-girly-weed-grinder-wholesale\/"]}]},{"@type":"ImageObject","inLanguage":"es","@id":"https:\/\/global-hookah.com\/product\/4-layer-customizable-girly-weed-grinder-wholesale\/#primaryimage","url":"https:\/\/global-hookah.com\/wp-content\/uploads\/2024\/06\/1702716088869-f29384c659944b38aca40392843e3662-goods.jpeg","contentUrl":"https:\/\/global-hookah.com\/wp-content\/uploads\/2024\/06\/1702716088869-f29384c659944b38aca40392843e3662-goods.jpeg","width":800,"height":800,"caption":"4-Layer Customizable Girly Weed Grinder Wholesale"},{"@type":"BreadcrumbList","@id":"https:\/\/global-hookah.com\/product\/4-layer-customizable-girly-weed-grinder-wholesale\/#breadcrumb","itemListElement":[{"@type":"ListItem","position":1,"name":"Home","item":"https:\/\/global-hookah.com\/"},{"@type":"ListItem","position":2,"name":"Shop","item":"https:\/\/global-hookah.com\/shop\/"},{"@type":"ListItem","position":3,"name":"4-Layer Customizable Girly Weed Grinder Wholesale"}]},{"@type":"WebSite","@id":"https:\/\/global-hookah.com\/#website","url":"https:\/\/global-hookah.com\/","name":"Global Hookah","description":"Global Hookah","publisher":{"@id":"https:\/\/global-hookah.com\/#organization"},"potentialAction":[{"@type":"SearchAction","target":{"@type":"EntryPoint","urlTemplate":"https:\/\/global-hookah.com\/?s={search_term_string}"},"query-input":{"@type":"PropertyValueSpecification","valueRequired":true,"valueName":"search_term_string"}}],"inLanguage":"es"},{"@type":"Organization","@id":"https:\/\/global-hookah.com\/#organization","name":"Global Hookah","url":"https:\/\/global-hookah.com\/","logo":{"@type":"ImageObject","inLanguage":"es","@id":"https:\/\/global-hookah.com\/#\/schema\/logo\/image\/","url":"https:\/\/global-hookah.com\/wp-content\/uploads\/2021\/10\/cropped-fgg.png","contentUrl":"https:\/\/global-hookah.com\/wp-content\/uploads\/2021\/10\/cropped-fgg.png","width":512,"height":512,"caption":"Global Hookah"},"image":{"@id":"https:\/\/global-hookah.com\/#\/schema\/logo\/image\/"}}]}},"_links":{"self":[{"href":"https:\/\/global-hookah.com\/es\/wp-json\/wp\/v2\/product\/27818","targetHints":{"allow":["GET"]}}],"collection":[{"href":"https:\/\/global-hookah.com\/es\/wp-json\/wp\/v2\/product"}],"about":[{"href":"https:\/\/global-hookah.com\/es\/wp-json\/wp\/v2\/types\/product"}],"replies":[{"embeddable":true,"href":"https:\/\/global-hookah.com\/es\/wp-json\/wp\/v2\/comments?post=27818"}],"version-history":[{"count":0,"href":"https:\/\/global-hookah.com\/es\/wp-json\/wp\/v2\/product\/27818\/revisions"}],"wp:featuredmedia":[{"embeddable":true,"href":"https:\/\/global-hookah.com\/es\/wp-json\/wp\/v2\/media\/27930"}],"wp:attachment":[{"href":"https:\/\/global-hookah.com\/es\/wp-json\/wp\/v2\/media?parent=27818"}],"wp:term":[{"taxonomy":"product_brand","embeddable":true,"href":"https:\/\/global-hookah.com\/es\/wp-json\/wp\/v2\/product_brand?post=27818"},{"taxonomy":"product_cat","embeddable":true,"href":"https:\/\/global-hookah.com\/es\/wp-json\/wp\/v2\/product_cat?post=27818"},{"taxonomy":"product_tag","embeddable":true,"href":"https:\/\/global-hookah.com\/es\/wp-json\/wp\/v2\/product_tag?post=27818"}],"curies":[{"name":"wp","href":"https:\/\/api.w.org\/{rel}","templated":true}]}}