{"id":27820,"date":"2024-06-08T05:57:05","date_gmt":"2024-06-08T05:57:05","guid":{"rendered":"https:\/\/global-hookah.com\/product\/premium-metal-tobacco-grinder-with-pollen-catcher-non-slip-grooves-windowed-4-layer-barrel-design-manual-handheld-herb-crusher-durable-grinder-for-herbs-and-spices-no-electricity-needed\/"},"modified":"2024-06-26T06:45:27","modified_gmt":"2024-06-26T06:45:27","slug":"custom-wholesale-premium-metal-tobacco-grinder-with-pollen-catcher","status":"publish","type":"product","link":"https:\/\/global-hookah.com\/es\/producto\/custom-wholesale-premium-metal-tobacco-grinder-with-pollen-catcher\/","title":{"rendered":"Mayorista a Medida Picadora de Tabaco con Captador de Polen"},"content":{"rendered":"<div>\n<p>Este <strong>Picadora de tabaco met\u00e1lica con recogedor de polen<\/strong> tiene dientes de aluminio que producen una molienda asombrosamente uniforme, manteniendo los tricomas intactos y reteniendo los aceites esenciales.<\/p>\n<p>Otra cosa genial es que tiene un recogedor de polen profesional. Podr\u00e1s recoger esos preciosos y pegajosos tricomas resinosos con s\u00f3lo girar la c\u00e1mara de molienda. \u00dasalos para disfrutar de diferentes sabores o mezclas de tabaco - no tendr\u00e1s ninguna dificultad para recoger el polen mientras tengas este<strong> <a href=\"https:\/\/global-hookah.com\/product\/63mm-herb-grinder-smoke-cigarette-accessories-tobacco-miller-crusher-5-layer-dry-herb-spices-grass-metal-grinders-diamond-rudder\/\">Picadora de tabaco de metal<\/a> con captador de polen<\/strong>.<\/p>\n<p>Este <strong>trituradora de hierba recolectora de polen<\/strong> no s\u00f3lo funciona bien, sino que tambi\u00e9n defiende la marihuana. El im\u00e1n de neodimio de la <a href=\"https:\/\/global-hookah.com\/product\/1-8inch-magic-cube-marijuana-grinder-wholesale\/\">grinder mantiene el sabor y la frescura de la marihuana<\/a> durante mucho tiempo, evitando que la marihuana parezca seca, al menos hasta que la abras. Tambi\u00e9n quita el olor a cannabis, por lo que el sabor de la marihuana es m\u00e1s fuerte<\/p>\n<p><img decoding=\"async\" src=\"https:\/\/img.kwcdn.com\/product\/fancy\/24753e2b-af34-49b1-89f5-6edcf3f7cf1a.jpg\" \/><\/p>\n<\/div>\n<div><img decoding=\"async\" src=\"https:\/\/img.kwcdn.com\/product\/fancy\/ea9add56-21c4-4025-8da6-bd45602d8951.jpg\" \/><\/div>\n<div><img decoding=\"async\" src=\"https:\/\/img.kwcdn.com\/product\/fancy\/8be4a75f-17a8-4103-b06e-0f9ff776f454.jpg\" \/><\/div>\n<div><img decoding=\"async\" src=\"https:\/\/img.kwcdn.com\/product\/fancy\/2cd854b0-b2c9-4d08-8c43-0aef5a6739f9.jpg\" \/><\/div>\n<div><img decoding=\"async\" src=\"https:\/\/img.kwcdn.com\/product\/fancy\/9cf35839-36bd-41e3-abc2-6c66abd25fe8.jpg\" \/><\/div>\n<div><img decoding=\"async\" src=\"https:\/\/img.kwcdn.com\/product\/fancyalgo\/toaster-api\/toaster-processor-image-cm2in\/d2abdbe2-0f6d-11ef-ba0d-0a580a660884.jpg\" \/><\/div>","protected":false},"excerpt":{"rendered":"<p>Este molinillo de tabaco met\u00e1lico con recogedor de polen tiene dientes de aluminio que producen un molido incre\u00edblemente uniforme, manteniendo los tricomas intactos<\/p>","protected":false},"featured_media":27819,"comment_status":"open","ping_status":"closed","template":"","meta":{"iawp_total_views":3,"_joinchat":[]},"product_brand":[],"product_cat":[770,891],"product_tag":[],"class_list":{"0":"post-27820","1":"product","2":"type-product","3":"status-publish","4":"has-post-thumbnail","6":"product_cat-wholesale-grinder","7":"product_cat-wholesale-grinder-with-kief-catcher","9":"first","10":"instock","11":"shipping-taxable","12":"product-type-external"},"yoast_head":"<!-- This site is optimized with the Yoast SEO Premium plugin v24.7 (Yoast SEO v26.8) - https:\/\/yoast.com\/product\/yoast-seo-premium-wordpress\/ -->\n<title>Custom Wholesale Premium Metal Tobacco Grinder with Pollen Catcher - Global Hookah<\/title>\n<meta name=\"robots\" content=\"index, follow, max-snippet:-1, max-image-preview:large, max-video-preview:-1\" \/>\n<link rel=\"canonical\" href=\"https:\/\/global-hookah.com\/es\/producto\/custom-wholesale-premium-metal-tobacco-grinder-with-pollen-catcher\/\" \/>\n<meta property=\"og:locale\" content=\"es_ES\" \/>\n<meta property=\"og:type\" content=\"article\" \/>\n<meta property=\"og:title\" content=\"Custom Wholesale Premium Metal Tobacco Grinder with Pollen Catcher\" \/>\n<meta property=\"og:description\" content=\"This Metal Tobacco Grinder with Pollen Catcher has aluminum teeth that produce an amazingly even grind, keeping the trichomes intact\" \/>\n<meta property=\"og:url\" content=\"https:\/\/global-hookah.com\/es\/producto\/custom-wholesale-premium-metal-tobacco-grinder-with-pollen-catcher\/\" \/>\n<meta property=\"og:site_name\" content=\"Global Hookah\" \/>\n<meta property=\"article:modified_time\" content=\"2024-06-26T06:45:27+00:00\" \/>\n<meta property=\"og:image\" content=\"https:\/\/global-hookah.com\/wp-content\/uploads\/2024\/06\/24753e2b-af34-49b1-89f5-6edcf3f7cf1a.jpg\" \/>\n\t<meta property=\"og:image:width\" content=\"800\" \/>\n\t<meta property=\"og:image:height\" content=\"800\" \/>\n\t<meta property=\"og:image:type\" content=\"image\/jpeg\" \/>\n<meta name=\"twitter:card\" content=\"summary_large_image\" \/>\n<meta name=\"twitter:label1\" content=\"Tiempo de lectura\" \/>\n\t<meta name=\"twitter:data1\" content=\"3 minutos\" \/>\n<script type=\"application\/ld+json\" class=\"yoast-schema-graph\">{\"@context\":\"https:\/\/schema.org\",\"@graph\":[{\"@type\":\"WebPage\",\"@id\":\"https:\/\/global-hookah.com\/product\/custom-wholesale-premium-metal-tobacco-grinder-with-pollen-catcher\/\",\"url\":\"https:\/\/global-hookah.com\/product\/custom-wholesale-premium-metal-tobacco-grinder-with-pollen-catcher\/\",\"name\":\"Custom Wholesale Premium Metal Tobacco Grinder with Pollen Catcher - Global Hookah\",\"isPartOf\":{\"@id\":\"https:\/\/global-hookah.com\/#website\"},\"primaryImageOfPage\":{\"@id\":\"https:\/\/global-hookah.com\/product\/custom-wholesale-premium-metal-tobacco-grinder-with-pollen-catcher\/#primaryimage\"},\"image\":{\"@id\":\"https:\/\/global-hookah.com\/product\/custom-wholesale-premium-metal-tobacco-grinder-with-pollen-catcher\/#primaryimage\"},\"thumbnailUrl\":\"https:\/\/global-hookah.com\/wp-content\/uploads\/2024\/06\/24753e2b-af34-49b1-89f5-6edcf3f7cf1a.jpg\",\"datePublished\":\"2024-06-08T05:57:05+00:00\",\"dateModified\":\"2024-06-26T06:45:27+00:00\",\"breadcrumb\":{\"@id\":\"https:\/\/global-hookah.com\/product\/custom-wholesale-premium-metal-tobacco-grinder-with-pollen-catcher\/#breadcrumb\"},\"inLanguage\":\"es\",\"potentialAction\":[{\"@type\":\"ReadAction\",\"target\":[\"https:\/\/global-hookah.com\/product\/custom-wholesale-premium-metal-tobacco-grinder-with-pollen-catcher\/\"]}]},{\"@type\":\"ImageObject\",\"inLanguage\":\"es\",\"@id\":\"https:\/\/global-hookah.com\/product\/custom-wholesale-premium-metal-tobacco-grinder-with-pollen-catcher\/#primaryimage\",\"url\":\"https:\/\/global-hookah.com\/wp-content\/uploads\/2024\/06\/24753e2b-af34-49b1-89f5-6edcf3f7cf1a.jpg\",\"contentUrl\":\"https:\/\/global-hookah.com\/wp-content\/uploads\/2024\/06\/24753e2b-af34-49b1-89f5-6edcf3f7cf1a.jpg\",\"width\":800,\"height\":800,\"caption\":\"Custom Wholesale Premium Metal Tobacco Grinder with Pollen Catcher\"},{\"@type\":\"BreadcrumbList\",\"@id\":\"https:\/\/global-hookah.com\/product\/custom-wholesale-premium-metal-tobacco-grinder-with-pollen-catcher\/#breadcrumb\",\"itemListElement\":[{\"@type\":\"ListItem\",\"position\":1,\"name\":\"Home\",\"item\":\"https:\/\/global-hookah.com\/\"},{\"@type\":\"ListItem\",\"position\":2,\"name\":\"Shop\",\"item\":\"https:\/\/global-hookah.com\/shop\/\"},{\"@type\":\"ListItem\",\"position\":3,\"name\":\"Custom Wholesale Premium Metal Tobacco Grinder with Pollen Catcher\"}]},{\"@type\":\"WebSite\",\"@id\":\"https:\/\/global-hookah.com\/#website\",\"url\":\"https:\/\/global-hookah.com\/\",\"name\":\"Global Hookah\",\"description\":\"Global Hookah\",\"publisher\":{\"@id\":\"https:\/\/global-hookah.com\/#organization\"},\"potentialAction\":[{\"@type\":\"SearchAction\",\"target\":{\"@type\":\"EntryPoint\",\"urlTemplate\":\"https:\/\/global-hookah.com\/?s={search_term_string}\"},\"query-input\":{\"@type\":\"PropertyValueSpecification\",\"valueRequired\":true,\"valueName\":\"search_term_string\"}}],\"inLanguage\":\"es\"},{\"@type\":\"Organization\",\"@id\":\"https:\/\/global-hookah.com\/#organization\",\"name\":\"Global Hookah\",\"url\":\"https:\/\/global-hookah.com\/\",\"logo\":{\"@type\":\"ImageObject\",\"inLanguage\":\"es\",\"@id\":\"https:\/\/global-hookah.com\/#\/schema\/logo\/image\/\",\"url\":\"https:\/\/global-hookah.com\/wp-content\/uploads\/2021\/10\/cropped-fgg.png\",\"contentUrl\":\"https:\/\/global-hookah.com\/wp-content\/uploads\/2021\/10\/cropped-fgg.png\",\"width\":512,\"height\":512,\"caption\":\"Global Hookah\"},\"image\":{\"@id\":\"https:\/\/global-hookah.com\/#\/schema\/logo\/image\/\"}}]}<\/script>\n<!-- \/ Yoast SEO Premium plugin. -->","yoast_head_json":{"title":"Molinillo de tabaco de metal de primera calidad al por mayor personalizado con captador de polen - Global Hookah","robots":{"index":"index","follow":"follow","max-snippet":"max-snippet:-1","max-image-preview":"max-image-preview:large","max-video-preview":"max-video-preview:-1"},"canonical":"https:\/\/global-hookah.com\/es\/producto\/custom-wholesale-premium-metal-tobacco-grinder-with-pollen-catcher\/","og_locale":"es_ES","og_type":"article","og_title":"Custom Wholesale Premium Metal Tobacco Grinder with Pollen Catcher","og_description":"This Metal Tobacco Grinder with Pollen Catcher has aluminum teeth that produce an amazingly even grind, keeping the trichomes intact","og_url":"https:\/\/global-hookah.com\/es\/producto\/custom-wholesale-premium-metal-tobacco-grinder-with-pollen-catcher\/","og_site_name":"Global Hookah","article_modified_time":"2024-06-26T06:45:27+00:00","og_image":[{"width":800,"height":800,"url":"https:\/\/global-hookah.com\/wp-content\/uploads\/2024\/06\/24753e2b-af34-49b1-89f5-6edcf3f7cf1a.jpg","type":"image\/jpeg"}],"twitter_card":"summary_large_image","twitter_misc":{"Tiempo de lectura":"3 minutos"},"schema":{"@context":"https:\/\/schema.org","@graph":[{"@type":"WebPage","@id":"https:\/\/global-hookah.com\/product\/custom-wholesale-premium-metal-tobacco-grinder-with-pollen-catcher\/","url":"https:\/\/global-hookah.com\/product\/custom-wholesale-premium-metal-tobacco-grinder-with-pollen-catcher\/","name":"Molinillo de tabaco de metal de primera calidad al por mayor personalizado con captador de polen - Global Hookah","isPartOf":{"@id":"https:\/\/global-hookah.com\/#website"},"primaryImageOfPage":{"@id":"https:\/\/global-hookah.com\/product\/custom-wholesale-premium-metal-tobacco-grinder-with-pollen-catcher\/#primaryimage"},"image":{"@id":"https:\/\/global-hookah.com\/product\/custom-wholesale-premium-metal-tobacco-grinder-with-pollen-catcher\/#primaryimage"},"thumbnailUrl":"https:\/\/global-hookah.com\/wp-content\/uploads\/2024\/06\/24753e2b-af34-49b1-89f5-6edcf3f7cf1a.jpg","datePublished":"2024-06-08T05:57:05+00:00","dateModified":"2024-06-26T06:45:27+00:00","breadcrumb":{"@id":"https:\/\/global-hookah.com\/product\/custom-wholesale-premium-metal-tobacco-grinder-with-pollen-catcher\/#breadcrumb"},"inLanguage":"es","potentialAction":[{"@type":"ReadAction","target":["https:\/\/global-hookah.com\/product\/custom-wholesale-premium-metal-tobacco-grinder-with-pollen-catcher\/"]}]},{"@type":"ImageObject","inLanguage":"es","@id":"https:\/\/global-hookah.com\/product\/custom-wholesale-premium-metal-tobacco-grinder-with-pollen-catcher\/#primaryimage","url":"https:\/\/global-hookah.com\/wp-content\/uploads\/2024\/06\/24753e2b-af34-49b1-89f5-6edcf3f7cf1a.jpg","contentUrl":"https:\/\/global-hookah.com\/wp-content\/uploads\/2024\/06\/24753e2b-af34-49b1-89f5-6edcf3f7cf1a.jpg","width":800,"height":800,"caption":"Custom Wholesale Premium Metal Tobacco Grinder with Pollen Catcher"},{"@type":"BreadcrumbList","@id":"https:\/\/global-hookah.com\/product\/custom-wholesale-premium-metal-tobacco-grinder-with-pollen-catcher\/#breadcrumb","itemListElement":[{"@type":"ListItem","position":1,"name":"Home","item":"https:\/\/global-hookah.com\/"},{"@type":"ListItem","position":2,"name":"Shop","item":"https:\/\/global-hookah.com\/shop\/"},{"@type":"ListItem","position":3,"name":"Custom Wholesale Premium Metal Tobacco Grinder with Pollen Catcher"}]},{"@type":"WebSite","@id":"https:\/\/global-hookah.com\/#website","url":"https:\/\/global-hookah.com\/","name":"Global Hookah","description":"Global Hookah","publisher":{"@id":"https:\/\/global-hookah.com\/#organization"},"potentialAction":[{"@type":"SearchAction","target":{"@type":"EntryPoint","urlTemplate":"https:\/\/global-hookah.com\/?s={search_term_string}"},"query-input":{"@type":"PropertyValueSpecification","valueRequired":true,"valueName":"search_term_string"}}],"inLanguage":"es"},{"@type":"Organization","@id":"https:\/\/global-hookah.com\/#organization","name":"Global Hookah","url":"https:\/\/global-hookah.com\/","logo":{"@type":"ImageObject","inLanguage":"es","@id":"https:\/\/global-hookah.com\/#\/schema\/logo\/image\/","url":"https:\/\/global-hookah.com\/wp-content\/uploads\/2021\/10\/cropped-fgg.png","contentUrl":"https:\/\/global-hookah.com\/wp-content\/uploads\/2021\/10\/cropped-fgg.png","width":512,"height":512,"caption":"Global Hookah"},"image":{"@id":"https:\/\/global-hookah.com\/#\/schema\/logo\/image\/"}}]}},"_links":{"self":[{"href":"https:\/\/global-hookah.com\/es\/wp-json\/wp\/v2\/product\/27820","targetHints":{"allow":["GET"]}}],"collection":[{"href":"https:\/\/global-hookah.com\/es\/wp-json\/wp\/v2\/product"}],"about":[{"href":"https:\/\/global-hookah.com\/es\/wp-json\/wp\/v2\/types\/product"}],"replies":[{"embeddable":true,"href":"https:\/\/global-hookah.com\/es\/wp-json\/wp\/v2\/comments?post=27820"}],"version-history":[{"count":0,"href":"https:\/\/global-hookah.com\/es\/wp-json\/wp\/v2\/product\/27820\/revisions"}],"wp:featuredmedia":[{"embeddable":true,"href":"https:\/\/global-hookah.com\/es\/wp-json\/wp\/v2\/media\/27819"}],"wp:attachment":[{"href":"https:\/\/global-hookah.com\/es\/wp-json\/wp\/v2\/media?parent=27820"}],"wp:term":[{"taxonomy":"product_brand","embeddable":true,"href":"https:\/\/global-hookah.com\/es\/wp-json\/wp\/v2\/product_brand?post=27820"},{"taxonomy":"product_cat","embeddable":true,"href":"https:\/\/global-hookah.com\/es\/wp-json\/wp\/v2\/product_cat?post=27820"},{"taxonomy":"product_tag","embeddable":true,"href":"https:\/\/global-hookah.com\/es\/wp-json\/wp\/v2\/product_tag?post=27820"}],"curies":[{"name":"wp","href":"https:\/\/api.w.org\/{rel}","templated":true}]}}