{"id":27838,"date":"2024-06-08T05:58:36","date_gmt":"2024-06-08T05:58:36","guid":{"rendered":"https:\/\/global-hookah.com\/product\/spice-grinder-2-inch-grinder-for-tobacco-herb-4-piece-crusher-aluminum-grinder-blue\/"},"modified":"2024-06-26T06:21:02","modified_gmt":"2024-06-26T06:21:02","slug":"bulk-wholesale-2-inch-blue-herb-grinder","status":"publish","type":"product","link":"https:\/\/global-hookah.com\/es\/producto\/bulk-wholesale-2-inch-blue-herb-grinder\/","title":{"rendered":"Mayorista a Granel Molinillo de Hierbas Azul de 2 Pulgadas"},"content":{"rendered":"<div>\n<p>\u00bfEst\u00e1 cansado de la aburrida molienda manual de hierbas? Compre el<strong> Grinde de hierbas azules de 2 pulgadas<\/strong>\u00a1r! El molinillo de hierbas Flower Mill 4-Piece Herb Grinder ha llevado la molienda de hierbas a un nuevo nivel incorporando un dise\u00f1o elegante y la \u00faltima tecnolog\u00eda convirti\u00e9ndolo en uno de los mejores molinillos del mercado actual.<\/p>\n<p>En <strong>Molinillo de hierbas azul de 4 piezas<\/strong> se distingue de los molinillos tradicionales por tener un excepcional mecanismo de molienda que tritura suavemente sus hierbas sin da\u00f1arlas en exceso. Esto significa que despu\u00e9s de moler su hierba, se le deja con una delicada textura suave que le da una experiencia de usuario realmente incre\u00edble.<\/p>\n<p>El fabricante hizo este<strong> Molinillo de hierbas azul de 4 piezas<\/strong> de aluminio 6061 de primera calidad, con un bonito acabado anodizado para mejorar su aspecto. La emoci\u00f3n no termina ah\u00ed, ya que los compradores pueden ponerse en contacto con nosotros para personalizar sus <a href=\"https:\/\/global-hookah.com\/product-category\/wholesale-grinders\/\">Molinillos de hierbas <\/a>de colores utilizando nuestra \"Herramienta de previsualizaci\u00f3n de colores\" en nuestro sitio web para que puedan tener algo absolutamente personal.<\/p>\n<p>El encanto del <strong>Molinillo de hierbas de 4 piezas<\/strong> no reside \u00fanicamente en su aspecto. El interior de este <strong>molinillo de hierbas con recogedor de kief<\/strong> est\u00e1 bien equipado con algunos materiales magn\u00e9ticos de muy alta tecnolog\u00eda que evitar\u00e1n que sus hierbas se sequen mientras est\u00e1n almacenadas. este grinder utiliza imanes cil\u00edndricos de neodimio diametralmente magnetizados de tierras raras con revestimiento de triple capa de n\u00edquel-cobre-n\u00edquel\". Estos imanes son fuertes y duraderos y tambi\u00e9n resistentes a la corrosi\u00f3n.<\/p>\n<p>La extraordinaria factura y el potente magnetismo del <strong>molinillo de hierbas con recogedor de kief<\/strong> se complementan entre s\u00ed, ofreciendo un rendimiento notable. No s\u00f3lo evita la desecaci\u00f3n de la hierba, sino que tambi\u00e9n reduce algo la disipaci\u00f3n del olor. Para m\u00ed, un fumador de hierba experimentado, recomendar\u00eda el modelo grande de 4 piezas porque a veces me gusta espolvorear un poco de kief en la parte superior de mis cuencos.<\/p>\n<p><img decoding=\"async\" src=\"https:\/\/img.kwcdn.com\/product\/fancy\/74d5e575-340a-4a52-8181-1cea40d14b71.jpg\" \/><\/div>\n<div><img decoding=\"async\" src=\"https:\/\/img.kwcdn.com\/product\/fancy\/5a4eee5d-064e-4d88-9ead-21168d0dafe1.jpg\" \/><\/div>\n<div><img decoding=\"async\" src=\"https:\/\/img.kwcdn.com\/product\/fancy\/68344042-3ea4-4ec1-adab-ab32d5d5a78e.jpg\" \/><\/div>\n<div><img decoding=\"async\" src=\"https:\/\/img.kwcdn.com\/product\/fancy\/3e0ecb1e-00ce-44f1-b542-ca076e32ace3.jpg\" \/><\/div>\n<div><img decoding=\"async\" src=\"https:\/\/img.kwcdn.com\/product\/fancy\/b17ec971-97b6-495c-a072-d1dd87631c48.jpg\" \/><\/div>\n<div><img decoding=\"async\" src=\"https:\/\/img.kwcdn.com\/product\/fancy\/50a624de-863e-4935-9c8c-eb9cdad6651d.jpg\" \/><\/div>","protected":false},"excerpt":{"rendered":"<p>\u00bfEst\u00e1 cansado de la aburrida molienda manual de hierbas? \u00a1Compre el molinillo de hierbas azul de 2 pulgadas! El molinillo de flores<\/p>","protected":false},"featured_media":27837,"comment_status":"open","ping_status":"closed","template":"","meta":{"iawp_total_views":3,"_joinchat":[]},"product_brand":[],"product_cat":[415,909],"product_tag":[],"class_list":{"0":"post-27838","1":"product","2":"type-product","3":"status-publish","4":"has-post-thumbnail","6":"product_cat-accessories","7":"product_cat-portable-weed-grinder-wholesale","9":"first","10":"instock","11":"shipping-taxable","12":"product-type-external"},"yoast_head":"<!-- This site is optimized with the Yoast SEO Premium plugin v24.7 (Yoast SEO v26.8) - https:\/\/yoast.com\/product\/yoast-seo-premium-wordpress\/ -->\n<title>Bulk Wholesale 2 Inch Blue Herb Grinder - Global Hookah<\/title>\n<meta name=\"robots\" content=\"index, follow, max-snippet:-1, max-image-preview:large, max-video-preview:-1\" \/>\n<link rel=\"canonical\" href=\"https:\/\/global-hookah.com\/es\/producto\/bulk-wholesale-2-inch-blue-herb-grinder\/\" \/>\n<meta property=\"og:locale\" content=\"es_ES\" \/>\n<meta property=\"og:type\" content=\"article\" \/>\n<meta property=\"og:title\" content=\"Bulk Wholesale 2 Inch Blue Herb Grinder\" \/>\n<meta property=\"og:description\" content=\"Do you get weary of the boring manual grinding of herbs? Buy the 2-inch Blue Herb Grinder! The Flower Mill\" \/>\n<meta property=\"og:url\" content=\"https:\/\/global-hookah.com\/es\/producto\/bulk-wholesale-2-inch-blue-herb-grinder\/\" \/>\n<meta property=\"og:site_name\" content=\"Global Hookah\" \/>\n<meta property=\"article:modified_time\" content=\"2024-06-26T06:21:02+00:00\" \/>\n<meta property=\"og:image\" content=\"https:\/\/global-hookah.com\/wp-content\/uploads\/2024\/06\/74d5e575-340a-4a52-8181-1cea40d14b71.jpg\" \/>\n\t<meta property=\"og:image:width\" content=\"1600\" \/>\n\t<meta property=\"og:image:height\" content=\"1600\" \/>\n\t<meta property=\"og:image:type\" content=\"image\/jpeg\" \/>\n<meta name=\"twitter:card\" content=\"summary_large_image\" \/>\n<meta name=\"twitter:label1\" content=\"Tiempo de lectura\" \/>\n\t<meta name=\"twitter:data1\" content=\"4 minutos\" \/>\n<script type=\"application\/ld+json\" class=\"yoast-schema-graph\">{\"@context\":\"https:\/\/schema.org\",\"@graph\":[{\"@type\":\"WebPage\",\"@id\":\"https:\/\/global-hookah.com\/product\/bulk-wholesale-2-inch-blue-herb-grinder\/\",\"url\":\"https:\/\/global-hookah.com\/product\/bulk-wholesale-2-inch-blue-herb-grinder\/\",\"name\":\"Bulk Wholesale 2 Inch Blue Herb Grinder - Global Hookah\",\"isPartOf\":{\"@id\":\"https:\/\/global-hookah.com\/#website\"},\"primaryImageOfPage\":{\"@id\":\"https:\/\/global-hookah.com\/product\/bulk-wholesale-2-inch-blue-herb-grinder\/#primaryimage\"},\"image\":{\"@id\":\"https:\/\/global-hookah.com\/product\/bulk-wholesale-2-inch-blue-herb-grinder\/#primaryimage\"},\"thumbnailUrl\":\"https:\/\/global-hookah.com\/wp-content\/uploads\/2024\/06\/74d5e575-340a-4a52-8181-1cea40d14b71.jpg\",\"datePublished\":\"2024-06-08T05:58:36+00:00\",\"dateModified\":\"2024-06-26T06:21:02+00:00\",\"breadcrumb\":{\"@id\":\"https:\/\/global-hookah.com\/product\/bulk-wholesale-2-inch-blue-herb-grinder\/#breadcrumb\"},\"inLanguage\":\"es\",\"potentialAction\":[{\"@type\":\"ReadAction\",\"target\":[\"https:\/\/global-hookah.com\/product\/bulk-wholesale-2-inch-blue-herb-grinder\/\"]}]},{\"@type\":\"ImageObject\",\"inLanguage\":\"es\",\"@id\":\"https:\/\/global-hookah.com\/product\/bulk-wholesale-2-inch-blue-herb-grinder\/#primaryimage\",\"url\":\"https:\/\/global-hookah.com\/wp-content\/uploads\/2024\/06\/74d5e575-340a-4a52-8181-1cea40d14b71.jpg\",\"contentUrl\":\"https:\/\/global-hookah.com\/wp-content\/uploads\/2024\/06\/74d5e575-340a-4a52-8181-1cea40d14b71.jpg\",\"width\":1600,\"height\":1600,\"caption\":\"Bulk Wholesale 2 Inch Blue Herb Grinder\"},{\"@type\":\"BreadcrumbList\",\"@id\":\"https:\/\/global-hookah.com\/product\/bulk-wholesale-2-inch-blue-herb-grinder\/#breadcrumb\",\"itemListElement\":[{\"@type\":\"ListItem\",\"position\":1,\"name\":\"Home\",\"item\":\"https:\/\/global-hookah.com\/\"},{\"@type\":\"ListItem\",\"position\":2,\"name\":\"Shop\",\"item\":\"https:\/\/global-hookah.com\/shop\/\"},{\"@type\":\"ListItem\",\"position\":3,\"name\":\"Bulk Wholesale 2 Inch Blue Herb Grinder\"}]},{\"@type\":\"WebSite\",\"@id\":\"https:\/\/global-hookah.com\/#website\",\"url\":\"https:\/\/global-hookah.com\/\",\"name\":\"Global Hookah\",\"description\":\"Global Hookah\",\"publisher\":{\"@id\":\"https:\/\/global-hookah.com\/#organization\"},\"potentialAction\":[{\"@type\":\"SearchAction\",\"target\":{\"@type\":\"EntryPoint\",\"urlTemplate\":\"https:\/\/global-hookah.com\/?s={search_term_string}\"},\"query-input\":{\"@type\":\"PropertyValueSpecification\",\"valueRequired\":true,\"valueName\":\"search_term_string\"}}],\"inLanguage\":\"es\"},{\"@type\":\"Organization\",\"@id\":\"https:\/\/global-hookah.com\/#organization\",\"name\":\"Global Hookah\",\"url\":\"https:\/\/global-hookah.com\/\",\"logo\":{\"@type\":\"ImageObject\",\"inLanguage\":\"es\",\"@id\":\"https:\/\/global-hookah.com\/#\/schema\/logo\/image\/\",\"url\":\"https:\/\/global-hookah.com\/wp-content\/uploads\/2021\/10\/cropped-fgg.png\",\"contentUrl\":\"https:\/\/global-hookah.com\/wp-content\/uploads\/2021\/10\/cropped-fgg.png\",\"width\":512,\"height\":512,\"caption\":\"Global Hookah\"},\"image\":{\"@id\":\"https:\/\/global-hookah.com\/#\/schema\/logo\/image\/\"}}]}<\/script>\n<!-- \/ Yoast SEO Premium plugin. -->","yoast_head_json":{"title":"Molinillo de hierbas azul de 2 pulgadas al por mayor - Global Hookah","robots":{"index":"index","follow":"follow","max-snippet":"max-snippet:-1","max-image-preview":"max-image-preview:large","max-video-preview":"max-video-preview:-1"},"canonical":"https:\/\/global-hookah.com\/es\/producto\/bulk-wholesale-2-inch-blue-herb-grinder\/","og_locale":"es_ES","og_type":"article","og_title":"Bulk Wholesale 2 Inch Blue Herb Grinder","og_description":"Do you get weary of the boring manual grinding of herbs? Buy the 2-inch Blue Herb Grinder! The Flower Mill","og_url":"https:\/\/global-hookah.com\/es\/producto\/bulk-wholesale-2-inch-blue-herb-grinder\/","og_site_name":"Global Hookah","article_modified_time":"2024-06-26T06:21:02+00:00","og_image":[{"width":1600,"height":1600,"url":"https:\/\/global-hookah.com\/wp-content\/uploads\/2024\/06\/74d5e575-340a-4a52-8181-1cea40d14b71.jpg","type":"image\/jpeg"}],"twitter_card":"summary_large_image","twitter_misc":{"Tiempo de lectura":"4 minutos"},"schema":{"@context":"https:\/\/schema.org","@graph":[{"@type":"WebPage","@id":"https:\/\/global-hookah.com\/product\/bulk-wholesale-2-inch-blue-herb-grinder\/","url":"https:\/\/global-hookah.com\/product\/bulk-wholesale-2-inch-blue-herb-grinder\/","name":"Molinillo de hierbas azul de 2 pulgadas al por mayor - Global Hookah","isPartOf":{"@id":"https:\/\/global-hookah.com\/#website"},"primaryImageOfPage":{"@id":"https:\/\/global-hookah.com\/product\/bulk-wholesale-2-inch-blue-herb-grinder\/#primaryimage"},"image":{"@id":"https:\/\/global-hookah.com\/product\/bulk-wholesale-2-inch-blue-herb-grinder\/#primaryimage"},"thumbnailUrl":"https:\/\/global-hookah.com\/wp-content\/uploads\/2024\/06\/74d5e575-340a-4a52-8181-1cea40d14b71.jpg","datePublished":"2024-06-08T05:58:36+00:00","dateModified":"2024-06-26T06:21:02+00:00","breadcrumb":{"@id":"https:\/\/global-hookah.com\/product\/bulk-wholesale-2-inch-blue-herb-grinder\/#breadcrumb"},"inLanguage":"es","potentialAction":[{"@type":"ReadAction","target":["https:\/\/global-hookah.com\/product\/bulk-wholesale-2-inch-blue-herb-grinder\/"]}]},{"@type":"ImageObject","inLanguage":"es","@id":"https:\/\/global-hookah.com\/product\/bulk-wholesale-2-inch-blue-herb-grinder\/#primaryimage","url":"https:\/\/global-hookah.com\/wp-content\/uploads\/2024\/06\/74d5e575-340a-4a52-8181-1cea40d14b71.jpg","contentUrl":"https:\/\/global-hookah.com\/wp-content\/uploads\/2024\/06\/74d5e575-340a-4a52-8181-1cea40d14b71.jpg","width":1600,"height":1600,"caption":"Bulk Wholesale 2 Inch Blue Herb Grinder"},{"@type":"BreadcrumbList","@id":"https:\/\/global-hookah.com\/product\/bulk-wholesale-2-inch-blue-herb-grinder\/#breadcrumb","itemListElement":[{"@type":"ListItem","position":1,"name":"Home","item":"https:\/\/global-hookah.com\/"},{"@type":"ListItem","position":2,"name":"Shop","item":"https:\/\/global-hookah.com\/shop\/"},{"@type":"ListItem","position":3,"name":"Bulk Wholesale 2 Inch Blue Herb Grinder"}]},{"@type":"WebSite","@id":"https:\/\/global-hookah.com\/#website","url":"https:\/\/global-hookah.com\/","name":"Global Hookah","description":"Global Hookah","publisher":{"@id":"https:\/\/global-hookah.com\/#organization"},"potentialAction":[{"@type":"SearchAction","target":{"@type":"EntryPoint","urlTemplate":"https:\/\/global-hookah.com\/?s={search_term_string}"},"query-input":{"@type":"PropertyValueSpecification","valueRequired":true,"valueName":"search_term_string"}}],"inLanguage":"es"},{"@type":"Organization","@id":"https:\/\/global-hookah.com\/#organization","name":"Global Hookah","url":"https:\/\/global-hookah.com\/","logo":{"@type":"ImageObject","inLanguage":"es","@id":"https:\/\/global-hookah.com\/#\/schema\/logo\/image\/","url":"https:\/\/global-hookah.com\/wp-content\/uploads\/2021\/10\/cropped-fgg.png","contentUrl":"https:\/\/global-hookah.com\/wp-content\/uploads\/2021\/10\/cropped-fgg.png","width":512,"height":512,"caption":"Global Hookah"},"image":{"@id":"https:\/\/global-hookah.com\/#\/schema\/logo\/image\/"}}]}},"_links":{"self":[{"href":"https:\/\/global-hookah.com\/es\/wp-json\/wp\/v2\/product\/27838","targetHints":{"allow":["GET"]}}],"collection":[{"href":"https:\/\/global-hookah.com\/es\/wp-json\/wp\/v2\/product"}],"about":[{"href":"https:\/\/global-hookah.com\/es\/wp-json\/wp\/v2\/types\/product"}],"replies":[{"embeddable":true,"href":"https:\/\/global-hookah.com\/es\/wp-json\/wp\/v2\/comments?post=27838"}],"version-history":[{"count":0,"href":"https:\/\/global-hookah.com\/es\/wp-json\/wp\/v2\/product\/27838\/revisions"}],"wp:featuredmedia":[{"embeddable":true,"href":"https:\/\/global-hookah.com\/es\/wp-json\/wp\/v2\/media\/27837"}],"wp:attachment":[{"href":"https:\/\/global-hookah.com\/es\/wp-json\/wp\/v2\/media?parent=27838"}],"wp:term":[{"taxonomy":"product_brand","embeddable":true,"href":"https:\/\/global-hookah.com\/es\/wp-json\/wp\/v2\/product_brand?post=27838"},{"taxonomy":"product_cat","embeddable":true,"href":"https:\/\/global-hookah.com\/es\/wp-json\/wp\/v2\/product_cat?post=27838"},{"taxonomy":"product_tag","embeddable":true,"href":"https:\/\/global-hookah.com\/es\/wp-json\/wp\/v2\/product_tag?post=27838"}],"curies":[{"name":"wp","href":"https:\/\/api.w.org\/{rel}","templated":true}]}}