{"id":28060,"date":"2024-06-18T00:42:56","date_gmt":"2024-06-18T00:42:56","guid":{"rendered":"https:\/\/global-hookah.com\/?post_type=product&#038;p=28060"},"modified":"2024-06-26T03:27:23","modified_gmt":"2024-06-26T03:27:23","slug":"glycerin-glass-spoon-hand-pipe-wholesale","status":"publish","type":"product","link":"https:\/\/global-hookah.com\/es\/producto\/glycerin-glass-spoon-hand-pipe-wholesale\/","title":{"rendered":"Cuchara de vidrio con glicerina para pipa de mano al por mayor"},"content":{"rendered":"<p>A diferencia de los tubos met\u00e1licos convencionales, este <strong>tuber\u00eda manual particular<\/strong> est\u00e1 construido con vidrio de alta calidad que puede proporcionarle un sabor de humo m\u00e1s limpio y aut\u00e9ntico que es mucho mejor para sus hierbas. Su dise\u00f1o semitransparente \u00fanico da una impresi\u00f3n de elegancia sin esfuerzo en su totalidad.<\/p>\n<p>Entre otras cosas, el proceso de fabricaci\u00f3n de este <strong>pipas de mano de glicerina<\/strong> El cristal especial y el sistema interno de refrigeraci\u00f3n por glicerina reducen enormemente la temperatura del humo, produciendo una inhalaci\u00f3n excepcionalmente suave y refrescante. Adem\u00e1s, el dise\u00f1o del tallo recto no s\u00f3lo a\u00f1ade a su est\u00e9tica, sino que tambi\u00e9n asegura que a medida que inhala a trav\u00e9s de \u00e9l, todo el humo se enfr\u00eda por completo aqu\u00ed.<\/p>\n<p>La estabilidad que ofrece su dise\u00f1o ergon\u00f3mico de empu\u00f1adura redondeada junto con la comodidad durante su uso facilitan su manejo. Un ancho suficiente <a href=\"https:\/\/global-hookah.com\/product\/1pc-54cm-21-25inch-arabic-hookah-with-aluminum-alloy-material-comes-with-50pcs-long-mouth-tips-50pcs-aluminum-foil-papers-silicone-hose-spring-silicone-bowl-aluminum-alloy-handle-and-charcoal-to\/\">cazoleta permite almacenar m\u00e1s material para fumar<\/a> para sesiones m\u00e1s largas.<\/p>\n<p>Dise\u00f1ado para un uso intensivo, este <strong>glicerina <\/strong><a href=\"https:\/\/global-hookah.com\/product\/hand-carved-briar-pipe\/\">tubo de mano<\/a> puede soportar fuertes presiones de inhalaci\u00f3n sin romperse. Con su marcada estructura interior, proporciona una direcci\u00f3n \u00f3ptima y <a href=\"https:\/\/global-hookah.com\/product\/stainless-steel-led-remote-control-lamp-water-cigarette-pot-super-large-smoke-plate-wholesale\/\">control del humo<\/a> flujo, lo que se traduce en una mayor eficiencia del ahumado en general.<\/p>","protected":false},"excerpt":{"rendered":"<p>A diferencia de las pipas met\u00e1licas convencionales, esta pipa de mano en particular est\u00e1 construida con vidrio de alta calidad que puede proporcionarle<\/p>","protected":false},"featured_media":28066,"comment_status":"closed","ping_status":"closed","template":"","meta":{"iawp_total_views":0,"_joinchat":[]},"product_brand":[],"product_cat":[562,397],"product_tag":[],"class_list":{"0":"post-28060","1":"product","2":"type-product","3":"status-publish","4":"has-post-thumbnail","6":"product_cat-glass-pipe-wholesale","7":"product_cat-wholesale-weed-pipes","9":"first","10":"instock","11":"shipping-taxable","12":"product-type-external"},"yoast_head":"<!-- This site is optimized with the Yoast SEO Premium plugin v24.7 (Yoast SEO v26.8) - https:\/\/yoast.com\/product\/yoast-seo-premium-wordpress\/ -->\n<title>Glycerin Glass Spoon Hand Pipe Wholesale - Global Hookah<\/title>\n<meta name=\"robots\" content=\"index, follow, max-snippet:-1, max-image-preview:large, max-video-preview:-1\" \/>\n<link rel=\"canonical\" href=\"https:\/\/global-hookah.com\/es\/producto\/glycerin-glass-spoon-hand-pipe-wholesale\/\" \/>\n<meta property=\"og:locale\" content=\"es_ES\" \/>\n<meta property=\"og:type\" content=\"article\" \/>\n<meta property=\"og:title\" content=\"Glycerin Glass Spoon Hand Pipe Wholesale\" \/>\n<meta property=\"og:description\" content=\"Different from the conventional metallic pipes, this particular hand pipe is constructed with high-quality glass that can provide you with\" \/>\n<meta property=\"og:url\" content=\"https:\/\/global-hookah.com\/es\/producto\/glycerin-glass-spoon-hand-pipe-wholesale\/\" \/>\n<meta property=\"og:site_name\" content=\"Global Hookah\" \/>\n<meta property=\"article:modified_time\" content=\"2024-06-26T03:27:23+00:00\" \/>\n<meta property=\"og:image\" content=\"https:\/\/global-hookah.com\/wp-content\/uploads\/2024\/06\/f8320661-bc33-4018-a471-718229496a1e.webp\" \/>\n\t<meta property=\"og:image:width\" content=\"800\" \/>\n\t<meta property=\"og:image:height\" content=\"800\" \/>\n\t<meta property=\"og:image:type\" content=\"image\/webp\" \/>\n<meta name=\"twitter:card\" content=\"summary_large_image\" \/>\n<meta name=\"twitter:label1\" content=\"Tiempo de lectura\" \/>\n\t<meta name=\"twitter:data1\" content=\"1 minuto\" \/>\n<script type=\"application\/ld+json\" class=\"yoast-schema-graph\">{\"@context\":\"https:\/\/schema.org\",\"@graph\":[{\"@type\":\"WebPage\",\"@id\":\"https:\/\/global-hookah.com\/product\/glycerin-glass-spoon-hand-pipe-wholesale\/\",\"url\":\"https:\/\/global-hookah.com\/product\/glycerin-glass-spoon-hand-pipe-wholesale\/\",\"name\":\"Glycerin Glass Spoon Hand Pipe Wholesale - Global Hookah\",\"isPartOf\":{\"@id\":\"https:\/\/global-hookah.com\/#website\"},\"primaryImageOfPage\":{\"@id\":\"https:\/\/global-hookah.com\/product\/glycerin-glass-spoon-hand-pipe-wholesale\/#primaryimage\"},\"image\":{\"@id\":\"https:\/\/global-hookah.com\/product\/glycerin-glass-spoon-hand-pipe-wholesale\/#primaryimage\"},\"thumbnailUrl\":\"https:\/\/global-hookah.com\/wp-content\/uploads\/2024\/06\/f8320661-bc33-4018-a471-718229496a1e.webp\",\"datePublished\":\"2024-06-18T00:42:56+00:00\",\"dateModified\":\"2024-06-26T03:27:23+00:00\",\"breadcrumb\":{\"@id\":\"https:\/\/global-hookah.com\/product\/glycerin-glass-spoon-hand-pipe-wholesale\/#breadcrumb\"},\"inLanguage\":\"es\",\"potentialAction\":[{\"@type\":\"ReadAction\",\"target\":[\"https:\/\/global-hookah.com\/product\/glycerin-glass-spoon-hand-pipe-wholesale\/\"]}]},{\"@type\":\"ImageObject\",\"inLanguage\":\"es\",\"@id\":\"https:\/\/global-hookah.com\/product\/glycerin-glass-spoon-hand-pipe-wholesale\/#primaryimage\",\"url\":\"https:\/\/global-hookah.com\/wp-content\/uploads\/2024\/06\/f8320661-bc33-4018-a471-718229496a1e.webp\",\"contentUrl\":\"https:\/\/global-hookah.com\/wp-content\/uploads\/2024\/06\/f8320661-bc33-4018-a471-718229496a1e.webp\",\"width\":800,\"height\":800,\"caption\":\"Glycerin Glass Spoon Hand Pipe Wholesale\"},{\"@type\":\"BreadcrumbList\",\"@id\":\"https:\/\/global-hookah.com\/product\/glycerin-glass-spoon-hand-pipe-wholesale\/#breadcrumb\",\"itemListElement\":[{\"@type\":\"ListItem\",\"position\":1,\"name\":\"Home\",\"item\":\"https:\/\/global-hookah.com\/\"},{\"@type\":\"ListItem\",\"position\":2,\"name\":\"Shop\",\"item\":\"https:\/\/global-hookah.com\/shop\/\"},{\"@type\":\"ListItem\",\"position\":3,\"name\":\"Glycerin Glass Spoon Hand Pipe Wholesale\"}]},{\"@type\":\"WebSite\",\"@id\":\"https:\/\/global-hookah.com\/#website\",\"url\":\"https:\/\/global-hookah.com\/\",\"name\":\"Global Hookah\",\"description\":\"Global Hookah\",\"publisher\":{\"@id\":\"https:\/\/global-hookah.com\/#organization\"},\"potentialAction\":[{\"@type\":\"SearchAction\",\"target\":{\"@type\":\"EntryPoint\",\"urlTemplate\":\"https:\/\/global-hookah.com\/?s={search_term_string}\"},\"query-input\":{\"@type\":\"PropertyValueSpecification\",\"valueRequired\":true,\"valueName\":\"search_term_string\"}}],\"inLanguage\":\"es\"},{\"@type\":\"Organization\",\"@id\":\"https:\/\/global-hookah.com\/#organization\",\"name\":\"Global Hookah\",\"url\":\"https:\/\/global-hookah.com\/\",\"logo\":{\"@type\":\"ImageObject\",\"inLanguage\":\"es\",\"@id\":\"https:\/\/global-hookah.com\/#\/schema\/logo\/image\/\",\"url\":\"https:\/\/global-hookah.com\/wp-content\/uploads\/2021\/10\/cropped-fgg.png\",\"contentUrl\":\"https:\/\/global-hookah.com\/wp-content\/uploads\/2021\/10\/cropped-fgg.png\",\"width\":512,\"height\":512,\"caption\":\"Global Hookah\"},\"image\":{\"@id\":\"https:\/\/global-hookah.com\/#\/schema\/logo\/image\/\"}}]}<\/script>\n<!-- \/ Yoast SEO Premium plugin. -->","yoast_head_json":{"title":"Cuchara de vidrio con glicerina para pipa de mano al por mayor - Global Hookah","robots":{"index":"index","follow":"follow","max-snippet":"max-snippet:-1","max-image-preview":"max-image-preview:large","max-video-preview":"max-video-preview:-1"},"canonical":"https:\/\/global-hookah.com\/es\/producto\/glycerin-glass-spoon-hand-pipe-wholesale\/","og_locale":"es_ES","og_type":"article","og_title":"Glycerin Glass Spoon Hand Pipe Wholesale","og_description":"Different from the conventional metallic pipes, this particular hand pipe is constructed with high-quality glass that can provide you with","og_url":"https:\/\/global-hookah.com\/es\/producto\/glycerin-glass-spoon-hand-pipe-wholesale\/","og_site_name":"Global Hookah","article_modified_time":"2024-06-26T03:27:23+00:00","og_image":[{"width":800,"height":800,"url":"https:\/\/global-hookah.com\/wp-content\/uploads\/2024\/06\/f8320661-bc33-4018-a471-718229496a1e.webp","type":"image\/webp"}],"twitter_card":"summary_large_image","twitter_misc":{"Tiempo de lectura":"1 minuto"},"schema":{"@context":"https:\/\/schema.org","@graph":[{"@type":"WebPage","@id":"https:\/\/global-hookah.com\/product\/glycerin-glass-spoon-hand-pipe-wholesale\/","url":"https:\/\/global-hookah.com\/product\/glycerin-glass-spoon-hand-pipe-wholesale\/","name":"Cuchara de vidrio con glicerina para pipa de mano al por mayor - Global Hookah","isPartOf":{"@id":"https:\/\/global-hookah.com\/#website"},"primaryImageOfPage":{"@id":"https:\/\/global-hookah.com\/product\/glycerin-glass-spoon-hand-pipe-wholesale\/#primaryimage"},"image":{"@id":"https:\/\/global-hookah.com\/product\/glycerin-glass-spoon-hand-pipe-wholesale\/#primaryimage"},"thumbnailUrl":"https:\/\/global-hookah.com\/wp-content\/uploads\/2024\/06\/f8320661-bc33-4018-a471-718229496a1e.webp","datePublished":"2024-06-18T00:42:56+00:00","dateModified":"2024-06-26T03:27:23+00:00","breadcrumb":{"@id":"https:\/\/global-hookah.com\/product\/glycerin-glass-spoon-hand-pipe-wholesale\/#breadcrumb"},"inLanguage":"es","potentialAction":[{"@type":"ReadAction","target":["https:\/\/global-hookah.com\/product\/glycerin-glass-spoon-hand-pipe-wholesale\/"]}]},{"@type":"ImageObject","inLanguage":"es","@id":"https:\/\/global-hookah.com\/product\/glycerin-glass-spoon-hand-pipe-wholesale\/#primaryimage","url":"https:\/\/global-hookah.com\/wp-content\/uploads\/2024\/06\/f8320661-bc33-4018-a471-718229496a1e.webp","contentUrl":"https:\/\/global-hookah.com\/wp-content\/uploads\/2024\/06\/f8320661-bc33-4018-a471-718229496a1e.webp","width":800,"height":800,"caption":"Glycerin Glass Spoon Hand Pipe Wholesale"},{"@type":"BreadcrumbList","@id":"https:\/\/global-hookah.com\/product\/glycerin-glass-spoon-hand-pipe-wholesale\/#breadcrumb","itemListElement":[{"@type":"ListItem","position":1,"name":"Home","item":"https:\/\/global-hookah.com\/"},{"@type":"ListItem","position":2,"name":"Shop","item":"https:\/\/global-hookah.com\/shop\/"},{"@type":"ListItem","position":3,"name":"Glycerin Glass Spoon Hand Pipe Wholesale"}]},{"@type":"WebSite","@id":"https:\/\/global-hookah.com\/#website","url":"https:\/\/global-hookah.com\/","name":"Global Hookah","description":"Global Hookah","publisher":{"@id":"https:\/\/global-hookah.com\/#organization"},"potentialAction":[{"@type":"SearchAction","target":{"@type":"EntryPoint","urlTemplate":"https:\/\/global-hookah.com\/?s={search_term_string}"},"query-input":{"@type":"PropertyValueSpecification","valueRequired":true,"valueName":"search_term_string"}}],"inLanguage":"es"},{"@type":"Organization","@id":"https:\/\/global-hookah.com\/#organization","name":"Global Hookah","url":"https:\/\/global-hookah.com\/","logo":{"@type":"ImageObject","inLanguage":"es","@id":"https:\/\/global-hookah.com\/#\/schema\/logo\/image\/","url":"https:\/\/global-hookah.com\/wp-content\/uploads\/2021\/10\/cropped-fgg.png","contentUrl":"https:\/\/global-hookah.com\/wp-content\/uploads\/2021\/10\/cropped-fgg.png","width":512,"height":512,"caption":"Global Hookah"},"image":{"@id":"https:\/\/global-hookah.com\/#\/schema\/logo\/image\/"}}]}},"_links":{"self":[{"href":"https:\/\/global-hookah.com\/es\/wp-json\/wp\/v2\/product\/28060","targetHints":{"allow":["GET"]}}],"collection":[{"href":"https:\/\/global-hookah.com\/es\/wp-json\/wp\/v2\/product"}],"about":[{"href":"https:\/\/global-hookah.com\/es\/wp-json\/wp\/v2\/types\/product"}],"replies":[{"embeddable":true,"href":"https:\/\/global-hookah.com\/es\/wp-json\/wp\/v2\/comments?post=28060"}],"version-history":[{"count":0,"href":"https:\/\/global-hookah.com\/es\/wp-json\/wp\/v2\/product\/28060\/revisions"}],"wp:featuredmedia":[{"embeddable":true,"href":"https:\/\/global-hookah.com\/es\/wp-json\/wp\/v2\/media\/28066"}],"wp:attachment":[{"href":"https:\/\/global-hookah.com\/es\/wp-json\/wp\/v2\/media?parent=28060"}],"wp:term":[{"taxonomy":"product_brand","embeddable":true,"href":"https:\/\/global-hookah.com\/es\/wp-json\/wp\/v2\/product_brand?post=28060"},{"taxonomy":"product_cat","embeddable":true,"href":"https:\/\/global-hookah.com\/es\/wp-json\/wp\/v2\/product_cat?post=28060"},{"taxonomy":"product_tag","embeddable":true,"href":"https:\/\/global-hookah.com\/es\/wp-json\/wp\/v2\/product_tag?post=28060"}],"curies":[{"name":"wp","href":"https:\/\/api.w.org\/{rel}","templated":true}]}}