{"id":28324,"date":"2024-07-09T08:25:02","date_gmt":"2024-07-09T08:25:02","guid":{"rendered":"https:\/\/global-hookah.com\/?post_type=product&#038;p=28324"},"modified":"2024-07-13T03:19:22","modified_gmt":"2024-07-13T03:19:22","slug":"strawberry-pipe-mug","status":"publish","type":"product","link":"https:\/\/global-hookah.com\/es\/producto\/strawberry-pipe-mug\/","title":{"rendered":"Taza de pipa de fresa al por mayor"},"content":{"rendered":"<p>Esta adorable taza tiene forma de fresa. Tiene un dise\u00f1o llamativo que es \u00fanico en su propio. El dise\u00f1o en s\u00ed hace que sea diferente de otras tazas de pipa disponibles en el mercado hoy en d\u00eda. Si le gustan los colores afrutados, entonces esta es la taza para usted; y tambi\u00e9n se puede utilizar como las normales. Admite hasta 50 ml de cualquier bebida que prefiera, tiene un peque\u00f1o asa en la parte posterior que facilita la sujeci\u00f3n al beber.<\/p>\n<p>Est\u00e1 hecha de material cer\u00e1mico, por lo que puede usarla cualquier persona; incluso los ni\u00f1os pueden usarla sin preocuparse de hacerse da\u00f1o o envenenarse. La tecnolog\u00eda de esmalte de color utilizada en esta taza de tubo hace que sea m\u00e1s vivo y brillante que otros a la venta en otros lugares - tan delicado que la limpieza se hace f\u00e1cil, as\u00ed como la seguridad lavavajillas tambi\u00e9n est\u00e1 garantizada a trav\u00e9s de tales m\u00e9todos empleados durante la fabricaci\u00f3n. Esta pieza en particular tiene un aspecto excepcional gracias a la aplicaci\u00f3n de esmaltes de colores durante su creaci\u00f3n, lo que le confiere un aspecto atractivo en general.<\/p>\n<p>Tambi\u00e9n puede regalarlas, sobre todo si est\u00e1n destinadas a personas a las que les encanta fumar pipas de tabaco o de hierba. Cualquier persona con un sentido de la diversi\u00f3n acerca de su <a href=\"https:\/\/global-hookah.com\/product\/wholesale-hookah-shisha-pipe-with-smoking-accessories\/\">accesorios para fumadores<\/a> encontrar\u00e1n estos art\u00edculos atractivos porque vienen en colores rojos brillantes y tienen dise\u00f1os juguetones incorporados en ellos.<\/p>\n<p>Si est\u00e1 buscando una idea de regalo original para alguien que fuma en pipa todo el d\u00eda, no busque m\u00e1s: \u00a1incluso la apertura de estos paquetes provocar\u00eda risas entre los destinatarios!<\/p>","protected":false},"excerpt":{"rendered":"<ul class=\"a-unordered-list a-vertical a-spacing-mini\">\n<li>Dise\u00f1o \u00fanico en forma de fresa<\/li>\n<li><a href=\"https:\/\/global-hookah.com\/product\/wake-and-bake-pipe-mug-wholesale\/\">Despertar y hornear<\/a><\/li>\n<li>La taza de pipa de fresa es un regalo perfecto<\/li>\n<li>Puede personalizarse<\/li>\n<li>Se puede apoyar la venta al por mayor<\/li>\n<li>Este producto es compatible con la venta al por mayor, la cantidad m\u00ednima al por mayor es de 50, si usted necesita para obtener el precio al por mayor, por favor p\u00f3ngase en contacto con nosotros en l\u00ednea<\/li>\n<\/ul>\n<p>[block id=\"85889-2\u2033]<\/p>","protected":false},"featured_media":28368,"comment_status":"closed","ping_status":"closed","template":"","meta":{"iawp_total_views":0,"_joinchat":[]},"product_brand":[],"product_cat":[921],"product_tag":[],"class_list":{"0":"post-28324","1":"product","2":"type-product","3":"status-publish","4":"has-post-thumbnail","6":"product_cat-wake-and-bake-mug-wholesale","8":"first","9":"instock","10":"shipping-taxable","11":"product-type-external"},"yoast_head":"<!-- This site is optimized with the Yoast SEO Premium plugin v24.7 (Yoast SEO v26.8) - https:\/\/yoast.com\/product\/yoast-seo-premium-wordpress\/ -->\n<title>Strawberry Pipe Mug Wholesale - Global Hookah<\/title>\n<meta name=\"robots\" content=\"index, follow, max-snippet:-1, max-image-preview:large, max-video-preview:-1\" \/>\n<link rel=\"canonical\" href=\"https:\/\/global-hookah.com\/es\/producto\/strawberry-pipe-mug\/\" \/>\n<meta property=\"og:locale\" content=\"es_ES\" \/>\n<meta property=\"og:type\" content=\"article\" \/>\n<meta property=\"og:title\" content=\"Strawberry Pipe Mug Wholesale\" \/>\n<meta property=\"og:description\" content=\"Unique Strawberry Shape Design  Wake And Bake  Strawberry Pipe Mug Is A Perfect Gift  Can support customization  Wholesale can be supported  This product supports wholesale, the minimum wholesale quantity is 50, if you need to get wholesale price, please contact us online  [block id=&quot;85889-2&quot;]\" \/>\n<meta property=\"og:url\" content=\"https:\/\/global-hookah.com\/es\/producto\/strawberry-pipe-mug\/\" \/>\n<meta property=\"og:site_name\" content=\"Global Hookah\" \/>\n<meta property=\"article:modified_time\" content=\"2024-07-13T03:19:22+00:00\" \/>\n<meta property=\"og:image\" content=\"https:\/\/global-hookah.com\/wp-content\/uploads\/2024\/07\/2b3d31f5bf1ed0a52e39fd8b735824d.jpg\" \/>\n\t<meta property=\"og:image:width\" content=\"800\" \/>\n\t<meta property=\"og:image:height\" content=\"800\" \/>\n\t<meta property=\"og:image:type\" content=\"image\/jpeg\" \/>\n<meta name=\"twitter:card\" content=\"summary_large_image\" \/>\n<meta name=\"twitter:label1\" content=\"Tiempo de lectura\" \/>\n\t<meta name=\"twitter:data1\" content=\"2 minutos\" \/>\n<script type=\"application\/ld+json\" class=\"yoast-schema-graph\">{\"@context\":\"https:\/\/schema.org\",\"@graph\":[{\"@type\":\"WebPage\",\"@id\":\"https:\/\/global-hookah.com\/product\/strawberry-pipe-mug\/\",\"url\":\"https:\/\/global-hookah.com\/product\/strawberry-pipe-mug\/\",\"name\":\"Strawberry Pipe Mug Wholesale - Global Hookah\",\"isPartOf\":{\"@id\":\"https:\/\/global-hookah.com\/#website\"},\"primaryImageOfPage\":{\"@id\":\"https:\/\/global-hookah.com\/product\/strawberry-pipe-mug\/#primaryimage\"},\"image\":{\"@id\":\"https:\/\/global-hookah.com\/product\/strawberry-pipe-mug\/#primaryimage\"},\"thumbnailUrl\":\"https:\/\/global-hookah.com\/wp-content\/uploads\/2024\/07\/2b3d31f5bf1ed0a52e39fd8b735824d.jpg\",\"datePublished\":\"2024-07-09T08:25:02+00:00\",\"dateModified\":\"2024-07-13T03:19:22+00:00\",\"breadcrumb\":{\"@id\":\"https:\/\/global-hookah.com\/product\/strawberry-pipe-mug\/#breadcrumb\"},\"inLanguage\":\"es\",\"potentialAction\":[{\"@type\":\"ReadAction\",\"target\":[\"https:\/\/global-hookah.com\/product\/strawberry-pipe-mug\/\"]}]},{\"@type\":\"ImageObject\",\"inLanguage\":\"es\",\"@id\":\"https:\/\/global-hookah.com\/product\/strawberry-pipe-mug\/#primaryimage\",\"url\":\"https:\/\/global-hookah.com\/wp-content\/uploads\/2024\/07\/2b3d31f5bf1ed0a52e39fd8b735824d.jpg\",\"contentUrl\":\"https:\/\/global-hookah.com\/wp-content\/uploads\/2024\/07\/2b3d31f5bf1ed0a52e39fd8b735824d.jpg\",\"width\":800,\"height\":800},{\"@type\":\"BreadcrumbList\",\"@id\":\"https:\/\/global-hookah.com\/product\/strawberry-pipe-mug\/#breadcrumb\",\"itemListElement\":[{\"@type\":\"ListItem\",\"position\":1,\"name\":\"Home\",\"item\":\"https:\/\/global-hookah.com\/\"},{\"@type\":\"ListItem\",\"position\":2,\"name\":\"Shop\",\"item\":\"https:\/\/global-hookah.com\/shop\/\"},{\"@type\":\"ListItem\",\"position\":3,\"name\":\"Strawberry Pipe Mug Wholesale\"}]},{\"@type\":\"WebSite\",\"@id\":\"https:\/\/global-hookah.com\/#website\",\"url\":\"https:\/\/global-hookah.com\/\",\"name\":\"Global Hookah\",\"description\":\"Global Hookah\",\"publisher\":{\"@id\":\"https:\/\/global-hookah.com\/#organization\"},\"potentialAction\":[{\"@type\":\"SearchAction\",\"target\":{\"@type\":\"EntryPoint\",\"urlTemplate\":\"https:\/\/global-hookah.com\/?s={search_term_string}\"},\"query-input\":{\"@type\":\"PropertyValueSpecification\",\"valueRequired\":true,\"valueName\":\"search_term_string\"}}],\"inLanguage\":\"es\"},{\"@type\":\"Organization\",\"@id\":\"https:\/\/global-hookah.com\/#organization\",\"name\":\"Global Hookah\",\"url\":\"https:\/\/global-hookah.com\/\",\"logo\":{\"@type\":\"ImageObject\",\"inLanguage\":\"es\",\"@id\":\"https:\/\/global-hookah.com\/#\/schema\/logo\/image\/\",\"url\":\"https:\/\/global-hookah.com\/wp-content\/uploads\/2021\/10\/cropped-fgg.png\",\"contentUrl\":\"https:\/\/global-hookah.com\/wp-content\/uploads\/2021\/10\/cropped-fgg.png\",\"width\":512,\"height\":512,\"caption\":\"Global Hookah\"},\"image\":{\"@id\":\"https:\/\/global-hookah.com\/#\/schema\/logo\/image\/\"}}]}<\/script>\n<!-- \/ Yoast SEO Premium plugin. -->","yoast_head_json":{"title":"Taza de pipa de fresa al por mayor - Global Hookah","robots":{"index":"index","follow":"follow","max-snippet":"max-snippet:-1","max-image-preview":"max-image-preview:large","max-video-preview":"max-video-preview:-1"},"canonical":"https:\/\/global-hookah.com\/es\/producto\/strawberry-pipe-mug\/","og_locale":"es_ES","og_type":"article","og_title":"Strawberry Pipe Mug Wholesale","og_description":"Unique Strawberry Shape Design  Wake And Bake  Strawberry Pipe Mug Is A Perfect Gift  Can support customization  Wholesale can be supported  This product supports wholesale, the minimum wholesale quantity is 50, if you need to get wholesale price, please contact us online  [block id=\"85889-2\"]","og_url":"https:\/\/global-hookah.com\/es\/producto\/strawberry-pipe-mug\/","og_site_name":"Global Hookah","article_modified_time":"2024-07-13T03:19:22+00:00","og_image":[{"width":800,"height":800,"url":"https:\/\/global-hookah.com\/wp-content\/uploads\/2024\/07\/2b3d31f5bf1ed0a52e39fd8b735824d.jpg","type":"image\/jpeg"}],"twitter_card":"summary_large_image","twitter_misc":{"Tiempo de lectura":"2 minutos"},"schema":{"@context":"https:\/\/schema.org","@graph":[{"@type":"WebPage","@id":"https:\/\/global-hookah.com\/product\/strawberry-pipe-mug\/","url":"https:\/\/global-hookah.com\/product\/strawberry-pipe-mug\/","name":"Taza de pipa de fresa al por mayor - Global Hookah","isPartOf":{"@id":"https:\/\/global-hookah.com\/#website"},"primaryImageOfPage":{"@id":"https:\/\/global-hookah.com\/product\/strawberry-pipe-mug\/#primaryimage"},"image":{"@id":"https:\/\/global-hookah.com\/product\/strawberry-pipe-mug\/#primaryimage"},"thumbnailUrl":"https:\/\/global-hookah.com\/wp-content\/uploads\/2024\/07\/2b3d31f5bf1ed0a52e39fd8b735824d.jpg","datePublished":"2024-07-09T08:25:02+00:00","dateModified":"2024-07-13T03:19:22+00:00","breadcrumb":{"@id":"https:\/\/global-hookah.com\/product\/strawberry-pipe-mug\/#breadcrumb"},"inLanguage":"es","potentialAction":[{"@type":"ReadAction","target":["https:\/\/global-hookah.com\/product\/strawberry-pipe-mug\/"]}]},{"@type":"ImageObject","inLanguage":"es","@id":"https:\/\/global-hookah.com\/product\/strawberry-pipe-mug\/#primaryimage","url":"https:\/\/global-hookah.com\/wp-content\/uploads\/2024\/07\/2b3d31f5bf1ed0a52e39fd8b735824d.jpg","contentUrl":"https:\/\/global-hookah.com\/wp-content\/uploads\/2024\/07\/2b3d31f5bf1ed0a52e39fd8b735824d.jpg","width":800,"height":800},{"@type":"BreadcrumbList","@id":"https:\/\/global-hookah.com\/product\/strawberry-pipe-mug\/#breadcrumb","itemListElement":[{"@type":"ListItem","position":1,"name":"Home","item":"https:\/\/global-hookah.com\/"},{"@type":"ListItem","position":2,"name":"Shop","item":"https:\/\/global-hookah.com\/shop\/"},{"@type":"ListItem","position":3,"name":"Strawberry Pipe Mug Wholesale"}]},{"@type":"WebSite","@id":"https:\/\/global-hookah.com\/#website","url":"https:\/\/global-hookah.com\/","name":"Global Hookah","description":"Global Hookah","publisher":{"@id":"https:\/\/global-hookah.com\/#organization"},"potentialAction":[{"@type":"SearchAction","target":{"@type":"EntryPoint","urlTemplate":"https:\/\/global-hookah.com\/?s={search_term_string}"},"query-input":{"@type":"PropertyValueSpecification","valueRequired":true,"valueName":"search_term_string"}}],"inLanguage":"es"},{"@type":"Organization","@id":"https:\/\/global-hookah.com\/#organization","name":"Global Hookah","url":"https:\/\/global-hookah.com\/","logo":{"@type":"ImageObject","inLanguage":"es","@id":"https:\/\/global-hookah.com\/#\/schema\/logo\/image\/","url":"https:\/\/global-hookah.com\/wp-content\/uploads\/2021\/10\/cropped-fgg.png","contentUrl":"https:\/\/global-hookah.com\/wp-content\/uploads\/2021\/10\/cropped-fgg.png","width":512,"height":512,"caption":"Global Hookah"},"image":{"@id":"https:\/\/global-hookah.com\/#\/schema\/logo\/image\/"}}]}},"_links":{"self":[{"href":"https:\/\/global-hookah.com\/es\/wp-json\/wp\/v2\/product\/28324","targetHints":{"allow":["GET"]}}],"collection":[{"href":"https:\/\/global-hookah.com\/es\/wp-json\/wp\/v2\/product"}],"about":[{"href":"https:\/\/global-hookah.com\/es\/wp-json\/wp\/v2\/types\/product"}],"replies":[{"embeddable":true,"href":"https:\/\/global-hookah.com\/es\/wp-json\/wp\/v2\/comments?post=28324"}],"version-history":[{"count":0,"href":"https:\/\/global-hookah.com\/es\/wp-json\/wp\/v2\/product\/28324\/revisions"}],"wp:featuredmedia":[{"embeddable":true,"href":"https:\/\/global-hookah.com\/es\/wp-json\/wp\/v2\/media\/28368"}],"wp:attachment":[{"href":"https:\/\/global-hookah.com\/es\/wp-json\/wp\/v2\/media?parent=28324"}],"wp:term":[{"taxonomy":"product_brand","embeddable":true,"href":"https:\/\/global-hookah.com\/es\/wp-json\/wp\/v2\/product_brand?post=28324"},{"taxonomy":"product_cat","embeddable":true,"href":"https:\/\/global-hookah.com\/es\/wp-json\/wp\/v2\/product_cat?post=28324"},{"taxonomy":"product_tag","embeddable":true,"href":"https:\/\/global-hookah.com\/es\/wp-json\/wp\/v2\/product_tag?post=28324"}],"curies":[{"name":"wp","href":"https:\/\/api.w.org\/{rel}","templated":true}]}}