{"id":28325,"date":"2024-07-09T08:25:02","date_gmt":"2024-07-09T08:25:02","guid":{"rendered":"https:\/\/global-hookah.com\/?post_type=product&#038;p=28325"},"modified":"2024-07-12T02:13:07","modified_gmt":"2024-07-12T02:13:07","slug":"coffee-pipe-mug-wholesale","status":"publish","type":"product","link":"https:\/\/global-hookah.com\/es\/producto\/coffee-pipe-mug-wholesale\/","title":{"rendered":"Taza de pipa de caf\u00e9 al por mayor"},"content":{"rendered":"<p>Si quiere saborear su t\u00e9 o caf\u00e9 mientras fuma, entonces la taza Coffee Pipe Mug es para usted. Con un orificio en el centro, esta taza permite fumar tabaco sin tener que sacarlo de la taza; y tambi\u00e9n funciona con hierbas, sea cual sea tu favorita.<\/p>\n<p>Para ciertas personas a las que les gusta tomar caf\u00e9, prefieren utilizar una taza de caf\u00e9 en forma de pipa que cualquier otro tipo. Si desea tomar caf\u00e9 y fumar tabaco simult\u00e1neamente, entonces esto es ideal.<\/p>\n<p>Adem\u00e1s, otra ventaja de emplear esta taza para pipa es que no requiere herramientas ni accesorios adicionales para que funcione bien. Basta con llenarla de agua, poner tabaco dentro, encenderla... \u00a1y empezar a fumar!<\/p>\n<p>Adem\u00e1s, es apto para microondas y lavavajillas, por lo que limpiarlo despu\u00e9s de usarlo es muy f\u00e1cil. Esto tambi\u00e9n puede servir como una buena idea de regalo para colegas amigos miembros de la familia, etc, adem\u00e1s de ser otro art\u00edculo de colecci\u00f3n, etc.<\/p>\n<p>Puedes verter cualquier l\u00edquido en esta taza sin cambiar su forma en absoluto; dise\u00f1ada tanto para bebidas fr\u00edas como calientes, ya sea caf\u00e9, t\u00e9, agua o whisky, \u00a1todo vale! Las tazas est\u00e1n hechas de material cer\u00e1mico por lo que tienen dise\u00f1os atractivos que hacen que se vean mucho mejor que otros modelos disponibles en el mercado hoy en d\u00eda .<\/p>","protected":false},"excerpt":{"rendered":"<ul class=\"a-unordered-list a-vertical a-spacing-mini\">\n<li>Esta taza de pipa de caf\u00e9 es una de las mejores maneras de disfrutar de su tiempo de caf\u00e9.<\/li>\n<li>La taza es de cer\u00e1mica y tiene capacidad para 15 onzas de l\u00edquido.<\/li>\n<li>El material cer\u00e1mico hace que esta taza sea m\u00e1s robusta y resistente al calor, por lo que se puede utilizar en el microondas y el lavavajillas.<\/li>\n<li>puede disfrutar fumando mientras toma una taza de caf\u00e9.<\/li>\n<li>Tama\u00f1o: 13,8 cm*12,5 cm*9,00 cm<\/li>\n<li>Puede personalizarse<\/li>\n<li><a href=\"https:\/\/www.muxiang.shop\/product-category\/pipe-mug\/\">Se puede apoyar la venta al por mayor<\/a><\/li>\n<\/ul>\n<p>[block id=\"85889-2\u2033]<\/p>","protected":false},"featured_media":28374,"comment_status":"closed","ping_status":"closed","template":"","meta":{"iawp_total_views":1,"_joinchat":[]},"product_brand":[],"product_cat":[921],"product_tag":[],"class_list":{"0":"post-28325","1":"product","2":"type-product","3":"status-publish","4":"has-post-thumbnail","6":"product_cat-wake-and-bake-mug-wholesale","8":"first","9":"instock","10":"shipping-taxable","11":"product-type-external"},"yoast_head":"<!-- This site is optimized with the Yoast SEO Premium plugin v24.7 (Yoast SEO v26.8) - https:\/\/yoast.com\/product\/yoast-seo-premium-wordpress\/ -->\n<title>Coffee Pipe Mug Wholesale - Global Hookah<\/title>\n<meta name=\"robots\" content=\"index, follow, max-snippet:-1, max-image-preview:large, max-video-preview:-1\" \/>\n<link rel=\"canonical\" href=\"https:\/\/global-hookah.com\/es\/producto\/coffee-pipe-mug-wholesale\/\" \/>\n<meta property=\"og:locale\" content=\"es_ES\" \/>\n<meta property=\"og:type\" content=\"article\" \/>\n<meta property=\"og:title\" content=\"Coffee Pipe Mug Wholesale\" \/>\n<meta property=\"og:description\" content=\"This Coffee Pipe Mug is one of the greatest way to enjoy your coffee time.  The mug is made of ceramic and holds 15 ounces of liquid.  Ceramic material makes this mug sturdier and heat resistant, which is safe to use in microwave oven and dishwasher.  you can enjoy smoking while having a cup of coffee.  Size: 13.8cm*12.5cm*9.00cm  Can support customization  Wholesale can be supported  [block id=&quot;85889-2&quot;]\" \/>\n<meta property=\"og:url\" content=\"https:\/\/global-hookah.com\/es\/producto\/coffee-pipe-mug-wholesale\/\" \/>\n<meta property=\"og:site_name\" content=\"Global Hookah\" \/>\n<meta property=\"article:modified_time\" content=\"2024-07-12T02:13:07+00:00\" \/>\n<meta property=\"og:image\" content=\"https:\/\/global-hookah.com\/wp-content\/uploads\/2024\/07\/2862213780_1062217536.jpg\" \/>\n\t<meta property=\"og:image:width\" content=\"800\" \/>\n\t<meta property=\"og:image:height\" content=\"800\" \/>\n\t<meta property=\"og:image:type\" content=\"image\/jpeg\" \/>\n<meta name=\"twitter:card\" content=\"summary_large_image\" \/>\n<meta name=\"twitter:label1\" content=\"Tiempo de lectura\" \/>\n\t<meta name=\"twitter:data1\" content=\"2 minutos\" \/>\n<script type=\"application\/ld+json\" class=\"yoast-schema-graph\">{\"@context\":\"https:\/\/schema.org\",\"@graph\":[{\"@type\":\"WebPage\",\"@id\":\"https:\/\/global-hookah.com\/product\/coffee-pipe-mug-wholesale\/\",\"url\":\"https:\/\/global-hookah.com\/product\/coffee-pipe-mug-wholesale\/\",\"name\":\"Coffee Pipe Mug Wholesale - Global Hookah\",\"isPartOf\":{\"@id\":\"https:\/\/global-hookah.com\/#website\"},\"primaryImageOfPage\":{\"@id\":\"https:\/\/global-hookah.com\/product\/coffee-pipe-mug-wholesale\/#primaryimage\"},\"image\":{\"@id\":\"https:\/\/global-hookah.com\/product\/coffee-pipe-mug-wholesale\/#primaryimage\"},\"thumbnailUrl\":\"https:\/\/global-hookah.com\/wp-content\/uploads\/2024\/07\/2862213780_1062217536.jpg\",\"datePublished\":\"2024-07-09T08:25:02+00:00\",\"dateModified\":\"2024-07-12T02:13:07+00:00\",\"breadcrumb\":{\"@id\":\"https:\/\/global-hookah.com\/product\/coffee-pipe-mug-wholesale\/#breadcrumb\"},\"inLanguage\":\"es\",\"potentialAction\":[{\"@type\":\"ReadAction\",\"target\":[\"https:\/\/global-hookah.com\/product\/coffee-pipe-mug-wholesale\/\"]}]},{\"@type\":\"ImageObject\",\"inLanguage\":\"es\",\"@id\":\"https:\/\/global-hookah.com\/product\/coffee-pipe-mug-wholesale\/#primaryimage\",\"url\":\"https:\/\/global-hookah.com\/wp-content\/uploads\/2024\/07\/2862213780_1062217536.jpg\",\"contentUrl\":\"https:\/\/global-hookah.com\/wp-content\/uploads\/2024\/07\/2862213780_1062217536.jpg\",\"width\":800,\"height\":800},{\"@type\":\"BreadcrumbList\",\"@id\":\"https:\/\/global-hookah.com\/product\/coffee-pipe-mug-wholesale\/#breadcrumb\",\"itemListElement\":[{\"@type\":\"ListItem\",\"position\":1,\"name\":\"Home\",\"item\":\"https:\/\/global-hookah.com\/\"},{\"@type\":\"ListItem\",\"position\":2,\"name\":\"Shop\",\"item\":\"https:\/\/global-hookah.com\/shop\/\"},{\"@type\":\"ListItem\",\"position\":3,\"name\":\"Coffee Pipe Mug Wholesale\"}]},{\"@type\":\"WebSite\",\"@id\":\"https:\/\/global-hookah.com\/#website\",\"url\":\"https:\/\/global-hookah.com\/\",\"name\":\"Global Hookah\",\"description\":\"Global Hookah\",\"publisher\":{\"@id\":\"https:\/\/global-hookah.com\/#organization\"},\"potentialAction\":[{\"@type\":\"SearchAction\",\"target\":{\"@type\":\"EntryPoint\",\"urlTemplate\":\"https:\/\/global-hookah.com\/?s={search_term_string}\"},\"query-input\":{\"@type\":\"PropertyValueSpecification\",\"valueRequired\":true,\"valueName\":\"search_term_string\"}}],\"inLanguage\":\"es\"},{\"@type\":\"Organization\",\"@id\":\"https:\/\/global-hookah.com\/#organization\",\"name\":\"Global Hookah\",\"url\":\"https:\/\/global-hookah.com\/\",\"logo\":{\"@type\":\"ImageObject\",\"inLanguage\":\"es\",\"@id\":\"https:\/\/global-hookah.com\/#\/schema\/logo\/image\/\",\"url\":\"https:\/\/global-hookah.com\/wp-content\/uploads\/2021\/10\/cropped-fgg.png\",\"contentUrl\":\"https:\/\/global-hookah.com\/wp-content\/uploads\/2021\/10\/cropped-fgg.png\",\"width\":512,\"height\":512,\"caption\":\"Global Hookah\"},\"image\":{\"@id\":\"https:\/\/global-hookah.com\/#\/schema\/logo\/image\/\"}}]}<\/script>\n<!-- \/ Yoast SEO Premium plugin. -->","yoast_head_json":{"title":"Taza de pipa de caf\u00e9 al por mayor - Global Hookah","robots":{"index":"index","follow":"follow","max-snippet":"max-snippet:-1","max-image-preview":"max-image-preview:large","max-video-preview":"max-video-preview:-1"},"canonical":"https:\/\/global-hookah.com\/es\/producto\/coffee-pipe-mug-wholesale\/","og_locale":"es_ES","og_type":"article","og_title":"Coffee Pipe Mug Wholesale","og_description":"This Coffee Pipe Mug is one of the greatest way to enjoy your coffee time.  The mug is made of ceramic and holds 15 ounces of liquid.  Ceramic material makes this mug sturdier and heat resistant, which is safe to use in microwave oven and dishwasher.  you can enjoy smoking while having a cup of coffee.  Size: 13.8cm*12.5cm*9.00cm  Can support customization  Wholesale can be supported  [block id=\"85889-2\"]","og_url":"https:\/\/global-hookah.com\/es\/producto\/coffee-pipe-mug-wholesale\/","og_site_name":"Global Hookah","article_modified_time":"2024-07-12T02:13:07+00:00","og_image":[{"width":800,"height":800,"url":"https:\/\/global-hookah.com\/wp-content\/uploads\/2024\/07\/2862213780_1062217536.jpg","type":"image\/jpeg"}],"twitter_card":"summary_large_image","twitter_misc":{"Tiempo de lectura":"2 minutos"},"schema":{"@context":"https:\/\/schema.org","@graph":[{"@type":"WebPage","@id":"https:\/\/global-hookah.com\/product\/coffee-pipe-mug-wholesale\/","url":"https:\/\/global-hookah.com\/product\/coffee-pipe-mug-wholesale\/","name":"Taza de pipa de caf\u00e9 al por mayor - Global Hookah","isPartOf":{"@id":"https:\/\/global-hookah.com\/#website"},"primaryImageOfPage":{"@id":"https:\/\/global-hookah.com\/product\/coffee-pipe-mug-wholesale\/#primaryimage"},"image":{"@id":"https:\/\/global-hookah.com\/product\/coffee-pipe-mug-wholesale\/#primaryimage"},"thumbnailUrl":"https:\/\/global-hookah.com\/wp-content\/uploads\/2024\/07\/2862213780_1062217536.jpg","datePublished":"2024-07-09T08:25:02+00:00","dateModified":"2024-07-12T02:13:07+00:00","breadcrumb":{"@id":"https:\/\/global-hookah.com\/product\/coffee-pipe-mug-wholesale\/#breadcrumb"},"inLanguage":"es","potentialAction":[{"@type":"ReadAction","target":["https:\/\/global-hookah.com\/product\/coffee-pipe-mug-wholesale\/"]}]},{"@type":"ImageObject","inLanguage":"es","@id":"https:\/\/global-hookah.com\/product\/coffee-pipe-mug-wholesale\/#primaryimage","url":"https:\/\/global-hookah.com\/wp-content\/uploads\/2024\/07\/2862213780_1062217536.jpg","contentUrl":"https:\/\/global-hookah.com\/wp-content\/uploads\/2024\/07\/2862213780_1062217536.jpg","width":800,"height":800},{"@type":"BreadcrumbList","@id":"https:\/\/global-hookah.com\/product\/coffee-pipe-mug-wholesale\/#breadcrumb","itemListElement":[{"@type":"ListItem","position":1,"name":"Home","item":"https:\/\/global-hookah.com\/"},{"@type":"ListItem","position":2,"name":"Shop","item":"https:\/\/global-hookah.com\/shop\/"},{"@type":"ListItem","position":3,"name":"Coffee Pipe Mug Wholesale"}]},{"@type":"WebSite","@id":"https:\/\/global-hookah.com\/#website","url":"https:\/\/global-hookah.com\/","name":"Global Hookah","description":"Global Hookah","publisher":{"@id":"https:\/\/global-hookah.com\/#organization"},"potentialAction":[{"@type":"SearchAction","target":{"@type":"EntryPoint","urlTemplate":"https:\/\/global-hookah.com\/?s={search_term_string}"},"query-input":{"@type":"PropertyValueSpecification","valueRequired":true,"valueName":"search_term_string"}}],"inLanguage":"es"},{"@type":"Organization","@id":"https:\/\/global-hookah.com\/#organization","name":"Global Hookah","url":"https:\/\/global-hookah.com\/","logo":{"@type":"ImageObject","inLanguage":"es","@id":"https:\/\/global-hookah.com\/#\/schema\/logo\/image\/","url":"https:\/\/global-hookah.com\/wp-content\/uploads\/2021\/10\/cropped-fgg.png","contentUrl":"https:\/\/global-hookah.com\/wp-content\/uploads\/2021\/10\/cropped-fgg.png","width":512,"height":512,"caption":"Global Hookah"},"image":{"@id":"https:\/\/global-hookah.com\/#\/schema\/logo\/image\/"}}]}},"_links":{"self":[{"href":"https:\/\/global-hookah.com\/es\/wp-json\/wp\/v2\/product\/28325","targetHints":{"allow":["GET"]}}],"collection":[{"href":"https:\/\/global-hookah.com\/es\/wp-json\/wp\/v2\/product"}],"about":[{"href":"https:\/\/global-hookah.com\/es\/wp-json\/wp\/v2\/types\/product"}],"replies":[{"embeddable":true,"href":"https:\/\/global-hookah.com\/es\/wp-json\/wp\/v2\/comments?post=28325"}],"version-history":[{"count":0,"href":"https:\/\/global-hookah.com\/es\/wp-json\/wp\/v2\/product\/28325\/revisions"}],"wp:featuredmedia":[{"embeddable":true,"href":"https:\/\/global-hookah.com\/es\/wp-json\/wp\/v2\/media\/28374"}],"wp:attachment":[{"href":"https:\/\/global-hookah.com\/es\/wp-json\/wp\/v2\/media?parent=28325"}],"wp:term":[{"taxonomy":"product_brand","embeddable":true,"href":"https:\/\/global-hookah.com\/es\/wp-json\/wp\/v2\/product_brand?post=28325"},{"taxonomy":"product_cat","embeddable":true,"href":"https:\/\/global-hookah.com\/es\/wp-json\/wp\/v2\/product_cat?post=28325"},{"taxonomy":"product_tag","embeddable":true,"href":"https:\/\/global-hookah.com\/es\/wp-json\/wp\/v2\/product_tag?post=28325"}],"curies":[{"name":"wp","href":"https:\/\/api.w.org\/{rel}","templated":true}]}}