{"id":28327,"date":"2024-07-09T08:25:02","date_gmt":"2024-07-09T08:25:02","guid":{"rendered":"https:\/\/global-hookah.com\/?post_type=product&#038;p=28327"},"modified":"2024-07-13T03:18:45","modified_gmt":"2024-07-13T03:18:45","slug":"ceramic-smoking-pipe-mug-wholesale","status":"publish","type":"product","link":"https:\/\/global-hookah.com\/es\/producto\/ceramic-smoking-pipe-mug-wholesale\/","title":{"rendered":"Taza de cer\u00e1mica para pipa de fumar al por mayor"},"content":{"rendered":"<p>&nbsp;<\/p>\n<p>Esta taza de cer\u00e1mica en forma de pipa es la forma perfecta de fumar su bebida caliente favorita. La taza se asemeja a una pipa y tiene una zona en forma de cuenco en la parte superior donde puedes envasar tabaco. Tiene un peque\u00f1o orificio en un lado que te permite sacar humo de la cazoleta mientras te tomas el caf\u00e9.<\/p>\n<p>Esta taza de cer\u00e1mica para pipa es la mejor forma de empezar la ma\u00f1ana. La pipa de cer\u00e1mica incorporada mantiene caliente tu caf\u00e9 o t\u00e9, y la parte delantera de la taza tambi\u00e9n cuenta con una cazoleta para que puedas disfrutar de una fumada sin tener que cargar con una pipa extra. Adem\u00e1s, esta taza tiene una c\u00f3moda asa que facilita el consumo; por otra parte, su boquilla garantiza que todas las fumadas se desplacen verticalmente.<\/p>\n<p>Los que se desplazan con frecuencia y les gusta disfrutar de sus bebidas mientras viajan apreciar\u00e1n esta taza de cer\u00e1mica con asa robusta que proporciona un mejor agarre. Esta taza de aspecto elegante funciona bien durante cualquier evento, ya que retiene el calor mucho m\u00e1s tiempo debido a su material est\u00e1 hecho de cer\u00e1mica.<\/p>\n<p>No tienes que preocuparte por la limpieza despu\u00e9s de usar este producto porque es apto para lavavajillas y tambi\u00e9n para microondas. As\u00ed que, tanto si necesitas otra taza para ti como si quieres regalar una a otra persona, no busques m\u00e1s: nuestra Taza de Cer\u00e1mica Personalizable para Pipa satisfar\u00e1 sin duda todas tus necesidades.<\/p>\n<p>&nbsp;<\/p>","protected":false},"excerpt":{"rendered":"<ul class=\"a-unordered-list a-vertical a-spacing-mini\">\n<li>Un gran regalo<\/li>\n<li>Tama\u00f1o \uff1a11.2cm*10.3cm*9.6cm<\/li>\n<li>Capacidad\uff1a 301ml-400ml<\/li>\n<li>Apto para microondas y lavavajillas<\/li>\n<li>Logotipo personalizado (pedido m\u00edn. 100 unidades)<br \/>\nEmbalaje personalizado (pedido m\u00edn. 100 unidades)<br \/>\nPersonalizaci\u00f3n gr\u00e1fica (pedido m\u00edn. 100 unidades)<\/li>\n<\/ul>\n<p>[block id=\"85889-2\u2033]<\/p>","protected":false},"featured_media":28388,"comment_status":"open","ping_status":"closed","template":"","meta":{"iawp_total_views":4,"_joinchat":[]},"product_brand":[],"product_cat":[921],"product_tag":[],"class_list":{"0":"post-28327","1":"product","2":"type-product","3":"status-publish","4":"has-post-thumbnail","6":"product_cat-wake-and-bake-mug-wholesale","8":"first","9":"instock","10":"shipping-taxable","11":"product-type-external"},"yoast_head":"<!-- This site is optimized with the Yoast SEO Premium plugin v24.7 (Yoast SEO v26.8) - https:\/\/yoast.com\/product\/yoast-seo-premium-wordpress\/ -->\n<title>Ceramic Smoking Pipe Mug Wholesale - Global Hookah<\/title>\n<meta name=\"robots\" content=\"index, follow, max-snippet:-1, max-image-preview:large, max-video-preview:-1\" \/>\n<link rel=\"canonical\" href=\"https:\/\/global-hookah.com\/es\/producto\/ceramic-smoking-pipe-mug-wholesale\/\" \/>\n<meta property=\"og:locale\" content=\"es_ES\" \/>\n<meta property=\"og:type\" content=\"article\" \/>\n<meta property=\"og:title\" content=\"Ceramic Smoking Pipe Mug Wholesale\" \/>\n<meta property=\"og:description\" content=\"Makes Great Gift!  Size \uff1a11.2cm*10.3cm*9.6cm  Holds\uff1a 301ml-400ml  Microwave And Dishwasher Safe  Customized logo(Min. order 100 pieces) Customized packaging(Min. order 100 pieces) Graphic customization(Min. order 100 pieces)  [block id=&quot;85889-2&quot;]\" \/>\n<meta property=\"og:url\" content=\"https:\/\/global-hookah.com\/es\/producto\/ceramic-smoking-pipe-mug-wholesale\/\" \/>\n<meta property=\"og:site_name\" content=\"Global Hookah\" \/>\n<meta property=\"article:modified_time\" content=\"2024-07-13T03:18:45+00:00\" \/>\n<meta property=\"og:image\" content=\"https:\/\/global-hookah.com\/wp-content\/uploads\/2024\/07\/11715880751_1062217536.jpg\" \/>\n\t<meta property=\"og:image:width\" content=\"800\" \/>\n\t<meta property=\"og:image:height\" content=\"800\" \/>\n\t<meta property=\"og:image:type\" content=\"image\/jpeg\" \/>\n<meta name=\"twitter:card\" content=\"summary_large_image\" \/>\n<meta name=\"twitter:label1\" content=\"Tiempo de lectura\" \/>\n\t<meta name=\"twitter:data1\" content=\"2 minutos\" \/>\n<script type=\"application\/ld+json\" class=\"yoast-schema-graph\">{\"@context\":\"https:\/\/schema.org\",\"@graph\":[{\"@type\":\"WebPage\",\"@id\":\"https:\/\/global-hookah.com\/product\/ceramic-smoking-pipe-mug-wholesale\/\",\"url\":\"https:\/\/global-hookah.com\/product\/ceramic-smoking-pipe-mug-wholesale\/\",\"name\":\"Ceramic Smoking Pipe Mug Wholesale - Global Hookah\",\"isPartOf\":{\"@id\":\"https:\/\/global-hookah.com\/#website\"},\"primaryImageOfPage\":{\"@id\":\"https:\/\/global-hookah.com\/product\/ceramic-smoking-pipe-mug-wholesale\/#primaryimage\"},\"image\":{\"@id\":\"https:\/\/global-hookah.com\/product\/ceramic-smoking-pipe-mug-wholesale\/#primaryimage\"},\"thumbnailUrl\":\"https:\/\/global-hookah.com\/wp-content\/uploads\/2024\/07\/11715880751_1062217536.jpg\",\"datePublished\":\"2024-07-09T08:25:02+00:00\",\"dateModified\":\"2024-07-13T03:18:45+00:00\",\"breadcrumb\":{\"@id\":\"https:\/\/global-hookah.com\/product\/ceramic-smoking-pipe-mug-wholesale\/#breadcrumb\"},\"inLanguage\":\"es\",\"potentialAction\":[{\"@type\":\"ReadAction\",\"target\":[\"https:\/\/global-hookah.com\/product\/ceramic-smoking-pipe-mug-wholesale\/\"]}]},{\"@type\":\"ImageObject\",\"inLanguage\":\"es\",\"@id\":\"https:\/\/global-hookah.com\/product\/ceramic-smoking-pipe-mug-wholesale\/#primaryimage\",\"url\":\"https:\/\/global-hookah.com\/wp-content\/uploads\/2024\/07\/11715880751_1062217536.jpg\",\"contentUrl\":\"https:\/\/global-hookah.com\/wp-content\/uploads\/2024\/07\/11715880751_1062217536.jpg\",\"width\":800,\"height\":800},{\"@type\":\"BreadcrumbList\",\"@id\":\"https:\/\/global-hookah.com\/product\/ceramic-smoking-pipe-mug-wholesale\/#breadcrumb\",\"itemListElement\":[{\"@type\":\"ListItem\",\"position\":1,\"name\":\"Home\",\"item\":\"https:\/\/global-hookah.com\/\"},{\"@type\":\"ListItem\",\"position\":2,\"name\":\"Shop\",\"item\":\"https:\/\/global-hookah.com\/shop\/\"},{\"@type\":\"ListItem\",\"position\":3,\"name\":\"Ceramic Smoking Pipe Mug Wholesale\"}]},{\"@type\":\"WebSite\",\"@id\":\"https:\/\/global-hookah.com\/#website\",\"url\":\"https:\/\/global-hookah.com\/\",\"name\":\"Global Hookah\",\"description\":\"Global Hookah\",\"publisher\":{\"@id\":\"https:\/\/global-hookah.com\/#organization\"},\"potentialAction\":[{\"@type\":\"SearchAction\",\"target\":{\"@type\":\"EntryPoint\",\"urlTemplate\":\"https:\/\/global-hookah.com\/?s={search_term_string}\"},\"query-input\":{\"@type\":\"PropertyValueSpecification\",\"valueRequired\":true,\"valueName\":\"search_term_string\"}}],\"inLanguage\":\"es\"},{\"@type\":\"Organization\",\"@id\":\"https:\/\/global-hookah.com\/#organization\",\"name\":\"Global Hookah\",\"url\":\"https:\/\/global-hookah.com\/\",\"logo\":{\"@type\":\"ImageObject\",\"inLanguage\":\"es\",\"@id\":\"https:\/\/global-hookah.com\/#\/schema\/logo\/image\/\",\"url\":\"https:\/\/global-hookah.com\/wp-content\/uploads\/2021\/10\/cropped-fgg.png\",\"contentUrl\":\"https:\/\/global-hookah.com\/wp-content\/uploads\/2021\/10\/cropped-fgg.png\",\"width\":512,\"height\":512,\"caption\":\"Global Hookah\"},\"image\":{\"@id\":\"https:\/\/global-hookah.com\/#\/schema\/logo\/image\/\"}}]}<\/script>\n<!-- \/ Yoast SEO Premium plugin. -->","yoast_head_json":{"title":"Taza de cer\u00e1mica para pipa de fumar al por mayor - Global Hookah","robots":{"index":"index","follow":"follow","max-snippet":"max-snippet:-1","max-image-preview":"max-image-preview:large","max-video-preview":"max-video-preview:-1"},"canonical":"https:\/\/global-hookah.com\/es\/producto\/ceramic-smoking-pipe-mug-wholesale\/","og_locale":"es_ES","og_type":"article","og_title":"Ceramic Smoking Pipe Mug Wholesale","og_description":"Makes Great Gift!  Size \uff1a11.2cm*10.3cm*9.6cm  Holds\uff1a 301ml-400ml  Microwave And Dishwasher Safe  Customized logo(Min. order 100 pieces) Customized packaging(Min. order 100 pieces) Graphic customization(Min. order 100 pieces)  [block id=\"85889-2\"]","og_url":"https:\/\/global-hookah.com\/es\/producto\/ceramic-smoking-pipe-mug-wholesale\/","og_site_name":"Global Hookah","article_modified_time":"2024-07-13T03:18:45+00:00","og_image":[{"width":800,"height":800,"url":"https:\/\/global-hookah.com\/wp-content\/uploads\/2024\/07\/11715880751_1062217536.jpg","type":"image\/jpeg"}],"twitter_card":"summary_large_image","twitter_misc":{"Tiempo de lectura":"2 minutos"},"schema":{"@context":"https:\/\/schema.org","@graph":[{"@type":"WebPage","@id":"https:\/\/global-hookah.com\/product\/ceramic-smoking-pipe-mug-wholesale\/","url":"https:\/\/global-hookah.com\/product\/ceramic-smoking-pipe-mug-wholesale\/","name":"Taza de cer\u00e1mica para pipa de fumar al por mayor - Global Hookah","isPartOf":{"@id":"https:\/\/global-hookah.com\/#website"},"primaryImageOfPage":{"@id":"https:\/\/global-hookah.com\/product\/ceramic-smoking-pipe-mug-wholesale\/#primaryimage"},"image":{"@id":"https:\/\/global-hookah.com\/product\/ceramic-smoking-pipe-mug-wholesale\/#primaryimage"},"thumbnailUrl":"https:\/\/global-hookah.com\/wp-content\/uploads\/2024\/07\/11715880751_1062217536.jpg","datePublished":"2024-07-09T08:25:02+00:00","dateModified":"2024-07-13T03:18:45+00:00","breadcrumb":{"@id":"https:\/\/global-hookah.com\/product\/ceramic-smoking-pipe-mug-wholesale\/#breadcrumb"},"inLanguage":"es","potentialAction":[{"@type":"ReadAction","target":["https:\/\/global-hookah.com\/product\/ceramic-smoking-pipe-mug-wholesale\/"]}]},{"@type":"ImageObject","inLanguage":"es","@id":"https:\/\/global-hookah.com\/product\/ceramic-smoking-pipe-mug-wholesale\/#primaryimage","url":"https:\/\/global-hookah.com\/wp-content\/uploads\/2024\/07\/11715880751_1062217536.jpg","contentUrl":"https:\/\/global-hookah.com\/wp-content\/uploads\/2024\/07\/11715880751_1062217536.jpg","width":800,"height":800},{"@type":"BreadcrumbList","@id":"https:\/\/global-hookah.com\/product\/ceramic-smoking-pipe-mug-wholesale\/#breadcrumb","itemListElement":[{"@type":"ListItem","position":1,"name":"Home","item":"https:\/\/global-hookah.com\/"},{"@type":"ListItem","position":2,"name":"Shop","item":"https:\/\/global-hookah.com\/shop\/"},{"@type":"ListItem","position":3,"name":"Ceramic Smoking Pipe Mug Wholesale"}]},{"@type":"WebSite","@id":"https:\/\/global-hookah.com\/#website","url":"https:\/\/global-hookah.com\/","name":"Global Hookah","description":"Global Hookah","publisher":{"@id":"https:\/\/global-hookah.com\/#organization"},"potentialAction":[{"@type":"SearchAction","target":{"@type":"EntryPoint","urlTemplate":"https:\/\/global-hookah.com\/?s={search_term_string}"},"query-input":{"@type":"PropertyValueSpecification","valueRequired":true,"valueName":"search_term_string"}}],"inLanguage":"es"},{"@type":"Organization","@id":"https:\/\/global-hookah.com\/#organization","name":"Global Hookah","url":"https:\/\/global-hookah.com\/","logo":{"@type":"ImageObject","inLanguage":"es","@id":"https:\/\/global-hookah.com\/#\/schema\/logo\/image\/","url":"https:\/\/global-hookah.com\/wp-content\/uploads\/2021\/10\/cropped-fgg.png","contentUrl":"https:\/\/global-hookah.com\/wp-content\/uploads\/2021\/10\/cropped-fgg.png","width":512,"height":512,"caption":"Global Hookah"},"image":{"@id":"https:\/\/global-hookah.com\/#\/schema\/logo\/image\/"}}]}},"_links":{"self":[{"href":"https:\/\/global-hookah.com\/es\/wp-json\/wp\/v2\/product\/28327","targetHints":{"allow":["GET"]}}],"collection":[{"href":"https:\/\/global-hookah.com\/es\/wp-json\/wp\/v2\/product"}],"about":[{"href":"https:\/\/global-hookah.com\/es\/wp-json\/wp\/v2\/types\/product"}],"replies":[{"embeddable":true,"href":"https:\/\/global-hookah.com\/es\/wp-json\/wp\/v2\/comments?post=28327"}],"version-history":[{"count":0,"href":"https:\/\/global-hookah.com\/es\/wp-json\/wp\/v2\/product\/28327\/revisions"}],"wp:featuredmedia":[{"embeddable":true,"href":"https:\/\/global-hookah.com\/es\/wp-json\/wp\/v2\/media\/28388"}],"wp:attachment":[{"href":"https:\/\/global-hookah.com\/es\/wp-json\/wp\/v2\/media?parent=28327"}],"wp:term":[{"taxonomy":"product_brand","embeddable":true,"href":"https:\/\/global-hookah.com\/es\/wp-json\/wp\/v2\/product_brand?post=28327"},{"taxonomy":"product_cat","embeddable":true,"href":"https:\/\/global-hookah.com\/es\/wp-json\/wp\/v2\/product_cat?post=28327"},{"taxonomy":"product_tag","embeddable":true,"href":"https:\/\/global-hookah.com\/es\/wp-json\/wp\/v2\/product_tag?post=28327"}],"curies":[{"name":"wp","href":"https:\/\/api.w.org\/{rel}","templated":true}]}}