{"id":28328,"date":"2024-07-09T08:25:03","date_gmt":"2024-07-09T08:25:03","guid":{"rendered":"https:\/\/global-hookah.com\/?post_type=product&#038;p=28328"},"modified":"2024-07-13T03:17:06","modified_gmt":"2024-07-13T03:17:06","slug":"multifunctional-pipe-mug","status":"publish","type":"product","link":"https:\/\/global-hookah.com\/es\/producto\/multifunctional-pipe-mug\/","title":{"rendered":"Taza de tubo multifuncional al por mayor"},"content":{"rendered":"<table>\n<tbody>\n<tr>\n<td width=\"284\">Nombre del producto<\/td>\n<td width=\"284\">tabaco Pipe Mug<\/td>\n<\/tr>\n<tr>\n<td width=\"284\">Material<\/td>\n<td width=\"284\">cer\u00e1mica<\/td>\n<\/tr>\n<tr>\n<td width=\"284\">\u00c1mbito de aplicaci\u00f3n<\/td>\n<td width=\"284\">Horno, Microondas, Lavavajillas, Esterilizador<\/td>\n<\/tr>\n<tr>\n<td width=\"284\">Apoyar o no la personalizaci\u00f3n<\/td>\n<td width=\"284\">Apoyo a la personalizaci\u00f3n<\/td>\n<\/tr>\n<\/tbody>\n<\/table>\n<p>Nuestra <a href=\"https:\/\/global-hookah.com\/product\/handmade-ceramic-pipes\/\">los tubos son de cer\u00e1mica de alta calidad<\/a> que garantiza su durabilidad y f\u00e1cil limpieza. No se trata de una taza de caf\u00e9 normal y corriente, ya que cuenta con un <a href=\"https:\/\/global-hookah.com\/product\/custom-design-creative-portable-water-pipe-wholesale\/\">dise\u00f1o creativo guerrero negro<\/a> intrigante e innovadora.<\/p>\n<p>Desde tiempos inmemoriales, <a href=\"https:\/\/global-hookah.com\/product\/purple-skull-glass-tobacco-pipe\/\">los fumadores de tabaco han utilizado pipas<\/a> fumar sus mezclas favoritas. Sin embargo, \u00bfy si tambi\u00e9n pudieras beber <a href=\"https:\/\/global-hookah.com\/product\/water-pipe-cup-wholesale\/\">tazas bien calientes<\/a> de t\u00e9 o caf\u00e9 de ellos?<\/p>\n<p>Nuestra <a href=\"https:\/\/global-hookah.com\/product\/handmade-sherlock-holmes-tobacco-pipe\/\">pipa de tabaco<\/a> \u00a1mug es la respuesta! Con un <a href=\"https:\/\/global-hookah.com\/product\/handcrafted-sandblasted-large-bowl-pipe\/\">cazoleta con forma de pipa<\/a> en su lateral, permite a los usuarios sorber su t\u00e9 o caf\u00e9 mientras fuman sus hierbas.<\/p>\n<p>La taza en s\u00ed est\u00e1 hecha de material cer\u00e1mico y puede lavarse con seguridad en el lavavajillas o calentarse en el microondas. Adem\u00e1s, no contiene plomo y est\u00e1 aprobada por la FDA para su uso con productos alimenticios. Su capacidad es de 600 ml para que puedas llenarla con la mayor cantidad de caf\u00e9 posible; adem\u00e1s, su <a href=\"https:\/\/global-hookah.com\/product\/bent-handmade-apple-design-smoking-pipes\/\">El dise\u00f1o atraer\u00e1 sin duda la atenci\u00f3n de otras personas, que empezar\u00e1n a preguntar d\u00f3nde pueden comprar unas tazas tan chulas para ellos o para sus amigos fumadores.<\/a>.<\/p>\n<p>Este art\u00edculo se adapta a cualquier persona interesada tanto en fumar como en beber tabaco, pero tambi\u00e9n es un regalo ideal para alguien cercano que comparta estos h\u00e1bitos. Por lo tanto, si necesita algo extraordinario y pr\u00e1ctico a la vez, no dude en pedir este fant\u00e1stico regalo. <a href=\"https:\/\/global-hookah.com\/product\/red-handmade-volcanic-tobacco-pipe\/\">pipa de tabaco<\/a> \u00a1taza hoy mismo!<\/p>\n<p>Nuestros h\u00e1biles artesanos asegurarse de que cada pieza se hace a mano de forma \u00fanica lo que les da diferentes formas de otros disponibles en otros lugares. Tazas de pipa de tabaco vienen en varias formas dependiendo de lo que quieren los clientes La mayor\u00eda de las veces los clientes pueden querer a medida que coincidan con sus deseos Si esto sucede por favor h\u00e1ganoslo saber a trav\u00e9s de correo electr\u00f3nico junto con sus especificaciones para que podamos darle una estimaci\u00f3n de costo apropiado<\/p>","protected":false},"excerpt":{"rendered":"<ul class=\"a-unordered-list a-vertical a-spacing-mini\">\n<li>Dise\u00f1o \u00fanico Samurai negro<\/li>\n<li>Asistencia al mayorista<\/li>\n<li>Con caja de regalo<\/li>\n<li>Regalo tem\u00e1tico para el amante de los samur\u00e1is negros de su vida,<\/li>\n<li><a href=\"https:\/\/global-hookah.com\/the-ultimate-hookah-cleaning-tutorial-how-to-keep-your-hookah-in-top-condition\/\">Mant\u00e9n tu caf\u00e9 caliente y tu taza limpia<\/a><\/li>\n<\/ul>\n<p>&nbsp;<\/p>","protected":false},"featured_media":28396,"comment_status":"open","ping_status":"closed","template":"","meta":{"iawp_total_views":3,"_joinchat":[]},"product_brand":[],"product_cat":[921],"product_tag":[],"class_list":{"0":"post-28328","1":"product","2":"type-product","3":"status-publish","4":"has-post-thumbnail","6":"product_cat-wake-and-bake-mug-wholesale","8":"first","9":"instock","10":"shipping-taxable","11":"product-type-external"},"yoast_head":"<!-- This site is optimized with the Yoast SEO Premium plugin v24.7 (Yoast SEO v26.8) - https:\/\/yoast.com\/product\/yoast-seo-premium-wordpress\/ -->\n<title>Multifunctional Pipe Mug Wholesale - Global Hookah<\/title>\n<meta name=\"robots\" content=\"index, follow, max-snippet:-1, max-image-preview:large, max-video-preview:-1\" \/>\n<link rel=\"canonical\" href=\"https:\/\/global-hookah.com\/es\/producto\/multifunctional-pipe-mug\/\" \/>\n<meta property=\"og:locale\" content=\"es_ES\" \/>\n<meta property=\"og:type\" content=\"article\" \/>\n<meta property=\"og:title\" content=\"Multifunctional Pipe Mug Wholesale\" \/>\n<meta property=\"og:description\" content=\"Unique Black Samurai Design  Support Wholesale  With Gift Box Packaging  Themed Gift For The Black Samurai Lover In Your Life,  Keep Your Coffee Warm And Your Mug Clean  &nbsp;\" \/>\n<meta property=\"og:url\" content=\"https:\/\/global-hookah.com\/es\/producto\/multifunctional-pipe-mug\/\" \/>\n<meta property=\"og:site_name\" content=\"Global Hookah\" \/>\n<meta property=\"article:modified_time\" content=\"2024-07-13T03:17:06+00:00\" \/>\n<meta property=\"og:image\" content=\"https:\/\/global-hookah.com\/wp-content\/uploads\/2024\/07\/O1CN01GTWrNE1cAz7i34GEj_1779663561-0-cib.jpg\" \/>\n\t<meta property=\"og:image:width\" content=\"750\" \/>\n\t<meta property=\"og:image:height\" content=\"750\" \/>\n\t<meta property=\"og:image:type\" content=\"image\/jpeg\" \/>\n<meta name=\"twitter:card\" content=\"summary_large_image\" \/>\n<meta name=\"twitter:label1\" content=\"Tiempo de lectura\" \/>\n\t<meta name=\"twitter:data1\" content=\"2 minutos\" \/>\n<script type=\"application\/ld+json\" class=\"yoast-schema-graph\">{\"@context\":\"https:\/\/schema.org\",\"@graph\":[{\"@type\":\"WebPage\",\"@id\":\"https:\/\/global-hookah.com\/product\/multifunctional-pipe-mug\/\",\"url\":\"https:\/\/global-hookah.com\/product\/multifunctional-pipe-mug\/\",\"name\":\"Multifunctional Pipe Mug Wholesale - Global Hookah\",\"isPartOf\":{\"@id\":\"https:\/\/global-hookah.com\/#website\"},\"primaryImageOfPage\":{\"@id\":\"https:\/\/global-hookah.com\/product\/multifunctional-pipe-mug\/#primaryimage\"},\"image\":{\"@id\":\"https:\/\/global-hookah.com\/product\/multifunctional-pipe-mug\/#primaryimage\"},\"thumbnailUrl\":\"https:\/\/global-hookah.com\/wp-content\/uploads\/2024\/07\/O1CN01GTWrNE1cAz7i34GEj_1779663561-0-cib.jpg\",\"datePublished\":\"2024-07-09T08:25:03+00:00\",\"dateModified\":\"2024-07-13T03:17:06+00:00\",\"breadcrumb\":{\"@id\":\"https:\/\/global-hookah.com\/product\/multifunctional-pipe-mug\/#breadcrumb\"},\"inLanguage\":\"es\",\"potentialAction\":[{\"@type\":\"ReadAction\",\"target\":[\"https:\/\/global-hookah.com\/product\/multifunctional-pipe-mug\/\"]}]},{\"@type\":\"ImageObject\",\"inLanguage\":\"es\",\"@id\":\"https:\/\/global-hookah.com\/product\/multifunctional-pipe-mug\/#primaryimage\",\"url\":\"https:\/\/global-hookah.com\/wp-content\/uploads\/2024\/07\/O1CN01GTWrNE1cAz7i34GEj_1779663561-0-cib.jpg\",\"contentUrl\":\"https:\/\/global-hookah.com\/wp-content\/uploads\/2024\/07\/O1CN01GTWrNE1cAz7i34GEj_1779663561-0-cib.jpg\",\"width\":750,\"height\":750},{\"@type\":\"BreadcrumbList\",\"@id\":\"https:\/\/global-hookah.com\/product\/multifunctional-pipe-mug\/#breadcrumb\",\"itemListElement\":[{\"@type\":\"ListItem\",\"position\":1,\"name\":\"Home\",\"item\":\"https:\/\/global-hookah.com\/\"},{\"@type\":\"ListItem\",\"position\":2,\"name\":\"Shop\",\"item\":\"https:\/\/global-hookah.com\/shop\/\"},{\"@type\":\"ListItem\",\"position\":3,\"name\":\"Multifunctional Pipe Mug Wholesale\"}]},{\"@type\":\"WebSite\",\"@id\":\"https:\/\/global-hookah.com\/#website\",\"url\":\"https:\/\/global-hookah.com\/\",\"name\":\"Global Hookah\",\"description\":\"Global Hookah\",\"publisher\":{\"@id\":\"https:\/\/global-hookah.com\/#organization\"},\"potentialAction\":[{\"@type\":\"SearchAction\",\"target\":{\"@type\":\"EntryPoint\",\"urlTemplate\":\"https:\/\/global-hookah.com\/?s={search_term_string}\"},\"query-input\":{\"@type\":\"PropertyValueSpecification\",\"valueRequired\":true,\"valueName\":\"search_term_string\"}}],\"inLanguage\":\"es\"},{\"@type\":\"Organization\",\"@id\":\"https:\/\/global-hookah.com\/#organization\",\"name\":\"Global Hookah\",\"url\":\"https:\/\/global-hookah.com\/\",\"logo\":{\"@type\":\"ImageObject\",\"inLanguage\":\"es\",\"@id\":\"https:\/\/global-hookah.com\/#\/schema\/logo\/image\/\",\"url\":\"https:\/\/global-hookah.com\/wp-content\/uploads\/2021\/10\/cropped-fgg.png\",\"contentUrl\":\"https:\/\/global-hookah.com\/wp-content\/uploads\/2021\/10\/cropped-fgg.png\",\"width\":512,\"height\":512,\"caption\":\"Global Hookah\"},\"image\":{\"@id\":\"https:\/\/global-hookah.com\/#\/schema\/logo\/image\/\"}}]}<\/script>\n<!-- \/ Yoast SEO Premium plugin. -->","yoast_head_json":{"title":"Taza de pipa multifuncional al por mayor - Global Hookah","robots":{"index":"index","follow":"follow","max-snippet":"max-snippet:-1","max-image-preview":"max-image-preview:large","max-video-preview":"max-video-preview:-1"},"canonical":"https:\/\/global-hookah.com\/es\/producto\/multifunctional-pipe-mug\/","og_locale":"es_ES","og_type":"article","og_title":"Multifunctional Pipe Mug Wholesale","og_description":"Unique Black Samurai Design  Support Wholesale  With Gift Box Packaging  Themed Gift For The Black Samurai Lover In Your Life,  Keep Your Coffee Warm And Your Mug Clean  &nbsp;","og_url":"https:\/\/global-hookah.com\/es\/producto\/multifunctional-pipe-mug\/","og_site_name":"Global Hookah","article_modified_time":"2024-07-13T03:17:06+00:00","og_image":[{"width":750,"height":750,"url":"https:\/\/global-hookah.com\/wp-content\/uploads\/2024\/07\/O1CN01GTWrNE1cAz7i34GEj_1779663561-0-cib.jpg","type":"image\/jpeg"}],"twitter_card":"summary_large_image","twitter_misc":{"Tiempo de lectura":"2 minutos"},"schema":{"@context":"https:\/\/schema.org","@graph":[{"@type":"WebPage","@id":"https:\/\/global-hookah.com\/product\/multifunctional-pipe-mug\/","url":"https:\/\/global-hookah.com\/product\/multifunctional-pipe-mug\/","name":"Taza de pipa multifuncional al por mayor - Global Hookah","isPartOf":{"@id":"https:\/\/global-hookah.com\/#website"},"primaryImageOfPage":{"@id":"https:\/\/global-hookah.com\/product\/multifunctional-pipe-mug\/#primaryimage"},"image":{"@id":"https:\/\/global-hookah.com\/product\/multifunctional-pipe-mug\/#primaryimage"},"thumbnailUrl":"https:\/\/global-hookah.com\/wp-content\/uploads\/2024\/07\/O1CN01GTWrNE1cAz7i34GEj_1779663561-0-cib.jpg","datePublished":"2024-07-09T08:25:03+00:00","dateModified":"2024-07-13T03:17:06+00:00","breadcrumb":{"@id":"https:\/\/global-hookah.com\/product\/multifunctional-pipe-mug\/#breadcrumb"},"inLanguage":"es","potentialAction":[{"@type":"ReadAction","target":["https:\/\/global-hookah.com\/product\/multifunctional-pipe-mug\/"]}]},{"@type":"ImageObject","inLanguage":"es","@id":"https:\/\/global-hookah.com\/product\/multifunctional-pipe-mug\/#primaryimage","url":"https:\/\/global-hookah.com\/wp-content\/uploads\/2024\/07\/O1CN01GTWrNE1cAz7i34GEj_1779663561-0-cib.jpg","contentUrl":"https:\/\/global-hookah.com\/wp-content\/uploads\/2024\/07\/O1CN01GTWrNE1cAz7i34GEj_1779663561-0-cib.jpg","width":750,"height":750},{"@type":"BreadcrumbList","@id":"https:\/\/global-hookah.com\/product\/multifunctional-pipe-mug\/#breadcrumb","itemListElement":[{"@type":"ListItem","position":1,"name":"Home","item":"https:\/\/global-hookah.com\/"},{"@type":"ListItem","position":2,"name":"Shop","item":"https:\/\/global-hookah.com\/shop\/"},{"@type":"ListItem","position":3,"name":"Multifunctional Pipe Mug Wholesale"}]},{"@type":"WebSite","@id":"https:\/\/global-hookah.com\/#website","url":"https:\/\/global-hookah.com\/","name":"Global Hookah","description":"Global Hookah","publisher":{"@id":"https:\/\/global-hookah.com\/#organization"},"potentialAction":[{"@type":"SearchAction","target":{"@type":"EntryPoint","urlTemplate":"https:\/\/global-hookah.com\/?s={search_term_string}"},"query-input":{"@type":"PropertyValueSpecification","valueRequired":true,"valueName":"search_term_string"}}],"inLanguage":"es"},{"@type":"Organization","@id":"https:\/\/global-hookah.com\/#organization","name":"Global Hookah","url":"https:\/\/global-hookah.com\/","logo":{"@type":"ImageObject","inLanguage":"es","@id":"https:\/\/global-hookah.com\/#\/schema\/logo\/image\/","url":"https:\/\/global-hookah.com\/wp-content\/uploads\/2021\/10\/cropped-fgg.png","contentUrl":"https:\/\/global-hookah.com\/wp-content\/uploads\/2021\/10\/cropped-fgg.png","width":512,"height":512,"caption":"Global Hookah"},"image":{"@id":"https:\/\/global-hookah.com\/#\/schema\/logo\/image\/"}}]}},"_links":{"self":[{"href":"https:\/\/global-hookah.com\/es\/wp-json\/wp\/v2\/product\/28328","targetHints":{"allow":["GET"]}}],"collection":[{"href":"https:\/\/global-hookah.com\/es\/wp-json\/wp\/v2\/product"}],"about":[{"href":"https:\/\/global-hookah.com\/es\/wp-json\/wp\/v2\/types\/product"}],"replies":[{"embeddable":true,"href":"https:\/\/global-hookah.com\/es\/wp-json\/wp\/v2\/comments?post=28328"}],"version-history":[{"count":0,"href":"https:\/\/global-hookah.com\/es\/wp-json\/wp\/v2\/product\/28328\/revisions"}],"wp:featuredmedia":[{"embeddable":true,"href":"https:\/\/global-hookah.com\/es\/wp-json\/wp\/v2\/media\/28396"}],"wp:attachment":[{"href":"https:\/\/global-hookah.com\/es\/wp-json\/wp\/v2\/media?parent=28328"}],"wp:term":[{"taxonomy":"product_brand","embeddable":true,"href":"https:\/\/global-hookah.com\/es\/wp-json\/wp\/v2\/product_brand?post=28328"},{"taxonomy":"product_cat","embeddable":true,"href":"https:\/\/global-hookah.com\/es\/wp-json\/wp\/v2\/product_cat?post=28328"},{"taxonomy":"product_tag","embeddable":true,"href":"https:\/\/global-hookah.com\/es\/wp-json\/wp\/v2\/product_tag?post=28328"}],"curies":[{"name":"wp","href":"https:\/\/api.w.org\/{rel}","templated":true}]}}