{"id":28329,"date":"2024-07-09T08:25:03","date_gmt":"2024-07-09T08:25:03","guid":{"rendered":"https:\/\/global-hookah.com\/?post_type=product&#038;p=28329"},"modified":"2024-07-20T02:32:08","modified_gmt":"2024-07-20T02:32:08","slug":"mushroom-wake-and-bake-mug","status":"publish","type":"product","link":"https:\/\/global-hookah.com\/es\/producto\/mushroom-wake-and-bake-mug\/","title":{"rendered":"Taza de setas al por mayor"},"content":{"rendered":"<table>\n<tbody>\n<tr>\n<td width=\"284\">Nombre del producto<\/td>\n<td width=\"284\"><a href=\"https:\/\/global-hookah.com\/product-category\/wake-and-bake-mug-wholesale\/\">Taza de pipa<\/a><\/td>\n<\/tr>\n<tr>\n<td width=\"284\">Capacidad<\/td>\n<td width=\"284\">200ML<\/td>\n<\/tr>\n<tr>\n<td width=\"284\">Peso<\/td>\n<td width=\"284\">0,57KG<\/td>\n<\/tr>\n<tr>\n<td width=\"284\">Apoyar o no la personalizaci\u00f3n<\/td>\n<td width=\"284\">Apoyo a la personalizaci\u00f3n<\/td>\n<\/tr>\n<tr>\n<td width=\"284\">Material<\/td>\n<td width=\"284\">Gres<\/td>\n<\/tr>\n<tr>\n<td width=\"284\">Dise\u00f1o<\/td>\n<td width=\"284\">Dise\u00f1o de setas<\/td>\n<\/tr>\n<\/tbody>\n<\/table>\n<p>&nbsp;<\/p>","protected":false},"excerpt":{"rendered":"<p>Este producto es compatible con la venta al por mayor, la cantidad m\u00ednima al por mayor es de 50, si usted necesita para obtener el precio al por mayor, por favor p\u00f3ngase en contacto con nosotros en l\u00ednea<\/p>\n<p>&nbsp;<\/p>","protected":false},"featured_media":28402,"comment_status":"open","ping_status":"closed","template":"","meta":{"iawp_total_views":1,"_joinchat":[]},"product_brand":[],"product_cat":[921],"product_tag":[],"class_list":{"0":"post-28329","1":"product","2":"type-product","3":"status-publish","4":"has-post-thumbnail","6":"product_cat-wake-and-bake-mug-wholesale","8":"first","9":"instock","10":"shipping-taxable","11":"product-type-external"},"yoast_head":"<!-- This site is optimized with the Yoast SEO Premium plugin v24.7 (Yoast SEO v26.8) - https:\/\/yoast.com\/product\/yoast-seo-premium-wordpress\/ -->\n<title>Mushroom Wake and Bake Mug Wholesale - Global Hookah<\/title>\n<meta name=\"robots\" content=\"index, follow, max-snippet:-1, max-image-preview:large, max-video-preview:-1\" \/>\n<link rel=\"canonical\" href=\"https:\/\/global-hookah.com\/es\/producto\/mushroom-wake-and-bake-mug\/\" \/>\n<meta property=\"og:locale\" content=\"es_ES\" \/>\n<meta property=\"og:type\" content=\"article\" \/>\n<meta property=\"og:title\" content=\"Mushroom Wake and Bake Mug Wholesale\" \/>\n<meta property=\"og:description\" content=\"This product supports wholesale, the minimum wholesale quantity is 50, if you need to get wholesale price, please contact us online  &nbsp;\" \/>\n<meta property=\"og:url\" content=\"https:\/\/global-hookah.com\/es\/producto\/mushroom-wake-and-bake-mug\/\" \/>\n<meta property=\"og:site_name\" content=\"Global Hookah\" \/>\n<meta property=\"article:modified_time\" content=\"2024-07-20T02:32:08+00:00\" \/>\n<meta property=\"og:image\" content=\"https:\/\/global-hookah.com\/wp-content\/uploads\/2024\/07\/O1CN01H1QMkn1cAz7qmMXms_1779663561-0-cib.jpg\" \/>\n\t<meta property=\"og:image:width\" content=\"800\" \/>\n\t<meta property=\"og:image:height\" content=\"800\" \/>\n\t<meta property=\"og:image:type\" content=\"image\/jpeg\" \/>\n<meta name=\"twitter:card\" content=\"summary_large_image\" \/>\n<meta name=\"twitter:label1\" content=\"Tiempo de lectura\" \/>\n\t<meta name=\"twitter:data1\" content=\"1 minuto\" \/>\n<script type=\"application\/ld+json\" class=\"yoast-schema-graph\">{\"@context\":\"https:\/\/schema.org\",\"@graph\":[{\"@type\":\"WebPage\",\"@id\":\"https:\/\/global-hookah.com\/product\/mushroom-wake-and-bake-mug\/\",\"url\":\"https:\/\/global-hookah.com\/product\/mushroom-wake-and-bake-mug\/\",\"name\":\"Mushroom Wake and Bake Mug Wholesale - Global Hookah\",\"isPartOf\":{\"@id\":\"https:\/\/global-hookah.com\/#website\"},\"primaryImageOfPage\":{\"@id\":\"https:\/\/global-hookah.com\/product\/mushroom-wake-and-bake-mug\/#primaryimage\"},\"image\":{\"@id\":\"https:\/\/global-hookah.com\/product\/mushroom-wake-and-bake-mug\/#primaryimage\"},\"thumbnailUrl\":\"https:\/\/global-hookah.com\/wp-content\/uploads\/2024\/07\/O1CN01H1QMkn1cAz7qmMXms_1779663561-0-cib.jpg\",\"datePublished\":\"2024-07-09T08:25:03+00:00\",\"dateModified\":\"2024-07-20T02:32:08+00:00\",\"breadcrumb\":{\"@id\":\"https:\/\/global-hookah.com\/product\/mushroom-wake-and-bake-mug\/#breadcrumb\"},\"inLanguage\":\"es\",\"potentialAction\":[{\"@type\":\"ReadAction\",\"target\":[\"https:\/\/global-hookah.com\/product\/mushroom-wake-and-bake-mug\/\"]}]},{\"@type\":\"ImageObject\",\"inLanguage\":\"es\",\"@id\":\"https:\/\/global-hookah.com\/product\/mushroom-wake-and-bake-mug\/#primaryimage\",\"url\":\"https:\/\/global-hookah.com\/wp-content\/uploads\/2024\/07\/O1CN01H1QMkn1cAz7qmMXms_1779663561-0-cib.jpg\",\"contentUrl\":\"https:\/\/global-hookah.com\/wp-content\/uploads\/2024\/07\/O1CN01H1QMkn1cAz7qmMXms_1779663561-0-cib.jpg\",\"width\":800,\"height\":800},{\"@type\":\"BreadcrumbList\",\"@id\":\"https:\/\/global-hookah.com\/product\/mushroom-wake-and-bake-mug\/#breadcrumb\",\"itemListElement\":[{\"@type\":\"ListItem\",\"position\":1,\"name\":\"Home\",\"item\":\"https:\/\/global-hookah.com\/\"},{\"@type\":\"ListItem\",\"position\":2,\"name\":\"Shop\",\"item\":\"https:\/\/global-hookah.com\/shop\/\"},{\"@type\":\"ListItem\",\"position\":3,\"name\":\"Mushroom Wake and Bake Mug Wholesale\"}]},{\"@type\":\"WebSite\",\"@id\":\"https:\/\/global-hookah.com\/#website\",\"url\":\"https:\/\/global-hookah.com\/\",\"name\":\"Global Hookah\",\"description\":\"Global Hookah\",\"publisher\":{\"@id\":\"https:\/\/global-hookah.com\/#organization\"},\"potentialAction\":[{\"@type\":\"SearchAction\",\"target\":{\"@type\":\"EntryPoint\",\"urlTemplate\":\"https:\/\/global-hookah.com\/?s={search_term_string}\"},\"query-input\":{\"@type\":\"PropertyValueSpecification\",\"valueRequired\":true,\"valueName\":\"search_term_string\"}}],\"inLanguage\":\"es\"},{\"@type\":\"Organization\",\"@id\":\"https:\/\/global-hookah.com\/#organization\",\"name\":\"Global Hookah\",\"url\":\"https:\/\/global-hookah.com\/\",\"logo\":{\"@type\":\"ImageObject\",\"inLanguage\":\"es\",\"@id\":\"https:\/\/global-hookah.com\/#\/schema\/logo\/image\/\",\"url\":\"https:\/\/global-hookah.com\/wp-content\/uploads\/2021\/10\/cropped-fgg.png\",\"contentUrl\":\"https:\/\/global-hookah.com\/wp-content\/uploads\/2021\/10\/cropped-fgg.png\",\"width\":512,\"height\":512,\"caption\":\"Global Hookah\"},\"image\":{\"@id\":\"https:\/\/global-hookah.com\/#\/schema\/logo\/image\/\"}}]}<\/script>\n<!-- \/ Yoast SEO Premium plugin. -->","yoast_head_json":{"title":"Taza de setas Wake and Bake al por mayor - Global Hookah","robots":{"index":"index","follow":"follow","max-snippet":"max-snippet:-1","max-image-preview":"max-image-preview:large","max-video-preview":"max-video-preview:-1"},"canonical":"https:\/\/global-hookah.com\/es\/producto\/mushroom-wake-and-bake-mug\/","og_locale":"es_ES","og_type":"article","og_title":"Mushroom Wake and Bake Mug Wholesale","og_description":"This product supports wholesale, the minimum wholesale quantity is 50, if you need to get wholesale price, please contact us online  &nbsp;","og_url":"https:\/\/global-hookah.com\/es\/producto\/mushroom-wake-and-bake-mug\/","og_site_name":"Global Hookah","article_modified_time":"2024-07-20T02:32:08+00:00","og_image":[{"width":800,"height":800,"url":"https:\/\/global-hookah.com\/wp-content\/uploads\/2024\/07\/O1CN01H1QMkn1cAz7qmMXms_1779663561-0-cib.jpg","type":"image\/jpeg"}],"twitter_card":"summary_large_image","twitter_misc":{"Tiempo de lectura":"1 minuto"},"schema":{"@context":"https:\/\/schema.org","@graph":[{"@type":"WebPage","@id":"https:\/\/global-hookah.com\/product\/mushroom-wake-and-bake-mug\/","url":"https:\/\/global-hookah.com\/product\/mushroom-wake-and-bake-mug\/","name":"Taza de setas Wake and Bake al por mayor - Global Hookah","isPartOf":{"@id":"https:\/\/global-hookah.com\/#website"},"primaryImageOfPage":{"@id":"https:\/\/global-hookah.com\/product\/mushroom-wake-and-bake-mug\/#primaryimage"},"image":{"@id":"https:\/\/global-hookah.com\/product\/mushroom-wake-and-bake-mug\/#primaryimage"},"thumbnailUrl":"https:\/\/global-hookah.com\/wp-content\/uploads\/2024\/07\/O1CN01H1QMkn1cAz7qmMXms_1779663561-0-cib.jpg","datePublished":"2024-07-09T08:25:03+00:00","dateModified":"2024-07-20T02:32:08+00:00","breadcrumb":{"@id":"https:\/\/global-hookah.com\/product\/mushroom-wake-and-bake-mug\/#breadcrumb"},"inLanguage":"es","potentialAction":[{"@type":"ReadAction","target":["https:\/\/global-hookah.com\/product\/mushroom-wake-and-bake-mug\/"]}]},{"@type":"ImageObject","inLanguage":"es","@id":"https:\/\/global-hookah.com\/product\/mushroom-wake-and-bake-mug\/#primaryimage","url":"https:\/\/global-hookah.com\/wp-content\/uploads\/2024\/07\/O1CN01H1QMkn1cAz7qmMXms_1779663561-0-cib.jpg","contentUrl":"https:\/\/global-hookah.com\/wp-content\/uploads\/2024\/07\/O1CN01H1QMkn1cAz7qmMXms_1779663561-0-cib.jpg","width":800,"height":800},{"@type":"BreadcrumbList","@id":"https:\/\/global-hookah.com\/product\/mushroom-wake-and-bake-mug\/#breadcrumb","itemListElement":[{"@type":"ListItem","position":1,"name":"Home","item":"https:\/\/global-hookah.com\/"},{"@type":"ListItem","position":2,"name":"Shop","item":"https:\/\/global-hookah.com\/shop\/"},{"@type":"ListItem","position":3,"name":"Mushroom Wake and Bake Mug Wholesale"}]},{"@type":"WebSite","@id":"https:\/\/global-hookah.com\/#website","url":"https:\/\/global-hookah.com\/","name":"Global Hookah","description":"Global Hookah","publisher":{"@id":"https:\/\/global-hookah.com\/#organization"},"potentialAction":[{"@type":"SearchAction","target":{"@type":"EntryPoint","urlTemplate":"https:\/\/global-hookah.com\/?s={search_term_string}"},"query-input":{"@type":"PropertyValueSpecification","valueRequired":true,"valueName":"search_term_string"}}],"inLanguage":"es"},{"@type":"Organization","@id":"https:\/\/global-hookah.com\/#organization","name":"Global Hookah","url":"https:\/\/global-hookah.com\/","logo":{"@type":"ImageObject","inLanguage":"es","@id":"https:\/\/global-hookah.com\/#\/schema\/logo\/image\/","url":"https:\/\/global-hookah.com\/wp-content\/uploads\/2021\/10\/cropped-fgg.png","contentUrl":"https:\/\/global-hookah.com\/wp-content\/uploads\/2021\/10\/cropped-fgg.png","width":512,"height":512,"caption":"Global Hookah"},"image":{"@id":"https:\/\/global-hookah.com\/#\/schema\/logo\/image\/"}}]}},"_links":{"self":[{"href":"https:\/\/global-hookah.com\/es\/wp-json\/wp\/v2\/product\/28329","targetHints":{"allow":["GET"]}}],"collection":[{"href":"https:\/\/global-hookah.com\/es\/wp-json\/wp\/v2\/product"}],"about":[{"href":"https:\/\/global-hookah.com\/es\/wp-json\/wp\/v2\/types\/product"}],"replies":[{"embeddable":true,"href":"https:\/\/global-hookah.com\/es\/wp-json\/wp\/v2\/comments?post=28329"}],"version-history":[{"count":0,"href":"https:\/\/global-hookah.com\/es\/wp-json\/wp\/v2\/product\/28329\/revisions"}],"wp:featuredmedia":[{"embeddable":true,"href":"https:\/\/global-hookah.com\/es\/wp-json\/wp\/v2\/media\/28402"}],"wp:attachment":[{"href":"https:\/\/global-hookah.com\/es\/wp-json\/wp\/v2\/media?parent=28329"}],"wp:term":[{"taxonomy":"product_brand","embeddable":true,"href":"https:\/\/global-hookah.com\/es\/wp-json\/wp\/v2\/product_brand?post=28329"},{"taxonomy":"product_cat","embeddable":true,"href":"https:\/\/global-hookah.com\/es\/wp-json\/wp\/v2\/product_cat?post=28329"},{"taxonomy":"product_tag","embeddable":true,"href":"https:\/\/global-hookah.com\/es\/wp-json\/wp\/v2\/product_tag?post=28329"}],"curies":[{"name":"wp","href":"https:\/\/api.w.org\/{rel}","templated":true}]}}