{"id":28711,"date":"2024-07-23T05:47:14","date_gmt":"2024-07-23T05:47:14","guid":{"rendered":"https:\/\/global-hookah.com\/?post_type=product&#038;p=28711"},"modified":"2024-07-24T07:29:24","modified_gmt":"2024-07-24T07:29:24","slug":"refillable-e-cigar-wholesale","status":"publish","type":"product","link":"https:\/\/global-hookah.com\/es\/producto\/refillable-e-cigar-wholesale\/","title":{"rendered":"Venta al por mayor de cigarrillos electr\u00f3nicos recargables"},"content":{"rendered":"<p>La textura de papel real de este <strong>Cigarrillo electr\u00f3nico recargable<\/strong> me recuerda a los puros cubanos m\u00e1s aut\u00e9nticos. Su sabor \u00fanico equilibra a la perfecci\u00f3n el rico tabaco con el fresco y jugoso ar\u00e1ndano. Cuando lo prob\u00e9 por primera vez, apenas pod\u00eda creer que se tratara de un <strong>Cigarrillo electr\u00f3nico<\/strong>. Despu\u00e9s de usarlo durante tanto tiempo, este<strong> Cigarrillo electr\u00f3nico recargable<\/strong> se ha convertido en mi primera opci\u00f3n para fumar. Basta con dar una calada profunda y mi mente se llena del sabor de los puros.<\/p>\n<p>\u00bfQu\u00e9 hace que este <strong>cigarro electr\u00f3nico recargable<\/strong> m\u00e1s distintivo es el dise\u00f1o recargable. Esto me permite a\u00f1adir e-l\u00edquidos de diferentes sabores y nicotina seg\u00fan mis preferencias, manteni\u00e9ndolo fresco y econ\u00f3mico. La tecnolog\u00eda de calentamiento del e-l\u00edquido que utiliza es muy avanzada, proporcionando m\u00e1s de 300 caladas duraderas sin producir ceniza como los cigarrillos tradicionales, lo que es muy tranquilizador para mi salud y la de mi familia.<\/p>\n<p>Los 6 sabores que ofrece tambi\u00e9n satisfacen perfectamente mis necesidades de diferentes gustos en funci\u00f3n de diversos estados de \u00e1nimo u ocasiones. Realmente recomiendo a todo el mundo que les d\u00e9 estos <strong>puros electr\u00f3nicos recargables<\/strong> pru\u00e9balo. Sin duda se convertir\u00e1 en el <a href=\"https:\/\/global-hookah.com\/product-category\/vape-wholesale\/\">mejor cigarrillo electr\u00f3nico<\/a> \u00a1en tu vida!<\/p>","protected":false},"excerpt":{"rendered":"<p>La textura de papel real de este E-Cigar Recargable recuerda a los puros cubanos m\u00e1s aut\u00e9nticos. Su sabor \u00fanico perfectamente<\/p>","protected":false},"featured_media":28712,"comment_status":"closed","ping_status":"closed","template":"","meta":{"iawp_total_views":73,"_joinchat":[]},"product_brand":[],"product_cat":[934],"product_tag":[],"class_list":{"0":"post-28711","1":"product","2":"type-product","3":"status-publish","4":"has-post-thumbnail","6":"product_cat-electronic-cigar-wholesale","8":"first","9":"instock","10":"shipping-taxable","11":"product-type-simple"},"yoast_head":"<!-- This site is optimized with the Yoast SEO Premium plugin v24.7 (Yoast SEO v26.8) - https:\/\/yoast.com\/product\/yoast-seo-premium-wordpress\/ -->\n<title>Refillable E-Cigar Wholesale - Global Hookah<\/title>\n<meta name=\"robots\" content=\"index, follow, max-snippet:-1, max-image-preview:large, max-video-preview:-1\" \/>\n<link rel=\"canonical\" href=\"https:\/\/global-hookah.com\/es\/producto\/refillable-e-cigar-wholesale\/\" \/>\n<meta property=\"og:locale\" content=\"es_ES\" \/>\n<meta property=\"og:type\" content=\"article\" \/>\n<meta property=\"og:title\" content=\"Refillable E-Cigar Wholesale\" \/>\n<meta property=\"og:description\" content=\"The real paper texture of this Refillable E-Cigar reminds me of the most authentic Cuban cigars. Its unique flavor perfectly\" \/>\n<meta property=\"og:url\" content=\"https:\/\/global-hookah.com\/es\/producto\/refillable-e-cigar-wholesale\/\" \/>\n<meta property=\"og:site_name\" content=\"Global Hookah\" \/>\n<meta property=\"article:modified_time\" content=\"2024-07-24T07:29:24+00:00\" \/>\n<meta property=\"og:image\" content=\"https:\/\/global-hookah.com\/wp-content\/uploads\/2024\/07\/345.webp\" \/>\n\t<meta property=\"og:image:width\" content=\"1000\" \/>\n\t<meta property=\"og:image:height\" content=\"1000\" \/>\n\t<meta property=\"og:image:type\" content=\"image\/webp\" \/>\n<meta name=\"twitter:card\" content=\"summary_large_image\" \/>\n<meta name=\"twitter:label1\" content=\"Tiempo de lectura\" \/>\n\t<meta name=\"twitter:data1\" content=\"1 minuto\" \/>\n<script type=\"application\/ld+json\" class=\"yoast-schema-graph\">{\"@context\":\"https:\/\/schema.org\",\"@graph\":[{\"@type\":\"WebPage\",\"@id\":\"https:\/\/global-hookah.com\/product\/refillable-e-cigar-wholesale\/\",\"url\":\"https:\/\/global-hookah.com\/product\/refillable-e-cigar-wholesale\/\",\"name\":\"Refillable E-Cigar Wholesale - Global Hookah\",\"isPartOf\":{\"@id\":\"https:\/\/global-hookah.com\/#website\"},\"primaryImageOfPage\":{\"@id\":\"https:\/\/global-hookah.com\/product\/refillable-e-cigar-wholesale\/#primaryimage\"},\"image\":{\"@id\":\"https:\/\/global-hookah.com\/product\/refillable-e-cigar-wholesale\/#primaryimage\"},\"thumbnailUrl\":\"https:\/\/global-hookah.com\/wp-content\/uploads\/2024\/07\/345.webp\",\"datePublished\":\"2024-07-23T05:47:14+00:00\",\"dateModified\":\"2024-07-24T07:29:24+00:00\",\"breadcrumb\":{\"@id\":\"https:\/\/global-hookah.com\/product\/refillable-e-cigar-wholesale\/#breadcrumb\"},\"inLanguage\":\"es\",\"potentialAction\":[{\"@type\":\"ReadAction\",\"target\":[\"https:\/\/global-hookah.com\/product\/refillable-e-cigar-wholesale\/\"]}]},{\"@type\":\"ImageObject\",\"inLanguage\":\"es\",\"@id\":\"https:\/\/global-hookah.com\/product\/refillable-e-cigar-wholesale\/#primaryimage\",\"url\":\"https:\/\/global-hookah.com\/wp-content\/uploads\/2024\/07\/345.webp\",\"contentUrl\":\"https:\/\/global-hookah.com\/wp-content\/uploads\/2024\/07\/345.webp\",\"width\":1000,\"height\":1000,\"caption\":\"Refillable E-Cigar Wholesale\"},{\"@type\":\"BreadcrumbList\",\"@id\":\"https:\/\/global-hookah.com\/product\/refillable-e-cigar-wholesale\/#breadcrumb\",\"itemListElement\":[{\"@type\":\"ListItem\",\"position\":1,\"name\":\"Home\",\"item\":\"https:\/\/global-hookah.com\/\"},{\"@type\":\"ListItem\",\"position\":2,\"name\":\"Shop\",\"item\":\"https:\/\/global-hookah.com\/shop\/\"},{\"@type\":\"ListItem\",\"position\":3,\"name\":\"Refillable E-Cigar Wholesale\"}]},{\"@type\":\"WebSite\",\"@id\":\"https:\/\/global-hookah.com\/#website\",\"url\":\"https:\/\/global-hookah.com\/\",\"name\":\"Global Hookah\",\"description\":\"Global Hookah\",\"publisher\":{\"@id\":\"https:\/\/global-hookah.com\/#organization\"},\"potentialAction\":[{\"@type\":\"SearchAction\",\"target\":{\"@type\":\"EntryPoint\",\"urlTemplate\":\"https:\/\/global-hookah.com\/?s={search_term_string}\"},\"query-input\":{\"@type\":\"PropertyValueSpecification\",\"valueRequired\":true,\"valueName\":\"search_term_string\"}}],\"inLanguage\":\"es\"},{\"@type\":\"Organization\",\"@id\":\"https:\/\/global-hookah.com\/#organization\",\"name\":\"Global Hookah\",\"url\":\"https:\/\/global-hookah.com\/\",\"logo\":{\"@type\":\"ImageObject\",\"inLanguage\":\"es\",\"@id\":\"https:\/\/global-hookah.com\/#\/schema\/logo\/image\/\",\"url\":\"https:\/\/global-hookah.com\/wp-content\/uploads\/2021\/10\/cropped-fgg.png\",\"contentUrl\":\"https:\/\/global-hookah.com\/wp-content\/uploads\/2021\/10\/cropped-fgg.png\",\"width\":512,\"height\":512,\"caption\":\"Global Hookah\"},\"image\":{\"@id\":\"https:\/\/global-hookah.com\/#\/schema\/logo\/image\/\"}}]}<\/script>\n<!-- \/ Yoast SEO Premium plugin. -->","yoast_head_json":{"title":"E-Cigar recargable al por mayor - Global Hookah","robots":{"index":"index","follow":"follow","max-snippet":"max-snippet:-1","max-image-preview":"max-image-preview:large","max-video-preview":"max-video-preview:-1"},"canonical":"https:\/\/global-hookah.com\/es\/producto\/refillable-e-cigar-wholesale\/","og_locale":"es_ES","og_type":"article","og_title":"Refillable E-Cigar Wholesale","og_description":"The real paper texture of this Refillable E-Cigar reminds me of the most authentic Cuban cigars. Its unique flavor perfectly","og_url":"https:\/\/global-hookah.com\/es\/producto\/refillable-e-cigar-wholesale\/","og_site_name":"Global Hookah","article_modified_time":"2024-07-24T07:29:24+00:00","og_image":[{"width":1000,"height":1000,"url":"https:\/\/global-hookah.com\/wp-content\/uploads\/2024\/07\/345.webp","type":"image\/webp"}],"twitter_card":"summary_large_image","twitter_misc":{"Tiempo de lectura":"1 minuto"},"schema":{"@context":"https:\/\/schema.org","@graph":[{"@type":"WebPage","@id":"https:\/\/global-hookah.com\/product\/refillable-e-cigar-wholesale\/","url":"https:\/\/global-hookah.com\/product\/refillable-e-cigar-wholesale\/","name":"E-Cigar recargable al por mayor - Global Hookah","isPartOf":{"@id":"https:\/\/global-hookah.com\/#website"},"primaryImageOfPage":{"@id":"https:\/\/global-hookah.com\/product\/refillable-e-cigar-wholesale\/#primaryimage"},"image":{"@id":"https:\/\/global-hookah.com\/product\/refillable-e-cigar-wholesale\/#primaryimage"},"thumbnailUrl":"https:\/\/global-hookah.com\/wp-content\/uploads\/2024\/07\/345.webp","datePublished":"2024-07-23T05:47:14+00:00","dateModified":"2024-07-24T07:29:24+00:00","breadcrumb":{"@id":"https:\/\/global-hookah.com\/product\/refillable-e-cigar-wholesale\/#breadcrumb"},"inLanguage":"es","potentialAction":[{"@type":"ReadAction","target":["https:\/\/global-hookah.com\/product\/refillable-e-cigar-wholesale\/"]}]},{"@type":"ImageObject","inLanguage":"es","@id":"https:\/\/global-hookah.com\/product\/refillable-e-cigar-wholesale\/#primaryimage","url":"https:\/\/global-hookah.com\/wp-content\/uploads\/2024\/07\/345.webp","contentUrl":"https:\/\/global-hookah.com\/wp-content\/uploads\/2024\/07\/345.webp","width":1000,"height":1000,"caption":"Refillable E-Cigar Wholesale"},{"@type":"BreadcrumbList","@id":"https:\/\/global-hookah.com\/product\/refillable-e-cigar-wholesale\/#breadcrumb","itemListElement":[{"@type":"ListItem","position":1,"name":"Home","item":"https:\/\/global-hookah.com\/"},{"@type":"ListItem","position":2,"name":"Shop","item":"https:\/\/global-hookah.com\/shop\/"},{"@type":"ListItem","position":3,"name":"Refillable E-Cigar Wholesale"}]},{"@type":"WebSite","@id":"https:\/\/global-hookah.com\/#website","url":"https:\/\/global-hookah.com\/","name":"Global Hookah","description":"Global Hookah","publisher":{"@id":"https:\/\/global-hookah.com\/#organization"},"potentialAction":[{"@type":"SearchAction","target":{"@type":"EntryPoint","urlTemplate":"https:\/\/global-hookah.com\/?s={search_term_string}"},"query-input":{"@type":"PropertyValueSpecification","valueRequired":true,"valueName":"search_term_string"}}],"inLanguage":"es"},{"@type":"Organization","@id":"https:\/\/global-hookah.com\/#organization","name":"Global Hookah","url":"https:\/\/global-hookah.com\/","logo":{"@type":"ImageObject","inLanguage":"es","@id":"https:\/\/global-hookah.com\/#\/schema\/logo\/image\/","url":"https:\/\/global-hookah.com\/wp-content\/uploads\/2021\/10\/cropped-fgg.png","contentUrl":"https:\/\/global-hookah.com\/wp-content\/uploads\/2021\/10\/cropped-fgg.png","width":512,"height":512,"caption":"Global Hookah"},"image":{"@id":"https:\/\/global-hookah.com\/#\/schema\/logo\/image\/"}}]}},"_links":{"self":[{"href":"https:\/\/global-hookah.com\/es\/wp-json\/wp\/v2\/product\/28711","targetHints":{"allow":["GET"]}}],"collection":[{"href":"https:\/\/global-hookah.com\/es\/wp-json\/wp\/v2\/product"}],"about":[{"href":"https:\/\/global-hookah.com\/es\/wp-json\/wp\/v2\/types\/product"}],"replies":[{"embeddable":true,"href":"https:\/\/global-hookah.com\/es\/wp-json\/wp\/v2\/comments?post=28711"}],"version-history":[{"count":0,"href":"https:\/\/global-hookah.com\/es\/wp-json\/wp\/v2\/product\/28711\/revisions"}],"wp:featuredmedia":[{"embeddable":true,"href":"https:\/\/global-hookah.com\/es\/wp-json\/wp\/v2\/media\/28712"}],"wp:attachment":[{"href":"https:\/\/global-hookah.com\/es\/wp-json\/wp\/v2\/media?parent=28711"}],"wp:term":[{"taxonomy":"product_brand","embeddable":true,"href":"https:\/\/global-hookah.com\/es\/wp-json\/wp\/v2\/product_brand?post=28711"},{"taxonomy":"product_cat","embeddable":true,"href":"https:\/\/global-hookah.com\/es\/wp-json\/wp\/v2\/product_cat?post=28711"},{"taxonomy":"product_tag","embeddable":true,"href":"https:\/\/global-hookah.com\/es\/wp-json\/wp\/v2\/product_tag?post=28711"}],"curies":[{"name":"wp","href":"https:\/\/api.w.org\/{rel}","templated":true}]}}