{"id":28716,"date":"2024-07-23T08:58:39","date_gmt":"2024-07-23T08:58:39","guid":{"rendered":"https:\/\/global-hookah.com\/?post_type=product&#038;p=28716"},"modified":"2024-07-24T06:01:56","modified_gmt":"2024-07-24T06:01:56","slug":"premiume-cigar-kit-for-beginners","status":"publish","type":"product","link":"https:\/\/global-hookah.com\/es\/producto\/premiume-cigar-kit-for-beginners\/","title":{"rendered":"Kit Premiume-Cigar Para Principiantes"},"content":{"rendered":"<p>Este <strong>Kit Premiume-Cigar<\/strong> For Beginners est\u00e1 dise\u00f1ado para principiantes, simple y f\u00e1cil de usar. La bater\u00eda recargable USB precargada no requiere cables, s\u00f3lo tiene que inhalar y exhalar suavemente para usar.<\/p>\n<p>Las puntas de filtro desmontables le permiten cambiar f\u00e1cilmente entre 10 sabores ricos y arom\u00e1ticos para adaptarse a su gusto. Una sola carga proporciona hasta 2.700 caladas.<\/p>\n<p>Lo m\u00e1s emocionante es que utilizamos una base VG\/PG de grado farmac\u00e9utico de alta calidad, m\u00e1s suave y menos \u00e1spera que las f\u00f3rmulas PG\/VG baratas normales, y los materiales tambi\u00e9n se fabrican de acuerdo con las normas de calidad m\u00e1s estrictas del Reino Unido, la UE y los Estados Unidos.<\/p>\n<p>Conf\u00eda en m\u00ed, este <strong>Kit Premiume-Cigar<\/strong> le permite embarcarse por completo en un viaje de cigarrillos electr\u00f3nicos de la forma m\u00e1s sencilla, sin necesidad de mucha t\u00e9cnica, s\u00f3lo tiene que dar una calada suave y disfrutar de la experiencia \u00fanica de fumar de<a href=\"https:\/\/global-hookah.com\/product-category\/vape-wholesale\/electronic-cigar-wholesale\/\"> e-cigarros.<\/a><\/p>\n<p>As\u00ed que, \u00a1haga clic en comprar y adquiera inmediatamente este kit de inicio para cigarrillos electr\u00f3nicos sencillo, pr\u00e1ctico y de gran calidad!<\/p>","protected":false},"excerpt":{"rendered":"<p>Este Kit Premiume-Cigar Para Principiantes est\u00e1 dise\u00f1ado para principiantes, simple y f\u00e1cil de usar. La bater\u00eda recargable USB precargada requiere<\/p>","protected":false},"featured_media":28719,"comment_status":"closed","ping_status":"closed","template":"","meta":{"iawp_total_views":15,"_joinchat":[]},"product_brand":[],"product_cat":[934],"product_tag":[],"class_list":{"0":"post-28716","1":"product","2":"type-product","3":"status-publish","4":"has-post-thumbnail","6":"product_cat-electronic-cigar-wholesale","8":"first","9":"instock","10":"shipping-taxable","11":"product-type-external"},"yoast_head":"<!-- This site is optimized with the Yoast SEO Premium plugin v24.7 (Yoast SEO v26.8) - https:\/\/yoast.com\/product\/yoast-seo-premium-wordpress\/ -->\n<title>Premiume-Cigar Kit For Beginners - Global Hookah<\/title>\n<meta name=\"robots\" content=\"index, follow, max-snippet:-1, max-image-preview:large, max-video-preview:-1\" \/>\n<link rel=\"canonical\" href=\"https:\/\/global-hookah.com\/es\/producto\/premiume-cigar-kit-for-beginners\/\" \/>\n<meta property=\"og:locale\" content=\"es_ES\" \/>\n<meta property=\"og:type\" content=\"article\" \/>\n<meta property=\"og:title\" content=\"Premiume-Cigar Kit For Beginners\" \/>\n<meta property=\"og:description\" content=\"This Premiume-Cigar Kit For Beginners is designed for beginners, simple and easy to use. The pre-charged USB rechargeable battery requires\" \/>\n<meta property=\"og:url\" content=\"https:\/\/global-hookah.com\/es\/producto\/premiume-cigar-kit-for-beginners\/\" \/>\n<meta property=\"og:site_name\" content=\"Global Hookah\" \/>\n<meta property=\"article:modified_time\" content=\"2024-07-24T06:01:56+00:00\" \/>\n<meta property=\"og:image\" content=\"https:\/\/global-hookah.com\/wp-content\/uploads\/2024\/07\/96a359b3-77f9-4281-ac7b-9564822a233f.jpg\" \/>\n\t<meta property=\"og:image:width\" content=\"648\" \/>\n\t<meta property=\"og:image:height\" content=\"647\" \/>\n\t<meta property=\"og:image:type\" content=\"image\/jpeg\" \/>\n<meta name=\"twitter:card\" content=\"summary_large_image\" \/>\n<meta name=\"twitter:label1\" content=\"Tiempo de lectura\" \/>\n\t<meta name=\"twitter:data1\" content=\"1 minuto\" \/>\n<script type=\"application\/ld+json\" class=\"yoast-schema-graph\">{\"@context\":\"https:\/\/schema.org\",\"@graph\":[{\"@type\":\"WebPage\",\"@id\":\"https:\/\/global-hookah.com\/product\/premiume-cigar-kit-for-beginners\/\",\"url\":\"https:\/\/global-hookah.com\/product\/premiume-cigar-kit-for-beginners\/\",\"name\":\"Premiume-Cigar Kit For Beginners - Global Hookah\",\"isPartOf\":{\"@id\":\"https:\/\/global-hookah.com\/#website\"},\"primaryImageOfPage\":{\"@id\":\"https:\/\/global-hookah.com\/product\/premiume-cigar-kit-for-beginners\/#primaryimage\"},\"image\":{\"@id\":\"https:\/\/global-hookah.com\/product\/premiume-cigar-kit-for-beginners\/#primaryimage\"},\"thumbnailUrl\":\"https:\/\/global-hookah.com\/wp-content\/uploads\/2024\/07\/96a359b3-77f9-4281-ac7b-9564822a233f.jpg\",\"datePublished\":\"2024-07-23T08:58:39+00:00\",\"dateModified\":\"2024-07-24T06:01:56+00:00\",\"breadcrumb\":{\"@id\":\"https:\/\/global-hookah.com\/product\/premiume-cigar-kit-for-beginners\/#breadcrumb\"},\"inLanguage\":\"es\",\"potentialAction\":[{\"@type\":\"ReadAction\",\"target\":[\"https:\/\/global-hookah.com\/product\/premiume-cigar-kit-for-beginners\/\"]}]},{\"@type\":\"ImageObject\",\"inLanguage\":\"es\",\"@id\":\"https:\/\/global-hookah.com\/product\/premiume-cigar-kit-for-beginners\/#primaryimage\",\"url\":\"https:\/\/global-hookah.com\/wp-content\/uploads\/2024\/07\/96a359b3-77f9-4281-ac7b-9564822a233f.jpg\",\"contentUrl\":\"https:\/\/global-hookah.com\/wp-content\/uploads\/2024\/07\/96a359b3-77f9-4281-ac7b-9564822a233f.jpg\",\"width\":648,\"height\":647,\"caption\":\"Premiume-Cigar Kit For Beginners\"},{\"@type\":\"BreadcrumbList\",\"@id\":\"https:\/\/global-hookah.com\/product\/premiume-cigar-kit-for-beginners\/#breadcrumb\",\"itemListElement\":[{\"@type\":\"ListItem\",\"position\":1,\"name\":\"Home\",\"item\":\"https:\/\/global-hookah.com\/\"},{\"@type\":\"ListItem\",\"position\":2,\"name\":\"Shop\",\"item\":\"https:\/\/global-hookah.com\/shop\/\"},{\"@type\":\"ListItem\",\"position\":3,\"name\":\"Premiume-Cigar Kit For Beginners\"}]},{\"@type\":\"WebSite\",\"@id\":\"https:\/\/global-hookah.com\/#website\",\"url\":\"https:\/\/global-hookah.com\/\",\"name\":\"Global Hookah\",\"description\":\"Global Hookah\",\"publisher\":{\"@id\":\"https:\/\/global-hookah.com\/#organization\"},\"potentialAction\":[{\"@type\":\"SearchAction\",\"target\":{\"@type\":\"EntryPoint\",\"urlTemplate\":\"https:\/\/global-hookah.com\/?s={search_term_string}\"},\"query-input\":{\"@type\":\"PropertyValueSpecification\",\"valueRequired\":true,\"valueName\":\"search_term_string\"}}],\"inLanguage\":\"es\"},{\"@type\":\"Organization\",\"@id\":\"https:\/\/global-hookah.com\/#organization\",\"name\":\"Global Hookah\",\"url\":\"https:\/\/global-hookah.com\/\",\"logo\":{\"@type\":\"ImageObject\",\"inLanguage\":\"es\",\"@id\":\"https:\/\/global-hookah.com\/#\/schema\/logo\/image\/\",\"url\":\"https:\/\/global-hookah.com\/wp-content\/uploads\/2021\/10\/cropped-fgg.png\",\"contentUrl\":\"https:\/\/global-hookah.com\/wp-content\/uploads\/2021\/10\/cropped-fgg.png\",\"width\":512,\"height\":512,\"caption\":\"Global Hookah\"},\"image\":{\"@id\":\"https:\/\/global-hookah.com\/#\/schema\/logo\/image\/\"}}]}<\/script>\n<!-- \/ Yoast SEO Premium plugin. -->","yoast_head_json":{"title":"Premiume-Cigar Kit Para Principiantes - Global Hookah","robots":{"index":"index","follow":"follow","max-snippet":"max-snippet:-1","max-image-preview":"max-image-preview:large","max-video-preview":"max-video-preview:-1"},"canonical":"https:\/\/global-hookah.com\/es\/producto\/premiume-cigar-kit-for-beginners\/","og_locale":"es_ES","og_type":"article","og_title":"Premiume-Cigar Kit For Beginners","og_description":"This Premiume-Cigar Kit For Beginners is designed for beginners, simple and easy to use. The pre-charged USB rechargeable battery requires","og_url":"https:\/\/global-hookah.com\/es\/producto\/premiume-cigar-kit-for-beginners\/","og_site_name":"Global Hookah","article_modified_time":"2024-07-24T06:01:56+00:00","og_image":[{"width":648,"height":647,"url":"https:\/\/global-hookah.com\/wp-content\/uploads\/2024\/07\/96a359b3-77f9-4281-ac7b-9564822a233f.jpg","type":"image\/jpeg"}],"twitter_card":"summary_large_image","twitter_misc":{"Tiempo de lectura":"1 minuto"},"schema":{"@context":"https:\/\/schema.org","@graph":[{"@type":"WebPage","@id":"https:\/\/global-hookah.com\/product\/premiume-cigar-kit-for-beginners\/","url":"https:\/\/global-hookah.com\/product\/premiume-cigar-kit-for-beginners\/","name":"Premiume-Cigar Kit Para Principiantes - Global Hookah","isPartOf":{"@id":"https:\/\/global-hookah.com\/#website"},"primaryImageOfPage":{"@id":"https:\/\/global-hookah.com\/product\/premiume-cigar-kit-for-beginners\/#primaryimage"},"image":{"@id":"https:\/\/global-hookah.com\/product\/premiume-cigar-kit-for-beginners\/#primaryimage"},"thumbnailUrl":"https:\/\/global-hookah.com\/wp-content\/uploads\/2024\/07\/96a359b3-77f9-4281-ac7b-9564822a233f.jpg","datePublished":"2024-07-23T08:58:39+00:00","dateModified":"2024-07-24T06:01:56+00:00","breadcrumb":{"@id":"https:\/\/global-hookah.com\/product\/premiume-cigar-kit-for-beginners\/#breadcrumb"},"inLanguage":"es","potentialAction":[{"@type":"ReadAction","target":["https:\/\/global-hookah.com\/product\/premiume-cigar-kit-for-beginners\/"]}]},{"@type":"ImageObject","inLanguage":"es","@id":"https:\/\/global-hookah.com\/product\/premiume-cigar-kit-for-beginners\/#primaryimage","url":"https:\/\/global-hookah.com\/wp-content\/uploads\/2024\/07\/96a359b3-77f9-4281-ac7b-9564822a233f.jpg","contentUrl":"https:\/\/global-hookah.com\/wp-content\/uploads\/2024\/07\/96a359b3-77f9-4281-ac7b-9564822a233f.jpg","width":648,"height":647,"caption":"Premiume-Cigar Kit For Beginners"},{"@type":"BreadcrumbList","@id":"https:\/\/global-hookah.com\/product\/premiume-cigar-kit-for-beginners\/#breadcrumb","itemListElement":[{"@type":"ListItem","position":1,"name":"Home","item":"https:\/\/global-hookah.com\/"},{"@type":"ListItem","position":2,"name":"Shop","item":"https:\/\/global-hookah.com\/shop\/"},{"@type":"ListItem","position":3,"name":"Premiume-Cigar Kit For Beginners"}]},{"@type":"WebSite","@id":"https:\/\/global-hookah.com\/#website","url":"https:\/\/global-hookah.com\/","name":"Global Hookah","description":"Global Hookah","publisher":{"@id":"https:\/\/global-hookah.com\/#organization"},"potentialAction":[{"@type":"SearchAction","target":{"@type":"EntryPoint","urlTemplate":"https:\/\/global-hookah.com\/?s={search_term_string}"},"query-input":{"@type":"PropertyValueSpecification","valueRequired":true,"valueName":"search_term_string"}}],"inLanguage":"es"},{"@type":"Organization","@id":"https:\/\/global-hookah.com\/#organization","name":"Global Hookah","url":"https:\/\/global-hookah.com\/","logo":{"@type":"ImageObject","inLanguage":"es","@id":"https:\/\/global-hookah.com\/#\/schema\/logo\/image\/","url":"https:\/\/global-hookah.com\/wp-content\/uploads\/2021\/10\/cropped-fgg.png","contentUrl":"https:\/\/global-hookah.com\/wp-content\/uploads\/2021\/10\/cropped-fgg.png","width":512,"height":512,"caption":"Global Hookah"},"image":{"@id":"https:\/\/global-hookah.com\/#\/schema\/logo\/image\/"}}]}},"_links":{"self":[{"href":"https:\/\/global-hookah.com\/es\/wp-json\/wp\/v2\/product\/28716","targetHints":{"allow":["GET"]}}],"collection":[{"href":"https:\/\/global-hookah.com\/es\/wp-json\/wp\/v2\/product"}],"about":[{"href":"https:\/\/global-hookah.com\/es\/wp-json\/wp\/v2\/types\/product"}],"replies":[{"embeddable":true,"href":"https:\/\/global-hookah.com\/es\/wp-json\/wp\/v2\/comments?post=28716"}],"version-history":[{"count":0,"href":"https:\/\/global-hookah.com\/es\/wp-json\/wp\/v2\/product\/28716\/revisions"}],"wp:featuredmedia":[{"embeddable":true,"href":"https:\/\/global-hookah.com\/es\/wp-json\/wp\/v2\/media\/28719"}],"wp:attachment":[{"href":"https:\/\/global-hookah.com\/es\/wp-json\/wp\/v2\/media?parent=28716"}],"wp:term":[{"taxonomy":"product_brand","embeddable":true,"href":"https:\/\/global-hookah.com\/es\/wp-json\/wp\/v2\/product_brand?post=28716"},{"taxonomy":"product_cat","embeddable":true,"href":"https:\/\/global-hookah.com\/es\/wp-json\/wp\/v2\/product_cat?post=28716"},{"taxonomy":"product_tag","embeddable":true,"href":"https:\/\/global-hookah.com\/es\/wp-json\/wp\/v2\/product_tag?post=28716"}],"curies":[{"name":"wp","href":"https:\/\/api.w.org\/{rel}","templated":true}]}}