{"id":28781,"date":"2024-08-03T07:55:34","date_gmt":"2024-08-03T07:55:34","guid":{"rendered":"https:\/\/global-hookah.com\/?post_type=product&#038;p=28781"},"modified":"2024-08-17T11:29:12","modified_gmt":"2024-08-17T11:29:12","slug":"wholesale-2024-new-ploox-same-style-convenient-e-hookah","status":"publish","type":"product","link":"https:\/\/global-hookah.com\/es\/producto\/wholesale-2024-new-ploox-same-style-convenient-e-hookah\/","title":{"rendered":"Venta al por mayor 2024 Nueva Ploox Mismo Estilo Conveniente E Hookah"},"content":{"rendered":"<p>Cada experiencia de vapeo es valiosa, como sabemos. Por eso nos entregamos en cuerpo y alma a la creaci\u00f3n de estos magn\u00edficos vapeadores de usar y tirar. Cada gadget est\u00e1 minuciosamente dise\u00f1ado para producir una experiencia de vapeo inigualable. Vienen en pr\u00e1cticas cajas de 1 o 5 piezas, garantizando as\u00ed un mont\u00f3n de tu lujo preferido. Cada electr\u00f3nica <a href=\"https:\/\/global-hookah.com\/\">narguile<\/a> puede dar 9900 caladas con un rico sabor y una salida de humo \u00f3ptima.<\/p>\n<p>Al ser una empresa que valora las experiencias de vapeo de lujo con alta producci\u00f3n de vapor, entendemos el efecto que un mayor uso de e-l\u00edquido puede tener en la vida \u00fatil de nuestros dispositivos desechables. El dispositivo puede agotarse antes cuanto m\u00e1s e-l\u00edquido se consuma por calada. Aunque esto reduce la vida \u00fatil de los dispositivos desechables, es una compensaci\u00f3n que hacemos para garantizar a nuestros clientes el sabor con cuerpo y la sedosa nube de vapor asociada al narguile. Aceptamos esta influencia y siempre estamos buscando m\u00e9todos para maximizar la vida \u00fatil de nuestros dispositivos sin sacrificar la calidad de la experiencia de vapeo.<\/p>\n<p>Mediante la vaporizaci\u00f3n se consigue un cuidadoso equilibrio entre el mantenimiento de la integridad del sabor y la obtenci\u00f3n de una nube de vapor suave y agradable. Nuestra dificultad estriba en desarrollar cuidadosamente nuestra receta de e-l\u00edquido para garantizar que se vaporice sin sacrificar los sabores ricos y reales que disfrutan nuestros consumidores. Lograr este equilibrio exige pruebas y mejoras exhaustivas para perfeccionar la viscosidad, la temperatura y la composici\u00f3n del e-l\u00edquido, garantizando as\u00ed que cada calada proporcione una experiencia suave y sabrosa.<\/p>\n<p>Combinando h\u00e1bilmente la sencillez de <a href=\"https:\/\/global-hookah.com\/product\/acrylic-disposable-water-cigarette-pot-wholesale\/\">agua con el suave vapor creado por nuestros desechables<\/a>hookah proporciona una experiencia impecable. Fundamentalmente, el <a href=\"https:\/\/global-hookah.com\/how-to-make-hookah-smoke-thicker-help-you-improve-your-hookah-experience\/\">mejora la experiencia hookah<\/a> por la presencia tranquilizadora del agua, que no s\u00f3lo proporciona un sistema de filtrado, sino que tambi\u00e9n mejora el entorno general. Nuestro enfoque creativo combina h\u00e1bilmente este componente cl\u00e1sico con la experiencia de vapear contempor\u00e1nea. El proceso comienza con el montaje del narguile, en el que los usuarios llenan la base con agua para crear un entorno tranquilo que prepara para el ocio. El suave proceso de filtraci\u00f3n del vapor a trav\u00e9s del agua garantiza una experiencia de vapeo m\u00e1s suave y limpia.<\/p>\n<p>Adem\u00e1s, nuestro <a href=\"https:\/\/global-hookah.com\/product\/wholesale-disposable-hookah\/\">narguiles desechables<\/a> est\u00e1n cuidadosamente elaborados para producir una nube de vapor consistente y suave, mejorando toda la experiencia hookah. Garantizamos que cada calada sea rica en sabor y libre de asperezas o irritaciones mediante el uso de ingredientes de primera calidad y tecnolog\u00edas de vanguardia. De este modo, los usuarios pueden disfrutar de la antigua costumbre de la narguile con la facilidad y fiabilidad de la tecnolog\u00eda de vaporizaci\u00f3n actual, lo que resulta en una mezcla arm\u00f3nica de simplicidad y complejidad.<\/p>","protected":false},"excerpt":{"rendered":"<p>Cada experiencia de vapeo es valiosa, como sabemos. Por lo tanto, damos nuestros corazones para crear estos grandes gadgets vape desechables.<\/p>","protected":false},"featured_media":28782,"comment_status":"closed","ping_status":"closed","template":"","meta":{"iawp_total_views":30,"_joinchat":[]},"product_brand":[],"product_cat":[561],"product_tag":[],"class_list":{"0":"post-28781","1":"product","2":"type-product","3":"status-publish","4":"has-post-thumbnail","6":"product_cat-electric-hookah-wholesale","8":"first","9":"instock","10":"shipping-taxable","11":"product-type-simple"},"yoast_head":"<!-- This site is optimized with the Yoast SEO Premium plugin v24.7 (Yoast SEO v26.8) - https:\/\/yoast.com\/product\/yoast-seo-premium-wordpress\/ -->\n<title>Wholesale 2024 New Ploox Same Style Convenient E Hookah - Global Hookah<\/title>\n<meta name=\"robots\" content=\"index, follow, max-snippet:-1, max-image-preview:large, max-video-preview:-1\" \/>\n<link rel=\"canonical\" href=\"https:\/\/global-hookah.com\/es\/producto\/wholesale-2024-new-ploox-same-style-convenient-e-hookah\/\" \/>\n<meta property=\"og:locale\" content=\"es_ES\" \/>\n<meta property=\"og:type\" content=\"article\" \/>\n<meta property=\"og:title\" content=\"Wholesale 2024 New Ploox Same Style Convenient E Hookah\" \/>\n<meta property=\"og:description\" content=\"Every vaping experience is valuable, as we know. We thus give our hearts to create these great throwaway vape gadgets.\" \/>\n<meta property=\"og:url\" content=\"https:\/\/global-hookah.com\/es\/producto\/wholesale-2024-new-ploox-same-style-convenient-e-hookah\/\" \/>\n<meta property=\"og:site_name\" content=\"Global Hookah\" \/>\n<meta property=\"article:modified_time\" content=\"2024-08-17T11:29:12+00:00\" \/>\n<meta property=\"og:image\" content=\"https:\/\/global-hookah.com\/wp-content\/uploads\/2024\/08\/345-2.jpg\" \/>\n\t<meta property=\"og:image:width\" content=\"1280\" \/>\n\t<meta property=\"og:image:height\" content=\"1280\" \/>\n\t<meta property=\"og:image:type\" content=\"image\/jpeg\" \/>\n<meta name=\"twitter:card\" content=\"summary_large_image\" \/>\n<meta name=\"twitter:label1\" content=\"Tiempo de lectura\" \/>\n\t<meta name=\"twitter:data1\" content=\"2 minutos\" \/>\n<script type=\"application\/ld+json\" class=\"yoast-schema-graph\">{\"@context\":\"https:\/\/schema.org\",\"@graph\":[{\"@type\":\"WebPage\",\"@id\":\"https:\/\/global-hookah.com\/product\/wholesale-2024-new-ploox-same-style-convenient-e-hookah\/\",\"url\":\"https:\/\/global-hookah.com\/product\/wholesale-2024-new-ploox-same-style-convenient-e-hookah\/\",\"name\":\"Wholesale 2024 New Ploox Same Style Convenient E Hookah - Global Hookah\",\"isPartOf\":{\"@id\":\"https:\/\/global-hookah.com\/#website\"},\"primaryImageOfPage\":{\"@id\":\"https:\/\/global-hookah.com\/product\/wholesale-2024-new-ploox-same-style-convenient-e-hookah\/#primaryimage\"},\"image\":{\"@id\":\"https:\/\/global-hookah.com\/product\/wholesale-2024-new-ploox-same-style-convenient-e-hookah\/#primaryimage\"},\"thumbnailUrl\":\"https:\/\/global-hookah.com\/wp-content\/uploads\/2024\/08\/345-2.jpg\",\"datePublished\":\"2024-08-03T07:55:34+00:00\",\"dateModified\":\"2024-08-17T11:29:12+00:00\",\"breadcrumb\":{\"@id\":\"https:\/\/global-hookah.com\/product\/wholesale-2024-new-ploox-same-style-convenient-e-hookah\/#breadcrumb\"},\"inLanguage\":\"es\",\"potentialAction\":[{\"@type\":\"ReadAction\",\"target\":[\"https:\/\/global-hookah.com\/product\/wholesale-2024-new-ploox-same-style-convenient-e-hookah\/\"]}]},{\"@type\":\"ImageObject\",\"inLanguage\":\"es\",\"@id\":\"https:\/\/global-hookah.com\/product\/wholesale-2024-new-ploox-same-style-convenient-e-hookah\/#primaryimage\",\"url\":\"https:\/\/global-hookah.com\/wp-content\/uploads\/2024\/08\/345-2.jpg\",\"contentUrl\":\"https:\/\/global-hookah.com\/wp-content\/uploads\/2024\/08\/345-2.jpg\",\"width\":1280,\"height\":1280,\"caption\":\"Wholesale 2024 New Ploox Same Style Convenient E Hookah\"},{\"@type\":\"BreadcrumbList\",\"@id\":\"https:\/\/global-hookah.com\/product\/wholesale-2024-new-ploox-same-style-convenient-e-hookah\/#breadcrumb\",\"itemListElement\":[{\"@type\":\"ListItem\",\"position\":1,\"name\":\"Home\",\"item\":\"https:\/\/global-hookah.com\/\"},{\"@type\":\"ListItem\",\"position\":2,\"name\":\"Shop\",\"item\":\"https:\/\/global-hookah.com\/shop\/\"},{\"@type\":\"ListItem\",\"position\":3,\"name\":\"Wholesale 2024 New Ploox Same Style Convenient E Hookah\"}]},{\"@type\":\"WebSite\",\"@id\":\"https:\/\/global-hookah.com\/#website\",\"url\":\"https:\/\/global-hookah.com\/\",\"name\":\"Global Hookah\",\"description\":\"Global Hookah\",\"publisher\":{\"@id\":\"https:\/\/global-hookah.com\/#organization\"},\"potentialAction\":[{\"@type\":\"SearchAction\",\"target\":{\"@type\":\"EntryPoint\",\"urlTemplate\":\"https:\/\/global-hookah.com\/?s={search_term_string}\"},\"query-input\":{\"@type\":\"PropertyValueSpecification\",\"valueRequired\":true,\"valueName\":\"search_term_string\"}}],\"inLanguage\":\"es\"},{\"@type\":\"Organization\",\"@id\":\"https:\/\/global-hookah.com\/#organization\",\"name\":\"Global Hookah\",\"url\":\"https:\/\/global-hookah.com\/\",\"logo\":{\"@type\":\"ImageObject\",\"inLanguage\":\"es\",\"@id\":\"https:\/\/global-hookah.com\/#\/schema\/logo\/image\/\",\"url\":\"https:\/\/global-hookah.com\/wp-content\/uploads\/2021\/10\/cropped-fgg.png\",\"contentUrl\":\"https:\/\/global-hookah.com\/wp-content\/uploads\/2021\/10\/cropped-fgg.png\",\"width\":512,\"height\":512,\"caption\":\"Global Hookah\"},\"image\":{\"@id\":\"https:\/\/global-hookah.com\/#\/schema\/logo\/image\/\"}}]}<\/script>\n<!-- \/ Yoast SEO Premium plugin. -->","yoast_head_json":{"title":"Venta al por mayor 2024 Nueva Ploox Mismo Estilo Conveniente E Hookah - Global Hookah","robots":{"index":"index","follow":"follow","max-snippet":"max-snippet:-1","max-image-preview":"max-image-preview:large","max-video-preview":"max-video-preview:-1"},"canonical":"https:\/\/global-hookah.com\/es\/producto\/wholesale-2024-new-ploox-same-style-convenient-e-hookah\/","og_locale":"es_ES","og_type":"article","og_title":"Wholesale 2024 New Ploox Same Style Convenient E Hookah","og_description":"Every vaping experience is valuable, as we know. We thus give our hearts to create these great throwaway vape gadgets.","og_url":"https:\/\/global-hookah.com\/es\/producto\/wholesale-2024-new-ploox-same-style-convenient-e-hookah\/","og_site_name":"Global Hookah","article_modified_time":"2024-08-17T11:29:12+00:00","og_image":[{"width":1280,"height":1280,"url":"https:\/\/global-hookah.com\/wp-content\/uploads\/2024\/08\/345-2.jpg","type":"image\/jpeg"}],"twitter_card":"summary_large_image","twitter_misc":{"Tiempo de lectura":"2 minutos"},"schema":{"@context":"https:\/\/schema.org","@graph":[{"@type":"WebPage","@id":"https:\/\/global-hookah.com\/product\/wholesale-2024-new-ploox-same-style-convenient-e-hookah\/","url":"https:\/\/global-hookah.com\/product\/wholesale-2024-new-ploox-same-style-convenient-e-hookah\/","name":"Venta al por mayor 2024 Nueva Ploox Mismo Estilo Conveniente E Hookah - Global Hookah","isPartOf":{"@id":"https:\/\/global-hookah.com\/#website"},"primaryImageOfPage":{"@id":"https:\/\/global-hookah.com\/product\/wholesale-2024-new-ploox-same-style-convenient-e-hookah\/#primaryimage"},"image":{"@id":"https:\/\/global-hookah.com\/product\/wholesale-2024-new-ploox-same-style-convenient-e-hookah\/#primaryimage"},"thumbnailUrl":"https:\/\/global-hookah.com\/wp-content\/uploads\/2024\/08\/345-2.jpg","datePublished":"2024-08-03T07:55:34+00:00","dateModified":"2024-08-17T11:29:12+00:00","breadcrumb":{"@id":"https:\/\/global-hookah.com\/product\/wholesale-2024-new-ploox-same-style-convenient-e-hookah\/#breadcrumb"},"inLanguage":"es","potentialAction":[{"@type":"ReadAction","target":["https:\/\/global-hookah.com\/product\/wholesale-2024-new-ploox-same-style-convenient-e-hookah\/"]}]},{"@type":"ImageObject","inLanguage":"es","@id":"https:\/\/global-hookah.com\/product\/wholesale-2024-new-ploox-same-style-convenient-e-hookah\/#primaryimage","url":"https:\/\/global-hookah.com\/wp-content\/uploads\/2024\/08\/345-2.jpg","contentUrl":"https:\/\/global-hookah.com\/wp-content\/uploads\/2024\/08\/345-2.jpg","width":1280,"height":1280,"caption":"Wholesale 2024 New Ploox Same Style Convenient E Hookah"},{"@type":"BreadcrumbList","@id":"https:\/\/global-hookah.com\/product\/wholesale-2024-new-ploox-same-style-convenient-e-hookah\/#breadcrumb","itemListElement":[{"@type":"ListItem","position":1,"name":"Home","item":"https:\/\/global-hookah.com\/"},{"@type":"ListItem","position":2,"name":"Shop","item":"https:\/\/global-hookah.com\/shop\/"},{"@type":"ListItem","position":3,"name":"Wholesale 2024 New Ploox Same Style Convenient E Hookah"}]},{"@type":"WebSite","@id":"https:\/\/global-hookah.com\/#website","url":"https:\/\/global-hookah.com\/","name":"Global Hookah","description":"Global Hookah","publisher":{"@id":"https:\/\/global-hookah.com\/#organization"},"potentialAction":[{"@type":"SearchAction","target":{"@type":"EntryPoint","urlTemplate":"https:\/\/global-hookah.com\/?s={search_term_string}"},"query-input":{"@type":"PropertyValueSpecification","valueRequired":true,"valueName":"search_term_string"}}],"inLanguage":"es"},{"@type":"Organization","@id":"https:\/\/global-hookah.com\/#organization","name":"Global Hookah","url":"https:\/\/global-hookah.com\/","logo":{"@type":"ImageObject","inLanguage":"es","@id":"https:\/\/global-hookah.com\/#\/schema\/logo\/image\/","url":"https:\/\/global-hookah.com\/wp-content\/uploads\/2021\/10\/cropped-fgg.png","contentUrl":"https:\/\/global-hookah.com\/wp-content\/uploads\/2021\/10\/cropped-fgg.png","width":512,"height":512,"caption":"Global Hookah"},"image":{"@id":"https:\/\/global-hookah.com\/#\/schema\/logo\/image\/"}}]}},"_links":{"self":[{"href":"https:\/\/global-hookah.com\/es\/wp-json\/wp\/v2\/product\/28781","targetHints":{"allow":["GET"]}}],"collection":[{"href":"https:\/\/global-hookah.com\/es\/wp-json\/wp\/v2\/product"}],"about":[{"href":"https:\/\/global-hookah.com\/es\/wp-json\/wp\/v2\/types\/product"}],"replies":[{"embeddable":true,"href":"https:\/\/global-hookah.com\/es\/wp-json\/wp\/v2\/comments?post=28781"}],"version-history":[{"count":0,"href":"https:\/\/global-hookah.com\/es\/wp-json\/wp\/v2\/product\/28781\/revisions"}],"wp:featuredmedia":[{"embeddable":true,"href":"https:\/\/global-hookah.com\/es\/wp-json\/wp\/v2\/media\/28782"}],"wp:attachment":[{"href":"https:\/\/global-hookah.com\/es\/wp-json\/wp\/v2\/media?parent=28781"}],"wp:term":[{"taxonomy":"product_brand","embeddable":true,"href":"https:\/\/global-hookah.com\/es\/wp-json\/wp\/v2\/product_brand?post=28781"},{"taxonomy":"product_cat","embeddable":true,"href":"https:\/\/global-hookah.com\/es\/wp-json\/wp\/v2\/product_cat?post=28781"},{"taxonomy":"product_tag","embeddable":true,"href":"https:\/\/global-hookah.com\/es\/wp-json\/wp\/v2\/product_tag?post=28781"}],"curies":[{"name":"wp","href":"https:\/\/api.w.org\/{rel}","templated":true}]}}