{"id":28846,"date":"2024-08-04T08:12:43","date_gmt":"2024-08-04T08:12:43","guid":{"rendered":"https:\/\/global-hookah.com\/?post_type=product&#038;p=28846"},"modified":"2024-08-04T08:38:11","modified_gmt":"2024-08-04T08:38:11","slug":"2024-high-end-porsche-hookah-wholesale","status":"publish","type":"product","link":"https:\/\/global-hookah.com\/es\/producto\/2024-high-end-porsche-hookah-wholesale\/","title":{"rendered":"2024 High-End Porsche Hookah al por mayor"},"content":{"rendered":"<p>\u00bfQuieres darle un toque de opulencia a tus sesiones de narguile? Amigos m\u00edos, perm\u00edtanme presentarles el <strong>Hookah Porsche de gama alta 2024<\/strong>esto <strong>Hookah de gama alta<\/strong> te har\u00e1 sentir como la realeza del narguile y \u00a1es m\u00e1s suave que una deliciosa salsa de caramelo!<\/p>\n<p>Esto no es <a href=\"https:\/\/global-hookah.com\/product-category\/wholesale-hookah\/glass-hookah-wholesale\/\">shisha b\u00e1sica de cristal<\/a> - Hasta el \u00faltimo detalle, desde la base hasta el tubo, grita lujo. Hablamos de componentes de aluminio anodizado en negro que juegan a la perfecci\u00f3n con el aire minimalista. \u00a1Y esa boquilla! Es la combinaci\u00f3n perfecta con el opulento tubo de cuero y la v\u00e1lvula de purga de aleaci\u00f3n de aluminio.<\/p>\n<p>Adem\u00e1s, han a\u00f1adido a su ic\u00f3nica forma un cabezal de tabaco mejorado y un parabrisas optimizado para que s\u00f3lo obtengas las nubes de humo m\u00e1s sedosas y sabrosas en cada calada.<\/p>\n<p>Gracias a su tubo descendente de aluminio de gran calibre y a su difusor creativo, este narguile de lujo produce una fumada suave como la seda. Los sabores se perciben muy claramente y sin ninguna aspereza.<\/p>","protected":false},"excerpt":{"rendered":"<p>\u00bfQuiere darle un toque de opulencia a sus sesiones de narguile? Amigos m\u00edos, perm\u00edtanme presentarles el 2024 High-End Porsche Hookah;<\/p>","protected":false},"featured_media":28847,"comment_status":"closed","ping_status":"closed","template":"","meta":{"iawp_total_views":7,"_joinchat":[]},"product_brand":[],"product_cat":[560,119],"product_tag":[],"class_list":{"0":"post-28846","1":"product","2":"type-product","3":"status-publish","4":"has-post-thumbnail","6":"product_cat-glass-hookah-wholesale","7":"product_cat-wholesale-hookah","9":"first","10":"instock","11":"shipping-taxable","12":"product-type-external"},"yoast_head":"<!-- This site is optimized with the Yoast SEO Premium plugin v24.7 (Yoast SEO v26.8) - https:\/\/yoast.com\/product\/yoast-seo-premium-wordpress\/ -->\n<title>2024 High-End Porsche Hookah Wholesale - Global Hookah<\/title>\n<meta name=\"robots\" content=\"index, follow, max-snippet:-1, max-image-preview:large, max-video-preview:-1\" \/>\n<link rel=\"canonical\" href=\"https:\/\/global-hookah.com\/es\/producto\/2024-high-end-porsche-hookah-wholesale\/\" \/>\n<meta property=\"og:locale\" content=\"es_ES\" \/>\n<meta property=\"og:type\" content=\"article\" \/>\n<meta property=\"og:title\" content=\"2024 High-End Porsche Hookah Wholesale\" \/>\n<meta property=\"og:description\" content=\"Looking to give your hookah sessions some opulence? My buddies, let me introduce you to the 2024 High-End Porsche Hookah;\" \/>\n<meta property=\"og:url\" content=\"https:\/\/global-hookah.com\/es\/producto\/2024-high-end-porsche-hookah-wholesale\/\" \/>\n<meta property=\"og:site_name\" content=\"Global Hookah\" \/>\n<meta property=\"article:modified_time\" content=\"2024-08-04T08:38:11+00:00\" \/>\n<meta property=\"og:image\" content=\"https:\/\/global-hookah.com\/wp-content\/uploads\/2024\/08\/4f9e81803a96a09a715f7ef8050f2d1.jpg\" \/>\n\t<meta property=\"og:image:width\" content=\"1280\" \/>\n\t<meta property=\"og:image:height\" content=\"1280\" \/>\n\t<meta property=\"og:image:type\" content=\"image\/jpeg\" \/>\n<meta name=\"twitter:card\" content=\"summary_large_image\" \/>\n<meta name=\"twitter:label1\" content=\"Tiempo de lectura\" \/>\n\t<meta name=\"twitter:data1\" content=\"1 minuto\" \/>\n<script type=\"application\/ld+json\" class=\"yoast-schema-graph\">{\"@context\":\"https:\/\/schema.org\",\"@graph\":[{\"@type\":\"WebPage\",\"@id\":\"https:\/\/global-hookah.com\/product\/2024-high-end-porsche-hookah-wholesale\/\",\"url\":\"https:\/\/global-hookah.com\/product\/2024-high-end-porsche-hookah-wholesale\/\",\"name\":\"2024 High-End Porsche Hookah Wholesale - Global Hookah\",\"isPartOf\":{\"@id\":\"https:\/\/global-hookah.com\/#website\"},\"primaryImageOfPage\":{\"@id\":\"https:\/\/global-hookah.com\/product\/2024-high-end-porsche-hookah-wholesale\/#primaryimage\"},\"image\":{\"@id\":\"https:\/\/global-hookah.com\/product\/2024-high-end-porsche-hookah-wholesale\/#primaryimage\"},\"thumbnailUrl\":\"https:\/\/global-hookah.com\/wp-content\/uploads\/2024\/08\/4f9e81803a96a09a715f7ef8050f2d1.jpg\",\"datePublished\":\"2024-08-04T08:12:43+00:00\",\"dateModified\":\"2024-08-04T08:38:11+00:00\",\"breadcrumb\":{\"@id\":\"https:\/\/global-hookah.com\/product\/2024-high-end-porsche-hookah-wholesale\/#breadcrumb\"},\"inLanguage\":\"es\",\"potentialAction\":[{\"@type\":\"ReadAction\",\"target\":[\"https:\/\/global-hookah.com\/product\/2024-high-end-porsche-hookah-wholesale\/\"]}]},{\"@type\":\"ImageObject\",\"inLanguage\":\"es\",\"@id\":\"https:\/\/global-hookah.com\/product\/2024-high-end-porsche-hookah-wholesale\/#primaryimage\",\"url\":\"https:\/\/global-hookah.com\/wp-content\/uploads\/2024\/08\/4f9e81803a96a09a715f7ef8050f2d1.jpg\",\"contentUrl\":\"https:\/\/global-hookah.com\/wp-content\/uploads\/2024\/08\/4f9e81803a96a09a715f7ef8050f2d1.jpg\",\"width\":1280,\"height\":1280,\"caption\":\"2024 High-End Porsche Hookah Wholesale\"},{\"@type\":\"BreadcrumbList\",\"@id\":\"https:\/\/global-hookah.com\/product\/2024-high-end-porsche-hookah-wholesale\/#breadcrumb\",\"itemListElement\":[{\"@type\":\"ListItem\",\"position\":1,\"name\":\"Home\",\"item\":\"https:\/\/global-hookah.com\/\"},{\"@type\":\"ListItem\",\"position\":2,\"name\":\"Shop\",\"item\":\"https:\/\/global-hookah.com\/shop\/\"},{\"@type\":\"ListItem\",\"position\":3,\"name\":\"2024 High-End Porsche Hookah Wholesale\"}]},{\"@type\":\"WebSite\",\"@id\":\"https:\/\/global-hookah.com\/#website\",\"url\":\"https:\/\/global-hookah.com\/\",\"name\":\"Global Hookah\",\"description\":\"Global Hookah\",\"publisher\":{\"@id\":\"https:\/\/global-hookah.com\/#organization\"},\"potentialAction\":[{\"@type\":\"SearchAction\",\"target\":{\"@type\":\"EntryPoint\",\"urlTemplate\":\"https:\/\/global-hookah.com\/?s={search_term_string}\"},\"query-input\":{\"@type\":\"PropertyValueSpecification\",\"valueRequired\":true,\"valueName\":\"search_term_string\"}}],\"inLanguage\":\"es\"},{\"@type\":\"Organization\",\"@id\":\"https:\/\/global-hookah.com\/#organization\",\"name\":\"Global Hookah\",\"url\":\"https:\/\/global-hookah.com\/\",\"logo\":{\"@type\":\"ImageObject\",\"inLanguage\":\"es\",\"@id\":\"https:\/\/global-hookah.com\/#\/schema\/logo\/image\/\",\"url\":\"https:\/\/global-hookah.com\/wp-content\/uploads\/2021\/10\/cropped-fgg.png\",\"contentUrl\":\"https:\/\/global-hookah.com\/wp-content\/uploads\/2021\/10\/cropped-fgg.png\",\"width\":512,\"height\":512,\"caption\":\"Global Hookah\"},\"image\":{\"@id\":\"https:\/\/global-hookah.com\/#\/schema\/logo\/image\/\"}}]}<\/script>\n<!-- \/ Yoast SEO Premium plugin. -->","yoast_head_json":{"title":"2024 High-End Porsche Hookah al por mayor - Global Hookah","robots":{"index":"index","follow":"follow","max-snippet":"max-snippet:-1","max-image-preview":"max-image-preview:large","max-video-preview":"max-video-preview:-1"},"canonical":"https:\/\/global-hookah.com\/es\/producto\/2024-high-end-porsche-hookah-wholesale\/","og_locale":"es_ES","og_type":"article","og_title":"2024 High-End Porsche Hookah Wholesale","og_description":"Looking to give your hookah sessions some opulence? My buddies, let me introduce you to the 2024 High-End Porsche Hookah;","og_url":"https:\/\/global-hookah.com\/es\/producto\/2024-high-end-porsche-hookah-wholesale\/","og_site_name":"Global Hookah","article_modified_time":"2024-08-04T08:38:11+00:00","og_image":[{"width":1280,"height":1280,"url":"https:\/\/global-hookah.com\/wp-content\/uploads\/2024\/08\/4f9e81803a96a09a715f7ef8050f2d1.jpg","type":"image\/jpeg"}],"twitter_card":"summary_large_image","twitter_misc":{"Tiempo de lectura":"1 minuto"},"schema":{"@context":"https:\/\/schema.org","@graph":[{"@type":"WebPage","@id":"https:\/\/global-hookah.com\/product\/2024-high-end-porsche-hookah-wholesale\/","url":"https:\/\/global-hookah.com\/product\/2024-high-end-porsche-hookah-wholesale\/","name":"2024 High-End Porsche Hookah al por mayor - Global Hookah","isPartOf":{"@id":"https:\/\/global-hookah.com\/#website"},"primaryImageOfPage":{"@id":"https:\/\/global-hookah.com\/product\/2024-high-end-porsche-hookah-wholesale\/#primaryimage"},"image":{"@id":"https:\/\/global-hookah.com\/product\/2024-high-end-porsche-hookah-wholesale\/#primaryimage"},"thumbnailUrl":"https:\/\/global-hookah.com\/wp-content\/uploads\/2024\/08\/4f9e81803a96a09a715f7ef8050f2d1.jpg","datePublished":"2024-08-04T08:12:43+00:00","dateModified":"2024-08-04T08:38:11+00:00","breadcrumb":{"@id":"https:\/\/global-hookah.com\/product\/2024-high-end-porsche-hookah-wholesale\/#breadcrumb"},"inLanguage":"es","potentialAction":[{"@type":"ReadAction","target":["https:\/\/global-hookah.com\/product\/2024-high-end-porsche-hookah-wholesale\/"]}]},{"@type":"ImageObject","inLanguage":"es","@id":"https:\/\/global-hookah.com\/product\/2024-high-end-porsche-hookah-wholesale\/#primaryimage","url":"https:\/\/global-hookah.com\/wp-content\/uploads\/2024\/08\/4f9e81803a96a09a715f7ef8050f2d1.jpg","contentUrl":"https:\/\/global-hookah.com\/wp-content\/uploads\/2024\/08\/4f9e81803a96a09a715f7ef8050f2d1.jpg","width":1280,"height":1280,"caption":"2024 High-End Porsche Hookah Wholesale"},{"@type":"BreadcrumbList","@id":"https:\/\/global-hookah.com\/product\/2024-high-end-porsche-hookah-wholesale\/#breadcrumb","itemListElement":[{"@type":"ListItem","position":1,"name":"Home","item":"https:\/\/global-hookah.com\/"},{"@type":"ListItem","position":2,"name":"Shop","item":"https:\/\/global-hookah.com\/shop\/"},{"@type":"ListItem","position":3,"name":"2024 High-End Porsche Hookah Wholesale"}]},{"@type":"WebSite","@id":"https:\/\/global-hookah.com\/#website","url":"https:\/\/global-hookah.com\/","name":"Global Hookah","description":"Global Hookah","publisher":{"@id":"https:\/\/global-hookah.com\/#organization"},"potentialAction":[{"@type":"SearchAction","target":{"@type":"EntryPoint","urlTemplate":"https:\/\/global-hookah.com\/?s={search_term_string}"},"query-input":{"@type":"PropertyValueSpecification","valueRequired":true,"valueName":"search_term_string"}}],"inLanguage":"es"},{"@type":"Organization","@id":"https:\/\/global-hookah.com\/#organization","name":"Global Hookah","url":"https:\/\/global-hookah.com\/","logo":{"@type":"ImageObject","inLanguage":"es","@id":"https:\/\/global-hookah.com\/#\/schema\/logo\/image\/","url":"https:\/\/global-hookah.com\/wp-content\/uploads\/2021\/10\/cropped-fgg.png","contentUrl":"https:\/\/global-hookah.com\/wp-content\/uploads\/2021\/10\/cropped-fgg.png","width":512,"height":512,"caption":"Global Hookah"},"image":{"@id":"https:\/\/global-hookah.com\/#\/schema\/logo\/image\/"}}]}},"_links":{"self":[{"href":"https:\/\/global-hookah.com\/es\/wp-json\/wp\/v2\/product\/28846","targetHints":{"allow":["GET"]}}],"collection":[{"href":"https:\/\/global-hookah.com\/es\/wp-json\/wp\/v2\/product"}],"about":[{"href":"https:\/\/global-hookah.com\/es\/wp-json\/wp\/v2\/types\/product"}],"replies":[{"embeddable":true,"href":"https:\/\/global-hookah.com\/es\/wp-json\/wp\/v2\/comments?post=28846"}],"version-history":[{"count":0,"href":"https:\/\/global-hookah.com\/es\/wp-json\/wp\/v2\/product\/28846\/revisions"}],"wp:featuredmedia":[{"embeddable":true,"href":"https:\/\/global-hookah.com\/es\/wp-json\/wp\/v2\/media\/28847"}],"wp:attachment":[{"href":"https:\/\/global-hookah.com\/es\/wp-json\/wp\/v2\/media?parent=28846"}],"wp:term":[{"taxonomy":"product_brand","embeddable":true,"href":"https:\/\/global-hookah.com\/es\/wp-json\/wp\/v2\/product_brand?post=28846"},{"taxonomy":"product_cat","embeddable":true,"href":"https:\/\/global-hookah.com\/es\/wp-json\/wp\/v2\/product_cat?post=28846"},{"taxonomy":"product_tag","embeddable":true,"href":"https:\/\/global-hookah.com\/es\/wp-json\/wp\/v2\/product_tag?post=28846"}],"curies":[{"name":"wp","href":"https:\/\/api.w.org\/{rel}","templated":true}]}}