{"id":28867,"date":"2024-09-27T02:10:41","date_gmt":"2024-09-27T02:10:41","guid":{"rendered":"https:\/\/global-hookah.com\/product\/global-cn03clearance-smok-nord-22-aio-starter-kit-3-5ml-2000mah\/"},"modified":"2024-09-27T02:23:04","modified_gmt":"2024-09-27T02:23:04","slug":"global-cn03clearance-smok-nord-22-aio-starter-kit-3-5ml-2000mah","status":"publish","type":"product","link":"https:\/\/global-hookah.com\/es\/producto\/global-cn03clearance-smok-nord-22-aio-starter-kit-3-5ml-2000mah\/","title":{"rendered":"Global-CN03Rebajas Smok Nord 22 AIO Starter Kit 3.5ml 2000mAh"},"content":{"rendered":"<p><strong><font color=\"#ff7301\" size=\"4px\">Ventas: Comprar 1pc este Nord 22 AIO Kit puede obtener 5pcs Nord 22 AIO Tank(sin bobina) de forma gratuita. primero llegado. primero servido. Los regalos pueden ser enviados al azar. si desea especificar el color. por favor, p\u00f3ngase en contacto con el servicio al cliente.<\/font><\/strong><\/p>\n<p><strong>Smok<\/strong> Nord AIO 22 Starter Kit es tambi\u00e9n un nuevo kit de inicio todo-en-uno que tiene un di\u00e1metro diferente de Nord AIO 19 Kit. Tienen una apariencia similar entre s\u00ed, pero el kit Nord AIO 22 es m\u00e1s potente. Tiene una bater\u00eda de 2000mAh de capacidad y un tanque de vidrio de 3.5ml. Es capaz de 60W de salida m\u00e1xima. Es compatible con la bobina Nord Mesh 0.6ohm que est\u00e1 dise\u00f1ado para vaping sub ohmios y traer\u00e1 vapor masiva. La bobina Nord Regular 1.4ohm puede producir una experiencia de vapeo MTL para usted. El kit Nord AIO 22 tambi\u00e9n cuenta con tapa superior giratoria para evitar fugas y garantizar la seguridad. Un bot\u00f3n es f\u00e1cil de usar.<\/p>\n<p>&lt;!-<img data-echo=\"\/images\/products\/smok\/Nord-22-Kit-11.jpg\" alt=\"Smok Nord AIO 22 Kit\" \/><br \/>-&gt;<img decoding=\"async\" src=\"https:\/\/global-hookah.com\/wp-content\/uploads\/2024\/09\/Nord-22-Kit-12.jpg?w=1200&amp;h=617\" alt=\"Smok Nord AIO 22 Kit\"><br \/><img decoding=\"async\" src=\"https:\/\/global-hookah.com\/wp-content\/uploads\/2024\/09\/Nord-22-Kit-13.jpg?w=1200&amp;h=800\" alt=\"Smok Nord AIO 22 Kit\"><br \/><img decoding=\"async\" src=\"https:\/\/global-hookah.com\/wp-content\/uploads\/2024\/09\/Nord-22-Kit-14.jpg?w=1200&amp;h=538\" alt=\"Smok Nord AIO 22 Kit\"><br \/><img decoding=\"async\" src=\"https:\/\/global-hookah.com\/wp-content\/uploads\/2024\/09\/Nord-22-Kit-15.jpg?w=1200&amp;h=714\" alt=\"Smok Nord AIO 22 Kit\"><br \/><img decoding=\"async\" src=\"https:\/\/global-hookah.com\/wp-content\/uploads\/2024\/09\/Nord-22-Kit-16.jpg?w=1200&amp;h=770\" alt=\"Smok Nord AIO 22 Kit\"><br \/><img decoding=\"async\" src=\"https:\/\/global-hookah.com\/wp-content\/uploads\/2024\/09\/Nord-22-Kit-17.jpg?w=1200&amp;h=778\" alt=\"Smok Nord AIO 22 Kit\"><br \/><img decoding=\"async\" src=\"https:\/\/global-hookah.com\/wp-content\/uploads\/2024\/09\/Nord-22-Kit-18.jpg?w=1200&amp;h=659\" alt=\"Smok Nord AIO 22 Kit\"><br \/><img decoding=\"async\" src=\"https:\/\/global-hookah.com\/wp-content\/uploads\/2024\/09\/Nord-22-Kit-19.jpg?w=1200&amp;h=778\" alt=\"Smok Nord AIO 22 Kit\"><br \/><img decoding=\"async\" src=\"https:\/\/global-hookah.com\/wp-content\/uploads\/2024\/09\/Nord-22-Kit-20.jpg?w=1200&amp;h=800\" alt=\"Smok Nord AIO 22 Kit\"><br \/><img decoding=\"async\" src=\"https:\/\/global-hookah.com\/wp-content\/uploads\/2024\/09\/Nord-22-Kit-21.jpg?w=1200&amp;h=695\" alt=\"Smok Nord AIO 22 Kit\"><br \/><img decoding=\"async\" src=\"https:\/\/global-hookah.com\/wp-content\/uploads\/2024\/09\/Nord-22-Kit-22.jpg?w=1200&amp;h=674\" alt=\"Smok Nord AIO 22 Kit\"><br \/><img decoding=\"async\" src=\"https:\/\/global-hookah.com\/wp-content\/uploads\/2024\/09\/Nord-22-Kit-23.jpg?w=1200&amp;h=706\" alt=\"Smok Nord AIO 22 Kit\"><\/p>\n<p>Marca: Smok<br \/>Unidad: 1Set<br \/>Tama\u00f1o: 125,5*22 mm<br \/>Material: Acero inoxidable<br \/>Capacidad de la bater\u00eda: 2000 mAh<br \/>Corriente de espera: &lt;20uA<br \/>Potencia m\u00e1xima de salida: 60 W<br \/>Tensi\u00f3n de entrada: 3,3V-4,2V<br \/>Tensi\u00f3n de salida: 2,5V-4,1V<br \/>Tensi\u00f3n de carga: 5 V<br \/>Corriente de carga: 0,66A\u00b10,05A<br \/>Capacidad E-LQ: 3,5 ml<br \/>Embalaje: Caja de regalo<br \/>M\u00e9todo de env\u00edo:Consulte aqu\u00ed los detalles.<\/p>\n<p><strong>Cada juego contiene:<\/strong><br \/>1pc Nord AIO 22 Kit 3.5ml<br \/>1pc Nord Mesh 0.6ohm bobina<br \/>1pc Nord Regular 1.4ohm bobina<br \/>1 cable USB<br \/>1 Manual de usuario<\/p>","protected":false},"excerpt":{"rendered":"<p>Ventas: Comprar 1pc este Nord 22 AIO Kit puede obtener 5pcs Nord 22 AIO Tank(sin bobina) de forma gratuita. primero llegado.<\/p>","protected":false},"featured_media":29242,"comment_status":"closed","ping_status":"closed","template":"","meta":{"iawp_total_views":4,"_joinchat":[]},"product_brand":[],"product_cat":[415],"product_tag":[],"class_list":{"0":"post-28867","1":"product","2":"type-product","3":"status-publish","4":"has-post-thumbnail","6":"product_cat-accessories","8":"first","9":"instock","10":"sale","11":"shipping-taxable","12":"purchasable","13":"product-type-variable"},"yoast_head":"<!-- This site is optimized with the Yoast SEO Premium plugin v24.7 (Yoast SEO v26.8) - https:\/\/yoast.com\/product\/yoast-seo-premium-wordpress\/ -->\n<title>Global-CN03Clearance Smok Nord 22 AIO Starter Kit 3.5ml 2000mAh - Global Hookah<\/title>\n<meta name=\"robots\" content=\"index, follow, max-snippet:-1, max-image-preview:large, max-video-preview:-1\" \/>\n<link rel=\"canonical\" href=\"https:\/\/global-hookah.com\/es\/producto\/global-cn03clearance-smok-nord-22-aio-starter-kit-3-5ml-2000mah\/\" \/>\n<meta property=\"og:locale\" content=\"es_ES\" \/>\n<meta property=\"og:type\" content=\"article\" \/>\n<meta property=\"og:title\" content=\"Global-CN03Clearance Smok Nord 22 AIO Starter Kit 3.5ml 2000mAh\" \/>\n<meta property=\"og:description\" content=\"Sales: Buy 1pc this Nord 22 AIO Kit Can Get 5pcs Nord 22 AIO Tank(without Coil) for Free. first Come.\" \/>\n<meta property=\"og:url\" content=\"https:\/\/global-hookah.com\/es\/producto\/global-cn03clearance-smok-nord-22-aio-starter-kit-3-5ml-2000mah\/\" \/>\n<meta property=\"og:site_name\" content=\"Global Hookah\" \/>\n<meta property=\"article:modified_time\" content=\"2024-09-27T02:23:04+00:00\" \/>\n<meta property=\"og:image\" content=\"https:\/\/global-hookah.com\/wp-content\/uploads\/2024\/09\/Nord-22-Kit-1.jpg\" \/>\n\t<meta property=\"og:image:width\" content=\"840\" \/>\n\t<meta property=\"og:image:height\" content=\"840\" \/>\n\t<meta property=\"og:image:type\" content=\"image\/jpeg\" \/>\n<meta name=\"twitter:card\" content=\"summary_large_image\" \/>\n<meta name=\"twitter:label1\" content=\"Tiempo de lectura\" \/>\n\t<meta name=\"twitter:data1\" content=\"1 minuto\" \/>\n<script type=\"application\/ld+json\" class=\"yoast-schema-graph\">{\"@context\":\"https:\/\/schema.org\",\"@graph\":[{\"@type\":\"WebPage\",\"@id\":\"https:\/\/global-hookah.com\/product\/global-cn03clearance-smok-nord-22-aio-starter-kit-3-5ml-2000mah\/\",\"url\":\"https:\/\/global-hookah.com\/product\/global-cn03clearance-smok-nord-22-aio-starter-kit-3-5ml-2000mah\/\",\"name\":\"Global-CN03Clearance Smok Nord 22 AIO Starter Kit 3.5ml 2000mAh - Global Hookah\",\"isPartOf\":{\"@id\":\"https:\/\/global-hookah.com\/#website\"},\"primaryImageOfPage\":{\"@id\":\"https:\/\/global-hookah.com\/product\/global-cn03clearance-smok-nord-22-aio-starter-kit-3-5ml-2000mah\/#primaryimage\"},\"image\":{\"@id\":\"https:\/\/global-hookah.com\/product\/global-cn03clearance-smok-nord-22-aio-starter-kit-3-5ml-2000mah\/#primaryimage\"},\"thumbnailUrl\":\"https:\/\/global-hookah.com\/wp-content\/uploads\/2024\/09\/Nord-22-Kit-1.jpg\",\"datePublished\":\"2024-09-27T02:10:41+00:00\",\"dateModified\":\"2024-09-27T02:23:04+00:00\",\"breadcrumb\":{\"@id\":\"https:\/\/global-hookah.com\/product\/global-cn03clearance-smok-nord-22-aio-starter-kit-3-5ml-2000mah\/#breadcrumb\"},\"inLanguage\":\"es\",\"potentialAction\":[{\"@type\":\"ReadAction\",\"target\":[\"https:\/\/global-hookah.com\/product\/global-cn03clearance-smok-nord-22-aio-starter-kit-3-5ml-2000mah\/\"]}]},{\"@type\":\"ImageObject\",\"inLanguage\":\"es\",\"@id\":\"https:\/\/global-hookah.com\/product\/global-cn03clearance-smok-nord-22-aio-starter-kit-3-5ml-2000mah\/#primaryimage\",\"url\":\"https:\/\/global-hookah.com\/wp-content\/uploads\/2024\/09\/Nord-22-Kit-1.jpg\",\"contentUrl\":\"https:\/\/global-hookah.com\/wp-content\/uploads\/2024\/09\/Nord-22-Kit-1.jpg\",\"width\":840,\"height\":840},{\"@type\":\"BreadcrumbList\",\"@id\":\"https:\/\/global-hookah.com\/product\/global-cn03clearance-smok-nord-22-aio-starter-kit-3-5ml-2000mah\/#breadcrumb\",\"itemListElement\":[{\"@type\":\"ListItem\",\"position\":1,\"name\":\"Home\",\"item\":\"https:\/\/global-hookah.com\/\"},{\"@type\":\"ListItem\",\"position\":2,\"name\":\"Shop\",\"item\":\"https:\/\/global-hookah.com\/shop\/\"},{\"@type\":\"ListItem\",\"position\":3,\"name\":\"Global-CN03Clearance Smok Nord 22 AIO Starter Kit 3.5ml 2000mAh\"}]},{\"@type\":\"WebSite\",\"@id\":\"https:\/\/global-hookah.com\/#website\",\"url\":\"https:\/\/global-hookah.com\/\",\"name\":\"Global Hookah\",\"description\":\"Global Hookah\",\"publisher\":{\"@id\":\"https:\/\/global-hookah.com\/#organization\"},\"potentialAction\":[{\"@type\":\"SearchAction\",\"target\":{\"@type\":\"EntryPoint\",\"urlTemplate\":\"https:\/\/global-hookah.com\/?s={search_term_string}\"},\"query-input\":{\"@type\":\"PropertyValueSpecification\",\"valueRequired\":true,\"valueName\":\"search_term_string\"}}],\"inLanguage\":\"es\"},{\"@type\":\"Organization\",\"@id\":\"https:\/\/global-hookah.com\/#organization\",\"name\":\"Global Hookah\",\"url\":\"https:\/\/global-hookah.com\/\",\"logo\":{\"@type\":\"ImageObject\",\"inLanguage\":\"es\",\"@id\":\"https:\/\/global-hookah.com\/#\/schema\/logo\/image\/\",\"url\":\"https:\/\/global-hookah.com\/wp-content\/uploads\/2021\/10\/cropped-fgg.png\",\"contentUrl\":\"https:\/\/global-hookah.com\/wp-content\/uploads\/2021\/10\/cropped-fgg.png\",\"width\":512,\"height\":512,\"caption\":\"Global Hookah\"},\"image\":{\"@id\":\"https:\/\/global-hookah.com\/#\/schema\/logo\/image\/\"}}]}<\/script>\n<!-- \/ Yoast SEO Premium plugin. -->","yoast_head_json":{"title":"Global-CN03Rebajas Smok Nord 22 AIO Starter Kit 3.5ml 2000mAh - Global Hookah","robots":{"index":"index","follow":"follow","max-snippet":"max-snippet:-1","max-image-preview":"max-image-preview:large","max-video-preview":"max-video-preview:-1"},"canonical":"https:\/\/global-hookah.com\/es\/producto\/global-cn03clearance-smok-nord-22-aio-starter-kit-3-5ml-2000mah\/","og_locale":"es_ES","og_type":"article","og_title":"Global-CN03Clearance Smok Nord 22 AIO Starter Kit 3.5ml 2000mAh","og_description":"Sales: Buy 1pc this Nord 22 AIO Kit Can Get 5pcs Nord 22 AIO Tank(without Coil) for Free. first Come.","og_url":"https:\/\/global-hookah.com\/es\/producto\/global-cn03clearance-smok-nord-22-aio-starter-kit-3-5ml-2000mah\/","og_site_name":"Global Hookah","article_modified_time":"2024-09-27T02:23:04+00:00","og_image":[{"width":840,"height":840,"url":"https:\/\/global-hookah.com\/wp-content\/uploads\/2024\/09\/Nord-22-Kit-1.jpg","type":"image\/jpeg"}],"twitter_card":"summary_large_image","twitter_misc":{"Tiempo de lectura":"1 minuto"},"schema":{"@context":"https:\/\/schema.org","@graph":[{"@type":"WebPage","@id":"https:\/\/global-hookah.com\/product\/global-cn03clearance-smok-nord-22-aio-starter-kit-3-5ml-2000mah\/","url":"https:\/\/global-hookah.com\/product\/global-cn03clearance-smok-nord-22-aio-starter-kit-3-5ml-2000mah\/","name":"Global-CN03Rebajas Smok Nord 22 AIO Starter Kit 3.5ml 2000mAh - Global Hookah","isPartOf":{"@id":"https:\/\/global-hookah.com\/#website"},"primaryImageOfPage":{"@id":"https:\/\/global-hookah.com\/product\/global-cn03clearance-smok-nord-22-aio-starter-kit-3-5ml-2000mah\/#primaryimage"},"image":{"@id":"https:\/\/global-hookah.com\/product\/global-cn03clearance-smok-nord-22-aio-starter-kit-3-5ml-2000mah\/#primaryimage"},"thumbnailUrl":"https:\/\/global-hookah.com\/wp-content\/uploads\/2024\/09\/Nord-22-Kit-1.jpg","datePublished":"2024-09-27T02:10:41+00:00","dateModified":"2024-09-27T02:23:04+00:00","breadcrumb":{"@id":"https:\/\/global-hookah.com\/product\/global-cn03clearance-smok-nord-22-aio-starter-kit-3-5ml-2000mah\/#breadcrumb"},"inLanguage":"es","potentialAction":[{"@type":"ReadAction","target":["https:\/\/global-hookah.com\/product\/global-cn03clearance-smok-nord-22-aio-starter-kit-3-5ml-2000mah\/"]}]},{"@type":"ImageObject","inLanguage":"es","@id":"https:\/\/global-hookah.com\/product\/global-cn03clearance-smok-nord-22-aio-starter-kit-3-5ml-2000mah\/#primaryimage","url":"https:\/\/global-hookah.com\/wp-content\/uploads\/2024\/09\/Nord-22-Kit-1.jpg","contentUrl":"https:\/\/global-hookah.com\/wp-content\/uploads\/2024\/09\/Nord-22-Kit-1.jpg","width":840,"height":840},{"@type":"BreadcrumbList","@id":"https:\/\/global-hookah.com\/product\/global-cn03clearance-smok-nord-22-aio-starter-kit-3-5ml-2000mah\/#breadcrumb","itemListElement":[{"@type":"ListItem","position":1,"name":"Home","item":"https:\/\/global-hookah.com\/"},{"@type":"ListItem","position":2,"name":"Shop","item":"https:\/\/global-hookah.com\/shop\/"},{"@type":"ListItem","position":3,"name":"Global-CN03Clearance Smok Nord 22 AIO Starter Kit 3.5ml 2000mAh"}]},{"@type":"WebSite","@id":"https:\/\/global-hookah.com\/#website","url":"https:\/\/global-hookah.com\/","name":"Global Hookah","description":"Global Hookah","publisher":{"@id":"https:\/\/global-hookah.com\/#organization"},"potentialAction":[{"@type":"SearchAction","target":{"@type":"EntryPoint","urlTemplate":"https:\/\/global-hookah.com\/?s={search_term_string}"},"query-input":{"@type":"PropertyValueSpecification","valueRequired":true,"valueName":"search_term_string"}}],"inLanguage":"es"},{"@type":"Organization","@id":"https:\/\/global-hookah.com\/#organization","name":"Global Hookah","url":"https:\/\/global-hookah.com\/","logo":{"@type":"ImageObject","inLanguage":"es","@id":"https:\/\/global-hookah.com\/#\/schema\/logo\/image\/","url":"https:\/\/global-hookah.com\/wp-content\/uploads\/2021\/10\/cropped-fgg.png","contentUrl":"https:\/\/global-hookah.com\/wp-content\/uploads\/2021\/10\/cropped-fgg.png","width":512,"height":512,"caption":"Global Hookah"},"image":{"@id":"https:\/\/global-hookah.com\/#\/schema\/logo\/image\/"}}]}},"_links":{"self":[{"href":"https:\/\/global-hookah.com\/es\/wp-json\/wp\/v2\/product\/28867","targetHints":{"allow":["GET"]}}],"collection":[{"href":"https:\/\/global-hookah.com\/es\/wp-json\/wp\/v2\/product"}],"about":[{"href":"https:\/\/global-hookah.com\/es\/wp-json\/wp\/v2\/types\/product"}],"replies":[{"embeddable":true,"href":"https:\/\/global-hookah.com\/es\/wp-json\/wp\/v2\/comments?post=28867"}],"version-history":[{"count":0,"href":"https:\/\/global-hookah.com\/es\/wp-json\/wp\/v2\/product\/28867\/revisions"}],"wp:featuredmedia":[{"embeddable":true,"href":"https:\/\/global-hookah.com\/es\/wp-json\/wp\/v2\/media\/29242"}],"wp:attachment":[{"href":"https:\/\/global-hookah.com\/es\/wp-json\/wp\/v2\/media?parent=28867"}],"wp:term":[{"taxonomy":"product_brand","embeddable":true,"href":"https:\/\/global-hookah.com\/es\/wp-json\/wp\/v2\/product_brand?post=28867"},{"taxonomy":"product_cat","embeddable":true,"href":"https:\/\/global-hookah.com\/es\/wp-json\/wp\/v2\/product_cat?post=28867"},{"taxonomy":"product_tag","embeddable":true,"href":"https:\/\/global-hookah.com\/es\/wp-json\/wp\/v2\/product_tag?post=28867"}],"curies":[{"name":"wp","href":"https:\/\/api.w.org\/{rel}","templated":true}]}}