{"id":28894,"date":"2024-09-27T02:10:46","date_gmt":"2024-09-27T02:10:46","guid":{"rendered":"https:\/\/global-hookah.com\/product\/global-cn02-uwell-caliburn-g3-lite-pod-system-kit-1200mah-2-5ml\/"},"modified":"2024-09-27T02:23:11","modified_gmt":"2024-09-27T02:23:11","slug":"global-cn02-uwell-caliburn-g3-lite-pod-system-kit-1200mah-2-5ml","status":"publish","type":"product","link":"https:\/\/global-hookah.com\/es\/producto\/global-cn02-uwell-caliburn-g3-lite-pod-system-kit-1200mah-2-5ml\/","title":{"rendered":"Global-CN02 Uwell Caliburn G3 Lite Pod System Kit 1200mAh 2.5ml"},"content":{"rendered":"<p>Uwell Caliburn G3 Lite es la opci\u00f3n m\u00e1s rentable para casi todos los principiantes que se preocupan por FLV y precio. G3 Lite se une a G3 PF pod. ofreciendo diez opciones FLV a los usuarios. Tambi\u00e9n. es compatible con todos los cartuchos G3(0.6ohm\/0.9ohm\/1.2ohm). satisfaciendo las necesidades desde freebase hasta sal NCT. El mecanismo antifugas U\u00b2 (soldadura ultras\u00f3nica * canal en forma de U) dentro del cartucho garantiza una mejora antifugas 150% en comparaci\u00f3n con otros del mercado. Experimente el Caliburn FLV 3.0 en su m\u00e1xima expresi\u00f3n. Ofrece una satisfacci\u00f3n FLV inigualable en cada calada. La avanzada bater\u00eda de 1200 mAh promete un vapeo m\u00e1s duradero y pone fin a la ansiedad por las cargas frecuentes.<\/p>\n<p>Marca: Uwell<br \/>Unidad:1Set<br \/>Materiales: PCTG. PC<br \/>Dimensiones: 111,4 mm * 28,8 mm * 16,3 mm<br \/>Capacidad E-LQ: 2,5ml (INT.\/FDA). 2ml (TPD)<br \/>Potencia de salida: 25 W como m\u00e1ximo<br \/>Especificaciones del cartucho: FeCrAl Meshed 0.6ohm Caliburn G3 Cartucho de bobina integrada (recarga lateral)(INT.\/FDA). FeCrAl Meshed 0.9ohm Caliburn G3 Cartucho de bobina integrada (recarga superior)(TPD).<br \/>Capacidad de la bater\u00eda: 1200mAh<br \/>Paquete:Caja de regalo<\/p>\n<p><strong><font color=\"#ff7301\" size=\"4px\">Cada juego contiene:<\/font><\/strong><br \/>1pc Caliburn G3 Lite Dispositivo<br \/>1pc 0.6ohm Caliburn G3 Integrated Coil Cartridge (recarga lateral)<br \/>1 Manual de usuario<\/p>\n<p><img decoding=\"async\" src=\"https:\/\/global-hookah.com\/wp-content\/uploads\/2024\/09\/Caliburn-G3-Lite-Kit-11.jpg?w=1248&amp;h=509\" alt=\"Uwell Caliburn G3 Lite Kit\"><br \/><img decoding=\"async\" src=\"https:\/\/global-hookah.com\/wp-content\/uploads\/2024\/09\/Caliburn-G3-Lite-Kit-12.jpg?w=1248&amp;h=543\" alt=\"Uwell Caliburn G3 Lite Kit\"><br \/><img decoding=\"async\" src=\"https:\/\/global-hookah.com\/wp-content\/uploads\/2024\/09\/Caliburn-G3-Lite-Kit-13.jpg?w=1248&amp;h=532\" alt=\"Uwell Caliburn G3 Lite Kit\"><br \/><img decoding=\"async\" src=\"https:\/\/global-hookah.com\/wp-content\/uploads\/2024\/09\/Caliburn-G3-Lite-Kit-14.jpg?w=1248&amp;h=649\" alt=\"Uwell Caliburn G3 Lite Kit\"><br \/><img decoding=\"async\" src=\"https:\/\/global-hookah.com\/wp-content\/uploads\/2024\/09\/Caliburn-G3-Lite-Kit-15.jpg?w=1248&amp;h=678\" alt=\"Uwell Caliburn G3 Lite Kit\"><br \/><img decoding=\"async\" src=\"https:\/\/global-hookah.com\/wp-content\/uploads\/2024\/09\/Caliburn-G3-Lite-Kit-16.jpg?w=1248&amp;h=623\" alt=\"Uwell Caliburn G3 Lite Kit\"><br \/><img decoding=\"async\" src=\"https:\/\/global-hookah.com\/wp-content\/uploads\/2024\/09\/Caliburn-G3-Lite-Kit-17.jpg?w=1248&amp;h=677\" alt=\"Uwell Caliburn G3 Lite Kit\"><br \/><img decoding=\"async\" src=\"https:\/\/global-hookah.com\/wp-content\/uploads\/2024\/09\/Caliburn-G3-Lite-Kit-18.jpg?w=1248&amp;h=588\" alt=\"Uwell Caliburn G3 Lite Kit\"><br \/><img decoding=\"async\" src=\"https:\/\/global-hookah.com\/wp-content\/uploads\/2024\/09\/Caliburn-G3-Lite-Kit-19.jpg?w=1248&amp;h=501\" alt=\"Uwell Caliburn G3 Lite Kit\"><br \/><img decoding=\"async\" src=\"https:\/\/global-hookah.com\/wp-content\/uploads\/2024\/09\/Caliburn-G3-Lite-Kit-20.jpg?w=1248&amp;h=738\" alt=\"Uwell Caliburn G3 Lite Kit\"><\/p>\n<p><\/p>","protected":false},"excerpt":{"rendered":"<p>Uwell Caliburn G3 Lite es la opci\u00f3n m\u00e1s rentable para casi todos los principiantes que se preocupan por el FLV y el precio. G3<\/p>","protected":false},"featured_media":29330,"comment_status":"closed","ping_status":"closed","template":"","meta":{"iawp_total_views":2,"_joinchat":[]},"product_brand":[],"product_cat":[415],"product_tag":[],"class_list":{"0":"post-28894","1":"product","2":"type-product","3":"status-publish","4":"has-post-thumbnail","6":"product_cat-accessories","8":"first","9":"instock","10":"sale","11":"shipping-taxable","12":"purchasable","13":"product-type-variable"},"yoast_head":"<!-- This site is optimized with the Yoast SEO Premium plugin v24.7 (Yoast SEO v26.8) - https:\/\/yoast.com\/product\/yoast-seo-premium-wordpress\/ -->\n<title>Global-CN02 Uwell Caliburn G3 Lite Pod System Kit 1200mAh 2.5ml - Global Hookah<\/title>\n<meta name=\"robots\" content=\"index, follow, max-snippet:-1, max-image-preview:large, max-video-preview:-1\" \/>\n<link rel=\"canonical\" href=\"https:\/\/global-hookah.com\/es\/producto\/global-cn02-uwell-caliburn-g3-lite-pod-system-kit-1200mah-2-5ml\/\" \/>\n<meta property=\"og:locale\" content=\"es_ES\" \/>\n<meta property=\"og:type\" content=\"article\" \/>\n<meta property=\"og:title\" content=\"Global-CN02 Uwell Caliburn G3 Lite Pod System Kit 1200mAh 2.5ml\" \/>\n<meta property=\"og:description\" content=\"Uwell Caliburn G3 Lite is the most cost-effective choice for almost all beginners who care about FLV and price. G3\" \/>\n<meta property=\"og:url\" content=\"https:\/\/global-hookah.com\/es\/producto\/global-cn02-uwell-caliburn-g3-lite-pod-system-kit-1200mah-2-5ml\/\" \/>\n<meta property=\"og:site_name\" content=\"Global Hookah\" \/>\n<meta property=\"article:modified_time\" content=\"2024-09-27T02:23:11+00:00\" \/>\n<meta property=\"og:image\" content=\"https:\/\/global-hookah.com\/wp-content\/uploads\/2024\/09\/Caliburn-G3-Lite-Kit-1.jpg\" \/>\n\t<meta property=\"og:image:width\" content=\"800\" \/>\n\t<meta property=\"og:image:height\" content=\"800\" \/>\n\t<meta property=\"og:image:type\" content=\"image\/jpeg\" \/>\n<meta name=\"twitter:card\" content=\"summary_large_image\" \/>\n<meta name=\"twitter:label1\" content=\"Tiempo de lectura\" \/>\n\t<meta name=\"twitter:data1\" content=\"1 minuto\" \/>\n<script type=\"application\/ld+json\" class=\"yoast-schema-graph\">{\"@context\":\"https:\/\/schema.org\",\"@graph\":[{\"@type\":\"WebPage\",\"@id\":\"https:\/\/global-hookah.com\/product\/global-cn02-uwell-caliburn-g3-lite-pod-system-kit-1200mah-2-5ml\/\",\"url\":\"https:\/\/global-hookah.com\/product\/global-cn02-uwell-caliburn-g3-lite-pod-system-kit-1200mah-2-5ml\/\",\"name\":\"Global-CN02 Uwell Caliburn G3 Lite Pod System Kit 1200mAh 2.5ml - Global Hookah\",\"isPartOf\":{\"@id\":\"https:\/\/global-hookah.com\/#website\"},\"primaryImageOfPage\":{\"@id\":\"https:\/\/global-hookah.com\/product\/global-cn02-uwell-caliburn-g3-lite-pod-system-kit-1200mah-2-5ml\/#primaryimage\"},\"image\":{\"@id\":\"https:\/\/global-hookah.com\/product\/global-cn02-uwell-caliburn-g3-lite-pod-system-kit-1200mah-2-5ml\/#primaryimage\"},\"thumbnailUrl\":\"https:\/\/global-hookah.com\/wp-content\/uploads\/2024\/09\/Caliburn-G3-Lite-Kit-1.jpg\",\"datePublished\":\"2024-09-27T02:10:46+00:00\",\"dateModified\":\"2024-09-27T02:23:11+00:00\",\"breadcrumb\":{\"@id\":\"https:\/\/global-hookah.com\/product\/global-cn02-uwell-caliburn-g3-lite-pod-system-kit-1200mah-2-5ml\/#breadcrumb\"},\"inLanguage\":\"es\",\"potentialAction\":[{\"@type\":\"ReadAction\",\"target\":[\"https:\/\/global-hookah.com\/product\/global-cn02-uwell-caliburn-g3-lite-pod-system-kit-1200mah-2-5ml\/\"]}]},{\"@type\":\"ImageObject\",\"inLanguage\":\"es\",\"@id\":\"https:\/\/global-hookah.com\/product\/global-cn02-uwell-caliburn-g3-lite-pod-system-kit-1200mah-2-5ml\/#primaryimage\",\"url\":\"https:\/\/global-hookah.com\/wp-content\/uploads\/2024\/09\/Caliburn-G3-Lite-Kit-1.jpg\",\"contentUrl\":\"https:\/\/global-hookah.com\/wp-content\/uploads\/2024\/09\/Caliburn-G3-Lite-Kit-1.jpg\",\"width\":800,\"height\":800},{\"@type\":\"BreadcrumbList\",\"@id\":\"https:\/\/global-hookah.com\/product\/global-cn02-uwell-caliburn-g3-lite-pod-system-kit-1200mah-2-5ml\/#breadcrumb\",\"itemListElement\":[{\"@type\":\"ListItem\",\"position\":1,\"name\":\"Home\",\"item\":\"https:\/\/global-hookah.com\/\"},{\"@type\":\"ListItem\",\"position\":2,\"name\":\"Shop\",\"item\":\"https:\/\/global-hookah.com\/shop\/\"},{\"@type\":\"ListItem\",\"position\":3,\"name\":\"Global-CN02 Uwell Caliburn G3 Lite Pod System Kit 1200mAh 2.5ml\"}]},{\"@type\":\"WebSite\",\"@id\":\"https:\/\/global-hookah.com\/#website\",\"url\":\"https:\/\/global-hookah.com\/\",\"name\":\"Global Hookah\",\"description\":\"Global Hookah\",\"publisher\":{\"@id\":\"https:\/\/global-hookah.com\/#organization\"},\"potentialAction\":[{\"@type\":\"SearchAction\",\"target\":{\"@type\":\"EntryPoint\",\"urlTemplate\":\"https:\/\/global-hookah.com\/?s={search_term_string}\"},\"query-input\":{\"@type\":\"PropertyValueSpecification\",\"valueRequired\":true,\"valueName\":\"search_term_string\"}}],\"inLanguage\":\"es\"},{\"@type\":\"Organization\",\"@id\":\"https:\/\/global-hookah.com\/#organization\",\"name\":\"Global Hookah\",\"url\":\"https:\/\/global-hookah.com\/\",\"logo\":{\"@type\":\"ImageObject\",\"inLanguage\":\"es\",\"@id\":\"https:\/\/global-hookah.com\/#\/schema\/logo\/image\/\",\"url\":\"https:\/\/global-hookah.com\/wp-content\/uploads\/2021\/10\/cropped-fgg.png\",\"contentUrl\":\"https:\/\/global-hookah.com\/wp-content\/uploads\/2021\/10\/cropped-fgg.png\",\"width\":512,\"height\":512,\"caption\":\"Global Hookah\"},\"image\":{\"@id\":\"https:\/\/global-hookah.com\/#\/schema\/logo\/image\/\"}}]}<\/script>\n<!-- \/ Yoast SEO Premium plugin. -->","yoast_head_json":{"title":"Global-CN02 Uwell Caliburn G3 Lite Pod System Kit 1200mAh 2.5ml - Global Hookah","robots":{"index":"index","follow":"follow","max-snippet":"max-snippet:-1","max-image-preview":"max-image-preview:large","max-video-preview":"max-video-preview:-1"},"canonical":"https:\/\/global-hookah.com\/es\/producto\/global-cn02-uwell-caliburn-g3-lite-pod-system-kit-1200mah-2-5ml\/","og_locale":"es_ES","og_type":"article","og_title":"Global-CN02 Uwell Caliburn G3 Lite Pod System Kit 1200mAh 2.5ml","og_description":"Uwell Caliburn G3 Lite is the most cost-effective choice for almost all beginners who care about FLV and price. G3","og_url":"https:\/\/global-hookah.com\/es\/producto\/global-cn02-uwell-caliburn-g3-lite-pod-system-kit-1200mah-2-5ml\/","og_site_name":"Global Hookah","article_modified_time":"2024-09-27T02:23:11+00:00","og_image":[{"width":800,"height":800,"url":"https:\/\/global-hookah.com\/wp-content\/uploads\/2024\/09\/Caliburn-G3-Lite-Kit-1.jpg","type":"image\/jpeg"}],"twitter_card":"summary_large_image","twitter_misc":{"Tiempo de lectura":"1 minuto"},"schema":{"@context":"https:\/\/schema.org","@graph":[{"@type":"WebPage","@id":"https:\/\/global-hookah.com\/product\/global-cn02-uwell-caliburn-g3-lite-pod-system-kit-1200mah-2-5ml\/","url":"https:\/\/global-hookah.com\/product\/global-cn02-uwell-caliburn-g3-lite-pod-system-kit-1200mah-2-5ml\/","name":"Global-CN02 Uwell Caliburn G3 Lite Pod System Kit 1200mAh 2.5ml - Global Hookah","isPartOf":{"@id":"https:\/\/global-hookah.com\/#website"},"primaryImageOfPage":{"@id":"https:\/\/global-hookah.com\/product\/global-cn02-uwell-caliburn-g3-lite-pod-system-kit-1200mah-2-5ml\/#primaryimage"},"image":{"@id":"https:\/\/global-hookah.com\/product\/global-cn02-uwell-caliburn-g3-lite-pod-system-kit-1200mah-2-5ml\/#primaryimage"},"thumbnailUrl":"https:\/\/global-hookah.com\/wp-content\/uploads\/2024\/09\/Caliburn-G3-Lite-Kit-1.jpg","datePublished":"2024-09-27T02:10:46+00:00","dateModified":"2024-09-27T02:23:11+00:00","breadcrumb":{"@id":"https:\/\/global-hookah.com\/product\/global-cn02-uwell-caliburn-g3-lite-pod-system-kit-1200mah-2-5ml\/#breadcrumb"},"inLanguage":"es","potentialAction":[{"@type":"ReadAction","target":["https:\/\/global-hookah.com\/product\/global-cn02-uwell-caliburn-g3-lite-pod-system-kit-1200mah-2-5ml\/"]}]},{"@type":"ImageObject","inLanguage":"es","@id":"https:\/\/global-hookah.com\/product\/global-cn02-uwell-caliburn-g3-lite-pod-system-kit-1200mah-2-5ml\/#primaryimage","url":"https:\/\/global-hookah.com\/wp-content\/uploads\/2024\/09\/Caliburn-G3-Lite-Kit-1.jpg","contentUrl":"https:\/\/global-hookah.com\/wp-content\/uploads\/2024\/09\/Caliburn-G3-Lite-Kit-1.jpg","width":800,"height":800},{"@type":"BreadcrumbList","@id":"https:\/\/global-hookah.com\/product\/global-cn02-uwell-caliburn-g3-lite-pod-system-kit-1200mah-2-5ml\/#breadcrumb","itemListElement":[{"@type":"ListItem","position":1,"name":"Home","item":"https:\/\/global-hookah.com\/"},{"@type":"ListItem","position":2,"name":"Shop","item":"https:\/\/global-hookah.com\/shop\/"},{"@type":"ListItem","position":3,"name":"Global-CN02 Uwell Caliburn G3 Lite Pod System Kit 1200mAh 2.5ml"}]},{"@type":"WebSite","@id":"https:\/\/global-hookah.com\/#website","url":"https:\/\/global-hookah.com\/","name":"Global Hookah","description":"Global Hookah","publisher":{"@id":"https:\/\/global-hookah.com\/#organization"},"potentialAction":[{"@type":"SearchAction","target":{"@type":"EntryPoint","urlTemplate":"https:\/\/global-hookah.com\/?s={search_term_string}"},"query-input":{"@type":"PropertyValueSpecification","valueRequired":true,"valueName":"search_term_string"}}],"inLanguage":"es"},{"@type":"Organization","@id":"https:\/\/global-hookah.com\/#organization","name":"Global Hookah","url":"https:\/\/global-hookah.com\/","logo":{"@type":"ImageObject","inLanguage":"es","@id":"https:\/\/global-hookah.com\/#\/schema\/logo\/image\/","url":"https:\/\/global-hookah.com\/wp-content\/uploads\/2021\/10\/cropped-fgg.png","contentUrl":"https:\/\/global-hookah.com\/wp-content\/uploads\/2021\/10\/cropped-fgg.png","width":512,"height":512,"caption":"Global Hookah"},"image":{"@id":"https:\/\/global-hookah.com\/#\/schema\/logo\/image\/"}}]}},"_links":{"self":[{"href":"https:\/\/global-hookah.com\/es\/wp-json\/wp\/v2\/product\/28894","targetHints":{"allow":["GET"]}}],"collection":[{"href":"https:\/\/global-hookah.com\/es\/wp-json\/wp\/v2\/product"}],"about":[{"href":"https:\/\/global-hookah.com\/es\/wp-json\/wp\/v2\/types\/product"}],"replies":[{"embeddable":true,"href":"https:\/\/global-hookah.com\/es\/wp-json\/wp\/v2\/comments?post=28894"}],"version-history":[{"count":0,"href":"https:\/\/global-hookah.com\/es\/wp-json\/wp\/v2\/product\/28894\/revisions"}],"wp:featuredmedia":[{"embeddable":true,"href":"https:\/\/global-hookah.com\/es\/wp-json\/wp\/v2\/media\/29330"}],"wp:attachment":[{"href":"https:\/\/global-hookah.com\/es\/wp-json\/wp\/v2\/media?parent=28894"}],"wp:term":[{"taxonomy":"product_brand","embeddable":true,"href":"https:\/\/global-hookah.com\/es\/wp-json\/wp\/v2\/product_brand?post=28894"},{"taxonomy":"product_cat","embeddable":true,"href":"https:\/\/global-hookah.com\/es\/wp-json\/wp\/v2\/product_cat?post=28894"},{"taxonomy":"product_tag","embeddable":true,"href":"https:\/\/global-hookah.com\/es\/wp-json\/wp\/v2\/product_tag?post=28894"}],"curies":[{"name":"wp","href":"https:\/\/api.w.org\/{rel}","templated":true}]}}