{"id":28907,"date":"2024-09-27T02:10:47","date_gmt":"2024-09-27T02:10:47","guid":{"rendered":"https:\/\/global-hookah.com\/product\/global-cn02clearance-voopoo-argus-pro-pod-mod-kit-3000mah-4-5ml\/"},"modified":"2024-09-27T02:23:42","modified_gmt":"2024-09-27T02:23:42","slug":"global-cn02clearance-voopoo-argus-pro-pod-mod-kit-3000mah-4-5ml","status":"publish","type":"product","link":"https:\/\/global-hookah.com\/es\/producto\/global-cn02clearance-voopoo-argus-pro-pod-mod-kit-3000mah-4-5ml\/","title":{"rendered":"Global-CN02Rebajas Voopoo Argus Pro Pod Mod Kit 3000mAh 4.5ml"},"content":{"rendered":"<p>En <strong>Voopoo<\/strong> Argus Pro 80W Pod Mod Kit. con el GENE.TT Chipset. varios modos de salida. y la compatibilidad con el PnP Coil Series. Fabricado en aleaci\u00f3n de zinc duradero y acentuado con toques de cuero, el Argus Pro ofrece una gran sensaci\u00f3n en la mano. Ergon\u00f3micamente ajustado a la mano, el Argus Pro se puede transportar de forma segura utilizando el punto de enganche del cord\u00f3n. Adem\u00e1s, el Argus Pro se puede utilizar en una gran variedad de modos para proteger la bobina de la quema o permitir el ajuste personalizado de la potencia en vatios. En la base hay un puerto USB tipo C para carga r\u00e1pida y actualizaciones de firmware, mientras que en la parte superior hay una conexi\u00f3n magn\u00e9tica para PnP Pod y bobinas de la variedad MTL o DTL.<\/p>\n<p>Marca: VOOPOO<br \/>Unidad: 1 Juego<br \/>Chipset GENE.TT<br \/>Dimensiones - 124 mm por 35 mm por 31 mm<br \/>Bater\u00eda integrada de 3000 mAh<br \/>Rango de potencia: 5-80W<br \/>Rango de salida de tensi\u00f3n: 3.2-4.2V<br \/>Rango de resistencia: 0.1-3.0ohm<br \/>Chasis de aleaci\u00f3n de zinc<br \/>Pantalla OLED<br \/>Ajuste de flujo de aire con doble ranura deslizante<br \/>C\u00e1psula Argus de 4,5 ml<br \/>Sistema de llenado inferior<br \/>Bobina Voopoo PnP: Bobina PnP-VM1 de 0,3ohm. Bobina PnP-R1 de 1.0ohm<br \/>Pod MTL Argus de 2mL<br \/>Sistema de llenado inferior<br \/>Protecci\u00f3n contra cortocircuitos del atomizador<br \/>Protecci\u00f3n de baja resistencia<br \/>Protecci\u00f3n contra sobreintensidad de salida<br \/>Puerto USB tipo C<br \/>Embalaje: Caja de regalo<\/p>\n<p><strong><font color=\"#ff7301\" size=\"4px\">Cada juego contiene:<\/font><\/strong><br \/>1pc Argus Pro Pod Mod<br \/>1pc 4.5ml PnP Pod<br \/>1 funda de silicona para c\u00e1psulas<br \/>1 bobina PnP-VM1 de 0,3 ohmios<br \/>1 bobina PnP-VM6 de 0,15 ohmios<br \/>1 cable microUSB<br \/>1 Manual de usuario<\/p>\n<p><img decoding=\"async\" src=\"https:\/\/global-hookah.com\/wp-content\/uploads\/2024\/09\/Argus-Pro-Kit-11.jpg?w=1248&amp;h=718\" alt=\"Voopoo Argus Pro Kit\"><br \/><img decoding=\"async\" src=\"https:\/\/global-hookah.com\/wp-content\/uploads\/2024\/09\/Argus-Pro-Kit-12.jpg?w=1248&amp;h=686\" alt=\"Voopoo Argus Pro Kit\"><br \/><img decoding=\"async\" src=\"https:\/\/global-hookah.com\/wp-content\/uploads\/2024\/09\/Argus-Pro-Kit1-13.jpg?w=1248&amp;h=453\" alt=\"Voopoo Argus Pro Kit\"><br \/><img decoding=\"async\" src=\"https:\/\/global-hookah.com\/wp-content\/uploads\/2024\/09\/Argus-Pro-Kit-13.jpg?w=1248&amp;h=707\" alt=\"Voopoo Argus Pro Kit\"><br \/><img decoding=\"async\" src=\"https:\/\/global-hookah.com\/wp-content\/uploads\/2024\/09\/Argus-Pro-Kit-14.jpg?w=1248&amp;h=649\" alt=\"Voopoo Argus Pro Kit\"><br \/><img decoding=\"async\" src=\"https:\/\/global-hookah.com\/wp-content\/uploads\/2024\/09\/Argus-Pro-Kit-15.jpg?w=1248&amp;h=674\" alt=\"Voopoo Argus Pro Kit\"><br \/><img decoding=\"async\" src=\"https:\/\/global-hookah.com\/wp-content\/uploads\/2024\/09\/Argus-Pro-Kit-16.jpg?w=1248&amp;h=674\" alt=\"Voopoo Argus Pro Kit\"><br \/><img decoding=\"async\" src=\"https:\/\/global-hookah.com\/wp-content\/uploads\/2024\/09\/Argus-Pro-Kit-17.jpg?w=1248&amp;h=800\" alt=\"Voopoo Argus Pro Kit\"><br \/><img decoding=\"async\" src=\"https:\/\/global-hookah.com\/wp-content\/uploads\/2024\/09\/Argus-Pro-Kit-18.jpg?w=1248&amp;h=681\" alt=\"Voopoo Argus Pro Kit\"><br \/><img decoding=\"async\" src=\"https:\/\/global-hookah.com\/wp-content\/uploads\/2024\/09\/Argus-Pro-Kit-19.jpg?w=1248&amp;h=463\" alt=\"Voopoo Argus Pro Kit\"><br \/><img decoding=\"async\" src=\"https:\/\/global-hookah.com\/wp-content\/uploads\/2024\/09\/Argus-Pro-Kit-20.jpg?w=1248&amp;h=800\" alt=\"Voopoo Argus Pro Kit\"><br \/><img decoding=\"async\" src=\"https:\/\/global-hookah.com\/wp-content\/uploads\/2024\/09\/Argus-Pro-Kit-21.jpg?w=1248&amp;h=791\" alt=\"Voopoo Argus Pro Kit\"><br \/><img decoding=\"async\" src=\"https:\/\/global-hookah.com\/wp-content\/uploads\/2024\/09\/Argus-Pro-Kit-22.jpg?w=1248&amp;h=623\" alt=\"Voopoo Argus Pro Kit\"><br \/><img decoding=\"async\" src=\"https:\/\/global-hookah.com\/wp-content\/uploads\/2024\/09\/Argus-Pro-Kit-23.jpg?w=1248&amp;h=689\" alt=\"Voopoo Argus Pro Kit\"><br \/><img decoding=\"async\" src=\"https:\/\/global-hookah.com\/wp-content\/uploads\/2024\/09\/Argus-Pro-Kit-24.jpg?w=1248&amp;h=443\" alt=\"Voopoo Argus Pro Kit\"><br \/><img decoding=\"async\" src=\"https:\/\/global-hookah.com\/wp-content\/uploads\/2024\/09\/Argus-Pro-Kit-25.jpg?w=1248&amp;h=748\" alt=\"Voopoo Argus Pro Kit\"><br \/><img decoding=\"async\" src=\"https:\/\/global-hookah.com\/wp-content\/uploads\/2024\/09\/Argus-Pro-Kit-26.jpg?w=1248&amp;h=378\" alt=\"Voopoo Argus Pro Kit\"><br \/><img decoding=\"async\" src=\"https:\/\/global-hookah.com\/wp-content\/uploads\/2024\/09\/Argus-Pro-Kit-27.jpg?w=1248&amp;h=559\" alt=\"Voopoo Argus Pro Kit\"><br \/><img decoding=\"async\" src=\"https:\/\/global-hookah.com\/wp-content\/uploads\/2024\/09\/Argus-Pro-Kit-28.jpg?w=1248&amp;h=740\" alt=\"Voopoo Argus Pro Kit\"><\/p>\n<p><\/p>","protected":false},"excerpt":{"rendered":"<p>El Voopoo Argus Pro 80W Pod Mod Kit. con el GENE.TT Chipset. varios modos de salida. y la compatibilidad con el PnP<\/p>","protected":false},"featured_media":29380,"comment_status":"closed","ping_status":"closed","template":"","meta":{"iawp_total_views":4,"_joinchat":[]},"product_brand":[],"product_cat":[415],"product_tag":[],"class_list":{"0":"post-28907","1":"product","2":"type-product","3":"status-publish","4":"has-post-thumbnail","6":"product_cat-accessories","8":"first","9":"instock","10":"sale","11":"shipping-taxable","12":"purchasable","13":"product-type-variable"},"yoast_head":"<!-- This site is optimized with the Yoast SEO Premium plugin v24.7 (Yoast SEO v26.8) - https:\/\/yoast.com\/product\/yoast-seo-premium-wordpress\/ -->\n<title>Global-CN02Clearance Voopoo Argus Pro Pod Mod Kit 3000mAh 4.5ml - Global Hookah<\/title>\n<meta name=\"robots\" content=\"index, follow, max-snippet:-1, max-image-preview:large, max-video-preview:-1\" \/>\n<link rel=\"canonical\" href=\"https:\/\/global-hookah.com\/es\/producto\/global-cn02clearance-voopoo-argus-pro-pod-mod-kit-3000mah-4-5ml\/\" \/>\n<meta property=\"og:locale\" content=\"es_ES\" \/>\n<meta property=\"og:type\" content=\"article\" \/>\n<meta property=\"og:title\" content=\"Global-CN02Clearance Voopoo Argus Pro Pod Mod Kit 3000mAh 4.5ml\" \/>\n<meta property=\"og:description\" content=\"The Voopoo Argus Pro 80W Pod Mod Kit. featuring the GENE.TT Chipset. various output modes. and compatibility with the PnP\" \/>\n<meta property=\"og:url\" content=\"https:\/\/global-hookah.com\/es\/producto\/global-cn02clearance-voopoo-argus-pro-pod-mod-kit-3000mah-4-5ml\/\" \/>\n<meta property=\"og:site_name\" content=\"Global Hookah\" \/>\n<meta property=\"article:modified_time\" content=\"2024-09-27T02:23:42+00:00\" \/>\n<meta property=\"og:image\" content=\"https:\/\/global-hookah.com\/wp-content\/uploads\/s2w-placeholder.png\" \/>\n\t<meta property=\"og:image:width\" content=\"1200\" \/>\n\t<meta property=\"og:image:height\" content=\"1200\" \/>\n\t<meta property=\"og:image:type\" content=\"image\/png\" \/>\n<meta name=\"twitter:card\" content=\"summary_large_image\" \/>\n<meta name=\"twitter:label1\" content=\"Tiempo de lectura\" \/>\n\t<meta name=\"twitter:data1\" content=\"1 minuto\" \/>\n<script type=\"application\/ld+json\" class=\"yoast-schema-graph\">{\"@context\":\"https:\/\/schema.org\",\"@graph\":[{\"@type\":\"WebPage\",\"@id\":\"https:\/\/global-hookah.com\/product\/global-cn02clearance-voopoo-argus-pro-pod-mod-kit-3000mah-4-5ml\/\",\"url\":\"https:\/\/global-hookah.com\/product\/global-cn02clearance-voopoo-argus-pro-pod-mod-kit-3000mah-4-5ml\/\",\"name\":\"Global-CN02Clearance Voopoo Argus Pro Pod Mod Kit 3000mAh 4.5ml - Global Hookah\",\"isPartOf\":{\"@id\":\"https:\/\/global-hookah.com\/#website\"},\"primaryImageOfPage\":{\"@id\":\"https:\/\/global-hookah.com\/product\/global-cn02clearance-voopoo-argus-pro-pod-mod-kit-3000mah-4-5ml\/#primaryimage\"},\"image\":{\"@id\":\"https:\/\/global-hookah.com\/product\/global-cn02clearance-voopoo-argus-pro-pod-mod-kit-3000mah-4-5ml\/#primaryimage\"},\"thumbnailUrl\":\"https:\/\/global-hookah.com\/wp-content\/uploads\/2024\/09\/voopoo-argus-pro-pod-mod-kit-all-colors.jpg\",\"datePublished\":\"2024-09-27T02:10:47+00:00\",\"dateModified\":\"2024-09-27T02:23:42+00:00\",\"breadcrumb\":{\"@id\":\"https:\/\/global-hookah.com\/product\/global-cn02clearance-voopoo-argus-pro-pod-mod-kit-3000mah-4-5ml\/#breadcrumb\"},\"inLanguage\":\"es\",\"potentialAction\":[{\"@type\":\"ReadAction\",\"target\":[\"https:\/\/global-hookah.com\/product\/global-cn02clearance-voopoo-argus-pro-pod-mod-kit-3000mah-4-5ml\/\"]}]},{\"@type\":\"ImageObject\",\"inLanguage\":\"es\",\"@id\":\"https:\/\/global-hookah.com\/product\/global-cn02clearance-voopoo-argus-pro-pod-mod-kit-3000mah-4-5ml\/#primaryimage\",\"url\":\"https:\/\/global-hookah.com\/wp-content\/uploads\/2024\/09\/voopoo-argus-pro-pod-mod-kit-all-colors.jpg\",\"contentUrl\":\"https:\/\/global-hookah.com\/wp-content\/uploads\/2024\/09\/voopoo-argus-pro-pod-mod-kit-all-colors.jpg\",\"width\":800,\"height\":800},{\"@type\":\"BreadcrumbList\",\"@id\":\"https:\/\/global-hookah.com\/product\/global-cn02clearance-voopoo-argus-pro-pod-mod-kit-3000mah-4-5ml\/#breadcrumb\",\"itemListElement\":[{\"@type\":\"ListItem\",\"position\":1,\"name\":\"Home\",\"item\":\"https:\/\/global-hookah.com\/\"},{\"@type\":\"ListItem\",\"position\":2,\"name\":\"Shop\",\"item\":\"https:\/\/global-hookah.com\/shop\/\"},{\"@type\":\"ListItem\",\"position\":3,\"name\":\"Global-CN02Clearance Voopoo Argus Pro Pod Mod Kit 3000mAh 4.5ml\"}]},{\"@type\":\"WebSite\",\"@id\":\"https:\/\/global-hookah.com\/#website\",\"url\":\"https:\/\/global-hookah.com\/\",\"name\":\"Global Hookah\",\"description\":\"Global Hookah\",\"publisher\":{\"@id\":\"https:\/\/global-hookah.com\/#organization\"},\"potentialAction\":[{\"@type\":\"SearchAction\",\"target\":{\"@type\":\"EntryPoint\",\"urlTemplate\":\"https:\/\/global-hookah.com\/?s={search_term_string}\"},\"query-input\":{\"@type\":\"PropertyValueSpecification\",\"valueRequired\":true,\"valueName\":\"search_term_string\"}}],\"inLanguage\":\"es\"},{\"@type\":\"Organization\",\"@id\":\"https:\/\/global-hookah.com\/#organization\",\"name\":\"Global Hookah\",\"url\":\"https:\/\/global-hookah.com\/\",\"logo\":{\"@type\":\"ImageObject\",\"inLanguage\":\"es\",\"@id\":\"https:\/\/global-hookah.com\/#\/schema\/logo\/image\/\",\"url\":\"https:\/\/global-hookah.com\/wp-content\/uploads\/2021\/10\/cropped-fgg.png\",\"contentUrl\":\"https:\/\/global-hookah.com\/wp-content\/uploads\/2021\/10\/cropped-fgg.png\",\"width\":512,\"height\":512,\"caption\":\"Global Hookah\"},\"image\":{\"@id\":\"https:\/\/global-hookah.com\/#\/schema\/logo\/image\/\"}}]}<\/script>\n<!-- \/ Yoast SEO Premium plugin. -->","yoast_head_json":{"title":"Global-CN02Rebajas Voopoo Argus Pro Pod Mod Kit 3000mAh 4.5ml - Global Hookah","robots":{"index":"index","follow":"follow","max-snippet":"max-snippet:-1","max-image-preview":"max-image-preview:large","max-video-preview":"max-video-preview:-1"},"canonical":"https:\/\/global-hookah.com\/es\/producto\/global-cn02clearance-voopoo-argus-pro-pod-mod-kit-3000mah-4-5ml\/","og_locale":"es_ES","og_type":"article","og_title":"Global-CN02Clearance Voopoo Argus Pro Pod Mod Kit 3000mAh 4.5ml","og_description":"The Voopoo Argus Pro 80W Pod Mod Kit. featuring the GENE.TT Chipset. various output modes. and compatibility with the PnP","og_url":"https:\/\/global-hookah.com\/es\/producto\/global-cn02clearance-voopoo-argus-pro-pod-mod-kit-3000mah-4-5ml\/","og_site_name":"Global Hookah","article_modified_time":"2024-09-27T02:23:42+00:00","og_image":[{"width":1200,"height":1200,"url":"https:\/\/global-hookah.com\/wp-content\/uploads\/s2w-placeholder.png","type":"image\/png"}],"twitter_card":"summary_large_image","twitter_misc":{"Tiempo de lectura":"1 minuto"},"schema":{"@context":"https:\/\/schema.org","@graph":[{"@type":"WebPage","@id":"https:\/\/global-hookah.com\/product\/global-cn02clearance-voopoo-argus-pro-pod-mod-kit-3000mah-4-5ml\/","url":"https:\/\/global-hookah.com\/product\/global-cn02clearance-voopoo-argus-pro-pod-mod-kit-3000mah-4-5ml\/","name":"Global-CN02Rebajas Voopoo Argus Pro Pod Mod Kit 3000mAh 4.5ml - Global Hookah","isPartOf":{"@id":"https:\/\/global-hookah.com\/#website"},"primaryImageOfPage":{"@id":"https:\/\/global-hookah.com\/product\/global-cn02clearance-voopoo-argus-pro-pod-mod-kit-3000mah-4-5ml\/#primaryimage"},"image":{"@id":"https:\/\/global-hookah.com\/product\/global-cn02clearance-voopoo-argus-pro-pod-mod-kit-3000mah-4-5ml\/#primaryimage"},"thumbnailUrl":"https:\/\/global-hookah.com\/wp-content\/uploads\/2024\/09\/voopoo-argus-pro-pod-mod-kit-all-colors.jpg","datePublished":"2024-09-27T02:10:47+00:00","dateModified":"2024-09-27T02:23:42+00:00","breadcrumb":{"@id":"https:\/\/global-hookah.com\/product\/global-cn02clearance-voopoo-argus-pro-pod-mod-kit-3000mah-4-5ml\/#breadcrumb"},"inLanguage":"es","potentialAction":[{"@type":"ReadAction","target":["https:\/\/global-hookah.com\/product\/global-cn02clearance-voopoo-argus-pro-pod-mod-kit-3000mah-4-5ml\/"]}]},{"@type":"ImageObject","inLanguage":"es","@id":"https:\/\/global-hookah.com\/product\/global-cn02clearance-voopoo-argus-pro-pod-mod-kit-3000mah-4-5ml\/#primaryimage","url":"https:\/\/global-hookah.com\/wp-content\/uploads\/2024\/09\/voopoo-argus-pro-pod-mod-kit-all-colors.jpg","contentUrl":"https:\/\/global-hookah.com\/wp-content\/uploads\/2024\/09\/voopoo-argus-pro-pod-mod-kit-all-colors.jpg","width":800,"height":800},{"@type":"BreadcrumbList","@id":"https:\/\/global-hookah.com\/product\/global-cn02clearance-voopoo-argus-pro-pod-mod-kit-3000mah-4-5ml\/#breadcrumb","itemListElement":[{"@type":"ListItem","position":1,"name":"Home","item":"https:\/\/global-hookah.com\/"},{"@type":"ListItem","position":2,"name":"Shop","item":"https:\/\/global-hookah.com\/shop\/"},{"@type":"ListItem","position":3,"name":"Global-CN02Clearance Voopoo Argus Pro Pod Mod Kit 3000mAh 4.5ml"}]},{"@type":"WebSite","@id":"https:\/\/global-hookah.com\/#website","url":"https:\/\/global-hookah.com\/","name":"Global Hookah","description":"Global Hookah","publisher":{"@id":"https:\/\/global-hookah.com\/#organization"},"potentialAction":[{"@type":"SearchAction","target":{"@type":"EntryPoint","urlTemplate":"https:\/\/global-hookah.com\/?s={search_term_string}"},"query-input":{"@type":"PropertyValueSpecification","valueRequired":true,"valueName":"search_term_string"}}],"inLanguage":"es"},{"@type":"Organization","@id":"https:\/\/global-hookah.com\/#organization","name":"Global Hookah","url":"https:\/\/global-hookah.com\/","logo":{"@type":"ImageObject","inLanguage":"es","@id":"https:\/\/global-hookah.com\/#\/schema\/logo\/image\/","url":"https:\/\/global-hookah.com\/wp-content\/uploads\/2021\/10\/cropped-fgg.png","contentUrl":"https:\/\/global-hookah.com\/wp-content\/uploads\/2021\/10\/cropped-fgg.png","width":512,"height":512,"caption":"Global Hookah"},"image":{"@id":"https:\/\/global-hookah.com\/#\/schema\/logo\/image\/"}}]}},"_links":{"self":[{"href":"https:\/\/global-hookah.com\/es\/wp-json\/wp\/v2\/product\/28907","targetHints":{"allow":["GET"]}}],"collection":[{"href":"https:\/\/global-hookah.com\/es\/wp-json\/wp\/v2\/product"}],"about":[{"href":"https:\/\/global-hookah.com\/es\/wp-json\/wp\/v2\/types\/product"}],"replies":[{"embeddable":true,"href":"https:\/\/global-hookah.com\/es\/wp-json\/wp\/v2\/comments?post=28907"}],"version-history":[{"count":0,"href":"https:\/\/global-hookah.com\/es\/wp-json\/wp\/v2\/product\/28907\/revisions"}],"wp:featuredmedia":[{"embeddable":true,"href":"https:\/\/global-hookah.com\/es\/wp-json\/wp\/v2\/media\/29380"}],"wp:attachment":[{"href":"https:\/\/global-hookah.com\/es\/wp-json\/wp\/v2\/media?parent=28907"}],"wp:term":[{"taxonomy":"product_brand","embeddable":true,"href":"https:\/\/global-hookah.com\/es\/wp-json\/wp\/v2\/product_brand?post=28907"},{"taxonomy":"product_cat","embeddable":true,"href":"https:\/\/global-hookah.com\/es\/wp-json\/wp\/v2\/product_cat?post=28907"},{"taxonomy":"product_tag","embeddable":true,"href":"https:\/\/global-hookah.com\/es\/wp-json\/wp\/v2\/product_tag?post=28907"}],"curies":[{"name":"wp","href":"https:\/\/api.w.org\/{rel}","templated":true}]}}