{"id":28937,"date":"2024-09-27T02:10:54","date_gmt":"2024-09-27T02:10:54","guid":{"rendered":"https:\/\/global-hookah.com\/product\/global-cn02clearance-uwell-caliburn-koko-prime-vision-pod-system-kit-690mah-2ml\/"},"modified":"2024-09-27T02:28:33","modified_gmt":"2024-09-27T02:28:33","slug":"global-cn02clearance-uwell-caliburn-koko-prime-vision-pod-system-kit-690mah-2ml","status":"publish","type":"product","link":"https:\/\/global-hookah.com\/es\/producto\/global-cn02clearance-uwell-caliburn-koko-prime-vision-pod-system-kit-690mah-2ml\/","title":{"rendered":"Global-CN02Descuento Uwell Caliburn Koko Prime (Vision) Pod System Kit 690mAh 2ml"},"content":{"rendered":"<p>Uwell Koko Prime (Vision) Pod System Kit est\u00e1 construido de PCTG y PC con cuerpo transl\u00facido y paneles decorativos reemplazables. Uwell Koko Prime (Vision) Pod kit es alimentado por la bater\u00eda incorporada 690mAh con 1.6A Tipo-C de carga. Uwell Caliburn KOKO Prime (Vision) cuenta con un dise\u00f1o activado por sorteo. f\u00e1cil de operar. Uwell Caliburn KOKO Prime (Vision) cartucho tiene FeCrAl 1ohm bobina. FeCrAI UN2 Meshed-H 0.8ohm bobina. Capacidad de 2ml con dise\u00f1o de llenado superior. Caliburn KOKO Prime (Vision) tambi\u00e9n es compatible con bobinas Caliburn G y puede cambiar entre vaping MTL y DTL. La vaina Uwell Caliburn KOKO Prime adopta la exclusiva tecnolog\u00eda patentada Pro-Focs FLV Testing.<\/p>\n<p><strong><font color=\"#ff7301\" size=\"4px\">Caracter\u00edsticas:<\/font><\/strong><br \/>1. Cuerpo transl\u00facido. panel de estilo cyberpunk<br \/>2. M\u00faltiples paneles decorativos reemplazables<br \/>3. Bater\u00eda interna de 690mah. Salida m\u00e1xima de 18W.<br \/>4. Dise\u00f1o activado por dibujo<br \/>5. Cambio libre entre vapeo MTL y DTL<br \/>6. Capacidad de 2 ml. Dise\u00f1o de llenado superior<br \/>7. Bobina reemplazable. rentable<br \/>8. Tecnolog\u00eda de ensayo FLV de Pro-Focs<br \/>9. Incluye cord\u00f3n de seguridad.<br \/>10. Indicaci\u00f3n de circuito abierto<br \/>11. Protecci\u00f3n contra cortocircuitos<br \/>12. Indicaci\u00f3n de baja potencia<br \/>13. Indicaci\u00f3n de horas extraordinarias<br \/>14. Pronto<\/p>\n<p>Marca: Uwell<br \/>Unidad: 1Set<br \/>Tama\u00f1o: 68* 45,6* 17,5 mm<br \/>Material: PCTG Y PC<br \/>Bater\u00eda: bater\u00eda integrada de 690 mAh<br \/>Rango de potencia: m\u00e1x. 18 W<br \/>Corriente de carga: 1,6 A<br \/>Capacidad: 2 ml<br \/>Resistencia: Bobina FeCrAl 1ohm<br \/>Bobina FeCrAI UN2 Meshed-H 0,8ohm<br \/>Embalaje: Caja de regalo<\/p>\n<p><strong><font color=\"#ff7301\" size=\"4px\">Cada juego contiene:<\/font><\/strong><br \/>1pc CALIBURN KOKO PRIME (VISION) Pod System<br \/>1 bobina CALIBURN G de 1ohm (preinstalada)<br \/>1pz Recambio UN2 Meshed-H 0.8ohm CALIBURN G coil<br \/>1 cable de carga Tipo-C<br \/>1 Manual de usuario<br \/>1 cord\u00f3n<\/p>\n<p><img decoding=\"async\" src=\"https:\/\/global-hookah.com\/wp-content\/uploads\/2024\/09\/Caliburn-Koko-Prime-new-all-Kit-11.jpg?w=1248&amp;h=678\" alt=\"Uwell KOKO Prime Kit\"><br \/><img decoding=\"async\" src=\"https:\/\/global-hookah.com\/wp-content\/uploads\/2024\/09\/Caliburn-Koko-Prime-new-all-Kit-12.jpg?w=1248&amp;h=618\" alt=\"Uwell KOKO Prime Kit\"><br \/><img decoding=\"async\" src=\"https:\/\/global-hookah.com\/wp-content\/uploads\/2024\/09\/Caliburn-Koko-Prime-new-all-Kit-13.jpg?w=1248&amp;h=679\" alt=\"Uwell KOKO Prime Kit\"><br \/><img decoding=\"async\" src=\"https:\/\/global-hookah.com\/wp-content\/uploads\/2024\/09\/Caliburn-Koko-Prime-new-all-Kit-14.jpg?w=1248&amp;h=605\" alt=\"Uwell KOKO Prime Kit\"><br \/><img decoding=\"async\" src=\"https:\/\/global-hookah.com\/wp-content\/uploads\/2024\/09\/Caliburn-Koko-Prime-new-all-Kit-15.jpg?w=1248&amp;h=540\" alt=\"Uwell KOKO Prime Kit\"><br \/><img decoding=\"async\" src=\"https:\/\/global-hookah.com\/wp-content\/uploads\/2024\/09\/Caliburn-Koko-Prime-new-all-Kit-16.jpg?w=1248&amp;h=599\" alt=\"Uwell KOKO Prime Kit\"><br \/><img decoding=\"async\" src=\"https:\/\/global-hookah.com\/wp-content\/uploads\/2024\/09\/Caliburn-Koko-Prime-new-all-Kit-17.jpg?w=1248&amp;h=614\" alt=\"Uwell KOKO Prime Kit\"><br \/><img decoding=\"async\" src=\"https:\/\/global-hookah.com\/wp-content\/uploads\/2024\/09\/Caliburn-Koko-Prime-new-all-Kit-18.jpg?w=1248&amp;h=630\" alt=\"Uwell KOKO Prime Kit\"><br \/><img decoding=\"async\" src=\"https:\/\/global-hookah.com\/wp-content\/uploads\/2024\/09\/Caliburn-Koko-Prime-new-all-Kit-19.jpg?w=1248&amp;h=602\" alt=\"Uwell KOKO Prime Kit\"><br \/><img decoding=\"async\" src=\"https:\/\/global-hookah.com\/wp-content\/uploads\/2024\/09\/Caliburn-Koko-Prime-new-all-Kit-20.jpg?w=1248&amp;h=638\" alt=\"Uwell KOKO Prime Kit\"><br \/><img decoding=\"async\" src=\"https:\/\/global-hookah.com\/wp-content\/uploads\/2024\/09\/Caliburn-Koko-Prime-new-all-Kit-21.jpg?w=1248&amp;h=564\" alt=\"Uwell KOKO Prime Kit\"><\/p>\n<p><\/p>","protected":false},"excerpt":{"rendered":"<p>Uwell Koko Prime (Vision) Pod System Kit est\u00e1 construido de PCTG y PC con cuerpo transl\u00facido y paneles decorativos reemplazables.<\/p>","protected":false},"featured_media":29431,"comment_status":"closed","ping_status":"closed","template":"","meta":{"iawp_total_views":0,"_joinchat":[]},"product_brand":[],"product_cat":[415],"product_tag":[],"class_list":{"0":"post-28937","1":"product","2":"type-product","3":"status-publish","4":"has-post-thumbnail","6":"product_cat-accessories","8":"first","9":"instock","10":"sale","11":"shipping-taxable","12":"purchasable","13":"product-type-variable"},"yoast_head":"<!-- This site is optimized with the Yoast SEO Premium plugin v24.7 (Yoast SEO v26.8) - https:\/\/yoast.com\/product\/yoast-seo-premium-wordpress\/ -->\n<title>Global-CN02Clearance Uwell Caliburn Koko Prime (Vision) Pod System Kit 690mAh 2ml - Global Hookah<\/title>\n<meta name=\"robots\" content=\"index, follow, max-snippet:-1, max-image-preview:large, max-video-preview:-1\" \/>\n<link rel=\"canonical\" href=\"https:\/\/global-hookah.com\/es\/producto\/global-cn02clearance-uwell-caliburn-koko-prime-vision-pod-system-kit-690mah-2ml\/\" \/>\n<meta property=\"og:locale\" content=\"es_ES\" \/>\n<meta property=\"og:type\" content=\"article\" \/>\n<meta property=\"og:title\" content=\"Global-CN02Clearance Uwell Caliburn Koko Prime (Vision) Pod System Kit 690mAh 2ml\" \/>\n<meta property=\"og:description\" content=\"Uwell Koko Prime (Vision) Pod System Kit is constructed of PCTG &amp; PC with translucent body and replaceable decorative panels.\" \/>\n<meta property=\"og:url\" content=\"https:\/\/global-hookah.com\/es\/producto\/global-cn02clearance-uwell-caliburn-koko-prime-vision-pod-system-kit-690mah-2ml\/\" \/>\n<meta property=\"og:site_name\" content=\"Global Hookah\" \/>\n<meta property=\"article:modified_time\" content=\"2024-09-27T02:28:33+00:00\" \/>\n<meta property=\"og:image\" content=\"https:\/\/global-hookah.com\/wp-content\/uploads\/2024\/09\/Caliburn-Koko-Prime-new-all-Kit-1.jpg\" \/>\n\t<meta property=\"og:image:width\" content=\"850\" \/>\n\t<meta property=\"og:image:height\" content=\"850\" \/>\n\t<meta property=\"og:image:type\" content=\"image\/jpeg\" \/>\n<meta name=\"twitter:card\" content=\"summary_large_image\" \/>\n<meta name=\"twitter:label1\" content=\"Tiempo de lectura\" \/>\n\t<meta name=\"twitter:data1\" content=\"1 minuto\" \/>\n<script type=\"application\/ld+json\" class=\"yoast-schema-graph\">{\"@context\":\"https:\/\/schema.org\",\"@graph\":[{\"@type\":\"WebPage\",\"@id\":\"https:\/\/global-hookah.com\/product\/global-cn02clearance-uwell-caliburn-koko-prime-vision-pod-system-kit-690mah-2ml\/\",\"url\":\"https:\/\/global-hookah.com\/product\/global-cn02clearance-uwell-caliburn-koko-prime-vision-pod-system-kit-690mah-2ml\/\",\"name\":\"Global-CN02Clearance Uwell Caliburn Koko Prime (Vision) Pod System Kit 690mAh 2ml - Global Hookah\",\"isPartOf\":{\"@id\":\"https:\/\/global-hookah.com\/#website\"},\"primaryImageOfPage\":{\"@id\":\"https:\/\/global-hookah.com\/product\/global-cn02clearance-uwell-caliburn-koko-prime-vision-pod-system-kit-690mah-2ml\/#primaryimage\"},\"image\":{\"@id\":\"https:\/\/global-hookah.com\/product\/global-cn02clearance-uwell-caliburn-koko-prime-vision-pod-system-kit-690mah-2ml\/#primaryimage\"},\"thumbnailUrl\":\"https:\/\/global-hookah.com\/wp-content\/uploads\/2024\/09\/Caliburn-Koko-Prime-new-all-Kit-1.jpg\",\"datePublished\":\"2024-09-27T02:10:54+00:00\",\"dateModified\":\"2024-09-27T02:28:33+00:00\",\"breadcrumb\":{\"@id\":\"https:\/\/global-hookah.com\/product\/global-cn02clearance-uwell-caliburn-koko-prime-vision-pod-system-kit-690mah-2ml\/#breadcrumb\"},\"inLanguage\":\"es\",\"potentialAction\":[{\"@type\":\"ReadAction\",\"target\":[\"https:\/\/global-hookah.com\/product\/global-cn02clearance-uwell-caliburn-koko-prime-vision-pod-system-kit-690mah-2ml\/\"]}]},{\"@type\":\"ImageObject\",\"inLanguage\":\"es\",\"@id\":\"https:\/\/global-hookah.com\/product\/global-cn02clearance-uwell-caliburn-koko-prime-vision-pod-system-kit-690mah-2ml\/#primaryimage\",\"url\":\"https:\/\/global-hookah.com\/wp-content\/uploads\/2024\/09\/Caliburn-Koko-Prime-new-all-Kit-1.jpg\",\"contentUrl\":\"https:\/\/global-hookah.com\/wp-content\/uploads\/2024\/09\/Caliburn-Koko-Prime-new-all-Kit-1.jpg\",\"width\":850,\"height\":850},{\"@type\":\"BreadcrumbList\",\"@id\":\"https:\/\/global-hookah.com\/product\/global-cn02clearance-uwell-caliburn-koko-prime-vision-pod-system-kit-690mah-2ml\/#breadcrumb\",\"itemListElement\":[{\"@type\":\"ListItem\",\"position\":1,\"name\":\"Home\",\"item\":\"https:\/\/global-hookah.com\/\"},{\"@type\":\"ListItem\",\"position\":2,\"name\":\"Shop\",\"item\":\"https:\/\/global-hookah.com\/shop\/\"},{\"@type\":\"ListItem\",\"position\":3,\"name\":\"Global-CN02Clearance Uwell Caliburn Koko Prime (Vision) Pod System Kit 690mAh 2ml\"}]},{\"@type\":\"WebSite\",\"@id\":\"https:\/\/global-hookah.com\/#website\",\"url\":\"https:\/\/global-hookah.com\/\",\"name\":\"Global Hookah\",\"description\":\"Global Hookah\",\"publisher\":{\"@id\":\"https:\/\/global-hookah.com\/#organization\"},\"potentialAction\":[{\"@type\":\"SearchAction\",\"target\":{\"@type\":\"EntryPoint\",\"urlTemplate\":\"https:\/\/global-hookah.com\/?s={search_term_string}\"},\"query-input\":{\"@type\":\"PropertyValueSpecification\",\"valueRequired\":true,\"valueName\":\"search_term_string\"}}],\"inLanguage\":\"es\"},{\"@type\":\"Organization\",\"@id\":\"https:\/\/global-hookah.com\/#organization\",\"name\":\"Global Hookah\",\"url\":\"https:\/\/global-hookah.com\/\",\"logo\":{\"@type\":\"ImageObject\",\"inLanguage\":\"es\",\"@id\":\"https:\/\/global-hookah.com\/#\/schema\/logo\/image\/\",\"url\":\"https:\/\/global-hookah.com\/wp-content\/uploads\/2021\/10\/cropped-fgg.png\",\"contentUrl\":\"https:\/\/global-hookah.com\/wp-content\/uploads\/2021\/10\/cropped-fgg.png\",\"width\":512,\"height\":512,\"caption\":\"Global Hookah\"},\"image\":{\"@id\":\"https:\/\/global-hookah.com\/#\/schema\/logo\/image\/\"}}]}<\/script>\n<!-- \/ Yoast SEO Premium plugin. -->","yoast_head_json":{"title":"Global-CN02Clearance Uwell Caliburn Koko Prime (Vision) Pod System Kit 690mAh 2ml - Global Hookah","robots":{"index":"index","follow":"follow","max-snippet":"max-snippet:-1","max-image-preview":"max-image-preview:large","max-video-preview":"max-video-preview:-1"},"canonical":"https:\/\/global-hookah.com\/es\/producto\/global-cn02clearance-uwell-caliburn-koko-prime-vision-pod-system-kit-690mah-2ml\/","og_locale":"es_ES","og_type":"article","og_title":"Global-CN02Clearance Uwell Caliburn Koko Prime (Vision) Pod System Kit 690mAh 2ml","og_description":"Uwell Koko Prime (Vision) Pod System Kit is constructed of PCTG &amp; PC with translucent body and replaceable decorative panels.","og_url":"https:\/\/global-hookah.com\/es\/producto\/global-cn02clearance-uwell-caliburn-koko-prime-vision-pod-system-kit-690mah-2ml\/","og_site_name":"Global Hookah","article_modified_time":"2024-09-27T02:28:33+00:00","og_image":[{"width":850,"height":850,"url":"https:\/\/global-hookah.com\/wp-content\/uploads\/2024\/09\/Caliburn-Koko-Prime-new-all-Kit-1.jpg","type":"image\/jpeg"}],"twitter_card":"summary_large_image","twitter_misc":{"Tiempo de lectura":"1 minuto"},"schema":{"@context":"https:\/\/schema.org","@graph":[{"@type":"WebPage","@id":"https:\/\/global-hookah.com\/product\/global-cn02clearance-uwell-caliburn-koko-prime-vision-pod-system-kit-690mah-2ml\/","url":"https:\/\/global-hookah.com\/product\/global-cn02clearance-uwell-caliburn-koko-prime-vision-pod-system-kit-690mah-2ml\/","name":"Global-CN02Clearance Uwell Caliburn Koko Prime (Vision) Pod System Kit 690mAh 2ml - Global Hookah","isPartOf":{"@id":"https:\/\/global-hookah.com\/#website"},"primaryImageOfPage":{"@id":"https:\/\/global-hookah.com\/product\/global-cn02clearance-uwell-caliburn-koko-prime-vision-pod-system-kit-690mah-2ml\/#primaryimage"},"image":{"@id":"https:\/\/global-hookah.com\/product\/global-cn02clearance-uwell-caliburn-koko-prime-vision-pod-system-kit-690mah-2ml\/#primaryimage"},"thumbnailUrl":"https:\/\/global-hookah.com\/wp-content\/uploads\/2024\/09\/Caliburn-Koko-Prime-new-all-Kit-1.jpg","datePublished":"2024-09-27T02:10:54+00:00","dateModified":"2024-09-27T02:28:33+00:00","breadcrumb":{"@id":"https:\/\/global-hookah.com\/product\/global-cn02clearance-uwell-caliburn-koko-prime-vision-pod-system-kit-690mah-2ml\/#breadcrumb"},"inLanguage":"es","potentialAction":[{"@type":"ReadAction","target":["https:\/\/global-hookah.com\/product\/global-cn02clearance-uwell-caliburn-koko-prime-vision-pod-system-kit-690mah-2ml\/"]}]},{"@type":"ImageObject","inLanguage":"es","@id":"https:\/\/global-hookah.com\/product\/global-cn02clearance-uwell-caliburn-koko-prime-vision-pod-system-kit-690mah-2ml\/#primaryimage","url":"https:\/\/global-hookah.com\/wp-content\/uploads\/2024\/09\/Caliburn-Koko-Prime-new-all-Kit-1.jpg","contentUrl":"https:\/\/global-hookah.com\/wp-content\/uploads\/2024\/09\/Caliburn-Koko-Prime-new-all-Kit-1.jpg","width":850,"height":850},{"@type":"BreadcrumbList","@id":"https:\/\/global-hookah.com\/product\/global-cn02clearance-uwell-caliburn-koko-prime-vision-pod-system-kit-690mah-2ml\/#breadcrumb","itemListElement":[{"@type":"ListItem","position":1,"name":"Home","item":"https:\/\/global-hookah.com\/"},{"@type":"ListItem","position":2,"name":"Shop","item":"https:\/\/global-hookah.com\/shop\/"},{"@type":"ListItem","position":3,"name":"Global-CN02Clearance Uwell Caliburn Koko Prime (Vision) Pod System Kit 690mAh 2ml"}]},{"@type":"WebSite","@id":"https:\/\/global-hookah.com\/#website","url":"https:\/\/global-hookah.com\/","name":"Global Hookah","description":"Global Hookah","publisher":{"@id":"https:\/\/global-hookah.com\/#organization"},"potentialAction":[{"@type":"SearchAction","target":{"@type":"EntryPoint","urlTemplate":"https:\/\/global-hookah.com\/?s={search_term_string}"},"query-input":{"@type":"PropertyValueSpecification","valueRequired":true,"valueName":"search_term_string"}}],"inLanguage":"es"},{"@type":"Organization","@id":"https:\/\/global-hookah.com\/#organization","name":"Global Hookah","url":"https:\/\/global-hookah.com\/","logo":{"@type":"ImageObject","inLanguage":"es","@id":"https:\/\/global-hookah.com\/#\/schema\/logo\/image\/","url":"https:\/\/global-hookah.com\/wp-content\/uploads\/2021\/10\/cropped-fgg.png","contentUrl":"https:\/\/global-hookah.com\/wp-content\/uploads\/2021\/10\/cropped-fgg.png","width":512,"height":512,"caption":"Global Hookah"},"image":{"@id":"https:\/\/global-hookah.com\/#\/schema\/logo\/image\/"}}]}},"_links":{"self":[{"href":"https:\/\/global-hookah.com\/es\/wp-json\/wp\/v2\/product\/28937","targetHints":{"allow":["GET"]}}],"collection":[{"href":"https:\/\/global-hookah.com\/es\/wp-json\/wp\/v2\/product"}],"about":[{"href":"https:\/\/global-hookah.com\/es\/wp-json\/wp\/v2\/types\/product"}],"replies":[{"embeddable":true,"href":"https:\/\/global-hookah.com\/es\/wp-json\/wp\/v2\/comments?post=28937"}],"version-history":[{"count":0,"href":"https:\/\/global-hookah.com\/es\/wp-json\/wp\/v2\/product\/28937\/revisions"}],"wp:featuredmedia":[{"embeddable":true,"href":"https:\/\/global-hookah.com\/es\/wp-json\/wp\/v2\/media\/29431"}],"wp:attachment":[{"href":"https:\/\/global-hookah.com\/es\/wp-json\/wp\/v2\/media?parent=28937"}],"wp:term":[{"taxonomy":"product_brand","embeddable":true,"href":"https:\/\/global-hookah.com\/es\/wp-json\/wp\/v2\/product_brand?post=28937"},{"taxonomy":"product_cat","embeddable":true,"href":"https:\/\/global-hookah.com\/es\/wp-json\/wp\/v2\/product_cat?post=28937"},{"taxonomy":"product_tag","embeddable":true,"href":"https:\/\/global-hookah.com\/es\/wp-json\/wp\/v2\/product_tag?post=28937"}],"curies":[{"name":"wp","href":"https:\/\/api.w.org\/{rel}","templated":true}]}}