{"id":28945,"date":"2024-09-27T02:10:56","date_gmt":"2024-09-27T02:10:56","guid":{"rendered":"https:\/\/global-hookah.com\/product\/global-cn02clearance-vaporesso-luxe-q2-se-pod-system-kit-1000mah-3ml\/"},"modified":"2024-09-27T02:28:35","modified_gmt":"2024-09-27T02:28:35","slug":"global-cn02clearance-vaporesso-luxe-q2-se-pod-system-kit-1000mah-3ml","status":"publish","type":"product","link":"https:\/\/global-hookah.com\/es\/producto\/global-cn02clearance-vaporesso-luxe-q2-se-pod-system-kit-1000mah-3ml\/","title":{"rendered":"Global-CN02Rebajas Vaporesso LUXE Q2 SE Pod System Kit 1000mAh 3ml"},"content":{"rendered":"<p>El Vaporesso LUXE Q2 SE Pod caracter\u00edsticas LUXE Q2 SE es extremadamente simple para los principiantes con estilo elegante y vibrante. Bater\u00eda de 1000mAh incorporada. capacidad de 3ml con el sistema de llenado lateral. carga r\u00e1pida con puerto de carga tipo C reduce el tiempo de espera para la carga y eleva en gran medida la experiencia del usuario. totalmente compatible con todas las vainas LUXE Q (cartucho de 2 ml es el sistema de llenado superior). que atienden a la sal NCT y freebase.<\/p>\n<p>Marca: Vaporesso <br \/>Unidad: 1 Juego<br \/>Materiales: Aluminio y PCTG<br \/>Dimensiones: 96,7*27,4*17,5 mm<br \/>Carga: Tipo-C. 1A<br \/>Capacidad E-LQ: 3ml\/2ml(TPD)<br \/>Experiencia de vapeo: MTL <br \/>Capacidad de la bater\u00eda: 1000 mAh<br \/>Compatibilidad Pod: Compatible con LUXE Q Pod<br \/>Soporte FLV:COREX Heating Tech<br \/>Soporte de alimentaci\u00f3n:Insta Fire By AXON Chip<br \/>SSS Tecnolog\u00eda resistente a las fugas<\/p>\n<p><strong><font color=\"#ff7301\" size=\"4px\">Cada juego contiene:<\/font><\/strong><br \/>1pc LUXE Q2 SE Bater\u00eda<br \/>1pc LUXE Q 0.8Oohm MESH Pod (3ml. Pre-instalado)<br \/>1 cable de carga tipo C<br \/>1 Manual de usuario y tarjeta de garant\u00eda<br \/>1 cord\u00f3n<\/p>\n<p><img decoding=\"async\" src=\"https:\/\/global-hookah.com\/wp-content\/uploads\/2024\/09\/vaporesso-luxe-q2-pod-31.jpg?w=1250&amp;h=421\" alt=\"Vaporesso LUXE Q2 Pod Kit \"><br \/><img decoding=\"async\" src=\"https:\/\/global-hookah.com\/wp-content\/uploads\/2024\/09\/vaporesso-luxe-q2-pod-21.jpg?w=1250&amp;h=645\" alt=\"Vaporesso LUXE Q2 Pod Kit \"><br \/><img decoding=\"async\" src=\"https:\/\/global-hookah.com\/wp-content\/uploads\/2024\/09\/vaporesso-luxe-q2-pod-22.jpg?w=1250&amp;h=644\" alt=\"Vaporesso LUXE Q2 Pod Kit \"><br \/><img decoding=\"async\" src=\"https:\/\/global-hookah.com\/wp-content\/uploads\/2024\/09\/vaporesso-luxe-q2-pod-23.jpg?w=1250&amp;h=643\" alt=\"Vaporesso LUXE Q2 Pod Kit \"><br \/><img decoding=\"async\" src=\"https:\/\/global-hookah.com\/wp-content\/uploads\/2024\/09\/vaporesso-luxe-q2-pod-24.jpg?w=1250&amp;h=616\" alt=\"Vaporesso LUXE Q2 Pod Kit \"><br \/><img decoding=\"async\" src=\"https:\/\/global-hookah.com\/wp-content\/uploads\/2024\/09\/vaporesso-luxe-q2-pod-25.jpg?w=1250&amp;h=638\" alt=\"Vaporesso LUXE Q2 Pod Kit \"><br \/><img decoding=\"async\" src=\"https:\/\/global-hookah.com\/wp-content\/uploads\/2024\/09\/vaporesso-luxe-q2-pod-26.jpg?w=1250&amp;h=654\" alt=\"Vaporesso LUXE Q2 Pod Kit \"><br \/><img decoding=\"async\" src=\"https:\/\/global-hookah.com\/wp-content\/uploads\/2024\/09\/vaporesso-luxe-q2-pod-27.jpg?w=1250&amp;h=666\" alt=\"Vaporesso LUXE Q2 Pod Kit \"><br \/><img decoding=\"async\" src=\"https:\/\/global-hookah.com\/wp-content\/uploads\/2024\/09\/vaporesso-luxe-q2-pod-28.jpg?w=1250&amp;h=692\" alt=\"Vaporesso LUXE Q2 Pod Kit \"><br \/><img decoding=\"async\" src=\"https:\/\/global-hookah.com\/wp-content\/uploads\/2024\/09\/vaporesso-luxe-q2-pod-29.jpg?w=1250&amp;h=689\" alt=\"Vaporesso LUXE Q2 Pod Kit \"><br \/><img decoding=\"async\" src=\"https:\/\/global-hookah.com\/wp-content\/uploads\/2024\/09\/vaporesso-luxe-q2-pod-30.jpg?w=1250&amp;h=700\" alt=\"Vaporesso LUXE Q2 Pod Kit \"><\/p>\n<p><\/p>","protected":false},"excerpt":{"rendered":"<p>El Vaporesso LUXE Q2 SE Pod caracter\u00edsticas LUXE Q2 SE es extremadamente simple para principiantes con estilo elegante y vibrante.<\/p>","protected":false},"featured_media":29460,"comment_status":"closed","ping_status":"closed","template":"","meta":{"iawp_total_views":0,"_joinchat":[]},"product_brand":[],"product_cat":[415],"product_tag":[],"class_list":{"0":"post-28945","1":"product","2":"type-product","3":"status-publish","4":"has-post-thumbnail","6":"product_cat-accessories","8":"first","9":"instock","10":"sale","11":"shipping-taxable","12":"purchasable","13":"product-type-variable"},"yoast_head":"<!-- This site is optimized with the Yoast SEO Premium plugin v24.7 (Yoast SEO v26.8) - https:\/\/yoast.com\/product\/yoast-seo-premium-wordpress\/ -->\n<title>Global-CN02Clearance Vaporesso LUXE Q2 SE Pod System Kit 1000mAh 3ml - Global Hookah<\/title>\n<meta name=\"robots\" content=\"index, follow, max-snippet:-1, max-image-preview:large, max-video-preview:-1\" \/>\n<link rel=\"canonical\" href=\"https:\/\/global-hookah.com\/es\/producto\/global-cn02clearance-vaporesso-luxe-q2-se-pod-system-kit-1000mah-3ml\/\" \/>\n<meta property=\"og:locale\" content=\"es_ES\" \/>\n<meta property=\"og:type\" content=\"article\" \/>\n<meta property=\"og:title\" content=\"Global-CN02Clearance Vaporesso LUXE Q2 SE Pod System Kit 1000mAh 3ml\" \/>\n<meta property=\"og:description\" content=\"The Vaporesso LUXE Q2 SE Pod features LUXE Q2 SE is extremely simple for starters with stylish &amp; vibrant style.\" \/>\n<meta property=\"og:url\" content=\"https:\/\/global-hookah.com\/es\/producto\/global-cn02clearance-vaporesso-luxe-q2-se-pod-system-kit-1000mah-3ml\/\" \/>\n<meta property=\"og:site_name\" content=\"Global Hookah\" \/>\n<meta property=\"article:modified_time\" content=\"2024-09-27T02:28:35+00:00\" \/>\n<meta property=\"og:image\" content=\"https:\/\/global-hookah.com\/wp-content\/uploads\/2024\/09\/vaporesso-luxe-q2-se-pod-1.jpg\" \/>\n\t<meta property=\"og:image:width\" content=\"800\" \/>\n\t<meta property=\"og:image:height\" content=\"800\" \/>\n\t<meta property=\"og:image:type\" content=\"image\/jpeg\" \/>\n<meta name=\"twitter:card\" content=\"summary_large_image\" \/>\n<meta name=\"twitter:label1\" content=\"Tiempo de lectura\" \/>\n\t<meta name=\"twitter:data1\" content=\"1 minuto\" \/>\n<script type=\"application\/ld+json\" class=\"yoast-schema-graph\">{\"@context\":\"https:\/\/schema.org\",\"@graph\":[{\"@type\":\"WebPage\",\"@id\":\"https:\/\/global-hookah.com\/product\/global-cn02clearance-vaporesso-luxe-q2-se-pod-system-kit-1000mah-3ml\/\",\"url\":\"https:\/\/global-hookah.com\/product\/global-cn02clearance-vaporesso-luxe-q2-se-pod-system-kit-1000mah-3ml\/\",\"name\":\"Global-CN02Clearance Vaporesso LUXE Q2 SE Pod System Kit 1000mAh 3ml - Global Hookah\",\"isPartOf\":{\"@id\":\"https:\/\/global-hookah.com\/#website\"},\"primaryImageOfPage\":{\"@id\":\"https:\/\/global-hookah.com\/product\/global-cn02clearance-vaporesso-luxe-q2-se-pod-system-kit-1000mah-3ml\/#primaryimage\"},\"image\":{\"@id\":\"https:\/\/global-hookah.com\/product\/global-cn02clearance-vaporesso-luxe-q2-se-pod-system-kit-1000mah-3ml\/#primaryimage\"},\"thumbnailUrl\":\"https:\/\/global-hookah.com\/wp-content\/uploads\/2024\/09\/vaporesso-luxe-q2-se-pod-1.jpg\",\"datePublished\":\"2024-09-27T02:10:56+00:00\",\"dateModified\":\"2024-09-27T02:28:35+00:00\",\"breadcrumb\":{\"@id\":\"https:\/\/global-hookah.com\/product\/global-cn02clearance-vaporesso-luxe-q2-se-pod-system-kit-1000mah-3ml\/#breadcrumb\"},\"inLanguage\":\"es\",\"potentialAction\":[{\"@type\":\"ReadAction\",\"target\":[\"https:\/\/global-hookah.com\/product\/global-cn02clearance-vaporesso-luxe-q2-se-pod-system-kit-1000mah-3ml\/\"]}]},{\"@type\":\"ImageObject\",\"inLanguage\":\"es\",\"@id\":\"https:\/\/global-hookah.com\/product\/global-cn02clearance-vaporesso-luxe-q2-se-pod-system-kit-1000mah-3ml\/#primaryimage\",\"url\":\"https:\/\/global-hookah.com\/wp-content\/uploads\/2024\/09\/vaporesso-luxe-q2-se-pod-1.jpg\",\"contentUrl\":\"https:\/\/global-hookah.com\/wp-content\/uploads\/2024\/09\/vaporesso-luxe-q2-se-pod-1.jpg\",\"width\":800,\"height\":800},{\"@type\":\"BreadcrumbList\",\"@id\":\"https:\/\/global-hookah.com\/product\/global-cn02clearance-vaporesso-luxe-q2-se-pod-system-kit-1000mah-3ml\/#breadcrumb\",\"itemListElement\":[{\"@type\":\"ListItem\",\"position\":1,\"name\":\"Home\",\"item\":\"https:\/\/global-hookah.com\/\"},{\"@type\":\"ListItem\",\"position\":2,\"name\":\"Shop\",\"item\":\"https:\/\/global-hookah.com\/shop\/\"},{\"@type\":\"ListItem\",\"position\":3,\"name\":\"Global-CN02Clearance Vaporesso LUXE Q2 SE Pod System Kit 1000mAh 3ml\"}]},{\"@type\":\"WebSite\",\"@id\":\"https:\/\/global-hookah.com\/#website\",\"url\":\"https:\/\/global-hookah.com\/\",\"name\":\"Global Hookah\",\"description\":\"Global Hookah\",\"publisher\":{\"@id\":\"https:\/\/global-hookah.com\/#organization\"},\"potentialAction\":[{\"@type\":\"SearchAction\",\"target\":{\"@type\":\"EntryPoint\",\"urlTemplate\":\"https:\/\/global-hookah.com\/?s={search_term_string}\"},\"query-input\":{\"@type\":\"PropertyValueSpecification\",\"valueRequired\":true,\"valueName\":\"search_term_string\"}}],\"inLanguage\":\"es\"},{\"@type\":\"Organization\",\"@id\":\"https:\/\/global-hookah.com\/#organization\",\"name\":\"Global Hookah\",\"url\":\"https:\/\/global-hookah.com\/\",\"logo\":{\"@type\":\"ImageObject\",\"inLanguage\":\"es\",\"@id\":\"https:\/\/global-hookah.com\/#\/schema\/logo\/image\/\",\"url\":\"https:\/\/global-hookah.com\/wp-content\/uploads\/2021\/10\/cropped-fgg.png\",\"contentUrl\":\"https:\/\/global-hookah.com\/wp-content\/uploads\/2021\/10\/cropped-fgg.png\",\"width\":512,\"height\":512,\"caption\":\"Global Hookah\"},\"image\":{\"@id\":\"https:\/\/global-hookah.com\/#\/schema\/logo\/image\/\"}}]}<\/script>\n<!-- \/ Yoast SEO Premium plugin. -->","yoast_head_json":{"title":"Global-CN02Rebajas Vaporesso LUXE Q2 SE Pod System Kit 1000mAh 3ml - Global Hookah","robots":{"index":"index","follow":"follow","max-snippet":"max-snippet:-1","max-image-preview":"max-image-preview:large","max-video-preview":"max-video-preview:-1"},"canonical":"https:\/\/global-hookah.com\/es\/producto\/global-cn02clearance-vaporesso-luxe-q2-se-pod-system-kit-1000mah-3ml\/","og_locale":"es_ES","og_type":"article","og_title":"Global-CN02Clearance Vaporesso LUXE Q2 SE Pod System Kit 1000mAh 3ml","og_description":"The Vaporesso LUXE Q2 SE Pod features LUXE Q2 SE is extremely simple for starters with stylish &amp; vibrant style.","og_url":"https:\/\/global-hookah.com\/es\/producto\/global-cn02clearance-vaporesso-luxe-q2-se-pod-system-kit-1000mah-3ml\/","og_site_name":"Global Hookah","article_modified_time":"2024-09-27T02:28:35+00:00","og_image":[{"width":800,"height":800,"url":"https:\/\/global-hookah.com\/wp-content\/uploads\/2024\/09\/vaporesso-luxe-q2-se-pod-1.jpg","type":"image\/jpeg"}],"twitter_card":"summary_large_image","twitter_misc":{"Tiempo de lectura":"1 minuto"},"schema":{"@context":"https:\/\/schema.org","@graph":[{"@type":"WebPage","@id":"https:\/\/global-hookah.com\/product\/global-cn02clearance-vaporesso-luxe-q2-se-pod-system-kit-1000mah-3ml\/","url":"https:\/\/global-hookah.com\/product\/global-cn02clearance-vaporesso-luxe-q2-se-pod-system-kit-1000mah-3ml\/","name":"Global-CN02Rebajas Vaporesso LUXE Q2 SE Pod System Kit 1000mAh 3ml - Global Hookah","isPartOf":{"@id":"https:\/\/global-hookah.com\/#website"},"primaryImageOfPage":{"@id":"https:\/\/global-hookah.com\/product\/global-cn02clearance-vaporesso-luxe-q2-se-pod-system-kit-1000mah-3ml\/#primaryimage"},"image":{"@id":"https:\/\/global-hookah.com\/product\/global-cn02clearance-vaporesso-luxe-q2-se-pod-system-kit-1000mah-3ml\/#primaryimage"},"thumbnailUrl":"https:\/\/global-hookah.com\/wp-content\/uploads\/2024\/09\/vaporesso-luxe-q2-se-pod-1.jpg","datePublished":"2024-09-27T02:10:56+00:00","dateModified":"2024-09-27T02:28:35+00:00","breadcrumb":{"@id":"https:\/\/global-hookah.com\/product\/global-cn02clearance-vaporesso-luxe-q2-se-pod-system-kit-1000mah-3ml\/#breadcrumb"},"inLanguage":"es","potentialAction":[{"@type":"ReadAction","target":["https:\/\/global-hookah.com\/product\/global-cn02clearance-vaporesso-luxe-q2-se-pod-system-kit-1000mah-3ml\/"]}]},{"@type":"ImageObject","inLanguage":"es","@id":"https:\/\/global-hookah.com\/product\/global-cn02clearance-vaporesso-luxe-q2-se-pod-system-kit-1000mah-3ml\/#primaryimage","url":"https:\/\/global-hookah.com\/wp-content\/uploads\/2024\/09\/vaporesso-luxe-q2-se-pod-1.jpg","contentUrl":"https:\/\/global-hookah.com\/wp-content\/uploads\/2024\/09\/vaporesso-luxe-q2-se-pod-1.jpg","width":800,"height":800},{"@type":"BreadcrumbList","@id":"https:\/\/global-hookah.com\/product\/global-cn02clearance-vaporesso-luxe-q2-se-pod-system-kit-1000mah-3ml\/#breadcrumb","itemListElement":[{"@type":"ListItem","position":1,"name":"Home","item":"https:\/\/global-hookah.com\/"},{"@type":"ListItem","position":2,"name":"Shop","item":"https:\/\/global-hookah.com\/shop\/"},{"@type":"ListItem","position":3,"name":"Global-CN02Clearance Vaporesso LUXE Q2 SE Pod System Kit 1000mAh 3ml"}]},{"@type":"WebSite","@id":"https:\/\/global-hookah.com\/#website","url":"https:\/\/global-hookah.com\/","name":"Global Hookah","description":"Global Hookah","publisher":{"@id":"https:\/\/global-hookah.com\/#organization"},"potentialAction":[{"@type":"SearchAction","target":{"@type":"EntryPoint","urlTemplate":"https:\/\/global-hookah.com\/?s={search_term_string}"},"query-input":{"@type":"PropertyValueSpecification","valueRequired":true,"valueName":"search_term_string"}}],"inLanguage":"es"},{"@type":"Organization","@id":"https:\/\/global-hookah.com\/#organization","name":"Global Hookah","url":"https:\/\/global-hookah.com\/","logo":{"@type":"ImageObject","inLanguage":"es","@id":"https:\/\/global-hookah.com\/#\/schema\/logo\/image\/","url":"https:\/\/global-hookah.com\/wp-content\/uploads\/2021\/10\/cropped-fgg.png","contentUrl":"https:\/\/global-hookah.com\/wp-content\/uploads\/2021\/10\/cropped-fgg.png","width":512,"height":512,"caption":"Global Hookah"},"image":{"@id":"https:\/\/global-hookah.com\/#\/schema\/logo\/image\/"}}]}},"_links":{"self":[{"href":"https:\/\/global-hookah.com\/es\/wp-json\/wp\/v2\/product\/28945","targetHints":{"allow":["GET"]}}],"collection":[{"href":"https:\/\/global-hookah.com\/es\/wp-json\/wp\/v2\/product"}],"about":[{"href":"https:\/\/global-hookah.com\/es\/wp-json\/wp\/v2\/types\/product"}],"replies":[{"embeddable":true,"href":"https:\/\/global-hookah.com\/es\/wp-json\/wp\/v2\/comments?post=28945"}],"version-history":[{"count":0,"href":"https:\/\/global-hookah.com\/es\/wp-json\/wp\/v2\/product\/28945\/revisions"}],"wp:featuredmedia":[{"embeddable":true,"href":"https:\/\/global-hookah.com\/es\/wp-json\/wp\/v2\/media\/29460"}],"wp:attachment":[{"href":"https:\/\/global-hookah.com\/es\/wp-json\/wp\/v2\/media?parent=28945"}],"wp:term":[{"taxonomy":"product_brand","embeddable":true,"href":"https:\/\/global-hookah.com\/es\/wp-json\/wp\/v2\/product_brand?post=28945"},{"taxonomy":"product_cat","embeddable":true,"href":"https:\/\/global-hookah.com\/es\/wp-json\/wp\/v2\/product_cat?post=28945"},{"taxonomy":"product_tag","embeddable":true,"href":"https:\/\/global-hookah.com\/es\/wp-json\/wp\/v2\/product_tag?post=28945"}],"curies":[{"name":"wp","href":"https:\/\/api.w.org\/{rel}","templated":true}]}}