{"id":28961,"date":"2024-09-27T02:10:58","date_gmt":"2024-09-27T02:10:58","guid":{"rendered":"https:\/\/global-hookah.com\/product\/global-cn02-vandy-vape-pulse-aio-v2-80w-kit-6ml\/"},"modified":"2024-09-27T02:28:38","modified_gmt":"2024-09-27T02:28:38","slug":"global-cn02-vandy-vape-pulse-aio-v2-80w-kit-6ml","status":"publish","type":"product","link":"https:\/\/global-hookah.com\/es\/producto\/global-cn02-vandy-vape-pulse-aio-v2-80w-kit-6ml\/","title":{"rendered":"Global-CN02 Vandy Vape Pulse AIO V2 80W Kit 6ml"},"content":{"rendered":"<p>Vandy Vape Pulse AIO V2 80W Kit es la colaboraci\u00f3n entre Vandy Vape y Tony B. En comparaci\u00f3n con el Vape Pulse AIO. el Vape Pulse AIO V2 es m\u00e1s peque\u00f1o y m\u00e1s beautiful.and IP67 PCBA impermeable rating.The pulso AIO V2 es tambi\u00e9n un dispositivo compatible con Boro inspirado en los siempre populares Billet Boxes.  Este kit compatible con tanques Boro es dispara hasta 80 vatios por una sola bater\u00eda 18650. un puerto de carga USB-C (recomendamos no usar esto como un punto de carga). Consta de botones y placas personalizables. varias opciones de bobina. una multitud de protecciones de seguridad. y una pl\u00e9tora de modos. Esto incluye temperatura, voltaje, vataje variable y bypass.<\/p>\n<p><strong><font color=\"#ff7301\" size=\"4px\">Caracter\u00edsticas:<\/font><\/strong><br \/>1. El tama\u00f1o compacto m\u00e1s peque\u00f1o. 2. Aleaci\u00f3n de aluminio material de talla fina.<br \/>2. Potencia de salida m\u00e1xima de 80 W.<br \/>3. Grado de impermeabilidad IP67 PCBA.<br \/>4. Placa de circuito del interruptor de llave reemplazable.<br \/>5. Positivo de la bater\u00eda a trav\u00e9s de la placa de circuito.<br \/>6. M\u00faltiples opciones de personalizaci\u00f3n DIY.<br \/>7. RBA y tanque nuevos.<\/p>\n<p>Marca: Vandy Vape<br \/>Unidad: 1 Juego<br \/>Tama\u00f1o: 51*77,3*23,4 mm<br \/>Rango de potencia: 5-80W<br \/>Tensi\u00f3n de salida: 0,5-6,0 V<br \/>Corriente m\u00e1xima de salida: 32 A<br \/>Resistencia: 0.05-3.0ohm(+-5%)<br \/>Tipo de bater\u00eda: 18650<br \/>Material: Aleaci\u00f3n de aluminio+Acero inoxidable+PCTG<br \/>Capacidad RBA: 6ml<br \/>Embalaje: Caja de regalo<\/p>\n<p><strong><font color=\"#ff7301\" size=\"4px\">Cada juego contiene:<\/font><\/strong><br \/>1pc Pulse AIO V2 Kit<br \/>4pc RBA Tubo de flujo de aire<br \/>1 Manual de instrucciones<br \/>1 adaptador 510<br \/>Drip Tip de 2 piezas<br \/>1 pieza RBA<br \/>1 bolsa de accesorios<br \/>3pc Drip Tip Tubo de flujo de aire<\/p>\n<p><img decoding=\"async\" src=\"https:\/\/global-hookah.com\/wp-content\/uploads\/2024\/09\/1-102.jpeg?w=1000&amp;h=364\" alt=\"Vandy Vape Pulse AIO V2 Kit\"><br \/><img decoding=\"async\" src=\"https:\/\/global-hookah.com\/wp-content\/uploads\/2024\/09\/2-90.jpeg?w=1000&amp;h=718\" alt=\"Vandy Vape Pulse AIO V2 Kit\"><br \/><img decoding=\"async\" src=\"https:\/\/global-hookah.com\/wp-content\/uploads\/2024\/09\/Pulse-AIO-V2-80W-Kit1-12.jpg?w=1000&amp;h=602\" alt=\"Vandy Vape Pulse AIO V2 Kit\"><br \/><img decoding=\"async\" src=\"https:\/\/global-hookah.com\/wp-content\/uploads\/2024\/09\/3-88.jpeg?w=1000&amp;h=618\" alt=\"Vandy Vape Pulse AIO V2 Kit\"><br \/><img decoding=\"async\" src=\"https:\/\/global-hookah.com\/wp-content\/uploads\/2024\/09\/4-82.jpeg?w=1000&amp;h=588\" alt=\"Vandy Vape Pulse AIO V2 Kit\"><br \/><img decoding=\"async\" src=\"https:\/\/global-hookah.com\/wp-content\/uploads\/2024\/09\/Pulse-AIO-V2-80W-Kit-15.jpg?w=1000&amp;h=608\" alt=\"Vandy Vape Pulse AIO V2 Kit\"><br \/><img decoding=\"async\" src=\"https:\/\/global-hookah.com\/wp-content\/uploads\/2024\/09\/Pulse-AIO-V2-80W-Kit-16.jpg?w=1000&amp;h=505\" alt=\"Vandy Vape Pulse AIO V2 Kit\"><br \/><img decoding=\"async\" src=\"https:\/\/global-hookah.com\/wp-content\/uploads\/2024\/09\/Pulse-AIO-V2-80W-Kit-17.jpg?w=1000&amp;h=506\" alt=\"Vandy Vape Pulse AIO V2 Kit\"><br \/><img decoding=\"async\" src=\"https:\/\/global-hookah.com\/wp-content\/uploads\/2024\/09\/8-67.jpeg?w=1000&amp;h=638\" alt=\"Vandy Vape Pulse AIO V2 Kit\"><br \/><img decoding=\"async\" src=\"https:\/\/global-hookah.com\/wp-content\/uploads\/2024\/09\/9-56.jpeg?w=1000&amp;h=648\" alt=\"Vandy Vape Pulse AIO V2 Kit\"><br \/><img decoding=\"async\" src=\"https:\/\/global-hookah.com\/wp-content\/uploads\/2024\/09\/10-48.jpeg?w=1000&amp;h=657\" alt=\"Vandy Vape Pulse AIO V2 Kit\"><br \/><img decoding=\"async\" src=\"https:\/\/global-hookah.com\/wp-content\/uploads\/2024\/09\/11-37.jpeg?w=1000&amp;h=600\" alt=\"Vandy Vape Pulse AIO V2 Kit\"><br \/><img decoding=\"async\" src=\"https:\/\/global-hookah.com\/wp-content\/uploads\/2024\/09\/12-32.jpeg?w=1000&amp;h=643\" alt=\"Vandy Vape Pulse AIO V2 Kit\"><br \/><img decoding=\"async\" src=\"https:\/\/global-hookah.com\/wp-content\/uploads\/2024\/09\/13-24.jpeg?w=1000&amp;h=560\" alt=\"Vandy Vape Pulse AIO V2 Kit\"><br \/><img decoding=\"async\" src=\"https:\/\/global-hookah.com\/wp-content\/uploads\/2024\/09\/14-20.jpeg?w=1000&amp;h=642\" alt=\"Vandy Vape Pulse AIO V2 Kit\"><br \/><img decoding=\"async\" src=\"https:\/\/global-hookah.com\/wp-content\/uploads\/2024\/09\/15-15.jpeg?w=1000&amp;h=650\" alt=\"Vandy Vape Pulse AIO V2 Kit\"><br \/><img decoding=\"async\" src=\"https:\/\/global-hookah.com\/wp-content\/uploads\/2024\/09\/16-9.jpeg?w=1000&amp;h=643\" alt=\"Vandy Vape Pulse AIO V2 Kit\"><br \/><img decoding=\"async\" src=\"https:\/\/global-hookah.com\/wp-content\/uploads\/2024\/09\/17-8.jpeg?w=1000&amp;h=621\" alt=\"Vandy Vape Pulse AIO V2 Kit\"><br \/><img decoding=\"async\" src=\"https:\/\/global-hookah.com\/wp-content\/uploads\/2024\/09\/18-6.jpeg?w=1000&amp;h=558\" alt=\"Vandy Vape Pulse AIO V2 Kit\"><br \/><img decoding=\"async\" src=\"https:\/\/global-hookah.com\/wp-content\/uploads\/2024\/09\/19-5.jpeg?w=1000&amp;h=647\" alt=\"Vandy Vape Pulse AIO V2 Kit\"><br \/><img decoding=\"async\" src=\"https:\/\/global-hookah.com\/wp-content\/uploads\/2024\/09\/20-2.jpeg?w=1000&amp;h=558\" alt=\"Vandy Vape Pulse AIO V2 Kit\"><br \/><img decoding=\"async\" src=\"https:\/\/global-hookah.com\/wp-content\/uploads\/2024\/09\/Pulse-AIO-V2-80W-Kit-31.jpg?w=1000&amp;h=1058\" alt=\"Vandy Vape Pulse AIO V2 Kit\"><\/p>","protected":false},"excerpt":{"rendered":"<p>Vandy Vape Pulse AIO V2 80W Kit es una colaboraci\u00f3n entre Vandy Vape y Tony B. Comparado con el Vape Pulse<\/p>","protected":false},"featured_media":29519,"comment_status":"closed","ping_status":"closed","template":"","meta":{"iawp_total_views":1,"_joinchat":[]},"product_brand":[],"product_cat":[415],"product_tag":[],"class_list":{"0":"post-28961","1":"product","2":"type-product","3":"status-publish","4":"has-post-thumbnail","6":"product_cat-accessories","8":"first","9":"instock","10":"sale","11":"shipping-taxable","12":"purchasable","13":"product-type-variable"},"yoast_head":"<!-- This site is optimized with the Yoast SEO Premium plugin v24.7 (Yoast SEO v26.8) - https:\/\/yoast.com\/product\/yoast-seo-premium-wordpress\/ -->\n<title>Global-CN02 Vandy Vape Pulse AIO V2 80W Kit 6ml - Global Hookah<\/title>\n<meta name=\"robots\" content=\"index, follow, max-snippet:-1, max-image-preview:large, max-video-preview:-1\" \/>\n<link rel=\"canonical\" href=\"https:\/\/global-hookah.com\/es\/producto\/global-cn02-vandy-vape-pulse-aio-v2-80w-kit-6ml\/\" \/>\n<meta property=\"og:locale\" content=\"es_ES\" \/>\n<meta property=\"og:type\" content=\"article\" \/>\n<meta property=\"og:title\" content=\"Global-CN02 Vandy Vape Pulse AIO V2 80W Kit 6ml\" \/>\n<meta property=\"og:description\" content=\"Vandy Vape Pulse AIO V2 80W Kit is collaboration between Vandy Vape and Tony B. Compared to the Vape Pulse\" \/>\n<meta property=\"og:url\" content=\"https:\/\/global-hookah.com\/es\/producto\/global-cn02-vandy-vape-pulse-aio-v2-80w-kit-6ml\/\" \/>\n<meta property=\"og:site_name\" content=\"Global Hookah\" \/>\n<meta property=\"article:modified_time\" content=\"2024-09-27T02:28:38+00:00\" \/>\n<meta property=\"og:image\" content=\"https:\/\/global-hookah.com\/wp-content\/uploads\/2024\/09\/Pulse-AIO-V2-80W-Kit-1.jpg\" \/>\n\t<meta property=\"og:image:width\" content=\"800\" \/>\n\t<meta property=\"og:image:height\" content=\"800\" \/>\n\t<meta property=\"og:image:type\" content=\"image\/jpeg\" \/>\n<meta name=\"twitter:card\" content=\"summary_large_image\" \/>\n<meta name=\"twitter:label1\" content=\"Tiempo de lectura\" \/>\n\t<meta name=\"twitter:data1\" content=\"1 minuto\" \/>\n<script type=\"application\/ld+json\" class=\"yoast-schema-graph\">{\"@context\":\"https:\/\/schema.org\",\"@graph\":[{\"@type\":\"WebPage\",\"@id\":\"https:\/\/global-hookah.com\/product\/global-cn02-vandy-vape-pulse-aio-v2-80w-kit-6ml\/\",\"url\":\"https:\/\/global-hookah.com\/product\/global-cn02-vandy-vape-pulse-aio-v2-80w-kit-6ml\/\",\"name\":\"Global-CN02 Vandy Vape Pulse AIO V2 80W Kit 6ml - Global Hookah\",\"isPartOf\":{\"@id\":\"https:\/\/global-hookah.com\/#website\"},\"primaryImageOfPage\":{\"@id\":\"https:\/\/global-hookah.com\/product\/global-cn02-vandy-vape-pulse-aio-v2-80w-kit-6ml\/#primaryimage\"},\"image\":{\"@id\":\"https:\/\/global-hookah.com\/product\/global-cn02-vandy-vape-pulse-aio-v2-80w-kit-6ml\/#primaryimage\"},\"thumbnailUrl\":\"https:\/\/global-hookah.com\/wp-content\/uploads\/2024\/09\/Pulse-AIO-V2-80W-Kit-1.jpg\",\"datePublished\":\"2024-09-27T02:10:58+00:00\",\"dateModified\":\"2024-09-27T02:28:38+00:00\",\"breadcrumb\":{\"@id\":\"https:\/\/global-hookah.com\/product\/global-cn02-vandy-vape-pulse-aio-v2-80w-kit-6ml\/#breadcrumb\"},\"inLanguage\":\"es\",\"potentialAction\":[{\"@type\":\"ReadAction\",\"target\":[\"https:\/\/global-hookah.com\/product\/global-cn02-vandy-vape-pulse-aio-v2-80w-kit-6ml\/\"]}]},{\"@type\":\"ImageObject\",\"inLanguage\":\"es\",\"@id\":\"https:\/\/global-hookah.com\/product\/global-cn02-vandy-vape-pulse-aio-v2-80w-kit-6ml\/#primaryimage\",\"url\":\"https:\/\/global-hookah.com\/wp-content\/uploads\/2024\/09\/Pulse-AIO-V2-80W-Kit-1.jpg\",\"contentUrl\":\"https:\/\/global-hookah.com\/wp-content\/uploads\/2024\/09\/Pulse-AIO-V2-80W-Kit-1.jpg\",\"width\":800,\"height\":800},{\"@type\":\"BreadcrumbList\",\"@id\":\"https:\/\/global-hookah.com\/product\/global-cn02-vandy-vape-pulse-aio-v2-80w-kit-6ml\/#breadcrumb\",\"itemListElement\":[{\"@type\":\"ListItem\",\"position\":1,\"name\":\"Home\",\"item\":\"https:\/\/global-hookah.com\/\"},{\"@type\":\"ListItem\",\"position\":2,\"name\":\"Shop\",\"item\":\"https:\/\/global-hookah.com\/shop\/\"},{\"@type\":\"ListItem\",\"position\":3,\"name\":\"Global-CN02 Vandy Vape Pulse AIO V2 80W Kit 6ml\"}]},{\"@type\":\"WebSite\",\"@id\":\"https:\/\/global-hookah.com\/#website\",\"url\":\"https:\/\/global-hookah.com\/\",\"name\":\"Global Hookah\",\"description\":\"Global Hookah\",\"publisher\":{\"@id\":\"https:\/\/global-hookah.com\/#organization\"},\"potentialAction\":[{\"@type\":\"SearchAction\",\"target\":{\"@type\":\"EntryPoint\",\"urlTemplate\":\"https:\/\/global-hookah.com\/?s={search_term_string}\"},\"query-input\":{\"@type\":\"PropertyValueSpecification\",\"valueRequired\":true,\"valueName\":\"search_term_string\"}}],\"inLanguage\":\"es\"},{\"@type\":\"Organization\",\"@id\":\"https:\/\/global-hookah.com\/#organization\",\"name\":\"Global Hookah\",\"url\":\"https:\/\/global-hookah.com\/\",\"logo\":{\"@type\":\"ImageObject\",\"inLanguage\":\"es\",\"@id\":\"https:\/\/global-hookah.com\/#\/schema\/logo\/image\/\",\"url\":\"https:\/\/global-hookah.com\/wp-content\/uploads\/2021\/10\/cropped-fgg.png\",\"contentUrl\":\"https:\/\/global-hookah.com\/wp-content\/uploads\/2021\/10\/cropped-fgg.png\",\"width\":512,\"height\":512,\"caption\":\"Global Hookah\"},\"image\":{\"@id\":\"https:\/\/global-hookah.com\/#\/schema\/logo\/image\/\"}}]}<\/script>\n<!-- \/ Yoast SEO Premium plugin. -->","yoast_head_json":{"title":"Global-CN02 Vandy Vape Pulse AIO V2 80W Kit 6ml - Global Hookah","robots":{"index":"index","follow":"follow","max-snippet":"max-snippet:-1","max-image-preview":"max-image-preview:large","max-video-preview":"max-video-preview:-1"},"canonical":"https:\/\/global-hookah.com\/es\/producto\/global-cn02-vandy-vape-pulse-aio-v2-80w-kit-6ml\/","og_locale":"es_ES","og_type":"article","og_title":"Global-CN02 Vandy Vape Pulse AIO V2 80W Kit 6ml","og_description":"Vandy Vape Pulse AIO V2 80W Kit is collaboration between Vandy Vape and Tony B. Compared to the Vape Pulse","og_url":"https:\/\/global-hookah.com\/es\/producto\/global-cn02-vandy-vape-pulse-aio-v2-80w-kit-6ml\/","og_site_name":"Global Hookah","article_modified_time":"2024-09-27T02:28:38+00:00","og_image":[{"width":800,"height":800,"url":"https:\/\/global-hookah.com\/wp-content\/uploads\/2024\/09\/Pulse-AIO-V2-80W-Kit-1.jpg","type":"image\/jpeg"}],"twitter_card":"summary_large_image","twitter_misc":{"Tiempo de lectura":"1 minuto"},"schema":{"@context":"https:\/\/schema.org","@graph":[{"@type":"WebPage","@id":"https:\/\/global-hookah.com\/product\/global-cn02-vandy-vape-pulse-aio-v2-80w-kit-6ml\/","url":"https:\/\/global-hookah.com\/product\/global-cn02-vandy-vape-pulse-aio-v2-80w-kit-6ml\/","name":"Global-CN02 Vandy Vape Pulse AIO V2 80W Kit 6ml - Global Hookah","isPartOf":{"@id":"https:\/\/global-hookah.com\/#website"},"primaryImageOfPage":{"@id":"https:\/\/global-hookah.com\/product\/global-cn02-vandy-vape-pulse-aio-v2-80w-kit-6ml\/#primaryimage"},"image":{"@id":"https:\/\/global-hookah.com\/product\/global-cn02-vandy-vape-pulse-aio-v2-80w-kit-6ml\/#primaryimage"},"thumbnailUrl":"https:\/\/global-hookah.com\/wp-content\/uploads\/2024\/09\/Pulse-AIO-V2-80W-Kit-1.jpg","datePublished":"2024-09-27T02:10:58+00:00","dateModified":"2024-09-27T02:28:38+00:00","breadcrumb":{"@id":"https:\/\/global-hookah.com\/product\/global-cn02-vandy-vape-pulse-aio-v2-80w-kit-6ml\/#breadcrumb"},"inLanguage":"es","potentialAction":[{"@type":"ReadAction","target":["https:\/\/global-hookah.com\/product\/global-cn02-vandy-vape-pulse-aio-v2-80w-kit-6ml\/"]}]},{"@type":"ImageObject","inLanguage":"es","@id":"https:\/\/global-hookah.com\/product\/global-cn02-vandy-vape-pulse-aio-v2-80w-kit-6ml\/#primaryimage","url":"https:\/\/global-hookah.com\/wp-content\/uploads\/2024\/09\/Pulse-AIO-V2-80W-Kit-1.jpg","contentUrl":"https:\/\/global-hookah.com\/wp-content\/uploads\/2024\/09\/Pulse-AIO-V2-80W-Kit-1.jpg","width":800,"height":800},{"@type":"BreadcrumbList","@id":"https:\/\/global-hookah.com\/product\/global-cn02-vandy-vape-pulse-aio-v2-80w-kit-6ml\/#breadcrumb","itemListElement":[{"@type":"ListItem","position":1,"name":"Home","item":"https:\/\/global-hookah.com\/"},{"@type":"ListItem","position":2,"name":"Shop","item":"https:\/\/global-hookah.com\/shop\/"},{"@type":"ListItem","position":3,"name":"Global-CN02 Vandy Vape Pulse AIO V2 80W Kit 6ml"}]},{"@type":"WebSite","@id":"https:\/\/global-hookah.com\/#website","url":"https:\/\/global-hookah.com\/","name":"Global Hookah","description":"Global Hookah","publisher":{"@id":"https:\/\/global-hookah.com\/#organization"},"potentialAction":[{"@type":"SearchAction","target":{"@type":"EntryPoint","urlTemplate":"https:\/\/global-hookah.com\/?s={search_term_string}"},"query-input":{"@type":"PropertyValueSpecification","valueRequired":true,"valueName":"search_term_string"}}],"inLanguage":"es"},{"@type":"Organization","@id":"https:\/\/global-hookah.com\/#organization","name":"Global Hookah","url":"https:\/\/global-hookah.com\/","logo":{"@type":"ImageObject","inLanguage":"es","@id":"https:\/\/global-hookah.com\/#\/schema\/logo\/image\/","url":"https:\/\/global-hookah.com\/wp-content\/uploads\/2021\/10\/cropped-fgg.png","contentUrl":"https:\/\/global-hookah.com\/wp-content\/uploads\/2021\/10\/cropped-fgg.png","width":512,"height":512,"caption":"Global Hookah"},"image":{"@id":"https:\/\/global-hookah.com\/#\/schema\/logo\/image\/"}}]}},"_links":{"self":[{"href":"https:\/\/global-hookah.com\/es\/wp-json\/wp\/v2\/product\/28961","targetHints":{"allow":["GET"]}}],"collection":[{"href":"https:\/\/global-hookah.com\/es\/wp-json\/wp\/v2\/product"}],"about":[{"href":"https:\/\/global-hookah.com\/es\/wp-json\/wp\/v2\/types\/product"}],"replies":[{"embeddable":true,"href":"https:\/\/global-hookah.com\/es\/wp-json\/wp\/v2\/comments?post=28961"}],"version-history":[{"count":0,"href":"https:\/\/global-hookah.com\/es\/wp-json\/wp\/v2\/product\/28961\/revisions"}],"wp:featuredmedia":[{"embeddable":true,"href":"https:\/\/global-hookah.com\/es\/wp-json\/wp\/v2\/media\/29519"}],"wp:attachment":[{"href":"https:\/\/global-hookah.com\/es\/wp-json\/wp\/v2\/media?parent=28961"}],"wp:term":[{"taxonomy":"product_brand","embeddable":true,"href":"https:\/\/global-hookah.com\/es\/wp-json\/wp\/v2\/product_brand?post=28961"},{"taxonomy":"product_cat","embeddable":true,"href":"https:\/\/global-hookah.com\/es\/wp-json\/wp\/v2\/product_cat?post=28961"},{"taxonomy":"product_tag","embeddable":true,"href":"https:\/\/global-hookah.com\/es\/wp-json\/wp\/v2\/product_tag?post=28961"}],"curies":[{"name":"wp","href":"https:\/\/api.w.org\/{rel}","templated":true}]}}