{"id":29005,"date":"2024-09-27T02:11:05","date_gmt":"2024-09-27T02:11:05","guid":{"rendered":"https:\/\/global-hookah.com\/product\/global-cn02clearance-uwell-caliburn-x-pod-system-kit-850mah-3ml-auto-power-off-if-no-operation-for-8-minutes\/"},"modified":"2024-09-27T02:29:09","modified_gmt":"2024-09-27T02:29:09","slug":"global-cn02clearance-uwell-caliburn-x-pod-system-kit-850mah-3ml-auto-power-off-if-no-operation-for-8-minutes","status":"publish","type":"product","link":"https:\/\/global-hookah.com\/es\/producto\/global-cn02clearance-uwell-caliburn-x-pod-system-kit-850mah-3ml-auto-power-off-if-no-operation-for-8-minutes\/","title":{"rendered":"Global-CN02Clearance Uwell Caliburn X Pod System Kit 850mAh 3ml, Auto Power Off si no hay operaci\u00f3n durante 8 minutos"},"content":{"rendered":"<p><strong><font color=\"#ff7301\" size=\"4px\">En comparaci\u00f3n con la versi\u00f3n normal, hay una protecci\u00f3n adicional para la versi\u00f3n a prueba de ni\u00f1os: el dispositivo se apagar\u00e1 autom\u00e1ticamente si no se utiliza durante 8 minutos. Por favor, pulse el bot\u00f3n de disparo 5 veces para encenderlo.<\/font><\/strong><\/p>\n<p>El Uwell Caliburn X 20W Pod System. con una bater\u00eda integrada de 850mAh. 5-20W rango de salida. y es compatible con ambos G \/ G2 bobinas. Construido de aleaci\u00f3n de aluminio duradero. el chasis del Caliburn X Pod System ofrece un chasis fuerte y resistente contra ca\u00eddas ligeras y ca\u00eddas. Adem\u00e1s. las vainas recargables tienen capacidad para 3 ml. y utiliza una ventana de visualizaci\u00f3n LQ para asegurar un nivel m\u00ednimo de llenado para evitar cualquier golpe seco o quemar la bobina.<br \/>CALIBURN X es un nuevo producto de gama alta de la serie CALIBURN. Incorpora funciones de ajuste de la potencia de salida y del flujo de aire, dos v\u00edas de extracci\u00f3n y una pantalla OLED. CALIBURN X es un sistema de vaina multifuncional con un cuerpo compacto. La tecnolog\u00eda de ajuste Pro-FOCS FLV de UWELL aporta una ventaja \u00fanica al CALIBURN X. ofreci\u00e9ndole un aut\u00e9ntico FLV. Elija el CALIBURN X si tiene en cuenta la practicidad y la est\u00e9tica.<\/p>\n<p><img decoding=\"async\" src=\"https:\/\/global-hookah.com\/wp-content\/uploads\/2024\/09\/Caliburn-X-Pod-Kit-11.jpg?w=1248&amp;h=461\" alt=\"Uwell Caliburn X Kit\"><\/p>\n<p>Marca: Uwell<br \/>Unidad: 1 Juego<br \/>Dimensiones: 107,4 mm por 27,5 mm por 15,6 mm<br \/>Bater\u00eda: Integrada 850mAh<br \/>Rango de potencia: 5-20W<br \/>Chasis de aleaci\u00f3n de aluminio<br \/>Bot\u00f3n de disparo intuitivo<br \/>Ventana de visualizaci\u00f3n LQ<br \/>Pantalla OLED<br \/>Capacidad del Pod: 3ml<br \/>Sistema de llenado: Relleno superior<br \/>Bobina Uwell Caliburn G\/G2<br \/>Bobinas Caliburn G de 0,8ohm<br \/>Bobinas Caliburn G2 de 1,2ohm<br \/>Instalaci\u00f3n de la bobina a presi\u00f3n<br \/>Conexi\u00f3n de c\u00e1psula magn\u00e9tica<br \/>Detecci\u00f3n inteligente de resistencia<br \/>Protecci\u00f3n de baja potencia<br \/>8s Vaping Protecci\u00f3n de las horas extraordinarias<br \/>Carga: Puerto Tipo-C<br \/>Embalaje: Caja de regalo<\/p>\n<p><strong><font color=\"#ff7301\" size=\"4px\">Cada juego contiene:<\/font><\/strong><br \/>1 unidad Caliburn X<br \/>1 unidad Caliburn X Pod<br \/>1pc 0.8ohm Caliburn G Coil<br \/>1pc 1.2ohm Caliburn G2 Coil<br \/>1 cable Type-C<br \/>1 Manual de usuario<\/p>\n<p><img decoding=\"async\" src=\"https:\/\/global-hookah.com\/wp-content\/uploads\/2024\/09\/uwell-caliburn-x-pod-mod-01.jpg?w=1450&amp;h=649\" alt=\"Uwell Caliburn X Kit\"><br \/><img decoding=\"async\" src=\"https:\/\/global-hookah.com\/wp-content\/uploads\/2024\/09\/uwell-caliburn-x-pod-mod-02.jpg?w=1450&amp;h=676\" alt=\"Uwell Caliburn X Kit\"><br \/><img decoding=\"async\" src=\"https:\/\/global-hookah.com\/wp-content\/uploads\/2024\/09\/uwell-caliburn-x-pod-mod-03.jpg?w=1450&amp;h=691\" alt=\"Uwell Caliburn X Kit\"><br \/><img decoding=\"async\" src=\"https:\/\/global-hookah.com\/wp-content\/uploads\/2024\/09\/uwell-caliburn-x-pod-mod-04.jpg?w=1450&amp;h=681\" alt=\"Uwell Caliburn X Kit\"><br \/><img decoding=\"async\" src=\"https:\/\/global-hookah.com\/wp-content\/uploads\/2024\/09\/uwell-caliburn-x-pod-mod-05.jpg?w=1450&amp;h=684\" alt=\"Uwell Caliburn X Kit\"><br \/><img decoding=\"async\" src=\"https:\/\/global-hookah.com\/wp-content\/uploads\/2024\/09\/uwell-caliburn-x-pod-mod-06.jpg?w=1450&amp;h=675\" alt=\"Uwell Caliburn X Kit\"><br \/><img decoding=\"async\" src=\"https:\/\/global-hookah.com\/wp-content\/uploads\/2024\/09\/uwell-caliburn-x-pod-mod-07.jpg?w=1450&amp;h=679\" alt=\"Uwell Caliburn X Kit\"><br \/><img decoding=\"async\" src=\"https:\/\/global-hookah.com\/wp-content\/uploads\/2024\/09\/uwell-caliburn-x-pod-mod-08.jpg?w=1450&amp;h=705\" alt=\"Uwell Caliburn X Kit\"><br \/><img decoding=\"async\" src=\"https:\/\/global-hookah.com\/wp-content\/uploads\/2024\/09\/uwell-caliburn-x-pod-mod-09.jpg?w=1450&amp;h=699\" alt=\"Uwell Caliburn X Kit\"><br \/><img decoding=\"async\" src=\"https:\/\/global-hookah.com\/wp-content\/uploads\/2024\/09\/uwell-caliburn-x-pod-mod-10.jpg?w=1450&amp;h=702\" alt=\"Uwell Caliburn X Kit\"><br \/><img decoding=\"async\" src=\"https:\/\/global-hookah.com\/wp-content\/uploads\/2024\/09\/uwell-caliburn-x-pod-mod-11.jpg?w=1450&amp;h=693\" alt=\"Uwell Caliburn X Kit\"><br \/><img decoding=\"async\" src=\"https:\/\/global-hookah.com\/wp-content\/uploads\/2024\/09\/uwell-caliburn-x-pod-mod-12.jpg?w=1450&amp;h=701\" alt=\"Uwell Caliburn X Kit\"><br \/><img decoding=\"async\" src=\"https:\/\/global-hookah.com\/wp-content\/uploads\/2024\/09\/uwell-caliburn-x-pod-mod-13.jpg?w=1450&amp;h=679\" alt=\"Uwell Caliburn X Kit\"><\/p>","protected":false},"excerpt":{"rendered":"<p>En comparaci\u00f3n con la versi\u00f3n normal, hay una protecci\u00f3n adicional para la versi\u00f3n a prueba de ni\u00f1os: el dispositivo se encender\u00e1.<\/p>","protected":false},"featured_media":29607,"comment_status":"closed","ping_status":"closed","template":"","meta":{"iawp_total_views":0,"_joinchat":[]},"product_brand":[],"product_cat":[415],"product_tag":[],"class_list":{"0":"post-29005","1":"product","2":"type-product","3":"status-publish","4":"has-post-thumbnail","6":"product_cat-accessories","8":"first","9":"instock","10":"sale","11":"shipping-taxable","12":"purchasable","13":"product-type-variable"},"yoast_head":"<!-- This site is optimized with the Yoast SEO Premium plugin v24.7 (Yoast SEO v26.8) - https:\/\/yoast.com\/product\/yoast-seo-premium-wordpress\/ -->\n<title>Global-CN02Clearance Uwell Caliburn X Pod System Kit 850mAh 3ml, Auto Power Off if no Operation for 8 Minutes - Global Hookah<\/title>\n<meta name=\"robots\" content=\"index, follow, max-snippet:-1, max-image-preview:large, max-video-preview:-1\" \/>\n<link rel=\"canonical\" href=\"https:\/\/global-hookah.com\/es\/producto\/global-cn02clearance-uwell-caliburn-x-pod-system-kit-850mah-3ml-auto-power-off-if-no-operation-for-8-minutes\/\" \/>\n<meta property=\"og:locale\" content=\"es_ES\" \/>\n<meta property=\"og:type\" content=\"article\" \/>\n<meta property=\"og:title\" content=\"Global-CN02Clearance Uwell Caliburn X Pod System Kit 850mAh 3ml, Auto Power Off if no Operation for 8 Minutes\" \/>\n<meta property=\"og:description\" content=\"Compared to the regular version. there is one more additional protection for Child Resistant Version &#8211; the device will power\" \/>\n<meta property=\"og:url\" content=\"https:\/\/global-hookah.com\/es\/producto\/global-cn02clearance-uwell-caliburn-x-pod-system-kit-850mah-3ml-auto-power-off-if-no-operation-for-8-minutes\/\" \/>\n<meta property=\"og:site_name\" content=\"Global Hookah\" \/>\n<meta property=\"article:modified_time\" content=\"2024-09-27T02:29:09+00:00\" \/>\n<meta property=\"og:image\" content=\"https:\/\/global-hookah.com\/wp-content\/uploads\/s2w-placeholder.png\" \/>\n\t<meta property=\"og:image:width\" content=\"1200\" \/>\n\t<meta property=\"og:image:height\" content=\"1200\" \/>\n\t<meta property=\"og:image:type\" content=\"image\/png\" \/>\n<meta name=\"twitter:card\" content=\"summary_large_image\" \/>\n<meta name=\"twitter:label1\" content=\"Tiempo de lectura\" \/>\n\t<meta name=\"twitter:data1\" content=\"1 minuto\" \/>\n<script type=\"application\/ld+json\" class=\"yoast-schema-graph\">{\"@context\":\"https:\/\/schema.org\",\"@graph\":[{\"@type\":\"WebPage\",\"@id\":\"https:\/\/global-hookah.com\/product\/global-cn02clearance-uwell-caliburn-x-pod-system-kit-850mah-3ml-auto-power-off-if-no-operation-for-8-minutes\/\",\"url\":\"https:\/\/global-hookah.com\/product\/global-cn02clearance-uwell-caliburn-x-pod-system-kit-850mah-3ml-auto-power-off-if-no-operation-for-8-minutes\/\",\"name\":\"Global-CN02Clearance Uwell Caliburn X Pod System Kit 850mAh 3ml, Auto Power Off if no Operation for 8 Minutes - Global Hookah\",\"isPartOf\":{\"@id\":\"https:\/\/global-hookah.com\/#website\"},\"primaryImageOfPage\":{\"@id\":\"https:\/\/global-hookah.com\/product\/global-cn02clearance-uwell-caliburn-x-pod-system-kit-850mah-3ml-auto-power-off-if-no-operation-for-8-minutes\/#primaryimage\"},\"image\":{\"@id\":\"https:\/\/global-hookah.com\/product\/global-cn02clearance-uwell-caliburn-x-pod-system-kit-850mah-3ml-auto-power-off-if-no-operation-for-8-minutes\/#primaryimage\"},\"thumbnailUrl\":\"https:\/\/global-hookah.com\/wp-content\/uploads\/2024\/09\/Caliburn-X-Pod-Kit-1.jpg\",\"datePublished\":\"2024-09-27T02:11:05+00:00\",\"dateModified\":\"2024-09-27T02:29:09+00:00\",\"breadcrumb\":{\"@id\":\"https:\/\/global-hookah.com\/product\/global-cn02clearance-uwell-caliburn-x-pod-system-kit-850mah-3ml-auto-power-off-if-no-operation-for-8-minutes\/#breadcrumb\"},\"inLanguage\":\"es\",\"potentialAction\":[{\"@type\":\"ReadAction\",\"target\":[\"https:\/\/global-hookah.com\/product\/global-cn02clearance-uwell-caliburn-x-pod-system-kit-850mah-3ml-auto-power-off-if-no-operation-for-8-minutes\/\"]}]},{\"@type\":\"ImageObject\",\"inLanguage\":\"es\",\"@id\":\"https:\/\/global-hookah.com\/product\/global-cn02clearance-uwell-caliburn-x-pod-system-kit-850mah-3ml-auto-power-off-if-no-operation-for-8-minutes\/#primaryimage\",\"url\":\"https:\/\/global-hookah.com\/wp-content\/uploads\/2024\/09\/Caliburn-X-Pod-Kit-1.jpg\",\"contentUrl\":\"https:\/\/global-hookah.com\/wp-content\/uploads\/2024\/09\/Caliburn-X-Pod-Kit-1.jpg\",\"width\":800,\"height\":800},{\"@type\":\"BreadcrumbList\",\"@id\":\"https:\/\/global-hookah.com\/product\/global-cn02clearance-uwell-caliburn-x-pod-system-kit-850mah-3ml-auto-power-off-if-no-operation-for-8-minutes\/#breadcrumb\",\"itemListElement\":[{\"@type\":\"ListItem\",\"position\":1,\"name\":\"Home\",\"item\":\"https:\/\/global-hookah.com\/\"},{\"@type\":\"ListItem\",\"position\":2,\"name\":\"Shop\",\"item\":\"https:\/\/global-hookah.com\/shop\/\"},{\"@type\":\"ListItem\",\"position\":3,\"name\":\"Global-CN02Clearance Uwell Caliburn X Pod System Kit 850mAh 3ml, Auto Power Off if no Operation for 8 Minutes\"}]},{\"@type\":\"WebSite\",\"@id\":\"https:\/\/global-hookah.com\/#website\",\"url\":\"https:\/\/global-hookah.com\/\",\"name\":\"Global Hookah\",\"description\":\"Global Hookah\",\"publisher\":{\"@id\":\"https:\/\/global-hookah.com\/#organization\"},\"potentialAction\":[{\"@type\":\"SearchAction\",\"target\":{\"@type\":\"EntryPoint\",\"urlTemplate\":\"https:\/\/global-hookah.com\/?s={search_term_string}\"},\"query-input\":{\"@type\":\"PropertyValueSpecification\",\"valueRequired\":true,\"valueName\":\"search_term_string\"}}],\"inLanguage\":\"es\"},{\"@type\":\"Organization\",\"@id\":\"https:\/\/global-hookah.com\/#organization\",\"name\":\"Global Hookah\",\"url\":\"https:\/\/global-hookah.com\/\",\"logo\":{\"@type\":\"ImageObject\",\"inLanguage\":\"es\",\"@id\":\"https:\/\/global-hookah.com\/#\/schema\/logo\/image\/\",\"url\":\"https:\/\/global-hookah.com\/wp-content\/uploads\/2021\/10\/cropped-fgg.png\",\"contentUrl\":\"https:\/\/global-hookah.com\/wp-content\/uploads\/2021\/10\/cropped-fgg.png\",\"width\":512,\"height\":512,\"caption\":\"Global Hookah\"},\"image\":{\"@id\":\"https:\/\/global-hookah.com\/#\/schema\/logo\/image\/\"}}]}<\/script>\n<!-- \/ Yoast SEO Premium plugin. -->","yoast_head_json":{"title":"Global-CN02Clearance Uwell Caliburn X Pod System Kit 850mAh 3ml, Auto Power Off si no hay operaci\u00f3n durante 8 minutos - Global Hookah","robots":{"index":"index","follow":"follow","max-snippet":"max-snippet:-1","max-image-preview":"max-image-preview:large","max-video-preview":"max-video-preview:-1"},"canonical":"https:\/\/global-hookah.com\/es\/producto\/global-cn02clearance-uwell-caliburn-x-pod-system-kit-850mah-3ml-auto-power-off-if-no-operation-for-8-minutes\/","og_locale":"es_ES","og_type":"article","og_title":"Global-CN02Clearance Uwell Caliburn X Pod System Kit 850mAh 3ml, Auto Power Off if no Operation for 8 Minutes","og_description":"Compared to the regular version. there is one more additional protection for Child Resistant Version &#8211; the device will power","og_url":"https:\/\/global-hookah.com\/es\/producto\/global-cn02clearance-uwell-caliburn-x-pod-system-kit-850mah-3ml-auto-power-off-if-no-operation-for-8-minutes\/","og_site_name":"Global Hookah","article_modified_time":"2024-09-27T02:29:09+00:00","og_image":[{"width":1200,"height":1200,"url":"https:\/\/global-hookah.com\/wp-content\/uploads\/s2w-placeholder.png","type":"image\/png"}],"twitter_card":"summary_large_image","twitter_misc":{"Tiempo de lectura":"1 minuto"},"schema":{"@context":"https:\/\/schema.org","@graph":[{"@type":"WebPage","@id":"https:\/\/global-hookah.com\/product\/global-cn02clearance-uwell-caliburn-x-pod-system-kit-850mah-3ml-auto-power-off-if-no-operation-for-8-minutes\/","url":"https:\/\/global-hookah.com\/product\/global-cn02clearance-uwell-caliburn-x-pod-system-kit-850mah-3ml-auto-power-off-if-no-operation-for-8-minutes\/","name":"Global-CN02Clearance Uwell Caliburn X Pod System Kit 850mAh 3ml, Auto Power Off si no hay operaci\u00f3n durante 8 minutos - Global Hookah","isPartOf":{"@id":"https:\/\/global-hookah.com\/#website"},"primaryImageOfPage":{"@id":"https:\/\/global-hookah.com\/product\/global-cn02clearance-uwell-caliburn-x-pod-system-kit-850mah-3ml-auto-power-off-if-no-operation-for-8-minutes\/#primaryimage"},"image":{"@id":"https:\/\/global-hookah.com\/product\/global-cn02clearance-uwell-caliburn-x-pod-system-kit-850mah-3ml-auto-power-off-if-no-operation-for-8-minutes\/#primaryimage"},"thumbnailUrl":"https:\/\/global-hookah.com\/wp-content\/uploads\/2024\/09\/Caliburn-X-Pod-Kit-1.jpg","datePublished":"2024-09-27T02:11:05+00:00","dateModified":"2024-09-27T02:29:09+00:00","breadcrumb":{"@id":"https:\/\/global-hookah.com\/product\/global-cn02clearance-uwell-caliburn-x-pod-system-kit-850mah-3ml-auto-power-off-if-no-operation-for-8-minutes\/#breadcrumb"},"inLanguage":"es","potentialAction":[{"@type":"ReadAction","target":["https:\/\/global-hookah.com\/product\/global-cn02clearance-uwell-caliburn-x-pod-system-kit-850mah-3ml-auto-power-off-if-no-operation-for-8-minutes\/"]}]},{"@type":"ImageObject","inLanguage":"es","@id":"https:\/\/global-hookah.com\/product\/global-cn02clearance-uwell-caliburn-x-pod-system-kit-850mah-3ml-auto-power-off-if-no-operation-for-8-minutes\/#primaryimage","url":"https:\/\/global-hookah.com\/wp-content\/uploads\/2024\/09\/Caliburn-X-Pod-Kit-1.jpg","contentUrl":"https:\/\/global-hookah.com\/wp-content\/uploads\/2024\/09\/Caliburn-X-Pod-Kit-1.jpg","width":800,"height":800},{"@type":"BreadcrumbList","@id":"https:\/\/global-hookah.com\/product\/global-cn02clearance-uwell-caliburn-x-pod-system-kit-850mah-3ml-auto-power-off-if-no-operation-for-8-minutes\/#breadcrumb","itemListElement":[{"@type":"ListItem","position":1,"name":"Home","item":"https:\/\/global-hookah.com\/"},{"@type":"ListItem","position":2,"name":"Shop","item":"https:\/\/global-hookah.com\/shop\/"},{"@type":"ListItem","position":3,"name":"Global-CN02Clearance Uwell Caliburn X Pod System Kit 850mAh 3ml, Auto Power Off if no Operation for 8 Minutes"}]},{"@type":"WebSite","@id":"https:\/\/global-hookah.com\/#website","url":"https:\/\/global-hookah.com\/","name":"Global Hookah","description":"Global Hookah","publisher":{"@id":"https:\/\/global-hookah.com\/#organization"},"potentialAction":[{"@type":"SearchAction","target":{"@type":"EntryPoint","urlTemplate":"https:\/\/global-hookah.com\/?s={search_term_string}"},"query-input":{"@type":"PropertyValueSpecification","valueRequired":true,"valueName":"search_term_string"}}],"inLanguage":"es"},{"@type":"Organization","@id":"https:\/\/global-hookah.com\/#organization","name":"Global Hookah","url":"https:\/\/global-hookah.com\/","logo":{"@type":"ImageObject","inLanguage":"es","@id":"https:\/\/global-hookah.com\/#\/schema\/logo\/image\/","url":"https:\/\/global-hookah.com\/wp-content\/uploads\/2021\/10\/cropped-fgg.png","contentUrl":"https:\/\/global-hookah.com\/wp-content\/uploads\/2021\/10\/cropped-fgg.png","width":512,"height":512,"caption":"Global Hookah"},"image":{"@id":"https:\/\/global-hookah.com\/#\/schema\/logo\/image\/"}}]}},"_links":{"self":[{"href":"https:\/\/global-hookah.com\/es\/wp-json\/wp\/v2\/product\/29005","targetHints":{"allow":["GET"]}}],"collection":[{"href":"https:\/\/global-hookah.com\/es\/wp-json\/wp\/v2\/product"}],"about":[{"href":"https:\/\/global-hookah.com\/es\/wp-json\/wp\/v2\/types\/product"}],"replies":[{"embeddable":true,"href":"https:\/\/global-hookah.com\/es\/wp-json\/wp\/v2\/comments?post=29005"}],"version-history":[{"count":0,"href":"https:\/\/global-hookah.com\/es\/wp-json\/wp\/v2\/product\/29005\/revisions"}],"wp:featuredmedia":[{"embeddable":true,"href":"https:\/\/global-hookah.com\/es\/wp-json\/wp\/v2\/media\/29607"}],"wp:attachment":[{"href":"https:\/\/global-hookah.com\/es\/wp-json\/wp\/v2\/media?parent=29005"}],"wp:term":[{"taxonomy":"product_brand","embeddable":true,"href":"https:\/\/global-hookah.com\/es\/wp-json\/wp\/v2\/product_brand?post=29005"},{"taxonomy":"product_cat","embeddable":true,"href":"https:\/\/global-hookah.com\/es\/wp-json\/wp\/v2\/product_cat?post=29005"},{"taxonomy":"product_tag","embeddable":true,"href":"https:\/\/global-hookah.com\/es\/wp-json\/wp\/v2\/product_tag?post=29005"}],"curies":[{"name":"wp","href":"https:\/\/api.w.org\/{rel}","templated":true}]}}