{"id":29014,"date":"2024-09-27T02:11:11","date_gmt":"2024-09-27T02:11:11","guid":{"rendered":"https:\/\/global-hookah.com\/product\/global-cn02-voopoo-argus-p2-pod-system-kit-1100mah-2ml\/"},"modified":"2024-09-27T02:32:10","modified_gmt":"2024-09-27T02:32:10","slug":"global-cn02-voopoo-argus-p2-pod-system-kit-1100mah-2ml","status":"publish","type":"product","link":"https:\/\/global-hookah.com\/es\/producto\/global-cn02-voopoo-argus-p2-pod-system-kit-1100mah-2ml\/","title":{"rendered":"Global-CN02 VOOPOO Argus P2 Pod System Kit 1100mAh 2ml"},"content":{"rendered":"<p>ARGUS P2 contin\u00faa el estilo mec\u00e1nico futurista de ARGUS P1 y se vuelve \u00e1gil e inteligente. Con 5 super capacidades. super capacidad. super larga vida \u00fatil. super salida. super carga r\u00e1pida. y FLV superior. trae una experiencia extraordinaria. No es s\u00f3lo un kit de pod de estilo tecnol\u00f3gico, sino tambi\u00e9n un compa\u00f1ero todo-en torno a su vida.<\/p>\n<p><img decoding=\"async\" src=\"https:\/\/global-hookah.com\/wp-content\/uploads\/2024\/09\/Argus-P2-Pod-Kit-11.jpg?w=1248&amp;h=599\" alt=\"VOOPOO Argus P2 Kit\"><\/p>\n<p><strong><font color=\"#202e78\" size=\"4px\">Par\u00e1metros de la vaina:<\/font><\/strong><br \/>Capacidad: 2,0 ml<br \/>Material: PCTG<br \/>Resistencia: 0,4ohm \/ 0,7ohm<br \/>E-LQ recomendado: NCT &lt;=50 mg<\/p>\n<p><strong><font color=\"#202e78\" size=\"4px\">Par\u00e1metros del dispositivo:<\/font><\/strong><br \/>Material: Aleaci\u00f3n de Zinc + PC<br \/>Tama\u00f1o: 78*48,5*17,5 mm<br \/>Potencia de salida: 5-30 W<br \/>Tensi\u00f3n de salida: 3,2-4,2 V<br \/>Resistencia: 0.4-3.0ohm<br \/>Capacidad de la bater\u00eda: bater\u00eda integrada de 1100 mAh<\/p>\n<p>Marca: VOOPOO<br \/>Unidad: 1 Juego<br \/>Embalaje: Caja de regalo<\/p>\n<p><strong><font color=\"#202e78\" size=\"4px\">Cada juego contiene:<\/font><\/strong><br \/>1pc Dispositivo Argus P2<br \/>1pc Cartucho Argus Top Fill 0.4ohm (2ml)<br \/>1pc Cartucho Argus Top Fill 0.7ohm (2ml)<br \/>1 cable Type-C<br \/>1 Manual de usuario<br \/>1 cord\u00f3n<\/p>\n<p><img decoding=\"async\" src=\"https:\/\/global-hookah.com\/wp-content\/uploads\/2024\/09\/Argus-P2-Pod-Kit-12.jpg?w=1248&amp;h=701\" alt=\"VOOPOO Argus P2 Kit\"><br \/><img decoding=\"async\" src=\"https:\/\/global-hookah.com\/wp-content\/uploads\/2024\/09\/Argus-P2-Pod-Kit-13.jpg?w=1248&amp;h=776\" alt=\"VOOPOO Argus P2 Kit\"><br \/><img decoding=\"async\" src=\"https:\/\/global-hookah.com\/wp-content\/uploads\/2024\/09\/Argus-P2-Pod-Kit-14.jpg?w=1248&amp;h=691\" alt=\"VOOPOO Argus P2 Kit\"><br \/><img decoding=\"async\" src=\"https:\/\/global-hookah.com\/wp-content\/uploads\/2024\/09\/Argus-P2-Pod-Kit-15.jpg?w=1248&amp;h=441\" alt=\"VOOPOO Argus P2 Kit\"><\/p>\n<p><\/p>","protected":false},"excerpt":{"rendered":"<p>ARGUS P2 contin\u00faa el estilo mec\u00e1nico futurista de ARGUS P1 y se vuelve \u00e1gil e inteligente. Con 5 supercapacidades. super<\/p>","protected":false},"featured_media":29625,"comment_status":"closed","ping_status":"closed","template":"","meta":{"iawp_total_views":2,"_joinchat":[]},"product_brand":[],"product_cat":[415],"product_tag":[],"class_list":{"0":"post-29014","1":"product","2":"type-product","3":"status-publish","4":"has-post-thumbnail","6":"product_cat-accessories","8":"first","9":"instock","10":"sale","11":"shipping-taxable","12":"purchasable","13":"product-type-variable"},"yoast_head":"<!-- This site is optimized with the Yoast SEO Premium plugin v24.7 (Yoast SEO v26.8) - https:\/\/yoast.com\/product\/yoast-seo-premium-wordpress\/ -->\n<title>Global-CN02 VOOPOO Argus P2 Pod System Kit 1100mAh 2ml - Global Hookah<\/title>\n<meta name=\"robots\" content=\"index, follow, max-snippet:-1, max-image-preview:large, max-video-preview:-1\" \/>\n<link rel=\"canonical\" href=\"https:\/\/global-hookah.com\/es\/producto\/global-cn02-voopoo-argus-p2-pod-system-kit-1100mah-2ml\/\" \/>\n<meta property=\"og:locale\" content=\"es_ES\" \/>\n<meta property=\"og:type\" content=\"article\" \/>\n<meta property=\"og:title\" content=\"Global-CN02 VOOPOO Argus P2 Pod System Kit 1100mAh 2ml\" \/>\n<meta property=\"og:description\" content=\"ARGUS P2 continues the futuristic mechanical style of ARGUS P1 and becomes agile and smart. With 5 super capabilities. super\" \/>\n<meta property=\"og:url\" content=\"https:\/\/global-hookah.com\/es\/producto\/global-cn02-voopoo-argus-p2-pod-system-kit-1100mah-2ml\/\" \/>\n<meta property=\"og:site_name\" content=\"Global Hookah\" \/>\n<meta property=\"article:modified_time\" content=\"2024-09-27T02:32:10+00:00\" \/>\n<meta property=\"og:image\" content=\"https:\/\/global-hookah.com\/wp-content\/uploads\/2024\/09\/Argus-P2-Pod-Kit-a1.jpg\" \/>\n\t<meta property=\"og:image:width\" content=\"800\" \/>\n\t<meta property=\"og:image:height\" content=\"800\" \/>\n\t<meta property=\"og:image:type\" content=\"image\/jpeg\" \/>\n<meta name=\"twitter:card\" content=\"summary_large_image\" \/>\n<meta name=\"twitter:label1\" content=\"Tiempo de lectura\" \/>\n\t<meta name=\"twitter:data1\" content=\"1 minuto\" \/>\n<script type=\"application\/ld+json\" class=\"yoast-schema-graph\">{\"@context\":\"https:\/\/schema.org\",\"@graph\":[{\"@type\":\"WebPage\",\"@id\":\"https:\/\/global-hookah.com\/product\/global-cn02-voopoo-argus-p2-pod-system-kit-1100mah-2ml\/\",\"url\":\"https:\/\/global-hookah.com\/product\/global-cn02-voopoo-argus-p2-pod-system-kit-1100mah-2ml\/\",\"name\":\"Global-CN02 VOOPOO Argus P2 Pod System Kit 1100mAh 2ml - Global Hookah\",\"isPartOf\":{\"@id\":\"https:\/\/global-hookah.com\/#website\"},\"primaryImageOfPage\":{\"@id\":\"https:\/\/global-hookah.com\/product\/global-cn02-voopoo-argus-p2-pod-system-kit-1100mah-2ml\/#primaryimage\"},\"image\":{\"@id\":\"https:\/\/global-hookah.com\/product\/global-cn02-voopoo-argus-p2-pod-system-kit-1100mah-2ml\/#primaryimage\"},\"thumbnailUrl\":\"https:\/\/global-hookah.com\/wp-content\/uploads\/2024\/09\/Argus-P2-Pod-Kit-a1.jpg\",\"datePublished\":\"2024-09-27T02:11:11+00:00\",\"dateModified\":\"2024-09-27T02:32:10+00:00\",\"breadcrumb\":{\"@id\":\"https:\/\/global-hookah.com\/product\/global-cn02-voopoo-argus-p2-pod-system-kit-1100mah-2ml\/#breadcrumb\"},\"inLanguage\":\"es\",\"potentialAction\":[{\"@type\":\"ReadAction\",\"target\":[\"https:\/\/global-hookah.com\/product\/global-cn02-voopoo-argus-p2-pod-system-kit-1100mah-2ml\/\"]}]},{\"@type\":\"ImageObject\",\"inLanguage\":\"es\",\"@id\":\"https:\/\/global-hookah.com\/product\/global-cn02-voopoo-argus-p2-pod-system-kit-1100mah-2ml\/#primaryimage\",\"url\":\"https:\/\/global-hookah.com\/wp-content\/uploads\/2024\/09\/Argus-P2-Pod-Kit-a1.jpg\",\"contentUrl\":\"https:\/\/global-hookah.com\/wp-content\/uploads\/2024\/09\/Argus-P2-Pod-Kit-a1.jpg\",\"width\":800,\"height\":800},{\"@type\":\"BreadcrumbList\",\"@id\":\"https:\/\/global-hookah.com\/product\/global-cn02-voopoo-argus-p2-pod-system-kit-1100mah-2ml\/#breadcrumb\",\"itemListElement\":[{\"@type\":\"ListItem\",\"position\":1,\"name\":\"Home\",\"item\":\"https:\/\/global-hookah.com\/\"},{\"@type\":\"ListItem\",\"position\":2,\"name\":\"Shop\",\"item\":\"https:\/\/global-hookah.com\/shop\/\"},{\"@type\":\"ListItem\",\"position\":3,\"name\":\"Global-CN02 VOOPOO Argus P2 Pod System Kit 1100mAh 2ml\"}]},{\"@type\":\"WebSite\",\"@id\":\"https:\/\/global-hookah.com\/#website\",\"url\":\"https:\/\/global-hookah.com\/\",\"name\":\"Global Hookah\",\"description\":\"Global Hookah\",\"publisher\":{\"@id\":\"https:\/\/global-hookah.com\/#organization\"},\"potentialAction\":[{\"@type\":\"SearchAction\",\"target\":{\"@type\":\"EntryPoint\",\"urlTemplate\":\"https:\/\/global-hookah.com\/?s={search_term_string}\"},\"query-input\":{\"@type\":\"PropertyValueSpecification\",\"valueRequired\":true,\"valueName\":\"search_term_string\"}}],\"inLanguage\":\"es\"},{\"@type\":\"Organization\",\"@id\":\"https:\/\/global-hookah.com\/#organization\",\"name\":\"Global Hookah\",\"url\":\"https:\/\/global-hookah.com\/\",\"logo\":{\"@type\":\"ImageObject\",\"inLanguage\":\"es\",\"@id\":\"https:\/\/global-hookah.com\/#\/schema\/logo\/image\/\",\"url\":\"https:\/\/global-hookah.com\/wp-content\/uploads\/2021\/10\/cropped-fgg.png\",\"contentUrl\":\"https:\/\/global-hookah.com\/wp-content\/uploads\/2021\/10\/cropped-fgg.png\",\"width\":512,\"height\":512,\"caption\":\"Global Hookah\"},\"image\":{\"@id\":\"https:\/\/global-hookah.com\/#\/schema\/logo\/image\/\"}}]}<\/script>\n<!-- \/ Yoast SEO Premium plugin. -->","yoast_head_json":{"title":"Global-CN02 VOOPOO Argus P2 Pod System Kit 1100mAh 2ml - Global Hookah","robots":{"index":"index","follow":"follow","max-snippet":"max-snippet:-1","max-image-preview":"max-image-preview:large","max-video-preview":"max-video-preview:-1"},"canonical":"https:\/\/global-hookah.com\/es\/producto\/global-cn02-voopoo-argus-p2-pod-system-kit-1100mah-2ml\/","og_locale":"es_ES","og_type":"article","og_title":"Global-CN02 VOOPOO Argus P2 Pod System Kit 1100mAh 2ml","og_description":"ARGUS P2 continues the futuristic mechanical style of ARGUS P1 and becomes agile and smart. With 5 super capabilities. super","og_url":"https:\/\/global-hookah.com\/es\/producto\/global-cn02-voopoo-argus-p2-pod-system-kit-1100mah-2ml\/","og_site_name":"Global Hookah","article_modified_time":"2024-09-27T02:32:10+00:00","og_image":[{"width":800,"height":800,"url":"https:\/\/global-hookah.com\/wp-content\/uploads\/2024\/09\/Argus-P2-Pod-Kit-a1.jpg","type":"image\/jpeg"}],"twitter_card":"summary_large_image","twitter_misc":{"Tiempo de lectura":"1 minuto"},"schema":{"@context":"https:\/\/schema.org","@graph":[{"@type":"WebPage","@id":"https:\/\/global-hookah.com\/product\/global-cn02-voopoo-argus-p2-pod-system-kit-1100mah-2ml\/","url":"https:\/\/global-hookah.com\/product\/global-cn02-voopoo-argus-p2-pod-system-kit-1100mah-2ml\/","name":"Global-CN02 VOOPOO Argus P2 Pod System Kit 1100mAh 2ml - Global Hookah","isPartOf":{"@id":"https:\/\/global-hookah.com\/#website"},"primaryImageOfPage":{"@id":"https:\/\/global-hookah.com\/product\/global-cn02-voopoo-argus-p2-pod-system-kit-1100mah-2ml\/#primaryimage"},"image":{"@id":"https:\/\/global-hookah.com\/product\/global-cn02-voopoo-argus-p2-pod-system-kit-1100mah-2ml\/#primaryimage"},"thumbnailUrl":"https:\/\/global-hookah.com\/wp-content\/uploads\/2024\/09\/Argus-P2-Pod-Kit-a1.jpg","datePublished":"2024-09-27T02:11:11+00:00","dateModified":"2024-09-27T02:32:10+00:00","breadcrumb":{"@id":"https:\/\/global-hookah.com\/product\/global-cn02-voopoo-argus-p2-pod-system-kit-1100mah-2ml\/#breadcrumb"},"inLanguage":"es","potentialAction":[{"@type":"ReadAction","target":["https:\/\/global-hookah.com\/product\/global-cn02-voopoo-argus-p2-pod-system-kit-1100mah-2ml\/"]}]},{"@type":"ImageObject","inLanguage":"es","@id":"https:\/\/global-hookah.com\/product\/global-cn02-voopoo-argus-p2-pod-system-kit-1100mah-2ml\/#primaryimage","url":"https:\/\/global-hookah.com\/wp-content\/uploads\/2024\/09\/Argus-P2-Pod-Kit-a1.jpg","contentUrl":"https:\/\/global-hookah.com\/wp-content\/uploads\/2024\/09\/Argus-P2-Pod-Kit-a1.jpg","width":800,"height":800},{"@type":"BreadcrumbList","@id":"https:\/\/global-hookah.com\/product\/global-cn02-voopoo-argus-p2-pod-system-kit-1100mah-2ml\/#breadcrumb","itemListElement":[{"@type":"ListItem","position":1,"name":"Home","item":"https:\/\/global-hookah.com\/"},{"@type":"ListItem","position":2,"name":"Shop","item":"https:\/\/global-hookah.com\/shop\/"},{"@type":"ListItem","position":3,"name":"Global-CN02 VOOPOO Argus P2 Pod System Kit 1100mAh 2ml"}]},{"@type":"WebSite","@id":"https:\/\/global-hookah.com\/#website","url":"https:\/\/global-hookah.com\/","name":"Global Hookah","description":"Global Hookah","publisher":{"@id":"https:\/\/global-hookah.com\/#organization"},"potentialAction":[{"@type":"SearchAction","target":{"@type":"EntryPoint","urlTemplate":"https:\/\/global-hookah.com\/?s={search_term_string}"},"query-input":{"@type":"PropertyValueSpecification","valueRequired":true,"valueName":"search_term_string"}}],"inLanguage":"es"},{"@type":"Organization","@id":"https:\/\/global-hookah.com\/#organization","name":"Global Hookah","url":"https:\/\/global-hookah.com\/","logo":{"@type":"ImageObject","inLanguage":"es","@id":"https:\/\/global-hookah.com\/#\/schema\/logo\/image\/","url":"https:\/\/global-hookah.com\/wp-content\/uploads\/2021\/10\/cropped-fgg.png","contentUrl":"https:\/\/global-hookah.com\/wp-content\/uploads\/2021\/10\/cropped-fgg.png","width":512,"height":512,"caption":"Global Hookah"},"image":{"@id":"https:\/\/global-hookah.com\/#\/schema\/logo\/image\/"}}]}},"_links":{"self":[{"href":"https:\/\/global-hookah.com\/es\/wp-json\/wp\/v2\/product\/29014","targetHints":{"allow":["GET"]}}],"collection":[{"href":"https:\/\/global-hookah.com\/es\/wp-json\/wp\/v2\/product"}],"about":[{"href":"https:\/\/global-hookah.com\/es\/wp-json\/wp\/v2\/types\/product"}],"replies":[{"embeddable":true,"href":"https:\/\/global-hookah.com\/es\/wp-json\/wp\/v2\/comments?post=29014"}],"version-history":[{"count":0,"href":"https:\/\/global-hookah.com\/es\/wp-json\/wp\/v2\/product\/29014\/revisions"}],"wp:featuredmedia":[{"embeddable":true,"href":"https:\/\/global-hookah.com\/es\/wp-json\/wp\/v2\/media\/29625"}],"wp:attachment":[{"href":"https:\/\/global-hookah.com\/es\/wp-json\/wp\/v2\/media?parent=29014"}],"wp:term":[{"taxonomy":"product_brand","embeddable":true,"href":"https:\/\/global-hookah.com\/es\/wp-json\/wp\/v2\/product_brand?post=29014"},{"taxonomy":"product_cat","embeddable":true,"href":"https:\/\/global-hookah.com\/es\/wp-json\/wp\/v2\/product_cat?post=29014"},{"taxonomy":"product_tag","embeddable":true,"href":"https:\/\/global-hookah.com\/es\/wp-json\/wp\/v2\/product_tag?post=29014"}],"curies":[{"name":"wp","href":"https:\/\/api.w.org\/{rel}","templated":true}]}}