{"id":29033,"date":"2024-09-27T02:11:13","date_gmt":"2024-09-27T02:11:13","guid":{"rendered":"https:\/\/global-hookah.com\/product\/global-cn02-vaporesso-xros-4-nano-pod-system-kit-1350mah-3ml\/"},"modified":"2024-09-27T02:32:13","modified_gmt":"2024-09-27T02:32:13","slug":"global-cn02-vaporesso-xros-4-nano-pod-system-kit-1350mah-3ml","status":"publish","type":"product","link":"https:\/\/global-hookah.com\/es\/producto\/global-cn02-vaporesso-xros-4-nano-pod-system-kit-1350mah-3ml\/","title":{"rendered":"Global-CN02 Vaporesso XROS 4 Nano Pod System Kit 1350mAh 3ml"},"content":{"rendered":"<p>Vaporesso Xros Nano 4 pod cuentan con un 1.3inch Gran pantalla TFT en color. Ofrece una bater\u00eda de 1350mAh y max 30W. 2A de carga r\u00e1pida. operaci\u00f3n de bot\u00f3n. y el flujo de aire ajustable todo en un solo dispositivo. La tecnolog\u00eda COREX 2.0 en la vaina de 0,4 ohmios de llenado superior proporciona FLV m\u00e1s rica y m\u00e1s larga vida pod.supported por el chip Axon estable. Viene con 3ml pod y es totalmente compatible con todas las vainas XROS.<\/p>\n<p><strong><font color=\"#ff7301\" size=\"4px\">Caracter\u00edsticas:<\/font><\/strong><br \/>1. Incorporado 1350mAh. Hasta 30W <br \/>2. Pantalla TFT en color de 1,3 pulgadas<br \/>3. Elecci\u00f3n del bot\u00f3n y activaci\u00f3n de la inhalaci\u00f3n<br \/>4. Control preciso del flujo de aire<br \/>5. Carga r\u00e1pida: carga completa en 30 minutos<br \/>6. Modos de activaci\u00f3n dual: disparo por bot\u00f3n o extracci\u00f3n autom\u00e1tica<br \/>7. Cartucho de c\u00e1psula compatible con la serie XROS<br \/>8. Tecnolog\u00eda COREX 2.0<\/p>\n<p>Marca: Vaporesso <br \/>Dimensiones: 55,3*20,9*79,9 mm<br \/>Capacidad del POD: 3 ml<br \/>Resistencia POD\uff1a0,6ohm\/0,8ohm<br \/>Capacidad de la bater\u00eda: 1350 mAh<br \/>Potencia de salida: 30W MAX<br \/>Corriente de carga: Tipo-C. 2A<br \/>Colores: Graphite Black.Titanium Silver.Camouflage.Aquamarine.Race Track.Word-pop Yellow.Word-pop Blue.Twilight Purple.<\/p>\n<p><strong><font color=\"#ff7301\" size=\"4px\">Cada juego contiene:<\/font><\/strong><br \/>1 dispositivo Xros 4 Nano<br \/>1pc 0.6ohm Xros Mesh Pod (3ml)<br \/>1pc 0.8ohm Xros Mesh Pod (3ml)<br \/>1 cable USB-C<br \/>1 Manual de usuario y tarjeta de garant\u00eda<br \/>1 cord\u00f3n<\/p>\n<p><img decoding=\"async\" src=\"https:\/\/global-hookah.com\/wp-content\/uploads\/2024\/09\/xros-4-nano-pod-01.jpg?w=1300&amp;h=645\" alt=\"Vaporesso Xros Nano 4 pod\"><br \/><img decoding=\"async\" src=\"https:\/\/global-hookah.com\/wp-content\/uploads\/2024\/09\/xros-4-nano-pod-02.jpg?w=1300&amp;h=315\" alt=\"Vaporesso Xros Nano 4 pod\"><br \/><img decoding=\"async\" src=\"https:\/\/global-hookah.com\/wp-content\/uploads\/2024\/09\/xros-4-nano-pod-03.jpg?w=1300&amp;h=357\" alt=\"Vaporesso Xros Nano 4 pod\"><br \/><img decoding=\"async\" src=\"https:\/\/global-hookah.com\/wp-content\/uploads\/2024\/09\/xros-4-nano-pod-04.jpg?w=1300&amp;h=307\" alt=\"Vaporesso Xros Nano 4 pod\"><br \/><img decoding=\"async\" src=\"https:\/\/global-hookah.com\/wp-content\/uploads\/2024\/09\/xros-4-nano-pod-05.jpg?w=1298&amp;h=747\" alt=\"Vaporesso Xros Nano 4 pod\"><br \/><img decoding=\"async\" src=\"https:\/\/global-hookah.com\/wp-content\/uploads\/2024\/09\/xros-4-nano-pod-06.jpg?w=1300&amp;h=754\" alt=\"Vaporesso Xros Nano 4 pod\"><br \/><img decoding=\"async\" src=\"https:\/\/global-hookah.com\/wp-content\/uploads\/2024\/09\/xros-4-nano-pod-07.jpg?w=1300&amp;h=614\" alt=\"Vaporesso Xros Nano 4 pod\"><br \/><img decoding=\"async\" src=\"https:\/\/global-hookah.com\/wp-content\/uploads\/2024\/09\/xros-4-nano-pod-08.jpg?w=1300&amp;h=637\" alt=\"Vaporesso Xros Nano 4 pod\"><br \/><img decoding=\"async\" src=\"https:\/\/global-hookah.com\/wp-content\/uploads\/2024\/09\/xros-4-nano-pod-09.jpg?w=1300&amp;h=574\" alt=\"Vaporesso Xros Nano 4 pod\"><br \/><img decoding=\"async\" src=\"https:\/\/global-hookah.com\/wp-content\/uploads\/2024\/09\/xros-4-nano-pod-10.jpg?w=1300&amp;h=566\" alt=\"Vaporesso Xros Nano 4 pod\"><br \/><img decoding=\"async\" src=\"https:\/\/global-hookah.com\/wp-content\/uploads\/2024\/09\/xros-4-nano-pod-11.jpg?w=1300&amp;h=716\" alt=\"Vaporesso Xros Nano 4 pod\"><\/p>\n<p><\/p>","protected":false},"excerpt":{"rendered":"<p>Vaporesso Xros Nano 4 pod cuentan con una pantalla a color TFT 1.3inch Big. Ofrece una bater\u00eda de 1350mAh y un m\u00e1ximo de 30W.<\/p>","protected":false},"featured_media":29665,"comment_status":"closed","ping_status":"closed","template":"","meta":{"iawp_total_views":0,"_joinchat":[]},"product_brand":[],"product_cat":[415],"product_tag":[],"class_list":{"0":"post-29033","1":"product","2":"type-product","3":"status-publish","4":"has-post-thumbnail","6":"product_cat-accessories","8":"first","9":"instock","10":"sale","11":"shipping-taxable","12":"purchasable","13":"product-type-variable"},"yoast_head":"<!-- This site is optimized with the Yoast SEO Premium plugin v24.7 (Yoast SEO v26.8) - https:\/\/yoast.com\/product\/yoast-seo-premium-wordpress\/ -->\n<title>Global-CN02 Vaporesso XROS 4 Nano Pod System Kit 1350mAh 3ml - Global Hookah<\/title>\n<meta name=\"robots\" content=\"index, follow, max-snippet:-1, max-image-preview:large, max-video-preview:-1\" \/>\n<link rel=\"canonical\" href=\"https:\/\/global-hookah.com\/es\/producto\/global-cn02-vaporesso-xros-4-nano-pod-system-kit-1350mah-3ml\/\" \/>\n<meta property=\"og:locale\" content=\"es_ES\" \/>\n<meta property=\"og:type\" content=\"article\" \/>\n<meta property=\"og:title\" content=\"Global-CN02 Vaporesso XROS 4 Nano Pod System Kit 1350mAh 3ml\" \/>\n<meta property=\"og:description\" content=\"Vaporesso Xros Nano 4 pod feature a 1.3inch Big TFT color screen. It offers a 1350mAh battery and max 30W.\" \/>\n<meta property=\"og:url\" content=\"https:\/\/global-hookah.com\/es\/producto\/global-cn02-vaporesso-xros-4-nano-pod-system-kit-1350mah-3ml\/\" \/>\n<meta property=\"og:site_name\" content=\"Global Hookah\" \/>\n<meta property=\"article:modified_time\" content=\"2024-09-27T02:32:13+00:00\" \/>\n<meta property=\"og:image\" content=\"https:\/\/global-hookah.com\/wp-content\/uploads\/2024\/09\/xros-4-nano-pod-1.jpg\" \/>\n\t<meta property=\"og:image:width\" content=\"800\" \/>\n\t<meta property=\"og:image:height\" content=\"800\" \/>\n\t<meta property=\"og:image:type\" content=\"image\/jpeg\" \/>\n<meta name=\"twitter:card\" content=\"summary_large_image\" \/>\n<meta name=\"twitter:label1\" content=\"Tiempo de lectura\" \/>\n\t<meta name=\"twitter:data1\" content=\"1 minuto\" \/>\n<script type=\"application\/ld+json\" class=\"yoast-schema-graph\">{\"@context\":\"https:\/\/schema.org\",\"@graph\":[{\"@type\":\"WebPage\",\"@id\":\"https:\/\/global-hookah.com\/product\/global-cn02-vaporesso-xros-4-nano-pod-system-kit-1350mah-3ml\/\",\"url\":\"https:\/\/global-hookah.com\/product\/global-cn02-vaporesso-xros-4-nano-pod-system-kit-1350mah-3ml\/\",\"name\":\"Global-CN02 Vaporesso XROS 4 Nano Pod System Kit 1350mAh 3ml - Global Hookah\",\"isPartOf\":{\"@id\":\"https:\/\/global-hookah.com\/#website\"},\"primaryImageOfPage\":{\"@id\":\"https:\/\/global-hookah.com\/product\/global-cn02-vaporesso-xros-4-nano-pod-system-kit-1350mah-3ml\/#primaryimage\"},\"image\":{\"@id\":\"https:\/\/global-hookah.com\/product\/global-cn02-vaporesso-xros-4-nano-pod-system-kit-1350mah-3ml\/#primaryimage\"},\"thumbnailUrl\":\"https:\/\/global-hookah.com\/wp-content\/uploads\/2024\/09\/xros-4-nano-pod-1.jpg\",\"datePublished\":\"2024-09-27T02:11:13+00:00\",\"dateModified\":\"2024-09-27T02:32:13+00:00\",\"breadcrumb\":{\"@id\":\"https:\/\/global-hookah.com\/product\/global-cn02-vaporesso-xros-4-nano-pod-system-kit-1350mah-3ml\/#breadcrumb\"},\"inLanguage\":\"es\",\"potentialAction\":[{\"@type\":\"ReadAction\",\"target\":[\"https:\/\/global-hookah.com\/product\/global-cn02-vaporesso-xros-4-nano-pod-system-kit-1350mah-3ml\/\"]}]},{\"@type\":\"ImageObject\",\"inLanguage\":\"es\",\"@id\":\"https:\/\/global-hookah.com\/product\/global-cn02-vaporesso-xros-4-nano-pod-system-kit-1350mah-3ml\/#primaryimage\",\"url\":\"https:\/\/global-hookah.com\/wp-content\/uploads\/2024\/09\/xros-4-nano-pod-1.jpg\",\"contentUrl\":\"https:\/\/global-hookah.com\/wp-content\/uploads\/2024\/09\/xros-4-nano-pod-1.jpg\",\"width\":800,\"height\":800},{\"@type\":\"BreadcrumbList\",\"@id\":\"https:\/\/global-hookah.com\/product\/global-cn02-vaporesso-xros-4-nano-pod-system-kit-1350mah-3ml\/#breadcrumb\",\"itemListElement\":[{\"@type\":\"ListItem\",\"position\":1,\"name\":\"Home\",\"item\":\"https:\/\/global-hookah.com\/\"},{\"@type\":\"ListItem\",\"position\":2,\"name\":\"Shop\",\"item\":\"https:\/\/global-hookah.com\/shop\/\"},{\"@type\":\"ListItem\",\"position\":3,\"name\":\"Global-CN02 Vaporesso XROS 4 Nano Pod System Kit 1350mAh 3ml\"}]},{\"@type\":\"WebSite\",\"@id\":\"https:\/\/global-hookah.com\/#website\",\"url\":\"https:\/\/global-hookah.com\/\",\"name\":\"Global Hookah\",\"description\":\"Global Hookah\",\"publisher\":{\"@id\":\"https:\/\/global-hookah.com\/#organization\"},\"potentialAction\":[{\"@type\":\"SearchAction\",\"target\":{\"@type\":\"EntryPoint\",\"urlTemplate\":\"https:\/\/global-hookah.com\/?s={search_term_string}\"},\"query-input\":{\"@type\":\"PropertyValueSpecification\",\"valueRequired\":true,\"valueName\":\"search_term_string\"}}],\"inLanguage\":\"es\"},{\"@type\":\"Organization\",\"@id\":\"https:\/\/global-hookah.com\/#organization\",\"name\":\"Global Hookah\",\"url\":\"https:\/\/global-hookah.com\/\",\"logo\":{\"@type\":\"ImageObject\",\"inLanguage\":\"es\",\"@id\":\"https:\/\/global-hookah.com\/#\/schema\/logo\/image\/\",\"url\":\"https:\/\/global-hookah.com\/wp-content\/uploads\/2021\/10\/cropped-fgg.png\",\"contentUrl\":\"https:\/\/global-hookah.com\/wp-content\/uploads\/2021\/10\/cropped-fgg.png\",\"width\":512,\"height\":512,\"caption\":\"Global Hookah\"},\"image\":{\"@id\":\"https:\/\/global-hookah.com\/#\/schema\/logo\/image\/\"}}]}<\/script>\n<!-- \/ Yoast SEO Premium plugin. -->","yoast_head_json":{"title":"Global-CN02 Vaporesso XROS 4 Nano Pod System Kit 1350mAh 3ml - Global Hookah","robots":{"index":"index","follow":"follow","max-snippet":"max-snippet:-1","max-image-preview":"max-image-preview:large","max-video-preview":"max-video-preview:-1"},"canonical":"https:\/\/global-hookah.com\/es\/producto\/global-cn02-vaporesso-xros-4-nano-pod-system-kit-1350mah-3ml\/","og_locale":"es_ES","og_type":"article","og_title":"Global-CN02 Vaporesso XROS 4 Nano Pod System Kit 1350mAh 3ml","og_description":"Vaporesso Xros Nano 4 pod feature a 1.3inch Big TFT color screen. It offers a 1350mAh battery and max 30W.","og_url":"https:\/\/global-hookah.com\/es\/producto\/global-cn02-vaporesso-xros-4-nano-pod-system-kit-1350mah-3ml\/","og_site_name":"Global Hookah","article_modified_time":"2024-09-27T02:32:13+00:00","og_image":[{"width":800,"height":800,"url":"https:\/\/global-hookah.com\/wp-content\/uploads\/2024\/09\/xros-4-nano-pod-1.jpg","type":"image\/jpeg"}],"twitter_card":"summary_large_image","twitter_misc":{"Tiempo de lectura":"1 minuto"},"schema":{"@context":"https:\/\/schema.org","@graph":[{"@type":"WebPage","@id":"https:\/\/global-hookah.com\/product\/global-cn02-vaporesso-xros-4-nano-pod-system-kit-1350mah-3ml\/","url":"https:\/\/global-hookah.com\/product\/global-cn02-vaporesso-xros-4-nano-pod-system-kit-1350mah-3ml\/","name":"Global-CN02 Vaporesso XROS 4 Nano Pod System Kit 1350mAh 3ml - Global Hookah","isPartOf":{"@id":"https:\/\/global-hookah.com\/#website"},"primaryImageOfPage":{"@id":"https:\/\/global-hookah.com\/product\/global-cn02-vaporesso-xros-4-nano-pod-system-kit-1350mah-3ml\/#primaryimage"},"image":{"@id":"https:\/\/global-hookah.com\/product\/global-cn02-vaporesso-xros-4-nano-pod-system-kit-1350mah-3ml\/#primaryimage"},"thumbnailUrl":"https:\/\/global-hookah.com\/wp-content\/uploads\/2024\/09\/xros-4-nano-pod-1.jpg","datePublished":"2024-09-27T02:11:13+00:00","dateModified":"2024-09-27T02:32:13+00:00","breadcrumb":{"@id":"https:\/\/global-hookah.com\/product\/global-cn02-vaporesso-xros-4-nano-pod-system-kit-1350mah-3ml\/#breadcrumb"},"inLanguage":"es","potentialAction":[{"@type":"ReadAction","target":["https:\/\/global-hookah.com\/product\/global-cn02-vaporesso-xros-4-nano-pod-system-kit-1350mah-3ml\/"]}]},{"@type":"ImageObject","inLanguage":"es","@id":"https:\/\/global-hookah.com\/product\/global-cn02-vaporesso-xros-4-nano-pod-system-kit-1350mah-3ml\/#primaryimage","url":"https:\/\/global-hookah.com\/wp-content\/uploads\/2024\/09\/xros-4-nano-pod-1.jpg","contentUrl":"https:\/\/global-hookah.com\/wp-content\/uploads\/2024\/09\/xros-4-nano-pod-1.jpg","width":800,"height":800},{"@type":"BreadcrumbList","@id":"https:\/\/global-hookah.com\/product\/global-cn02-vaporesso-xros-4-nano-pod-system-kit-1350mah-3ml\/#breadcrumb","itemListElement":[{"@type":"ListItem","position":1,"name":"Home","item":"https:\/\/global-hookah.com\/"},{"@type":"ListItem","position":2,"name":"Shop","item":"https:\/\/global-hookah.com\/shop\/"},{"@type":"ListItem","position":3,"name":"Global-CN02 Vaporesso XROS 4 Nano Pod System Kit 1350mAh 3ml"}]},{"@type":"WebSite","@id":"https:\/\/global-hookah.com\/#website","url":"https:\/\/global-hookah.com\/","name":"Global Hookah","description":"Global Hookah","publisher":{"@id":"https:\/\/global-hookah.com\/#organization"},"potentialAction":[{"@type":"SearchAction","target":{"@type":"EntryPoint","urlTemplate":"https:\/\/global-hookah.com\/?s={search_term_string}"},"query-input":{"@type":"PropertyValueSpecification","valueRequired":true,"valueName":"search_term_string"}}],"inLanguage":"es"},{"@type":"Organization","@id":"https:\/\/global-hookah.com\/#organization","name":"Global Hookah","url":"https:\/\/global-hookah.com\/","logo":{"@type":"ImageObject","inLanguage":"es","@id":"https:\/\/global-hookah.com\/#\/schema\/logo\/image\/","url":"https:\/\/global-hookah.com\/wp-content\/uploads\/2021\/10\/cropped-fgg.png","contentUrl":"https:\/\/global-hookah.com\/wp-content\/uploads\/2021\/10\/cropped-fgg.png","width":512,"height":512,"caption":"Global Hookah"},"image":{"@id":"https:\/\/global-hookah.com\/#\/schema\/logo\/image\/"}}]}},"_links":{"self":[{"href":"https:\/\/global-hookah.com\/es\/wp-json\/wp\/v2\/product\/29033","targetHints":{"allow":["GET"]}}],"collection":[{"href":"https:\/\/global-hookah.com\/es\/wp-json\/wp\/v2\/product"}],"about":[{"href":"https:\/\/global-hookah.com\/es\/wp-json\/wp\/v2\/types\/product"}],"replies":[{"embeddable":true,"href":"https:\/\/global-hookah.com\/es\/wp-json\/wp\/v2\/comments?post=29033"}],"version-history":[{"count":0,"href":"https:\/\/global-hookah.com\/es\/wp-json\/wp\/v2\/product\/29033\/revisions"}],"wp:featuredmedia":[{"embeddable":true,"href":"https:\/\/global-hookah.com\/es\/wp-json\/wp\/v2\/media\/29665"}],"wp:attachment":[{"href":"https:\/\/global-hookah.com\/es\/wp-json\/wp\/v2\/media?parent=29033"}],"wp:term":[{"taxonomy":"product_brand","embeddable":true,"href":"https:\/\/global-hookah.com\/es\/wp-json\/wp\/v2\/product_brand?post=29033"},{"taxonomy":"product_cat","embeddable":true,"href":"https:\/\/global-hookah.com\/es\/wp-json\/wp\/v2\/product_cat?post=29033"},{"taxonomy":"product_tag","embeddable":true,"href":"https:\/\/global-hookah.com\/es\/wp-json\/wp\/v2\/product_tag?post=29033"}],"curies":[{"name":"wp","href":"https:\/\/api.w.org\/{rel}","templated":true}]}}