{"id":29075,"date":"2024-09-27T02:11:20","date_gmt":"2024-09-27T02:11:20","guid":{"rendered":"https:\/\/global-hookah.com\/product\/global-cn02clearance-smoant-veer-pod-system-kit-750mah-2-3ml\/"},"modified":"2024-09-27T02:37:00","modified_gmt":"2024-09-27T02:37:00","slug":"global-cn02clearance-smoant-veer-pod-system-kit-750mah-2-3ml","status":"publish","type":"product","link":"https:\/\/global-hookah.com\/es\/producto\/global-cn02clearance-smoant-veer-pod-system-kit-750mah-2-3ml\/","title":{"rendered":"Global-CN02Rebajas Smoant VEER Pod system Kit 750mAh 2.3ml"},"content":{"rendered":"<p><strong>Smoant<\/strong> Veer Pod Kit es un kit de sistema de pod simple pero elegante. Cuenta con 750mAh de capacidad de la bater\u00eda y 2,3 ml de capacidad e-LQ. Adopta beb\u00e9 0,6ohm bobina de malla y 1,2ohm NI-80 bobina. Pod de llenado lateral ayudar\u00e1 a evitar fugas e-LQ y reducir el desorden. Puede instalar la vaina en diferentes direcciones para obtener 2 flujos de aire diferentes: MTL o DTL. Una luz LED est\u00e1 dise\u00f1ado para mostrar el nivel de la bater\u00eda.<\/p>\n<p><strong><font color=\"#ff7301\" size=\"4px\">Caracter\u00edsticas:<\/font><\/strong><br \/>1. Peso superligero<br \/>2. 2 flujos de aire diferentes: MTL y DTL<br \/>3. Cartucho de llenado lateral de 2,3 ml<br \/>4. Compatible con la bobina de la serie baby<\/p>\n<p>Marca: Smoant<br \/>Unidad: 1 Juego<br \/>Tama\u00f1o: 114*22,5*12,4 mm<br \/>Capacidad del cartucho: 2,3 ml<br \/>Puerto de carga: Tipo-C<br \/>Corriente de carga: 5V\/2A<br \/>Capacidad de la bater\u00eda: 750 mAh<br \/>Potencia de salida: 10\/15W<br \/>Rango de voltaje: 3,2V-4,2V<br \/>Rango de resistencia: 0,5-3,0ohmios<br \/>Material: Aleaci\u00f3n de aluminio + PCTG<br \/>Embalaje: Caja de regalo<\/p>\n<p><strong><font color=\"#ff7301\" size=\"4px\">Cada juego contiene:<\/font><\/strong><br \/>1pc VEER Mod<br \/>1 Manual de usuario<br \/>1 tarjeta certificada<br \/>Cartucho de 1pc (0.6ohm bobina de malla preinstalado)<br \/>1pc 1.2ohm NI80 Bobina<br \/>1 cable USB tipo C<br \/>1 tarjeta de garant\u00eda<\/p>\n<p><img decoding=\"async\" src=\"https:\/\/global-hookah.com\/wp-content\/uploads\/2024\/09\/Veer-Pod-Kit-11.jpg?w=1248&amp;h=607\" alt=\"Smoant Veer Pod Kit\"><br \/><img decoding=\"async\" src=\"https:\/\/global-hookah.com\/wp-content\/uploads\/2024\/09\/Veer-Pod-Kit-12.jpg?w=1248&amp;h=644\" alt=\"Smoant Veer Pod Kit\"><br \/><img decoding=\"async\" src=\"https:\/\/global-hookah.com\/wp-content\/uploads\/2024\/09\/Veer-Pod-Kit-13.jpg?w=1248&amp;h=508\" alt=\"Smoant Veer Pod Kit\"><br \/><img decoding=\"async\" src=\"https:\/\/global-hookah.com\/wp-content\/uploads\/2024\/09\/Veer-Pod-Kit-14.jpg?w=1248&amp;h=528\" alt=\"Smoant Veer Pod Kit\"><br \/><img decoding=\"async\" src=\"https:\/\/global-hookah.com\/wp-content\/uploads\/2024\/09\/Veer-Pod-Kit-15.jpg?w=1248&amp;h=871\" alt=\"Smoant Veer Pod Kit\"><br \/><img decoding=\"async\" src=\"https:\/\/global-hookah.com\/wp-content\/uploads\/2024\/09\/Veer-Pod-Kit-16.jpg?w=1248&amp;h=420\" alt=\"Smoant Veer Pod Kit\"><br \/><img decoding=\"async\" src=\"https:\/\/global-hookah.com\/wp-content\/uploads\/2024\/09\/Veer-Pod-Kit-17.jpg?w=1248&amp;h=944\" alt=\"Smoant Veer Pod Kit\"><br \/><img decoding=\"async\" src=\"https:\/\/global-hookah.com\/wp-content\/uploads\/2024\/09\/Veer-Pod-Kit-18.jpg?w=1248&amp;h=498\" alt=\"Smoant Veer Pod Kit\"><br \/><img decoding=\"async\" src=\"https:\/\/global-hookah.com\/wp-content\/uploads\/2024\/09\/Veer-Pod-Kit-19.jpg?w=1248&amp;h=503\" alt=\"Smoant Veer Pod Kit\"><br \/><img decoding=\"async\" src=\"https:\/\/global-hookah.com\/wp-content\/uploads\/2024\/09\/Veer-Pod-Kit-20.jpg?w=1248&amp;h=521\" alt=\"Smoant Veer Pod Kit\"><\/p>","protected":false},"excerpt":{"rendered":"<p>Smoant Veer Pod Kit es un kit de sistema de pod simple pero elegante. Cuenta con 750mAh de capacidad de la bater\u00eda y 2.3ml e-LQ<\/p>","protected":false},"featured_media":29757,"comment_status":"closed","ping_status":"closed","template":"","meta":{"iawp_total_views":2,"_joinchat":[]},"product_brand":[],"product_cat":[415],"product_tag":[],"class_list":{"0":"post-29075","1":"product","2":"type-product","3":"status-publish","4":"has-post-thumbnail","6":"product_cat-accessories","8":"first","9":"instock","10":"sale","11":"shipping-taxable","12":"purchasable","13":"product-type-variable"},"yoast_head":"<!-- This site is optimized with the Yoast SEO Premium plugin v24.7 (Yoast SEO v26.8) - https:\/\/yoast.com\/product\/yoast-seo-premium-wordpress\/ -->\n<title>Global-CN02Clearance Smoant VEER Pod system Kit 750mAh 2.3ml - Global Hookah<\/title>\n<meta name=\"robots\" content=\"index, follow, max-snippet:-1, max-image-preview:large, max-video-preview:-1\" \/>\n<link rel=\"canonical\" href=\"https:\/\/global-hookah.com\/es\/producto\/global-cn02clearance-smoant-veer-pod-system-kit-750mah-2-3ml\/\" \/>\n<meta property=\"og:locale\" content=\"es_ES\" \/>\n<meta property=\"og:type\" content=\"article\" \/>\n<meta property=\"og:title\" content=\"Global-CN02Clearance Smoant VEER Pod system Kit 750mAh 2.3ml\" \/>\n<meta property=\"og:description\" content=\"Smoant Veer Pod Kit is a simple yet elegant pod system kit. It features 750mAh battery capacity and 2.3ml e-LQ\" \/>\n<meta property=\"og:url\" content=\"https:\/\/global-hookah.com\/es\/producto\/global-cn02clearance-smoant-veer-pod-system-kit-750mah-2-3ml\/\" \/>\n<meta property=\"og:site_name\" content=\"Global Hookah\" \/>\n<meta property=\"article:modified_time\" content=\"2024-09-27T02:37:00+00:00\" \/>\n<meta property=\"og:image\" content=\"https:\/\/global-hookah.com\/wp-content\/uploads\/2024\/09\/Veer-Pod-Kit-1.jpg\" \/>\n\t<meta property=\"og:image:width\" content=\"850\" \/>\n\t<meta property=\"og:image:height\" content=\"850\" \/>\n\t<meta property=\"og:image:type\" content=\"image\/jpeg\" \/>\n<meta name=\"twitter:card\" content=\"summary_large_image\" \/>\n<meta name=\"twitter:label1\" content=\"Tiempo de lectura\" \/>\n\t<meta name=\"twitter:data1\" content=\"1 minuto\" \/>\n<script type=\"application\/ld+json\" class=\"yoast-schema-graph\">{\"@context\":\"https:\/\/schema.org\",\"@graph\":[{\"@type\":\"WebPage\",\"@id\":\"https:\/\/global-hookah.com\/product\/global-cn02clearance-smoant-veer-pod-system-kit-750mah-2-3ml\/\",\"url\":\"https:\/\/global-hookah.com\/product\/global-cn02clearance-smoant-veer-pod-system-kit-750mah-2-3ml\/\",\"name\":\"Global-CN02Clearance Smoant VEER Pod system Kit 750mAh 2.3ml - Global Hookah\",\"isPartOf\":{\"@id\":\"https:\/\/global-hookah.com\/#website\"},\"primaryImageOfPage\":{\"@id\":\"https:\/\/global-hookah.com\/product\/global-cn02clearance-smoant-veer-pod-system-kit-750mah-2-3ml\/#primaryimage\"},\"image\":{\"@id\":\"https:\/\/global-hookah.com\/product\/global-cn02clearance-smoant-veer-pod-system-kit-750mah-2-3ml\/#primaryimage\"},\"thumbnailUrl\":\"https:\/\/global-hookah.com\/wp-content\/uploads\/2024\/09\/Veer-Pod-Kit-1.jpg\",\"datePublished\":\"2024-09-27T02:11:20+00:00\",\"dateModified\":\"2024-09-27T02:37:00+00:00\",\"breadcrumb\":{\"@id\":\"https:\/\/global-hookah.com\/product\/global-cn02clearance-smoant-veer-pod-system-kit-750mah-2-3ml\/#breadcrumb\"},\"inLanguage\":\"es\",\"potentialAction\":[{\"@type\":\"ReadAction\",\"target\":[\"https:\/\/global-hookah.com\/product\/global-cn02clearance-smoant-veer-pod-system-kit-750mah-2-3ml\/\"]}]},{\"@type\":\"ImageObject\",\"inLanguage\":\"es\",\"@id\":\"https:\/\/global-hookah.com\/product\/global-cn02clearance-smoant-veer-pod-system-kit-750mah-2-3ml\/#primaryimage\",\"url\":\"https:\/\/global-hookah.com\/wp-content\/uploads\/2024\/09\/Veer-Pod-Kit-1.jpg\",\"contentUrl\":\"https:\/\/global-hookah.com\/wp-content\/uploads\/2024\/09\/Veer-Pod-Kit-1.jpg\",\"width\":850,\"height\":850},{\"@type\":\"BreadcrumbList\",\"@id\":\"https:\/\/global-hookah.com\/product\/global-cn02clearance-smoant-veer-pod-system-kit-750mah-2-3ml\/#breadcrumb\",\"itemListElement\":[{\"@type\":\"ListItem\",\"position\":1,\"name\":\"Home\",\"item\":\"https:\/\/global-hookah.com\/\"},{\"@type\":\"ListItem\",\"position\":2,\"name\":\"Shop\",\"item\":\"https:\/\/global-hookah.com\/shop\/\"},{\"@type\":\"ListItem\",\"position\":3,\"name\":\"Global-CN02Clearance Smoant VEER Pod system Kit 750mAh 2.3ml\"}]},{\"@type\":\"WebSite\",\"@id\":\"https:\/\/global-hookah.com\/#website\",\"url\":\"https:\/\/global-hookah.com\/\",\"name\":\"Global Hookah\",\"description\":\"Global Hookah\",\"publisher\":{\"@id\":\"https:\/\/global-hookah.com\/#organization\"},\"potentialAction\":[{\"@type\":\"SearchAction\",\"target\":{\"@type\":\"EntryPoint\",\"urlTemplate\":\"https:\/\/global-hookah.com\/?s={search_term_string}\"},\"query-input\":{\"@type\":\"PropertyValueSpecification\",\"valueRequired\":true,\"valueName\":\"search_term_string\"}}],\"inLanguage\":\"es\"},{\"@type\":\"Organization\",\"@id\":\"https:\/\/global-hookah.com\/#organization\",\"name\":\"Global Hookah\",\"url\":\"https:\/\/global-hookah.com\/\",\"logo\":{\"@type\":\"ImageObject\",\"inLanguage\":\"es\",\"@id\":\"https:\/\/global-hookah.com\/#\/schema\/logo\/image\/\",\"url\":\"https:\/\/global-hookah.com\/wp-content\/uploads\/2021\/10\/cropped-fgg.png\",\"contentUrl\":\"https:\/\/global-hookah.com\/wp-content\/uploads\/2021\/10\/cropped-fgg.png\",\"width\":512,\"height\":512,\"caption\":\"Global Hookah\"},\"image\":{\"@id\":\"https:\/\/global-hookah.com\/#\/schema\/logo\/image\/\"}}]}<\/script>\n<!-- \/ Yoast SEO Premium plugin. -->","yoast_head_json":{"title":"Global-CN02Rebajas Smoant VEER Pod system Kit 750mAh 2.3ml - Global Hookah","robots":{"index":"index","follow":"follow","max-snippet":"max-snippet:-1","max-image-preview":"max-image-preview:large","max-video-preview":"max-video-preview:-1"},"canonical":"https:\/\/global-hookah.com\/es\/producto\/global-cn02clearance-smoant-veer-pod-system-kit-750mah-2-3ml\/","og_locale":"es_ES","og_type":"article","og_title":"Global-CN02Clearance Smoant VEER Pod system Kit 750mAh 2.3ml","og_description":"Smoant Veer Pod Kit is a simple yet elegant pod system kit. It features 750mAh battery capacity and 2.3ml e-LQ","og_url":"https:\/\/global-hookah.com\/es\/producto\/global-cn02clearance-smoant-veer-pod-system-kit-750mah-2-3ml\/","og_site_name":"Global Hookah","article_modified_time":"2024-09-27T02:37:00+00:00","og_image":[{"width":850,"height":850,"url":"https:\/\/global-hookah.com\/wp-content\/uploads\/2024\/09\/Veer-Pod-Kit-1.jpg","type":"image\/jpeg"}],"twitter_card":"summary_large_image","twitter_misc":{"Tiempo de lectura":"1 minuto"},"schema":{"@context":"https:\/\/schema.org","@graph":[{"@type":"WebPage","@id":"https:\/\/global-hookah.com\/product\/global-cn02clearance-smoant-veer-pod-system-kit-750mah-2-3ml\/","url":"https:\/\/global-hookah.com\/product\/global-cn02clearance-smoant-veer-pod-system-kit-750mah-2-3ml\/","name":"Global-CN02Rebajas Smoant VEER Pod system Kit 750mAh 2.3ml - Global Hookah","isPartOf":{"@id":"https:\/\/global-hookah.com\/#website"},"primaryImageOfPage":{"@id":"https:\/\/global-hookah.com\/product\/global-cn02clearance-smoant-veer-pod-system-kit-750mah-2-3ml\/#primaryimage"},"image":{"@id":"https:\/\/global-hookah.com\/product\/global-cn02clearance-smoant-veer-pod-system-kit-750mah-2-3ml\/#primaryimage"},"thumbnailUrl":"https:\/\/global-hookah.com\/wp-content\/uploads\/2024\/09\/Veer-Pod-Kit-1.jpg","datePublished":"2024-09-27T02:11:20+00:00","dateModified":"2024-09-27T02:37:00+00:00","breadcrumb":{"@id":"https:\/\/global-hookah.com\/product\/global-cn02clearance-smoant-veer-pod-system-kit-750mah-2-3ml\/#breadcrumb"},"inLanguage":"es","potentialAction":[{"@type":"ReadAction","target":["https:\/\/global-hookah.com\/product\/global-cn02clearance-smoant-veer-pod-system-kit-750mah-2-3ml\/"]}]},{"@type":"ImageObject","inLanguage":"es","@id":"https:\/\/global-hookah.com\/product\/global-cn02clearance-smoant-veer-pod-system-kit-750mah-2-3ml\/#primaryimage","url":"https:\/\/global-hookah.com\/wp-content\/uploads\/2024\/09\/Veer-Pod-Kit-1.jpg","contentUrl":"https:\/\/global-hookah.com\/wp-content\/uploads\/2024\/09\/Veer-Pod-Kit-1.jpg","width":850,"height":850},{"@type":"BreadcrumbList","@id":"https:\/\/global-hookah.com\/product\/global-cn02clearance-smoant-veer-pod-system-kit-750mah-2-3ml\/#breadcrumb","itemListElement":[{"@type":"ListItem","position":1,"name":"Home","item":"https:\/\/global-hookah.com\/"},{"@type":"ListItem","position":2,"name":"Shop","item":"https:\/\/global-hookah.com\/shop\/"},{"@type":"ListItem","position":3,"name":"Global-CN02Clearance Smoant VEER Pod system Kit 750mAh 2.3ml"}]},{"@type":"WebSite","@id":"https:\/\/global-hookah.com\/#website","url":"https:\/\/global-hookah.com\/","name":"Global Hookah","description":"Global Hookah","publisher":{"@id":"https:\/\/global-hookah.com\/#organization"},"potentialAction":[{"@type":"SearchAction","target":{"@type":"EntryPoint","urlTemplate":"https:\/\/global-hookah.com\/?s={search_term_string}"},"query-input":{"@type":"PropertyValueSpecification","valueRequired":true,"valueName":"search_term_string"}}],"inLanguage":"es"},{"@type":"Organization","@id":"https:\/\/global-hookah.com\/#organization","name":"Global Hookah","url":"https:\/\/global-hookah.com\/","logo":{"@type":"ImageObject","inLanguage":"es","@id":"https:\/\/global-hookah.com\/#\/schema\/logo\/image\/","url":"https:\/\/global-hookah.com\/wp-content\/uploads\/2021\/10\/cropped-fgg.png","contentUrl":"https:\/\/global-hookah.com\/wp-content\/uploads\/2021\/10\/cropped-fgg.png","width":512,"height":512,"caption":"Global Hookah"},"image":{"@id":"https:\/\/global-hookah.com\/#\/schema\/logo\/image\/"}}]}},"_links":{"self":[{"href":"https:\/\/global-hookah.com\/es\/wp-json\/wp\/v2\/product\/29075","targetHints":{"allow":["GET"]}}],"collection":[{"href":"https:\/\/global-hookah.com\/es\/wp-json\/wp\/v2\/product"}],"about":[{"href":"https:\/\/global-hookah.com\/es\/wp-json\/wp\/v2\/types\/product"}],"replies":[{"embeddable":true,"href":"https:\/\/global-hookah.com\/es\/wp-json\/wp\/v2\/comments?post=29075"}],"version-history":[{"count":0,"href":"https:\/\/global-hookah.com\/es\/wp-json\/wp\/v2\/product\/29075\/revisions"}],"wp:featuredmedia":[{"embeddable":true,"href":"https:\/\/global-hookah.com\/es\/wp-json\/wp\/v2\/media\/29757"}],"wp:attachment":[{"href":"https:\/\/global-hookah.com\/es\/wp-json\/wp\/v2\/media?parent=29075"}],"wp:term":[{"taxonomy":"product_brand","embeddable":true,"href":"https:\/\/global-hookah.com\/es\/wp-json\/wp\/v2\/product_brand?post=29075"},{"taxonomy":"product_cat","embeddable":true,"href":"https:\/\/global-hookah.com\/es\/wp-json\/wp\/v2\/product_cat?post=29075"},{"taxonomy":"product_tag","embeddable":true,"href":"https:\/\/global-hookah.com\/es\/wp-json\/wp\/v2\/product_tag?post=29075"}],"curies":[{"name":"wp","href":"https:\/\/api.w.org\/{rel}","templated":true}]}}