{"id":29083,"date":"2024-09-27T02:11:21","date_gmt":"2024-09-27T02:11:21","guid":{"rendered":"https:\/\/global-hookah.com\/product\/global-cn02clearance-vaporesso-luxe-x-pod-system-kit-1500mah-5ml\/"},"modified":"2024-09-27T02:37:24","modified_gmt":"2024-09-27T02:37:24","slug":"global-cn02clearance-vaporesso-luxe-x-pod-system-kit-1500mah-5ml","status":"publish","type":"product","link":"https:\/\/global-hookah.com\/es\/producto\/global-cn02clearance-vaporesso-luxe-x-pod-system-kit-1500mah-5ml\/","title":{"rendered":"Global-CN02Rebajas Vaporesso LUXE X Pod System Kit 1500mAh 5ml"},"content":{"rendered":"<p>Vaporesso LUXE X Kit que la innovadora tecnolog\u00eda de calefacci\u00f3n COREX. aplicado con estructura \u00fanica Morph-Mesh. asegura m\u00e1s r\u00e1pida y uniformemente la calefacci\u00f3n. Mejora la relaci\u00f3n de eficiencia de vaporizaci\u00f3n por 30% para proporcionar una precisi\u00f3n FLV pura y una vida \u00fatil m\u00e1s larga. Adopta el nuevo 0.8ohm\/0.4ohm Mesh LUXE X Pods con puntas de goteo personalizadas para la experiencia MTL\/DTL. Usted puede cambiar f\u00e1cilmente la vaina para ajustar el flujo de aire de MTL a DTL. Su cuerpo delgado y cristalino con 3 capas de revestimiento es lo suficientemente duradero como para resistir la abrasi\u00f3n diaria y ca\u00eddas. Por otra parte. su funci\u00f3n de bloqueo autom\u00e1tico se bloquear\u00e1 el dispositivo despu\u00e9s de 8S presionando y el modo de seguridad para proteger de fallos de encendido accidental.<\/p>\n<p><img decoding=\"async\" src=\"https:\/\/global-hookah.com\/wp-content\/uploads\/2024\/09\/LUXE-X-Pod-Kit-11.jpg?w=1248&amp;h=418\" alt=\"Vaporesso LUXE X Kit\"><\/p>\n<p><strong><font color=\"#ff7301\" size=\"4px\">Caracter\u00edsticas:<\/font><\/strong><br \/>1. Nuevo 0.8ohm\/0.4ohm Mesh LUXE X Pods con puntas de goteo personalizadas para la experiencia MTL\/DTL.<br \/>2. F\u00e1cil de cambiar la vaina para ajustar el flujo de aire de MTL a DTL<br \/>3. Cuerpo cristalino con 3 capas de revestimiento. Suficientemente duradero para resistir la abrasi\u00f3n y las ca\u00eddas diarias.<br \/>4. Bloqueo autom\u00e1tico del dispositivo despu\u00e9s de pulsar 8S y el modo seguro para proteger de un fallo de encendido accidental.<\/p>\n<p>Marca: Vaporesso<br \/>Unidad: 1 Juego<br \/>Tama\u00f1o: 21,5 * 21,6 * 98 mm<br \/>Capacidad: 5 ml<br \/>Resistencia: 0,4\/0,8ohmios<br \/>Bater\u00eda: 1500mah<br \/>Potencia de salida: m\u00e1x. 40 W<br \/>Color: Negro. Plateado. Gris. Azul. Verde. Morado. Rojo<br \/>Embalaje: Caja de regalo<\/p>\n<p><strong><font color=\"#ff7301\" size=\"4px\">Cada juego contiene:<\/font><\/strong><br \/>1pc Vaporesso LUXE X Bater\u00eda<br \/>1pc Vaporesso LUXE X 0.4ohm Pod Malla<br \/>1pc Vaporesso LUXE X 0.8ohm Pod Malla<br \/>1 cable Type-C<br \/>1 Manual de usuario<br \/>1 tarjeta de garant\u00eda<\/p>\n<p><img decoding=\"async\" src=\"https:\/\/global-hookah.com\/wp-content\/uploads\/2024\/09\/LUXE-X-Pod-Kit-12.jpg?w=1248&amp;h=538\" alt=\"Vaporesso LUXE X Kit\"><br \/><img decoding=\"async\" src=\"https:\/\/global-hookah.com\/wp-content\/uploads\/2024\/09\/LUXE-X-Pod-Kit-13.jpg?w=1248&amp;h=595\" alt=\"Vaporesso LUXE X Kit\"><br \/><img decoding=\"async\" src=\"https:\/\/global-hookah.com\/wp-content\/uploads\/2024\/09\/LUXE-X-Pod-Kit-14.jpg?w=1248&amp;h=248\" alt=\"Vaporesso LUXE X Kit\"><br \/><img decoding=\"async\" src=\"https:\/\/global-hookah.com\/wp-content\/uploads\/2024\/09\/LUXE-X-Pod-Kit-15.jpg?w=1248&amp;h=577\" alt=\"Vaporesso LUXE X Kit\"><br \/><img decoding=\"async\" src=\"https:\/\/global-hookah.com\/wp-content\/uploads\/2024\/09\/LUXE-X-Pod-Kit-16.jpg?w=1248&amp;h=434\" alt=\"Vaporesso LUXE X Kit\"><br \/><img decoding=\"async\" src=\"https:\/\/global-hookah.com\/wp-content\/uploads\/2024\/09\/LUXE-X-Pod-Kit-17.jpg?w=1248&amp;h=365\" alt=\"Vaporesso LUXE X Kit\"><br \/><img decoding=\"async\" src=\"https:\/\/global-hookah.com\/wp-content\/uploads\/2024\/09\/LUXE-X-Pod-Kit-18.jpg?w=1248&amp;h=592\" alt=\"Vaporesso LUXE X Kit\"><br \/><img decoding=\"async\" src=\"https:\/\/global-hookah.com\/wp-content\/uploads\/2024\/09\/LUXE-X-Pod-Kit-19.jpg?w=1248&amp;h=375\" alt=\"Vaporesso LUXE X Kit\"><br \/><img decoding=\"async\" src=\"https:\/\/global-hookah.com\/wp-content\/uploads\/2024\/09\/LUXE-X-Pod-Kit-20.jpg?w=1248&amp;h=488\" alt=\"Vaporesso LUXE X Kit\"><br \/><img decoding=\"async\" src=\"https:\/\/global-hookah.com\/wp-content\/uploads\/2024\/09\/LUXE-X-Pod-Kit-21.jpg?w=1248&amp;h=349\" alt=\"Vaporesso LUXE X Kit\"><br \/><img decoding=\"async\" src=\"https:\/\/global-hookah.com\/wp-content\/uploads\/2024\/09\/LUXE-X-Pod-Kit-22.jpg?w=1248&amp;h=532\" alt=\"Vaporesso LUXE X Kit\"><br \/><img decoding=\"async\" src=\"https:\/\/global-hookah.com\/wp-content\/uploads\/2024\/09\/LUXE-X-Pod-Kit-23.jpg?w=1248&amp;h=470\" alt=\"Vaporesso LUXE X Kit\"><br \/><img decoding=\"async\" src=\"https:\/\/global-hookah.com\/wp-content\/uploads\/2024\/09\/LUXE-X-Pod-Kit-24.jpg?w=1248&amp;h=421\" alt=\"Vaporesso LUXE X Kit\"><br \/><img decoding=\"async\" src=\"https:\/\/global-hookah.com\/wp-content\/uploads\/2024\/09\/LUXE-X-Pod-Kit-25.jpg?w=1248&amp;h=625\" alt=\"Vaporesso LUXE X Kit\"><br \/><img decoding=\"async\" src=\"https:\/\/global-hookah.com\/wp-content\/uploads\/2024\/09\/LUXE-X-Pod-Kit-26.jpg?w=1248&amp;h=366\" alt=\"Vaporesso LUXE X Kit\"><br \/><img decoding=\"async\" src=\"https:\/\/global-hookah.com\/wp-content\/uploads\/2024\/09\/LUXE-X-Pod-Kit-27.jpg?w=1248&amp;h=471\" alt=\"Vaporesso LUXE X Kit\"><\/p>\n<p><\/p>","protected":false},"excerpt":{"rendered":"<p>Vaporesso LUXE X Kit con la innovadora tecnolog\u00eda de calentamiento COREX. aplicada con la exclusiva estructura Morph-Mesh. garantiza un calentamiento m\u00e1s r\u00e1pido y uniforme.<\/p>","protected":false},"featured_media":29798,"comment_status":"closed","ping_status":"closed","template":"","meta":{"iawp_total_views":1,"_joinchat":[]},"product_brand":[],"product_cat":[415],"product_tag":[],"class_list":{"0":"post-29083","1":"product","2":"type-product","3":"status-publish","4":"has-post-thumbnail","6":"product_cat-accessories","8":"first","9":"instock","10":"sale","11":"shipping-taxable","12":"purchasable","13":"product-type-variable"},"yoast_head":"<!-- This site is optimized with the Yoast SEO Premium plugin v24.7 (Yoast SEO v26.8) - https:\/\/yoast.com\/product\/yoast-seo-premium-wordpress\/ -->\n<title>Global-CN02Clearance Vaporesso LUXE X Pod System Kit 1500mAh 5ml - Global Hookah<\/title>\n<meta name=\"robots\" content=\"index, follow, max-snippet:-1, max-image-preview:large, max-video-preview:-1\" \/>\n<link rel=\"canonical\" href=\"https:\/\/global-hookah.com\/es\/producto\/global-cn02clearance-vaporesso-luxe-x-pod-system-kit-1500mah-5ml\/\" \/>\n<meta property=\"og:locale\" content=\"es_ES\" \/>\n<meta property=\"og:type\" content=\"article\" \/>\n<meta property=\"og:title\" content=\"Global-CN02Clearance Vaporesso LUXE X Pod System Kit 1500mAh 5ml\" \/>\n<meta property=\"og:description\" content=\"Vaporesso LUXE X Kit which innovative COREX heating technology. applied with unique Morph-Mesh structure. ensures more rapidly and evenly heating.\" \/>\n<meta property=\"og:url\" content=\"https:\/\/global-hookah.com\/es\/producto\/global-cn02clearance-vaporesso-luxe-x-pod-system-kit-1500mah-5ml\/\" \/>\n<meta property=\"og:site_name\" content=\"Global Hookah\" \/>\n<meta property=\"article:modified_time\" content=\"2024-09-27T02:37:24+00:00\" \/>\n<meta property=\"og:image\" content=\"https:\/\/global-hookah.com\/wp-content\/uploads\/s2w-placeholder.png\" \/>\n\t<meta property=\"og:image:width\" content=\"1200\" \/>\n\t<meta property=\"og:image:height\" content=\"1200\" \/>\n\t<meta property=\"og:image:type\" content=\"image\/png\" \/>\n<meta name=\"twitter:card\" content=\"summary_large_image\" \/>\n<meta name=\"twitter:label1\" content=\"Tiempo de lectura\" \/>\n\t<meta name=\"twitter:data1\" content=\"1 minuto\" \/>\n<script type=\"application\/ld+json\" class=\"yoast-schema-graph\">{\"@context\":\"https:\/\/schema.org\",\"@graph\":[{\"@type\":\"WebPage\",\"@id\":\"https:\/\/global-hookah.com\/product\/global-cn02clearance-vaporesso-luxe-x-pod-system-kit-1500mah-5ml\/\",\"url\":\"https:\/\/global-hookah.com\/product\/global-cn02clearance-vaporesso-luxe-x-pod-system-kit-1500mah-5ml\/\",\"name\":\"Global-CN02Clearance Vaporesso LUXE X Pod System Kit 1500mAh 5ml - Global Hookah\",\"isPartOf\":{\"@id\":\"https:\/\/global-hookah.com\/#website\"},\"primaryImageOfPage\":{\"@id\":\"https:\/\/global-hookah.com\/product\/global-cn02clearance-vaporesso-luxe-x-pod-system-kit-1500mah-5ml\/#primaryimage\"},\"image\":{\"@id\":\"https:\/\/global-hookah.com\/product\/global-cn02clearance-vaporesso-luxe-x-pod-system-kit-1500mah-5ml\/#primaryimage\"},\"thumbnailUrl\":\"https:\/\/global-hookah.com\/wp-content\/uploads\/2024\/09\/LUXE-X-Pod-Kit-1.jpg\",\"datePublished\":\"2024-09-27T02:11:21+00:00\",\"dateModified\":\"2024-09-27T02:37:24+00:00\",\"breadcrumb\":{\"@id\":\"https:\/\/global-hookah.com\/product\/global-cn02clearance-vaporesso-luxe-x-pod-system-kit-1500mah-5ml\/#breadcrumb\"},\"inLanguage\":\"es\",\"potentialAction\":[{\"@type\":\"ReadAction\",\"target\":[\"https:\/\/global-hookah.com\/product\/global-cn02clearance-vaporesso-luxe-x-pod-system-kit-1500mah-5ml\/\"]}]},{\"@type\":\"ImageObject\",\"inLanguage\":\"es\",\"@id\":\"https:\/\/global-hookah.com\/product\/global-cn02clearance-vaporesso-luxe-x-pod-system-kit-1500mah-5ml\/#primaryimage\",\"url\":\"https:\/\/global-hookah.com\/wp-content\/uploads\/2024\/09\/LUXE-X-Pod-Kit-1.jpg\",\"contentUrl\":\"https:\/\/global-hookah.com\/wp-content\/uploads\/2024\/09\/LUXE-X-Pod-Kit-1.jpg\",\"width\":800,\"height\":800},{\"@type\":\"BreadcrumbList\",\"@id\":\"https:\/\/global-hookah.com\/product\/global-cn02clearance-vaporesso-luxe-x-pod-system-kit-1500mah-5ml\/#breadcrumb\",\"itemListElement\":[{\"@type\":\"ListItem\",\"position\":1,\"name\":\"Home\",\"item\":\"https:\/\/global-hookah.com\/\"},{\"@type\":\"ListItem\",\"position\":2,\"name\":\"Shop\",\"item\":\"https:\/\/global-hookah.com\/shop\/\"},{\"@type\":\"ListItem\",\"position\":3,\"name\":\"Global-CN02Clearance Vaporesso LUXE X Pod System Kit 1500mAh 5ml\"}]},{\"@type\":\"WebSite\",\"@id\":\"https:\/\/global-hookah.com\/#website\",\"url\":\"https:\/\/global-hookah.com\/\",\"name\":\"Global Hookah\",\"description\":\"Global Hookah\",\"publisher\":{\"@id\":\"https:\/\/global-hookah.com\/#organization\"},\"potentialAction\":[{\"@type\":\"SearchAction\",\"target\":{\"@type\":\"EntryPoint\",\"urlTemplate\":\"https:\/\/global-hookah.com\/?s={search_term_string}\"},\"query-input\":{\"@type\":\"PropertyValueSpecification\",\"valueRequired\":true,\"valueName\":\"search_term_string\"}}],\"inLanguage\":\"es\"},{\"@type\":\"Organization\",\"@id\":\"https:\/\/global-hookah.com\/#organization\",\"name\":\"Global Hookah\",\"url\":\"https:\/\/global-hookah.com\/\",\"logo\":{\"@type\":\"ImageObject\",\"inLanguage\":\"es\",\"@id\":\"https:\/\/global-hookah.com\/#\/schema\/logo\/image\/\",\"url\":\"https:\/\/global-hookah.com\/wp-content\/uploads\/2021\/10\/cropped-fgg.png\",\"contentUrl\":\"https:\/\/global-hookah.com\/wp-content\/uploads\/2021\/10\/cropped-fgg.png\",\"width\":512,\"height\":512,\"caption\":\"Global Hookah\"},\"image\":{\"@id\":\"https:\/\/global-hookah.com\/#\/schema\/logo\/image\/\"}}]}<\/script>\n<!-- \/ Yoast SEO Premium plugin. -->","yoast_head_json":{"title":"Global-CN02Rebajas Vaporesso LUXE X Pod System Kit 1500mAh 5ml - Global Hookah","robots":{"index":"index","follow":"follow","max-snippet":"max-snippet:-1","max-image-preview":"max-image-preview:large","max-video-preview":"max-video-preview:-1"},"canonical":"https:\/\/global-hookah.com\/es\/producto\/global-cn02clearance-vaporesso-luxe-x-pod-system-kit-1500mah-5ml\/","og_locale":"es_ES","og_type":"article","og_title":"Global-CN02Clearance Vaporesso LUXE X Pod System Kit 1500mAh 5ml","og_description":"Vaporesso LUXE X Kit which innovative COREX heating technology. applied with unique Morph-Mesh structure. ensures more rapidly and evenly heating.","og_url":"https:\/\/global-hookah.com\/es\/producto\/global-cn02clearance-vaporesso-luxe-x-pod-system-kit-1500mah-5ml\/","og_site_name":"Global Hookah","article_modified_time":"2024-09-27T02:37:24+00:00","og_image":[{"width":1200,"height":1200,"url":"https:\/\/global-hookah.com\/wp-content\/uploads\/s2w-placeholder.png","type":"image\/png"}],"twitter_card":"summary_large_image","twitter_misc":{"Tiempo de lectura":"1 minuto"},"schema":{"@context":"https:\/\/schema.org","@graph":[{"@type":"WebPage","@id":"https:\/\/global-hookah.com\/product\/global-cn02clearance-vaporesso-luxe-x-pod-system-kit-1500mah-5ml\/","url":"https:\/\/global-hookah.com\/product\/global-cn02clearance-vaporesso-luxe-x-pod-system-kit-1500mah-5ml\/","name":"Global-CN02Rebajas Vaporesso LUXE X Pod System Kit 1500mAh 5ml - Global Hookah","isPartOf":{"@id":"https:\/\/global-hookah.com\/#website"},"primaryImageOfPage":{"@id":"https:\/\/global-hookah.com\/product\/global-cn02clearance-vaporesso-luxe-x-pod-system-kit-1500mah-5ml\/#primaryimage"},"image":{"@id":"https:\/\/global-hookah.com\/product\/global-cn02clearance-vaporesso-luxe-x-pod-system-kit-1500mah-5ml\/#primaryimage"},"thumbnailUrl":"https:\/\/global-hookah.com\/wp-content\/uploads\/2024\/09\/LUXE-X-Pod-Kit-1.jpg","datePublished":"2024-09-27T02:11:21+00:00","dateModified":"2024-09-27T02:37:24+00:00","breadcrumb":{"@id":"https:\/\/global-hookah.com\/product\/global-cn02clearance-vaporesso-luxe-x-pod-system-kit-1500mah-5ml\/#breadcrumb"},"inLanguage":"es","potentialAction":[{"@type":"ReadAction","target":["https:\/\/global-hookah.com\/product\/global-cn02clearance-vaporesso-luxe-x-pod-system-kit-1500mah-5ml\/"]}]},{"@type":"ImageObject","inLanguage":"es","@id":"https:\/\/global-hookah.com\/product\/global-cn02clearance-vaporesso-luxe-x-pod-system-kit-1500mah-5ml\/#primaryimage","url":"https:\/\/global-hookah.com\/wp-content\/uploads\/2024\/09\/LUXE-X-Pod-Kit-1.jpg","contentUrl":"https:\/\/global-hookah.com\/wp-content\/uploads\/2024\/09\/LUXE-X-Pod-Kit-1.jpg","width":800,"height":800},{"@type":"BreadcrumbList","@id":"https:\/\/global-hookah.com\/product\/global-cn02clearance-vaporesso-luxe-x-pod-system-kit-1500mah-5ml\/#breadcrumb","itemListElement":[{"@type":"ListItem","position":1,"name":"Home","item":"https:\/\/global-hookah.com\/"},{"@type":"ListItem","position":2,"name":"Shop","item":"https:\/\/global-hookah.com\/shop\/"},{"@type":"ListItem","position":3,"name":"Global-CN02Clearance Vaporesso LUXE X Pod System Kit 1500mAh 5ml"}]},{"@type":"WebSite","@id":"https:\/\/global-hookah.com\/#website","url":"https:\/\/global-hookah.com\/","name":"Global Hookah","description":"Global Hookah","publisher":{"@id":"https:\/\/global-hookah.com\/#organization"},"potentialAction":[{"@type":"SearchAction","target":{"@type":"EntryPoint","urlTemplate":"https:\/\/global-hookah.com\/?s={search_term_string}"},"query-input":{"@type":"PropertyValueSpecification","valueRequired":true,"valueName":"search_term_string"}}],"inLanguage":"es"},{"@type":"Organization","@id":"https:\/\/global-hookah.com\/#organization","name":"Global Hookah","url":"https:\/\/global-hookah.com\/","logo":{"@type":"ImageObject","inLanguage":"es","@id":"https:\/\/global-hookah.com\/#\/schema\/logo\/image\/","url":"https:\/\/global-hookah.com\/wp-content\/uploads\/2021\/10\/cropped-fgg.png","contentUrl":"https:\/\/global-hookah.com\/wp-content\/uploads\/2021\/10\/cropped-fgg.png","width":512,"height":512,"caption":"Global Hookah"},"image":{"@id":"https:\/\/global-hookah.com\/#\/schema\/logo\/image\/"}}]}},"_links":{"self":[{"href":"https:\/\/global-hookah.com\/es\/wp-json\/wp\/v2\/product\/29083","targetHints":{"allow":["GET"]}}],"collection":[{"href":"https:\/\/global-hookah.com\/es\/wp-json\/wp\/v2\/product"}],"about":[{"href":"https:\/\/global-hookah.com\/es\/wp-json\/wp\/v2\/types\/product"}],"replies":[{"embeddable":true,"href":"https:\/\/global-hookah.com\/es\/wp-json\/wp\/v2\/comments?post=29083"}],"version-history":[{"count":0,"href":"https:\/\/global-hookah.com\/es\/wp-json\/wp\/v2\/product\/29083\/revisions"}],"wp:featuredmedia":[{"embeddable":true,"href":"https:\/\/global-hookah.com\/es\/wp-json\/wp\/v2\/media\/29798"}],"wp:attachment":[{"href":"https:\/\/global-hookah.com\/es\/wp-json\/wp\/v2\/media?parent=29083"}],"wp:term":[{"taxonomy":"product_brand","embeddable":true,"href":"https:\/\/global-hookah.com\/es\/wp-json\/wp\/v2\/product_brand?post=29083"},{"taxonomy":"product_cat","embeddable":true,"href":"https:\/\/global-hookah.com\/es\/wp-json\/wp\/v2\/product_cat?post=29083"},{"taxonomy":"product_tag","embeddable":true,"href":"https:\/\/global-hookah.com\/es\/wp-json\/wp\/v2\/product_tag?post=29083"}],"curies":[{"name":"wp","href":"https:\/\/api.w.org\/{rel}","templated":true}]}}