{"id":29102,"date":"2024-09-27T02:11:28","date_gmt":"2024-09-27T02:11:28","guid":{"rendered":"https:\/\/global-hookah.com\/product\/global-cn02-vandy-vape-pulse-aio-mini-80w-kit-5ml\/"},"modified":"2024-09-27T02:44:33","modified_gmt":"2024-09-27T02:44:33","slug":"global-cn02-vandy-vape-pulse-aio-mini-80w-kit-5ml","status":"publish","type":"product","link":"https:\/\/global-hookah.com\/es\/producto\/global-cn02-vandy-vape-pulse-aio-mini-80w-kit-5ml\/","title":{"rendered":"Global-CN02 Vandy Vape Pulse AIO Mini 80W Kit 5ml"},"content":{"rendered":"<p>Vandy Vape Pulso AIO Mini Kit ofrece hasta 80W de salida. y m\u00e1s peque\u00f1o que el pulso original AIO y el pulso AIO 0.5. su tiene compatibilidad con una bater\u00eda externa 18650.he Mini tiene un Lexan EXL1414T policarbonato reforzado cuerpo para una gran protecci\u00f3n. Se incluye un Bot\u00f3n y Panel Cuadrado m\u00e1s un Bot\u00f3n y Panel Redondo. Usted recibir\u00e1 el Panel Frosted junto con el Panel Artsy.  El Vessel 2 RBA Tank DIY tiene una capacidad de 4.6ml. adem\u00e1s de ofrecerle un Vessel Pre-made Coil tank(VVC coils) de 5ml. El Vessel 2 DIY RBA Tank cuenta con un flujo de aire curvado de 180 grados para una experiencia vaping m\u00e1s aireado. Es f\u00e1cil. intuitivo. y notablemente funcional. la pantalla proporciona Temp Control. Voltaje. Bypass. y Smart Mode. Compatible con bobinas VVC. obviamente dise\u00f1ado para todo tipo de vapeo.<\/p>\n<p><strong><font color=\"#202e78\" size=\"4px\">Caracter\u00edsticas:<\/font><\/strong><br \/>1. Cuerpo reforzado de policarbonato Lexan EXL1414T.<br \/>2. Listo para la modificaci\u00f3n de bricolaje. Y Las Piezas Est\u00e1n Disponibles.<br \/>3. Recipiente Tanque de bobina prefabricada.<br \/>4. Compatible con bater\u00eda 18650.<br \/>5. Pasador positivo ajustable.<br \/>6. Peque\u00f1o y ligero.<br \/>7. Bot\u00f3n redondo incluido. Panel interior y bot\u00f3n redondo a juego.<br \/>8. 80w Max Con Wattage. Control de temperatura. Tensi\u00f3n. Bypass. y Modo Inteligente.<br \/>9. Vessel 2 DIY RBA Tanque Con Curva De 180 Grados De Flujo De Aire. Nuevo ajuste de flujo de aire adaptable RBA. Y Capacidad De 4,6 ml.<\/p>\n<p>Marca: Vandy Vape<br \/>Unidad: 1 Juego<br \/>Tama\u00f1o: 52,5*92,5*26,2 mm<br \/>Rango de potencia: 5-80W<br \/>Tensi\u00f3n de salida: 0,5-6,0 V<br \/>Corriente m\u00e1xima de salida: 32 A<br \/>Tensi\u00f3n de entrada de carga: 5+-0,25V<br \/>Resistencia: 0.05-3.0ohm(+-5%)<br \/>Corriente de carga: 1000mAh<br \/>Capacidad RBA Pod: 4.6ml<br \/>Capacidad del pod pre-construido: 5ml<br \/>Embalaje: Caja de regalo<\/p>\n<p><strong><font color=\"#202e78\" size=\"4px\">Cada juego contiene:<\/font><\/strong><br \/>1pc Pulse AIO Mini Dispositivo<br \/>1pc Pulso Recipiente RBA Tanque<br \/>1pc Recipiente de pulso Tanque pre-construido<br \/>Bobina 2pc VVC<br \/>2pc 24ga Ni80 Bobina 0.4ohm<br \/>1 bolsa de accesorios<br \/>1 unidad Gu\u00eda de bobina<br \/>1 llave inglesa<br \/>1 Manual de instrucciones<br \/>1pc QC TIPO-C Cable USB<br \/>1 juego de botones redondos<\/p>\n<p><img decoding=\"async\" src=\"https:\/\/global-hookah.com\/wp-content\/uploads\/2024\/09\/Pulse-AIO-Mini-80W-Kit-11.jpg?w=1248&amp;h=458\" alt=\"Vandy Vape Pulse AIO Mini Kit\"><br \/><img decoding=\"async\" src=\"https:\/\/global-hookah.com\/wp-content\/uploads\/2024\/09\/Pulse-AIO-Mini-80W-Kit-12.jpg?w=1248&amp;h=303\" alt=\"Vandy Vape Pulse AIO Mini Kit\"><br \/><img decoding=\"async\" src=\"https:\/\/global-hookah.com\/wp-content\/uploads\/2024\/09\/Pulse-AIO-Mini-80W-Kit-13.jpg?w=1248&amp;h=592\" alt=\"Vandy Vape Pulse AIO Mini Kit\"><br \/><img decoding=\"async\" src=\"https:\/\/global-hookah.com\/wp-content\/uploads\/2024\/09\/Pulse-AIO-Mini-80W-Kit-14.jpg?w=1248&amp;h=472\" alt=\"Vandy Vape Pulse AIO Mini Kit\"><br \/><img decoding=\"async\" src=\"https:\/\/global-hookah.com\/wp-content\/uploads\/2024\/09\/Pulse-AIO-Mini-80W-Kit-15.jpg?w=1248&amp;h=424\" alt=\"Vandy Vape Pulse AIO Mini Kit\"><br \/><img decoding=\"async\" src=\"https:\/\/global-hookah.com\/wp-content\/uploads\/2024\/09\/Pulse-AIO-Mini-80W-Kit-16.jpg?w=1248&amp;h=503\" alt=\"Vandy Vape Pulse AIO Mini Kit\"><br \/><img decoding=\"async\" src=\"https:\/\/global-hookah.com\/wp-content\/uploads\/2024\/09\/Pulse-AIO-Mini-80W-Kit-17.jpg?w=1248&amp;h=428\" alt=\"Vandy Vape Pulse AIO Mini Kit\"><br \/><img decoding=\"async\" src=\"https:\/\/global-hookah.com\/wp-content\/uploads\/2024\/09\/Pulse-AIO-Mini-80W-Kit-18.jpg?w=1248&amp;h=525\" alt=\"Vandy Vape Pulse AIO Mini Kit\"><br \/><img decoding=\"async\" src=\"https:\/\/global-hookah.com\/wp-content\/uploads\/2024\/09\/Pulse-AIO-Mini-80W-Kit-19.jpg?w=1248&amp;h=581\" alt=\"Vandy Vape Pulse AIO Mini Kit\"><br \/><img decoding=\"async\" src=\"https:\/\/global-hookah.com\/wp-content\/uploads\/2024\/09\/Pulse-AIO-Mini-80W-Kit-20.jpg?w=1248&amp;h=521\" alt=\"Vandy Vape Pulse AIO Mini Kit\"><br \/><img decoding=\"async\" src=\"https:\/\/global-hookah.com\/wp-content\/uploads\/2024\/09\/Pulse-AIO-Mini-80W-Kit-21.jpg?w=1248&amp;h=336\" alt=\"Vandy Vape Pulse AIO Mini Kit\"><br \/><img decoding=\"async\" src=\"https:\/\/global-hookah.com\/wp-content\/uploads\/2024\/09\/Pulse-AIO-Mini-80W-Kit-22.jpg?w=1248&amp;h=445\" alt=\"Vandy Vape Pulse AIO Mini Kit\"><br \/><img decoding=\"async\" src=\"https:\/\/global-hookah.com\/wp-content\/uploads\/2024\/09\/Pulse-AIO-Mini-80W-Kit-23.jpg?w=1248&amp;h=441\" alt=\"Vandy Vape Pulse AIO Mini Kit\"><br \/><img decoding=\"async\" src=\"https:\/\/global-hookah.com\/wp-content\/uploads\/2024\/09\/Pulse-AIO-Mini-80W-Kit-24.jpg?w=1248&amp;h=465\" alt=\"Vandy Vape Pulse AIO Mini Kit\"><br \/><img decoding=\"async\" src=\"https:\/\/global-hookah.com\/wp-content\/uploads\/2024\/09\/Pulse-AIO-Mini-80W-Kit-25.jpg?w=1248&amp;h=428\" alt=\"Vandy Vape Pulse AIO Mini Kit\"><br \/><img decoding=\"async\" src=\"https:\/\/global-hookah.com\/wp-content\/uploads\/2024\/09\/Pulse-AIO-Mini-80W-Kit-26.jpg?w=1248&amp;h=434\" alt=\"Vandy Vape Pulse AIO Mini Kit\"><br \/><img decoding=\"async\" src=\"https:\/\/global-hookah.com\/wp-content\/uploads\/2024\/09\/Pulse-AIO-Mini-80W-Kit-27.jpg?w=1248&amp;h=398\" alt=\"Vandy Vape Pulse AIO Mini Kit\"><br \/><img decoding=\"async\" src=\"https:\/\/global-hookah.com\/wp-content\/uploads\/2024\/09\/Pulse-AIO-Mini-80W-Kit-28.jpg?w=1248&amp;h=494\" alt=\"Vandy Vape Pulse AIO Mini Kit\"><br \/><img decoding=\"async\" src=\"https:\/\/global-hookah.com\/wp-content\/uploads\/2024\/09\/Pulse-AIO-Mini-80W-Kit-29.jpg?w=1248&amp;h=823\" alt=\"Vandy Vape Pulse AIO Mini Kit\"><\/p>","protected":false},"excerpt":{"rendered":"<p>Vandy Vape Pulse AIO Mini Kit ofrece hasta 80W de salida. y m\u00e1s peque\u00f1o que el Original Pulse AIO y el<\/p>","protected":false},"featured_media":29854,"comment_status":"closed","ping_status":"closed","template":"","meta":{"iawp_total_views":0,"_joinchat":[]},"product_brand":[],"product_cat":[415],"product_tag":[],"class_list":{"0":"post-29102","1":"product","2":"type-product","3":"status-publish","4":"has-post-thumbnail","6":"product_cat-accessories","8":"first","9":"instock","10":"sale","11":"shipping-taxable","12":"purchasable","13":"product-type-variable"},"yoast_head":"<!-- This site is optimized with the Yoast SEO Premium plugin v24.7 (Yoast SEO v26.8) - https:\/\/yoast.com\/product\/yoast-seo-premium-wordpress\/ -->\n<title>Global-CN02 Vandy Vape Pulse AIO Mini 80W Kit 5ml - Global Hookah<\/title>\n<meta name=\"robots\" content=\"index, follow, max-snippet:-1, max-image-preview:large, max-video-preview:-1\" \/>\n<link rel=\"canonical\" href=\"https:\/\/global-hookah.com\/es\/producto\/global-cn02-vandy-vape-pulse-aio-mini-80w-kit-5ml\/\" \/>\n<meta property=\"og:locale\" content=\"es_ES\" \/>\n<meta property=\"og:type\" content=\"article\" \/>\n<meta property=\"og:title\" content=\"Global-CN02 Vandy Vape Pulse AIO Mini 80W Kit 5ml\" \/>\n<meta property=\"og:description\" content=\"Vandy Vape Pulse AIO Mini Kit delivers up to 80W output. and smaller than the Original Pulse AIO &amp; the\" \/>\n<meta property=\"og:url\" content=\"https:\/\/global-hookah.com\/es\/producto\/global-cn02-vandy-vape-pulse-aio-mini-80w-kit-5ml\/\" \/>\n<meta property=\"og:site_name\" content=\"Global Hookah\" \/>\n<meta property=\"article:modified_time\" content=\"2024-09-27T02:44:33+00:00\" \/>\n<meta property=\"og:image\" content=\"https:\/\/global-hookah.com\/wp-content\/uploads\/2024\/09\/Pulse-AIO-Mini-80W-Kit-1.jpg\" \/>\n\t<meta property=\"og:image:width\" content=\"800\" \/>\n\t<meta property=\"og:image:height\" content=\"800\" \/>\n\t<meta property=\"og:image:type\" content=\"image\/jpeg\" \/>\n<meta name=\"twitter:card\" content=\"summary_large_image\" \/>\n<meta name=\"twitter:label1\" content=\"Tiempo de lectura\" \/>\n\t<meta name=\"twitter:data1\" content=\"1 minuto\" \/>\n<script type=\"application\/ld+json\" class=\"yoast-schema-graph\">{\"@context\":\"https:\/\/schema.org\",\"@graph\":[{\"@type\":\"WebPage\",\"@id\":\"https:\/\/global-hookah.com\/product\/global-cn02-vandy-vape-pulse-aio-mini-80w-kit-5ml\/\",\"url\":\"https:\/\/global-hookah.com\/product\/global-cn02-vandy-vape-pulse-aio-mini-80w-kit-5ml\/\",\"name\":\"Global-CN02 Vandy Vape Pulse AIO Mini 80W Kit 5ml - Global Hookah\",\"isPartOf\":{\"@id\":\"https:\/\/global-hookah.com\/#website\"},\"primaryImageOfPage\":{\"@id\":\"https:\/\/global-hookah.com\/product\/global-cn02-vandy-vape-pulse-aio-mini-80w-kit-5ml\/#primaryimage\"},\"image\":{\"@id\":\"https:\/\/global-hookah.com\/product\/global-cn02-vandy-vape-pulse-aio-mini-80w-kit-5ml\/#primaryimage\"},\"thumbnailUrl\":\"https:\/\/global-hookah.com\/wp-content\/uploads\/2024\/09\/Pulse-AIO-Mini-80W-Kit-1.jpg\",\"datePublished\":\"2024-09-27T02:11:28+00:00\",\"dateModified\":\"2024-09-27T02:44:33+00:00\",\"breadcrumb\":{\"@id\":\"https:\/\/global-hookah.com\/product\/global-cn02-vandy-vape-pulse-aio-mini-80w-kit-5ml\/#breadcrumb\"},\"inLanguage\":\"es\",\"potentialAction\":[{\"@type\":\"ReadAction\",\"target\":[\"https:\/\/global-hookah.com\/product\/global-cn02-vandy-vape-pulse-aio-mini-80w-kit-5ml\/\"]}]},{\"@type\":\"ImageObject\",\"inLanguage\":\"es\",\"@id\":\"https:\/\/global-hookah.com\/product\/global-cn02-vandy-vape-pulse-aio-mini-80w-kit-5ml\/#primaryimage\",\"url\":\"https:\/\/global-hookah.com\/wp-content\/uploads\/2024\/09\/Pulse-AIO-Mini-80W-Kit-1.jpg\",\"contentUrl\":\"https:\/\/global-hookah.com\/wp-content\/uploads\/2024\/09\/Pulse-AIO-Mini-80W-Kit-1.jpg\",\"width\":800,\"height\":800},{\"@type\":\"BreadcrumbList\",\"@id\":\"https:\/\/global-hookah.com\/product\/global-cn02-vandy-vape-pulse-aio-mini-80w-kit-5ml\/#breadcrumb\",\"itemListElement\":[{\"@type\":\"ListItem\",\"position\":1,\"name\":\"Home\",\"item\":\"https:\/\/global-hookah.com\/\"},{\"@type\":\"ListItem\",\"position\":2,\"name\":\"Shop\",\"item\":\"https:\/\/global-hookah.com\/shop\/\"},{\"@type\":\"ListItem\",\"position\":3,\"name\":\"Global-CN02 Vandy Vape Pulse AIO Mini 80W Kit 5ml\"}]},{\"@type\":\"WebSite\",\"@id\":\"https:\/\/global-hookah.com\/#website\",\"url\":\"https:\/\/global-hookah.com\/\",\"name\":\"Global Hookah\",\"description\":\"Global Hookah\",\"publisher\":{\"@id\":\"https:\/\/global-hookah.com\/#organization\"},\"potentialAction\":[{\"@type\":\"SearchAction\",\"target\":{\"@type\":\"EntryPoint\",\"urlTemplate\":\"https:\/\/global-hookah.com\/?s={search_term_string}\"},\"query-input\":{\"@type\":\"PropertyValueSpecification\",\"valueRequired\":true,\"valueName\":\"search_term_string\"}}],\"inLanguage\":\"es\"},{\"@type\":\"Organization\",\"@id\":\"https:\/\/global-hookah.com\/#organization\",\"name\":\"Global Hookah\",\"url\":\"https:\/\/global-hookah.com\/\",\"logo\":{\"@type\":\"ImageObject\",\"inLanguage\":\"es\",\"@id\":\"https:\/\/global-hookah.com\/#\/schema\/logo\/image\/\",\"url\":\"https:\/\/global-hookah.com\/wp-content\/uploads\/2021\/10\/cropped-fgg.png\",\"contentUrl\":\"https:\/\/global-hookah.com\/wp-content\/uploads\/2021\/10\/cropped-fgg.png\",\"width\":512,\"height\":512,\"caption\":\"Global Hookah\"},\"image\":{\"@id\":\"https:\/\/global-hookah.com\/#\/schema\/logo\/image\/\"}}]}<\/script>\n<!-- \/ Yoast SEO Premium plugin. -->","yoast_head_json":{"title":"Global-CN02 Vandy Vape Pulse AIO Mini 80W Kit 5ml - Global Hookah","robots":{"index":"index","follow":"follow","max-snippet":"max-snippet:-1","max-image-preview":"max-image-preview:large","max-video-preview":"max-video-preview:-1"},"canonical":"https:\/\/global-hookah.com\/es\/producto\/global-cn02-vandy-vape-pulse-aio-mini-80w-kit-5ml\/","og_locale":"es_ES","og_type":"article","og_title":"Global-CN02 Vandy Vape Pulse AIO Mini 80W Kit 5ml","og_description":"Vandy Vape Pulse AIO Mini Kit delivers up to 80W output. and smaller than the Original Pulse AIO &amp; the","og_url":"https:\/\/global-hookah.com\/es\/producto\/global-cn02-vandy-vape-pulse-aio-mini-80w-kit-5ml\/","og_site_name":"Global Hookah","article_modified_time":"2024-09-27T02:44:33+00:00","og_image":[{"width":800,"height":800,"url":"https:\/\/global-hookah.com\/wp-content\/uploads\/2024\/09\/Pulse-AIO-Mini-80W-Kit-1.jpg","type":"image\/jpeg"}],"twitter_card":"summary_large_image","twitter_misc":{"Tiempo de lectura":"1 minuto"},"schema":{"@context":"https:\/\/schema.org","@graph":[{"@type":"WebPage","@id":"https:\/\/global-hookah.com\/product\/global-cn02-vandy-vape-pulse-aio-mini-80w-kit-5ml\/","url":"https:\/\/global-hookah.com\/product\/global-cn02-vandy-vape-pulse-aio-mini-80w-kit-5ml\/","name":"Global-CN02 Vandy Vape Pulse AIO Mini 80W Kit 5ml - Global Hookah","isPartOf":{"@id":"https:\/\/global-hookah.com\/#website"},"primaryImageOfPage":{"@id":"https:\/\/global-hookah.com\/product\/global-cn02-vandy-vape-pulse-aio-mini-80w-kit-5ml\/#primaryimage"},"image":{"@id":"https:\/\/global-hookah.com\/product\/global-cn02-vandy-vape-pulse-aio-mini-80w-kit-5ml\/#primaryimage"},"thumbnailUrl":"https:\/\/global-hookah.com\/wp-content\/uploads\/2024\/09\/Pulse-AIO-Mini-80W-Kit-1.jpg","datePublished":"2024-09-27T02:11:28+00:00","dateModified":"2024-09-27T02:44:33+00:00","breadcrumb":{"@id":"https:\/\/global-hookah.com\/product\/global-cn02-vandy-vape-pulse-aio-mini-80w-kit-5ml\/#breadcrumb"},"inLanguage":"es","potentialAction":[{"@type":"ReadAction","target":["https:\/\/global-hookah.com\/product\/global-cn02-vandy-vape-pulse-aio-mini-80w-kit-5ml\/"]}]},{"@type":"ImageObject","inLanguage":"es","@id":"https:\/\/global-hookah.com\/product\/global-cn02-vandy-vape-pulse-aio-mini-80w-kit-5ml\/#primaryimage","url":"https:\/\/global-hookah.com\/wp-content\/uploads\/2024\/09\/Pulse-AIO-Mini-80W-Kit-1.jpg","contentUrl":"https:\/\/global-hookah.com\/wp-content\/uploads\/2024\/09\/Pulse-AIO-Mini-80W-Kit-1.jpg","width":800,"height":800},{"@type":"BreadcrumbList","@id":"https:\/\/global-hookah.com\/product\/global-cn02-vandy-vape-pulse-aio-mini-80w-kit-5ml\/#breadcrumb","itemListElement":[{"@type":"ListItem","position":1,"name":"Home","item":"https:\/\/global-hookah.com\/"},{"@type":"ListItem","position":2,"name":"Shop","item":"https:\/\/global-hookah.com\/shop\/"},{"@type":"ListItem","position":3,"name":"Global-CN02 Vandy Vape Pulse AIO Mini 80W Kit 5ml"}]},{"@type":"WebSite","@id":"https:\/\/global-hookah.com\/#website","url":"https:\/\/global-hookah.com\/","name":"Global Hookah","description":"Global Hookah","publisher":{"@id":"https:\/\/global-hookah.com\/#organization"},"potentialAction":[{"@type":"SearchAction","target":{"@type":"EntryPoint","urlTemplate":"https:\/\/global-hookah.com\/?s={search_term_string}"},"query-input":{"@type":"PropertyValueSpecification","valueRequired":true,"valueName":"search_term_string"}}],"inLanguage":"es"},{"@type":"Organization","@id":"https:\/\/global-hookah.com\/#organization","name":"Global Hookah","url":"https:\/\/global-hookah.com\/","logo":{"@type":"ImageObject","inLanguage":"es","@id":"https:\/\/global-hookah.com\/#\/schema\/logo\/image\/","url":"https:\/\/global-hookah.com\/wp-content\/uploads\/2021\/10\/cropped-fgg.png","contentUrl":"https:\/\/global-hookah.com\/wp-content\/uploads\/2021\/10\/cropped-fgg.png","width":512,"height":512,"caption":"Global Hookah"},"image":{"@id":"https:\/\/global-hookah.com\/#\/schema\/logo\/image\/"}}]}},"_links":{"self":[{"href":"https:\/\/global-hookah.com\/es\/wp-json\/wp\/v2\/product\/29102","targetHints":{"allow":["GET"]}}],"collection":[{"href":"https:\/\/global-hookah.com\/es\/wp-json\/wp\/v2\/product"}],"about":[{"href":"https:\/\/global-hookah.com\/es\/wp-json\/wp\/v2\/types\/product"}],"replies":[{"embeddable":true,"href":"https:\/\/global-hookah.com\/es\/wp-json\/wp\/v2\/comments?post=29102"}],"version-history":[{"count":0,"href":"https:\/\/global-hookah.com\/es\/wp-json\/wp\/v2\/product\/29102\/revisions"}],"wp:featuredmedia":[{"embeddable":true,"href":"https:\/\/global-hookah.com\/es\/wp-json\/wp\/v2\/media\/29854"}],"wp:attachment":[{"href":"https:\/\/global-hookah.com\/es\/wp-json\/wp\/v2\/media?parent=29102"}],"wp:term":[{"taxonomy":"product_brand","embeddable":true,"href":"https:\/\/global-hookah.com\/es\/wp-json\/wp\/v2\/product_brand?post=29102"},{"taxonomy":"product_cat","embeddable":true,"href":"https:\/\/global-hookah.com\/es\/wp-json\/wp\/v2\/product_cat?post=29102"},{"taxonomy":"product_tag","embeddable":true,"href":"https:\/\/global-hookah.com\/es\/wp-json\/wp\/v2\/product_tag?post=29102"}],"curies":[{"name":"wp","href":"https:\/\/api.w.org\/{rel}","templated":true}]}}