{"id":29117,"date":"2024-09-27T02:11:29","date_gmt":"2024-09-27T02:11:29","guid":{"rendered":"https:\/\/global-hookah.com\/product\/global-cn02pre-order-uwell-cozi-pod-system-kit-800mah-6ml\/"},"modified":"2024-09-27T02:44:34","modified_gmt":"2024-09-27T02:44:34","slug":"global-cn02pre-order-uwell-cozi-pod-system-kit-800mah-6ml","status":"publish","type":"product","link":"https:\/\/global-hookah.com\/es\/producto\/global-cn02pre-order-uwell-cozi-pod-system-kit-800mah-6ml\/","title":{"rendered":"Global-CN02Pre-pedido Uwell COZI Pod System Kit 800mAh 6ml"},"content":{"rendered":"<p>Uwell COZI Pod System Kit es un kit de pod ultra-compacto ideal para principiantes. Alimentado por una bater\u00eda recargable de 800mAh, el dispositivo tambi\u00e9n cuenta con carga r\u00e1pida de tipo C, lo que garantiza que siempre est\u00e9 listo para vapear. El kit viene con una gran vaina de 6 ml de capacidad con una bobina de 0,6ohm integrada.  Disponible en varios colores vibrantes. el COZI Pod Kit ofrece un aspecto fresco y animado.simple y f\u00e1cil de usar para starters.get r\u00e1pidamente y disfrutar de su vape.<\/p>\n<p><strong><font color=\"#ff7301\" size=\"4px\">Caracter\u00edsticas:<\/font><\/strong><br \/>1. Animaci\u00f3n de pantalla HD que lo dice todo: 0.96inch HD pantalla muestra todos sus detalles vaping<br \/>2. M\u00e1xima flexibilidad en el cambio de vainas: Nunca te equivoques con las vainas PF o a\u00f1ade tu propio LQ favorito en vainas abiertas<br \/>3. Potencia de salida ajustable . De 8W a 25W: Adapta tus preferencias . haciendo que cada calada sea ideal y satisfactoria.<br \/>4. Flujo de aire ajustable. Se adapta a sus preferencias: Ya sea m\u00e1s suave o m\u00e1s apretado vape . depende de usted<br \/>5. Est\u00e9tica de tocadiscos \u00fanica: Destaca este peque\u00f1o artilugio con un divertido icono retro<br \/>6. Bater\u00eda de 800 mah de capacidad: Permite vapear durante d\u00edas sin preocuparse por la bater\u00eda<br \/>7. Pro-focs FLV Tech: As\u00ed es como FLV distingue a los productos UWELL<\/p>\n<p>Marca:Uwell<br \/>Materiales: PCTG Aluminio Allo<br \/>Dimensiones: 47 * 23 * 44 mm (Vaina recargable )<br \/>47 * 24 * 45 mm (Dispositivo)<br \/>47 * 24 * 79 mm (sistema de vaina abierta)<br \/>Compatible con Uwell COZI Pod Cartucho (6ml)\/COZI PF Pod Cartucho<br \/>Capacidad de la bater\u00eda: 800 mah<br \/>E-LQ Capacidad 6ml<br \/>Potencia de salida: 8-25 W<br \/>Resistencia: 0.6ohm<br \/>Puerto de carga: TIPO-C<\/p>\n<p><strong><font color=\"#ff7301\" size=\"4px\">Cada juego contiene:<\/font><\/strong><br \/>1pc Uwell COZI Pod System Kit<br \/>1 pieza Manual<br \/><img decoding=\"async\" src=\"https:\/\/global-hookah.com\/wp-content\/uploads\/2024\/09\/uwell-cozi-pod-kit-01.jpg?w=1250&amp;h=599\" alt=\"Uwell COZI Pod Kit \"><br \/><img decoding=\"async\" src=\"https:\/\/global-hookah.com\/wp-content\/uploads\/2024\/09\/uwell-cozi-pod-kit-03.jpg?w=1250&amp;h=169\" alt=\"Uwell COZI Pod Kit \"><br \/><img decoding=\"async\" src=\"https:\/\/global-hookah.com\/wp-content\/uploads\/2024\/09\/uwell-cozi-pod-kit-05.jpg?w=1250&amp;h=598\" alt=\"Uwell COZI Pod Kit \"><br \/><img decoding=\"async\" src=\"https:\/\/global-hookah.com\/wp-content\/uploads\/2024\/09\/uwell-cozi-pod-kit-06.jpg?w=1250&amp;h=597\" alt=\"Uwell COZI Pod Kit \"><br \/><img decoding=\"async\" src=\"https:\/\/global-hookah.com\/wp-content\/uploads\/2024\/09\/uwell-cozi-pod-kit-07.jpg?w=1250&amp;h=599\" alt=\"Uwell COZI Pod Kit \"><br \/><img decoding=\"async\" src=\"https:\/\/global-hookah.com\/wp-content\/uploads\/2024\/09\/uwell-cozi-pod-kit-08.jpg?w=1250&amp;h=715\" alt=\"Uwell COZI Pod Kit \"><br \/><img decoding=\"async\" src=\"https:\/\/global-hookah.com\/wp-content\/uploads\/2024\/09\/uwell-cozi-pod-kit-09.jpg?w=1250&amp;h=601\" alt=\"Uwell COZI Pod Kit \"><br \/><img decoding=\"async\" src=\"https:\/\/global-hookah.com\/wp-content\/uploads\/2024\/09\/uwell-cozi-pod-kit-10.jpg?w=1250&amp;h=599\" alt=\"Uwell COZI Pod Kit \"><br \/><img decoding=\"async\" src=\"https:\/\/global-hookah.com\/wp-content\/uploads\/2024\/09\/uwell-cozi-pod-kit-11.jpg?w=1250&amp;h=598\" alt=\"Uwell COZI Pod Kit \"><\/p>\n<p><\/p>","protected":false},"excerpt":{"rendered":"<p>Uwell COZI Pod System Kit es un kit de pod ultra-compacto ideal para principiantes. Alimentado por una bater\u00eda recargable de 800mAh.El dispositivo<\/p>","protected":false},"featured_media":29886,"comment_status":"closed","ping_status":"closed","template":"","meta":{"iawp_total_views":2,"_joinchat":[]},"product_brand":[],"product_cat":[415],"product_tag":[],"class_list":{"0":"post-29117","1":"product","2":"type-product","3":"status-publish","4":"has-post-thumbnail","6":"product_cat-accessories","8":"first","9":"instock","10":"sale","11":"shipping-taxable","12":"purchasable","13":"product-type-variable"},"yoast_head":"<!-- This site is optimized with the Yoast SEO Premium plugin v24.7 (Yoast SEO v26.8) - https:\/\/yoast.com\/product\/yoast-seo-premium-wordpress\/ -->\n<title>Global-CN02Pre-order Uwell COZI Pod System Kit 800mAh 6ml - Global Hookah<\/title>\n<meta name=\"robots\" content=\"index, follow, max-snippet:-1, max-image-preview:large, max-video-preview:-1\" \/>\n<link rel=\"canonical\" href=\"https:\/\/global-hookah.com\/es\/producto\/global-cn02pre-order-uwell-cozi-pod-system-kit-800mah-6ml\/\" \/>\n<meta property=\"og:locale\" content=\"es_ES\" \/>\n<meta property=\"og:type\" content=\"article\" \/>\n<meta property=\"og:title\" content=\"Global-CN02Pre-order Uwell COZI Pod System Kit 800mAh 6ml\" \/>\n<meta property=\"og:description\" content=\"Uwell COZI Pod System Kit is an ultra-compact pod kit ideal for beginners. Powered by an 800mAh rechargeable battery.The device\" \/>\n<meta property=\"og:url\" content=\"https:\/\/global-hookah.com\/es\/producto\/global-cn02pre-order-uwell-cozi-pod-system-kit-800mah-6ml\/\" \/>\n<meta property=\"og:site_name\" content=\"Global Hookah\" \/>\n<meta property=\"article:modified_time\" content=\"2024-09-27T02:44:34+00:00\" \/>\n<meta property=\"og:image\" content=\"https:\/\/global-hookah.com\/wp-content\/uploads\/2024\/09\/uwell-cozi-kit-2.jpg\" \/>\n\t<meta property=\"og:image:width\" content=\"800\" \/>\n\t<meta property=\"og:image:height\" content=\"800\" \/>\n\t<meta property=\"og:image:type\" content=\"image\/jpeg\" \/>\n<meta name=\"twitter:card\" content=\"summary_large_image\" \/>\n<meta name=\"twitter:label1\" content=\"Tiempo de lectura\" \/>\n\t<meta name=\"twitter:data1\" content=\"1 minuto\" \/>\n<script type=\"application\/ld+json\" class=\"yoast-schema-graph\">{\"@context\":\"https:\/\/schema.org\",\"@graph\":[{\"@type\":\"WebPage\",\"@id\":\"https:\/\/global-hookah.com\/product\/global-cn02pre-order-uwell-cozi-pod-system-kit-800mah-6ml\/\",\"url\":\"https:\/\/global-hookah.com\/product\/global-cn02pre-order-uwell-cozi-pod-system-kit-800mah-6ml\/\",\"name\":\"Global-CN02Pre-order Uwell COZI Pod System Kit 800mAh 6ml - Global Hookah\",\"isPartOf\":{\"@id\":\"https:\/\/global-hookah.com\/#website\"},\"primaryImageOfPage\":{\"@id\":\"https:\/\/global-hookah.com\/product\/global-cn02pre-order-uwell-cozi-pod-system-kit-800mah-6ml\/#primaryimage\"},\"image\":{\"@id\":\"https:\/\/global-hookah.com\/product\/global-cn02pre-order-uwell-cozi-pod-system-kit-800mah-6ml\/#primaryimage\"},\"thumbnailUrl\":\"https:\/\/global-hookah.com\/wp-content\/uploads\/2024\/09\/uwell-cozi-kit-2.jpg\",\"datePublished\":\"2024-09-27T02:11:29+00:00\",\"dateModified\":\"2024-09-27T02:44:34+00:00\",\"breadcrumb\":{\"@id\":\"https:\/\/global-hookah.com\/product\/global-cn02pre-order-uwell-cozi-pod-system-kit-800mah-6ml\/#breadcrumb\"},\"inLanguage\":\"es\",\"potentialAction\":[{\"@type\":\"ReadAction\",\"target\":[\"https:\/\/global-hookah.com\/product\/global-cn02pre-order-uwell-cozi-pod-system-kit-800mah-6ml\/\"]}]},{\"@type\":\"ImageObject\",\"inLanguage\":\"es\",\"@id\":\"https:\/\/global-hookah.com\/product\/global-cn02pre-order-uwell-cozi-pod-system-kit-800mah-6ml\/#primaryimage\",\"url\":\"https:\/\/global-hookah.com\/wp-content\/uploads\/2024\/09\/uwell-cozi-kit-2.jpg\",\"contentUrl\":\"https:\/\/global-hookah.com\/wp-content\/uploads\/2024\/09\/uwell-cozi-kit-2.jpg\",\"width\":800,\"height\":800},{\"@type\":\"BreadcrumbList\",\"@id\":\"https:\/\/global-hookah.com\/product\/global-cn02pre-order-uwell-cozi-pod-system-kit-800mah-6ml\/#breadcrumb\",\"itemListElement\":[{\"@type\":\"ListItem\",\"position\":1,\"name\":\"Home\",\"item\":\"https:\/\/global-hookah.com\/\"},{\"@type\":\"ListItem\",\"position\":2,\"name\":\"Shop\",\"item\":\"https:\/\/global-hookah.com\/shop\/\"},{\"@type\":\"ListItem\",\"position\":3,\"name\":\"Global-CN02Pre-order Uwell COZI Pod System Kit 800mAh 6ml\"}]},{\"@type\":\"WebSite\",\"@id\":\"https:\/\/global-hookah.com\/#website\",\"url\":\"https:\/\/global-hookah.com\/\",\"name\":\"Global Hookah\",\"description\":\"Global Hookah\",\"publisher\":{\"@id\":\"https:\/\/global-hookah.com\/#organization\"},\"potentialAction\":[{\"@type\":\"SearchAction\",\"target\":{\"@type\":\"EntryPoint\",\"urlTemplate\":\"https:\/\/global-hookah.com\/?s={search_term_string}\"},\"query-input\":{\"@type\":\"PropertyValueSpecification\",\"valueRequired\":true,\"valueName\":\"search_term_string\"}}],\"inLanguage\":\"es\"},{\"@type\":\"Organization\",\"@id\":\"https:\/\/global-hookah.com\/#organization\",\"name\":\"Global Hookah\",\"url\":\"https:\/\/global-hookah.com\/\",\"logo\":{\"@type\":\"ImageObject\",\"inLanguage\":\"es\",\"@id\":\"https:\/\/global-hookah.com\/#\/schema\/logo\/image\/\",\"url\":\"https:\/\/global-hookah.com\/wp-content\/uploads\/2021\/10\/cropped-fgg.png\",\"contentUrl\":\"https:\/\/global-hookah.com\/wp-content\/uploads\/2021\/10\/cropped-fgg.png\",\"width\":512,\"height\":512,\"caption\":\"Global Hookah\"},\"image\":{\"@id\":\"https:\/\/global-hookah.com\/#\/schema\/logo\/image\/\"}}]}<\/script>\n<!-- \/ Yoast SEO Premium plugin. -->","yoast_head_json":{"title":"Global-CN02Pre-pedido Uwell COZI Pod System Kit 800mAh 6ml - Global Hookah","robots":{"index":"index","follow":"follow","max-snippet":"max-snippet:-1","max-image-preview":"max-image-preview:large","max-video-preview":"max-video-preview:-1"},"canonical":"https:\/\/global-hookah.com\/es\/producto\/global-cn02pre-order-uwell-cozi-pod-system-kit-800mah-6ml\/","og_locale":"es_ES","og_type":"article","og_title":"Global-CN02Pre-order Uwell COZI Pod System Kit 800mAh 6ml","og_description":"Uwell COZI Pod System Kit is an ultra-compact pod kit ideal for beginners. Powered by an 800mAh rechargeable battery.The device","og_url":"https:\/\/global-hookah.com\/es\/producto\/global-cn02pre-order-uwell-cozi-pod-system-kit-800mah-6ml\/","og_site_name":"Global Hookah","article_modified_time":"2024-09-27T02:44:34+00:00","og_image":[{"width":800,"height":800,"url":"https:\/\/global-hookah.com\/wp-content\/uploads\/2024\/09\/uwell-cozi-kit-2.jpg","type":"image\/jpeg"}],"twitter_card":"summary_large_image","twitter_misc":{"Tiempo de lectura":"1 minuto"},"schema":{"@context":"https:\/\/schema.org","@graph":[{"@type":"WebPage","@id":"https:\/\/global-hookah.com\/product\/global-cn02pre-order-uwell-cozi-pod-system-kit-800mah-6ml\/","url":"https:\/\/global-hookah.com\/product\/global-cn02pre-order-uwell-cozi-pod-system-kit-800mah-6ml\/","name":"Global-CN02Pre-pedido Uwell COZI Pod System Kit 800mAh 6ml - Global Hookah","isPartOf":{"@id":"https:\/\/global-hookah.com\/#website"},"primaryImageOfPage":{"@id":"https:\/\/global-hookah.com\/product\/global-cn02pre-order-uwell-cozi-pod-system-kit-800mah-6ml\/#primaryimage"},"image":{"@id":"https:\/\/global-hookah.com\/product\/global-cn02pre-order-uwell-cozi-pod-system-kit-800mah-6ml\/#primaryimage"},"thumbnailUrl":"https:\/\/global-hookah.com\/wp-content\/uploads\/2024\/09\/uwell-cozi-kit-2.jpg","datePublished":"2024-09-27T02:11:29+00:00","dateModified":"2024-09-27T02:44:34+00:00","breadcrumb":{"@id":"https:\/\/global-hookah.com\/product\/global-cn02pre-order-uwell-cozi-pod-system-kit-800mah-6ml\/#breadcrumb"},"inLanguage":"es","potentialAction":[{"@type":"ReadAction","target":["https:\/\/global-hookah.com\/product\/global-cn02pre-order-uwell-cozi-pod-system-kit-800mah-6ml\/"]}]},{"@type":"ImageObject","inLanguage":"es","@id":"https:\/\/global-hookah.com\/product\/global-cn02pre-order-uwell-cozi-pod-system-kit-800mah-6ml\/#primaryimage","url":"https:\/\/global-hookah.com\/wp-content\/uploads\/2024\/09\/uwell-cozi-kit-2.jpg","contentUrl":"https:\/\/global-hookah.com\/wp-content\/uploads\/2024\/09\/uwell-cozi-kit-2.jpg","width":800,"height":800},{"@type":"BreadcrumbList","@id":"https:\/\/global-hookah.com\/product\/global-cn02pre-order-uwell-cozi-pod-system-kit-800mah-6ml\/#breadcrumb","itemListElement":[{"@type":"ListItem","position":1,"name":"Home","item":"https:\/\/global-hookah.com\/"},{"@type":"ListItem","position":2,"name":"Shop","item":"https:\/\/global-hookah.com\/shop\/"},{"@type":"ListItem","position":3,"name":"Global-CN02Pre-order Uwell COZI Pod System Kit 800mAh 6ml"}]},{"@type":"WebSite","@id":"https:\/\/global-hookah.com\/#website","url":"https:\/\/global-hookah.com\/","name":"Global Hookah","description":"Global Hookah","publisher":{"@id":"https:\/\/global-hookah.com\/#organization"},"potentialAction":[{"@type":"SearchAction","target":{"@type":"EntryPoint","urlTemplate":"https:\/\/global-hookah.com\/?s={search_term_string}"},"query-input":{"@type":"PropertyValueSpecification","valueRequired":true,"valueName":"search_term_string"}}],"inLanguage":"es"},{"@type":"Organization","@id":"https:\/\/global-hookah.com\/#organization","name":"Global Hookah","url":"https:\/\/global-hookah.com\/","logo":{"@type":"ImageObject","inLanguage":"es","@id":"https:\/\/global-hookah.com\/#\/schema\/logo\/image\/","url":"https:\/\/global-hookah.com\/wp-content\/uploads\/2021\/10\/cropped-fgg.png","contentUrl":"https:\/\/global-hookah.com\/wp-content\/uploads\/2021\/10\/cropped-fgg.png","width":512,"height":512,"caption":"Global Hookah"},"image":{"@id":"https:\/\/global-hookah.com\/#\/schema\/logo\/image\/"}}]}},"_links":{"self":[{"href":"https:\/\/global-hookah.com\/es\/wp-json\/wp\/v2\/product\/29117","targetHints":{"allow":["GET"]}}],"collection":[{"href":"https:\/\/global-hookah.com\/es\/wp-json\/wp\/v2\/product"}],"about":[{"href":"https:\/\/global-hookah.com\/es\/wp-json\/wp\/v2\/types\/product"}],"replies":[{"embeddable":true,"href":"https:\/\/global-hookah.com\/es\/wp-json\/wp\/v2\/comments?post=29117"}],"version-history":[{"count":0,"href":"https:\/\/global-hookah.com\/es\/wp-json\/wp\/v2\/product\/29117\/revisions"}],"wp:featuredmedia":[{"embeddable":true,"href":"https:\/\/global-hookah.com\/es\/wp-json\/wp\/v2\/media\/29886"}],"wp:attachment":[{"href":"https:\/\/global-hookah.com\/es\/wp-json\/wp\/v2\/media?parent=29117"}],"wp:term":[{"taxonomy":"product_brand","embeddable":true,"href":"https:\/\/global-hookah.com\/es\/wp-json\/wp\/v2\/product_brand?post=29117"},{"taxonomy":"product_cat","embeddable":true,"href":"https:\/\/global-hookah.com\/es\/wp-json\/wp\/v2\/product_cat?post=29117"},{"taxonomy":"product_tag","embeddable":true,"href":"https:\/\/global-hookah.com\/es\/wp-json\/wp\/v2\/product_tag?post=29117"}],"curies":[{"name":"wp","href":"https:\/\/api.w.org\/{rel}","templated":true}]}}