{"id":29137,"date":"2024-09-27T02:11:32","date_gmt":"2024-09-27T02:11:32","guid":{"rendered":"https:\/\/global-hookah.com\/product\/global-cn02-joyetech-eroll-slim-pod-system-kit-with-pcc-box-480mah1500mah-2ml\/"},"modified":"2024-09-27T02:44:37","modified_gmt":"2024-09-27T02:44:37","slug":"global-cn02-joyetech-eroll-slim-pod-system-kit-with-pcc-box-480mah1500mah-2ml","status":"publish","type":"product","link":"https:\/\/global-hookah.com\/es\/producto\/global-cn02-joyetech-eroll-slim-pod-system-kit-with-pcc-box-480mah1500mah-2ml\/","title":{"rendered":"Global-CN02 Joyetech eRoll Slim Pod System Kit con PCC Box 480mAh+1500mAh 2ml"},"content":{"rendered":"<p>El eRoll Slim Kit de Joytech es un bol\u00edgrafo vapeador sencillo y delgado que es un primer kit ideal para aquellos que buscan hacer el cambio de cigarrillos a vapear.<\/p>\n<p>Elegante y discreto. el eRoll Slim emula la sensaci\u00f3n de fumar un cigarrillo convencional. por lo que tambi\u00e9n es ideal para los que prefieren el vapeo boca a pulm\u00f3n. tambi\u00e9n ofrece una extracci\u00f3n autom\u00e1tica sin bot\u00f3n. Tambi\u00e9n viene equipado con un tanque rellenable de 2ml con la bobina de malla de 1,0ohm.<\/p>\n<p>El Joytech eRoll Slim es un buen dispositivo para el vapor on-the-go. viene con un estuche de carga port\u00e1til 1500mAh (PCC) que le apoyan todo el d\u00eda vaping .<\/p>\n<p>Caracter\u00edsticas:<br \/>1. bobina de malla de 1.0ohm<br \/>2. Exquisito dise\u00f1o en piel<br \/>3. Conexi\u00f3n magn\u00e9tica<br \/>4. Bater\u00eda PCC 1500mah de larga duraci\u00f3n<\/p>\n<p><strong><font color=\"#ff7301\" size=\"4px\">eRoll Slim PCC Especificaci\u00f3n:<\/font><\/strong><br \/>Tama\u00f1o: 23*44*107mm<br \/>Capacidad de la bater\u00eda: 1500 mAh<br \/>Corriente de carga: USB-C(5V\/2A)<\/p>\n<p><strong><font color=\"#ff7301\" size=\"4px\">eRoll Slim Vape Pen Especificaciones:<\/font><\/strong><br \/>Tama\u00f1o: 16*120mm<br \/>Capacidad del cartucho:2ml<br \/>Capacidad de la bater\u00eda: 480 mAh<br \/>Di\u00e1metro del orificio de llenado: 3,5 mm<br \/>Resistencia:1,0ohm(13W)\/0,8ohm(15W)Corriente de carga: USB-C(5V\/1A)<\/p>\n<p>Marca: Joyetech<br \/>Unidad: 1Set<br \/>Embalaje: Caja de regalo<\/p>\n<p><strong><font color=\"#ff7301\" size=\"4px\">Cada juego contiene:<\/font><\/strong><br \/>1pc Joyetech eRoll Slim Pod System<br \/>1pc Joyetech PCC Caja<br \/>1pc Punta de goteo 510 est\u00e1ndar<br \/>1pc Narrow 510 punta de goteo<br \/>1pc Joyetech PCC Caja<br \/>1 cable de carga tipo C<br \/>1 tarjeta de garant\u00eda<br \/>1 Manual de usuario<\/p>\n<p><img decoding=\"async\" src=\"https:\/\/global-hookah.com\/wp-content\/uploads\/2024\/09\/eRoll-Slim-Pod-Kit-11.jpg?w=1248&amp;h=394\" alt=\"Joyetech eRoll Slim Kit\"><br \/><img decoding=\"async\" src=\"https:\/\/global-hookah.com\/wp-content\/uploads\/2024\/09\/eRoll-Slim-Pod-Kit-12.jpg?w=1248&amp;h=718\" alt=\"Joyetech eRoll Slim Kit\"><br \/><img decoding=\"async\" src=\"https:\/\/global-hookah.com\/wp-content\/uploads\/2024\/09\/Eroll-slim-1.jpg?w=1350&amp;h=519\" alt=\"Joyetech eRoll Slim Kit\"><br \/><img decoding=\"async\" src=\"https:\/\/global-hookah.com\/wp-content\/uploads\/2024\/09\/Eroll-slim-2.jpg?w=1350&amp;h=302\" alt=\"Joyetech eRoll Slim Kit\"><br \/><img decoding=\"async\" src=\"https:\/\/global-hookah.com\/wp-content\/uploads\/2024\/09\/Eroll-slim-3.jpg?w=1350&amp;h=550\" alt=\"Joyetech eRoll Slim Kit\"><br \/><img decoding=\"async\" src=\"https:\/\/global-hookah.com\/wp-content\/uploads\/2024\/09\/Eroll-slim-4.jpg?w=1350&amp;h=570\" alt=\"Joyetech eRoll Slim Kit\"><br \/><img decoding=\"async\" src=\"https:\/\/global-hookah.com\/wp-content\/uploads\/2024\/09\/Eroll-slim-5.jpg?w=1350&amp;h=468\" alt=\"Joyetech eRoll Slim Kit\"><br \/><img decoding=\"async\" src=\"https:\/\/global-hookah.com\/wp-content\/uploads\/2024\/09\/Eroll-slim-6.jpg?w=1350&amp;h=462\" alt=\"Joyetech eRoll Slim Kit\"><br \/><img decoding=\"async\" src=\"https:\/\/global-hookah.com\/wp-content\/uploads\/2024\/09\/Eroll-slim-7.jpg?w=1350&amp;h=572\" alt=\"Joyetech eRoll Slim Kit\"><br \/><img decoding=\"async\" src=\"https:\/\/global-hookah.com\/wp-content\/uploads\/2024\/09\/Eroll-slim-8.jpg?w=1350&amp;h=578\" alt=\"Joyetech eRoll Slim Kit\"><br \/><img decoding=\"async\" src=\"https:\/\/global-hookah.com\/wp-content\/uploads\/2024\/09\/Eroll-slim-9.jpg?w=1350&amp;h=526\" alt=\"Joyetech eRoll Slim Kit\"><br \/><img decoding=\"async\" src=\"https:\/\/global-hookah.com\/wp-content\/uploads\/2024\/09\/Eroll-slim-10.jpg?w=1350&amp;h=540\" alt=\"Joyetech eRoll Slim Kit\"><br \/><img decoding=\"async\" src=\"https:\/\/global-hookah.com\/wp-content\/uploads\/2024\/09\/Eroll-slim-11.jpg?w=1350&amp;h=505\" alt=\"Joyetech eRoll Slim Kit\"><br \/><img decoding=\"async\" src=\"https:\/\/global-hookah.com\/wp-content\/uploads\/2024\/09\/Eroll-slim-12.jpg?w=1350&amp;h=674\" alt=\"Joyetech eRoll Slim Kit\"><\/p>\n<p><\/p>","protected":false},"excerpt":{"rendered":"<p>El eRoll Slim Kit de Joytech es un bol\u00edgrafo vapeador sencillo y delgado que es un primer kit ideal para aquellos que buscan<\/p>","protected":false},"featured_media":29964,"comment_status":"closed","ping_status":"closed","template":"","meta":{"iawp_total_views":0,"_joinchat":[]},"product_brand":[],"product_cat":[415],"product_tag":[],"class_list":{"0":"post-29137","1":"product","2":"type-product","3":"status-publish","4":"has-post-thumbnail","6":"product_cat-accessories","8":"first","9":"instock","10":"sale","11":"shipping-taxable","12":"purchasable","13":"product-type-variable"},"yoast_head":"<!-- This site is optimized with the Yoast SEO Premium plugin v24.7 (Yoast SEO v26.8) - https:\/\/yoast.com\/product\/yoast-seo-premium-wordpress\/ -->\n<title>Global-CN02 Joyetech eRoll Slim Pod System Kit with PCC Box 480mAh+1500mAh 2ml - Global Hookah<\/title>\n<meta name=\"robots\" content=\"index, follow, max-snippet:-1, max-image-preview:large, max-video-preview:-1\" \/>\n<link rel=\"canonical\" href=\"https:\/\/global-hookah.com\/es\/producto\/global-cn02-joyetech-eroll-slim-pod-system-kit-with-pcc-box-480mah1500mah-2ml\/\" \/>\n<meta property=\"og:locale\" content=\"es_ES\" \/>\n<meta property=\"og:type\" content=\"article\" \/>\n<meta property=\"og:title\" content=\"Global-CN02 Joyetech eRoll Slim Pod System Kit with PCC Box 480mAh+1500mAh 2ml\" \/>\n<meta property=\"og:description\" content=\"The Joytech eRoll Slim Kit a slim-line. simple vape pen which is an ideal first kit for those looking to\" \/>\n<meta property=\"og:url\" content=\"https:\/\/global-hookah.com\/es\/producto\/global-cn02-joyetech-eroll-slim-pod-system-kit-with-pcc-box-480mah1500mah-2ml\/\" \/>\n<meta property=\"og:site_name\" content=\"Global Hookah\" \/>\n<meta property=\"article:modified_time\" content=\"2024-09-27T02:44:37+00:00\" \/>\n<meta property=\"og:image\" content=\"https:\/\/global-hookah.com\/wp-content\/uploads\/2024\/09\/eRoll-Slim-Pod-Kit-1.jpg\" \/>\n\t<meta property=\"og:image:width\" content=\"800\" \/>\n\t<meta property=\"og:image:height\" content=\"800\" \/>\n\t<meta property=\"og:image:type\" content=\"image\/jpeg\" \/>\n<meta name=\"twitter:card\" content=\"summary_large_image\" \/>\n<meta name=\"twitter:label1\" content=\"Tiempo de lectura\" \/>\n\t<meta name=\"twitter:data1\" content=\"1 minuto\" \/>\n<script type=\"application\/ld+json\" class=\"yoast-schema-graph\">{\"@context\":\"https:\/\/schema.org\",\"@graph\":[{\"@type\":\"WebPage\",\"@id\":\"https:\/\/global-hookah.com\/product\/global-cn02-joyetech-eroll-slim-pod-system-kit-with-pcc-box-480mah1500mah-2ml\/\",\"url\":\"https:\/\/global-hookah.com\/product\/global-cn02-joyetech-eroll-slim-pod-system-kit-with-pcc-box-480mah1500mah-2ml\/\",\"name\":\"Global-CN02 Joyetech eRoll Slim Pod System Kit with PCC Box 480mAh+1500mAh 2ml - Global Hookah\",\"isPartOf\":{\"@id\":\"https:\/\/global-hookah.com\/#website\"},\"primaryImageOfPage\":{\"@id\":\"https:\/\/global-hookah.com\/product\/global-cn02-joyetech-eroll-slim-pod-system-kit-with-pcc-box-480mah1500mah-2ml\/#primaryimage\"},\"image\":{\"@id\":\"https:\/\/global-hookah.com\/product\/global-cn02-joyetech-eroll-slim-pod-system-kit-with-pcc-box-480mah1500mah-2ml\/#primaryimage\"},\"thumbnailUrl\":\"https:\/\/global-hookah.com\/wp-content\/uploads\/2024\/09\/eRoll-Slim-Pod-Kit-1.jpg\",\"datePublished\":\"2024-09-27T02:11:32+00:00\",\"dateModified\":\"2024-09-27T02:44:37+00:00\",\"breadcrumb\":{\"@id\":\"https:\/\/global-hookah.com\/product\/global-cn02-joyetech-eroll-slim-pod-system-kit-with-pcc-box-480mah1500mah-2ml\/#breadcrumb\"},\"inLanguage\":\"es\",\"potentialAction\":[{\"@type\":\"ReadAction\",\"target\":[\"https:\/\/global-hookah.com\/product\/global-cn02-joyetech-eroll-slim-pod-system-kit-with-pcc-box-480mah1500mah-2ml\/\"]}]},{\"@type\":\"ImageObject\",\"inLanguage\":\"es\",\"@id\":\"https:\/\/global-hookah.com\/product\/global-cn02-joyetech-eroll-slim-pod-system-kit-with-pcc-box-480mah1500mah-2ml\/#primaryimage\",\"url\":\"https:\/\/global-hookah.com\/wp-content\/uploads\/2024\/09\/eRoll-Slim-Pod-Kit-1.jpg\",\"contentUrl\":\"https:\/\/global-hookah.com\/wp-content\/uploads\/2024\/09\/eRoll-Slim-Pod-Kit-1.jpg\",\"width\":800,\"height\":800},{\"@type\":\"BreadcrumbList\",\"@id\":\"https:\/\/global-hookah.com\/product\/global-cn02-joyetech-eroll-slim-pod-system-kit-with-pcc-box-480mah1500mah-2ml\/#breadcrumb\",\"itemListElement\":[{\"@type\":\"ListItem\",\"position\":1,\"name\":\"Home\",\"item\":\"https:\/\/global-hookah.com\/\"},{\"@type\":\"ListItem\",\"position\":2,\"name\":\"Shop\",\"item\":\"https:\/\/global-hookah.com\/shop\/\"},{\"@type\":\"ListItem\",\"position\":3,\"name\":\"Global-CN02 Joyetech eRoll Slim Pod System Kit with PCC Box 480mAh+1500mAh 2ml\"}]},{\"@type\":\"WebSite\",\"@id\":\"https:\/\/global-hookah.com\/#website\",\"url\":\"https:\/\/global-hookah.com\/\",\"name\":\"Global Hookah\",\"description\":\"Global Hookah\",\"publisher\":{\"@id\":\"https:\/\/global-hookah.com\/#organization\"},\"potentialAction\":[{\"@type\":\"SearchAction\",\"target\":{\"@type\":\"EntryPoint\",\"urlTemplate\":\"https:\/\/global-hookah.com\/?s={search_term_string}\"},\"query-input\":{\"@type\":\"PropertyValueSpecification\",\"valueRequired\":true,\"valueName\":\"search_term_string\"}}],\"inLanguage\":\"es\"},{\"@type\":\"Organization\",\"@id\":\"https:\/\/global-hookah.com\/#organization\",\"name\":\"Global Hookah\",\"url\":\"https:\/\/global-hookah.com\/\",\"logo\":{\"@type\":\"ImageObject\",\"inLanguage\":\"es\",\"@id\":\"https:\/\/global-hookah.com\/#\/schema\/logo\/image\/\",\"url\":\"https:\/\/global-hookah.com\/wp-content\/uploads\/2021\/10\/cropped-fgg.png\",\"contentUrl\":\"https:\/\/global-hookah.com\/wp-content\/uploads\/2021\/10\/cropped-fgg.png\",\"width\":512,\"height\":512,\"caption\":\"Global Hookah\"},\"image\":{\"@id\":\"https:\/\/global-hookah.com\/#\/schema\/logo\/image\/\"}}]}<\/script>\n<!-- \/ Yoast SEO Premium plugin. -->","yoast_head_json":{"title":"Global-CN02 Joyetech eRoll Slim Pod System Kit con PCC Box 480mAh+1500mAh 2ml - Global Hookah","robots":{"index":"index","follow":"follow","max-snippet":"max-snippet:-1","max-image-preview":"max-image-preview:large","max-video-preview":"max-video-preview:-1"},"canonical":"https:\/\/global-hookah.com\/es\/producto\/global-cn02-joyetech-eroll-slim-pod-system-kit-with-pcc-box-480mah1500mah-2ml\/","og_locale":"es_ES","og_type":"article","og_title":"Global-CN02 Joyetech eRoll Slim Pod System Kit with PCC Box 480mAh+1500mAh 2ml","og_description":"The Joytech eRoll Slim Kit a slim-line. simple vape pen which is an ideal first kit for those looking to","og_url":"https:\/\/global-hookah.com\/es\/producto\/global-cn02-joyetech-eroll-slim-pod-system-kit-with-pcc-box-480mah1500mah-2ml\/","og_site_name":"Global Hookah","article_modified_time":"2024-09-27T02:44:37+00:00","og_image":[{"width":800,"height":800,"url":"https:\/\/global-hookah.com\/wp-content\/uploads\/2024\/09\/eRoll-Slim-Pod-Kit-1.jpg","type":"image\/jpeg"}],"twitter_card":"summary_large_image","twitter_misc":{"Tiempo de lectura":"1 minuto"},"schema":{"@context":"https:\/\/schema.org","@graph":[{"@type":"WebPage","@id":"https:\/\/global-hookah.com\/product\/global-cn02-joyetech-eroll-slim-pod-system-kit-with-pcc-box-480mah1500mah-2ml\/","url":"https:\/\/global-hookah.com\/product\/global-cn02-joyetech-eroll-slim-pod-system-kit-with-pcc-box-480mah1500mah-2ml\/","name":"Global-CN02 Joyetech eRoll Slim Pod System Kit con PCC Box 480mAh+1500mAh 2ml - Global Hookah","isPartOf":{"@id":"https:\/\/global-hookah.com\/#website"},"primaryImageOfPage":{"@id":"https:\/\/global-hookah.com\/product\/global-cn02-joyetech-eroll-slim-pod-system-kit-with-pcc-box-480mah1500mah-2ml\/#primaryimage"},"image":{"@id":"https:\/\/global-hookah.com\/product\/global-cn02-joyetech-eroll-slim-pod-system-kit-with-pcc-box-480mah1500mah-2ml\/#primaryimage"},"thumbnailUrl":"https:\/\/global-hookah.com\/wp-content\/uploads\/2024\/09\/eRoll-Slim-Pod-Kit-1.jpg","datePublished":"2024-09-27T02:11:32+00:00","dateModified":"2024-09-27T02:44:37+00:00","breadcrumb":{"@id":"https:\/\/global-hookah.com\/product\/global-cn02-joyetech-eroll-slim-pod-system-kit-with-pcc-box-480mah1500mah-2ml\/#breadcrumb"},"inLanguage":"es","potentialAction":[{"@type":"ReadAction","target":["https:\/\/global-hookah.com\/product\/global-cn02-joyetech-eroll-slim-pod-system-kit-with-pcc-box-480mah1500mah-2ml\/"]}]},{"@type":"ImageObject","inLanguage":"es","@id":"https:\/\/global-hookah.com\/product\/global-cn02-joyetech-eroll-slim-pod-system-kit-with-pcc-box-480mah1500mah-2ml\/#primaryimage","url":"https:\/\/global-hookah.com\/wp-content\/uploads\/2024\/09\/eRoll-Slim-Pod-Kit-1.jpg","contentUrl":"https:\/\/global-hookah.com\/wp-content\/uploads\/2024\/09\/eRoll-Slim-Pod-Kit-1.jpg","width":800,"height":800},{"@type":"BreadcrumbList","@id":"https:\/\/global-hookah.com\/product\/global-cn02-joyetech-eroll-slim-pod-system-kit-with-pcc-box-480mah1500mah-2ml\/#breadcrumb","itemListElement":[{"@type":"ListItem","position":1,"name":"Home","item":"https:\/\/global-hookah.com\/"},{"@type":"ListItem","position":2,"name":"Shop","item":"https:\/\/global-hookah.com\/shop\/"},{"@type":"ListItem","position":3,"name":"Global-CN02 Joyetech eRoll Slim Pod System Kit with PCC Box 480mAh+1500mAh 2ml"}]},{"@type":"WebSite","@id":"https:\/\/global-hookah.com\/#website","url":"https:\/\/global-hookah.com\/","name":"Global Hookah","description":"Global Hookah","publisher":{"@id":"https:\/\/global-hookah.com\/#organization"},"potentialAction":[{"@type":"SearchAction","target":{"@type":"EntryPoint","urlTemplate":"https:\/\/global-hookah.com\/?s={search_term_string}"},"query-input":{"@type":"PropertyValueSpecification","valueRequired":true,"valueName":"search_term_string"}}],"inLanguage":"es"},{"@type":"Organization","@id":"https:\/\/global-hookah.com\/#organization","name":"Global Hookah","url":"https:\/\/global-hookah.com\/","logo":{"@type":"ImageObject","inLanguage":"es","@id":"https:\/\/global-hookah.com\/#\/schema\/logo\/image\/","url":"https:\/\/global-hookah.com\/wp-content\/uploads\/2021\/10\/cropped-fgg.png","contentUrl":"https:\/\/global-hookah.com\/wp-content\/uploads\/2021\/10\/cropped-fgg.png","width":512,"height":512,"caption":"Global Hookah"},"image":{"@id":"https:\/\/global-hookah.com\/#\/schema\/logo\/image\/"}}]}},"_links":{"self":[{"href":"https:\/\/global-hookah.com\/es\/wp-json\/wp\/v2\/product\/29137","targetHints":{"allow":["GET"]}}],"collection":[{"href":"https:\/\/global-hookah.com\/es\/wp-json\/wp\/v2\/product"}],"about":[{"href":"https:\/\/global-hookah.com\/es\/wp-json\/wp\/v2\/types\/product"}],"replies":[{"embeddable":true,"href":"https:\/\/global-hookah.com\/es\/wp-json\/wp\/v2\/comments?post=29137"}],"version-history":[{"count":0,"href":"https:\/\/global-hookah.com\/es\/wp-json\/wp\/v2\/product\/29137\/revisions"}],"wp:featuredmedia":[{"embeddable":true,"href":"https:\/\/global-hookah.com\/es\/wp-json\/wp\/v2\/media\/29964"}],"wp:attachment":[{"href":"https:\/\/global-hookah.com\/es\/wp-json\/wp\/v2\/media?parent=29137"}],"wp:term":[{"taxonomy":"product_brand","embeddable":true,"href":"https:\/\/global-hookah.com\/es\/wp-json\/wp\/v2\/product_brand?post=29137"},{"taxonomy":"product_cat","embeddable":true,"href":"https:\/\/global-hookah.com\/es\/wp-json\/wp\/v2\/product_cat?post=29137"},{"taxonomy":"product_tag","embeddable":true,"href":"https:\/\/global-hookah.com\/es\/wp-json\/wp\/v2\/product_tag?post=29137"}],"curies":[{"name":"wp","href":"https:\/\/api.w.org\/{rel}","templated":true}]}}