{"id":29151,"date":"2024-09-27T02:11:34","date_gmt":"2024-09-27T02:11:34","guid":{"rendered":"https:\/\/global-hookah.com\/product\/global-cn02clearance-uwell-caliburn-gz2-cyber-pod-system-kit-850mah-2ml\/"},"modified":"2024-09-27T02:46:58","modified_gmt":"2024-09-27T02:46:58","slug":"global-cn02clearance-uwell-caliburn-gz2-cyber-pod-system-kit-850mah-2ml","status":"publish","type":"product","link":"https:\/\/global-hookah.com\/es\/producto\/global-cn02clearance-uwell-caliburn-gz2-cyber-pod-system-kit-850mah-2ml\/","title":{"rendered":"Global-CN02Rebajas Uwell Caliburn GZ2 Cyber Pod System Kit 850mAh 2ml"},"content":{"rendered":"<p>Uwell ha dado un paso m\u00e1s con la versi\u00f3n Caliburn GZ2 Cyber. Es un sistema de vaina m\u00e1s joven y m\u00e1s audaz que no s\u00f3lo trae mejor vaping FLV sino que tambi\u00e9n lo convierte en un accesorio de moda. Comenzando con el Stylus. luego el Tube. seguido por el Square. y ahora. Zega se ha establecido como un factor de forma de buena reputaci\u00f3n. Hoy en d\u00eda. ZEGA brilla m\u00e1s con una pantalla RGB amplificada al estilo TRON. mostrando sus esp\u00edritus Cyberpunk liberados y sin l\u00edmites. La luz RGB mejorada brilla con cada calada. actuando como el coraz\u00f3n de bombeo de este dispositivo. Su compatibilidad con las bobinas G y G2 lo convierte en una alternativa imprescindible. Su rendimiento en bobinas de 0.8ohm \/ 1.2ohm permite a este Caliburn GZ2 Cyber ser el iniciador ideal para novatos y usuarios de sistemas cerrados. Adem\u00e1s, hemos incorporado la exclusiva U-Valve de Uwell, el mecanismo de recarga de 3 pasos; iAFC, el control preciso del flujo de aire; y ClearView, la ventana visible LQ. Con estas 3 tecnolog\u00edas aplicadas, la experiencia de vapeo de esta versi\u00f3n Cyber est\u00e1 garantizada para ser excepcional.<\/p>\n<p><img decoding=\"async\" src=\"https:\/\/global-hookah.com\/wp-content\/uploads\/2024\/09\/Caliburn-GZ2-Cyber-Kit-11.jpg?w=1248&amp;h=366\" alt=\"Uwell Caliburn GZ2 Cyber Kit\"><\/p>\n<p><strong><font color=\"#ff7301\" size=\"4px\">Caracter\u00edsticas:<\/font><\/strong><br \/>1. Capacidad de la bater\u00eda 850mAh<br \/>2. Capacidad de 2 ml de E-LQ<br \/>3. ClearView (Ventana LQ)<br \/>4. Carga r\u00e1pida de 2 A<br \/>5. Tecnolog\u00eda FLV Pro-FOCS<\/p>\n<p>Marca: Uwell<br \/>Unidad: 1Set<br \/>Materiales Cartucho: PCTG | Dispositivo: Aleaci\u00f3n de aluminio + PC<br \/>Dimensiones: 28,9 mm * 22,9 mm * 72,5 mm<br \/>Capacidad E-LQ: 2ml (INT.\/FDA) | 1,6ml (TPD)<br \/>Potencia de salida: 17 W como m\u00e1ximo<br \/>Especificaciones de la bobina (INT.\/FDA):<br \/>Bobina Caliburn G FeCrAl UN2 Meshed de 0,8ohm (preinstalada)<br \/>Bobina FeCrAl UN2 Meshed 1.2ohm Caliburn G2 (repuesto)<br \/>Capacidad de la bater\u00eda: 850 mAh<br \/>Embalaje: Caja de regalo<\/p>\n<p><strong><font color=\"#ff7301\" size=\"4px\">Cada juego contiene:<\/font><\/strong><br \/>1pc Caliburn GZ2 Cyber Dispositivo<br \/>1pc UN2 Meshed 0.8ohm Caliburn G2 Pod Cartridge (Pre-instalado)<br \/>1pc UN2 Meshed 1.2ohm Caliburn G2 Pod Cartridge (Repuesto)<br \/>1 cable de carga tipo C<br \/>1 Manual de usuario<\/p>\n<p><img decoding=\"async\" src=\"https:\/\/global-hookah.com\/wp-content\/uploads\/2024\/09\/caliburn-gz2-cyber-1.jpg?w=1370&amp;h=720\" alt=\"Uwell Caliburn GZ2 Cyber Kit\"><br \/><img decoding=\"async\" src=\"https:\/\/global-hookah.com\/wp-content\/uploads\/2024\/09\/caliburn-gz2-cyber-2.jpg?w=1370&amp;h=753\" alt=\"Uwell Caliburn GZ2 Cyber Kit\"><br \/><img decoding=\"async\" src=\"https:\/\/global-hookah.com\/wp-content\/uploads\/2024\/09\/caliburn-gz2-cyber-3.jpg?w=1370&amp;h=780\" alt=\"Uwell Caliburn GZ2 Cyber Kit\"><br \/><img decoding=\"async\" src=\"https:\/\/global-hookah.com\/wp-content\/uploads\/2024\/09\/caliburn-gz2-cyber-4.jpg?w=1370&amp;h=725\" alt=\"Uwell Caliburn GZ2 Cyber Kit\"><br \/><img decoding=\"async\" src=\"https:\/\/global-hookah.com\/wp-content\/uploads\/2024\/09\/caliburn-gz2-cyber-5.jpg?w=1370&amp;h=775\" alt=\"Uwell Caliburn GZ2 Cyber Kit\"><br \/><img decoding=\"async\" src=\"https:\/\/global-hookah.com\/wp-content\/uploads\/2024\/09\/caliburn-gz2-cyber-6.jpg?w=1371&amp;h=758\" alt=\"Uwell Caliburn GZ2 Cyber Kit\"><br \/><img decoding=\"async\" src=\"https:\/\/global-hookah.com\/wp-content\/uploads\/2024\/09\/caliburn-gz2-cyber-7.jpg?w=1370&amp;h=750\" alt=\"Uwell Caliburn GZ2 Cyber Kit\"><br \/><img decoding=\"async\" src=\"https:\/\/global-hookah.com\/wp-content\/uploads\/2024\/09\/caliburn-gz2-cyber-8.jpg?w=1370&amp;h=781\" alt=\"Uwell Caliburn GZ2 Cyber Kit\"><br \/><img decoding=\"async\" src=\"https:\/\/global-hookah.com\/wp-content\/uploads\/2024\/09\/caliburn-gz2-cyber-9-1.jpg?w=1368&amp;h=782\" alt=\"Uwell Caliburn GZ2 Cyber Kit\"><br \/><img decoding=\"async\" src=\"https:\/\/global-hookah.com\/wp-content\/uploads\/2024\/09\/caliburn-gz2-cyber-10.jpg?w=1370&amp;h=590\" alt=\"Uwell Caliburn GZ2 Cyber Kit\"><br \/><img decoding=\"async\" src=\"https:\/\/global-hookah.com\/wp-content\/uploads\/2024\/09\/caliburn-gz2-cyber-11.jpg?w=1370&amp;h=752\" alt=\"Uwell Caliburn GZ2 Cyber Kit\"><\/p>\n<p><\/p>","protected":false},"excerpt":{"rendered":"<p>Uwell ha dado un paso m\u00e1s con la versi\u00f3n Caliburn GZ2 Cyber. Se trata de una vaina m\u00e1s joven y atrevida<\/p>","protected":false},"featured_media":30002,"comment_status":"closed","ping_status":"closed","template":"","meta":{"iawp_total_views":1,"_joinchat":[]},"product_brand":[],"product_cat":[415],"product_tag":[],"class_list":{"0":"post-29151","1":"product","2":"type-product","3":"status-publish","4":"has-post-thumbnail","6":"product_cat-accessories","8":"first","9":"instock","10":"sale","11":"shipping-taxable","12":"purchasable","13":"product-type-variable"},"yoast_head":"<!-- This site is optimized with the Yoast SEO Premium plugin v24.7 (Yoast SEO v26.8) - https:\/\/yoast.com\/product\/yoast-seo-premium-wordpress\/ -->\n<title>Global-CN02Clearance Uwell Caliburn GZ2 Cyber Pod System Kit 850mAh 2ml - Global Hookah<\/title>\n<meta name=\"robots\" content=\"index, follow, max-snippet:-1, max-image-preview:large, max-video-preview:-1\" \/>\n<link rel=\"canonical\" href=\"https:\/\/global-hookah.com\/es\/producto\/global-cn02clearance-uwell-caliburn-gz2-cyber-pod-system-kit-850mah-2ml\/\" \/>\n<meta property=\"og:locale\" content=\"es_ES\" \/>\n<meta property=\"og:type\" content=\"article\" \/>\n<meta property=\"og:title\" content=\"Global-CN02Clearance Uwell Caliburn GZ2 Cyber Pod System Kit 850mAh 2ml\" \/>\n<meta property=\"og:description\" content=\"Uwell has taken it a step further with the Caliburn GZ2 Cyber version. It is a younger and bolder pod\" \/>\n<meta property=\"og:url\" content=\"https:\/\/global-hookah.com\/es\/producto\/global-cn02clearance-uwell-caliburn-gz2-cyber-pod-system-kit-850mah-2ml\/\" \/>\n<meta property=\"og:site_name\" content=\"Global Hookah\" \/>\n<meta property=\"article:modified_time\" content=\"2024-09-27T02:46:58+00:00\" \/>\n<meta property=\"og:image\" content=\"https:\/\/global-hookah.com\/wp-content\/uploads\/s2w-placeholder.png\" \/>\n\t<meta property=\"og:image:width\" content=\"1200\" \/>\n\t<meta property=\"og:image:height\" content=\"1200\" \/>\n\t<meta property=\"og:image:type\" content=\"image\/png\" \/>\n<meta name=\"twitter:card\" content=\"summary_large_image\" \/>\n<meta name=\"twitter:label1\" content=\"Tiempo de lectura\" \/>\n\t<meta name=\"twitter:data1\" content=\"1 minuto\" \/>\n<script type=\"application\/ld+json\" class=\"yoast-schema-graph\">{\"@context\":\"https:\/\/schema.org\",\"@graph\":[{\"@type\":\"WebPage\",\"@id\":\"https:\/\/global-hookah.com\/product\/global-cn02clearance-uwell-caliburn-gz2-cyber-pod-system-kit-850mah-2ml\/\",\"url\":\"https:\/\/global-hookah.com\/product\/global-cn02clearance-uwell-caliburn-gz2-cyber-pod-system-kit-850mah-2ml\/\",\"name\":\"Global-CN02Clearance Uwell Caliburn GZ2 Cyber Pod System Kit 850mAh 2ml - Global Hookah\",\"isPartOf\":{\"@id\":\"https:\/\/global-hookah.com\/#website\"},\"primaryImageOfPage\":{\"@id\":\"https:\/\/global-hookah.com\/product\/global-cn02clearance-uwell-caliburn-gz2-cyber-pod-system-kit-850mah-2ml\/#primaryimage\"},\"image\":{\"@id\":\"https:\/\/global-hookah.com\/product\/global-cn02clearance-uwell-caliburn-gz2-cyber-pod-system-kit-850mah-2ml\/#primaryimage\"},\"thumbnailUrl\":\"https:\/\/global-hookah.com\/wp-content\/uploads\/2024\/09\/Caliburn-GZ2-Cyber-Kit-1.jpg\",\"datePublished\":\"2024-09-27T02:11:34+00:00\",\"dateModified\":\"2024-09-27T02:46:58+00:00\",\"breadcrumb\":{\"@id\":\"https:\/\/global-hookah.com\/product\/global-cn02clearance-uwell-caliburn-gz2-cyber-pod-system-kit-850mah-2ml\/#breadcrumb\"},\"inLanguage\":\"es\",\"potentialAction\":[{\"@type\":\"ReadAction\",\"target\":[\"https:\/\/global-hookah.com\/product\/global-cn02clearance-uwell-caliburn-gz2-cyber-pod-system-kit-850mah-2ml\/\"]}]},{\"@type\":\"ImageObject\",\"inLanguage\":\"es\",\"@id\":\"https:\/\/global-hookah.com\/product\/global-cn02clearance-uwell-caliburn-gz2-cyber-pod-system-kit-850mah-2ml\/#primaryimage\",\"url\":\"https:\/\/global-hookah.com\/wp-content\/uploads\/2024\/09\/Caliburn-GZ2-Cyber-Kit-1.jpg\",\"contentUrl\":\"https:\/\/global-hookah.com\/wp-content\/uploads\/2024\/09\/Caliburn-GZ2-Cyber-Kit-1.jpg\",\"width\":800,\"height\":800},{\"@type\":\"BreadcrumbList\",\"@id\":\"https:\/\/global-hookah.com\/product\/global-cn02clearance-uwell-caliburn-gz2-cyber-pod-system-kit-850mah-2ml\/#breadcrumb\",\"itemListElement\":[{\"@type\":\"ListItem\",\"position\":1,\"name\":\"Home\",\"item\":\"https:\/\/global-hookah.com\/\"},{\"@type\":\"ListItem\",\"position\":2,\"name\":\"Shop\",\"item\":\"https:\/\/global-hookah.com\/shop\/\"},{\"@type\":\"ListItem\",\"position\":3,\"name\":\"Global-CN02Clearance Uwell Caliburn GZ2 Cyber Pod System Kit 850mAh 2ml\"}]},{\"@type\":\"WebSite\",\"@id\":\"https:\/\/global-hookah.com\/#website\",\"url\":\"https:\/\/global-hookah.com\/\",\"name\":\"Global Hookah\",\"description\":\"Global Hookah\",\"publisher\":{\"@id\":\"https:\/\/global-hookah.com\/#organization\"},\"potentialAction\":[{\"@type\":\"SearchAction\",\"target\":{\"@type\":\"EntryPoint\",\"urlTemplate\":\"https:\/\/global-hookah.com\/?s={search_term_string}\"},\"query-input\":{\"@type\":\"PropertyValueSpecification\",\"valueRequired\":true,\"valueName\":\"search_term_string\"}}],\"inLanguage\":\"es\"},{\"@type\":\"Organization\",\"@id\":\"https:\/\/global-hookah.com\/#organization\",\"name\":\"Global Hookah\",\"url\":\"https:\/\/global-hookah.com\/\",\"logo\":{\"@type\":\"ImageObject\",\"inLanguage\":\"es\",\"@id\":\"https:\/\/global-hookah.com\/#\/schema\/logo\/image\/\",\"url\":\"https:\/\/global-hookah.com\/wp-content\/uploads\/2021\/10\/cropped-fgg.png\",\"contentUrl\":\"https:\/\/global-hookah.com\/wp-content\/uploads\/2021\/10\/cropped-fgg.png\",\"width\":512,\"height\":512,\"caption\":\"Global Hookah\"},\"image\":{\"@id\":\"https:\/\/global-hookah.com\/#\/schema\/logo\/image\/\"}}]}<\/script>\n<!-- \/ Yoast SEO Premium plugin. -->","yoast_head_json":{"title":"Global-CN02Rebajas Uwell Caliburn GZ2 Cyber Pod System Kit 850mAh 2ml - Global Hookah","robots":{"index":"index","follow":"follow","max-snippet":"max-snippet:-1","max-image-preview":"max-image-preview:large","max-video-preview":"max-video-preview:-1"},"canonical":"https:\/\/global-hookah.com\/es\/producto\/global-cn02clearance-uwell-caliburn-gz2-cyber-pod-system-kit-850mah-2ml\/","og_locale":"es_ES","og_type":"article","og_title":"Global-CN02Clearance Uwell Caliburn GZ2 Cyber Pod System Kit 850mAh 2ml","og_description":"Uwell has taken it a step further with the Caliburn GZ2 Cyber version. It is a younger and bolder pod","og_url":"https:\/\/global-hookah.com\/es\/producto\/global-cn02clearance-uwell-caliburn-gz2-cyber-pod-system-kit-850mah-2ml\/","og_site_name":"Global Hookah","article_modified_time":"2024-09-27T02:46:58+00:00","og_image":[{"width":1200,"height":1200,"url":"https:\/\/global-hookah.com\/wp-content\/uploads\/s2w-placeholder.png","type":"image\/png"}],"twitter_card":"summary_large_image","twitter_misc":{"Tiempo de lectura":"1 minuto"},"schema":{"@context":"https:\/\/schema.org","@graph":[{"@type":"WebPage","@id":"https:\/\/global-hookah.com\/product\/global-cn02clearance-uwell-caliburn-gz2-cyber-pod-system-kit-850mah-2ml\/","url":"https:\/\/global-hookah.com\/product\/global-cn02clearance-uwell-caliburn-gz2-cyber-pod-system-kit-850mah-2ml\/","name":"Global-CN02Rebajas Uwell Caliburn GZ2 Cyber Pod System Kit 850mAh 2ml - Global Hookah","isPartOf":{"@id":"https:\/\/global-hookah.com\/#website"},"primaryImageOfPage":{"@id":"https:\/\/global-hookah.com\/product\/global-cn02clearance-uwell-caliburn-gz2-cyber-pod-system-kit-850mah-2ml\/#primaryimage"},"image":{"@id":"https:\/\/global-hookah.com\/product\/global-cn02clearance-uwell-caliburn-gz2-cyber-pod-system-kit-850mah-2ml\/#primaryimage"},"thumbnailUrl":"https:\/\/global-hookah.com\/wp-content\/uploads\/2024\/09\/Caliburn-GZ2-Cyber-Kit-1.jpg","datePublished":"2024-09-27T02:11:34+00:00","dateModified":"2024-09-27T02:46:58+00:00","breadcrumb":{"@id":"https:\/\/global-hookah.com\/product\/global-cn02clearance-uwell-caliburn-gz2-cyber-pod-system-kit-850mah-2ml\/#breadcrumb"},"inLanguage":"es","potentialAction":[{"@type":"ReadAction","target":["https:\/\/global-hookah.com\/product\/global-cn02clearance-uwell-caliburn-gz2-cyber-pod-system-kit-850mah-2ml\/"]}]},{"@type":"ImageObject","inLanguage":"es","@id":"https:\/\/global-hookah.com\/product\/global-cn02clearance-uwell-caliburn-gz2-cyber-pod-system-kit-850mah-2ml\/#primaryimage","url":"https:\/\/global-hookah.com\/wp-content\/uploads\/2024\/09\/Caliburn-GZ2-Cyber-Kit-1.jpg","contentUrl":"https:\/\/global-hookah.com\/wp-content\/uploads\/2024\/09\/Caliburn-GZ2-Cyber-Kit-1.jpg","width":800,"height":800},{"@type":"BreadcrumbList","@id":"https:\/\/global-hookah.com\/product\/global-cn02clearance-uwell-caliburn-gz2-cyber-pod-system-kit-850mah-2ml\/#breadcrumb","itemListElement":[{"@type":"ListItem","position":1,"name":"Home","item":"https:\/\/global-hookah.com\/"},{"@type":"ListItem","position":2,"name":"Shop","item":"https:\/\/global-hookah.com\/shop\/"},{"@type":"ListItem","position":3,"name":"Global-CN02Clearance Uwell Caliburn GZ2 Cyber Pod System Kit 850mAh 2ml"}]},{"@type":"WebSite","@id":"https:\/\/global-hookah.com\/#website","url":"https:\/\/global-hookah.com\/","name":"Global Hookah","description":"Global Hookah","publisher":{"@id":"https:\/\/global-hookah.com\/#organization"},"potentialAction":[{"@type":"SearchAction","target":{"@type":"EntryPoint","urlTemplate":"https:\/\/global-hookah.com\/?s={search_term_string}"},"query-input":{"@type":"PropertyValueSpecification","valueRequired":true,"valueName":"search_term_string"}}],"inLanguage":"es"},{"@type":"Organization","@id":"https:\/\/global-hookah.com\/#organization","name":"Global Hookah","url":"https:\/\/global-hookah.com\/","logo":{"@type":"ImageObject","inLanguage":"es","@id":"https:\/\/global-hookah.com\/#\/schema\/logo\/image\/","url":"https:\/\/global-hookah.com\/wp-content\/uploads\/2021\/10\/cropped-fgg.png","contentUrl":"https:\/\/global-hookah.com\/wp-content\/uploads\/2021\/10\/cropped-fgg.png","width":512,"height":512,"caption":"Global Hookah"},"image":{"@id":"https:\/\/global-hookah.com\/#\/schema\/logo\/image\/"}}]}},"_links":{"self":[{"href":"https:\/\/global-hookah.com\/es\/wp-json\/wp\/v2\/product\/29151","targetHints":{"allow":["GET"]}}],"collection":[{"href":"https:\/\/global-hookah.com\/es\/wp-json\/wp\/v2\/product"}],"about":[{"href":"https:\/\/global-hookah.com\/es\/wp-json\/wp\/v2\/types\/product"}],"replies":[{"embeddable":true,"href":"https:\/\/global-hookah.com\/es\/wp-json\/wp\/v2\/comments?post=29151"}],"version-history":[{"count":0,"href":"https:\/\/global-hookah.com\/es\/wp-json\/wp\/v2\/product\/29151\/revisions"}],"wp:featuredmedia":[{"embeddable":true,"href":"https:\/\/global-hookah.com\/es\/wp-json\/wp\/v2\/media\/30002"}],"wp:attachment":[{"href":"https:\/\/global-hookah.com\/es\/wp-json\/wp\/v2\/media?parent=29151"}],"wp:term":[{"taxonomy":"product_brand","embeddable":true,"href":"https:\/\/global-hookah.com\/es\/wp-json\/wp\/v2\/product_brand?post=29151"},{"taxonomy":"product_cat","embeddable":true,"href":"https:\/\/global-hookah.com\/es\/wp-json\/wp\/v2\/product_cat?post=29151"},{"taxonomy":"product_tag","embeddable":true,"href":"https:\/\/global-hookah.com\/es\/wp-json\/wp\/v2\/product_tag?post=29151"}],"curies":[{"name":"wp","href":"https:\/\/api.w.org\/{rel}","templated":true}]}}