{"id":29197,"date":"2024-09-27T02:11:44","date_gmt":"2024-09-27T02:11:44","guid":{"rendered":"https:\/\/global-hookah.com\/product\/global-cn02clearance-freemax-maxpod-3-15w-pod-kit-480mah-2ml\/"},"modified":"2024-09-27T02:54:04","modified_gmt":"2024-09-27T02:54:04","slug":"global-cn02clearance-freemax-maxpod-3-15w-pod-kit-480mah-2ml","status":"publish","type":"product","link":"https:\/\/global-hookah.com\/es\/producto\/global-cn02clearance-freemax-maxpod-3-15w-pod-kit-480mah-2ml\/","title":{"rendered":"Global-CN02Rebajas Freemax Maxpod 3 15W Pod Kit 480mAh 2ml"},"content":{"rendered":"<p>Freemax Maxpod 3 15W Kit viene con una vaina rellenable de 2mL con una bobina integrada y una bater\u00eda recargable de 480mAh con un puerto USB Tipo-C. que es un sistema de vaina activado por sorteo. Actualmente viene con 0.8ohm o 1.2ohm vaina de malla que adopta el dise\u00f1o de llenado superior a prueba de ni\u00f1os. s\u00faper seguro y c\u00f3modo de usar.<\/p>\n<p>No s\u00f3lo eso. utiliza la nueva tecnolog\u00eda de bobina de malla FM SaltCoilTech 4.0. que aumenta el contenido de fibra de t\u00e9 en 50% y utiliza la innovadora malla SS904L templada para ofrecer FLVs m\u00e1s puros y prolongar la vida \u00fatil de la bobina.<\/p>\n<p>Marca: Freemax<br \/>Unidad: 1 Juego<br \/>Tama\u00f1o: 99,5*26,7*18,2 mm<br \/>Capacidad del Pod: 2ml<br \/>Resistencia de la bobina: 0.8\/1.2 ohm<br \/>Capacidad de la bater\u00eda: 480 mAh<br \/>Potencia de salida: 9-10,8 W<br \/>Tensi\u00f3n de salida: 3,3-3,6 V<br \/>Material: PCTG+PC+ABS<br \/>Embalaje: Caja de regalo<\/p>\n<p><strong><font color=\"#ff7301\" size=\"4px\">Cada juego contiene:<\/font><\/strong><br \/>1pc Maxpod 3 15W Bater\u00eda<br \/>1pc MD Mesh Pod 0.8ohm<br \/>1 Manual de usuario<br \/>1 unidad Desecante<\/p>\n<p><img decoding=\"async\" src=\"https:\/\/global-hookah.com\/wp-content\/uploads\/2024\/09\/Maxpod-3-15W-Pod-Kit-11.jpg?w=1248&amp;h=558\" alt=\"Freemax Maxpod 3 Kit\"><br \/><img decoding=\"async\" src=\"https:\/\/global-hookah.com\/wp-content\/uploads\/2024\/09\/Maxpod-3-15W-Pod-Kit-12.jpg?w=1248&amp;h=624\" alt=\"Freemax Maxpod 3 Kit\"><br \/><img decoding=\"async\" src=\"https:\/\/global-hookah.com\/wp-content\/uploads\/2024\/09\/Maxpod-3-15W-Pod-Kit-13.jpg?w=1248&amp;h=636\" alt=\"Freemax Maxpod 3 Kit\"><br \/><img decoding=\"async\" src=\"https:\/\/global-hookah.com\/wp-content\/uploads\/2024\/09\/Maxpod-3-15W-Pod-Kit-14.jpg?w=1248&amp;h=616\" alt=\"Freemax Maxpod 3 Kit\"><br \/><img decoding=\"async\" src=\"https:\/\/global-hookah.com\/wp-content\/uploads\/2024\/09\/Maxpod-3-15W-Pod-Kit-15.jpg?w=1248&amp;h=589\" alt=\"Freemax Maxpod 3 Kit\"><br \/><img decoding=\"async\" src=\"https:\/\/global-hookah.com\/wp-content\/uploads\/2024\/09\/Maxpod-3-15W-Pod-Kit-16.jpg?w=1248&amp;h=576\" alt=\"Freemax Maxpod 3 Kit\"><br \/><img decoding=\"async\" src=\"https:\/\/global-hookah.com\/wp-content\/uploads\/2024\/09\/Maxpod-3-15W-Pod-Kit-17.jpg?w=1248&amp;h=607\" alt=\"Freemax Maxpod 3 Kit\"><br \/><img decoding=\"async\" src=\"https:\/\/global-hookah.com\/wp-content\/uploads\/2024\/09\/Maxpod-3-15W-Pod-Kit-18.jpg?w=1248&amp;h=620\" alt=\"Freemax Maxpod 3 Kit\"><br \/><img decoding=\"async\" src=\"https:\/\/global-hookah.com\/wp-content\/uploads\/2024\/09\/Maxpod-3-15W-Pod-Kit-19.jpg?w=1248&amp;h=622\" alt=\"Freemax Maxpod 3 Kit\"><br \/><img decoding=\"async\" src=\"https:\/\/global-hookah.com\/wp-content\/uploads\/2024\/09\/Maxpod-3-15W-Pod-Kit-20.jpg?w=1248&amp;h=530\" alt=\"Freemax Maxpod 3 Kit\"><br \/><img decoding=\"async\" src=\"https:\/\/global-hookah.com\/wp-content\/uploads\/2024\/09\/Maxpod-3-15W-Pod-Kit-21.jpg?w=1248&amp;h=648\" alt=\"Freemax Maxpod 3 Kit\"><br \/><img decoding=\"async\" src=\"https:\/\/global-hookah.com\/wp-content\/uploads\/2024\/09\/Maxpod-3-15W-Pod-Kit-22.jpg?w=1248&amp;h=652\" alt=\"Freemax Maxpod 3 Kit\"><br \/><img decoding=\"async\" src=\"https:\/\/global-hookah.com\/wp-content\/uploads\/2024\/09\/Maxpod-3-15W-Pod-Kit-23.jpg?w=1248&amp;h=649\" alt=\"Freemax Maxpod 3 Kit\"><br \/><img decoding=\"async\" src=\"https:\/\/global-hookah.com\/wp-content\/uploads\/2024\/09\/Maxpod-3-15W-Pod-Kit-24.jpg?w=1248&amp;h=654\" alt=\"Freemax Maxpod 3 Kit\"><br \/><img decoding=\"async\" src=\"https:\/\/global-hookah.com\/wp-content\/uploads\/2024\/09\/Maxpod-3-15W-Pod-Kit-25.jpg?w=1248&amp;h=594\" alt=\"Freemax Maxpod 3 Kit\"><\/p>","protected":false},"excerpt":{"rendered":"<p>Freemax Maxpod 3 15W Kit viene con un pod rellenable de 2mL con una bobina integrada y una bater\u00eda recargable de 480mAh<\/p>","protected":false},"featured_media":30106,"comment_status":"closed","ping_status":"closed","template":"","meta":{"iawp_total_views":1,"_joinchat":[]},"product_brand":[],"product_cat":[415],"product_tag":[],"class_list":{"0":"post-29197","1":"product","2":"type-product","3":"status-publish","4":"has-post-thumbnail","6":"product_cat-accessories","8":"first","9":"instock","10":"sale","11":"shipping-taxable","12":"purchasable","13":"product-type-variable"},"yoast_head":"<!-- This site is optimized with the Yoast SEO Premium plugin v24.7 (Yoast SEO v26.8) - https:\/\/yoast.com\/product\/yoast-seo-premium-wordpress\/ -->\n<title>Global-CN02Clearance Freemax Maxpod 3 15W Pod Kit 480mAh 2ml - Global Hookah<\/title>\n<meta name=\"robots\" content=\"index, follow, max-snippet:-1, max-image-preview:large, max-video-preview:-1\" \/>\n<link rel=\"canonical\" href=\"https:\/\/global-hookah.com\/es\/producto\/global-cn02clearance-freemax-maxpod-3-15w-pod-kit-480mah-2ml\/\" \/>\n<meta property=\"og:locale\" content=\"es_ES\" \/>\n<meta property=\"og:type\" content=\"article\" \/>\n<meta property=\"og:title\" content=\"Global-CN02Clearance Freemax Maxpod 3 15W Pod Kit 480mAh 2ml\" \/>\n<meta property=\"og:description\" content=\"Freemax Maxpod 3 15W Kit comes with a 2mL refillable pod with an integrated coil and a rechargeable 480mAh battery\" \/>\n<meta property=\"og:url\" content=\"https:\/\/global-hookah.com\/es\/producto\/global-cn02clearance-freemax-maxpod-3-15w-pod-kit-480mah-2ml\/\" \/>\n<meta property=\"og:site_name\" content=\"Global Hookah\" \/>\n<meta property=\"article:modified_time\" content=\"2024-09-27T02:54:04+00:00\" \/>\n<meta property=\"og:image\" content=\"https:\/\/global-hookah.com\/wp-content\/uploads\/2024\/09\/Maxpod-3-15W-Pod-Kit-1.jpg\" \/>\n\t<meta property=\"og:image:width\" content=\"800\" \/>\n\t<meta property=\"og:image:height\" content=\"800\" \/>\n\t<meta property=\"og:image:type\" content=\"image\/jpeg\" \/>\n<meta name=\"twitter:card\" content=\"summary_large_image\" \/>\n<meta name=\"twitter:label1\" content=\"Tiempo de lectura\" \/>\n\t<meta name=\"twitter:data1\" content=\"1 minuto\" \/>\n<script type=\"application\/ld+json\" class=\"yoast-schema-graph\">{\"@context\":\"https:\/\/schema.org\",\"@graph\":[{\"@type\":\"WebPage\",\"@id\":\"https:\/\/global-hookah.com\/product\/global-cn02clearance-freemax-maxpod-3-15w-pod-kit-480mah-2ml\/\",\"url\":\"https:\/\/global-hookah.com\/product\/global-cn02clearance-freemax-maxpod-3-15w-pod-kit-480mah-2ml\/\",\"name\":\"Global-CN02Clearance Freemax Maxpod 3 15W Pod Kit 480mAh 2ml - Global Hookah\",\"isPartOf\":{\"@id\":\"https:\/\/global-hookah.com\/#website\"},\"primaryImageOfPage\":{\"@id\":\"https:\/\/global-hookah.com\/product\/global-cn02clearance-freemax-maxpod-3-15w-pod-kit-480mah-2ml\/#primaryimage\"},\"image\":{\"@id\":\"https:\/\/global-hookah.com\/product\/global-cn02clearance-freemax-maxpod-3-15w-pod-kit-480mah-2ml\/#primaryimage\"},\"thumbnailUrl\":\"https:\/\/global-hookah.com\/wp-content\/uploads\/2024\/09\/Maxpod-3-15W-Pod-Kit-1.jpg\",\"datePublished\":\"2024-09-27T02:11:44+00:00\",\"dateModified\":\"2024-09-27T02:54:04+00:00\",\"breadcrumb\":{\"@id\":\"https:\/\/global-hookah.com\/product\/global-cn02clearance-freemax-maxpod-3-15w-pod-kit-480mah-2ml\/#breadcrumb\"},\"inLanguage\":\"es\",\"potentialAction\":[{\"@type\":\"ReadAction\",\"target\":[\"https:\/\/global-hookah.com\/product\/global-cn02clearance-freemax-maxpod-3-15w-pod-kit-480mah-2ml\/\"]}]},{\"@type\":\"ImageObject\",\"inLanguage\":\"es\",\"@id\":\"https:\/\/global-hookah.com\/product\/global-cn02clearance-freemax-maxpod-3-15w-pod-kit-480mah-2ml\/#primaryimage\",\"url\":\"https:\/\/global-hookah.com\/wp-content\/uploads\/2024\/09\/Maxpod-3-15W-Pod-Kit-1.jpg\",\"contentUrl\":\"https:\/\/global-hookah.com\/wp-content\/uploads\/2024\/09\/Maxpod-3-15W-Pod-Kit-1.jpg\",\"width\":800,\"height\":800},{\"@type\":\"BreadcrumbList\",\"@id\":\"https:\/\/global-hookah.com\/product\/global-cn02clearance-freemax-maxpod-3-15w-pod-kit-480mah-2ml\/#breadcrumb\",\"itemListElement\":[{\"@type\":\"ListItem\",\"position\":1,\"name\":\"Home\",\"item\":\"https:\/\/global-hookah.com\/\"},{\"@type\":\"ListItem\",\"position\":2,\"name\":\"Shop\",\"item\":\"https:\/\/global-hookah.com\/shop\/\"},{\"@type\":\"ListItem\",\"position\":3,\"name\":\"Global-CN02Clearance Freemax Maxpod 3 15W Pod Kit 480mAh 2ml\"}]},{\"@type\":\"WebSite\",\"@id\":\"https:\/\/global-hookah.com\/#website\",\"url\":\"https:\/\/global-hookah.com\/\",\"name\":\"Global Hookah\",\"description\":\"Global Hookah\",\"publisher\":{\"@id\":\"https:\/\/global-hookah.com\/#organization\"},\"potentialAction\":[{\"@type\":\"SearchAction\",\"target\":{\"@type\":\"EntryPoint\",\"urlTemplate\":\"https:\/\/global-hookah.com\/?s={search_term_string}\"},\"query-input\":{\"@type\":\"PropertyValueSpecification\",\"valueRequired\":true,\"valueName\":\"search_term_string\"}}],\"inLanguage\":\"es\"},{\"@type\":\"Organization\",\"@id\":\"https:\/\/global-hookah.com\/#organization\",\"name\":\"Global Hookah\",\"url\":\"https:\/\/global-hookah.com\/\",\"logo\":{\"@type\":\"ImageObject\",\"inLanguage\":\"es\",\"@id\":\"https:\/\/global-hookah.com\/#\/schema\/logo\/image\/\",\"url\":\"https:\/\/global-hookah.com\/wp-content\/uploads\/2021\/10\/cropped-fgg.png\",\"contentUrl\":\"https:\/\/global-hookah.com\/wp-content\/uploads\/2021\/10\/cropped-fgg.png\",\"width\":512,\"height\":512,\"caption\":\"Global Hookah\"},\"image\":{\"@id\":\"https:\/\/global-hookah.com\/#\/schema\/logo\/image\/\"}}]}<\/script>\n<!-- \/ Yoast SEO Premium plugin. -->","yoast_head_json":{"title":"Global-CN02Rebajas Freemax Maxpod 3 15W Pod Kit 480mAh 2ml - Global Hookah","robots":{"index":"index","follow":"follow","max-snippet":"max-snippet:-1","max-image-preview":"max-image-preview:large","max-video-preview":"max-video-preview:-1"},"canonical":"https:\/\/global-hookah.com\/es\/producto\/global-cn02clearance-freemax-maxpod-3-15w-pod-kit-480mah-2ml\/","og_locale":"es_ES","og_type":"article","og_title":"Global-CN02Clearance Freemax Maxpod 3 15W Pod Kit 480mAh 2ml","og_description":"Freemax Maxpod 3 15W Kit comes with a 2mL refillable pod with an integrated coil and a rechargeable 480mAh battery","og_url":"https:\/\/global-hookah.com\/es\/producto\/global-cn02clearance-freemax-maxpod-3-15w-pod-kit-480mah-2ml\/","og_site_name":"Global Hookah","article_modified_time":"2024-09-27T02:54:04+00:00","og_image":[{"width":800,"height":800,"url":"https:\/\/global-hookah.com\/wp-content\/uploads\/2024\/09\/Maxpod-3-15W-Pod-Kit-1.jpg","type":"image\/jpeg"}],"twitter_card":"summary_large_image","twitter_misc":{"Tiempo de lectura":"1 minuto"},"schema":{"@context":"https:\/\/schema.org","@graph":[{"@type":"WebPage","@id":"https:\/\/global-hookah.com\/product\/global-cn02clearance-freemax-maxpod-3-15w-pod-kit-480mah-2ml\/","url":"https:\/\/global-hookah.com\/product\/global-cn02clearance-freemax-maxpod-3-15w-pod-kit-480mah-2ml\/","name":"Global-CN02Rebajas Freemax Maxpod 3 15W Pod Kit 480mAh 2ml - Global Hookah","isPartOf":{"@id":"https:\/\/global-hookah.com\/#website"},"primaryImageOfPage":{"@id":"https:\/\/global-hookah.com\/product\/global-cn02clearance-freemax-maxpod-3-15w-pod-kit-480mah-2ml\/#primaryimage"},"image":{"@id":"https:\/\/global-hookah.com\/product\/global-cn02clearance-freemax-maxpod-3-15w-pod-kit-480mah-2ml\/#primaryimage"},"thumbnailUrl":"https:\/\/global-hookah.com\/wp-content\/uploads\/2024\/09\/Maxpod-3-15W-Pod-Kit-1.jpg","datePublished":"2024-09-27T02:11:44+00:00","dateModified":"2024-09-27T02:54:04+00:00","breadcrumb":{"@id":"https:\/\/global-hookah.com\/product\/global-cn02clearance-freemax-maxpod-3-15w-pod-kit-480mah-2ml\/#breadcrumb"},"inLanguage":"es","potentialAction":[{"@type":"ReadAction","target":["https:\/\/global-hookah.com\/product\/global-cn02clearance-freemax-maxpod-3-15w-pod-kit-480mah-2ml\/"]}]},{"@type":"ImageObject","inLanguage":"es","@id":"https:\/\/global-hookah.com\/product\/global-cn02clearance-freemax-maxpod-3-15w-pod-kit-480mah-2ml\/#primaryimage","url":"https:\/\/global-hookah.com\/wp-content\/uploads\/2024\/09\/Maxpod-3-15W-Pod-Kit-1.jpg","contentUrl":"https:\/\/global-hookah.com\/wp-content\/uploads\/2024\/09\/Maxpod-3-15W-Pod-Kit-1.jpg","width":800,"height":800},{"@type":"BreadcrumbList","@id":"https:\/\/global-hookah.com\/product\/global-cn02clearance-freemax-maxpod-3-15w-pod-kit-480mah-2ml\/#breadcrumb","itemListElement":[{"@type":"ListItem","position":1,"name":"Home","item":"https:\/\/global-hookah.com\/"},{"@type":"ListItem","position":2,"name":"Shop","item":"https:\/\/global-hookah.com\/shop\/"},{"@type":"ListItem","position":3,"name":"Global-CN02Clearance Freemax Maxpod 3 15W Pod Kit 480mAh 2ml"}]},{"@type":"WebSite","@id":"https:\/\/global-hookah.com\/#website","url":"https:\/\/global-hookah.com\/","name":"Global Hookah","description":"Global Hookah","publisher":{"@id":"https:\/\/global-hookah.com\/#organization"},"potentialAction":[{"@type":"SearchAction","target":{"@type":"EntryPoint","urlTemplate":"https:\/\/global-hookah.com\/?s={search_term_string}"},"query-input":{"@type":"PropertyValueSpecification","valueRequired":true,"valueName":"search_term_string"}}],"inLanguage":"es"},{"@type":"Organization","@id":"https:\/\/global-hookah.com\/#organization","name":"Global Hookah","url":"https:\/\/global-hookah.com\/","logo":{"@type":"ImageObject","inLanguage":"es","@id":"https:\/\/global-hookah.com\/#\/schema\/logo\/image\/","url":"https:\/\/global-hookah.com\/wp-content\/uploads\/2021\/10\/cropped-fgg.png","contentUrl":"https:\/\/global-hookah.com\/wp-content\/uploads\/2021\/10\/cropped-fgg.png","width":512,"height":512,"caption":"Global Hookah"},"image":{"@id":"https:\/\/global-hookah.com\/#\/schema\/logo\/image\/"}}]}},"_links":{"self":[{"href":"https:\/\/global-hookah.com\/es\/wp-json\/wp\/v2\/product\/29197","targetHints":{"allow":["GET"]}}],"collection":[{"href":"https:\/\/global-hookah.com\/es\/wp-json\/wp\/v2\/product"}],"about":[{"href":"https:\/\/global-hookah.com\/es\/wp-json\/wp\/v2\/types\/product"}],"replies":[{"embeddable":true,"href":"https:\/\/global-hookah.com\/es\/wp-json\/wp\/v2\/comments?post=29197"}],"version-history":[{"count":0,"href":"https:\/\/global-hookah.com\/es\/wp-json\/wp\/v2\/product\/29197\/revisions"}],"wp:featuredmedia":[{"embeddable":true,"href":"https:\/\/global-hookah.com\/es\/wp-json\/wp\/v2\/media\/30106"}],"wp:attachment":[{"href":"https:\/\/global-hookah.com\/es\/wp-json\/wp\/v2\/media?parent=29197"}],"wp:term":[{"taxonomy":"product_brand","embeddable":true,"href":"https:\/\/global-hookah.com\/es\/wp-json\/wp\/v2\/product_brand?post=29197"},{"taxonomy":"product_cat","embeddable":true,"href":"https:\/\/global-hookah.com\/es\/wp-json\/wp\/v2\/product_cat?post=29197"},{"taxonomy":"product_tag","embeddable":true,"href":"https:\/\/global-hookah.com\/es\/wp-json\/wp\/v2\/product_tag?post=29197"}],"curies":[{"name":"wp","href":"https:\/\/api.w.org\/{rel}","templated":true}]}}