{"id":30233,"date":"2024-09-28T14:30:45","date_gmt":"2024-09-28T14:30:45","guid":{"rendered":"https:\/\/global-hookah.com\/product\/4-layers-colorful-pattern-magnetic-weed-grinder-wholesale\/"},"modified":"2024-09-29T12:41:32","modified_gmt":"2024-09-29T12:41:32","slug":"4-layers-colorful-pattern-magnetic-weed-grinder-wholesale","status":"publish","type":"product","link":"https:\/\/global-hookah.com\/es\/producto\/4-layers-colorful-pattern-magnetic-weed-grinder-wholesale\/","title":{"rendered":"Molinillo de Hierba Magn\u00e9tico de 4 Capas con Patr\u00f3n de Colores al por Mayor"},"content":{"rendered":"<div class=\"detailmodule_html\">\n<div class=\"detail-desc-decorate-richtext\">\n<div>\n<p>Descripci\u00f3n:<\/p>\n<p>El aparato triturador est\u00e1 fabricado en aleaci\u00f3n de zinc, que es bastante estable y resistente, adem\u00e1s de muy duradero.<\/p>\n<p>Como la picadora tiene un filtro de malla fina y un rascador, no hay polvo que salpique.<\/p>\n<p>Los filtros de cuatro niveles tienen un dise\u00f1o desconectado que permite eliminar los residuos en las piezas.<\/p>\n<p>El tamiz de polen ha sido fabricado con los materiales de acero inoxidable debido a su gran poder de atracci\u00f3n se evitan las fugas.<\/p>\n<p>El fino anillo de polietileno de la parte central se puede utilizar para moler suavemente sin acumular residuos, lo que resulta \u00fatil en la gesti\u00f3n de residuos.<\/p>\n<p>Especificaci\u00f3n:<br \/>\nMaterial: Aleaci\u00f3n de zinc<br \/>\nTama\u00f1o del producto:  Dia 50MMx 38MM\/ Dia 1.97 x 1.5 inch<\/p><\/div>\n<p style=\"text-align: left; margin: 0px;\" align=\"left\"><img decoding=\"async\" src=\"https:\/\/ae01.alicdn.com\/kf\/Sfbdff0a093f74e38a79ed25c56676e69n.jpg?width=800&amp;height=800&amp;hash=1600\" \/><img decoding=\"async\" src=\"https:\/\/ae01.alicdn.com\/kf\/S8b7ed8bff15241d69a3c603fee00e190E.jpg?width=800&amp;height=800&amp;hash=1600\" \/><img decoding=\"async\" src=\"https:\/\/ae01.alicdn.com\/kf\/Sbd86d24baf8143598f8e86c641b3dae9v.jpg?width=800&amp;height=800&amp;hash=1600\" \/><img decoding=\"async\" src=\"https:\/\/ae01.alicdn.com\/kf\/S25cfdbf5c56740a8806c0272ea2e1dccK.jpg?width=800&amp;height=800&amp;hash=1600\" \/><img decoding=\"async\" src=\"https:\/\/ae01.alicdn.com\/kf\/Sf4fa5ebca23244b59ffac456059b7e975.jpg?width=800&amp;height=800&amp;hash=1600\" \/><img decoding=\"async\" src=\"https:\/\/ae01.alicdn.com\/kf\/Sf9f50b59c58444bbb11f36f2dd096452C.jpg?width=800&amp;height=800&amp;hash=1600\" \/><br \/>\n<span style=\"background-color: #ffffff; color: #222222; font-size: 14px; font-family: 'Open Sans', Roboto, Arial, Helvetica, sans-serif, SimSun;\">C\u00e1lido aviso:<\/span><br \/>\n<span style=\"background-color: #ffffff; color: #222222; font-size: 14px; font-family: 'Open Sans', Roboto, Arial, Helvetica, sans-serif, SimSun;\">\u00a11.Support para la venta al por mayor, Dropshipping, logotipo personalizar, OEM!<\/span><br \/>\n<span style=\"background-color: #ffffff; color: #222222; font-size: 14px; font-family: 'Open Sans', Roboto, Arial, Helvetica, sans-serif, SimSun;\">2.+Sigue a la tienda y consigue Descuentos o Cupones.<\/span><br \/>\n<span style=\"background-color: #ffffff; color: #222222; font-size: 14px; font-family: 'Open Sans', Roboto, Arial, Helvetica, sans-serif, SimSun;\">3.Acerca del color: Parte de los productos se env\u00edan de color al azar para mantener la velocidad de env\u00edo r\u00e1pido (SI desea que el color, por favor deje nota o mensaje).<\/span><br \/>\n<span style=\"background-color: #ffffff; color: #222222; font-size: 14px; font-family: 'Open Sans', Roboto, Arial, Helvetica, sans-serif, SimSun;\">4.About enchufe: No importa de qu\u00e9 pa\u00eds eres, todos le enviaremos enchufe de conversi\u00f3n est\u00e1ndar se adapte a su national.Shipping:<\/span><br \/>\n<span style=\"background-color: #ffffff; color: #222222; font-size: 14px; font-family: 'Open Sans', Roboto, Arial, Helvetica, sans-serif, SimSun;\">1.Garantizamos el env\u00edo de la mercanc\u00eda en un plazo de 24 horas tras la confirmaci\u00f3n del pago, excepto en d\u00edas festivos.<\/span><br \/>\n<span style=\"background-color: #ffffff; color: #222222; font-size: 14px; font-family: 'Open Sans', Roboto, Arial, Helvetica, sans-serif, SimSun;\">2.Enviamos por AliExpress Standard Shipping,DHL,Fedex, principalmente seg\u00fan el m\u00e9todo de env\u00edo de su elecci\u00f3n.<\/span><br \/>\n<span style=\"background-color: #ffffff; color: #222222; font-size: 14px; font-family: 'Open Sans', Roboto, Arial, Helvetica, sans-serif, SimSun;\">3.We tienen experiencia rica del env\u00edo, usted no tendr\u00e1 problema con aduanas, por favor la garant\u00eda 100% nos cree.<\/span><br \/>\n<span style=\"background-color: #ffffff; color: #222222; font-size: 14px; font-family: 'Open Sans', Roboto, Arial, Helvetica, sans-serif, SimSun;\">4.Si usted no recibe el art\u00edculo despu\u00e9s de 15-45 d\u00edas, por favor no dude en contactar con nosotros.haremos todo nuestro esfuerzo para resolver el problema.<\/span><br \/>\n<span style=\"background-color: #ffffff; color: #222222; font-size: 14px; font-family: 'Open Sans', Roboto, Arial, Helvetica, sans-serif, SimSun;\">Devoluci\u00f3n y reembolso:<\/span><br \/>\n<span style=\"background-color: #ffffff; color: #222222; font-size: 14px; font-family: 'Open Sans', Roboto, Arial, Helvetica, sans-serif, SimSun;\">Si alguna pregunta acerca de los art\u00edculos, por favor tome fotos o videos, p\u00f3ngase en contacto con nosotros para reenviar, devoluci\u00f3n o reembolso, no es necesario abrir la disputa o revisi\u00f3n.<\/span><br \/>\n<img decoding=\"async\" style=\"font-family: 'Open Sans', Roboto, Arial, Helvetica, sans-serif, SimSun; font-size: 14px; font-weight: 400; letter-spacing: normal; text-align: start; white-space: normal; color: #222222; border: 0px; margin: 0px; padding: 0px; max-width: 100%; box-sizing: border-box;\" src=\"https:\/\/ae01.alicdn.com\/kf\/S7561590d80fd40489930ad0317c50790L.jpg?width=765&amp;height=579&amp;hash=1344\" \/><\/p>\n<div>\n<\/div>\n<\/div>\n<\/div>","protected":false},"excerpt":{"rendered":"<p>Descripci\u00f3n: El aparato de trituraci\u00f3n est\u00e1 fabricado de aleaci\u00f3n de zinc que es bastante estable y fuerte y tambi\u00e9n muy duradero. Porque<\/p>","protected":false},"featured_media":30234,"comment_status":"closed","ping_status":"closed","template":"","meta":{"iawp_total_views":1,"_joinchat":[]},"product_brand":[],"product_cat":[894,770],"product_tag":[],"class_list":{"0":"post-30233","1":"product","2":"type-product","3":"status-publish","4":"has-post-thumbnail","6":"product_cat-4-piece-grinder-wholesale","7":"product_cat-wholesale-grinder","9":"first","10":"instock","11":"sale","12":"shipping-taxable","13":"purchasable","14":"product-type-variable"},"yoast_head":"<!-- This site is optimized with the Yoast SEO Premium plugin v24.7 (Yoast SEO v26.8) - https:\/\/yoast.com\/product\/yoast-seo-premium-wordpress\/ -->\n<title>4 Layers Colorful Pattern Magnetic Weed Grinder Wholesale - Global Hookah<\/title>\n<meta name=\"robots\" content=\"index, follow, max-snippet:-1, max-image-preview:large, max-video-preview:-1\" \/>\n<link rel=\"canonical\" href=\"https:\/\/global-hookah.com\/es\/producto\/4-layers-colorful-pattern-magnetic-weed-grinder-wholesale\/\" \/>\n<meta property=\"og:locale\" content=\"es_ES\" \/>\n<meta property=\"og:type\" content=\"article\" \/>\n<meta property=\"og:title\" content=\"4 Layers Colorful Pattern Magnetic Weed Grinder Wholesale\" \/>\n<meta property=\"og:description\" content=\"Description: The crushing apparatus is manufactured of Zinc Alloy which quite stable and strong and also very long lasting. Because\" \/>\n<meta property=\"og:url\" content=\"https:\/\/global-hookah.com\/es\/producto\/4-layers-colorful-pattern-magnetic-weed-grinder-wholesale\/\" \/>\n<meta property=\"og:site_name\" content=\"Global Hookah\" \/>\n<meta property=\"article:modified_time\" content=\"2024-09-29T12:41:32+00:00\" \/>\n<meta property=\"og:image\" content=\"https:\/\/global-hookah.com\/wp-content\/uploads\/2024\/09\/kf-S1787865e6b72483b9749a568a28c458d5-Arrebol-50mm-Colorful-Pattern-Tobacco-Grinder-4-layer-Zinc-Alloy-Dry-Herb-Crusher-Grass-Grinder-Spice.webp\" \/>\n\t<meta property=\"og:image:width\" content=\"800\" \/>\n\t<meta property=\"og:image:height\" content=\"800\" \/>\n\t<meta property=\"og:image:type\" content=\"image\/webp\" \/>\n<meta name=\"twitter:card\" content=\"summary_large_image\" \/>\n<meta name=\"twitter:label1\" content=\"Tiempo de lectura\" \/>\n\t<meta name=\"twitter:data1\" content=\"1 minuto\" \/>\n<script type=\"application\/ld+json\" class=\"yoast-schema-graph\">{\"@context\":\"https:\/\/schema.org\",\"@graph\":[{\"@type\":\"WebPage\",\"@id\":\"https:\/\/global-hookah.com\/product\/4-layers-colorful-pattern-magnetic-weed-grinder-wholesale\/\",\"url\":\"https:\/\/global-hookah.com\/product\/4-layers-colorful-pattern-magnetic-weed-grinder-wholesale\/\",\"name\":\"4 Layers Colorful Pattern Magnetic Weed Grinder Wholesale - Global Hookah\",\"isPartOf\":{\"@id\":\"https:\/\/global-hookah.com\/#website\"},\"primaryImageOfPage\":{\"@id\":\"https:\/\/global-hookah.com\/product\/4-layers-colorful-pattern-magnetic-weed-grinder-wholesale\/#primaryimage\"},\"image\":{\"@id\":\"https:\/\/global-hookah.com\/product\/4-layers-colorful-pattern-magnetic-weed-grinder-wholesale\/#primaryimage\"},\"thumbnailUrl\":\"https:\/\/global-hookah.com\/wp-content\/uploads\/2024\/09\/kf-S1787865e6b72483b9749a568a28c458d5-Arrebol-50mm-Colorful-Pattern-Tobacco-Grinder-4-layer-Zinc-Alloy-Dry-Herb-Crusher-Grass-Grinder-Spice.webp\",\"datePublished\":\"2024-09-28T14:30:45+00:00\",\"dateModified\":\"2024-09-29T12:41:32+00:00\",\"breadcrumb\":{\"@id\":\"https:\/\/global-hookah.com\/product\/4-layers-colorful-pattern-magnetic-weed-grinder-wholesale\/#breadcrumb\"},\"inLanguage\":\"es\",\"potentialAction\":[{\"@type\":\"ReadAction\",\"target\":[\"https:\/\/global-hookah.com\/product\/4-layers-colorful-pattern-magnetic-weed-grinder-wholesale\/\"]}]},{\"@type\":\"ImageObject\",\"inLanguage\":\"es\",\"@id\":\"https:\/\/global-hookah.com\/product\/4-layers-colorful-pattern-magnetic-weed-grinder-wholesale\/#primaryimage\",\"url\":\"https:\/\/global-hookah.com\/wp-content\/uploads\/2024\/09\/kf-S1787865e6b72483b9749a568a28c458d5-Arrebol-50mm-Colorful-Pattern-Tobacco-Grinder-4-layer-Zinc-Alloy-Dry-Herb-Crusher-Grass-Grinder-Spice.webp\",\"contentUrl\":\"https:\/\/global-hookah.com\/wp-content\/uploads\/2024\/09\/kf-S1787865e6b72483b9749a568a28c458d5-Arrebol-50mm-Colorful-Pattern-Tobacco-Grinder-4-layer-Zinc-Alloy-Dry-Herb-Crusher-Grass-Grinder-Spice.webp\",\"width\":800,\"height\":800,\"caption\":\"4 Layers Colorful Pattern Magnetic Weed Grinder Wholesale\"},{\"@type\":\"BreadcrumbList\",\"@id\":\"https:\/\/global-hookah.com\/product\/4-layers-colorful-pattern-magnetic-weed-grinder-wholesale\/#breadcrumb\",\"itemListElement\":[{\"@type\":\"ListItem\",\"position\":1,\"name\":\"Home\",\"item\":\"https:\/\/global-hookah.com\/\"},{\"@type\":\"ListItem\",\"position\":2,\"name\":\"Shop\",\"item\":\"https:\/\/global-hookah.com\/shop\/\"},{\"@type\":\"ListItem\",\"position\":3,\"name\":\"4 Layers Colorful Pattern Magnetic Weed Grinder Wholesale\"}]},{\"@type\":\"WebSite\",\"@id\":\"https:\/\/global-hookah.com\/#website\",\"url\":\"https:\/\/global-hookah.com\/\",\"name\":\"Global Hookah\",\"description\":\"Global Hookah\",\"publisher\":{\"@id\":\"https:\/\/global-hookah.com\/#organization\"},\"potentialAction\":[{\"@type\":\"SearchAction\",\"target\":{\"@type\":\"EntryPoint\",\"urlTemplate\":\"https:\/\/global-hookah.com\/?s={search_term_string}\"},\"query-input\":{\"@type\":\"PropertyValueSpecification\",\"valueRequired\":true,\"valueName\":\"search_term_string\"}}],\"inLanguage\":\"es\"},{\"@type\":\"Organization\",\"@id\":\"https:\/\/global-hookah.com\/#organization\",\"name\":\"Global Hookah\",\"url\":\"https:\/\/global-hookah.com\/\",\"logo\":{\"@type\":\"ImageObject\",\"inLanguage\":\"es\",\"@id\":\"https:\/\/global-hookah.com\/#\/schema\/logo\/image\/\",\"url\":\"https:\/\/global-hookah.com\/wp-content\/uploads\/2021\/10\/cropped-fgg.png\",\"contentUrl\":\"https:\/\/global-hookah.com\/wp-content\/uploads\/2021\/10\/cropped-fgg.png\",\"width\":512,\"height\":512,\"caption\":\"Global Hookah\"},\"image\":{\"@id\":\"https:\/\/global-hookah.com\/#\/schema\/logo\/image\/\"}}]}<\/script>\n<!-- \/ Yoast SEO Premium plugin. -->","yoast_head_json":{"title":"4 Capas Colorido Patr\u00f3n Magn\u00e9tico Weed Grinder Venta al por mayor - Global Hookah","robots":{"index":"index","follow":"follow","max-snippet":"max-snippet:-1","max-image-preview":"max-image-preview:large","max-video-preview":"max-video-preview:-1"},"canonical":"https:\/\/global-hookah.com\/es\/producto\/4-layers-colorful-pattern-magnetic-weed-grinder-wholesale\/","og_locale":"es_ES","og_type":"article","og_title":"4 Layers Colorful Pattern Magnetic Weed Grinder Wholesale","og_description":"Description: The crushing apparatus is manufactured of Zinc Alloy which quite stable and strong and also very long lasting. Because","og_url":"https:\/\/global-hookah.com\/es\/producto\/4-layers-colorful-pattern-magnetic-weed-grinder-wholesale\/","og_site_name":"Global Hookah","article_modified_time":"2024-09-29T12:41:32+00:00","og_image":[{"width":800,"height":800,"url":"https:\/\/global-hookah.com\/wp-content\/uploads\/2024\/09\/kf-S1787865e6b72483b9749a568a28c458d5-Arrebol-50mm-Colorful-Pattern-Tobacco-Grinder-4-layer-Zinc-Alloy-Dry-Herb-Crusher-Grass-Grinder-Spice.webp","type":"image\/webp"}],"twitter_card":"summary_large_image","twitter_misc":{"Tiempo de lectura":"1 minuto"},"schema":{"@context":"https:\/\/schema.org","@graph":[{"@type":"WebPage","@id":"https:\/\/global-hookah.com\/product\/4-layers-colorful-pattern-magnetic-weed-grinder-wholesale\/","url":"https:\/\/global-hookah.com\/product\/4-layers-colorful-pattern-magnetic-weed-grinder-wholesale\/","name":"4 Capas Colorido Patr\u00f3n Magn\u00e9tico Weed Grinder Venta al por mayor - Global Hookah","isPartOf":{"@id":"https:\/\/global-hookah.com\/#website"},"primaryImageOfPage":{"@id":"https:\/\/global-hookah.com\/product\/4-layers-colorful-pattern-magnetic-weed-grinder-wholesale\/#primaryimage"},"image":{"@id":"https:\/\/global-hookah.com\/product\/4-layers-colorful-pattern-magnetic-weed-grinder-wholesale\/#primaryimage"},"thumbnailUrl":"https:\/\/global-hookah.com\/wp-content\/uploads\/2024\/09\/kf-S1787865e6b72483b9749a568a28c458d5-Arrebol-50mm-Colorful-Pattern-Tobacco-Grinder-4-layer-Zinc-Alloy-Dry-Herb-Crusher-Grass-Grinder-Spice.webp","datePublished":"2024-09-28T14:30:45+00:00","dateModified":"2024-09-29T12:41:32+00:00","breadcrumb":{"@id":"https:\/\/global-hookah.com\/product\/4-layers-colorful-pattern-magnetic-weed-grinder-wholesale\/#breadcrumb"},"inLanguage":"es","potentialAction":[{"@type":"ReadAction","target":["https:\/\/global-hookah.com\/product\/4-layers-colorful-pattern-magnetic-weed-grinder-wholesale\/"]}]},{"@type":"ImageObject","inLanguage":"es","@id":"https:\/\/global-hookah.com\/product\/4-layers-colorful-pattern-magnetic-weed-grinder-wholesale\/#primaryimage","url":"https:\/\/global-hookah.com\/wp-content\/uploads\/2024\/09\/kf-S1787865e6b72483b9749a568a28c458d5-Arrebol-50mm-Colorful-Pattern-Tobacco-Grinder-4-layer-Zinc-Alloy-Dry-Herb-Crusher-Grass-Grinder-Spice.webp","contentUrl":"https:\/\/global-hookah.com\/wp-content\/uploads\/2024\/09\/kf-S1787865e6b72483b9749a568a28c458d5-Arrebol-50mm-Colorful-Pattern-Tobacco-Grinder-4-layer-Zinc-Alloy-Dry-Herb-Crusher-Grass-Grinder-Spice.webp","width":800,"height":800,"caption":"4 Layers Colorful Pattern Magnetic Weed Grinder Wholesale"},{"@type":"BreadcrumbList","@id":"https:\/\/global-hookah.com\/product\/4-layers-colorful-pattern-magnetic-weed-grinder-wholesale\/#breadcrumb","itemListElement":[{"@type":"ListItem","position":1,"name":"Home","item":"https:\/\/global-hookah.com\/"},{"@type":"ListItem","position":2,"name":"Shop","item":"https:\/\/global-hookah.com\/shop\/"},{"@type":"ListItem","position":3,"name":"4 Layers Colorful Pattern Magnetic Weed Grinder Wholesale"}]},{"@type":"WebSite","@id":"https:\/\/global-hookah.com\/#website","url":"https:\/\/global-hookah.com\/","name":"Global Hookah","description":"Global Hookah","publisher":{"@id":"https:\/\/global-hookah.com\/#organization"},"potentialAction":[{"@type":"SearchAction","target":{"@type":"EntryPoint","urlTemplate":"https:\/\/global-hookah.com\/?s={search_term_string}"},"query-input":{"@type":"PropertyValueSpecification","valueRequired":true,"valueName":"search_term_string"}}],"inLanguage":"es"},{"@type":"Organization","@id":"https:\/\/global-hookah.com\/#organization","name":"Global Hookah","url":"https:\/\/global-hookah.com\/","logo":{"@type":"ImageObject","inLanguage":"es","@id":"https:\/\/global-hookah.com\/#\/schema\/logo\/image\/","url":"https:\/\/global-hookah.com\/wp-content\/uploads\/2021\/10\/cropped-fgg.png","contentUrl":"https:\/\/global-hookah.com\/wp-content\/uploads\/2021\/10\/cropped-fgg.png","width":512,"height":512,"caption":"Global Hookah"},"image":{"@id":"https:\/\/global-hookah.com\/#\/schema\/logo\/image\/"}}]}},"_links":{"self":[{"href":"https:\/\/global-hookah.com\/es\/wp-json\/wp\/v2\/product\/30233","targetHints":{"allow":["GET"]}}],"collection":[{"href":"https:\/\/global-hookah.com\/es\/wp-json\/wp\/v2\/product"}],"about":[{"href":"https:\/\/global-hookah.com\/es\/wp-json\/wp\/v2\/types\/product"}],"replies":[{"embeddable":true,"href":"https:\/\/global-hookah.com\/es\/wp-json\/wp\/v2\/comments?post=30233"}],"version-history":[{"count":0,"href":"https:\/\/global-hookah.com\/es\/wp-json\/wp\/v2\/product\/30233\/revisions"}],"wp:featuredmedia":[{"embeddable":true,"href":"https:\/\/global-hookah.com\/es\/wp-json\/wp\/v2\/media\/30234"}],"wp:attachment":[{"href":"https:\/\/global-hookah.com\/es\/wp-json\/wp\/v2\/media?parent=30233"}],"wp:term":[{"taxonomy":"product_brand","embeddable":true,"href":"https:\/\/global-hookah.com\/es\/wp-json\/wp\/v2\/product_brand?post=30233"},{"taxonomy":"product_cat","embeddable":true,"href":"https:\/\/global-hookah.com\/es\/wp-json\/wp\/v2\/product_cat?post=30233"},{"taxonomy":"product_tag","embeddable":true,"href":"https:\/\/global-hookah.com\/es\/wp-json\/wp\/v2\/product_tag?post=30233"}],"curies":[{"name":"wp","href":"https:\/\/api.w.org\/{rel}","templated":true}]}}