{"id":30258,"date":"2024-09-29T01:30:37","date_gmt":"2024-09-29T01:30:37","guid":{"rendered":"https:\/\/global-hookah.com\/product\/4-layer-66mm-weed-grinder-set-wholesale\/"},"modified":"2024-09-29T12:41:32","modified_gmt":"2024-09-29T12:41:32","slug":"4-layer-66mm-weed-grinder-set-wholesale","status":"publish","type":"product","link":"https:\/\/global-hookah.com\/es\/producto\/4-layer-66mm-weed-grinder-set-wholesale\/","title":{"rendered":"Juego de desmenuzador de hierba de 4 capas y 66 mm al por mayor"},"content":{"rendered":"<p>\u00a0<\/p>\n<div class=\"product-specs-list-container\">\n<ul class=\"product-specs-list util-clearfix\">\n<li class=\"product-prop line-limit-length\"><span class=\"property-title\">Hign-concerned Chemical:\u00a0<\/span><span class=\"property-desc line-limit-length\">Ninguno<\/span><\/li>\n<li class=\"product-prop line-limit-length\"><span class=\"property-title\">Forma:\u00a0<\/span><span class=\"property-desc line-limit-length\">Tipo libre<\/span><\/li>\n<li class=\"product-prop line-limit-length\"><span class=\"property-title\">N\u00famero de modelo:\u00a0<\/span><span class=\"property-desc line-limit-length\">FT-03265<\/span><\/li>\n<li class=\"product-prop line-limit-length\"><span class=\"property-title\">Material:\u00a0<\/span><span class=\"property-desc line-limit-length\">Metal<\/span><\/li>\n<li class=\"product-prop line-limit-length\"><span class=\"property-title\">Origen:\u00a0<\/span><span class=\"property-desc line-limit-length\">China continental<\/span><\/li>\n<li class=\"product-prop line-limit-length\"><span class=\"property-title\">Lugar de origen:\u00a0<\/span><span class=\"property-desc line-limit-length\">China<\/span><\/li>\n<li class=\"product-prop line-limit-length\"><span class=\"property-title\">Tama\u00f1o:\u00a0<\/span><span class=\"property-desc line-limit-length\">66*71mm<\/span><\/li>\n<li class=\"product-prop line-limit-length\"><span class=\"property-title\">Peso:\u00a0<\/span><span class=\"property-desc line-limit-length\">305g\/pc<\/span><\/li>\n<li class=\"product-prop line-limit-length\"><span class=\"property-title\">Material:\u00a0<\/span><span class=\"property-desc line-limit-length\">Aleaci\u00f3n de zinc<\/span><\/li>\n<li class=\"product-prop line-limit-length\"><span class=\"property-title\">Color:\u00a0<\/span><span class=\"property-desc line-limit-length\">Como se muestra<\/span><\/li>\n<li class=\"product-prop line-limit-length\"><span class=\"property-title\">Paquete:\u00a0<\/span><span class=\"property-desc line-limit-length\">1 Picadora f<\/span><\/li>\n<li class=\"product-prop line-limit-length\"><span class=\"property-title\">Especial:\u00a0<\/span><span class=\"property-desc line-limit-length\">Estampado de strass de colores<\/span><\/li>\n<\/ul>\n<\/div>\n<div class=\"detailmodule_html\">\n<div class=\"detail-desc-decorate-richtext\">\n<div id=\"dxbglyxpre\" class=\"dxbglyxpre\">\n<p><img decoding=\"async\" src=\"https:\/\/ae01.alicdn.com\/kf\/S90b18b6bb54e496d8f900959befe8d880.jpg\" alt=\"Planets\" usemap=\"#uZMMqtohNt9RF2v8hdqhrIxDgptPejOw\" border=\"0\" \/><\/p>\n<map id=\"uZMMqtohNt9RF2v8hdqhrIxDgptPejOw\" name=\"uZMMqtohNt9RF2v8hdqhrIxDgptPejOw\">\n<area coords=\"12,194,232,504\" shape=\"rect\" href=\"https:\/\/www.aliexpress.com\/item\/1005006289312515.html\" target=\"_blank\" \/>\n<area coords=\"245,194,465,504\" shape=\"rect\" href=\"https:\/\/www.aliexpress.com\/item\/1005006884443344.html\" target=\"_blank\" \/>\n<area coords=\"478,194,698,504\" shape=\"rect\" href=\"https:\/\/www.aliexpress.com\/item\/1005006883800615.html\" target=\"_blank\" \/>\n<area coords=\"711,194,931,504\" shape=\"rect\" href=\"https:\/\/www.aliexpress.com\/item\/1005006883039141.html\" target=\"_blank\" \/>\n<area coords=\"12,524,232,834\" shape=\"rect\" href=\"https:\/\/www.aliexpress.com\/item\/1005006778480644.html\" target=\"_blank\" \/>\n<area coords=\"245,524,465,834\" shape=\"rect\" href=\"https:\/\/www.aliexpress.com\/item\/1005007141550883.html\" target=\"_blank\" \/>\n<area coords=\"478,524,698,834\" shape=\"rect\" href=\"https:\/\/www.aliexpress.com\/item\/1005007142083009.html\" target=\"_blank\" \/>\n<area coords=\"711,524,931,834\" shape=\"rect\" href=\"https:\/\/www.aliexpress.com\/item\/1005007141940306.html\" target=\"_blank\" \/><\/map>\n<\/div>\n<\/div>\n<\/div>\n<div class=\"detailmodule_html\">\n<div class=\"detail-desc-decorate-richtext\">\n<div class=\"detailmodule_dynamic\">\u00a0<\/div>\n<div class=\"detailmodule_text\">\u00a0<\/div>\n<div class=\"detailmodule_text\">\n<p class=\"detail-desc-decorate-content\" style=\"font-family: OpenSans; font-size: 14px; font-weight: 300; line-height: 20px; white-space: pre-wrap; color: #000000; margin-bottom: 12px;\"><span style=\"font-size: 18px; font-family: verdana, geneva, sans-serif;\">TAMA\u00d1O: 66mm*71mm<\/span><\/p>\n<p class=\"detail-desc-decorate-content\" style=\"font-family: OpenSans; font-size: 14px; font-weight: 300; line-height: 20px; white-space: pre-wrap; color: #000000; margin-bottom: 12px;\"><span style=\"font-size: 18px; font-family: verdana, geneva, sans-serif;\">Material: aleaci\u00f3n de zinc, resina<\/span><\/p>\n<p class=\"detail-desc-decorate-content\" style=\"font-family: OpenSans; font-size: 14px; font-weight: 300; line-height: 20px; white-space: pre-wrap; color: #000000; margin-bottom: 12px;\"><span style=\"font-size: 18px; font-family: verdana, geneva, sans-serif;\">Peso: 305g\/pc, Paquete: 1Pc as show<\/span><\/p>\n<p class=\"detail-desc-decorate-content\" style=\"font-family: OpenSans; font-size: 14px; font-weight: 300; line-height: 20px; white-space: pre-wrap; color: #000000; margin-bottom: 12px;\"><span style=\"font-size: 18px; font-family: verdana, geneva, sans-serif;\">Molinillo de puros para fumar, molinillo de humo de dientes planos de 5 partes<\/span><\/p>\n<p class=\"detail-desc-decorate-content\" style=\"font-family: OpenSans; font-size: 14px; font-weight: 300; line-height: 20px; white-space: pre-wrap; color: #000000; margin-bottom: 12px;\"><span style=\"font-size: 18px; font-family: verdana, geneva, sans-serif;\">La forma brillante resulta m\u00e1s atractiva <\/span><\/p>\n<\/div>\n<div class=\"detailmodule_image\"><img decoding=\"async\" src=\"https:\/\/ae01.alicdn.com\/kf\/S2b03a791d52c4bc8aaf53ecf1a3dcae6O.jpg\" \/><br \/><img decoding=\"async\" src=\"https:\/\/ae01.alicdn.com\/kf\/S4ddac2549b81453d800a3634dca6ccd4O.jpg\" \/><br \/><img decoding=\"async\" src=\"https:\/\/ae01.alicdn.com\/kf\/S6409717cbb76457e99ed3d9eeff616324.jpg\" \/><br \/><img decoding=\"async\" src=\"https:\/\/ae01.alicdn.com\/kf\/S453b4804b3f845dfb203a1df81a3cccap.jpg\" \/><br \/><img decoding=\"async\" src=\"https:\/\/ae01.alicdn.com\/kf\/Sc3720c86139d44c08c3cd695b6fc0dd0b.jpg\" \/><br \/><img decoding=\"async\" src=\"https:\/\/ae01.alicdn.com\/kf\/Sf01f5bfa265149cca82fb7ece570ea21X.jpg\" \/><br \/><img decoding=\"async\" src=\"https:\/\/ae01.alicdn.com\/kf\/Se85f2e7bf90f4a06987ef1f33ad16227o.jpg\" \/><br \/><img decoding=\"async\" src=\"https:\/\/ae01.alicdn.com\/kf\/S7124514a19264af28b154bdd926c6c66T.jpg\" \/><\/div>\n<div class=\"detailmodule_image\"><img decoding=\"async\" class=\"detail-desc-decorate-image\" src=\"https:\/\/ae01.alicdn.com\/kf\/Sc1c24f88aae74de89a109d3e9dee9336g.jpg\" \/><\/div>\n<div class=\"detailmodule_image\"><img decoding=\"async\" class=\"detail-desc-decorate-image\" src=\"https:\/\/ae01.alicdn.com\/kf\/Sd8482cc6257246b0b3fb555d0f6a91761.jpg\" \/><\/div>\n<div class=\"detailmodule_image\"><img decoding=\"async\" class=\"detail-desc-decorate-image\" src=\"https:\/\/ae01.alicdn.com\/kf\/Sb562a1f64ad84e03aedcdc125842322b6.jpg\" \/><\/div>\n<div class=\"detailmodule_image\"><img decoding=\"async\" class=\"detail-desc-decorate-image\" src=\"https:\/\/ae01.alicdn.com\/kf\/S9b1a2bf170d94e3db780eb5a506462319.png\" \/><\/div>\n<p>\u00a0<\/p>\n<\/div>\n<\/div>","protected":false},"excerpt":{"rendered":"<p>\u00a0 Hign-concerned Qu\u00edmica: Ninguno Forma: Tipo libre N\u00famero de modelo: FT-03265 Material: Metal Origen: China continental Lugar de origen: China Tama\u00f1o: 66*71mm Peso: 305g\/pc Material: Aleaci\u00f3n de zinc Color: Como se muestra Paquete: 1<\/p>","protected":false},"featured_media":30259,"comment_status":"closed","ping_status":"closed","template":"","meta":{"iawp_total_views":1,"_joinchat":[]},"product_brand":[],"product_cat":[894,770],"product_tag":[],"class_list":{"0":"post-30258","1":"product","2":"type-product","3":"status-publish","4":"has-post-thumbnail","6":"product_cat-4-piece-grinder-wholesale","7":"product_cat-wholesale-grinder","9":"first","10":"instock","11":"shipping-taxable","12":"purchasable","13":"product-type-variable"},"yoast_head":"<!-- This site is optimized with the Yoast SEO Premium plugin v24.7 (Yoast SEO v26.8) - https:\/\/yoast.com\/product\/yoast-seo-premium-wordpress\/ -->\n<title>4-Layer 66mm Weed Grinder Set Wholesale - Global Hookah<\/title>\n<meta name=\"robots\" content=\"index, follow, max-snippet:-1, max-image-preview:large, max-video-preview:-1\" \/>\n<link rel=\"canonical\" href=\"https:\/\/global-hookah.com\/es\/producto\/4-layer-66mm-weed-grinder-set-wholesale\/\" \/>\n<meta property=\"og:locale\" content=\"es_ES\" \/>\n<meta property=\"og:type\" content=\"article\" \/>\n<meta property=\"og:title\" content=\"4-Layer 66mm Weed Grinder Set Wholesale\" \/>\n<meta property=\"og:description\" content=\"\u00a0 Hign-concerned Chemical:\u00a0None Shape:\u00a0Free Type Model Number:\u00a0FT-03265 Material:\u00a0Metal Origin:\u00a0Mainland China Place of origin:\u00a0China Size:\u00a066*71mm Weight:\u00a0305g\/pc Material:\u00a0Zinc alloy Color:\u00a0As shown Package:\u00a01\" \/>\n<meta property=\"og:url\" content=\"https:\/\/global-hookah.com\/es\/producto\/4-layer-66mm-weed-grinder-set-wholesale\/\" \/>\n<meta property=\"og:site_name\" content=\"Global Hookah\" \/>\n<meta property=\"article:modified_time\" content=\"2024-09-29T12:41:32+00:00\" \/>\n<meta property=\"og:image\" content=\"https:\/\/global-hookah.com\/wp-content\/uploads\/2024\/09\/kf-S4ddac2549b81453d800a3634dca6ccd4O-66MM-4-layer-Herb-Grinder-Zinc-Alloy-Durable-Metal-Tobacco-Crusher-Smoking-Accessories-for-Smoker-Friends.webp\" \/>\n\t<meta property=\"og:image:width\" content=\"800\" \/>\n\t<meta property=\"og:image:height\" content=\"800\" \/>\n\t<meta property=\"og:image:type\" content=\"image\/webp\" \/>\n<meta name=\"twitter:card\" content=\"summary_large_image\" \/>\n<script type=\"application\/ld+json\" class=\"yoast-schema-graph\">{\"@context\":\"https:\/\/schema.org\",\"@graph\":[{\"@type\":\"WebPage\",\"@id\":\"https:\/\/global-hookah.com\/product\/4-layer-66mm-weed-grinder-set-wholesale\/\",\"url\":\"https:\/\/global-hookah.com\/product\/4-layer-66mm-weed-grinder-set-wholesale\/\",\"name\":\"4-Layer 66mm Weed Grinder Set Wholesale - Global Hookah\",\"isPartOf\":{\"@id\":\"https:\/\/global-hookah.com\/#website\"},\"primaryImageOfPage\":{\"@id\":\"https:\/\/global-hookah.com\/product\/4-layer-66mm-weed-grinder-set-wholesale\/#primaryimage\"},\"image\":{\"@id\":\"https:\/\/global-hookah.com\/product\/4-layer-66mm-weed-grinder-set-wholesale\/#primaryimage\"},\"thumbnailUrl\":\"https:\/\/global-hookah.com\/wp-content\/uploads\/2024\/09\/kf-S4ddac2549b81453d800a3634dca6ccd4O-66MM-4-layer-Herb-Grinder-Zinc-Alloy-Durable-Metal-Tobacco-Crusher-Smoking-Accessories-for-Smoker-Friends.webp\",\"datePublished\":\"2024-09-29T01:30:37+00:00\",\"dateModified\":\"2024-09-29T12:41:32+00:00\",\"breadcrumb\":{\"@id\":\"https:\/\/global-hookah.com\/product\/4-layer-66mm-weed-grinder-set-wholesale\/#breadcrumb\"},\"inLanguage\":\"es\",\"potentialAction\":[{\"@type\":\"ReadAction\",\"target\":[\"https:\/\/global-hookah.com\/product\/4-layer-66mm-weed-grinder-set-wholesale\/\"]}]},{\"@type\":\"ImageObject\",\"inLanguage\":\"es\",\"@id\":\"https:\/\/global-hookah.com\/product\/4-layer-66mm-weed-grinder-set-wholesale\/#primaryimage\",\"url\":\"https:\/\/global-hookah.com\/wp-content\/uploads\/2024\/09\/kf-S4ddac2549b81453d800a3634dca6ccd4O-66MM-4-layer-Herb-Grinder-Zinc-Alloy-Durable-Metal-Tobacco-Crusher-Smoking-Accessories-for-Smoker-Friends.webp\",\"contentUrl\":\"https:\/\/global-hookah.com\/wp-content\/uploads\/2024\/09\/kf-S4ddac2549b81453d800a3634dca6ccd4O-66MM-4-layer-Herb-Grinder-Zinc-Alloy-Durable-Metal-Tobacco-Crusher-Smoking-Accessories-for-Smoker-Friends.webp\",\"width\":800,\"height\":800},{\"@type\":\"BreadcrumbList\",\"@id\":\"https:\/\/global-hookah.com\/product\/4-layer-66mm-weed-grinder-set-wholesale\/#breadcrumb\",\"itemListElement\":[{\"@type\":\"ListItem\",\"position\":1,\"name\":\"Home\",\"item\":\"https:\/\/global-hookah.com\/\"},{\"@type\":\"ListItem\",\"position\":2,\"name\":\"Shop\",\"item\":\"https:\/\/global-hookah.com\/shop\/\"},{\"@type\":\"ListItem\",\"position\":3,\"name\":\"4-Layer 66mm Weed Grinder Set Wholesale\"}]},{\"@type\":\"WebSite\",\"@id\":\"https:\/\/global-hookah.com\/#website\",\"url\":\"https:\/\/global-hookah.com\/\",\"name\":\"Global Hookah\",\"description\":\"Global Hookah\",\"publisher\":{\"@id\":\"https:\/\/global-hookah.com\/#organization\"},\"potentialAction\":[{\"@type\":\"SearchAction\",\"target\":{\"@type\":\"EntryPoint\",\"urlTemplate\":\"https:\/\/global-hookah.com\/?s={search_term_string}\"},\"query-input\":{\"@type\":\"PropertyValueSpecification\",\"valueRequired\":true,\"valueName\":\"search_term_string\"}}],\"inLanguage\":\"es\"},{\"@type\":\"Organization\",\"@id\":\"https:\/\/global-hookah.com\/#organization\",\"name\":\"Global Hookah\",\"url\":\"https:\/\/global-hookah.com\/\",\"logo\":{\"@type\":\"ImageObject\",\"inLanguage\":\"es\",\"@id\":\"https:\/\/global-hookah.com\/#\/schema\/logo\/image\/\",\"url\":\"https:\/\/global-hookah.com\/wp-content\/uploads\/2021\/10\/cropped-fgg.png\",\"contentUrl\":\"https:\/\/global-hookah.com\/wp-content\/uploads\/2021\/10\/cropped-fgg.png\",\"width\":512,\"height\":512,\"caption\":\"Global Hookah\"},\"image\":{\"@id\":\"https:\/\/global-hookah.com\/#\/schema\/logo\/image\/\"}}]}<\/script>\n<!-- \/ Yoast SEO Premium plugin. -->","yoast_head_json":{"title":"Juego de Grinder de 4 capas de 66mm para hierba al por mayor - Global Hookah","robots":{"index":"index","follow":"follow","max-snippet":"max-snippet:-1","max-image-preview":"max-image-preview:large","max-video-preview":"max-video-preview:-1"},"canonical":"https:\/\/global-hookah.com\/es\/producto\/4-layer-66mm-weed-grinder-set-wholesale\/","og_locale":"es_ES","og_type":"article","og_title":"4-Layer 66mm Weed Grinder Set Wholesale","og_description":"\u00a0 Hign-concerned Chemical:\u00a0None Shape:\u00a0Free Type Model Number:\u00a0FT-03265 Material:\u00a0Metal Origin:\u00a0Mainland China Place of origin:\u00a0China Size:\u00a066*71mm Weight:\u00a0305g\/pc Material:\u00a0Zinc alloy Color:\u00a0As shown Package:\u00a01","og_url":"https:\/\/global-hookah.com\/es\/producto\/4-layer-66mm-weed-grinder-set-wholesale\/","og_site_name":"Global Hookah","article_modified_time":"2024-09-29T12:41:32+00:00","og_image":[{"width":800,"height":800,"url":"https:\/\/global-hookah.com\/wp-content\/uploads\/2024\/09\/kf-S4ddac2549b81453d800a3634dca6ccd4O-66MM-4-layer-Herb-Grinder-Zinc-Alloy-Durable-Metal-Tobacco-Crusher-Smoking-Accessories-for-Smoker-Friends.webp","type":"image\/webp"}],"twitter_card":"summary_large_image","schema":{"@context":"https:\/\/schema.org","@graph":[{"@type":"WebPage","@id":"https:\/\/global-hookah.com\/product\/4-layer-66mm-weed-grinder-set-wholesale\/","url":"https:\/\/global-hookah.com\/product\/4-layer-66mm-weed-grinder-set-wholesale\/","name":"Juego de Grinder de 4 capas de 66mm para hierba al por mayor - Global Hookah","isPartOf":{"@id":"https:\/\/global-hookah.com\/#website"},"primaryImageOfPage":{"@id":"https:\/\/global-hookah.com\/product\/4-layer-66mm-weed-grinder-set-wholesale\/#primaryimage"},"image":{"@id":"https:\/\/global-hookah.com\/product\/4-layer-66mm-weed-grinder-set-wholesale\/#primaryimage"},"thumbnailUrl":"https:\/\/global-hookah.com\/wp-content\/uploads\/2024\/09\/kf-S4ddac2549b81453d800a3634dca6ccd4O-66MM-4-layer-Herb-Grinder-Zinc-Alloy-Durable-Metal-Tobacco-Crusher-Smoking-Accessories-for-Smoker-Friends.webp","datePublished":"2024-09-29T01:30:37+00:00","dateModified":"2024-09-29T12:41:32+00:00","breadcrumb":{"@id":"https:\/\/global-hookah.com\/product\/4-layer-66mm-weed-grinder-set-wholesale\/#breadcrumb"},"inLanguage":"es","potentialAction":[{"@type":"ReadAction","target":["https:\/\/global-hookah.com\/product\/4-layer-66mm-weed-grinder-set-wholesale\/"]}]},{"@type":"ImageObject","inLanguage":"es","@id":"https:\/\/global-hookah.com\/product\/4-layer-66mm-weed-grinder-set-wholesale\/#primaryimage","url":"https:\/\/global-hookah.com\/wp-content\/uploads\/2024\/09\/kf-S4ddac2549b81453d800a3634dca6ccd4O-66MM-4-layer-Herb-Grinder-Zinc-Alloy-Durable-Metal-Tobacco-Crusher-Smoking-Accessories-for-Smoker-Friends.webp","contentUrl":"https:\/\/global-hookah.com\/wp-content\/uploads\/2024\/09\/kf-S4ddac2549b81453d800a3634dca6ccd4O-66MM-4-layer-Herb-Grinder-Zinc-Alloy-Durable-Metal-Tobacco-Crusher-Smoking-Accessories-for-Smoker-Friends.webp","width":800,"height":800},{"@type":"BreadcrumbList","@id":"https:\/\/global-hookah.com\/product\/4-layer-66mm-weed-grinder-set-wholesale\/#breadcrumb","itemListElement":[{"@type":"ListItem","position":1,"name":"Home","item":"https:\/\/global-hookah.com\/"},{"@type":"ListItem","position":2,"name":"Shop","item":"https:\/\/global-hookah.com\/shop\/"},{"@type":"ListItem","position":3,"name":"4-Layer 66mm Weed Grinder Set Wholesale"}]},{"@type":"WebSite","@id":"https:\/\/global-hookah.com\/#website","url":"https:\/\/global-hookah.com\/","name":"Global Hookah","description":"Global Hookah","publisher":{"@id":"https:\/\/global-hookah.com\/#organization"},"potentialAction":[{"@type":"SearchAction","target":{"@type":"EntryPoint","urlTemplate":"https:\/\/global-hookah.com\/?s={search_term_string}"},"query-input":{"@type":"PropertyValueSpecification","valueRequired":true,"valueName":"search_term_string"}}],"inLanguage":"es"},{"@type":"Organization","@id":"https:\/\/global-hookah.com\/#organization","name":"Global Hookah","url":"https:\/\/global-hookah.com\/","logo":{"@type":"ImageObject","inLanguage":"es","@id":"https:\/\/global-hookah.com\/#\/schema\/logo\/image\/","url":"https:\/\/global-hookah.com\/wp-content\/uploads\/2021\/10\/cropped-fgg.png","contentUrl":"https:\/\/global-hookah.com\/wp-content\/uploads\/2021\/10\/cropped-fgg.png","width":512,"height":512,"caption":"Global Hookah"},"image":{"@id":"https:\/\/global-hookah.com\/#\/schema\/logo\/image\/"}}]}},"_links":{"self":[{"href":"https:\/\/global-hookah.com\/es\/wp-json\/wp\/v2\/product\/30258","targetHints":{"allow":["GET"]}}],"collection":[{"href":"https:\/\/global-hookah.com\/es\/wp-json\/wp\/v2\/product"}],"about":[{"href":"https:\/\/global-hookah.com\/es\/wp-json\/wp\/v2\/types\/product"}],"replies":[{"embeddable":true,"href":"https:\/\/global-hookah.com\/es\/wp-json\/wp\/v2\/comments?post=30258"}],"version-history":[{"count":0,"href":"https:\/\/global-hookah.com\/es\/wp-json\/wp\/v2\/product\/30258\/revisions"}],"wp:featuredmedia":[{"embeddable":true,"href":"https:\/\/global-hookah.com\/es\/wp-json\/wp\/v2\/media\/30259"}],"wp:attachment":[{"href":"https:\/\/global-hookah.com\/es\/wp-json\/wp\/v2\/media?parent=30258"}],"wp:term":[{"taxonomy":"product_brand","embeddable":true,"href":"https:\/\/global-hookah.com\/es\/wp-json\/wp\/v2\/product_brand?post=30258"},{"taxonomy":"product_cat","embeddable":true,"href":"https:\/\/global-hookah.com\/es\/wp-json\/wp\/v2\/product_cat?post=30258"},{"taxonomy":"product_tag","embeddable":true,"href":"https:\/\/global-hookah.com\/es\/wp-json\/wp\/v2\/product_tag?post=30258"}],"curies":[{"name":"wp","href":"https:\/\/api.w.org\/{rel}","templated":true}]}}