{"id":30287,"date":"2024-09-29T01:34:30","date_gmt":"2024-09-29T01:34:30","guid":{"rendered":"https:\/\/global-hookah.com\/product\/customized-4-layer-zinc-alloy-herbal-crusher-with-clear-window\/"},"modified":"2024-09-29T12:41:31","modified_gmt":"2024-09-29T12:41:31","slug":"customized-4-layer-zinc-alloy-herbal-crusher-with-clear-window","status":"publish","type":"product","link":"https:\/\/global-hookah.com\/es\/producto\/customized-4-layer-zinc-alloy-herbal-crusher-with-clear-window\/","title":{"rendered":"Personalizado 4 capas de aleaci\u00f3n de zinc trituradora de hierbas con ventana transparente"},"content":{"rendered":"<div class=\"product-specs-list-container\">\n<ul class=\"product-specs-list util-clearfix\">\n<li class=\"product-prop line-limit-length\"><span\n\t\t\t\t\t\t\t\t\tclass=\"property-title\">Hign-concerned Chemical:&nbsp;<\/span><span\n\t\t\t\t\t\t\t\t\tclass=\"property-desc line-limit-length\">Ninguno<\/span>\n\t\t\t\t\t\t<\/li>\n<li class=\"product-prop line-limit-length\"><span\n\t\t\t\t\t\t\t\t\tclass=\"property-title\">N\u00famero de modelo:&nbsp;<\/span><span\n\t\t\t\t\t\t\t\t\tclass=\"property-desc line-limit-length\">Picadora de tabaco<\/span>\n\t\t\t\t\t\t<\/li>\n<li class=\"product-prop line-limit-length\"><span\n\t\t\t\t\t\t\t\t\tclass=\"property-title\">Material:&nbsp;<\/span><span\n\t\t\t\t\t\t\t\t\tclass=\"property-desc line-limit-length\">Metal<\/span>\n\t\t\t\t\t\t<\/li>\n<li class=\"product-prop line-limit-length\"><span\n\t\t\t\t\t\t\t\t\tclass=\"property-title\">Marca:&nbsp;<\/span><span\n\t\t\t\t\t\t\t\t\tclass=\"property-desc line-limit-length\">vmiss<\/span>\n\t\t\t\t\t\t<\/li>\n<li class=\"product-prop line-limit-length\"><span\n\t\t\t\t\t\t\t\t\tclass=\"property-title\">Origen:&nbsp;<\/span><span\n\t\t\t\t\t\t\t\t\tclass=\"property-desc line-limit-length\">China continental<\/span>\n\t\t\t\t\t\t<\/li>\n<\/ul><\/div>\n<div class=\"detailmodule_html\">\n<div class=\"detail-desc-decorate-richtext\">\n<h2><span style=\"font-size:18px\"><span style=\"font-family:Arial, Helvetica, sans-serif\"><span style=\"background-color:rgb(255, 255, 255);color:rgb(0, 0, 0)\">Nombre del art\u00edculo: Crucher de humo de metal c\u00f3ncavo<br \/>\nMaterial: aleaci\u00f3n de zinc<br \/>\nColor: Gris<br \/>\nTama\u00f1o: gris y dorado 63x59 mm aproximadamente<br \/>\nPeso: unos 160 g<br \/>\nAplicaci\u00f3n: m\u00e1quina trituradora de hierbas para cigarrillos de tabaco<br \/>\nPaquete incluido: 1pc c\u00f3ncava de metal de humo Crusher<\/span><\/span><\/span><\/h2>\n<p style=\"text-align: left;margin:0;\"><img decoding=\"async\" src=\"https:\/\/ae01.alicdn.com\/kf\/S6e655976a56b4add85b5854af3bc3d97W.jpg?width=1000&#038;height=1000&#038;hash=2000\"><\/p>\n<p align=\"left\" style=\"text-align:left;margin:0px;margin-bottom:0px;margin-top:0px;margin-left:0px;margin-right:0px\"><img decoding=\"async\" referrerpolicy=\"no-referrer\" slate-data-type=\"image\" src=\"https:\/\/ae01.alicdn.com\/kf\/S2a939b36bc2943909901a9318ea361cd5.jpg?width=1000&amp;height=1000&amp;hash=2000\"><\/p>\n<p align=\"left\" style=\"text-align:left;margin:0px;margin-bottom:0px;margin-top:0px;margin-left:0px;margin-right:0px\"><img decoding=\"async\" referrerpolicy=\"no-referrer\" slate-data-type=\"image\" src=\"https:\/\/ae01.alicdn.com\/kf\/S05d2200abf95459a987bb3af0adfddf7q.jpg?width=1000&amp;height=1000&amp;hash=2000\"><img decoding=\"async\" referrerpolicy=\"no-referrer\" slate-data-type=\"image\" src=\"https:\/\/ae01.alicdn.com\/kf\/S53bac2ba34db4af8909449f9ef401beaq.jpg?width=1000&amp;height=1000&amp;hash=2000\"><img decoding=\"async\" referrerpolicy=\"no-referrer\" slate-data-type=\"image\" src=\"https:\/\/ae01.alicdn.com\/kf\/S04c1fe88c0034302829d257b06dc9ccbu.jpg?width=1000&amp;height=1000&amp;hash=2000\"><img decoding=\"async\" referrerpolicy=\"no-referrer\" slate-data-type=\"image\" src=\"https:\/\/ae01.alicdn.com\/kf\/Sd18d2775eac84ffda7887138316ebe78M.jpg?width=1000&amp;height=1000&amp;hash=2000\"><img decoding=\"async\" referrerpolicy=\"no-referrer\" slate-data-type=\"image\" src=\"https:\/\/ae01.alicdn.com\/kf\/Sb694b0e257244adbbd0b61c66e8676eaE.jpg?width=1000&amp;height=1000&amp;hash=2000\"><img decoding=\"async\" referrerpolicy=\"no-referrer\" slate-data-type=\"image\" src=\"https:\/\/ae01.alicdn.com\/kf\/S6445193ee0d9471abe82f207b8c23302P.jpg?width=1000&amp;height=1000&amp;hash=2000\"><\/p>\n<p>&nbsp;<\/p><\/div>\n<\/div>","protected":false},"excerpt":{"rendered":"<p>Hign-concerned Qu\u00edmica: Ninguno N\u00famero de modelo: Molinillo de hierbas de tabaco Material: Metal Marca: vmiss Origen: China continental Nombre del art\u00edculo: C\u00f3ncavo de metal Crucher humo Material: aleaci\u00f3n de zinc<\/p>","protected":false},"featured_media":30288,"comment_status":"closed","ping_status":"closed","template":"","meta":{"iawp_total_views":0,"_joinchat":[]},"product_brand":[],"product_cat":[894,770],"product_tag":[],"class_list":{"0":"post-30287","1":"product","2":"type-product","3":"status-publish","4":"has-post-thumbnail","6":"product_cat-4-piece-grinder-wholesale","7":"product_cat-wholesale-grinder","9":"first","10":"instock","11":"shipping-taxable","12":"purchasable","13":"product-type-variable"},"yoast_head":"<!-- This site is optimized with the Yoast SEO Premium plugin v24.7 (Yoast SEO v26.8) - https:\/\/yoast.com\/product\/yoast-seo-premium-wordpress\/ -->\n<title>Customized 4 Layer Zinc Alloy Herbal Crusher with Clear Window - Global Hookah<\/title>\n<meta name=\"robots\" content=\"index, follow, max-snippet:-1, max-image-preview:large, max-video-preview:-1\" \/>\n<link rel=\"canonical\" href=\"https:\/\/global-hookah.com\/es\/producto\/customized-4-layer-zinc-alloy-herbal-crusher-with-clear-window\/\" \/>\n<meta property=\"og:locale\" content=\"es_ES\" \/>\n<meta property=\"og:type\" content=\"article\" \/>\n<meta property=\"og:title\" content=\"Customized 4 Layer Zinc Alloy Herbal Crusher with Clear Window\" \/>\n<meta property=\"og:description\" content=\"Hign-concerned Chemical:&nbsp;None Model Number:&nbsp;Tobacco Herb Grinder Material:&nbsp;Metal Brand Name:&nbsp;vmiss Origin:&nbsp;Mainland China Item Name: Concave metal smoke Crucher Material: zinc alloy\" \/>\n<meta property=\"og:url\" content=\"https:\/\/global-hookah.com\/es\/producto\/customized-4-layer-zinc-alloy-herbal-crusher-with-clear-window\/\" \/>\n<meta property=\"og:site_name\" content=\"Global Hookah\" \/>\n<meta property=\"article:modified_time\" content=\"2024-09-29T12:41:31+00:00\" \/>\n<meta property=\"og:image\" content=\"https:\/\/global-hookah.com\/wp-content\/uploads\/2024\/09\/kf-S397fe517f9fb430f957d310f6b5a9e2aq-Tobacco-Grinder-4-Layer-Zinc-Alloy-Herbal-Crusher-with-Clear-Window-63mm-Herb-Mills-Hand-Muller.webp\" \/>\n\t<meta property=\"og:image:width\" content=\"1000\" \/>\n\t<meta property=\"og:image:height\" content=\"1000\" \/>\n\t<meta property=\"og:image:type\" content=\"image\/webp\" \/>\n<meta name=\"twitter:card\" content=\"summary_large_image\" \/>\n<script type=\"application\/ld+json\" class=\"yoast-schema-graph\">{\"@context\":\"https:\/\/schema.org\",\"@graph\":[{\"@type\":\"WebPage\",\"@id\":\"https:\/\/global-hookah.com\/product\/customized-4-layer-zinc-alloy-herbal-crusher-with-clear-window\/\",\"url\":\"https:\/\/global-hookah.com\/product\/customized-4-layer-zinc-alloy-herbal-crusher-with-clear-window\/\",\"name\":\"Customized 4 Layer Zinc Alloy Herbal Crusher with Clear Window - Global Hookah\",\"isPartOf\":{\"@id\":\"https:\/\/global-hookah.com\/#website\"},\"primaryImageOfPage\":{\"@id\":\"https:\/\/global-hookah.com\/product\/customized-4-layer-zinc-alloy-herbal-crusher-with-clear-window\/#primaryimage\"},\"image\":{\"@id\":\"https:\/\/global-hookah.com\/product\/customized-4-layer-zinc-alloy-herbal-crusher-with-clear-window\/#primaryimage\"},\"thumbnailUrl\":\"https:\/\/global-hookah.com\/wp-content\/uploads\/2024\/09\/kf-S397fe517f9fb430f957d310f6b5a9e2aq-Tobacco-Grinder-4-Layer-Zinc-Alloy-Herbal-Crusher-with-Clear-Window-63mm-Herb-Mills-Hand-Muller.webp\",\"datePublished\":\"2024-09-29T01:34:30+00:00\",\"dateModified\":\"2024-09-29T12:41:31+00:00\",\"breadcrumb\":{\"@id\":\"https:\/\/global-hookah.com\/product\/customized-4-layer-zinc-alloy-herbal-crusher-with-clear-window\/#breadcrumb\"},\"inLanguage\":\"es\",\"potentialAction\":[{\"@type\":\"ReadAction\",\"target\":[\"https:\/\/global-hookah.com\/product\/customized-4-layer-zinc-alloy-herbal-crusher-with-clear-window\/\"]}]},{\"@type\":\"ImageObject\",\"inLanguage\":\"es\",\"@id\":\"https:\/\/global-hookah.com\/product\/customized-4-layer-zinc-alloy-herbal-crusher-with-clear-window\/#primaryimage\",\"url\":\"https:\/\/global-hookah.com\/wp-content\/uploads\/2024\/09\/kf-S397fe517f9fb430f957d310f6b5a9e2aq-Tobacco-Grinder-4-Layer-Zinc-Alloy-Herbal-Crusher-with-Clear-Window-63mm-Herb-Mills-Hand-Muller.webp\",\"contentUrl\":\"https:\/\/global-hookah.com\/wp-content\/uploads\/2024\/09\/kf-S397fe517f9fb430f957d310f6b5a9e2aq-Tobacco-Grinder-4-Layer-Zinc-Alloy-Herbal-Crusher-with-Clear-Window-63mm-Herb-Mills-Hand-Muller.webp\",\"width\":1000,\"height\":1000},{\"@type\":\"BreadcrumbList\",\"@id\":\"https:\/\/global-hookah.com\/product\/customized-4-layer-zinc-alloy-herbal-crusher-with-clear-window\/#breadcrumb\",\"itemListElement\":[{\"@type\":\"ListItem\",\"position\":1,\"name\":\"Home\",\"item\":\"https:\/\/global-hookah.com\/\"},{\"@type\":\"ListItem\",\"position\":2,\"name\":\"Shop\",\"item\":\"https:\/\/global-hookah.com\/shop\/\"},{\"@type\":\"ListItem\",\"position\":3,\"name\":\"Customized 4 Layer Zinc Alloy Herbal Crusher with Clear Window\"}]},{\"@type\":\"WebSite\",\"@id\":\"https:\/\/global-hookah.com\/#website\",\"url\":\"https:\/\/global-hookah.com\/\",\"name\":\"Global Hookah\",\"description\":\"Global Hookah\",\"publisher\":{\"@id\":\"https:\/\/global-hookah.com\/#organization\"},\"potentialAction\":[{\"@type\":\"SearchAction\",\"target\":{\"@type\":\"EntryPoint\",\"urlTemplate\":\"https:\/\/global-hookah.com\/?s={search_term_string}\"},\"query-input\":{\"@type\":\"PropertyValueSpecification\",\"valueRequired\":true,\"valueName\":\"search_term_string\"}}],\"inLanguage\":\"es\"},{\"@type\":\"Organization\",\"@id\":\"https:\/\/global-hookah.com\/#organization\",\"name\":\"Global Hookah\",\"url\":\"https:\/\/global-hookah.com\/\",\"logo\":{\"@type\":\"ImageObject\",\"inLanguage\":\"es\",\"@id\":\"https:\/\/global-hookah.com\/#\/schema\/logo\/image\/\",\"url\":\"https:\/\/global-hookah.com\/wp-content\/uploads\/2021\/10\/cropped-fgg.png\",\"contentUrl\":\"https:\/\/global-hookah.com\/wp-content\/uploads\/2021\/10\/cropped-fgg.png\",\"width\":512,\"height\":512,\"caption\":\"Global Hookah\"},\"image\":{\"@id\":\"https:\/\/global-hookah.com\/#\/schema\/logo\/image\/\"}}]}<\/script>\n<!-- \/ Yoast SEO Premium plugin. -->","yoast_head_json":{"title":"Personalizada de 4 capas de aleaci\u00f3n de zinc trituradora de hierbas con ventana transparente - Global Hookah","robots":{"index":"index","follow":"follow","max-snippet":"max-snippet:-1","max-image-preview":"max-image-preview:large","max-video-preview":"max-video-preview:-1"},"canonical":"https:\/\/global-hookah.com\/es\/producto\/customized-4-layer-zinc-alloy-herbal-crusher-with-clear-window\/","og_locale":"es_ES","og_type":"article","og_title":"Customized 4 Layer Zinc Alloy Herbal Crusher with Clear Window","og_description":"Hign-concerned Chemical:&nbsp;None Model Number:&nbsp;Tobacco Herb Grinder Material:&nbsp;Metal Brand Name:&nbsp;vmiss Origin:&nbsp;Mainland China Item Name: Concave metal smoke Crucher Material: zinc alloy","og_url":"https:\/\/global-hookah.com\/es\/producto\/customized-4-layer-zinc-alloy-herbal-crusher-with-clear-window\/","og_site_name":"Global Hookah","article_modified_time":"2024-09-29T12:41:31+00:00","og_image":[{"width":1000,"height":1000,"url":"https:\/\/global-hookah.com\/wp-content\/uploads\/2024\/09\/kf-S397fe517f9fb430f957d310f6b5a9e2aq-Tobacco-Grinder-4-Layer-Zinc-Alloy-Herbal-Crusher-with-Clear-Window-63mm-Herb-Mills-Hand-Muller.webp","type":"image\/webp"}],"twitter_card":"summary_large_image","schema":{"@context":"https:\/\/schema.org","@graph":[{"@type":"WebPage","@id":"https:\/\/global-hookah.com\/product\/customized-4-layer-zinc-alloy-herbal-crusher-with-clear-window\/","url":"https:\/\/global-hookah.com\/product\/customized-4-layer-zinc-alloy-herbal-crusher-with-clear-window\/","name":"Personalizada de 4 capas de aleaci\u00f3n de zinc trituradora de hierbas con ventana transparente - Global Hookah","isPartOf":{"@id":"https:\/\/global-hookah.com\/#website"},"primaryImageOfPage":{"@id":"https:\/\/global-hookah.com\/product\/customized-4-layer-zinc-alloy-herbal-crusher-with-clear-window\/#primaryimage"},"image":{"@id":"https:\/\/global-hookah.com\/product\/customized-4-layer-zinc-alloy-herbal-crusher-with-clear-window\/#primaryimage"},"thumbnailUrl":"https:\/\/global-hookah.com\/wp-content\/uploads\/2024\/09\/kf-S397fe517f9fb430f957d310f6b5a9e2aq-Tobacco-Grinder-4-Layer-Zinc-Alloy-Herbal-Crusher-with-Clear-Window-63mm-Herb-Mills-Hand-Muller.webp","datePublished":"2024-09-29T01:34:30+00:00","dateModified":"2024-09-29T12:41:31+00:00","breadcrumb":{"@id":"https:\/\/global-hookah.com\/product\/customized-4-layer-zinc-alloy-herbal-crusher-with-clear-window\/#breadcrumb"},"inLanguage":"es","potentialAction":[{"@type":"ReadAction","target":["https:\/\/global-hookah.com\/product\/customized-4-layer-zinc-alloy-herbal-crusher-with-clear-window\/"]}]},{"@type":"ImageObject","inLanguage":"es","@id":"https:\/\/global-hookah.com\/product\/customized-4-layer-zinc-alloy-herbal-crusher-with-clear-window\/#primaryimage","url":"https:\/\/global-hookah.com\/wp-content\/uploads\/2024\/09\/kf-S397fe517f9fb430f957d310f6b5a9e2aq-Tobacco-Grinder-4-Layer-Zinc-Alloy-Herbal-Crusher-with-Clear-Window-63mm-Herb-Mills-Hand-Muller.webp","contentUrl":"https:\/\/global-hookah.com\/wp-content\/uploads\/2024\/09\/kf-S397fe517f9fb430f957d310f6b5a9e2aq-Tobacco-Grinder-4-Layer-Zinc-Alloy-Herbal-Crusher-with-Clear-Window-63mm-Herb-Mills-Hand-Muller.webp","width":1000,"height":1000},{"@type":"BreadcrumbList","@id":"https:\/\/global-hookah.com\/product\/customized-4-layer-zinc-alloy-herbal-crusher-with-clear-window\/#breadcrumb","itemListElement":[{"@type":"ListItem","position":1,"name":"Home","item":"https:\/\/global-hookah.com\/"},{"@type":"ListItem","position":2,"name":"Shop","item":"https:\/\/global-hookah.com\/shop\/"},{"@type":"ListItem","position":3,"name":"Customized 4 Layer Zinc Alloy Herbal Crusher with Clear Window"}]},{"@type":"WebSite","@id":"https:\/\/global-hookah.com\/#website","url":"https:\/\/global-hookah.com\/","name":"Global Hookah","description":"Global Hookah","publisher":{"@id":"https:\/\/global-hookah.com\/#organization"},"potentialAction":[{"@type":"SearchAction","target":{"@type":"EntryPoint","urlTemplate":"https:\/\/global-hookah.com\/?s={search_term_string}"},"query-input":{"@type":"PropertyValueSpecification","valueRequired":true,"valueName":"search_term_string"}}],"inLanguage":"es"},{"@type":"Organization","@id":"https:\/\/global-hookah.com\/#organization","name":"Global Hookah","url":"https:\/\/global-hookah.com\/","logo":{"@type":"ImageObject","inLanguage":"es","@id":"https:\/\/global-hookah.com\/#\/schema\/logo\/image\/","url":"https:\/\/global-hookah.com\/wp-content\/uploads\/2021\/10\/cropped-fgg.png","contentUrl":"https:\/\/global-hookah.com\/wp-content\/uploads\/2021\/10\/cropped-fgg.png","width":512,"height":512,"caption":"Global Hookah"},"image":{"@id":"https:\/\/global-hookah.com\/#\/schema\/logo\/image\/"}}]}},"_links":{"self":[{"href":"https:\/\/global-hookah.com\/es\/wp-json\/wp\/v2\/product\/30287","targetHints":{"allow":["GET"]}}],"collection":[{"href":"https:\/\/global-hookah.com\/es\/wp-json\/wp\/v2\/product"}],"about":[{"href":"https:\/\/global-hookah.com\/es\/wp-json\/wp\/v2\/types\/product"}],"replies":[{"embeddable":true,"href":"https:\/\/global-hookah.com\/es\/wp-json\/wp\/v2\/comments?post=30287"}],"version-history":[{"count":0,"href":"https:\/\/global-hookah.com\/es\/wp-json\/wp\/v2\/product\/30287\/revisions"}],"wp:featuredmedia":[{"embeddable":true,"href":"https:\/\/global-hookah.com\/es\/wp-json\/wp\/v2\/media\/30288"}],"wp:attachment":[{"href":"https:\/\/global-hookah.com\/es\/wp-json\/wp\/v2\/media?parent=30287"}],"wp:term":[{"taxonomy":"product_brand","embeddable":true,"href":"https:\/\/global-hookah.com\/es\/wp-json\/wp\/v2\/product_brand?post=30287"},{"taxonomy":"product_cat","embeddable":true,"href":"https:\/\/global-hookah.com\/es\/wp-json\/wp\/v2\/product_cat?post=30287"},{"taxonomy":"product_tag","embeddable":true,"href":"https:\/\/global-hookah.com\/es\/wp-json\/wp\/v2\/product_tag?post=30287"}],"curies":[{"name":"wp","href":"https:\/\/api.w.org\/{rel}","templated":true}]}}