{"id":30349,"date":"2024-09-29T01:50:21","date_gmt":"2024-09-29T01:50:21","guid":{"rendered":"https:\/\/global-hookah.com\/product\/customized-pink-grinder-high-quality-aluminum-alloy-crusher\/"},"modified":"2024-09-29T12:41:31","modified_gmt":"2024-09-29T12:41:31","slug":"customized-pink-grinder-high-quality-aluminum-alloy-crusher","status":"publish","type":"product","link":"https:\/\/global-hookah.com\/es\/producto\/customized-pink-grinder-high-quality-aluminum-alloy-crusher\/","title":{"rendered":"Trituradora personalizada de aleaci\u00f3n de aluminio de alta calidad"},"content":{"rendered":"<div class=\"product-specs-list-container\">\n<ul class=\"product-specs-list util-clearfix\">\n<li class=\"product-prop line-limit-length\"><span\n\t\t\t\t\t\t\t\t\tclass=\"property-title\">N\u00famero de modelo:&nbsp;<\/span><span\n\t\t\t\t\t\t\t\t\tclass=\"property-desc line-limit-length\">A1079<\/span>\n\t\t\t\t\t\t<\/li>\n<li class=\"product-prop line-limit-length\"><span\n\t\t\t\t\t\t\t\t\tclass=\"property-title\">T\u00e9cnica:&nbsp;<\/span><span\n\t\t\t\t\t\t\t\t\tclass=\"property-desc line-limit-length\">Laca<\/span>\n\t\t\t\t\t\t<\/li>\n<li class=\"product-prop line-limit-length\"><span\n\t\t\t\t\t\t\t\t\tclass=\"property-title\">Material:&nbsp;<\/span><span\n\t\t\t\t\t\t\t\t\tclass=\"property-desc line-limit-length\">Metal<\/span>\n\t\t\t\t\t\t<\/li>\n<li class=\"product-prop line-limit-length\"><span\n\t\t\t\t\t\t\t\t\tclass=\"property-title\">Origen:&nbsp;<\/span><span\n\t\t\t\t\t\t\t\t\tclass=\"property-desc line-limit-length\">China continental<\/span>\n\t\t\t\t\t\t<\/li>\n<li class=\"product-prop line-limit-length\"><span\n\t\t\t\t\t\t\t\t\tclass=\"property-title\">tipo1:&nbsp;<\/span><span\n\t\t\t\t\t\t\t\t\tclass=\"property-desc line-limit-length\">trituradora<\/span>\n\t\t\t\t\t\t<\/li>\n<li class=\"product-prop line-limit-length\"><span\n\t\t\t\t\t\t\t\t\tclass=\"property-title\">tipo2:&nbsp;<\/span><span\n\t\t\t\t\t\t\t\t\tclass=\"property-desc line-limit-length\">trituradora<\/span>\n\t\t\t\t\t\t<\/li>\n<li class=\"product-prop line-limit-length\"><span\n\t\t\t\t\t\t\t\t\tclass=\"property-title\">tipo3:&nbsp;<\/span><span\n\t\t\t\t\t\t\t\t\tclass=\"property-desc line-limit-length\">molino<\/span>\n\t\t\t\t\t\t<\/li>\n<\/ul><\/div>\n<div class=\"detailmodule_html\">\n<div class=\"detail-desc-decorate-richtext\">\n<div><kse:widget data-widget-type=\"customText\" id=\"1005000009065206\" type=\"relation\"><\/kse:widget><\/div>\n<p style=\"text-align:start\" align=\"start\"><span style=\"color:rgb(244, 78, 59);font-size:20px\"><strong>Descripci\u00f3n del producto:<\/strong><\/span><\/p>\n<p style=\"text-align:start\" align=\"start\"><span style=\"font-size:18px\">Material: aleaci\u00f3n de aluminio;<\/span><\/p>\n<p style=\"text-align:start\" align=\"start\"><span style=\"font-size:18px\">Peso: 56 g;77<\/span><\/p>\n<p style=\"text-align:start\" align=\"start\"><span style=\"font-size:18px\">Tama\u00f1o: Como muestra la imagen<\/span><\/p>\n<div>\n<div>\n<p style=\"text-align:start\" align=\"start\"><span style=\"color:rgb(244, 78, 59);font-size:20px\"><strong>Nota:<\/strong><\/span><\/p>\n<p style=\"text-align:start\" align=\"start\"><span style=\"font-size:20px\">1. Por favor, permita 1-3mm diferencias debido a la medici\u00f3n manual.<\/span><\/p>\n<p style=\"text-align:start\" align=\"start\"><span style=\"font-size:20px\">2. Debido a los diferentes monitores y la luz, la imagen puede no reflejar el color real del producto, y el color del producto realmente recibido prevalecer\u00e1.<\/span><\/p>\n<div><\/div>\n<\/div>\n<\/div>\n<p style=\"text-align:start\" align=\"start\"><img decoding=\"async\" src=\"https:\/\/ae01.alicdn.com\/kf\/Sc12c1c7fddb048a5a91b938f8b5bd837Q.jpg\" slate-data-type=\"image\"\/><img decoding=\"async\" src=\"https:\/\/ae01.alicdn.com\/kf\/S2932f7701a2d48788489e2ba6be33269X.jpg\" slate-data-type=\"image\"\/><img decoding=\"async\" src=\"https:\/\/ae01.alicdn.com\/kf\/S9dd7ff643a154d698b59a93408ff76b8G.jpg\" slate-data-type=\"image\"\/><img decoding=\"async\" src=\"https:\/\/ae01.alicdn.com\/kf\/S848d91823aaf44f5bf0e906e9c6e49e5K.jpg\" slate-data-type=\"image\"\/><img decoding=\"async\" src=\"https:\/\/ae01.alicdn.com\/kf\/S76272789b09b41f09fd89aa64fdd1fab8.jpg\" slate-data-type=\"image\"\/><img decoding=\"async\" src=\"https:\/\/ae01.alicdn.com\/kf\/S5e4192fe19dc4c41a765a502d2d2f8d89.jpg\" slate-data-type=\"image\"\/><img decoding=\"async\" src=\"https:\/\/ae01.alicdn.com\/kf\/Sa594242877b74518813ad25d2ae47d1b4.jpg\" slate-data-type=\"image\"\/><img decoding=\"async\" src=\"https:\/\/ae01.alicdn.com\/kf\/S3b4e2bf3dc0b4668beef0d0534e33b73W.jpg\" slate-data-type=\"image\"\/><img decoding=\"async\" src=\"https:\/\/ae01.alicdn.com\/kf\/S558d3976e550409ea7bed424f7b69919z.jpg\" slate-data-type=\"image\"\/><\/p>\n<div>\n<\/div>\n<p><kse:widget data-widget-type=\"customText\" id=\"1005000000370550\" type=\"custom\"><\/kse:widget><\/p>\n<\/div>\n<\/div>\n<p><\/p>","protected":false},"excerpt":{"rendered":"<p>N\u00famero de modelo: A1079 T\u00e9cnica: Lacado Material: Metal Origen: China continental type1: grinder type2: crusher type3: mill Descripci\u00f3n del producto: Material:Aleaci\u00f3n de aluminio; Peso: 56g;77 Tama\u00f1o:Como muestra la imagen Nota: 1.<\/p>","protected":false},"featured_media":30350,"comment_status":"closed","ping_status":"closed","template":"","meta":{"iawp_total_views":5,"_joinchat":[]},"product_brand":[],"product_cat":[894,770],"product_tag":[],"class_list":{"0":"post-30349","1":"product","2":"type-product","3":"status-publish","4":"has-post-thumbnail","6":"product_cat-4-piece-grinder-wholesale","7":"product_cat-wholesale-grinder","9":"first","10":"instock","11":"shipping-taxable","12":"purchasable","13":"product-type-variable"},"yoast_head":"<!-- This site is optimized with the Yoast SEO Premium plugin v24.7 (Yoast SEO v26.8) - https:\/\/yoast.com\/product\/yoast-seo-premium-wordpress\/ -->\n<title>Customized Pink Grinder High Quality Aluminum Alloy Crusher - Global Hookah<\/title>\n<meta name=\"robots\" content=\"index, follow, max-snippet:-1, max-image-preview:large, max-video-preview:-1\" \/>\n<link rel=\"canonical\" href=\"https:\/\/global-hookah.com\/es\/producto\/customized-pink-grinder-high-quality-aluminum-alloy-crusher\/\" \/>\n<meta property=\"og:locale\" content=\"es_ES\" \/>\n<meta property=\"og:type\" content=\"article\" \/>\n<meta property=\"og:title\" content=\"Customized Pink Grinder High Quality Aluminum Alloy Crusher\" \/>\n<meta property=\"og:description\" content=\"Model Number:&nbsp;A1079 Technics:&nbsp;Lacquer Material:&nbsp;Metal Origin:&nbsp;Mainland China type1:&nbsp;grinder type2:&nbsp;crusher type3:&nbsp;mill Product description: Material:Aluminum alloy; Weight: 56g;77 Size:As picture show Note: 1.\" \/>\n<meta property=\"og:url\" content=\"https:\/\/global-hookah.com\/es\/producto\/customized-pink-grinder-high-quality-aluminum-alloy-crusher\/\" \/>\n<meta property=\"og:site_name\" content=\"Global Hookah\" \/>\n<meta property=\"article:modified_time\" content=\"2024-09-29T12:41:31+00:00\" \/>\n<meta property=\"og:image\" content=\"https:\/\/global-hookah.com\/wp-content\/uploads\/2024\/09\/kf-S76272789b09b41f09fd89aa64fdd1fab8-1PCS-Pink-Grinder-High-Quality-Aluminum-Alloy-Crusher-Mill-40mm-50mm-Girly-Birthday-Present-Valentine-s.webp\" \/>\n\t<meta property=\"og:image:width\" content=\"1000\" \/>\n\t<meta property=\"og:image:height\" content=\"1000\" \/>\n\t<meta property=\"og:image:type\" content=\"image\/webp\" \/>\n<meta name=\"twitter:card\" content=\"summary_large_image\" \/>\n<script type=\"application\/ld+json\" class=\"yoast-schema-graph\">{\"@context\":\"https:\/\/schema.org\",\"@graph\":[{\"@type\":\"WebPage\",\"@id\":\"https:\/\/global-hookah.com\/product\/customized-pink-grinder-high-quality-aluminum-alloy-crusher\/\",\"url\":\"https:\/\/global-hookah.com\/product\/customized-pink-grinder-high-quality-aluminum-alloy-crusher\/\",\"name\":\"Customized Pink Grinder High Quality Aluminum Alloy Crusher - Global Hookah\",\"isPartOf\":{\"@id\":\"https:\/\/global-hookah.com\/#website\"},\"primaryImageOfPage\":{\"@id\":\"https:\/\/global-hookah.com\/product\/customized-pink-grinder-high-quality-aluminum-alloy-crusher\/#primaryimage\"},\"image\":{\"@id\":\"https:\/\/global-hookah.com\/product\/customized-pink-grinder-high-quality-aluminum-alloy-crusher\/#primaryimage\"},\"thumbnailUrl\":\"https:\/\/global-hookah.com\/wp-content\/uploads\/2024\/09\/kf-S76272789b09b41f09fd89aa64fdd1fab8-1PCS-Pink-Grinder-High-Quality-Aluminum-Alloy-Crusher-Mill-40mm-50mm-Girly-Birthday-Present-Valentine-s.webp\",\"datePublished\":\"2024-09-29T01:50:21+00:00\",\"dateModified\":\"2024-09-29T12:41:31+00:00\",\"breadcrumb\":{\"@id\":\"https:\/\/global-hookah.com\/product\/customized-pink-grinder-high-quality-aluminum-alloy-crusher\/#breadcrumb\"},\"inLanguage\":\"es\",\"potentialAction\":[{\"@type\":\"ReadAction\",\"target\":[\"https:\/\/global-hookah.com\/product\/customized-pink-grinder-high-quality-aluminum-alloy-crusher\/\"]}]},{\"@type\":\"ImageObject\",\"inLanguage\":\"es\",\"@id\":\"https:\/\/global-hookah.com\/product\/customized-pink-grinder-high-quality-aluminum-alloy-crusher\/#primaryimage\",\"url\":\"https:\/\/global-hookah.com\/wp-content\/uploads\/2024\/09\/kf-S76272789b09b41f09fd89aa64fdd1fab8-1PCS-Pink-Grinder-High-Quality-Aluminum-Alloy-Crusher-Mill-40mm-50mm-Girly-Birthday-Present-Valentine-s.webp\",\"contentUrl\":\"https:\/\/global-hookah.com\/wp-content\/uploads\/2024\/09\/kf-S76272789b09b41f09fd89aa64fdd1fab8-1PCS-Pink-Grinder-High-Quality-Aluminum-Alloy-Crusher-Mill-40mm-50mm-Girly-Birthday-Present-Valentine-s.webp\",\"width\":1000,\"height\":1000},{\"@type\":\"BreadcrumbList\",\"@id\":\"https:\/\/global-hookah.com\/product\/customized-pink-grinder-high-quality-aluminum-alloy-crusher\/#breadcrumb\",\"itemListElement\":[{\"@type\":\"ListItem\",\"position\":1,\"name\":\"Home\",\"item\":\"https:\/\/global-hookah.com\/\"},{\"@type\":\"ListItem\",\"position\":2,\"name\":\"Shop\",\"item\":\"https:\/\/global-hookah.com\/shop\/\"},{\"@type\":\"ListItem\",\"position\":3,\"name\":\"Customized Pink Grinder High Quality Aluminum Alloy Crusher\"}]},{\"@type\":\"WebSite\",\"@id\":\"https:\/\/global-hookah.com\/#website\",\"url\":\"https:\/\/global-hookah.com\/\",\"name\":\"Global Hookah\",\"description\":\"Global Hookah\",\"publisher\":{\"@id\":\"https:\/\/global-hookah.com\/#organization\"},\"potentialAction\":[{\"@type\":\"SearchAction\",\"target\":{\"@type\":\"EntryPoint\",\"urlTemplate\":\"https:\/\/global-hookah.com\/?s={search_term_string}\"},\"query-input\":{\"@type\":\"PropertyValueSpecification\",\"valueRequired\":true,\"valueName\":\"search_term_string\"}}],\"inLanguage\":\"es\"},{\"@type\":\"Organization\",\"@id\":\"https:\/\/global-hookah.com\/#organization\",\"name\":\"Global Hookah\",\"url\":\"https:\/\/global-hookah.com\/\",\"logo\":{\"@type\":\"ImageObject\",\"inLanguage\":\"es\",\"@id\":\"https:\/\/global-hookah.com\/#\/schema\/logo\/image\/\",\"url\":\"https:\/\/global-hookah.com\/wp-content\/uploads\/2021\/10\/cropped-fgg.png\",\"contentUrl\":\"https:\/\/global-hookah.com\/wp-content\/uploads\/2021\/10\/cropped-fgg.png\",\"width\":512,\"height\":512,\"caption\":\"Global Hookah\"},\"image\":{\"@id\":\"https:\/\/global-hookah.com\/#\/schema\/logo\/image\/\"}}]}<\/script>\n<!-- \/ Yoast SEO Premium plugin. -->","yoast_head_json":{"title":"Personalizada rosa Grinder de alta calidad de aleaci\u00f3n de aluminio Crusher - Global Hookah","robots":{"index":"index","follow":"follow","max-snippet":"max-snippet:-1","max-image-preview":"max-image-preview:large","max-video-preview":"max-video-preview:-1"},"canonical":"https:\/\/global-hookah.com\/es\/producto\/customized-pink-grinder-high-quality-aluminum-alloy-crusher\/","og_locale":"es_ES","og_type":"article","og_title":"Customized Pink Grinder High Quality Aluminum Alloy Crusher","og_description":"Model Number:&nbsp;A1079 Technics:&nbsp;Lacquer Material:&nbsp;Metal Origin:&nbsp;Mainland China type1:&nbsp;grinder type2:&nbsp;crusher type3:&nbsp;mill Product description: Material:Aluminum alloy; Weight: 56g;77 Size:As picture show Note: 1.","og_url":"https:\/\/global-hookah.com\/es\/producto\/customized-pink-grinder-high-quality-aluminum-alloy-crusher\/","og_site_name":"Global Hookah","article_modified_time":"2024-09-29T12:41:31+00:00","og_image":[{"width":1000,"height":1000,"url":"https:\/\/global-hookah.com\/wp-content\/uploads\/2024\/09\/kf-S76272789b09b41f09fd89aa64fdd1fab8-1PCS-Pink-Grinder-High-Quality-Aluminum-Alloy-Crusher-Mill-40mm-50mm-Girly-Birthday-Present-Valentine-s.webp","type":"image\/webp"}],"twitter_card":"summary_large_image","schema":{"@context":"https:\/\/schema.org","@graph":[{"@type":"WebPage","@id":"https:\/\/global-hookah.com\/product\/customized-pink-grinder-high-quality-aluminum-alloy-crusher\/","url":"https:\/\/global-hookah.com\/product\/customized-pink-grinder-high-quality-aluminum-alloy-crusher\/","name":"Personalizada rosa Grinder de alta calidad de aleaci\u00f3n de aluminio Crusher - Global Hookah","isPartOf":{"@id":"https:\/\/global-hookah.com\/#website"},"primaryImageOfPage":{"@id":"https:\/\/global-hookah.com\/product\/customized-pink-grinder-high-quality-aluminum-alloy-crusher\/#primaryimage"},"image":{"@id":"https:\/\/global-hookah.com\/product\/customized-pink-grinder-high-quality-aluminum-alloy-crusher\/#primaryimage"},"thumbnailUrl":"https:\/\/global-hookah.com\/wp-content\/uploads\/2024\/09\/kf-S76272789b09b41f09fd89aa64fdd1fab8-1PCS-Pink-Grinder-High-Quality-Aluminum-Alloy-Crusher-Mill-40mm-50mm-Girly-Birthday-Present-Valentine-s.webp","datePublished":"2024-09-29T01:50:21+00:00","dateModified":"2024-09-29T12:41:31+00:00","breadcrumb":{"@id":"https:\/\/global-hookah.com\/product\/customized-pink-grinder-high-quality-aluminum-alloy-crusher\/#breadcrumb"},"inLanguage":"es","potentialAction":[{"@type":"ReadAction","target":["https:\/\/global-hookah.com\/product\/customized-pink-grinder-high-quality-aluminum-alloy-crusher\/"]}]},{"@type":"ImageObject","inLanguage":"es","@id":"https:\/\/global-hookah.com\/product\/customized-pink-grinder-high-quality-aluminum-alloy-crusher\/#primaryimage","url":"https:\/\/global-hookah.com\/wp-content\/uploads\/2024\/09\/kf-S76272789b09b41f09fd89aa64fdd1fab8-1PCS-Pink-Grinder-High-Quality-Aluminum-Alloy-Crusher-Mill-40mm-50mm-Girly-Birthday-Present-Valentine-s.webp","contentUrl":"https:\/\/global-hookah.com\/wp-content\/uploads\/2024\/09\/kf-S76272789b09b41f09fd89aa64fdd1fab8-1PCS-Pink-Grinder-High-Quality-Aluminum-Alloy-Crusher-Mill-40mm-50mm-Girly-Birthday-Present-Valentine-s.webp","width":1000,"height":1000},{"@type":"BreadcrumbList","@id":"https:\/\/global-hookah.com\/product\/customized-pink-grinder-high-quality-aluminum-alloy-crusher\/#breadcrumb","itemListElement":[{"@type":"ListItem","position":1,"name":"Home","item":"https:\/\/global-hookah.com\/"},{"@type":"ListItem","position":2,"name":"Shop","item":"https:\/\/global-hookah.com\/shop\/"},{"@type":"ListItem","position":3,"name":"Customized Pink Grinder High Quality Aluminum Alloy Crusher"}]},{"@type":"WebSite","@id":"https:\/\/global-hookah.com\/#website","url":"https:\/\/global-hookah.com\/","name":"Global Hookah","description":"Global Hookah","publisher":{"@id":"https:\/\/global-hookah.com\/#organization"},"potentialAction":[{"@type":"SearchAction","target":{"@type":"EntryPoint","urlTemplate":"https:\/\/global-hookah.com\/?s={search_term_string}"},"query-input":{"@type":"PropertyValueSpecification","valueRequired":true,"valueName":"search_term_string"}}],"inLanguage":"es"},{"@type":"Organization","@id":"https:\/\/global-hookah.com\/#organization","name":"Global Hookah","url":"https:\/\/global-hookah.com\/","logo":{"@type":"ImageObject","inLanguage":"es","@id":"https:\/\/global-hookah.com\/#\/schema\/logo\/image\/","url":"https:\/\/global-hookah.com\/wp-content\/uploads\/2021\/10\/cropped-fgg.png","contentUrl":"https:\/\/global-hookah.com\/wp-content\/uploads\/2021\/10\/cropped-fgg.png","width":512,"height":512,"caption":"Global Hookah"},"image":{"@id":"https:\/\/global-hookah.com\/#\/schema\/logo\/image\/"}}]}},"_links":{"self":[{"href":"https:\/\/global-hookah.com\/es\/wp-json\/wp\/v2\/product\/30349","targetHints":{"allow":["GET"]}}],"collection":[{"href":"https:\/\/global-hookah.com\/es\/wp-json\/wp\/v2\/product"}],"about":[{"href":"https:\/\/global-hookah.com\/es\/wp-json\/wp\/v2\/types\/product"}],"replies":[{"embeddable":true,"href":"https:\/\/global-hookah.com\/es\/wp-json\/wp\/v2\/comments?post=30349"}],"version-history":[{"count":0,"href":"https:\/\/global-hookah.com\/es\/wp-json\/wp\/v2\/product\/30349\/revisions"}],"wp:featuredmedia":[{"embeddable":true,"href":"https:\/\/global-hookah.com\/es\/wp-json\/wp\/v2\/media\/30350"}],"wp:attachment":[{"href":"https:\/\/global-hookah.com\/es\/wp-json\/wp\/v2\/media?parent=30349"}],"wp:term":[{"taxonomy":"product_brand","embeddable":true,"href":"https:\/\/global-hookah.com\/es\/wp-json\/wp\/v2\/product_brand?post=30349"},{"taxonomy":"product_cat","embeddable":true,"href":"https:\/\/global-hookah.com\/es\/wp-json\/wp\/v2\/product_cat?post=30349"},{"taxonomy":"product_tag","embeddable":true,"href":"https:\/\/global-hookah.com\/es\/wp-json\/wp\/v2\/product_tag?post=30349"}],"curies":[{"name":"wp","href":"https:\/\/api.w.org\/{rel}","templated":true}]}}