{"id":30396,"date":"2024-09-29T12:33:02","date_gmt":"2024-09-29T12:33:02","guid":{"rendered":"https:\/\/global-hookah.com\/?post_type=product&#038;p=30396"},"modified":"2024-09-29T12:41:31","modified_gmt":"2024-09-29T12:41:31","slug":"hexagonal-color-printed-plastic-herb-grinder-wholesale","status":"publish","type":"product","link":"https:\/\/global-hookah.com\/es\/producto\/hexagonal-color-printed-plastic-herb-grinder-wholesale\/","title":{"rendered":"Molinillo de hierbas hexagonal de pl\u00e1stico impreso en color al por mayor"},"content":{"rendered":"<h3><strong>Caracter\u00edsticas principales:<\/strong><\/h3>\n<ul>\n<li><strong>Material:<\/strong>\u00a0Hierro + Pl\u00e1stico<\/li>\n<li><strong>Tama\u00f1o:<\/strong>\u00a0Di\u00e1metro 69 mm (2,7 pulgadas) x altura 47 mm (1,85 pulgadas)<\/li>\n<li><strong>Peso:<\/strong>\u00a0100g<\/li>\n<li><strong>Capas:<\/strong>\u00a0Dise\u00f1o de 4 piezas para moler, filtrar y almacenar eficazmente<\/li>\n<li><strong>N\u00famero de modelo:<\/strong>\u00a0GP106M552<\/li>\n<li><strong>Acabado superficial:<\/strong>\u00a0Pintado a pistola para un aspecto vibrante y duradero<\/li>\n<li><strong>Embalaje:<\/strong>\u00a0Caja expositora<\/li>\n<li><strong>Cantidad de cajas:<\/strong>\u00a0192 unidades por caja<\/li>\n<li><strong>Peso bruto:<\/strong>\u00a022 kg por caja<\/li>\n<li><strong>Dimensiones de la caja exterior:<\/strong>\u00a045 x 35 x 42 cm<\/li>\n<li>En\u00a0<strong>triturador de hierba de pl\u00e1stico<\/strong>\u00a0es chic y realista en cuanto a la\u00a0<strong>molienda eficaz de hierbas<\/strong>\u00a0se refiere. En\u00a0<strong>estructura del <a href=\"https:\/\/global-hookah.com\/product-category\/wholesale-grinders\/\">trituradora<\/a><\/strong>\u00a0est\u00e1 claramente definido y es \u00fanico, ya que se presenta en un\u00a0<strong>forma hexagonal<\/strong>\u00a0dise\u00f1ado en\u00a0<strong>pintura en spray de colores brillantes<\/strong>, haciendo una audaz declaraci\u00f3n de dise\u00f1o entre el resto. Este\u00a0<strong>molinillo de hierbas de pl\u00e1stico<\/strong>\u00a0tambi\u00e9n se construye en\u00a0<strong>hierro y pl\u00e1stico<\/strong>As\u00ed pues\u00a0<strong>ligero de peso<\/strong>\u00a0y muy fuerte. Utiliza un\u00a0<strong>Estructura de 4 piezas<\/strong>\u00a0consistente en una\u00a0<strong>c\u00e1mara de molienda<\/strong>, a\u00a0<strong>espacio de almacenamiento<\/strong>y un\u00a0<strong>captador de polen<\/strong>\u00a0que est\u00e1 magistralmente integrado para mayor comodidad del usuario.Este\u00a0<strong>Desbrozadora de 4 piezas<\/strong>\u00a0est\u00e1 dise\u00f1ado con\u00a0<strong>dientes afilados<\/strong>\u00a0que ayudan a moler perfectamente las hierbas deseadas contenidas en el\u00a0<strong>c\u00e1mara de almacenamiento voluminosa<\/strong>muy \u00fatil. Tambi\u00e9n cuenta con un\u00a0<strong>rascador<\/strong>\u00a0con el contenedor de polen envasado para almacenar el polen recogido adicional. Este\u00a0<strong>triturador de hierba de pl\u00e1stico<\/strong>\u00a0puede personalizarse, lo que permite a su\u00a0<strong>logotipo de la marca<\/strong>\u00a0en las cubiertas superior e inferior de la picadora. Por lo tanto, es ideal para\u00a0<strong>promocionar su marca<\/strong>Se puede plegar f\u00e1cilmente en forma plana cuando esta\u00a0<strong>Desbrozadora de 4 piezas<\/strong>\u00a0est\u00e1 listo para su visualizaci\u00f3n para\u00a0<strong>venta al por mayor<\/strong>\u00a0o\u00a0<strong>venta al por menor<\/strong>. Sin embargo, con un tama\u00f1o de\u00a0<strong>69 mm de di\u00e1metro<\/strong>\u00a0y\u00a0<strong>47 mm de altura<\/strong>es bastante peque\u00f1o, lo que tambi\u00e9n es bueno para su uso cuando\u00a0<strong>viajar<\/strong>\u00a0o para uso dom\u00e9stico.<\/li>\n<\/ul>","protected":false},"excerpt":{"rendered":"<p>Caracter\u00edsticas principales: Material: Hierro + Pl\u00e1stico Tama\u00f1o: Di\u00e1metro 69mm (2.7 pulgadas) x Altura 47mm (1.85 pulgadas) Peso: 100g Capas: Dise\u00f1o de 4 piezas para una molienda eficiente,<\/p>","protected":false},"featured_media":30404,"comment_status":"closed","ping_status":"closed","template":"","meta":{"iawp_total_views":0,"_joinchat":[]},"product_brand":[],"product_cat":[894,770],"product_tag":[],"class_list":{"0":"post-30396","1":"product","2":"type-product","3":"status-publish","4":"has-post-thumbnail","6":"product_cat-4-piece-grinder-wholesale","7":"product_cat-wholesale-grinder","9":"first","10":"instock","11":"shipping-taxable","12":"product-type-simple"},"yoast_head":"<!-- This site is optimized with the Yoast SEO Premium plugin v24.7 (Yoast SEO v26.8) - https:\/\/yoast.com\/product\/yoast-seo-premium-wordpress\/ -->\n<title>Hexagonal Color-Printed Plastic Herb Grinder Wholesale - Global Hookah<\/title>\n<meta name=\"robots\" content=\"index, follow, max-snippet:-1, max-image-preview:large, max-video-preview:-1\" \/>\n<link rel=\"canonical\" href=\"https:\/\/global-hookah.com\/es\/producto\/hexagonal-color-printed-plastic-herb-grinder-wholesale\/\" \/>\n<meta property=\"og:locale\" content=\"es_ES\" \/>\n<meta property=\"og:type\" content=\"article\" \/>\n<meta property=\"og:title\" content=\"Hexagonal Color-Printed Plastic Herb Grinder Wholesale\" \/>\n<meta property=\"og:description\" content=\"Key Features: Material:\u00a0Iron + Plastic Size:\u00a0Diameter 69mm (2.7 inches) x Height 47mm (1.85 inches) Weight:\u00a0100g Layers:\u00a04-piece design for efficient grinding,\" \/>\n<meta property=\"og:url\" content=\"https:\/\/global-hookah.com\/es\/producto\/hexagonal-color-printed-plastic-herb-grinder-wholesale\/\" \/>\n<meta property=\"og:site_name\" content=\"Global Hookah\" \/>\n<meta property=\"article:modified_time\" content=\"2024-09-29T12:41:31+00:00\" \/>\n<meta property=\"og:image\" content=\"https:\/\/global-hookah.com\/wp-content\/uploads\/2024\/09\/02e79ff5-c441-4004-b712-6180d3ce5d9c.jpg\" \/>\n\t<meta property=\"og:image:width\" content=\"800\" \/>\n\t<meta property=\"og:image:height\" content=\"800\" \/>\n\t<meta property=\"og:image:type\" content=\"image\/jpeg\" \/>\n<meta name=\"twitter:card\" content=\"summary_large_image\" \/>\n<meta name=\"twitter:label1\" content=\"Tiempo de lectura\" \/>\n\t<meta name=\"twitter:data1\" content=\"1 minuto\" \/>\n<script type=\"application\/ld+json\" class=\"yoast-schema-graph\">{\"@context\":\"https:\/\/schema.org\",\"@graph\":[{\"@type\":\"WebPage\",\"@id\":\"https:\/\/global-hookah.com\/product\/hexagonal-color-printed-plastic-herb-grinder-wholesale\/\",\"url\":\"https:\/\/global-hookah.com\/product\/hexagonal-color-printed-plastic-herb-grinder-wholesale\/\",\"name\":\"Hexagonal Color-Printed Plastic Herb Grinder Wholesale - Global Hookah\",\"isPartOf\":{\"@id\":\"https:\/\/global-hookah.com\/#website\"},\"primaryImageOfPage\":{\"@id\":\"https:\/\/global-hookah.com\/product\/hexagonal-color-printed-plastic-herb-grinder-wholesale\/#primaryimage\"},\"image\":{\"@id\":\"https:\/\/global-hookah.com\/product\/hexagonal-color-printed-plastic-herb-grinder-wholesale\/#primaryimage\"},\"thumbnailUrl\":\"https:\/\/global-hookah.com\/wp-content\/uploads\/2024\/09\/02e79ff5-c441-4004-b712-6180d3ce5d9c.jpg\",\"datePublished\":\"2024-09-29T12:33:02+00:00\",\"dateModified\":\"2024-09-29T12:41:31+00:00\",\"breadcrumb\":{\"@id\":\"https:\/\/global-hookah.com\/product\/hexagonal-color-printed-plastic-herb-grinder-wholesale\/#breadcrumb\"},\"inLanguage\":\"es\",\"potentialAction\":[{\"@type\":\"ReadAction\",\"target\":[\"https:\/\/global-hookah.com\/product\/hexagonal-color-printed-plastic-herb-grinder-wholesale\/\"]}]},{\"@type\":\"ImageObject\",\"inLanguage\":\"es\",\"@id\":\"https:\/\/global-hookah.com\/product\/hexagonal-color-printed-plastic-herb-grinder-wholesale\/#primaryimage\",\"url\":\"https:\/\/global-hookah.com\/wp-content\/uploads\/2024\/09\/02e79ff5-c441-4004-b712-6180d3ce5d9c.jpg\",\"contentUrl\":\"https:\/\/global-hookah.com\/wp-content\/uploads\/2024\/09\/02e79ff5-c441-4004-b712-6180d3ce5d9c.jpg\",\"width\":800,\"height\":800,\"caption\":\"Hexagonal Color-Printed Plastic Herb Grinder Wholesale\"},{\"@type\":\"BreadcrumbList\",\"@id\":\"https:\/\/global-hookah.com\/product\/hexagonal-color-printed-plastic-herb-grinder-wholesale\/#breadcrumb\",\"itemListElement\":[{\"@type\":\"ListItem\",\"position\":1,\"name\":\"Home\",\"item\":\"https:\/\/global-hookah.com\/\"},{\"@type\":\"ListItem\",\"position\":2,\"name\":\"Shop\",\"item\":\"https:\/\/global-hookah.com\/shop\/\"},{\"@type\":\"ListItem\",\"position\":3,\"name\":\"Hexagonal Color-Printed Plastic Herb Grinder Wholesale\"}]},{\"@type\":\"WebSite\",\"@id\":\"https:\/\/global-hookah.com\/#website\",\"url\":\"https:\/\/global-hookah.com\/\",\"name\":\"Global Hookah\",\"description\":\"Global Hookah\",\"publisher\":{\"@id\":\"https:\/\/global-hookah.com\/#organization\"},\"potentialAction\":[{\"@type\":\"SearchAction\",\"target\":{\"@type\":\"EntryPoint\",\"urlTemplate\":\"https:\/\/global-hookah.com\/?s={search_term_string}\"},\"query-input\":{\"@type\":\"PropertyValueSpecification\",\"valueRequired\":true,\"valueName\":\"search_term_string\"}}],\"inLanguage\":\"es\"},{\"@type\":\"Organization\",\"@id\":\"https:\/\/global-hookah.com\/#organization\",\"name\":\"Global Hookah\",\"url\":\"https:\/\/global-hookah.com\/\",\"logo\":{\"@type\":\"ImageObject\",\"inLanguage\":\"es\",\"@id\":\"https:\/\/global-hookah.com\/#\/schema\/logo\/image\/\",\"url\":\"https:\/\/global-hookah.com\/wp-content\/uploads\/2021\/10\/cropped-fgg.png\",\"contentUrl\":\"https:\/\/global-hookah.com\/wp-content\/uploads\/2021\/10\/cropped-fgg.png\",\"width\":512,\"height\":512,\"caption\":\"Global Hookah\"},\"image\":{\"@id\":\"https:\/\/global-hookah.com\/#\/schema\/logo\/image\/\"}}]}<\/script>\n<!-- \/ Yoast SEO Premium plugin. -->","yoast_head_json":{"title":"Molinillo de Hierba de Pl\u00e1stico Hexagonal de Color al por Mayor - Global Hookah","robots":{"index":"index","follow":"follow","max-snippet":"max-snippet:-1","max-image-preview":"max-image-preview:large","max-video-preview":"max-video-preview:-1"},"canonical":"https:\/\/global-hookah.com\/es\/producto\/hexagonal-color-printed-plastic-herb-grinder-wholesale\/","og_locale":"es_ES","og_type":"article","og_title":"Hexagonal Color-Printed Plastic Herb Grinder Wholesale","og_description":"Key Features: Material:\u00a0Iron + Plastic Size:\u00a0Diameter 69mm (2.7 inches) x Height 47mm (1.85 inches) Weight:\u00a0100g Layers:\u00a04-piece design for efficient grinding,","og_url":"https:\/\/global-hookah.com\/es\/producto\/hexagonal-color-printed-plastic-herb-grinder-wholesale\/","og_site_name":"Global Hookah","article_modified_time":"2024-09-29T12:41:31+00:00","og_image":[{"width":800,"height":800,"url":"https:\/\/global-hookah.com\/wp-content\/uploads\/2024\/09\/02e79ff5-c441-4004-b712-6180d3ce5d9c.jpg","type":"image\/jpeg"}],"twitter_card":"summary_large_image","twitter_misc":{"Tiempo de lectura":"1 minuto"},"schema":{"@context":"https:\/\/schema.org","@graph":[{"@type":"WebPage","@id":"https:\/\/global-hookah.com\/product\/hexagonal-color-printed-plastic-herb-grinder-wholesale\/","url":"https:\/\/global-hookah.com\/product\/hexagonal-color-printed-plastic-herb-grinder-wholesale\/","name":"Molinillo de Hierba de Pl\u00e1stico Hexagonal de Color al por Mayor - Global Hookah","isPartOf":{"@id":"https:\/\/global-hookah.com\/#website"},"primaryImageOfPage":{"@id":"https:\/\/global-hookah.com\/product\/hexagonal-color-printed-plastic-herb-grinder-wholesale\/#primaryimage"},"image":{"@id":"https:\/\/global-hookah.com\/product\/hexagonal-color-printed-plastic-herb-grinder-wholesale\/#primaryimage"},"thumbnailUrl":"https:\/\/global-hookah.com\/wp-content\/uploads\/2024\/09\/02e79ff5-c441-4004-b712-6180d3ce5d9c.jpg","datePublished":"2024-09-29T12:33:02+00:00","dateModified":"2024-09-29T12:41:31+00:00","breadcrumb":{"@id":"https:\/\/global-hookah.com\/product\/hexagonal-color-printed-plastic-herb-grinder-wholesale\/#breadcrumb"},"inLanguage":"es","potentialAction":[{"@type":"ReadAction","target":["https:\/\/global-hookah.com\/product\/hexagonal-color-printed-plastic-herb-grinder-wholesale\/"]}]},{"@type":"ImageObject","inLanguage":"es","@id":"https:\/\/global-hookah.com\/product\/hexagonal-color-printed-plastic-herb-grinder-wholesale\/#primaryimage","url":"https:\/\/global-hookah.com\/wp-content\/uploads\/2024\/09\/02e79ff5-c441-4004-b712-6180d3ce5d9c.jpg","contentUrl":"https:\/\/global-hookah.com\/wp-content\/uploads\/2024\/09\/02e79ff5-c441-4004-b712-6180d3ce5d9c.jpg","width":800,"height":800,"caption":"Hexagonal Color-Printed Plastic Herb Grinder Wholesale"},{"@type":"BreadcrumbList","@id":"https:\/\/global-hookah.com\/product\/hexagonal-color-printed-plastic-herb-grinder-wholesale\/#breadcrumb","itemListElement":[{"@type":"ListItem","position":1,"name":"Home","item":"https:\/\/global-hookah.com\/"},{"@type":"ListItem","position":2,"name":"Shop","item":"https:\/\/global-hookah.com\/shop\/"},{"@type":"ListItem","position":3,"name":"Hexagonal Color-Printed Plastic Herb Grinder Wholesale"}]},{"@type":"WebSite","@id":"https:\/\/global-hookah.com\/#website","url":"https:\/\/global-hookah.com\/","name":"Global Hookah","description":"Global Hookah","publisher":{"@id":"https:\/\/global-hookah.com\/#organization"},"potentialAction":[{"@type":"SearchAction","target":{"@type":"EntryPoint","urlTemplate":"https:\/\/global-hookah.com\/?s={search_term_string}"},"query-input":{"@type":"PropertyValueSpecification","valueRequired":true,"valueName":"search_term_string"}}],"inLanguage":"es"},{"@type":"Organization","@id":"https:\/\/global-hookah.com\/#organization","name":"Global Hookah","url":"https:\/\/global-hookah.com\/","logo":{"@type":"ImageObject","inLanguage":"es","@id":"https:\/\/global-hookah.com\/#\/schema\/logo\/image\/","url":"https:\/\/global-hookah.com\/wp-content\/uploads\/2021\/10\/cropped-fgg.png","contentUrl":"https:\/\/global-hookah.com\/wp-content\/uploads\/2021\/10\/cropped-fgg.png","width":512,"height":512,"caption":"Global Hookah"},"image":{"@id":"https:\/\/global-hookah.com\/#\/schema\/logo\/image\/"}}]}},"_links":{"self":[{"href":"https:\/\/global-hookah.com\/es\/wp-json\/wp\/v2\/product\/30396","targetHints":{"allow":["GET"]}}],"collection":[{"href":"https:\/\/global-hookah.com\/es\/wp-json\/wp\/v2\/product"}],"about":[{"href":"https:\/\/global-hookah.com\/es\/wp-json\/wp\/v2\/types\/product"}],"replies":[{"embeddable":true,"href":"https:\/\/global-hookah.com\/es\/wp-json\/wp\/v2\/comments?post=30396"}],"version-history":[{"count":0,"href":"https:\/\/global-hookah.com\/es\/wp-json\/wp\/v2\/product\/30396\/revisions"}],"wp:featuredmedia":[{"embeddable":true,"href":"https:\/\/global-hookah.com\/es\/wp-json\/wp\/v2\/media\/30404"}],"wp:attachment":[{"href":"https:\/\/global-hookah.com\/es\/wp-json\/wp\/v2\/media?parent=30396"}],"wp:term":[{"taxonomy":"product_brand","embeddable":true,"href":"https:\/\/global-hookah.com\/es\/wp-json\/wp\/v2\/product_brand?post=30396"},{"taxonomy":"product_cat","embeddable":true,"href":"https:\/\/global-hookah.com\/es\/wp-json\/wp\/v2\/product_cat?post=30396"},{"taxonomy":"product_tag","embeddable":true,"href":"https:\/\/global-hookah.com\/es\/wp-json\/wp\/v2\/product_tag?post=30396"}],"curies":[{"name":"wp","href":"https:\/\/api.w.org\/{rel}","templated":true}]}}