{"id":30670,"date":"2024-10-12T03:58:46","date_gmt":"2024-10-12T03:58:46","guid":{"rendered":"https:\/\/global-hookah.com\/?post_type=product&#038;p=30670"},"modified":"2024-10-12T03:59:20","modified_gmt":"2024-10-12T03:59:20","slug":"wholesale-four-layer-aluminum-alloy-weed-grinder-with-kief-collector","status":"publish","type":"product","link":"https:\/\/global-hookah.com\/es\/producto\/wholesale-four-layer-aluminum-alloy-weed-grinder-with-kief-collector\/","title":{"rendered":"Mayorista Molinillo de Hierba de Aleaci\u00f3n de Aluminio de Cuatro Capas con Recolector de Kief"},"content":{"rendered":"<h3>Especificaciones del producto<\/h3>\n<ul>\n<li><strong>Di\u00e1metro<\/strong>: 5,6 cm (2,2 pulgadas)<\/li>\n<li><strong>Tipo<\/strong>:<a href=\"https:\/\/global-hookah.com\/product-category\/wholesale-grinders\/4-piece-grinder-wholesale\/\"> Molinillo de hierbas de 4 piezas<\/a><\/li>\n<li><strong>Dise\u00f1o<\/strong>: Empu\u00f1adura ergon\u00f3mica antideslizante<\/li>\n<li><strong>Caracter\u00edsticas<\/strong>:\n<ul>\n<li>4 bandejas medidoras de l\u00edquidos con compartimentos de cristal, tapas de silicona incluidas<\/li>\n<li>Dientes de corte en \u00e1ngulo<\/li>\n<li>Pantalla de filtro extra\u00edble<\/li>\n<\/ul>\n<\/li>\n<li><strong>Incluye<\/strong>: Cepillo de limpieza<\/li>\n<li><strong>Disponible en<\/strong>: Varios colores<\/li>\n<\/ul>","protected":false},"excerpt":{"rendered":"<p>Especificaciones del producto Di\u00e1metro: 2,2 pulgadas (5,6 cm) Tipo: Molinillo de hierbas de 4 piezas Dise\u00f1o: Empu\u00f1adura ergon\u00f3mica antideslizante Caracter\u00edsticas: 4 bandejas medidoras de l\u00edquidos<\/p>","protected":false},"featured_media":30675,"comment_status":"closed","ping_status":"closed","template":"","meta":{"iawp_total_views":0,"_joinchat":[]},"product_brand":[],"product_cat":[894,891],"product_tag":[],"class_list":{"0":"post-30670","1":"product","2":"type-product","3":"status-publish","4":"has-post-thumbnail","6":"product_cat-4-piece-grinder-wholesale","7":"product_cat-wholesale-grinder-with-kief-catcher","9":"first","10":"instock","11":"shipping-taxable","12":"product-type-external"},"yoast_head":"<!-- This site is optimized with the Yoast SEO Premium plugin v24.7 (Yoast SEO v26.8) - https:\/\/yoast.com\/product\/yoast-seo-premium-wordpress\/ -->\n<title>Wholesale Four-Layer Aluminum Alloy Weed Grinder With Kief Collector - Global Hookah<\/title>\n<meta name=\"robots\" content=\"index, follow, max-snippet:-1, max-image-preview:large, max-video-preview:-1\" \/>\n<link rel=\"canonical\" href=\"https:\/\/global-hookah.com\/es\/producto\/wholesale-four-layer-aluminum-alloy-weed-grinder-with-kief-collector\/\" \/>\n<meta property=\"og:locale\" content=\"es_ES\" \/>\n<meta property=\"og:type\" content=\"article\" \/>\n<meta property=\"og:title\" content=\"Wholesale Four-Layer Aluminum Alloy Weed Grinder With Kief Collector\" \/>\n<meta property=\"og:description\" content=\"Product Specifications Diameter: 2.2 inches (5.6 cm) Type: 4-Piece Herb Grinder Design: Ergonomic non-slip grip Features: 4 liquid measuring trays\" \/>\n<meta property=\"og:url\" content=\"https:\/\/global-hookah.com\/es\/producto\/wholesale-four-layer-aluminum-alloy-weed-grinder-with-kief-collector\/\" \/>\n<meta property=\"og:site_name\" content=\"Global Hookah\" \/>\n<meta property=\"article:modified_time\" content=\"2024-10-12T03:59:20+00:00\" \/>\n<meta property=\"og:image\" content=\"https:\/\/global-hookah.com\/wp-content\/uploads\/2024\/10\/aca19606-9d2b-46d3-9ed0-03c97aa26165.jpg\" \/>\n\t<meta property=\"og:image:width\" content=\"1000\" \/>\n\t<meta property=\"og:image:height\" content=\"1000\" \/>\n\t<meta property=\"og:image:type\" content=\"image\/jpeg\" \/>\n<meta name=\"twitter:card\" content=\"summary_large_image\" \/>\n<script type=\"application\/ld+json\" class=\"yoast-schema-graph\">{\"@context\":\"https:\/\/schema.org\",\"@graph\":[{\"@type\":\"WebPage\",\"@id\":\"https:\/\/global-hookah.com\/product\/wholesale-four-layer-aluminum-alloy-weed-grinder-with-kief-collector\/\",\"url\":\"https:\/\/global-hookah.com\/product\/wholesale-four-layer-aluminum-alloy-weed-grinder-with-kief-collector\/\",\"name\":\"Wholesale Four-Layer Aluminum Alloy Weed Grinder With Kief Collector - Global Hookah\",\"isPartOf\":{\"@id\":\"https:\/\/global-hookah.com\/#website\"},\"primaryImageOfPage\":{\"@id\":\"https:\/\/global-hookah.com\/product\/wholesale-four-layer-aluminum-alloy-weed-grinder-with-kief-collector\/#primaryimage\"},\"image\":{\"@id\":\"https:\/\/global-hookah.com\/product\/wholesale-four-layer-aluminum-alloy-weed-grinder-with-kief-collector\/#primaryimage\"},\"thumbnailUrl\":\"https:\/\/global-hookah.com\/wp-content\/uploads\/2024\/10\/aca19606-9d2b-46d3-9ed0-03c97aa26165.jpg\",\"datePublished\":\"2024-10-12T03:58:46+00:00\",\"dateModified\":\"2024-10-12T03:59:20+00:00\",\"breadcrumb\":{\"@id\":\"https:\/\/global-hookah.com\/product\/wholesale-four-layer-aluminum-alloy-weed-grinder-with-kief-collector\/#breadcrumb\"},\"inLanguage\":\"es\",\"potentialAction\":[{\"@type\":\"ReadAction\",\"target\":[\"https:\/\/global-hookah.com\/product\/wholesale-four-layer-aluminum-alloy-weed-grinder-with-kief-collector\/\"]}]},{\"@type\":\"ImageObject\",\"inLanguage\":\"es\",\"@id\":\"https:\/\/global-hookah.com\/product\/wholesale-four-layer-aluminum-alloy-weed-grinder-with-kief-collector\/#primaryimage\",\"url\":\"https:\/\/global-hookah.com\/wp-content\/uploads\/2024\/10\/aca19606-9d2b-46d3-9ed0-03c97aa26165.jpg\",\"contentUrl\":\"https:\/\/global-hookah.com\/wp-content\/uploads\/2024\/10\/aca19606-9d2b-46d3-9ed0-03c97aa26165.jpg\",\"width\":1000,\"height\":1000,\"caption\":\"Wholesale Four-Layer Aluminum Alloy Weed Grinder With Kief Collector\"},{\"@type\":\"BreadcrumbList\",\"@id\":\"https:\/\/global-hookah.com\/product\/wholesale-four-layer-aluminum-alloy-weed-grinder-with-kief-collector\/#breadcrumb\",\"itemListElement\":[{\"@type\":\"ListItem\",\"position\":1,\"name\":\"Home\",\"item\":\"https:\/\/global-hookah.com\/\"},{\"@type\":\"ListItem\",\"position\":2,\"name\":\"Shop\",\"item\":\"https:\/\/global-hookah.com\/shop\/\"},{\"@type\":\"ListItem\",\"position\":3,\"name\":\"Wholesale Four-Layer Aluminum Alloy Weed Grinder With Kief Collector\"}]},{\"@type\":\"WebSite\",\"@id\":\"https:\/\/global-hookah.com\/#website\",\"url\":\"https:\/\/global-hookah.com\/\",\"name\":\"Global Hookah\",\"description\":\"Global Hookah\",\"publisher\":{\"@id\":\"https:\/\/global-hookah.com\/#organization\"},\"potentialAction\":[{\"@type\":\"SearchAction\",\"target\":{\"@type\":\"EntryPoint\",\"urlTemplate\":\"https:\/\/global-hookah.com\/?s={search_term_string}\"},\"query-input\":{\"@type\":\"PropertyValueSpecification\",\"valueRequired\":true,\"valueName\":\"search_term_string\"}}],\"inLanguage\":\"es\"},{\"@type\":\"Organization\",\"@id\":\"https:\/\/global-hookah.com\/#organization\",\"name\":\"Global Hookah\",\"url\":\"https:\/\/global-hookah.com\/\",\"logo\":{\"@type\":\"ImageObject\",\"inLanguage\":\"es\",\"@id\":\"https:\/\/global-hookah.com\/#\/schema\/logo\/image\/\",\"url\":\"https:\/\/global-hookah.com\/wp-content\/uploads\/2021\/10\/cropped-fgg.png\",\"contentUrl\":\"https:\/\/global-hookah.com\/wp-content\/uploads\/2021\/10\/cropped-fgg.png\",\"width\":512,\"height\":512,\"caption\":\"Global Hookah\"},\"image\":{\"@id\":\"https:\/\/global-hookah.com\/#\/schema\/logo\/image\/\"}}]}<\/script>\n<!-- \/ Yoast SEO Premium plugin. -->","yoast_head_json":{"title":"Venta al por mayor de cuatro capas de aleaci\u00f3n de aluminio Weed Grinder con Kief Collector - Global Hookah","robots":{"index":"index","follow":"follow","max-snippet":"max-snippet:-1","max-image-preview":"max-image-preview:large","max-video-preview":"max-video-preview:-1"},"canonical":"https:\/\/global-hookah.com\/es\/producto\/wholesale-four-layer-aluminum-alloy-weed-grinder-with-kief-collector\/","og_locale":"es_ES","og_type":"article","og_title":"Wholesale Four-Layer Aluminum Alloy Weed Grinder With Kief Collector","og_description":"Product Specifications Diameter: 2.2 inches (5.6 cm) Type: 4-Piece Herb Grinder Design: Ergonomic non-slip grip Features: 4 liquid measuring trays","og_url":"https:\/\/global-hookah.com\/es\/producto\/wholesale-four-layer-aluminum-alloy-weed-grinder-with-kief-collector\/","og_site_name":"Global Hookah","article_modified_time":"2024-10-12T03:59:20+00:00","og_image":[{"width":1000,"height":1000,"url":"https:\/\/global-hookah.com\/wp-content\/uploads\/2024\/10\/aca19606-9d2b-46d3-9ed0-03c97aa26165.jpg","type":"image\/jpeg"}],"twitter_card":"summary_large_image","schema":{"@context":"https:\/\/schema.org","@graph":[{"@type":"WebPage","@id":"https:\/\/global-hookah.com\/product\/wholesale-four-layer-aluminum-alloy-weed-grinder-with-kief-collector\/","url":"https:\/\/global-hookah.com\/product\/wholesale-four-layer-aluminum-alloy-weed-grinder-with-kief-collector\/","name":"Venta al por mayor de cuatro capas de aleaci\u00f3n de aluminio Weed Grinder con Kief Collector - Global Hookah","isPartOf":{"@id":"https:\/\/global-hookah.com\/#website"},"primaryImageOfPage":{"@id":"https:\/\/global-hookah.com\/product\/wholesale-four-layer-aluminum-alloy-weed-grinder-with-kief-collector\/#primaryimage"},"image":{"@id":"https:\/\/global-hookah.com\/product\/wholesale-four-layer-aluminum-alloy-weed-grinder-with-kief-collector\/#primaryimage"},"thumbnailUrl":"https:\/\/global-hookah.com\/wp-content\/uploads\/2024\/10\/aca19606-9d2b-46d3-9ed0-03c97aa26165.jpg","datePublished":"2024-10-12T03:58:46+00:00","dateModified":"2024-10-12T03:59:20+00:00","breadcrumb":{"@id":"https:\/\/global-hookah.com\/product\/wholesale-four-layer-aluminum-alloy-weed-grinder-with-kief-collector\/#breadcrumb"},"inLanguage":"es","potentialAction":[{"@type":"ReadAction","target":["https:\/\/global-hookah.com\/product\/wholesale-four-layer-aluminum-alloy-weed-grinder-with-kief-collector\/"]}]},{"@type":"ImageObject","inLanguage":"es","@id":"https:\/\/global-hookah.com\/product\/wholesale-four-layer-aluminum-alloy-weed-grinder-with-kief-collector\/#primaryimage","url":"https:\/\/global-hookah.com\/wp-content\/uploads\/2024\/10\/aca19606-9d2b-46d3-9ed0-03c97aa26165.jpg","contentUrl":"https:\/\/global-hookah.com\/wp-content\/uploads\/2024\/10\/aca19606-9d2b-46d3-9ed0-03c97aa26165.jpg","width":1000,"height":1000,"caption":"Wholesale Four-Layer Aluminum Alloy Weed Grinder With Kief Collector"},{"@type":"BreadcrumbList","@id":"https:\/\/global-hookah.com\/product\/wholesale-four-layer-aluminum-alloy-weed-grinder-with-kief-collector\/#breadcrumb","itemListElement":[{"@type":"ListItem","position":1,"name":"Home","item":"https:\/\/global-hookah.com\/"},{"@type":"ListItem","position":2,"name":"Shop","item":"https:\/\/global-hookah.com\/shop\/"},{"@type":"ListItem","position":3,"name":"Wholesale Four-Layer Aluminum Alloy Weed Grinder With Kief Collector"}]},{"@type":"WebSite","@id":"https:\/\/global-hookah.com\/#website","url":"https:\/\/global-hookah.com\/","name":"Global Hookah","description":"Global Hookah","publisher":{"@id":"https:\/\/global-hookah.com\/#organization"},"potentialAction":[{"@type":"SearchAction","target":{"@type":"EntryPoint","urlTemplate":"https:\/\/global-hookah.com\/?s={search_term_string}"},"query-input":{"@type":"PropertyValueSpecification","valueRequired":true,"valueName":"search_term_string"}}],"inLanguage":"es"},{"@type":"Organization","@id":"https:\/\/global-hookah.com\/#organization","name":"Global Hookah","url":"https:\/\/global-hookah.com\/","logo":{"@type":"ImageObject","inLanguage":"es","@id":"https:\/\/global-hookah.com\/#\/schema\/logo\/image\/","url":"https:\/\/global-hookah.com\/wp-content\/uploads\/2021\/10\/cropped-fgg.png","contentUrl":"https:\/\/global-hookah.com\/wp-content\/uploads\/2021\/10\/cropped-fgg.png","width":512,"height":512,"caption":"Global Hookah"},"image":{"@id":"https:\/\/global-hookah.com\/#\/schema\/logo\/image\/"}}]}},"_links":{"self":[{"href":"https:\/\/global-hookah.com\/es\/wp-json\/wp\/v2\/product\/30670","targetHints":{"allow":["GET"]}}],"collection":[{"href":"https:\/\/global-hookah.com\/es\/wp-json\/wp\/v2\/product"}],"about":[{"href":"https:\/\/global-hookah.com\/es\/wp-json\/wp\/v2\/types\/product"}],"replies":[{"embeddable":true,"href":"https:\/\/global-hookah.com\/es\/wp-json\/wp\/v2\/comments?post=30670"}],"version-history":[{"count":0,"href":"https:\/\/global-hookah.com\/es\/wp-json\/wp\/v2\/product\/30670\/revisions"}],"wp:featuredmedia":[{"embeddable":true,"href":"https:\/\/global-hookah.com\/es\/wp-json\/wp\/v2\/media\/30675"}],"wp:attachment":[{"href":"https:\/\/global-hookah.com\/es\/wp-json\/wp\/v2\/media?parent=30670"}],"wp:term":[{"taxonomy":"product_brand","embeddable":true,"href":"https:\/\/global-hookah.com\/es\/wp-json\/wp\/v2\/product_brand?post=30670"},{"taxonomy":"product_cat","embeddable":true,"href":"https:\/\/global-hookah.com\/es\/wp-json\/wp\/v2\/product_cat?post=30670"},{"taxonomy":"product_tag","embeddable":true,"href":"https:\/\/global-hookah.com\/es\/wp-json\/wp\/v2\/product_tag?post=30670"}],"curies":[{"name":"wp","href":"https:\/\/api.w.org\/{rel}","templated":true}]}}