{"id":30885,"date":"2024-10-24T02:59:22","date_gmt":"2024-10-24T02:59:22","guid":{"rendered":"https:\/\/global-hookah.com\/?post_type=product&#038;p=30885"},"modified":"2024-10-24T07:44:35","modified_gmt":"2024-10-24T07:44:35","slug":"football-helmet-small-weed-grinder-wholesale","status":"publish","type":"product","link":"https:\/\/global-hookah.com\/es\/producto\/football-helmet-small-weed-grinder-wholesale\/","title":{"rendered":"Molinillo de Hierba Peque\u00f1o Casco de F\u00fatbol al por mayor"},"content":{"rendered":"<p>hoy, vamos a traerles este <strong>Casco de f\u00fatbol picador de hierba peque\u00f1o<\/strong>\u00a1! Como amante del cannabis de edad avanzada, s\u00e9 que encontrar un <a href=\"https:\/\/global-hookah.com\/product-category\/wholesale-grinder\/wholesale-grinder-with-kief-catcher\/\"><strong>triturador de hierba de alta calidad<\/strong><\/a> siempre ha sido un quebradero de cabeza, pero lo que me ha sorprendido es que muchos molinillos del mercado est\u00e1n fabricados con materiales pobres o tienen dise\u00f1os muy ordinarios, lo que hace imposible que los usuarios encuentren un molinillo personalizado y pr\u00e1ctico. Por eso, nuestros dise\u00f1adores han resuelto este problema por usted y han fabricado este<strong> triturador de hierba peque\u00f1o de metal<\/strong><\/p>\n<p>\u00bfAlguien se acuerda de aquellos jugadores de f\u00fatbol del campus? S\u00ed, el dise\u00f1o de esta peque\u00f1a trituradora de hierba est\u00e1 inspirado en los cascos de los jugadores de f\u00fatbol americano, y est\u00e1 hecha de <a href=\"https:\/\/global-hookah.com\/product\/aluminum-alloy-hookah-wholesale\/\">aleaci\u00f3n de aluminio<\/a>As\u00ed que tiene muy buena pinta.<\/p>\n<p>\u00bfCree que \u00e9sas son todas las ventajas? No. Hemos a\u00f1adido unos bordes estriados m\u00e1s pronunciados que mejoran la tracci\u00f3n y el agarre al girar la tapa de esmerilado, lo que le permite aplicar un mayor par de apriete y presi\u00f3n para <a href=\"https:\/\/global-hookah.com\/product\/1pc-creative-maple-leaf-pattern-63mm-grinder-spice-grinder-grinding-machine-herb-grinder-spice-crusher-kitchen-supplies-christmas-gifts-halloween-gifts-halloween-decoration\/\">muele tus hierbas<\/a> en una consistencia m\u00e1s fina.<\/p>\n<p>Este <strong>Peque\u00f1os trituradores de hierba<\/strong> La construcci\u00f3n fina facilita la molienda de hierbas secas en una mezcla uniforme que facilita la extracci\u00f3n de los principios activos. Las part\u00edculas finas de hierba expanden el \u00e1rea de superficie calentada de los materiales de hierba y permiten una mejor conducci\u00f3n y vaporizaci\u00f3n del calor durante el proceso de vapeo en comparaci\u00f3n con las part\u00edculas gruesas.<\/p>\n<p>Adem\u00e1s de las mejoras exteriores y h\u00e1pticas, tambi\u00e9n hemos aplicado una capa a los dientes de afilado. Los dientes de afilado, que antes eran simplemente hojas plateadas desnudas, han sufrido ahora un cambio cosm\u00e9tico y se han pintado de negro con fines est\u00e9ticos y para proteger mejor de da\u00f1os los bordes de corte de precisi\u00f3n. Esto permite reforzar a\u00fan m\u00e1s los dientes de corte contra el desgaste, lo que favorece el uso a largo plazo.<\/p>\n<p>&nbsp;<\/p>","protected":false},"excerpt":{"rendered":"<p>Hoy os traemos este peque\u00f1o molinillo de hierba con casco de f\u00fatbol americano. Como gran amante del cannabis, s\u00e9<\/p>","protected":false},"featured_media":30889,"comment_status":"closed","ping_status":"closed","template":"","meta":{"iawp_total_views":2,"_joinchat":[]},"product_brand":[],"product_cat":[894,770],"product_tag":[],"class_list":{"0":"post-30885","1":"product","2":"type-product","3":"status-publish","4":"has-post-thumbnail","6":"product_cat-4-piece-grinder-wholesale","7":"product_cat-wholesale-grinder","9":"first","10":"instock","11":"shipping-taxable","12":"product-type-external"},"yoast_head":"<!-- This site is optimized with the Yoast SEO Premium plugin v24.7 (Yoast SEO v26.8) - https:\/\/yoast.com\/product\/yoast-seo-premium-wordpress\/ -->\n<title>Football Helmet Small Weed Grinder Wholesale - Global Hookah<\/title>\n<meta name=\"robots\" content=\"index, follow, max-snippet:-1, max-image-preview:large, max-video-preview:-1\" \/>\n<link rel=\"canonical\" href=\"https:\/\/global-hookah.com\/es\/producto\/football-helmet-small-weed-grinder-wholesale\/\" \/>\n<meta property=\"og:locale\" content=\"es_ES\" \/>\n<meta property=\"og:type\" content=\"article\" \/>\n<meta property=\"og:title\" content=\"Football Helmet Small Weed Grinder Wholesale\" \/>\n<meta property=\"og:description\" content=\"today, we are going to bring you this Football Helmet Small Weed Grinder! As a senior cannabis lover, I know\" \/>\n<meta property=\"og:url\" content=\"https:\/\/global-hookah.com\/es\/producto\/football-helmet-small-weed-grinder-wholesale\/\" \/>\n<meta property=\"og:site_name\" content=\"Global Hookah\" \/>\n<meta property=\"article:modified_time\" content=\"2024-10-24T07:44:35+00:00\" \/>\n<meta property=\"og:image\" content=\"https:\/\/global-hookah.com\/wp-content\/uploads\/2024\/10\/f6f28f98-32b8-4bc0-8dc8-da65e88495ff.jpg\" \/>\n\t<meta property=\"og:image:width\" content=\"1000\" \/>\n\t<meta property=\"og:image:height\" content=\"1000\" \/>\n\t<meta property=\"og:image:type\" content=\"image\/jpeg\" \/>\n<meta name=\"twitter:card\" content=\"summary_large_image\" \/>\n<meta name=\"twitter:label1\" content=\"Tiempo de lectura\" \/>\n\t<meta name=\"twitter:data1\" content=\"1 minuto\" \/>\n<script type=\"application\/ld+json\" class=\"yoast-schema-graph\">{\"@context\":\"https:\/\/schema.org\",\"@graph\":[{\"@type\":\"WebPage\",\"@id\":\"https:\/\/global-hookah.com\/product\/football-helmet-small-weed-grinder-wholesale\/\",\"url\":\"https:\/\/global-hookah.com\/product\/football-helmet-small-weed-grinder-wholesale\/\",\"name\":\"Football Helmet Small Weed Grinder Wholesale - Global Hookah\",\"isPartOf\":{\"@id\":\"https:\/\/global-hookah.com\/#website\"},\"primaryImageOfPage\":{\"@id\":\"https:\/\/global-hookah.com\/product\/football-helmet-small-weed-grinder-wholesale\/#primaryimage\"},\"image\":{\"@id\":\"https:\/\/global-hookah.com\/product\/football-helmet-small-weed-grinder-wholesale\/#primaryimage\"},\"thumbnailUrl\":\"https:\/\/global-hookah.com\/wp-content\/uploads\/2024\/10\/f6f28f98-32b8-4bc0-8dc8-da65e88495ff.jpg\",\"datePublished\":\"2024-10-24T02:59:22+00:00\",\"dateModified\":\"2024-10-24T07:44:35+00:00\",\"breadcrumb\":{\"@id\":\"https:\/\/global-hookah.com\/product\/football-helmet-small-weed-grinder-wholesale\/#breadcrumb\"},\"inLanguage\":\"es\",\"potentialAction\":[{\"@type\":\"ReadAction\",\"target\":[\"https:\/\/global-hookah.com\/product\/football-helmet-small-weed-grinder-wholesale\/\"]}]},{\"@type\":\"ImageObject\",\"inLanguage\":\"es\",\"@id\":\"https:\/\/global-hookah.com\/product\/football-helmet-small-weed-grinder-wholesale\/#primaryimage\",\"url\":\"https:\/\/global-hookah.com\/wp-content\/uploads\/2024\/10\/f6f28f98-32b8-4bc0-8dc8-da65e88495ff.jpg\",\"contentUrl\":\"https:\/\/global-hookah.com\/wp-content\/uploads\/2024\/10\/f6f28f98-32b8-4bc0-8dc8-da65e88495ff.jpg\",\"width\":1000,\"height\":1000,\"caption\":\"Football Helmet Small Weed Grinder Wholesale\"},{\"@type\":\"BreadcrumbList\",\"@id\":\"https:\/\/global-hookah.com\/product\/football-helmet-small-weed-grinder-wholesale\/#breadcrumb\",\"itemListElement\":[{\"@type\":\"ListItem\",\"position\":1,\"name\":\"Home\",\"item\":\"https:\/\/global-hookah.com\/\"},{\"@type\":\"ListItem\",\"position\":2,\"name\":\"Shop\",\"item\":\"https:\/\/global-hookah.com\/shop\/\"},{\"@type\":\"ListItem\",\"position\":3,\"name\":\"Football Helmet Small Weed Grinder Wholesale\"}]},{\"@type\":\"WebSite\",\"@id\":\"https:\/\/global-hookah.com\/#website\",\"url\":\"https:\/\/global-hookah.com\/\",\"name\":\"Global Hookah\",\"description\":\"Global Hookah\",\"publisher\":{\"@id\":\"https:\/\/global-hookah.com\/#organization\"},\"potentialAction\":[{\"@type\":\"SearchAction\",\"target\":{\"@type\":\"EntryPoint\",\"urlTemplate\":\"https:\/\/global-hookah.com\/?s={search_term_string}\"},\"query-input\":{\"@type\":\"PropertyValueSpecification\",\"valueRequired\":true,\"valueName\":\"search_term_string\"}}],\"inLanguage\":\"es\"},{\"@type\":\"Organization\",\"@id\":\"https:\/\/global-hookah.com\/#organization\",\"name\":\"Global Hookah\",\"url\":\"https:\/\/global-hookah.com\/\",\"logo\":{\"@type\":\"ImageObject\",\"inLanguage\":\"es\",\"@id\":\"https:\/\/global-hookah.com\/#\/schema\/logo\/image\/\",\"url\":\"https:\/\/global-hookah.com\/wp-content\/uploads\/2021\/10\/cropped-fgg.png\",\"contentUrl\":\"https:\/\/global-hookah.com\/wp-content\/uploads\/2021\/10\/cropped-fgg.png\",\"width\":512,\"height\":512,\"caption\":\"Global Hookah\"},\"image\":{\"@id\":\"https:\/\/global-hookah.com\/#\/schema\/logo\/image\/\"}}]}<\/script>\n<!-- \/ Yoast SEO Premium plugin. -->","yoast_head_json":{"title":"Casco de F\u00fatbol Peque\u00f1o Weed Grinder al por mayor - Global Hookah","robots":{"index":"index","follow":"follow","max-snippet":"max-snippet:-1","max-image-preview":"max-image-preview:large","max-video-preview":"max-video-preview:-1"},"canonical":"https:\/\/global-hookah.com\/es\/producto\/football-helmet-small-weed-grinder-wholesale\/","og_locale":"es_ES","og_type":"article","og_title":"Football Helmet Small Weed Grinder Wholesale","og_description":"today, we are going to bring you this Football Helmet Small Weed Grinder! As a senior cannabis lover, I know","og_url":"https:\/\/global-hookah.com\/es\/producto\/football-helmet-small-weed-grinder-wholesale\/","og_site_name":"Global Hookah","article_modified_time":"2024-10-24T07:44:35+00:00","og_image":[{"width":1000,"height":1000,"url":"https:\/\/global-hookah.com\/wp-content\/uploads\/2024\/10\/f6f28f98-32b8-4bc0-8dc8-da65e88495ff.jpg","type":"image\/jpeg"}],"twitter_card":"summary_large_image","twitter_misc":{"Tiempo de lectura":"1 minuto"},"schema":{"@context":"https:\/\/schema.org","@graph":[{"@type":"WebPage","@id":"https:\/\/global-hookah.com\/product\/football-helmet-small-weed-grinder-wholesale\/","url":"https:\/\/global-hookah.com\/product\/football-helmet-small-weed-grinder-wholesale\/","name":"Casco de F\u00fatbol Peque\u00f1o Weed Grinder al por mayor - Global Hookah","isPartOf":{"@id":"https:\/\/global-hookah.com\/#website"},"primaryImageOfPage":{"@id":"https:\/\/global-hookah.com\/product\/football-helmet-small-weed-grinder-wholesale\/#primaryimage"},"image":{"@id":"https:\/\/global-hookah.com\/product\/football-helmet-small-weed-grinder-wholesale\/#primaryimage"},"thumbnailUrl":"https:\/\/global-hookah.com\/wp-content\/uploads\/2024\/10\/f6f28f98-32b8-4bc0-8dc8-da65e88495ff.jpg","datePublished":"2024-10-24T02:59:22+00:00","dateModified":"2024-10-24T07:44:35+00:00","breadcrumb":{"@id":"https:\/\/global-hookah.com\/product\/football-helmet-small-weed-grinder-wholesale\/#breadcrumb"},"inLanguage":"es","potentialAction":[{"@type":"ReadAction","target":["https:\/\/global-hookah.com\/product\/football-helmet-small-weed-grinder-wholesale\/"]}]},{"@type":"ImageObject","inLanguage":"es","@id":"https:\/\/global-hookah.com\/product\/football-helmet-small-weed-grinder-wholesale\/#primaryimage","url":"https:\/\/global-hookah.com\/wp-content\/uploads\/2024\/10\/f6f28f98-32b8-4bc0-8dc8-da65e88495ff.jpg","contentUrl":"https:\/\/global-hookah.com\/wp-content\/uploads\/2024\/10\/f6f28f98-32b8-4bc0-8dc8-da65e88495ff.jpg","width":1000,"height":1000,"caption":"Football Helmet Small Weed Grinder Wholesale"},{"@type":"BreadcrumbList","@id":"https:\/\/global-hookah.com\/product\/football-helmet-small-weed-grinder-wholesale\/#breadcrumb","itemListElement":[{"@type":"ListItem","position":1,"name":"Home","item":"https:\/\/global-hookah.com\/"},{"@type":"ListItem","position":2,"name":"Shop","item":"https:\/\/global-hookah.com\/shop\/"},{"@type":"ListItem","position":3,"name":"Football Helmet Small Weed Grinder Wholesale"}]},{"@type":"WebSite","@id":"https:\/\/global-hookah.com\/#website","url":"https:\/\/global-hookah.com\/","name":"Global Hookah","description":"Global Hookah","publisher":{"@id":"https:\/\/global-hookah.com\/#organization"},"potentialAction":[{"@type":"SearchAction","target":{"@type":"EntryPoint","urlTemplate":"https:\/\/global-hookah.com\/?s={search_term_string}"},"query-input":{"@type":"PropertyValueSpecification","valueRequired":true,"valueName":"search_term_string"}}],"inLanguage":"es"},{"@type":"Organization","@id":"https:\/\/global-hookah.com\/#organization","name":"Global Hookah","url":"https:\/\/global-hookah.com\/","logo":{"@type":"ImageObject","inLanguage":"es","@id":"https:\/\/global-hookah.com\/#\/schema\/logo\/image\/","url":"https:\/\/global-hookah.com\/wp-content\/uploads\/2021\/10\/cropped-fgg.png","contentUrl":"https:\/\/global-hookah.com\/wp-content\/uploads\/2021\/10\/cropped-fgg.png","width":512,"height":512,"caption":"Global Hookah"},"image":{"@id":"https:\/\/global-hookah.com\/#\/schema\/logo\/image\/"}}]}},"_links":{"self":[{"href":"https:\/\/global-hookah.com\/es\/wp-json\/wp\/v2\/product\/30885","targetHints":{"allow":["GET"]}}],"collection":[{"href":"https:\/\/global-hookah.com\/es\/wp-json\/wp\/v2\/product"}],"about":[{"href":"https:\/\/global-hookah.com\/es\/wp-json\/wp\/v2\/types\/product"}],"replies":[{"embeddable":true,"href":"https:\/\/global-hookah.com\/es\/wp-json\/wp\/v2\/comments?post=30885"}],"version-history":[{"count":0,"href":"https:\/\/global-hookah.com\/es\/wp-json\/wp\/v2\/product\/30885\/revisions"}],"wp:featuredmedia":[{"embeddable":true,"href":"https:\/\/global-hookah.com\/es\/wp-json\/wp\/v2\/media\/30889"}],"wp:attachment":[{"href":"https:\/\/global-hookah.com\/es\/wp-json\/wp\/v2\/media?parent=30885"}],"wp:term":[{"taxonomy":"product_brand","embeddable":true,"href":"https:\/\/global-hookah.com\/es\/wp-json\/wp\/v2\/product_brand?post=30885"},{"taxonomy":"product_cat","embeddable":true,"href":"https:\/\/global-hookah.com\/es\/wp-json\/wp\/v2\/product_cat?post=30885"},{"taxonomy":"product_tag","embeddable":true,"href":"https:\/\/global-hookah.com\/es\/wp-json\/wp\/v2\/product_tag?post=30885"}],"curies":[{"name":"wp","href":"https:\/\/api.w.org\/{rel}","templated":true}]}}