{"id":30902,"date":"2024-10-24T03:15:56","date_gmt":"2024-10-24T03:15:56","guid":{"rendered":"https:\/\/global-hookah.com\/?post_type=product&#038;p=30902"},"modified":"2024-10-26T00:36:34","modified_gmt":"2024-10-26T00:36:34","slug":"plastic-hand-crank-weed-grinder-wholesale","status":"publish","type":"product","link":"https:\/\/global-hookah.com\/es\/producto\/plastic-hand-crank-weed-grinder-wholesale\/","title":{"rendered":"Molinillo de hierba manual de pl\u00e1stico al por mayor"},"content":{"rendered":"<p>Especificaciones del producto<br \/>\nNombre: Amoladora manual todo en uno<br \/>\nMaterial: Aleaci\u00f3n de zinc y pl\u00e1stico<br \/>\nTipo: <a href=\"https:\/\/global-hookah.com\/product-category\/wholesale-grinder\/\">triturador de hierba<\/a><br \/>\nMarca: Accesorios para fumadores<br \/>\nPeso del producto: 320 g<br \/>\nDimensiones:<br \/>\nTapa superior: 52mm<br \/>\nBase: 63mm<br \/>\nAltura: 160 mm<br \/>\nEmbalaje:<br \/>\nPor caja: 1 pieza\/caja<br \/>\nPor caja: 72 unidades\/caja<br \/>\nPeso bruto: 28KGS<br \/>\nTama\u00f1o de la caja individual: 6x6x18cm<br \/>\nTama\u00f1o de la caja: 40\u00d738,5x38 cm<br \/>\nCaracter\u00edsticas<br \/>\nFuertes imanes de neodimio: Garantiza el cierre herm\u00e9tico de la tapa.<br \/>\nDientes afilados en forma de diamante: Dise\u00f1ados para un afilado suave y eficiente.<br \/>\nBase con pulsador: F\u00e1cil de manejar con un c\u00f3modo bot\u00f3n pulsador.<br \/>\nEnvase transparente: Permite ver f\u00e1cilmente el contenido.<\/p>","protected":false},"excerpt":{"rendered":"<p>Especificaciones del producto Nombre: Mano-manivela Todo-en-Uno Grinder Material: Aleaci\u00f3n de zinc y pl\u00e1stico Tipo: molinillo de hierba Marca: Smoking Accessories Peso del producto: 320g<\/p>","protected":false},"featured_media":30928,"comment_status":"closed","ping_status":"closed","template":"","meta":{"iawp_total_views":0,"_joinchat":[]},"product_brand":[],"product_cat":[895,770],"product_tag":[],"class_list":{"0":"post-30902","1":"product","2":"type-product","3":"status-publish","4":"has-post-thumbnail","6":"product_cat-hand-crank-grinder-wholesale","7":"product_cat-wholesale-grinder","9":"first","10":"instock","11":"shipping-taxable","12":"product-type-external"},"yoast_head":"<!-- This site is optimized with the Yoast SEO Premium plugin v24.7 (Yoast SEO v26.8) - https:\/\/yoast.com\/product\/yoast-seo-premium-wordpress\/ -->\n<title>Plastic Hand Crank Weed Grinder Wholesale - Global Hookah<\/title>\n<meta name=\"robots\" content=\"index, follow, max-snippet:-1, max-image-preview:large, max-video-preview:-1\" \/>\n<link rel=\"canonical\" href=\"https:\/\/global-hookah.com\/es\/producto\/plastic-hand-crank-weed-grinder-wholesale\/\" \/>\n<meta property=\"og:locale\" content=\"es_ES\" \/>\n<meta property=\"og:type\" content=\"article\" \/>\n<meta property=\"og:title\" content=\"Plastic Hand Crank Weed Grinder Wholesale\" \/>\n<meta property=\"og:description\" content=\"Product Specifications Name: Hand-crank All-in-One Grinder Material: Zinc Alloy and Plastic Type: weed grinder Brand: Smoking Accessories Product Weight: 320g\" \/>\n<meta property=\"og:url\" content=\"https:\/\/global-hookah.com\/es\/producto\/plastic-hand-crank-weed-grinder-wholesale\/\" \/>\n<meta property=\"og:site_name\" content=\"Global Hookah\" \/>\n<meta property=\"article:modified_time\" content=\"2024-10-26T00:36:34+00:00\" \/>\n<meta property=\"og:image\" content=\"https:\/\/global-hookah.com\/wp-content\/uploads\/2024\/10\/702e943e-43d6-4253-84b5-36137fdb516c.jpg\" \/>\n\t<meta property=\"og:image:width\" content=\"790\" \/>\n\t<meta property=\"og:image:height\" content=\"790\" \/>\n\t<meta property=\"og:image:type\" content=\"image\/jpeg\" \/>\n<meta name=\"twitter:card\" content=\"summary_large_image\" \/>\n<script type=\"application\/ld+json\" class=\"yoast-schema-graph\">{\"@context\":\"https:\/\/schema.org\",\"@graph\":[{\"@type\":\"WebPage\",\"@id\":\"https:\/\/global-hookah.com\/product\/plastic-hand-crank-weed-grinder-wholesale\/\",\"url\":\"https:\/\/global-hookah.com\/product\/plastic-hand-crank-weed-grinder-wholesale\/\",\"name\":\"Plastic Hand Crank Weed Grinder Wholesale - Global Hookah\",\"isPartOf\":{\"@id\":\"https:\/\/global-hookah.com\/#website\"},\"primaryImageOfPage\":{\"@id\":\"https:\/\/global-hookah.com\/product\/plastic-hand-crank-weed-grinder-wholesale\/#primaryimage\"},\"image\":{\"@id\":\"https:\/\/global-hookah.com\/product\/plastic-hand-crank-weed-grinder-wholesale\/#primaryimage\"},\"thumbnailUrl\":\"https:\/\/global-hookah.com\/wp-content\/uploads\/2024\/10\/702e943e-43d6-4253-84b5-36137fdb516c.jpg\",\"datePublished\":\"2024-10-24T03:15:56+00:00\",\"dateModified\":\"2024-10-26T00:36:34+00:00\",\"breadcrumb\":{\"@id\":\"https:\/\/global-hookah.com\/product\/plastic-hand-crank-weed-grinder-wholesale\/#breadcrumb\"},\"inLanguage\":\"es\",\"potentialAction\":[{\"@type\":\"ReadAction\",\"target\":[\"https:\/\/global-hookah.com\/product\/plastic-hand-crank-weed-grinder-wholesale\/\"]}]},{\"@type\":\"ImageObject\",\"inLanguage\":\"es\",\"@id\":\"https:\/\/global-hookah.com\/product\/plastic-hand-crank-weed-grinder-wholesale\/#primaryimage\",\"url\":\"https:\/\/global-hookah.com\/wp-content\/uploads\/2024\/10\/702e943e-43d6-4253-84b5-36137fdb516c.jpg\",\"contentUrl\":\"https:\/\/global-hookah.com\/wp-content\/uploads\/2024\/10\/702e943e-43d6-4253-84b5-36137fdb516c.jpg\",\"width\":790,\"height\":790,\"caption\":\"Plastic Hand Crank Weed Grinder Wholesale\"},{\"@type\":\"BreadcrumbList\",\"@id\":\"https:\/\/global-hookah.com\/product\/plastic-hand-crank-weed-grinder-wholesale\/#breadcrumb\",\"itemListElement\":[{\"@type\":\"ListItem\",\"position\":1,\"name\":\"Home\",\"item\":\"https:\/\/global-hookah.com\/\"},{\"@type\":\"ListItem\",\"position\":2,\"name\":\"Shop\",\"item\":\"https:\/\/global-hookah.com\/shop\/\"},{\"@type\":\"ListItem\",\"position\":3,\"name\":\"Plastic Hand Crank Weed Grinder Wholesale\"}]},{\"@type\":\"WebSite\",\"@id\":\"https:\/\/global-hookah.com\/#website\",\"url\":\"https:\/\/global-hookah.com\/\",\"name\":\"Global Hookah\",\"description\":\"Global Hookah\",\"publisher\":{\"@id\":\"https:\/\/global-hookah.com\/#organization\"},\"potentialAction\":[{\"@type\":\"SearchAction\",\"target\":{\"@type\":\"EntryPoint\",\"urlTemplate\":\"https:\/\/global-hookah.com\/?s={search_term_string}\"},\"query-input\":{\"@type\":\"PropertyValueSpecification\",\"valueRequired\":true,\"valueName\":\"search_term_string\"}}],\"inLanguage\":\"es\"},{\"@type\":\"Organization\",\"@id\":\"https:\/\/global-hookah.com\/#organization\",\"name\":\"Global Hookah\",\"url\":\"https:\/\/global-hookah.com\/\",\"logo\":{\"@type\":\"ImageObject\",\"inLanguage\":\"es\",\"@id\":\"https:\/\/global-hookah.com\/#\/schema\/logo\/image\/\",\"url\":\"https:\/\/global-hookah.com\/wp-content\/uploads\/2021\/10\/cropped-fgg.png\",\"contentUrl\":\"https:\/\/global-hookah.com\/wp-content\/uploads\/2021\/10\/cropped-fgg.png\",\"width\":512,\"height\":512,\"caption\":\"Global Hookah\"},\"image\":{\"@id\":\"https:\/\/global-hookah.com\/#\/schema\/logo\/image\/\"}}]}<\/script>\n<!-- \/ Yoast SEO Premium plugin. -->","yoast_head_json":{"title":"Molinillo de hierba con manivela de pl\u00e1stico al por mayor - Global Hookah","robots":{"index":"index","follow":"follow","max-snippet":"max-snippet:-1","max-image-preview":"max-image-preview:large","max-video-preview":"max-video-preview:-1"},"canonical":"https:\/\/global-hookah.com\/es\/producto\/plastic-hand-crank-weed-grinder-wholesale\/","og_locale":"es_ES","og_type":"article","og_title":"Plastic Hand Crank Weed Grinder Wholesale","og_description":"Product Specifications Name: Hand-crank All-in-One Grinder Material: Zinc Alloy and Plastic Type: weed grinder Brand: Smoking Accessories Product Weight: 320g","og_url":"https:\/\/global-hookah.com\/es\/producto\/plastic-hand-crank-weed-grinder-wholesale\/","og_site_name":"Global Hookah","article_modified_time":"2024-10-26T00:36:34+00:00","og_image":[{"width":790,"height":790,"url":"https:\/\/global-hookah.com\/wp-content\/uploads\/2024\/10\/702e943e-43d6-4253-84b5-36137fdb516c.jpg","type":"image\/jpeg"}],"twitter_card":"summary_large_image","schema":{"@context":"https:\/\/schema.org","@graph":[{"@type":"WebPage","@id":"https:\/\/global-hookah.com\/product\/plastic-hand-crank-weed-grinder-wholesale\/","url":"https:\/\/global-hookah.com\/product\/plastic-hand-crank-weed-grinder-wholesale\/","name":"Molinillo de hierba con manivela de pl\u00e1stico al por mayor - Global Hookah","isPartOf":{"@id":"https:\/\/global-hookah.com\/#website"},"primaryImageOfPage":{"@id":"https:\/\/global-hookah.com\/product\/plastic-hand-crank-weed-grinder-wholesale\/#primaryimage"},"image":{"@id":"https:\/\/global-hookah.com\/product\/plastic-hand-crank-weed-grinder-wholesale\/#primaryimage"},"thumbnailUrl":"https:\/\/global-hookah.com\/wp-content\/uploads\/2024\/10\/702e943e-43d6-4253-84b5-36137fdb516c.jpg","datePublished":"2024-10-24T03:15:56+00:00","dateModified":"2024-10-26T00:36:34+00:00","breadcrumb":{"@id":"https:\/\/global-hookah.com\/product\/plastic-hand-crank-weed-grinder-wholesale\/#breadcrumb"},"inLanguage":"es","potentialAction":[{"@type":"ReadAction","target":["https:\/\/global-hookah.com\/product\/plastic-hand-crank-weed-grinder-wholesale\/"]}]},{"@type":"ImageObject","inLanguage":"es","@id":"https:\/\/global-hookah.com\/product\/plastic-hand-crank-weed-grinder-wholesale\/#primaryimage","url":"https:\/\/global-hookah.com\/wp-content\/uploads\/2024\/10\/702e943e-43d6-4253-84b5-36137fdb516c.jpg","contentUrl":"https:\/\/global-hookah.com\/wp-content\/uploads\/2024\/10\/702e943e-43d6-4253-84b5-36137fdb516c.jpg","width":790,"height":790,"caption":"Plastic Hand Crank Weed Grinder Wholesale"},{"@type":"BreadcrumbList","@id":"https:\/\/global-hookah.com\/product\/plastic-hand-crank-weed-grinder-wholesale\/#breadcrumb","itemListElement":[{"@type":"ListItem","position":1,"name":"Home","item":"https:\/\/global-hookah.com\/"},{"@type":"ListItem","position":2,"name":"Shop","item":"https:\/\/global-hookah.com\/shop\/"},{"@type":"ListItem","position":3,"name":"Plastic Hand Crank Weed Grinder Wholesale"}]},{"@type":"WebSite","@id":"https:\/\/global-hookah.com\/#website","url":"https:\/\/global-hookah.com\/","name":"Global Hookah","description":"Global Hookah","publisher":{"@id":"https:\/\/global-hookah.com\/#organization"},"potentialAction":[{"@type":"SearchAction","target":{"@type":"EntryPoint","urlTemplate":"https:\/\/global-hookah.com\/?s={search_term_string}"},"query-input":{"@type":"PropertyValueSpecification","valueRequired":true,"valueName":"search_term_string"}}],"inLanguage":"es"},{"@type":"Organization","@id":"https:\/\/global-hookah.com\/#organization","name":"Global Hookah","url":"https:\/\/global-hookah.com\/","logo":{"@type":"ImageObject","inLanguage":"es","@id":"https:\/\/global-hookah.com\/#\/schema\/logo\/image\/","url":"https:\/\/global-hookah.com\/wp-content\/uploads\/2021\/10\/cropped-fgg.png","contentUrl":"https:\/\/global-hookah.com\/wp-content\/uploads\/2021\/10\/cropped-fgg.png","width":512,"height":512,"caption":"Global Hookah"},"image":{"@id":"https:\/\/global-hookah.com\/#\/schema\/logo\/image\/"}}]}},"_links":{"self":[{"href":"https:\/\/global-hookah.com\/es\/wp-json\/wp\/v2\/product\/30902","targetHints":{"allow":["GET"]}}],"collection":[{"href":"https:\/\/global-hookah.com\/es\/wp-json\/wp\/v2\/product"}],"about":[{"href":"https:\/\/global-hookah.com\/es\/wp-json\/wp\/v2\/types\/product"}],"replies":[{"embeddable":true,"href":"https:\/\/global-hookah.com\/es\/wp-json\/wp\/v2\/comments?post=30902"}],"version-history":[{"count":0,"href":"https:\/\/global-hookah.com\/es\/wp-json\/wp\/v2\/product\/30902\/revisions"}],"wp:featuredmedia":[{"embeddable":true,"href":"https:\/\/global-hookah.com\/es\/wp-json\/wp\/v2\/media\/30928"}],"wp:attachment":[{"href":"https:\/\/global-hookah.com\/es\/wp-json\/wp\/v2\/media?parent=30902"}],"wp:term":[{"taxonomy":"product_brand","embeddable":true,"href":"https:\/\/global-hookah.com\/es\/wp-json\/wp\/v2\/product_brand?post=30902"},{"taxonomy":"product_cat","embeddable":true,"href":"https:\/\/global-hookah.com\/es\/wp-json\/wp\/v2\/product_cat?post=30902"},{"taxonomy":"product_tag","embeddable":true,"href":"https:\/\/global-hookah.com\/es\/wp-json\/wp\/v2\/product_tag?post=30902"}],"curies":[{"name":"wp","href":"https:\/\/api.w.org\/{rel}","templated":true}]}}