{"id":30906,"date":"2024-10-24T03:18:30","date_gmt":"2024-10-24T03:18:30","guid":{"rendered":"https:\/\/global-hookah.com\/product\/2-layers-plastic-weed-grinder-wholesale\/"},"modified":"2024-10-24T03:18:36","modified_gmt":"2024-10-24T03:18:36","slug":"2-layers-plastic-weed-grinder-wholesale","status":"publish","type":"product","link":"https:\/\/global-hookah.com\/es\/producto\/2-layers-plastic-weed-grinder-wholesale\/","title":{"rendered":"Desmenuzador de hierba de pl\u00e1stico de 2 capas al por mayor"},"content":{"rendered":"<div class=\"product-specs-list-container\">\n<ul class=\"product-specs-list util-clearfix\">\n<li class=\"product-prop line-limit-length\"><span\n\t\t\t\t\t\t\t\t\tclass=\"property-title\">Hign-concerned Chemical:&nbsp;<\/span><span\n\t\t\t\t\t\t\t\t\tclass=\"property-desc line-limit-length\">Ninguno<\/span>\n\t\t\t\t\t\t<\/li>\n<li class=\"product-prop line-limit-length\"><span\n\t\t\t\t\t\t\t\t\tclass=\"property-title\">N\u00famero de modelo:&nbsp;<\/span><span\n\t\t\t\t\t\t\t\t\tclass=\"property-desc line-limit-length\">Molinillo de hierbas<\/span>\n\t\t\t\t\t\t<\/li>\n<li class=\"product-prop line-limit-length\"><span\n\t\t\t\t\t\t\t\t\tclass=\"property-title\">T\u00e9cnica:&nbsp;<\/span><span\n\t\t\t\t\t\t\t\t\tclass=\"property-desc line-limit-length\">Laca<\/span>\n\t\t\t\t\t\t<\/li>\n<li class=\"product-prop line-limit-length\"><span\n\t\t\t\t\t\t\t\t\tclass=\"property-title\">Material:&nbsp;<\/span><span\n\t\t\t\t\t\t\t\t\tclass=\"property-desc line-limit-length\">Acr\u00edlico<\/span>\n\t\t\t\t\t\t<\/li>\n<li class=\"product-prop line-limit-length\"><span\n\t\t\t\t\t\t\t\t\tclass=\"property-title\">Marca:&nbsp;<\/span><span\n\t\t\t\t\t\t\t\t\tclass=\"property-desc line-limit-length\">MOONSHADE FUMAR<\/span>\n\t\t\t\t\t\t<\/li>\n<li class=\"product-prop line-limit-length\"><span\n\t\t\t\t\t\t\t\t\tclass=\"property-title\">Origen:&nbsp;<\/span><span\n\t\t\t\t\t\t\t\t\tclass=\"property-desc line-limit-length\">China continental<\/span>\n\t\t\t\t\t\t<\/li>\n<li class=\"product-prop line-limit-length\"><span\n\t\t\t\t\t\t\t\t\tclass=\"property-title\">Estado:&nbsp;<\/span><span\n\t\t\t\t\t\t\t\t\tclass=\"property-desc line-limit-length\">100% Nuevo<\/span>\n\t\t\t\t\t\t<\/li>\n<li class=\"product-prop line-limit-length\"><span\n\t\t\t\t\t\t\t\t\tclass=\"property-title\">Tipo de art\u00edculo:&nbsp;<\/span><span\n\t\t\t\t\t\t\t\t\tclass=\"property-desc line-limit-length\">Amoladora<\/span>\n\t\t\t\t\t\t<\/li>\n<li class=\"product-prop line-limit-length\"><span\n\t\t\t\t\t\t\t\t\tclass=\"property-title\">T\u00e9cnica:&nbsp;<\/span><span\n\t\t\t\t\t\t\t\t\tclass=\"property-desc line-limit-length\">Brillante<\/span>\n\t\t\t\t\t\t<\/li>\n<\/ul><\/div>\n<div class=\"detailmodule_html\">\n<div class=\"detail-desc-decorate-richtext\">\n<p><\/p>\n<div>\n Caracter\u00edsticas: <\/p>\n<p>Nombre:Molinillo de hierbas <\/p>\n<p>Material:Pl\u00e1stico degradable de protecci\u00f3n medioambiental <\/p>\n<\/div>\n<div>\n Cantidad: 1 unidad <\/p>\n<p>Tama\u00f1o Port\u00e1til: El molinillo de hierbas de 55mm,es peque\u00f1o, ligero y f\u00e1cil de transportar.Incluso puede ponerlo en su bolsillo, por lo que puede hacerlo en cualquier momento y en cualquier lugar. <\/p>\n<p>Alta calidad:100% Nuevo y de alta calidad <\/p>\n<p>Contenido del paquete: 1 molinillo de hierbas de 2 capas\n<\/p><\/div>\n<div>\n<p><img decoding=\"async\" src=\"https:\/\/ae01.alicdn.com\/kf\/Saf123b980cf048e68ebcb26feec075ebx.jpg?width=800&amp;height=800&amp;hash=1600\" slate-data-type=\"image\" \/><br \/><img decoding=\"async\" src=\"https:\/\/ae01.alicdn.com\/kf\/Sfc47956a69a4421aa6b1805b85d2d70aA.jpg?width=800&amp;height=800&amp;hash=1600\" slate-data-type=\"image\" \/><br \/><img decoding=\"async\" src=\"https:\/\/ae01.alicdn.com\/kf\/S2b25e9bd93e74a369d58febfb5b36d5cO.jpg?width=800&amp;height=800&amp;hash=1600\" slate-data-type=\"image\" \/><br \/><img decoding=\"async\" src=\"https:\/\/ae01.alicdn.com\/kf\/S8ec2b8e04eac40c1ace23f6091c434f8t.jpg?width=809&amp;height=800&amp;hash=1609\" slate-data-type=\"image\" \/><br \/><img decoding=\"async\" src=\"https:\/\/ae01.alicdn.com\/kf\/Sc67e881b2a9a470787da2d22f7178dfeq.jpg?width=800&amp;height=800&amp;hash=1600\" slate-data-type=\"image\" \/><br \/><img decoding=\"async\" src=\"https:\/\/ae01.alicdn.com\/kf\/S44beb1ffdef142ab94c8f4973bd07c7en.jpg?width=800&amp;height=800&amp;hash=1600\" slate-data-type=\"image\" \/><br \/><img decoding=\"async\" src=\"https:\/\/ae01.alicdn.com\/kf\/Sd40938f5ec8540e6b99345e1b1d42468I.jpg?width=800&amp;height=800&amp;hash=1600\" slate-data-type=\"image\" \/><br \/><span style=\"background-color:rgb(255, 255, 255);color:rgb(34, 34, 34);font-size:14px;font-family:&quot;Open Sans&quot;, Roboto, Arial, Helvetica, sans-serif, SimSun\">\u00a11:Apoyo a la venta al por mayor,Dropshipping,Logo personalizar,OEM!<\/span><br \/><span style=\"background-color:rgb(255, 255, 255);color:rgb(34, 34, 34);font-size:14px;font-family:&quot;Open Sans&quot;, Roboto, Arial, Helvetica, sans-serif, SimSun\">2:+Sigue a la tienda y consigue Descuentos o Cupones.<\/span><br \/><span style=\"background-color:rgb(255, 255, 255);color:rgb(34, 34, 34);font-size:14px;font-family:&quot;Open Sans&quot;, Roboto, Arial, Helvetica, sans-serif, SimSun\">3:Acerca del color: Parte de los productos se env\u00edan de color al azar para mantener la velocidad de env\u00edo r\u00e1pido. (Si desea elegir el color, por favor deje una nota o mensaje).<\/span><br \/><span style=\"background-color:rgb(255, 255, 255);color:rgb(34, 34, 34);font-size:14px;font-family:&quot;Open Sans&quot;, Roboto, Arial, Helvetica, sans-serif, SimSun\">4:Acerca del enchufe: No importa de qu\u00e9 pa\u00eds sea, le enviaremos un enchufe de conversi\u00f3n est\u00e1ndar que se adapte a su pa\u00eds.<\/span><br \/><span style=\"background-color:rgb(255, 255, 255);color:rgb(34, 34, 34);font-size:14px;font-family:&quot;Open Sans&quot;, Roboto, Arial, Helvetica, sans-serif, SimSun\">5:Garantizamos el env\u00edo de la mercanc\u00eda en un plazo de 48 horas tras la confirmaci\u00f3n del pago, excepto en d\u00edas festivos.<\/span><br \/><span style=\"background-color:rgb(255, 255, 255);color:rgb(34, 34, 34);font-size:14px;font-family:&quot;Open Sans&quot;, Roboto, Arial, Helvetica, sans-serif, SimSun\">6:Enviamos por AliExpress Standard Shipping,DHL,Fedex,principalmente seg\u00fan el m\u00e9todo de env\u00edo de su elecci\u00f3n.<\/span><br \/><span style=\"background-color:rgb(255, 255, 255);color:rgb(34, 34, 34);font-size:14px;font-family:&quot;Open Sans&quot;, Roboto, Arial, Helvetica, sans-serif, SimSun\">7: Tenemos experiencia rica del env\u00edo, usted no tendr\u00e1 problema con aduanas, por favor la garant\u00eda 100% nos cree.<\/span><br \/><span style=\"background-color:rgb(255, 255, 255);color:rgb(34, 34, 34);font-size:14px;font-family:&quot;Open Sans&quot;, Roboto, Arial, Helvetica, sans-serif, SimSun\">8:Si usted no recibe el art\u00edculo despu\u00e9s de 15-45 d\u00edas, por favor no dude en contactar con nosotros.haremos todo nuestro esfuerzo para resolver el problema.<\/span><br \/><span style=\"background-color:rgb(255, 255, 255);color:rgb(34, 34, 34);font-size:14px;font-family:&quot;Open Sans&quot;, Roboto, Arial, Helvetica, sans-serif, SimSun\">9:Return&amp; Refund:If cualquier pregunta sobre los art\u00edculos, por favor tome fotos o videos, p\u00f3ngase en contacto con nosotros para reenviar, devolver o reembolsar, no es necesario abrir la disputa o revisi\u00f3n.<\/span><br \/><span style=\"background-color:rgb(255, 255, 255);color:rgb(34, 34, 34);font-size:14px;font-family:&quot;Open Sans&quot;, Roboto, Arial, Helvetica, sans-serif, SimSun\">10:Garant\u00eda:100% \u00a1Garant\u00eda de calidad y originalidad! Todos los art\u00edculos tienen 1-3 a\u00f1os de garant\u00eda.<\/span><\/p>\n<\/div>\n<div>\n<\/div>\n<p><\/p>\n<\/div>\n<\/div>","protected":false},"excerpt":{"rendered":"<p>Hign-concerned Qu\u00edmica: Ninguno N\u00famero de modelo: Hierba Grinder T\u00e9cnicas: Laca Material: Acr\u00edlico Marca: MOONSHADE FUMADOR Origen: China continental Condici\u00f3n: 100% Nuevo Tipo de art\u00edculo: Grinder T\u00e9cnicas: Brillante Caracter\u00edsticas: Nombre:Hierba<\/p>","protected":false},"featured_media":30907,"comment_status":"","ping_status":"closed","template":"","meta":{"iawp_total_views":1,"_joinchat":[]},"product_brand":[],"product_cat":[893,770],"product_tag":[],"class_list":{"0":"post-30906","1":"product","2":"type-product","3":"status-publish","4":"has-post-thumbnail","6":"product_cat-2-piece-grinder-wholesale","7":"product_cat-wholesale-grinder","9":"first","10":"instock","11":"shipping-taxable","12":"purchasable","13":"product-type-variable"},"yoast_head":"<!-- This site is optimized with the Yoast SEO Premium plugin v24.7 (Yoast SEO v26.8) - https:\/\/yoast.com\/product\/yoast-seo-premium-wordpress\/ -->\n<title>2-Layers Plastic Weed Grinder Wholesale - Global Hookah<\/title>\n<meta name=\"robots\" content=\"index, follow, max-snippet:-1, max-image-preview:large, max-video-preview:-1\" \/>\n<link rel=\"canonical\" href=\"https:\/\/global-hookah.com\/es\/producto\/2-layers-plastic-weed-grinder-wholesale\/\" \/>\n<meta property=\"og:locale\" content=\"es_ES\" \/>\n<meta property=\"og:type\" content=\"article\" \/>\n<meta property=\"og:title\" content=\"2-Layers Plastic Weed Grinder Wholesale\" \/>\n<meta property=\"og:description\" content=\"Hign-concerned Chemical:&nbsp;None Model Number:&nbsp;Herb Grinder Technics:&nbsp;Lacquer Material:&nbsp;Acrylic Brand Name:&nbsp;MOONSHADE SMOKING Origin:&nbsp;Mainland China Condition:&nbsp;100% Brand New Item Type:&nbsp;Grinder Technics:&nbsp;Glossy Features: Name:Herb\" \/>\n<meta property=\"og:url\" content=\"https:\/\/global-hookah.com\/es\/producto\/2-layers-plastic-weed-grinder-wholesale\/\" \/>\n<meta property=\"og:site_name\" content=\"Global Hookah\" \/>\n<meta property=\"article:modified_time\" content=\"2024-10-24T03:18:36+00:00\" \/>\n<meta property=\"og:image\" content=\"https:\/\/global-hookah.com\/wp-content\/uploads\/2024\/10\/kf-Saf02d23559d5457880585a2a82ffb929I-55MM-Tobacco-Grinder-for-Smoking-2-Layers-Manual-Degradable-Plastic-Material-Grass-Grinders-Smoke-Accessories-Kitchen.webp\" \/>\n\t<meta property=\"og:image:width\" content=\"1000\" \/>\n\t<meta property=\"og:image:height\" content=\"1000\" \/>\n\t<meta property=\"og:image:type\" content=\"image\/webp\" \/>\n<meta name=\"twitter:card\" content=\"summary_large_image\" \/>\n<meta name=\"twitter:label1\" content=\"Tiempo de lectura\" \/>\n\t<meta name=\"twitter:data1\" content=\"1 minuto\" \/>\n<script type=\"application\/ld+json\" class=\"yoast-schema-graph\">{\"@context\":\"https:\/\/schema.org\",\"@graph\":[{\"@type\":\"WebPage\",\"@id\":\"https:\/\/global-hookah.com\/es\/producto\/2-layers-plastic-weed-grinder-wholesale\/\",\"url\":\"https:\/\/global-hookah.com\/es\/producto\/2-layers-plastic-weed-grinder-wholesale\/\",\"name\":\"2-Layers Plastic Weed Grinder Wholesale - Global Hookah\",\"isPartOf\":{\"@id\":\"https:\/\/global-hookah.com\/#website\"},\"primaryImageOfPage\":{\"@id\":\"https:\/\/global-hookah.com\/es\/producto\/2-layers-plastic-weed-grinder-wholesale\/#primaryimage\"},\"image\":{\"@id\":\"https:\/\/global-hookah.com\/es\/producto\/2-layers-plastic-weed-grinder-wholesale\/#primaryimage\"},\"thumbnailUrl\":\"https:\/\/global-hookah.com\/wp-content\/uploads\/2024\/10\/kf-Saf02d23559d5457880585a2a82ffb929I-55MM-Tobacco-Grinder-for-Smoking-2-Layers-Manual-Degradable-Plastic-Material-Grass-Grinders-Smoke-Accessories-Kitchen.webp\",\"datePublished\":\"2024-10-24T03:18:30+00:00\",\"dateModified\":\"2024-10-24T03:18:36+00:00\",\"breadcrumb\":{\"@id\":\"https:\/\/global-hookah.com\/es\/producto\/2-layers-plastic-weed-grinder-wholesale\/#breadcrumb\"},\"inLanguage\":\"es\",\"potentialAction\":[{\"@type\":\"ReadAction\",\"target\":[\"https:\/\/global-hookah.com\/es\/producto\/2-layers-plastic-weed-grinder-wholesale\/\"]}]},{\"@type\":\"ImageObject\",\"inLanguage\":\"es\",\"@id\":\"https:\/\/global-hookah.com\/es\/producto\/2-layers-plastic-weed-grinder-wholesale\/#primaryimage\",\"url\":\"https:\/\/global-hookah.com\/wp-content\/uploads\/2024\/10\/kf-Saf02d23559d5457880585a2a82ffb929I-55MM-Tobacco-Grinder-for-Smoking-2-Layers-Manual-Degradable-Plastic-Material-Grass-Grinders-Smoke-Accessories-Kitchen.webp\",\"contentUrl\":\"https:\/\/global-hookah.com\/wp-content\/uploads\/2024\/10\/kf-Saf02d23559d5457880585a2a82ffb929I-55MM-Tobacco-Grinder-for-Smoking-2-Layers-Manual-Degradable-Plastic-Material-Grass-Grinders-Smoke-Accessories-Kitchen.webp\",\"width\":1000,\"height\":1000},{\"@type\":\"BreadcrumbList\",\"@id\":\"https:\/\/global-hookah.com\/es\/producto\/2-layers-plastic-weed-grinder-wholesale\/#breadcrumb\",\"itemListElement\":[{\"@type\":\"ListItem\",\"position\":1,\"name\":\"Home\",\"item\":\"https:\/\/global-hookah.com\/\"},{\"@type\":\"ListItem\",\"position\":2,\"name\":\"Shop\",\"item\":\"https:\/\/global-hookah.com\/shop\/\"},{\"@type\":\"ListItem\",\"position\":3,\"name\":\"2-Layers Plastic Weed Grinder Wholesale\"}]},{\"@type\":\"WebSite\",\"@id\":\"https:\/\/global-hookah.com\/#website\",\"url\":\"https:\/\/global-hookah.com\/\",\"name\":\"Global Hookah\",\"description\":\"Global Hookah\",\"publisher\":{\"@id\":\"https:\/\/global-hookah.com\/#organization\"},\"potentialAction\":[{\"@type\":\"SearchAction\",\"target\":{\"@type\":\"EntryPoint\",\"urlTemplate\":\"https:\/\/global-hookah.com\/?s={search_term_string}\"},\"query-input\":{\"@type\":\"PropertyValueSpecification\",\"valueRequired\":true,\"valueName\":\"search_term_string\"}}],\"inLanguage\":\"es\"},{\"@type\":\"Organization\",\"@id\":\"https:\/\/global-hookah.com\/#organization\",\"name\":\"Global Hookah\",\"url\":\"https:\/\/global-hookah.com\/\",\"logo\":{\"@type\":\"ImageObject\",\"inLanguage\":\"es\",\"@id\":\"https:\/\/global-hookah.com\/#\/schema\/logo\/image\/\",\"url\":\"https:\/\/global-hookah.com\/wp-content\/uploads\/2021\/10\/cropped-fgg.png\",\"contentUrl\":\"https:\/\/global-hookah.com\/wp-content\/uploads\/2021\/10\/cropped-fgg.png\",\"width\":512,\"height\":512,\"caption\":\"Global Hookah\"},\"image\":{\"@id\":\"https:\/\/global-hookah.com\/#\/schema\/logo\/image\/\"}}]}<\/script>\n<!-- \/ Yoast SEO Premium plugin. -->","yoast_head_json":{"title":"Grinder de hierba de pl\u00e1stico de 2 capas al por mayor - Global Hookah","robots":{"index":"index","follow":"follow","max-snippet":"max-snippet:-1","max-image-preview":"max-image-preview:large","max-video-preview":"max-video-preview:-1"},"canonical":"https:\/\/global-hookah.com\/es\/producto\/2-layers-plastic-weed-grinder-wholesale\/","og_locale":"es_ES","og_type":"article","og_title":"2-Layers Plastic Weed Grinder Wholesale","og_description":"Hign-concerned Chemical:&nbsp;None Model Number:&nbsp;Herb Grinder Technics:&nbsp;Lacquer Material:&nbsp;Acrylic Brand Name:&nbsp;MOONSHADE SMOKING Origin:&nbsp;Mainland China Condition:&nbsp;100% Brand New Item Type:&nbsp;Grinder Technics:&nbsp;Glossy Features: Name:Herb","og_url":"https:\/\/global-hookah.com\/es\/producto\/2-layers-plastic-weed-grinder-wholesale\/","og_site_name":"Global Hookah","article_modified_time":"2024-10-24T03:18:36+00:00","og_image":[{"width":1000,"height":1000,"url":"https:\/\/global-hookah.com\/wp-content\/uploads\/2024\/10\/kf-Saf02d23559d5457880585a2a82ffb929I-55MM-Tobacco-Grinder-for-Smoking-2-Layers-Manual-Degradable-Plastic-Material-Grass-Grinders-Smoke-Accessories-Kitchen.webp","type":"image\/webp"}],"twitter_card":"summary_large_image","twitter_misc":{"Tiempo de lectura":"1 minuto"},"schema":{"@context":"https:\/\/schema.org","@graph":[{"@type":"WebPage","@id":"https:\/\/global-hookah.com\/es\/producto\/2-layers-plastic-weed-grinder-wholesale\/","url":"https:\/\/global-hookah.com\/es\/producto\/2-layers-plastic-weed-grinder-wholesale\/","name":"Grinder de hierba de pl\u00e1stico de 2 capas al por mayor - Global Hookah","isPartOf":{"@id":"https:\/\/global-hookah.com\/#website"},"primaryImageOfPage":{"@id":"https:\/\/global-hookah.com\/es\/producto\/2-layers-plastic-weed-grinder-wholesale\/#primaryimage"},"image":{"@id":"https:\/\/global-hookah.com\/es\/producto\/2-layers-plastic-weed-grinder-wholesale\/#primaryimage"},"thumbnailUrl":"https:\/\/global-hookah.com\/wp-content\/uploads\/2024\/10\/kf-Saf02d23559d5457880585a2a82ffb929I-55MM-Tobacco-Grinder-for-Smoking-2-Layers-Manual-Degradable-Plastic-Material-Grass-Grinders-Smoke-Accessories-Kitchen.webp","datePublished":"2024-10-24T03:18:30+00:00","dateModified":"2024-10-24T03:18:36+00:00","breadcrumb":{"@id":"https:\/\/global-hookah.com\/es\/producto\/2-layers-plastic-weed-grinder-wholesale\/#breadcrumb"},"inLanguage":"es","potentialAction":[{"@type":"ReadAction","target":["https:\/\/global-hookah.com\/es\/producto\/2-layers-plastic-weed-grinder-wholesale\/"]}]},{"@type":"ImageObject","inLanguage":"es","@id":"https:\/\/global-hookah.com\/es\/producto\/2-layers-plastic-weed-grinder-wholesale\/#primaryimage","url":"https:\/\/global-hookah.com\/wp-content\/uploads\/2024\/10\/kf-Saf02d23559d5457880585a2a82ffb929I-55MM-Tobacco-Grinder-for-Smoking-2-Layers-Manual-Degradable-Plastic-Material-Grass-Grinders-Smoke-Accessories-Kitchen.webp","contentUrl":"https:\/\/global-hookah.com\/wp-content\/uploads\/2024\/10\/kf-Saf02d23559d5457880585a2a82ffb929I-55MM-Tobacco-Grinder-for-Smoking-2-Layers-Manual-Degradable-Plastic-Material-Grass-Grinders-Smoke-Accessories-Kitchen.webp","width":1000,"height":1000},{"@type":"BreadcrumbList","@id":"https:\/\/global-hookah.com\/es\/producto\/2-layers-plastic-weed-grinder-wholesale\/#breadcrumb","itemListElement":[{"@type":"ListItem","position":1,"name":"Home","item":"https:\/\/global-hookah.com\/"},{"@type":"ListItem","position":2,"name":"Shop","item":"https:\/\/global-hookah.com\/shop\/"},{"@type":"ListItem","position":3,"name":"2-Layers Plastic Weed Grinder Wholesale"}]},{"@type":"WebSite","@id":"https:\/\/global-hookah.com\/#website","url":"https:\/\/global-hookah.com\/","name":"Global Hookah","description":"Global Hookah","publisher":{"@id":"https:\/\/global-hookah.com\/#organization"},"potentialAction":[{"@type":"SearchAction","target":{"@type":"EntryPoint","urlTemplate":"https:\/\/global-hookah.com\/?s={search_term_string}"},"query-input":{"@type":"PropertyValueSpecification","valueRequired":true,"valueName":"search_term_string"}}],"inLanguage":"es"},{"@type":"Organization","@id":"https:\/\/global-hookah.com\/#organization","name":"Global Hookah","url":"https:\/\/global-hookah.com\/","logo":{"@type":"ImageObject","inLanguage":"es","@id":"https:\/\/global-hookah.com\/#\/schema\/logo\/image\/","url":"https:\/\/global-hookah.com\/wp-content\/uploads\/2021\/10\/cropped-fgg.png","contentUrl":"https:\/\/global-hookah.com\/wp-content\/uploads\/2021\/10\/cropped-fgg.png","width":512,"height":512,"caption":"Global Hookah"},"image":{"@id":"https:\/\/global-hookah.com\/#\/schema\/logo\/image\/"}}]}},"_links":{"self":[{"href":"https:\/\/global-hookah.com\/es\/wp-json\/wp\/v2\/product\/30906","targetHints":{"allow":["GET"]}}],"collection":[{"href":"https:\/\/global-hookah.com\/es\/wp-json\/wp\/v2\/product"}],"about":[{"href":"https:\/\/global-hookah.com\/es\/wp-json\/wp\/v2\/types\/product"}],"replies":[{"embeddable":true,"href":"https:\/\/global-hookah.com\/es\/wp-json\/wp\/v2\/comments?post=30906"}],"version-history":[{"count":0,"href":"https:\/\/global-hookah.com\/es\/wp-json\/wp\/v2\/product\/30906\/revisions"}],"wp:featuredmedia":[{"embeddable":true,"href":"https:\/\/global-hookah.com\/es\/wp-json\/wp\/v2\/media\/30907"}],"wp:attachment":[{"href":"https:\/\/global-hookah.com\/es\/wp-json\/wp\/v2\/media?parent=30906"}],"wp:term":[{"taxonomy":"product_brand","embeddable":true,"href":"https:\/\/global-hookah.com\/es\/wp-json\/wp\/v2\/product_brand?post=30906"},{"taxonomy":"product_cat","embeddable":true,"href":"https:\/\/global-hookah.com\/es\/wp-json\/wp\/v2\/product_cat?post=30906"},{"taxonomy":"product_tag","embeddable":true,"href":"https:\/\/global-hookah.com\/es\/wp-json\/wp\/v2\/product_tag?post=30906"}],"curies":[{"name":"wp","href":"https:\/\/api.w.org\/{rel}","templated":true}]}}