{"id":30942,"date":"2024-10-24T03:54:49","date_gmt":"2024-10-24T03:54:49","guid":{"rendered":"https:\/\/global-hookah.com\/product\/flower-mill-weed-grinder-with-customizable-logo\/"},"modified":"2024-10-26T01:04:53","modified_gmt":"2024-10-26T01:04:53","slug":"flower-mill-weed-grinder-with-customizable-logo","status":"publish","type":"product","link":"https:\/\/global-hookah.com\/es\/producto\/flower-mill-weed-grinder-with-customizable-logo\/","title":{"rendered":"Molino triturador de hierba con logotipo personalizable"},"content":{"rendered":"<div id=\"ds_div\" style=\"text-align: start;\" align=\"start\">\n<p>&nbsp;<\/p>\n<ul>\n<li>Color: Verde<\/li>\n<li>2,5\u2033 de di\u00e1metro x 1,8\u2033 de altura<\/li>\n<li>Material: Aluminio<\/li>\n<li>Dientes de diamante afilados como cuchillas<\/li>\n<li>Caja superior magn\u00e9tica<\/li>\n<li>Se puede personalizar: Se puede personalizar el logotipo<\/li>\n<li>Micro malla de acero <a href=\"https:\/\/global-hookah.com\/product\/4-layer-marijuana-grinder-with-screen-pollen-catcher-wholesale\/\">pantalla para filtrar el polen<\/a><\/li>\n<li>C\u00e1mara de polen separada<\/li>\n<li>Rascador de polen gratuito incluido<\/li>\n<li>Caja de regalo incluida<\/li>\n<li>Creo que se sorprender\u00e1 cuando vea esto <strong>Molino triturador de flores<\/strong>. El material de aleaci\u00f3n de aluminio de alta calidad no s\u00f3lo es ligero y duradero, sino tambi\u00e9n muy f\u00e1cil de imprimir el logotipo de su marca para promover su awareness.Those afilados dientes muelen sin esfuerzo cogollos pegajosos a la textura esponjosa perfecta. Me encanta especialmente el ajuste grueso que conserva la cantidad justa de gl\u00e1ndulas de resina para un sabor completo. La hierba nunca se pulveriza en un polvo como algunos grinders - s\u00f3lo uniformemente picada para quemaduras suaves,<strong> rectificadoras personalizadas<\/strong> se est\u00e1n popularizando poco a poco entre los j\u00f3venes aficionados al cannabis. Aunque ya tengo una docena de molinillos, no pude evitar comprar este molinillo de hierba Flower Mill de nuevo.La limpieza es a\u00fan m\u00e1s f\u00e1cil, Para este<strong> molinillo de flores<\/strong>El dise\u00f1o de desmontaje de un cuarto de vuelta le permite desmontarlo con facilidad simplemente gir\u00e1ndolo un cuarto de vuelta. Esto facilita el desmontaje y la limpieza. Recomendamos una limpieza a fondo de cada pieza con alcohol isoprop\u00edlico para eliminar cualquier residuo. He encontrado que un profundo <a href=\"https:\/\/global-hookah.com\/the-ultimate-hookah-cleaning-tutorial-how-to-keep-your-hookah-in-top-condition\/\">limpieza mensual mantiene<\/a> la amoladora parece nueva,\n<p>Si le interesa<strong> molinillo de flores<\/strong>Puede ponerse en contacto con nosotros para imprimir el logotipo de su marca y personalizar su propia marca de <a href=\"https:\/\/global-hookah.com\/product-category\/wholesale-grinder\/\">malas hierbas<\/a><br \/>\ntrituradora<\/li>\n<li><img decoding=\"async\" src=\"https:\/\/ae01.alicdn.com\/kf\/Af272acd4d6a64f9190f1b4e10c03fca3l.jpg\" \/><\/li>\n<\/ul>\n<div id=\"ds_div\" style=\"text-align: start;\" align=\"start\">\n<div>\n<div><\/div>\n<\/div>\n<\/div>\n<\/div>\n<p>&nbsp;<\/p>","protected":false},"excerpt":{"rendered":"<p>&nbsp; Color: Verde 2.5\u2033 di\u00e1metro x 1.8\u2033 altura Material: Aluminio Afilad\u00edsimos dientes de diamante Carcasa superior magn\u00e9tica Puede ser<\/p>","protected":false},"featured_media":30943,"comment_status":"closed","ping_status":"closed","template":"","meta":{"iawp_total_views":0,"_joinchat":[]},"product_brand":[],"product_cat":[894,770],"product_tag":[],"class_list":{"0":"post-30942","1":"product","2":"type-product","3":"status-publish","4":"has-post-thumbnail","6":"product_cat-4-piece-grinder-wholesale","7":"product_cat-wholesale-grinder","9":"first","10":"instock","11":"shipping-taxable","12":"product-type-external"},"yoast_head":"<!-- This site is optimized with the Yoast SEO Premium plugin v24.7 (Yoast SEO v26.8) - https:\/\/yoast.com\/product\/yoast-seo-premium-wordpress\/ -->\n<title>Flower Mill Weed Grinder With Customizable Logo - Global Hookah<\/title>\n<meta name=\"robots\" content=\"index, follow, max-snippet:-1, max-image-preview:large, max-video-preview:-1\" \/>\n<link rel=\"canonical\" href=\"https:\/\/global-hookah.com\/es\/producto\/flower-mill-weed-grinder-with-customizable-logo\/\" \/>\n<meta property=\"og:locale\" content=\"es_ES\" \/>\n<meta property=\"og:type\" content=\"article\" \/>\n<meta property=\"og:title\" content=\"Flower Mill Weed Grinder With Customizable Logo\" \/>\n<meta property=\"og:description\" content=\"&nbsp; Color: Green 2.5&#8243; diameter x 1.8&#8243; height Material: Aluminum Razor sharp diamond teeth Magnetic Top Enclosure Can it be\" \/>\n<meta property=\"og:url\" content=\"https:\/\/global-hookah.com\/es\/producto\/flower-mill-weed-grinder-with-customizable-logo\/\" \/>\n<meta property=\"og:site_name\" content=\"Global Hookah\" \/>\n<meta property=\"article:modified_time\" content=\"2024-10-26T01:04:53+00:00\" \/>\n<meta property=\"og:image\" content=\"https:\/\/global-hookah.com\/wp-content\/uploads\/2024\/10\/kf-A39e27f3d3bf3492e938fe3459918b7d3T-Viking-Axe-2-5-Herb-Spice-Crusher-Smoke-Tobacco-Aluminum-Grinder-Large-Storage-W-Gift-Box-scaled.webp\" \/>\n\t<meta property=\"og:image:width\" content=\"2385\" \/>\n\t<meta property=\"og:image:height\" content=\"2560\" \/>\n\t<meta property=\"og:image:type\" content=\"image\/webp\" \/>\n<meta name=\"twitter:card\" content=\"summary_large_image\" \/>\n<meta name=\"twitter:label1\" content=\"Tiempo de lectura\" \/>\n\t<meta name=\"twitter:data1\" content=\"1 minuto\" \/>\n<script type=\"application\/ld+json\" class=\"yoast-schema-graph\">{\"@context\":\"https:\/\/schema.org\",\"@graph\":[{\"@type\":\"WebPage\",\"@id\":\"https:\/\/global-hookah.com\/product\/flower-mill-weed-grinder-with-customizable-logo\/\",\"url\":\"https:\/\/global-hookah.com\/product\/flower-mill-weed-grinder-with-customizable-logo\/\",\"name\":\"Flower Mill Weed Grinder With Customizable Logo - Global Hookah\",\"isPartOf\":{\"@id\":\"https:\/\/global-hookah.com\/#website\"},\"primaryImageOfPage\":{\"@id\":\"https:\/\/global-hookah.com\/product\/flower-mill-weed-grinder-with-customizable-logo\/#primaryimage\"},\"image\":{\"@id\":\"https:\/\/global-hookah.com\/product\/flower-mill-weed-grinder-with-customizable-logo\/#primaryimage\"},\"thumbnailUrl\":\"https:\/\/global-hookah.com\/wp-content\/uploads\/2024\/10\/kf-A39e27f3d3bf3492e938fe3459918b7d3T-Viking-Axe-2-5-Herb-Spice-Crusher-Smoke-Tobacco-Aluminum-Grinder-Large-Storage-W-Gift-Box-scaled.webp\",\"datePublished\":\"2024-10-24T03:54:49+00:00\",\"dateModified\":\"2024-10-26T01:04:53+00:00\",\"breadcrumb\":{\"@id\":\"https:\/\/global-hookah.com\/product\/flower-mill-weed-grinder-with-customizable-logo\/#breadcrumb\"},\"inLanguage\":\"es\",\"potentialAction\":[{\"@type\":\"ReadAction\",\"target\":[\"https:\/\/global-hookah.com\/product\/flower-mill-weed-grinder-with-customizable-logo\/\"]}]},{\"@type\":\"ImageObject\",\"inLanguage\":\"es\",\"@id\":\"https:\/\/global-hookah.com\/product\/flower-mill-weed-grinder-with-customizable-logo\/#primaryimage\",\"url\":\"https:\/\/global-hookah.com\/wp-content\/uploads\/2024\/10\/kf-A39e27f3d3bf3492e938fe3459918b7d3T-Viking-Axe-2-5-Herb-Spice-Crusher-Smoke-Tobacco-Aluminum-Grinder-Large-Storage-W-Gift-Box-scaled.webp\",\"contentUrl\":\"https:\/\/global-hookah.com\/wp-content\/uploads\/2024\/10\/kf-A39e27f3d3bf3492e938fe3459918b7d3T-Viking-Axe-2-5-Herb-Spice-Crusher-Smoke-Tobacco-Aluminum-Grinder-Large-Storage-W-Gift-Box-scaled.webp\",\"width\":2385,\"height\":2560,\"caption\":\"Flower Mill Weed Grinder With Customizable Logo\"},{\"@type\":\"BreadcrumbList\",\"@id\":\"https:\/\/global-hookah.com\/product\/flower-mill-weed-grinder-with-customizable-logo\/#breadcrumb\",\"itemListElement\":[{\"@type\":\"ListItem\",\"position\":1,\"name\":\"Home\",\"item\":\"https:\/\/global-hookah.com\/\"},{\"@type\":\"ListItem\",\"position\":2,\"name\":\"Shop\",\"item\":\"https:\/\/global-hookah.com\/shop\/\"},{\"@type\":\"ListItem\",\"position\":3,\"name\":\"Flower Mill Weed Grinder With Customizable Logo\"}]},{\"@type\":\"WebSite\",\"@id\":\"https:\/\/global-hookah.com\/#website\",\"url\":\"https:\/\/global-hookah.com\/\",\"name\":\"Global Hookah\",\"description\":\"Global Hookah\",\"publisher\":{\"@id\":\"https:\/\/global-hookah.com\/#organization\"},\"potentialAction\":[{\"@type\":\"SearchAction\",\"target\":{\"@type\":\"EntryPoint\",\"urlTemplate\":\"https:\/\/global-hookah.com\/?s={search_term_string}\"},\"query-input\":{\"@type\":\"PropertyValueSpecification\",\"valueRequired\":true,\"valueName\":\"search_term_string\"}}],\"inLanguage\":\"es\"},{\"@type\":\"Organization\",\"@id\":\"https:\/\/global-hookah.com\/#organization\",\"name\":\"Global Hookah\",\"url\":\"https:\/\/global-hookah.com\/\",\"logo\":{\"@type\":\"ImageObject\",\"inLanguage\":\"es\",\"@id\":\"https:\/\/global-hookah.com\/#\/schema\/logo\/image\/\",\"url\":\"https:\/\/global-hookah.com\/wp-content\/uploads\/2021\/10\/cropped-fgg.png\",\"contentUrl\":\"https:\/\/global-hookah.com\/wp-content\/uploads\/2021\/10\/cropped-fgg.png\",\"width\":512,\"height\":512,\"caption\":\"Global Hookah\"},\"image\":{\"@id\":\"https:\/\/global-hookah.com\/#\/schema\/logo\/image\/\"}}]}<\/script>\n<!-- \/ Yoast SEO Premium plugin. -->","yoast_head_json":{"title":"Molinillo de flores para hierba con logotipo personalizable - Global Hookah","robots":{"index":"index","follow":"follow","max-snippet":"max-snippet:-1","max-image-preview":"max-image-preview:large","max-video-preview":"max-video-preview:-1"},"canonical":"https:\/\/global-hookah.com\/es\/producto\/flower-mill-weed-grinder-with-customizable-logo\/","og_locale":"es_ES","og_type":"article","og_title":"Flower Mill Weed Grinder With Customizable Logo","og_description":"&nbsp; Color: Green 2.5&#8243; diameter x 1.8&#8243; height Material: Aluminum Razor sharp diamond teeth Magnetic Top Enclosure Can it be","og_url":"https:\/\/global-hookah.com\/es\/producto\/flower-mill-weed-grinder-with-customizable-logo\/","og_site_name":"Global Hookah","article_modified_time":"2024-10-26T01:04:53+00:00","og_image":[{"width":2385,"height":2560,"url":"https:\/\/global-hookah.com\/wp-content\/uploads\/2024\/10\/kf-A39e27f3d3bf3492e938fe3459918b7d3T-Viking-Axe-2-5-Herb-Spice-Crusher-Smoke-Tobacco-Aluminum-Grinder-Large-Storage-W-Gift-Box-scaled.webp","type":"image\/webp"}],"twitter_card":"summary_large_image","twitter_misc":{"Tiempo de lectura":"1 minuto"},"schema":{"@context":"https:\/\/schema.org","@graph":[{"@type":"WebPage","@id":"https:\/\/global-hookah.com\/product\/flower-mill-weed-grinder-with-customizable-logo\/","url":"https:\/\/global-hookah.com\/product\/flower-mill-weed-grinder-with-customizable-logo\/","name":"Molinillo de flores para hierba con logotipo personalizable - Global Hookah","isPartOf":{"@id":"https:\/\/global-hookah.com\/#website"},"primaryImageOfPage":{"@id":"https:\/\/global-hookah.com\/product\/flower-mill-weed-grinder-with-customizable-logo\/#primaryimage"},"image":{"@id":"https:\/\/global-hookah.com\/product\/flower-mill-weed-grinder-with-customizable-logo\/#primaryimage"},"thumbnailUrl":"https:\/\/global-hookah.com\/wp-content\/uploads\/2024\/10\/kf-A39e27f3d3bf3492e938fe3459918b7d3T-Viking-Axe-2-5-Herb-Spice-Crusher-Smoke-Tobacco-Aluminum-Grinder-Large-Storage-W-Gift-Box-scaled.webp","datePublished":"2024-10-24T03:54:49+00:00","dateModified":"2024-10-26T01:04:53+00:00","breadcrumb":{"@id":"https:\/\/global-hookah.com\/product\/flower-mill-weed-grinder-with-customizable-logo\/#breadcrumb"},"inLanguage":"es","potentialAction":[{"@type":"ReadAction","target":["https:\/\/global-hookah.com\/product\/flower-mill-weed-grinder-with-customizable-logo\/"]}]},{"@type":"ImageObject","inLanguage":"es","@id":"https:\/\/global-hookah.com\/product\/flower-mill-weed-grinder-with-customizable-logo\/#primaryimage","url":"https:\/\/global-hookah.com\/wp-content\/uploads\/2024\/10\/kf-A39e27f3d3bf3492e938fe3459918b7d3T-Viking-Axe-2-5-Herb-Spice-Crusher-Smoke-Tobacco-Aluminum-Grinder-Large-Storage-W-Gift-Box-scaled.webp","contentUrl":"https:\/\/global-hookah.com\/wp-content\/uploads\/2024\/10\/kf-A39e27f3d3bf3492e938fe3459918b7d3T-Viking-Axe-2-5-Herb-Spice-Crusher-Smoke-Tobacco-Aluminum-Grinder-Large-Storage-W-Gift-Box-scaled.webp","width":2385,"height":2560,"caption":"Flower Mill Weed Grinder With Customizable Logo"},{"@type":"BreadcrumbList","@id":"https:\/\/global-hookah.com\/product\/flower-mill-weed-grinder-with-customizable-logo\/#breadcrumb","itemListElement":[{"@type":"ListItem","position":1,"name":"Home","item":"https:\/\/global-hookah.com\/"},{"@type":"ListItem","position":2,"name":"Shop","item":"https:\/\/global-hookah.com\/shop\/"},{"@type":"ListItem","position":3,"name":"Flower Mill Weed Grinder With Customizable Logo"}]},{"@type":"WebSite","@id":"https:\/\/global-hookah.com\/#website","url":"https:\/\/global-hookah.com\/","name":"Global Hookah","description":"Global Hookah","publisher":{"@id":"https:\/\/global-hookah.com\/#organization"},"potentialAction":[{"@type":"SearchAction","target":{"@type":"EntryPoint","urlTemplate":"https:\/\/global-hookah.com\/?s={search_term_string}"},"query-input":{"@type":"PropertyValueSpecification","valueRequired":true,"valueName":"search_term_string"}}],"inLanguage":"es"},{"@type":"Organization","@id":"https:\/\/global-hookah.com\/#organization","name":"Global Hookah","url":"https:\/\/global-hookah.com\/","logo":{"@type":"ImageObject","inLanguage":"es","@id":"https:\/\/global-hookah.com\/#\/schema\/logo\/image\/","url":"https:\/\/global-hookah.com\/wp-content\/uploads\/2021\/10\/cropped-fgg.png","contentUrl":"https:\/\/global-hookah.com\/wp-content\/uploads\/2021\/10\/cropped-fgg.png","width":512,"height":512,"caption":"Global Hookah"},"image":{"@id":"https:\/\/global-hookah.com\/#\/schema\/logo\/image\/"}}]}},"_links":{"self":[{"href":"https:\/\/global-hookah.com\/es\/wp-json\/wp\/v2\/product\/30942","targetHints":{"allow":["GET"]}}],"collection":[{"href":"https:\/\/global-hookah.com\/es\/wp-json\/wp\/v2\/product"}],"about":[{"href":"https:\/\/global-hookah.com\/es\/wp-json\/wp\/v2\/types\/product"}],"replies":[{"embeddable":true,"href":"https:\/\/global-hookah.com\/es\/wp-json\/wp\/v2\/comments?post=30942"}],"version-history":[{"count":0,"href":"https:\/\/global-hookah.com\/es\/wp-json\/wp\/v2\/product\/30942\/revisions"}],"wp:featuredmedia":[{"embeddable":true,"href":"https:\/\/global-hookah.com\/es\/wp-json\/wp\/v2\/media\/30943"}],"wp:attachment":[{"href":"https:\/\/global-hookah.com\/es\/wp-json\/wp\/v2\/media?parent=30942"}],"wp:term":[{"taxonomy":"product_brand","embeddable":true,"href":"https:\/\/global-hookah.com\/es\/wp-json\/wp\/v2\/product_brand?post=30942"},{"taxonomy":"product_cat","embeddable":true,"href":"https:\/\/global-hookah.com\/es\/wp-json\/wp\/v2\/product_cat?post=30942"},{"taxonomy":"product_tag","embeddable":true,"href":"https:\/\/global-hookah.com\/es\/wp-json\/wp\/v2\/product_tag?post=30942"}],"curies":[{"name":"wp","href":"https:\/\/api.w.org\/{rel}","templated":true}]}}