{"id":30971,"date":"2024-10-24T05:15:18","date_gmt":"2024-10-24T05:15:18","guid":{"rendered":"https:\/\/global-hookah.com\/product\/cute-cat-shaped-weed-grinder-wholesale\/"},"modified":"2024-10-24T05:20:47","modified_gmt":"2024-10-24T05:20:47","slug":"cute-cat-shaped-weed-grinder-wholesale","status":"publish","type":"product","link":"https:\/\/global-hookah.com\/es\/producto\/cute-cat-shaped-weed-grinder-wholesale\/","title":{"rendered":"Molinillo de hierba con forma de gato al por mayor"},"content":{"rendered":"<p><strong>Especificaciones del producto<\/strong>:<\/p>\n<div style=\"font-family: Arial; font-size: large; font-weight: 400; letter-spacing: normal; text-align: start;\" align=\"start\">\n<ul style=\"font-size: 18.6667px;\">\n<li>Calidad: 1<\/li>\n<li>Color: Dorado<\/li>\n<li>Tipo: <a href=\"https:\/\/global-hookah.com\/product-category\/wholesale-grinder\/metal-grinder-wholesale\/\">Molinillo de humo<\/a><\/li>\n<li>1,5\u2033 di\u00e1metro (Interior)x 4\u2033 altura<\/li>\n<li>Material: Aleaci\u00f3n de zinc de alta calidad y pl\u00e1stico<\/li>\n<li>Diamante afilado Dientes planos<\/li>\n<li>Caja superior magn\u00e9tica<\/li>\n<li>Malla de acero para filtrar el polen<\/li>\n<li>C\u00e1mara de polen separada<\/li>\n<\/ul>\n<div id=\"ds_div\" style=\"text-align: start;\" align=\"start\">\n<div><strong>Comentarios:<\/strong><\/div>\n<div>\n<ul>\n<li>El servicio al cliente es nuestra prioridad, su satisfacci\u00f3n es nuestro objetivo.<\/li>\n<li>Si usted est\u00e1 satisfecho con la experiencia de compra y el producto que ha recibido, por favor considere dejarnos un comentario positivo. Se lo agradeceremos.<\/li>\n<li>Por supuesto, las cosas no siempre salen seg\u00fan lo planeado. Si, por alguna raz\u00f3n, usted no est\u00e1 satisfecho con su compra o experiencia, por favor p\u00f3ngase en contacto con nosotros antes de dejar comentarios y haremos todo lo posible para hacer las cosas bien.<\/li>\n<\/ul>\n<\/div>\n<div>\n<p class=\"MsoNormal\" style=\"line-height: normal;\"><strong><span style=\"font-size: 13.5pt;\">Env\u00edo:<\/span><\/strong><\/p>\n<ul>\n<li class=\"MsoNormal\" style=\"line-height: normal;\"><span style=\"font-size: 13.5pt;\">Los pedidos se env\u00edan en un plazo de 1 a 2 d\u00edas laborables, aunque nuestro objetivo es que se env\u00eden el mismo d\u00eda o al d\u00eda siguiente de recibir el pago.<\/span><\/li>\n<li class=\"MsoNormal\" style=\"line-height: normal;\"><span style=\"font-size: 13.5pt;\">El env\u00edo se realiza en nuestro horario comercial (de lunes a viernes, de 10.00 a 17.00, excepto festivos). Esto significa que los pedidos realizados fuera del horario comercial, durante el fin de semana o en d\u00edas festivos se enviar\u00e1n el siguiente d\u00eda laborable.<\/span><\/li>\n<li class=\"MsoNormal\" style=\"line-height: normal;\"><span style=\"font-size: 13.5pt;\">Para los pedidos con env\u00edo gratuito nos reservamos el derecho de utilizar cualquier transportista que consideremos apropiado.<\/span><\/li>\n<\/ul>\n<div><\/div>\n<\/div>\n<\/div>\n<\/div>\n<p>&nbsp;<\/p>","protected":false},"excerpt":{"rendered":"<p>Especificaciones del producto: Calidad: 1 Color: Oro Tipo: Molinillo de humo 1,5\u2033 de di\u00e1metro (Interior)x 4\u2033 de altura Material: Aleaci\u00f3n de zinc de alto grado y pl\u00e1stico<\/p>","protected":false},"featured_media":30972,"comment_status":"closed","ping_status":"closed","template":"","meta":{"iawp_total_views":0,"_joinchat":[]},"product_brand":[],"product_cat":[770],"product_tag":[],"class_list":{"0":"post-30971","1":"product","2":"type-product","3":"status-publish","4":"has-post-thumbnail","6":"product_cat-wholesale-grinder","8":"first","9":"instock","10":"shipping-taxable","11":"product-type-external"},"yoast_head":"<!-- This site is optimized with the Yoast SEO Premium plugin v24.7 (Yoast SEO v26.8) - https:\/\/yoast.com\/product\/yoast-seo-premium-wordpress\/ -->\n<title>Cute Cat Shaped Weed Grinder Wholesale - Global Hookah<\/title>\n<meta name=\"robots\" content=\"index, follow, max-snippet:-1, max-image-preview:large, max-video-preview:-1\" \/>\n<link rel=\"canonical\" href=\"https:\/\/global-hookah.com\/es\/producto\/cute-cat-shaped-weed-grinder-wholesale\/\" \/>\n<meta property=\"og:locale\" content=\"es_ES\" \/>\n<meta property=\"og:type\" content=\"article\" \/>\n<meta property=\"og:title\" content=\"Cute Cat Shaped Weed Grinder Wholesale\" \/>\n<meta property=\"og:description\" content=\"Product Specifications: Quality: 1 Color: Gold Type: Smoke grinder 1.5&#8243; diameter (Inner)x 4&#8243; height Material:\u00a0High Grade Zinc Alloy and Plastic\" \/>\n<meta property=\"og:url\" content=\"https:\/\/global-hookah.com\/es\/producto\/cute-cat-shaped-weed-grinder-wholesale\/\" \/>\n<meta property=\"og:site_name\" content=\"Global Hookah\" \/>\n<meta property=\"article:modified_time\" content=\"2024-10-24T05:20:47+00:00\" \/>\n<meta property=\"og:image\" content=\"https:\/\/global-hookah.com\/wp-content\/uploads\/2024\/10\/kf-A1a5e3efd7ac44171815fa3d87beb9d4a8.webp\" \/>\n\t<meta property=\"og:image:width\" content=\"1000\" \/>\n\t<meta property=\"og:image:height\" content=\"1000\" \/>\n\t<meta property=\"og:image:type\" content=\"image\/webp\" \/>\n<meta name=\"twitter:card\" content=\"summary_large_image\" \/>\n<meta name=\"twitter:label1\" content=\"Tiempo de lectura\" \/>\n\t<meta name=\"twitter:data1\" content=\"1 minuto\" \/>\n<script type=\"application\/ld+json\" class=\"yoast-schema-graph\">{\"@context\":\"https:\/\/schema.org\",\"@graph\":[{\"@type\":\"WebPage\",\"@id\":\"https:\/\/global-hookah.com\/product\/cute-cat-shaped-weed-grinder-wholesale\/\",\"url\":\"https:\/\/global-hookah.com\/product\/cute-cat-shaped-weed-grinder-wholesale\/\",\"name\":\"Cute Cat Shaped Weed Grinder Wholesale - Global Hookah\",\"isPartOf\":{\"@id\":\"https:\/\/global-hookah.com\/#website\"},\"primaryImageOfPage\":{\"@id\":\"https:\/\/global-hookah.com\/product\/cute-cat-shaped-weed-grinder-wholesale\/#primaryimage\"},\"image\":{\"@id\":\"https:\/\/global-hookah.com\/product\/cute-cat-shaped-weed-grinder-wholesale\/#primaryimage\"},\"thumbnailUrl\":\"https:\/\/global-hookah.com\/wp-content\/uploads\/2024\/10\/kf-A1a5e3efd7ac44171815fa3d87beb9d4a8.webp\",\"datePublished\":\"2024-10-24T05:15:18+00:00\",\"dateModified\":\"2024-10-24T05:20:47+00:00\",\"breadcrumb\":{\"@id\":\"https:\/\/global-hookah.com\/product\/cute-cat-shaped-weed-grinder-wholesale\/#breadcrumb\"},\"inLanguage\":\"es\",\"potentialAction\":[{\"@type\":\"ReadAction\",\"target\":[\"https:\/\/global-hookah.com\/product\/cute-cat-shaped-weed-grinder-wholesale\/\"]}]},{\"@type\":\"ImageObject\",\"inLanguage\":\"es\",\"@id\":\"https:\/\/global-hookah.com\/product\/cute-cat-shaped-weed-grinder-wholesale\/#primaryimage\",\"url\":\"https:\/\/global-hookah.com\/wp-content\/uploads\/2024\/10\/kf-A1a5e3efd7ac44171815fa3d87beb9d4a8.webp\",\"contentUrl\":\"https:\/\/global-hookah.com\/wp-content\/uploads\/2024\/10\/kf-A1a5e3efd7ac44171815fa3d87beb9d4a8.webp\",\"width\":1000,\"height\":1000,\"caption\":\"Cute Cat Shaped Weed Grinder Wholesale\"},{\"@type\":\"BreadcrumbList\",\"@id\":\"https:\/\/global-hookah.com\/product\/cute-cat-shaped-weed-grinder-wholesale\/#breadcrumb\",\"itemListElement\":[{\"@type\":\"ListItem\",\"position\":1,\"name\":\"Home\",\"item\":\"https:\/\/global-hookah.com\/\"},{\"@type\":\"ListItem\",\"position\":2,\"name\":\"Shop\",\"item\":\"https:\/\/global-hookah.com\/shop\/\"},{\"@type\":\"ListItem\",\"position\":3,\"name\":\"Cute Cat Shaped Weed Grinder Wholesale\"}]},{\"@type\":\"WebSite\",\"@id\":\"https:\/\/global-hookah.com\/#website\",\"url\":\"https:\/\/global-hookah.com\/\",\"name\":\"Global Hookah\",\"description\":\"Global Hookah\",\"publisher\":{\"@id\":\"https:\/\/global-hookah.com\/#organization\"},\"potentialAction\":[{\"@type\":\"SearchAction\",\"target\":{\"@type\":\"EntryPoint\",\"urlTemplate\":\"https:\/\/global-hookah.com\/?s={search_term_string}\"},\"query-input\":{\"@type\":\"PropertyValueSpecification\",\"valueRequired\":true,\"valueName\":\"search_term_string\"}}],\"inLanguage\":\"es\"},{\"@type\":\"Organization\",\"@id\":\"https:\/\/global-hookah.com\/#organization\",\"name\":\"Global Hookah\",\"url\":\"https:\/\/global-hookah.com\/\",\"logo\":{\"@type\":\"ImageObject\",\"inLanguage\":\"es\",\"@id\":\"https:\/\/global-hookah.com\/#\/schema\/logo\/image\/\",\"url\":\"https:\/\/global-hookah.com\/wp-content\/uploads\/2021\/10\/cropped-fgg.png\",\"contentUrl\":\"https:\/\/global-hookah.com\/wp-content\/uploads\/2021\/10\/cropped-fgg.png\",\"width\":512,\"height\":512,\"caption\":\"Global Hookah\"},\"image\":{\"@id\":\"https:\/\/global-hookah.com\/#\/schema\/logo\/image\/\"}}]}<\/script>\n<!-- \/ Yoast SEO Premium plugin. -->","yoast_head_json":{"title":"Grinder de hierba con forma de gato al por mayor - Global Hookah","robots":{"index":"index","follow":"follow","max-snippet":"max-snippet:-1","max-image-preview":"max-image-preview:large","max-video-preview":"max-video-preview:-1"},"canonical":"https:\/\/global-hookah.com\/es\/producto\/cute-cat-shaped-weed-grinder-wholesale\/","og_locale":"es_ES","og_type":"article","og_title":"Cute Cat Shaped Weed Grinder Wholesale","og_description":"Product Specifications: Quality: 1 Color: Gold Type: Smoke grinder 1.5&#8243; diameter (Inner)x 4&#8243; height Material:\u00a0High Grade Zinc Alloy and Plastic","og_url":"https:\/\/global-hookah.com\/es\/producto\/cute-cat-shaped-weed-grinder-wholesale\/","og_site_name":"Global Hookah","article_modified_time":"2024-10-24T05:20:47+00:00","og_image":[{"width":1000,"height":1000,"url":"https:\/\/global-hookah.com\/wp-content\/uploads\/2024\/10\/kf-A1a5e3efd7ac44171815fa3d87beb9d4a8.webp","type":"image\/webp"}],"twitter_card":"summary_large_image","twitter_misc":{"Tiempo de lectura":"1 minuto"},"schema":{"@context":"https:\/\/schema.org","@graph":[{"@type":"WebPage","@id":"https:\/\/global-hookah.com\/product\/cute-cat-shaped-weed-grinder-wholesale\/","url":"https:\/\/global-hookah.com\/product\/cute-cat-shaped-weed-grinder-wholesale\/","name":"Grinder de hierba con forma de gato al por mayor - Global Hookah","isPartOf":{"@id":"https:\/\/global-hookah.com\/#website"},"primaryImageOfPage":{"@id":"https:\/\/global-hookah.com\/product\/cute-cat-shaped-weed-grinder-wholesale\/#primaryimage"},"image":{"@id":"https:\/\/global-hookah.com\/product\/cute-cat-shaped-weed-grinder-wholesale\/#primaryimage"},"thumbnailUrl":"https:\/\/global-hookah.com\/wp-content\/uploads\/2024\/10\/kf-A1a5e3efd7ac44171815fa3d87beb9d4a8.webp","datePublished":"2024-10-24T05:15:18+00:00","dateModified":"2024-10-24T05:20:47+00:00","breadcrumb":{"@id":"https:\/\/global-hookah.com\/product\/cute-cat-shaped-weed-grinder-wholesale\/#breadcrumb"},"inLanguage":"es","potentialAction":[{"@type":"ReadAction","target":["https:\/\/global-hookah.com\/product\/cute-cat-shaped-weed-grinder-wholesale\/"]}]},{"@type":"ImageObject","inLanguage":"es","@id":"https:\/\/global-hookah.com\/product\/cute-cat-shaped-weed-grinder-wholesale\/#primaryimage","url":"https:\/\/global-hookah.com\/wp-content\/uploads\/2024\/10\/kf-A1a5e3efd7ac44171815fa3d87beb9d4a8.webp","contentUrl":"https:\/\/global-hookah.com\/wp-content\/uploads\/2024\/10\/kf-A1a5e3efd7ac44171815fa3d87beb9d4a8.webp","width":1000,"height":1000,"caption":"Cute Cat Shaped Weed Grinder Wholesale"},{"@type":"BreadcrumbList","@id":"https:\/\/global-hookah.com\/product\/cute-cat-shaped-weed-grinder-wholesale\/#breadcrumb","itemListElement":[{"@type":"ListItem","position":1,"name":"Home","item":"https:\/\/global-hookah.com\/"},{"@type":"ListItem","position":2,"name":"Shop","item":"https:\/\/global-hookah.com\/shop\/"},{"@type":"ListItem","position":3,"name":"Cute Cat Shaped Weed Grinder Wholesale"}]},{"@type":"WebSite","@id":"https:\/\/global-hookah.com\/#website","url":"https:\/\/global-hookah.com\/","name":"Global Hookah","description":"Global Hookah","publisher":{"@id":"https:\/\/global-hookah.com\/#organization"},"potentialAction":[{"@type":"SearchAction","target":{"@type":"EntryPoint","urlTemplate":"https:\/\/global-hookah.com\/?s={search_term_string}"},"query-input":{"@type":"PropertyValueSpecification","valueRequired":true,"valueName":"search_term_string"}}],"inLanguage":"es"},{"@type":"Organization","@id":"https:\/\/global-hookah.com\/#organization","name":"Global Hookah","url":"https:\/\/global-hookah.com\/","logo":{"@type":"ImageObject","inLanguage":"es","@id":"https:\/\/global-hookah.com\/#\/schema\/logo\/image\/","url":"https:\/\/global-hookah.com\/wp-content\/uploads\/2021\/10\/cropped-fgg.png","contentUrl":"https:\/\/global-hookah.com\/wp-content\/uploads\/2021\/10\/cropped-fgg.png","width":512,"height":512,"caption":"Global Hookah"},"image":{"@id":"https:\/\/global-hookah.com\/#\/schema\/logo\/image\/"}}]}},"_links":{"self":[{"href":"https:\/\/global-hookah.com\/es\/wp-json\/wp\/v2\/product\/30971","targetHints":{"allow":["GET"]}}],"collection":[{"href":"https:\/\/global-hookah.com\/es\/wp-json\/wp\/v2\/product"}],"about":[{"href":"https:\/\/global-hookah.com\/es\/wp-json\/wp\/v2\/types\/product"}],"replies":[{"embeddable":true,"href":"https:\/\/global-hookah.com\/es\/wp-json\/wp\/v2\/comments?post=30971"}],"version-history":[{"count":0,"href":"https:\/\/global-hookah.com\/es\/wp-json\/wp\/v2\/product\/30971\/revisions"}],"wp:featuredmedia":[{"embeddable":true,"href":"https:\/\/global-hookah.com\/es\/wp-json\/wp\/v2\/media\/30972"}],"wp:attachment":[{"href":"https:\/\/global-hookah.com\/es\/wp-json\/wp\/v2\/media?parent=30971"}],"wp:term":[{"taxonomy":"product_brand","embeddable":true,"href":"https:\/\/global-hookah.com\/es\/wp-json\/wp\/v2\/product_brand?post=30971"},{"taxonomy":"product_cat","embeddable":true,"href":"https:\/\/global-hookah.com\/es\/wp-json\/wp\/v2\/product_cat?post=30971"},{"taxonomy":"product_tag","embeddable":true,"href":"https:\/\/global-hookah.com\/es\/wp-json\/wp\/v2\/product_tag?post=30971"}],"curies":[{"name":"wp","href":"https:\/\/api.w.org\/{rel}","templated":true}]}}