{"id":30998,"date":"2024-10-26T01:34:50","date_gmt":"2024-10-26T01:34:50","guid":{"rendered":"https:\/\/global-hookah.com\/?post_type=product&#038;p=30998"},"modified":"2024-10-26T01:49:32","modified_gmt":"2024-10-26T01:49:32","slug":"golden-quick-lighting-hookah-charcoal-wholesale","status":"publish","type":"product","link":"https:\/\/global-hookah.com\/es\/producto\/golden-quick-lighting-hookah-charcoal-wholesale\/","title":{"rendered":"Carb\u00f3n para narguile dorado de encendido r\u00e1pido de 22 mm al por mayor"},"content":{"rendered":"<ul>\n<li><strong>Nombre<\/strong>: 22MM <a href=\"https:\/\/global-hookah.com\/product-category\/hookah-charcoal-wholesale\/\">Carb\u00f3n para narguile<\/a> C\u00e1scara de coco<\/li>\n<li><strong>Material<\/strong>: C\u00e1scara de coco<\/li>\n<li><strong>Tiempo de grabaci\u00f3n<\/strong>60-120 minutos<\/li>\n<li><strong>Talla<\/strong>: Di\u00e1metro 22 mm<\/li>\n<li><strong>Peso<\/strong>: Aproximadamente 10,7 gramos<\/li>\n<li><strong>Embalaje<\/strong>96 unidades por caja, 18 cajas por cart\u00f3n<\/li>\n<li><strong>Aplicaciones<\/strong>: Barbacoa, narguile, calefacci\u00f3n, etc.<\/li>\n<li><strong>Caracter\u00edsticas<\/strong>:\n<ul>\n<li>Largo tiempo de combusti\u00f3n<\/li>\n<li>Ceniza blanca, bajo residuo<\/li>\n<\/ul>\n<\/li>\n<\/ul>\n<p>Nuestra empresa est\u00e1 especializada en la producci\u00f3n de carb\u00f3n para narguile, con un volumen de ventas anual superior a las 30.000 toneladas. Adhiri\u00e9ndonos a la filosof\u00eda empresarial de \"cooperaci\u00f3n basada en la integridad y en la que todos ganan\", hemos establecido asociaciones estables y a largo plazo con numerosas empresas de todo el pa\u00eds. Nuestros productos han participado en ferias internacionales como el Foro Mundial de la Industria Halal, exposiciones de los EAU y la Feria de Cant\u00f3n. Exportamos a m\u00e1s de 60 pa\u00edses y regiones, incluida Asia.<\/p>","protected":false},"excerpt":{"rendered":"<p>Nombre: 22MM Hookah Carb\u00f3n de Concha de Coco Material: C\u00e1scara de coco Tiempo de combusti\u00f3n: 60-120 minutos Tama\u00f1o: Di\u00e1metro 22mm Peso: Aproximadamente 10,7 gramos<\/p>","protected":false},"featured_media":31002,"comment_status":"closed","ping_status":"closed","template":"","meta":{"iawp_total_views":3,"_joinchat":[]},"product_brand":[],"product_cat":[994],"product_tag":[],"class_list":{"0":"post-30998","1":"product","2":"type-product","3":"status-publish","4":"has-post-thumbnail","6":"product_cat-hookah-charcoal-wholesale","8":"first","9":"instock","10":"shipping-taxable","11":"product-type-simple"},"yoast_head":"<!-- This site is optimized with the Yoast SEO Premium plugin v24.7 (Yoast SEO v26.8) - https:\/\/yoast.com\/product\/yoast-seo-premium-wordpress\/ -->\n<title>22 mm Golden Quick-Lighting Hookah Charcoal Wholesale - Global Hookah<\/title>\n<meta name=\"robots\" content=\"index, follow, max-snippet:-1, max-image-preview:large, max-video-preview:-1\" \/>\n<link rel=\"canonical\" href=\"https:\/\/global-hookah.com\/es\/producto\/golden-quick-lighting-hookah-charcoal-wholesale\/\" \/>\n<meta property=\"og:locale\" content=\"es_ES\" \/>\n<meta property=\"og:type\" content=\"article\" \/>\n<meta property=\"og:title\" content=\"22 mm Golden Quick-Lighting Hookah Charcoal Wholesale\" \/>\n<meta property=\"og:description\" content=\"Name: 22MM Hookah Charcoal Coconut Shell Material: Coconut Shell Burn Time: 60-120 minutes Size: Diameter 22mm Weight: Approximately 10.7 grams\" \/>\n<meta property=\"og:url\" content=\"https:\/\/global-hookah.com\/es\/producto\/golden-quick-lighting-hookah-charcoal-wholesale\/\" \/>\n<meta property=\"og:site_name\" content=\"Global Hookah\" \/>\n<meta property=\"article:modified_time\" content=\"2024-10-26T01:49:32+00:00\" \/>\n<meta property=\"og:image\" content=\"https:\/\/global-hookah.com\/wp-content\/uploads\/2024\/10\/cde31e139b9b5bc1e3adbe76f7702d5.jpg\" \/>\n\t<meta property=\"og:image:width\" content=\"800\" \/>\n\t<meta property=\"og:image:height\" content=\"800\" \/>\n\t<meta property=\"og:image:type\" content=\"image\/jpeg\" \/>\n<meta name=\"twitter:card\" content=\"summary_large_image\" \/>\n<meta name=\"twitter:label1\" content=\"Tiempo de lectura\" \/>\n\t<meta name=\"twitter:data1\" content=\"1 minuto\" \/>\n<script type=\"application\/ld+json\" class=\"yoast-schema-graph\">{\"@context\":\"https:\/\/schema.org\",\"@graph\":[{\"@type\":\"WebPage\",\"@id\":\"https:\/\/global-hookah.com\/product\/golden-quick-lighting-hookah-charcoal-wholesale\/\",\"url\":\"https:\/\/global-hookah.com\/product\/golden-quick-lighting-hookah-charcoal-wholesale\/\",\"name\":\"22 mm Golden Quick-Lighting Hookah Charcoal Wholesale - Global Hookah\",\"isPartOf\":{\"@id\":\"https:\/\/global-hookah.com\/#website\"},\"primaryImageOfPage\":{\"@id\":\"https:\/\/global-hookah.com\/product\/golden-quick-lighting-hookah-charcoal-wholesale\/#primaryimage\"},\"image\":{\"@id\":\"https:\/\/global-hookah.com\/product\/golden-quick-lighting-hookah-charcoal-wholesale\/#primaryimage\"},\"thumbnailUrl\":\"https:\/\/global-hookah.com\/wp-content\/uploads\/2024\/10\/cde31e139b9b5bc1e3adbe76f7702d5.jpg\",\"datePublished\":\"2024-10-26T01:34:50+00:00\",\"dateModified\":\"2024-10-26T01:49:32+00:00\",\"breadcrumb\":{\"@id\":\"https:\/\/global-hookah.com\/product\/golden-quick-lighting-hookah-charcoal-wholesale\/#breadcrumb\"},\"inLanguage\":\"es\",\"potentialAction\":[{\"@type\":\"ReadAction\",\"target\":[\"https:\/\/global-hookah.com\/product\/golden-quick-lighting-hookah-charcoal-wholesale\/\"]}]},{\"@type\":\"ImageObject\",\"inLanguage\":\"es\",\"@id\":\"https:\/\/global-hookah.com\/product\/golden-quick-lighting-hookah-charcoal-wholesale\/#primaryimage\",\"url\":\"https:\/\/global-hookah.com\/wp-content\/uploads\/2024\/10\/cde31e139b9b5bc1e3adbe76f7702d5.jpg\",\"contentUrl\":\"https:\/\/global-hookah.com\/wp-content\/uploads\/2024\/10\/cde31e139b9b5bc1e3adbe76f7702d5.jpg\",\"width\":800,\"height\":800,\"caption\":\"22 mm Golden Quick-Lighting Hookah Charcoal Wholesale\"},{\"@type\":\"BreadcrumbList\",\"@id\":\"https:\/\/global-hookah.com\/product\/golden-quick-lighting-hookah-charcoal-wholesale\/#breadcrumb\",\"itemListElement\":[{\"@type\":\"ListItem\",\"position\":1,\"name\":\"Home\",\"item\":\"https:\/\/global-hookah.com\/\"},{\"@type\":\"ListItem\",\"position\":2,\"name\":\"Shop\",\"item\":\"https:\/\/global-hookah.com\/shop\/\"},{\"@type\":\"ListItem\",\"position\":3,\"name\":\"22 mm Golden Quick-Lighting Hookah Charcoal Wholesale\"}]},{\"@type\":\"WebSite\",\"@id\":\"https:\/\/global-hookah.com\/#website\",\"url\":\"https:\/\/global-hookah.com\/\",\"name\":\"Global Hookah\",\"description\":\"Global Hookah\",\"publisher\":{\"@id\":\"https:\/\/global-hookah.com\/#organization\"},\"potentialAction\":[{\"@type\":\"SearchAction\",\"target\":{\"@type\":\"EntryPoint\",\"urlTemplate\":\"https:\/\/global-hookah.com\/?s={search_term_string}\"},\"query-input\":{\"@type\":\"PropertyValueSpecification\",\"valueRequired\":true,\"valueName\":\"search_term_string\"}}],\"inLanguage\":\"es\"},{\"@type\":\"Organization\",\"@id\":\"https:\/\/global-hookah.com\/#organization\",\"name\":\"Global Hookah\",\"url\":\"https:\/\/global-hookah.com\/\",\"logo\":{\"@type\":\"ImageObject\",\"inLanguage\":\"es\",\"@id\":\"https:\/\/global-hookah.com\/#\/schema\/logo\/image\/\",\"url\":\"https:\/\/global-hookah.com\/wp-content\/uploads\/2021\/10\/cropped-fgg.png\",\"contentUrl\":\"https:\/\/global-hookah.com\/wp-content\/uploads\/2021\/10\/cropped-fgg.png\",\"width\":512,\"height\":512,\"caption\":\"Global Hookah\"},\"image\":{\"@id\":\"https:\/\/global-hookah.com\/#\/schema\/logo\/image\/\"}}]}<\/script>\n<!-- \/ Yoast SEO Premium plugin. -->","yoast_head_json":{"title":"22 mm Golden Quick-Lighting Hookah Carb\u00f3n al por mayor - Global Hookah","robots":{"index":"index","follow":"follow","max-snippet":"max-snippet:-1","max-image-preview":"max-image-preview:large","max-video-preview":"max-video-preview:-1"},"canonical":"https:\/\/global-hookah.com\/es\/producto\/golden-quick-lighting-hookah-charcoal-wholesale\/","og_locale":"es_ES","og_type":"article","og_title":"22 mm Golden Quick-Lighting Hookah Charcoal Wholesale","og_description":"Name: 22MM Hookah Charcoal Coconut Shell Material: Coconut Shell Burn Time: 60-120 minutes Size: Diameter 22mm Weight: Approximately 10.7 grams","og_url":"https:\/\/global-hookah.com\/es\/producto\/golden-quick-lighting-hookah-charcoal-wholesale\/","og_site_name":"Global Hookah","article_modified_time":"2024-10-26T01:49:32+00:00","og_image":[{"width":800,"height":800,"url":"https:\/\/global-hookah.com\/wp-content\/uploads\/2024\/10\/cde31e139b9b5bc1e3adbe76f7702d5.jpg","type":"image\/jpeg"}],"twitter_card":"summary_large_image","twitter_misc":{"Tiempo de lectura":"1 minuto"},"schema":{"@context":"https:\/\/schema.org","@graph":[{"@type":"WebPage","@id":"https:\/\/global-hookah.com\/product\/golden-quick-lighting-hookah-charcoal-wholesale\/","url":"https:\/\/global-hookah.com\/product\/golden-quick-lighting-hookah-charcoal-wholesale\/","name":"22 mm Golden Quick-Lighting Hookah Carb\u00f3n al por mayor - Global Hookah","isPartOf":{"@id":"https:\/\/global-hookah.com\/#website"},"primaryImageOfPage":{"@id":"https:\/\/global-hookah.com\/product\/golden-quick-lighting-hookah-charcoal-wholesale\/#primaryimage"},"image":{"@id":"https:\/\/global-hookah.com\/product\/golden-quick-lighting-hookah-charcoal-wholesale\/#primaryimage"},"thumbnailUrl":"https:\/\/global-hookah.com\/wp-content\/uploads\/2024\/10\/cde31e139b9b5bc1e3adbe76f7702d5.jpg","datePublished":"2024-10-26T01:34:50+00:00","dateModified":"2024-10-26T01:49:32+00:00","breadcrumb":{"@id":"https:\/\/global-hookah.com\/product\/golden-quick-lighting-hookah-charcoal-wholesale\/#breadcrumb"},"inLanguage":"es","potentialAction":[{"@type":"ReadAction","target":["https:\/\/global-hookah.com\/product\/golden-quick-lighting-hookah-charcoal-wholesale\/"]}]},{"@type":"ImageObject","inLanguage":"es","@id":"https:\/\/global-hookah.com\/product\/golden-quick-lighting-hookah-charcoal-wholesale\/#primaryimage","url":"https:\/\/global-hookah.com\/wp-content\/uploads\/2024\/10\/cde31e139b9b5bc1e3adbe76f7702d5.jpg","contentUrl":"https:\/\/global-hookah.com\/wp-content\/uploads\/2024\/10\/cde31e139b9b5bc1e3adbe76f7702d5.jpg","width":800,"height":800,"caption":"22 mm Golden Quick-Lighting Hookah Charcoal Wholesale"},{"@type":"BreadcrumbList","@id":"https:\/\/global-hookah.com\/product\/golden-quick-lighting-hookah-charcoal-wholesale\/#breadcrumb","itemListElement":[{"@type":"ListItem","position":1,"name":"Home","item":"https:\/\/global-hookah.com\/"},{"@type":"ListItem","position":2,"name":"Shop","item":"https:\/\/global-hookah.com\/shop\/"},{"@type":"ListItem","position":3,"name":"22 mm Golden Quick-Lighting Hookah Charcoal Wholesale"}]},{"@type":"WebSite","@id":"https:\/\/global-hookah.com\/#website","url":"https:\/\/global-hookah.com\/","name":"Global Hookah","description":"Global Hookah","publisher":{"@id":"https:\/\/global-hookah.com\/#organization"},"potentialAction":[{"@type":"SearchAction","target":{"@type":"EntryPoint","urlTemplate":"https:\/\/global-hookah.com\/?s={search_term_string}"},"query-input":{"@type":"PropertyValueSpecification","valueRequired":true,"valueName":"search_term_string"}}],"inLanguage":"es"},{"@type":"Organization","@id":"https:\/\/global-hookah.com\/#organization","name":"Global Hookah","url":"https:\/\/global-hookah.com\/","logo":{"@type":"ImageObject","inLanguage":"es","@id":"https:\/\/global-hookah.com\/#\/schema\/logo\/image\/","url":"https:\/\/global-hookah.com\/wp-content\/uploads\/2021\/10\/cropped-fgg.png","contentUrl":"https:\/\/global-hookah.com\/wp-content\/uploads\/2021\/10\/cropped-fgg.png","width":512,"height":512,"caption":"Global Hookah"},"image":{"@id":"https:\/\/global-hookah.com\/#\/schema\/logo\/image\/"}}]}},"_links":{"self":[{"href":"https:\/\/global-hookah.com\/es\/wp-json\/wp\/v2\/product\/30998","targetHints":{"allow":["GET"]}}],"collection":[{"href":"https:\/\/global-hookah.com\/es\/wp-json\/wp\/v2\/product"}],"about":[{"href":"https:\/\/global-hookah.com\/es\/wp-json\/wp\/v2\/types\/product"}],"replies":[{"embeddable":true,"href":"https:\/\/global-hookah.com\/es\/wp-json\/wp\/v2\/comments?post=30998"}],"version-history":[{"count":0,"href":"https:\/\/global-hookah.com\/es\/wp-json\/wp\/v2\/product\/30998\/revisions"}],"wp:featuredmedia":[{"embeddable":true,"href":"https:\/\/global-hookah.com\/es\/wp-json\/wp\/v2\/media\/31002"}],"wp:attachment":[{"href":"https:\/\/global-hookah.com\/es\/wp-json\/wp\/v2\/media?parent=30998"}],"wp:term":[{"taxonomy":"product_brand","embeddable":true,"href":"https:\/\/global-hookah.com\/es\/wp-json\/wp\/v2\/product_brand?post=30998"},{"taxonomy":"product_cat","embeddable":true,"href":"https:\/\/global-hookah.com\/es\/wp-json\/wp\/v2\/product_cat?post=30998"},{"taxonomy":"product_tag","embeddable":true,"href":"https:\/\/global-hookah.com\/es\/wp-json\/wp\/v2\/product_tag?post=30998"}],"curies":[{"name":"wp","href":"https:\/\/api.w.org\/{rel}","templated":true}]}}