{"id":31007,"date":"2024-10-26T01:54:44","date_gmt":"2024-10-26T01:54:44","guid":{"rendered":"https:\/\/global-hookah.com\/?post_type=product&#038;p=31007"},"modified":"2024-10-26T01:56:57","modified_gmt":"2024-10-26T01:56:57","slug":"33-mm-hookah-charcoal-cubes-wholesale","status":"publish","type":"product","link":"https:\/\/global-hookah.com\/es\/producto\/33-mm-hookah-charcoal-cubes-wholesale\/","title":{"rendered":"33 MM Hookah Cubos de carb\u00f3n al por mayor"},"content":{"rendered":"<ul>\n<li><strong>Nombre<\/strong>: 33mm <a href=\"https:\/\/global-hookah.com\/product-category\/hookah-charcoal-wholesale\/\">Carb\u00f3n para narguile<\/a><\/li>\n<li><strong>Material<\/strong>: Carb\u00f3n vegetal<\/li>\n<li><strong>Tiempo de grabaci\u00f3n<\/strong>60-70 minutos<\/li>\n<li><strong>Talla<\/strong>: Di\u00e1metro 33 mm, grosor 16 mm<\/li>\n<li><strong>Peso<\/strong>: Aproximadamente 10,6 gramos<\/li>\n<li><strong>Embalaje<\/strong>: 10 piezas por rollo, 10 rollos por caja, 24 cajas por cart\u00f3n<\/li>\n<li><strong>Aplicaciones<\/strong>: Barbacoa, narguile, calefacci\u00f3n, etc.<\/li>\n<li><strong>Caracter\u00edsticas<\/strong>:\n<ul>\n<li>Largo tiempo de combusti\u00f3n<\/li>\n<li>Temperatura de hasta 605 grados<\/li>\n<\/ul>\n<\/li>\n<\/ul>","protected":false},"excerpt":{"rendered":"<p>Nombre: 33mm Hookah Carb\u00f3n vegetal Material: Carb\u00f3n de madera de frutas Tiempo de combusti\u00f3n: 60-70 minutos Tama\u00f1o: Di\u00e1metro 33mm, Grosor 16mm Peso: Aproximadamente 10,6 gramos<\/p>","protected":false},"featured_media":31010,"comment_status":"closed","ping_status":"closed","template":"","meta":{"iawp_total_views":2,"_joinchat":[]},"product_brand":[],"product_cat":[994],"product_tag":[],"class_list":{"0":"post-31007","1":"product","2":"type-product","3":"status-publish","4":"has-post-thumbnail","6":"product_cat-hookah-charcoal-wholesale","8":"first","9":"instock","10":"shipping-taxable","11":"product-type-external"},"yoast_head":"<!-- This site is optimized with the Yoast SEO Premium plugin v24.7 (Yoast SEO v26.8) - https:\/\/yoast.com\/product\/yoast-seo-premium-wordpress\/ -->\n<title>33 MM Hookah Charcoal Cubes Wholesale - Global Hookah<\/title>\n<meta name=\"robots\" content=\"index, follow, max-snippet:-1, max-image-preview:large, max-video-preview:-1\" \/>\n<link rel=\"canonical\" href=\"https:\/\/global-hookah.com\/es\/producto\/33-mm-hookah-charcoal-cubes-wholesale\/\" \/>\n<meta property=\"og:locale\" content=\"es_ES\" \/>\n<meta property=\"og:type\" content=\"article\" \/>\n<meta property=\"og:title\" content=\"33 MM Hookah Charcoal Cubes Wholesale\" \/>\n<meta property=\"og:description\" content=\"Name: 33mm Hookah Charcoal Material: Fruitwood Charcoal Burn Time: 60-70 minutes Size: Diameter 33mm, Thickness 16mm Weight: Approximately 10.6 grams\" \/>\n<meta property=\"og:url\" content=\"https:\/\/global-hookah.com\/es\/producto\/33-mm-hookah-charcoal-cubes-wholesale\/\" \/>\n<meta property=\"og:site_name\" content=\"Global Hookah\" \/>\n<meta property=\"article:modified_time\" content=\"2024-10-26T01:56:57+00:00\" \/>\n<meta property=\"og:image\" content=\"https:\/\/global-hookah.com\/wp-content\/uploads\/2024\/10\/d58281bd70908a12b7b38eceafe8fe1.jpg\" \/>\n\t<meta property=\"og:image:width\" content=\"800\" \/>\n\t<meta property=\"og:image:height\" content=\"800\" \/>\n\t<meta property=\"og:image:type\" content=\"image\/jpeg\" \/>\n<meta name=\"twitter:card\" content=\"summary_large_image\" \/>\n<script type=\"application\/ld+json\" class=\"yoast-schema-graph\">{\"@context\":\"https:\/\/schema.org\",\"@graph\":[{\"@type\":\"WebPage\",\"@id\":\"https:\/\/global-hookah.com\/product\/33-mm-hookah-charcoal-cubes-wholesale\/\",\"url\":\"https:\/\/global-hookah.com\/product\/33-mm-hookah-charcoal-cubes-wholesale\/\",\"name\":\"33 MM Hookah Charcoal Cubes Wholesale - Global Hookah\",\"isPartOf\":{\"@id\":\"https:\/\/global-hookah.com\/#website\"},\"primaryImageOfPage\":{\"@id\":\"https:\/\/global-hookah.com\/product\/33-mm-hookah-charcoal-cubes-wholesale\/#primaryimage\"},\"image\":{\"@id\":\"https:\/\/global-hookah.com\/product\/33-mm-hookah-charcoal-cubes-wholesale\/#primaryimage\"},\"thumbnailUrl\":\"https:\/\/global-hookah.com\/wp-content\/uploads\/2024\/10\/d58281bd70908a12b7b38eceafe8fe1.jpg\",\"datePublished\":\"2024-10-26T01:54:44+00:00\",\"dateModified\":\"2024-10-26T01:56:57+00:00\",\"breadcrumb\":{\"@id\":\"https:\/\/global-hookah.com\/product\/33-mm-hookah-charcoal-cubes-wholesale\/#breadcrumb\"},\"inLanguage\":\"es\",\"potentialAction\":[{\"@type\":\"ReadAction\",\"target\":[\"https:\/\/global-hookah.com\/product\/33-mm-hookah-charcoal-cubes-wholesale\/\"]}]},{\"@type\":\"ImageObject\",\"inLanguage\":\"es\",\"@id\":\"https:\/\/global-hookah.com\/product\/33-mm-hookah-charcoal-cubes-wholesale\/#primaryimage\",\"url\":\"https:\/\/global-hookah.com\/wp-content\/uploads\/2024\/10\/d58281bd70908a12b7b38eceafe8fe1.jpg\",\"contentUrl\":\"https:\/\/global-hookah.com\/wp-content\/uploads\/2024\/10\/d58281bd70908a12b7b38eceafe8fe1.jpg\",\"width\":800,\"height\":800},{\"@type\":\"BreadcrumbList\",\"@id\":\"https:\/\/global-hookah.com\/product\/33-mm-hookah-charcoal-cubes-wholesale\/#breadcrumb\",\"itemListElement\":[{\"@type\":\"ListItem\",\"position\":1,\"name\":\"Home\",\"item\":\"https:\/\/global-hookah.com\/\"},{\"@type\":\"ListItem\",\"position\":2,\"name\":\"Shop\",\"item\":\"https:\/\/global-hookah.com\/shop\/\"},{\"@type\":\"ListItem\",\"position\":3,\"name\":\"33 MM Hookah Charcoal Cubes Wholesale\"}]},{\"@type\":\"WebSite\",\"@id\":\"https:\/\/global-hookah.com\/#website\",\"url\":\"https:\/\/global-hookah.com\/\",\"name\":\"Global Hookah\",\"description\":\"Global Hookah\",\"publisher\":{\"@id\":\"https:\/\/global-hookah.com\/#organization\"},\"potentialAction\":[{\"@type\":\"SearchAction\",\"target\":{\"@type\":\"EntryPoint\",\"urlTemplate\":\"https:\/\/global-hookah.com\/?s={search_term_string}\"},\"query-input\":{\"@type\":\"PropertyValueSpecification\",\"valueRequired\":true,\"valueName\":\"search_term_string\"}}],\"inLanguage\":\"es\"},{\"@type\":\"Organization\",\"@id\":\"https:\/\/global-hookah.com\/#organization\",\"name\":\"Global Hookah\",\"url\":\"https:\/\/global-hookah.com\/\",\"logo\":{\"@type\":\"ImageObject\",\"inLanguage\":\"es\",\"@id\":\"https:\/\/global-hookah.com\/#\/schema\/logo\/image\/\",\"url\":\"https:\/\/global-hookah.com\/wp-content\/uploads\/2021\/10\/cropped-fgg.png\",\"contentUrl\":\"https:\/\/global-hookah.com\/wp-content\/uploads\/2021\/10\/cropped-fgg.png\",\"width\":512,\"height\":512,\"caption\":\"Global Hookah\"},\"image\":{\"@id\":\"https:\/\/global-hookah.com\/#\/schema\/logo\/image\/\"}}]}<\/script>\n<!-- \/ Yoast SEO Premium plugin. -->","yoast_head_json":{"title":"33 MM Hookah Carb\u00f3n Cubos al por mayor - Global Hookah","robots":{"index":"index","follow":"follow","max-snippet":"max-snippet:-1","max-image-preview":"max-image-preview:large","max-video-preview":"max-video-preview:-1"},"canonical":"https:\/\/global-hookah.com\/es\/producto\/33-mm-hookah-charcoal-cubes-wholesale\/","og_locale":"es_ES","og_type":"article","og_title":"33 MM Hookah Charcoal Cubes Wholesale","og_description":"Name: 33mm Hookah Charcoal Material: Fruitwood Charcoal Burn Time: 60-70 minutes Size: Diameter 33mm, Thickness 16mm Weight: Approximately 10.6 grams","og_url":"https:\/\/global-hookah.com\/es\/producto\/33-mm-hookah-charcoal-cubes-wholesale\/","og_site_name":"Global Hookah","article_modified_time":"2024-10-26T01:56:57+00:00","og_image":[{"width":800,"height":800,"url":"https:\/\/global-hookah.com\/wp-content\/uploads\/2024\/10\/d58281bd70908a12b7b38eceafe8fe1.jpg","type":"image\/jpeg"}],"twitter_card":"summary_large_image","schema":{"@context":"https:\/\/schema.org","@graph":[{"@type":"WebPage","@id":"https:\/\/global-hookah.com\/product\/33-mm-hookah-charcoal-cubes-wholesale\/","url":"https:\/\/global-hookah.com\/product\/33-mm-hookah-charcoal-cubes-wholesale\/","name":"33 MM Hookah Carb\u00f3n Cubos al por mayor - Global Hookah","isPartOf":{"@id":"https:\/\/global-hookah.com\/#website"},"primaryImageOfPage":{"@id":"https:\/\/global-hookah.com\/product\/33-mm-hookah-charcoal-cubes-wholesale\/#primaryimage"},"image":{"@id":"https:\/\/global-hookah.com\/product\/33-mm-hookah-charcoal-cubes-wholesale\/#primaryimage"},"thumbnailUrl":"https:\/\/global-hookah.com\/wp-content\/uploads\/2024\/10\/d58281bd70908a12b7b38eceafe8fe1.jpg","datePublished":"2024-10-26T01:54:44+00:00","dateModified":"2024-10-26T01:56:57+00:00","breadcrumb":{"@id":"https:\/\/global-hookah.com\/product\/33-mm-hookah-charcoal-cubes-wholesale\/#breadcrumb"},"inLanguage":"es","potentialAction":[{"@type":"ReadAction","target":["https:\/\/global-hookah.com\/product\/33-mm-hookah-charcoal-cubes-wholesale\/"]}]},{"@type":"ImageObject","inLanguage":"es","@id":"https:\/\/global-hookah.com\/product\/33-mm-hookah-charcoal-cubes-wholesale\/#primaryimage","url":"https:\/\/global-hookah.com\/wp-content\/uploads\/2024\/10\/d58281bd70908a12b7b38eceafe8fe1.jpg","contentUrl":"https:\/\/global-hookah.com\/wp-content\/uploads\/2024\/10\/d58281bd70908a12b7b38eceafe8fe1.jpg","width":800,"height":800},{"@type":"BreadcrumbList","@id":"https:\/\/global-hookah.com\/product\/33-mm-hookah-charcoal-cubes-wholesale\/#breadcrumb","itemListElement":[{"@type":"ListItem","position":1,"name":"Home","item":"https:\/\/global-hookah.com\/"},{"@type":"ListItem","position":2,"name":"Shop","item":"https:\/\/global-hookah.com\/shop\/"},{"@type":"ListItem","position":3,"name":"33 MM Hookah Charcoal Cubes Wholesale"}]},{"@type":"WebSite","@id":"https:\/\/global-hookah.com\/#website","url":"https:\/\/global-hookah.com\/","name":"Global Hookah","description":"Global Hookah","publisher":{"@id":"https:\/\/global-hookah.com\/#organization"},"potentialAction":[{"@type":"SearchAction","target":{"@type":"EntryPoint","urlTemplate":"https:\/\/global-hookah.com\/?s={search_term_string}"},"query-input":{"@type":"PropertyValueSpecification","valueRequired":true,"valueName":"search_term_string"}}],"inLanguage":"es"},{"@type":"Organization","@id":"https:\/\/global-hookah.com\/#organization","name":"Global Hookah","url":"https:\/\/global-hookah.com\/","logo":{"@type":"ImageObject","inLanguage":"es","@id":"https:\/\/global-hookah.com\/#\/schema\/logo\/image\/","url":"https:\/\/global-hookah.com\/wp-content\/uploads\/2021\/10\/cropped-fgg.png","contentUrl":"https:\/\/global-hookah.com\/wp-content\/uploads\/2021\/10\/cropped-fgg.png","width":512,"height":512,"caption":"Global Hookah"},"image":{"@id":"https:\/\/global-hookah.com\/#\/schema\/logo\/image\/"}}]}},"_links":{"self":[{"href":"https:\/\/global-hookah.com\/es\/wp-json\/wp\/v2\/product\/31007","targetHints":{"allow":["GET"]}}],"collection":[{"href":"https:\/\/global-hookah.com\/es\/wp-json\/wp\/v2\/product"}],"about":[{"href":"https:\/\/global-hookah.com\/es\/wp-json\/wp\/v2\/types\/product"}],"replies":[{"embeddable":true,"href":"https:\/\/global-hookah.com\/es\/wp-json\/wp\/v2\/comments?post=31007"}],"version-history":[{"count":0,"href":"https:\/\/global-hookah.com\/es\/wp-json\/wp\/v2\/product\/31007\/revisions"}],"wp:featuredmedia":[{"embeddable":true,"href":"https:\/\/global-hookah.com\/es\/wp-json\/wp\/v2\/media\/31010"}],"wp:attachment":[{"href":"https:\/\/global-hookah.com\/es\/wp-json\/wp\/v2\/media?parent=31007"}],"wp:term":[{"taxonomy":"product_brand","embeddable":true,"href":"https:\/\/global-hookah.com\/es\/wp-json\/wp\/v2\/product_brand?post=31007"},{"taxonomy":"product_cat","embeddable":true,"href":"https:\/\/global-hookah.com\/es\/wp-json\/wp\/v2\/product_cat?post=31007"},{"taxonomy":"product_tag","embeddable":true,"href":"https:\/\/global-hookah.com\/es\/wp-json\/wp\/v2\/product_tag?post=31007"}],"curies":[{"name":"wp","href":"https:\/\/api.w.org\/{rel}","templated":true}]}}