{"id":31019,"date":"2024-10-26T02:08:15","date_gmt":"2024-10-26T02:08:15","guid":{"rendered":"https:\/\/global-hookah.com\/?post_type=product&#038;p=31019"},"modified":"2024-10-26T02:10:43","modified_gmt":"2024-10-26T02:10:43","slug":"22-mm-coconut-charcoal-hookah-wholesale","status":"publish","type":"product","link":"https:\/\/global-hookah.com\/es\/producto\/22-mm-coconut-charcoal-hookah-wholesale\/","title":{"rendered":"Hookah de carb\u00f3n de coco de 22 MM al por mayor"},"content":{"rendered":"<p>Tama\u00f1o: 22x22x22mm, 96 piezas por caja<br \/>\nContenido de carbono fijo: 85%-89%<br \/>\nContenido de humedad: 2%<br \/>\nContenido de ceniza: 3%<br \/>\nPoder calor\u00edfico: 7000 kcal\/kg<br \/>\nEmbalaje: 18 cajas por cart\u00f3n<br \/>\nPlataformas de venta: eBay, Amazon, Wish, AliExpress, sitios web independientes, Lazada, etc.<br \/>\nMercados principales: \u00c1frica, Europa, Sudam\u00e9rica, Sudeste Asi\u00e1tico, Norteam\u00e9rica, Noreste Asi\u00e1tico, Oriente Medio, etc.<\/p>\n<p>Marca: Otros<br \/>\nCaracter\u00edsticas del producto<br \/>\nFabricado con c\u00e1scara de coco indonesio de alta calidad.<br \/>\nProcesado mediante trituraci\u00f3n, mezcla y secado.<br \/>\nEncendido r\u00e1pido, alto calor, larga duraci\u00f3n.<\/p>","protected":false},"excerpt":{"rendered":"<p>Tama\u00f1o: 22x22x22mm, 96 piezas por caja Contenido de Carbono Fijo: 85%-89% Contenido de humedad: 2% Contenido en cenizas: 3% Poder calor\u00edfico: 7000 kcal\/kg<\/p>","protected":false},"featured_media":31021,"comment_status":"closed","ping_status":"closed","template":"","meta":{"iawp_total_views":0,"_joinchat":[]},"product_brand":[],"product_cat":[994],"product_tag":[],"class_list":{"0":"post-31019","1":"product","2":"type-product","3":"status-publish","4":"has-post-thumbnail","6":"product_cat-hookah-charcoal-wholesale","8":"first","9":"instock","10":"shipping-taxable","11":"product-type-external"},"yoast_head":"<!-- This site is optimized with the Yoast SEO Premium plugin v24.7 (Yoast SEO v26.8) - https:\/\/yoast.com\/product\/yoast-seo-premium-wordpress\/ -->\n<title>22 MM Coconut Charcoal Hookah Wholesale - Global Hookah<\/title>\n<meta name=\"robots\" content=\"index, follow, max-snippet:-1, max-image-preview:large, max-video-preview:-1\" \/>\n<link rel=\"canonical\" href=\"https:\/\/global-hookah.com\/es\/producto\/22-mm-coconut-charcoal-hookah-wholesale\/\" \/>\n<meta property=\"og:locale\" content=\"es_ES\" \/>\n<meta property=\"og:type\" content=\"article\" \/>\n<meta property=\"og:title\" content=\"22 MM Coconut Charcoal Hookah Wholesale\" \/>\n<meta property=\"og:description\" content=\"Size: 22x22x22mm, 96 pieces per box Fixed Carbon Content: 85%-89% Moisture Content: 2% Ash Content: 3% Calorific Value: 7000 kcal\/kg\" \/>\n<meta property=\"og:url\" content=\"https:\/\/global-hookah.com\/es\/producto\/22-mm-coconut-charcoal-hookah-wholesale\/\" \/>\n<meta property=\"og:site_name\" content=\"Global Hookah\" \/>\n<meta property=\"article:modified_time\" content=\"2024-10-26T02:10:43+00:00\" \/>\n<meta property=\"og:image\" content=\"https:\/\/global-hookah.com\/wp-content\/uploads\/2024\/10\/5a42c2d72e2229be023ee031186fe54.jpg\" \/>\n\t<meta property=\"og:image:width\" content=\"750\" \/>\n\t<meta property=\"og:image:height\" content=\"750\" \/>\n\t<meta property=\"og:image:type\" content=\"image\/jpeg\" \/>\n<meta name=\"twitter:card\" content=\"summary_large_image\" \/>\n<script type=\"application\/ld+json\" class=\"yoast-schema-graph\">{\"@context\":\"https:\/\/schema.org\",\"@graph\":[{\"@type\":\"WebPage\",\"@id\":\"https:\/\/global-hookah.com\/product\/22-mm-coconut-charcoal-hookah-wholesale\/\",\"url\":\"https:\/\/global-hookah.com\/product\/22-mm-coconut-charcoal-hookah-wholesale\/\",\"name\":\"22 MM Coconut Charcoal Hookah Wholesale - Global Hookah\",\"isPartOf\":{\"@id\":\"https:\/\/global-hookah.com\/#website\"},\"primaryImageOfPage\":{\"@id\":\"https:\/\/global-hookah.com\/product\/22-mm-coconut-charcoal-hookah-wholesale\/#primaryimage\"},\"image\":{\"@id\":\"https:\/\/global-hookah.com\/product\/22-mm-coconut-charcoal-hookah-wholesale\/#primaryimage\"},\"thumbnailUrl\":\"https:\/\/global-hookah.com\/wp-content\/uploads\/2024\/10\/5a42c2d72e2229be023ee031186fe54.jpg\",\"datePublished\":\"2024-10-26T02:08:15+00:00\",\"dateModified\":\"2024-10-26T02:10:43+00:00\",\"breadcrumb\":{\"@id\":\"https:\/\/global-hookah.com\/product\/22-mm-coconut-charcoal-hookah-wholesale\/#breadcrumb\"},\"inLanguage\":\"es\",\"potentialAction\":[{\"@type\":\"ReadAction\",\"target\":[\"https:\/\/global-hookah.com\/product\/22-mm-coconut-charcoal-hookah-wholesale\/\"]}]},{\"@type\":\"ImageObject\",\"inLanguage\":\"es\",\"@id\":\"https:\/\/global-hookah.com\/product\/22-mm-coconut-charcoal-hookah-wholesale\/#primaryimage\",\"url\":\"https:\/\/global-hookah.com\/wp-content\/uploads\/2024\/10\/5a42c2d72e2229be023ee031186fe54.jpg\",\"contentUrl\":\"https:\/\/global-hookah.com\/wp-content\/uploads\/2024\/10\/5a42c2d72e2229be023ee031186fe54.jpg\",\"width\":750,\"height\":750,\"caption\":\"22 MM Coconut Charcoal Hookah Wholesale\"},{\"@type\":\"BreadcrumbList\",\"@id\":\"https:\/\/global-hookah.com\/product\/22-mm-coconut-charcoal-hookah-wholesale\/#breadcrumb\",\"itemListElement\":[{\"@type\":\"ListItem\",\"position\":1,\"name\":\"Home\",\"item\":\"https:\/\/global-hookah.com\/\"},{\"@type\":\"ListItem\",\"position\":2,\"name\":\"Shop\",\"item\":\"https:\/\/global-hookah.com\/shop\/\"},{\"@type\":\"ListItem\",\"position\":3,\"name\":\"22 MM Coconut Charcoal Hookah Wholesale\"}]},{\"@type\":\"WebSite\",\"@id\":\"https:\/\/global-hookah.com\/#website\",\"url\":\"https:\/\/global-hookah.com\/\",\"name\":\"Global Hookah\",\"description\":\"Global Hookah\",\"publisher\":{\"@id\":\"https:\/\/global-hookah.com\/#organization\"},\"potentialAction\":[{\"@type\":\"SearchAction\",\"target\":{\"@type\":\"EntryPoint\",\"urlTemplate\":\"https:\/\/global-hookah.com\/?s={search_term_string}\"},\"query-input\":{\"@type\":\"PropertyValueSpecification\",\"valueRequired\":true,\"valueName\":\"search_term_string\"}}],\"inLanguage\":\"es\"},{\"@type\":\"Organization\",\"@id\":\"https:\/\/global-hookah.com\/#organization\",\"name\":\"Global Hookah\",\"url\":\"https:\/\/global-hookah.com\/\",\"logo\":{\"@type\":\"ImageObject\",\"inLanguage\":\"es\",\"@id\":\"https:\/\/global-hookah.com\/#\/schema\/logo\/image\/\",\"url\":\"https:\/\/global-hookah.com\/wp-content\/uploads\/2021\/10\/cropped-fgg.png\",\"contentUrl\":\"https:\/\/global-hookah.com\/wp-content\/uploads\/2021\/10\/cropped-fgg.png\",\"width\":512,\"height\":512,\"caption\":\"Global Hookah\"},\"image\":{\"@id\":\"https:\/\/global-hookah.com\/#\/schema\/logo\/image\/\"}}]}<\/script>\n<!-- \/ Yoast SEO Premium plugin. -->","yoast_head_json":{"title":"Hookah de carb\u00f3n de coco de 22 MM al por mayor - Global Hookah","robots":{"index":"index","follow":"follow","max-snippet":"max-snippet:-1","max-image-preview":"max-image-preview:large","max-video-preview":"max-video-preview:-1"},"canonical":"https:\/\/global-hookah.com\/es\/producto\/22-mm-coconut-charcoal-hookah-wholesale\/","og_locale":"es_ES","og_type":"article","og_title":"22 MM Coconut Charcoal Hookah Wholesale","og_description":"Size: 22x22x22mm, 96 pieces per box Fixed Carbon Content: 85%-89% Moisture Content: 2% Ash Content: 3% Calorific Value: 7000 kcal\/kg","og_url":"https:\/\/global-hookah.com\/es\/producto\/22-mm-coconut-charcoal-hookah-wholesale\/","og_site_name":"Global Hookah","article_modified_time":"2024-10-26T02:10:43+00:00","og_image":[{"width":750,"height":750,"url":"https:\/\/global-hookah.com\/wp-content\/uploads\/2024\/10\/5a42c2d72e2229be023ee031186fe54.jpg","type":"image\/jpeg"}],"twitter_card":"summary_large_image","schema":{"@context":"https:\/\/schema.org","@graph":[{"@type":"WebPage","@id":"https:\/\/global-hookah.com\/product\/22-mm-coconut-charcoal-hookah-wholesale\/","url":"https:\/\/global-hookah.com\/product\/22-mm-coconut-charcoal-hookah-wholesale\/","name":"Hookah de carb\u00f3n de coco de 22 MM al por mayor - Global Hookah","isPartOf":{"@id":"https:\/\/global-hookah.com\/#website"},"primaryImageOfPage":{"@id":"https:\/\/global-hookah.com\/product\/22-mm-coconut-charcoal-hookah-wholesale\/#primaryimage"},"image":{"@id":"https:\/\/global-hookah.com\/product\/22-mm-coconut-charcoal-hookah-wholesale\/#primaryimage"},"thumbnailUrl":"https:\/\/global-hookah.com\/wp-content\/uploads\/2024\/10\/5a42c2d72e2229be023ee031186fe54.jpg","datePublished":"2024-10-26T02:08:15+00:00","dateModified":"2024-10-26T02:10:43+00:00","breadcrumb":{"@id":"https:\/\/global-hookah.com\/product\/22-mm-coconut-charcoal-hookah-wholesale\/#breadcrumb"},"inLanguage":"es","potentialAction":[{"@type":"ReadAction","target":["https:\/\/global-hookah.com\/product\/22-mm-coconut-charcoal-hookah-wholesale\/"]}]},{"@type":"ImageObject","inLanguage":"es","@id":"https:\/\/global-hookah.com\/product\/22-mm-coconut-charcoal-hookah-wholesale\/#primaryimage","url":"https:\/\/global-hookah.com\/wp-content\/uploads\/2024\/10\/5a42c2d72e2229be023ee031186fe54.jpg","contentUrl":"https:\/\/global-hookah.com\/wp-content\/uploads\/2024\/10\/5a42c2d72e2229be023ee031186fe54.jpg","width":750,"height":750,"caption":"22 MM Coconut Charcoal Hookah Wholesale"},{"@type":"BreadcrumbList","@id":"https:\/\/global-hookah.com\/product\/22-mm-coconut-charcoal-hookah-wholesale\/#breadcrumb","itemListElement":[{"@type":"ListItem","position":1,"name":"Home","item":"https:\/\/global-hookah.com\/"},{"@type":"ListItem","position":2,"name":"Shop","item":"https:\/\/global-hookah.com\/shop\/"},{"@type":"ListItem","position":3,"name":"22 MM Coconut Charcoal Hookah Wholesale"}]},{"@type":"WebSite","@id":"https:\/\/global-hookah.com\/#website","url":"https:\/\/global-hookah.com\/","name":"Global Hookah","description":"Global Hookah","publisher":{"@id":"https:\/\/global-hookah.com\/#organization"},"potentialAction":[{"@type":"SearchAction","target":{"@type":"EntryPoint","urlTemplate":"https:\/\/global-hookah.com\/?s={search_term_string}"},"query-input":{"@type":"PropertyValueSpecification","valueRequired":true,"valueName":"search_term_string"}}],"inLanguage":"es"},{"@type":"Organization","@id":"https:\/\/global-hookah.com\/#organization","name":"Global Hookah","url":"https:\/\/global-hookah.com\/","logo":{"@type":"ImageObject","inLanguage":"es","@id":"https:\/\/global-hookah.com\/#\/schema\/logo\/image\/","url":"https:\/\/global-hookah.com\/wp-content\/uploads\/2021\/10\/cropped-fgg.png","contentUrl":"https:\/\/global-hookah.com\/wp-content\/uploads\/2021\/10\/cropped-fgg.png","width":512,"height":512,"caption":"Global Hookah"},"image":{"@id":"https:\/\/global-hookah.com\/#\/schema\/logo\/image\/"}}]}},"_links":{"self":[{"href":"https:\/\/global-hookah.com\/es\/wp-json\/wp\/v2\/product\/31019","targetHints":{"allow":["GET"]}}],"collection":[{"href":"https:\/\/global-hookah.com\/es\/wp-json\/wp\/v2\/product"}],"about":[{"href":"https:\/\/global-hookah.com\/es\/wp-json\/wp\/v2\/types\/product"}],"replies":[{"embeddable":true,"href":"https:\/\/global-hookah.com\/es\/wp-json\/wp\/v2\/comments?post=31019"}],"version-history":[{"count":0,"href":"https:\/\/global-hookah.com\/es\/wp-json\/wp\/v2\/product\/31019\/revisions"}],"wp:featuredmedia":[{"embeddable":true,"href":"https:\/\/global-hookah.com\/es\/wp-json\/wp\/v2\/media\/31021"}],"wp:attachment":[{"href":"https:\/\/global-hookah.com\/es\/wp-json\/wp\/v2\/media?parent=31019"}],"wp:term":[{"taxonomy":"product_brand","embeddable":true,"href":"https:\/\/global-hookah.com\/es\/wp-json\/wp\/v2\/product_brand?post=31019"},{"taxonomy":"product_cat","embeddable":true,"href":"https:\/\/global-hookah.com\/es\/wp-json\/wp\/v2\/product_cat?post=31019"},{"taxonomy":"product_tag","embeddable":true,"href":"https:\/\/global-hookah.com\/es\/wp-json\/wp\/v2\/product_tag?post=31019"}],"curies":[{"name":"wp","href":"https:\/\/api.w.org\/{rel}","templated":true}]}}