{"id":31032,"date":"2024-10-26T02:23:14","date_gmt":"2024-10-26T02:23:14","guid":{"rendered":"https:\/\/global-hookah.com\/?post_type=product&#038;p=31032"},"modified":"2024-10-26T02:33:05","modified_gmt":"2024-10-26T02:33:05","slug":"arabic-hookah-charcoal-wholesale","status":"publish","type":"product","link":"https:\/\/global-hookah.com\/es\/producto\/arabic-hookah-charcoal-wholesale\/","title":{"rendered":"Carb\u00f3n para narguile \u00e1rabe al por mayor"},"content":{"rendered":"<p>Opciones de tama\u00f1o:<br \/>\n96 piezas por caja: 22x22x22 mm<br \/>\n72 piezas por caja: 25x25x25 mm<br \/>\n48 piezas por caja: Forma triangular<br \/>\nMaterial: C\u00e1scara de coco<br \/>\nPeso del envase: 1000 g\/caja<br \/>\nM\u00e9todo de embalaje: En caja<br \/>\nEmbalaje de cart\u00f3n:<br \/>\n96 piezas: 1 caja x 18 cajas por cart\u00f3n<br \/>\n72 piezas: 1 caja x 15 cajas por cart\u00f3n<br \/>\n48 piezas: 1 caja x 24 cajas por cart\u00f3n<br \/>\nDimensiones de la caja:<br \/>\n96 piezas: 47x31x20,5 cm<br \/>\n72 piezas: 43x34x16 cm<br \/>\n48 piezas: 42\u00d731,5\u00d721,5 cm<br \/>\nPeso bruto:<br \/>\n96 piezas: 19 kg<br \/>\n72 piezas: 16 kg<br \/>\n48 piezas: 15 kg<\/p>\n<p>&nbsp;<\/p>\n<p>Quemaduras uniformes: Nuestro<strong> Carb\u00f3n para narguile \u00e1rabe<\/strong> puede quemar uniformemente y mantener una temperatura constante, haciendo que el sabor del narguile sea m\u00e1s suave y estable. Especialmente si ha probado nuestro <a href=\"https:\/\/global-hookah.com\/product-category\/hookah-charcoal-wholesale\/\">carb\u00f3n para narguile<\/a>Si el carb\u00f3n para narguile que utiliza es de calidad inferior, sentir\u00e1 que el sabor es puro y que no hay impurezas durante su uso, lo que es una ventaja que no tiene el carb\u00f3n para narguile de calidad inferior. Si todav\u00eda no puede juzgar si el carb\u00f3n hookah que utiliza es inferior, la forma m\u00e1s f\u00e1cil de juzgar es si hay un olor qu\u00edmico acre.<\/p>\n<p>Adem\u00e1s, nuestro <strong>Carb\u00f3n para narguile \u00e1rabe<\/strong> no contiene acelerantes ni aditivos qu\u00edmicos, por lo que su uso es m\u00e1s saludable y respetuoso con el medio ambiente.<\/p>","protected":false},"excerpt":{"rendered":"<p>Opciones de tama\u00f1o: 96 piezas por caja: 22x22x22 mm 72 piezas por caja: 25x25x25 mm 48 piezas por caja: Forma triangular<\/p>","protected":false},"featured_media":31035,"comment_status":"closed","ping_status":"closed","template":"","meta":{"iawp_total_views":3,"_joinchat":[]},"product_brand":[],"product_cat":[994],"product_tag":[],"class_list":{"0":"post-31032","1":"product","2":"type-product","3":"status-publish","4":"has-post-thumbnail","6":"product_cat-hookah-charcoal-wholesale","8":"first","9":"instock","10":"shipping-taxable","11":"product-type-external"},"yoast_head":"<!-- This site is optimized with the Yoast SEO Premium plugin v24.7 (Yoast SEO v26.8) - https:\/\/yoast.com\/product\/yoast-seo-premium-wordpress\/ -->\n<title>Arabic Hookah Charcoal Wholesale - Global Hookah<\/title>\n<meta name=\"robots\" content=\"index, follow, max-snippet:-1, max-image-preview:large, max-video-preview:-1\" \/>\n<link rel=\"canonical\" href=\"https:\/\/global-hookah.com\/es\/producto\/arabic-hookah-charcoal-wholesale\/\" \/>\n<meta property=\"og:locale\" content=\"es_ES\" \/>\n<meta property=\"og:type\" content=\"article\" \/>\n<meta property=\"og:title\" content=\"Arabic Hookah Charcoal Wholesale\" \/>\n<meta property=\"og:description\" content=\"Size Options: 96 pieces per box: 22x22x22 mm 72 pieces per box: 25x25x25 mm 48 pieces per box: Triangle shape\" \/>\n<meta property=\"og:url\" content=\"https:\/\/global-hookah.com\/es\/producto\/arabic-hookah-charcoal-wholesale\/\" \/>\n<meta property=\"og:site_name\" content=\"Global Hookah\" \/>\n<meta property=\"article:modified_time\" content=\"2024-10-26T02:33:05+00:00\" \/>\n<meta property=\"og:image\" content=\"https:\/\/global-hookah.com\/wp-content\/uploads\/2024\/10\/ebe0326eab307db95f2dec901c3e42c.jpg\" \/>\n\t<meta property=\"og:image:width\" content=\"800\" \/>\n\t<meta property=\"og:image:height\" content=\"800\" \/>\n\t<meta property=\"og:image:type\" content=\"image\/jpeg\" \/>\n<meta name=\"twitter:card\" content=\"summary_large_image\" \/>\n<meta name=\"twitter:label1\" content=\"Tiempo de lectura\" \/>\n\t<meta name=\"twitter:data1\" content=\"1 minuto\" \/>\n<script type=\"application\/ld+json\" class=\"yoast-schema-graph\">{\"@context\":\"https:\/\/schema.org\",\"@graph\":[{\"@type\":\"WebPage\",\"@id\":\"https:\/\/global-hookah.com\/product\/arabic-hookah-charcoal-wholesale\/\",\"url\":\"https:\/\/global-hookah.com\/product\/arabic-hookah-charcoal-wholesale\/\",\"name\":\"Arabic Hookah Charcoal Wholesale - Global Hookah\",\"isPartOf\":{\"@id\":\"https:\/\/global-hookah.com\/#website\"},\"primaryImageOfPage\":{\"@id\":\"https:\/\/global-hookah.com\/product\/arabic-hookah-charcoal-wholesale\/#primaryimage\"},\"image\":{\"@id\":\"https:\/\/global-hookah.com\/product\/arabic-hookah-charcoal-wholesale\/#primaryimage\"},\"thumbnailUrl\":\"https:\/\/global-hookah.com\/wp-content\/uploads\/2024\/10\/ebe0326eab307db95f2dec901c3e42c.jpg\",\"datePublished\":\"2024-10-26T02:23:14+00:00\",\"dateModified\":\"2024-10-26T02:33:05+00:00\",\"breadcrumb\":{\"@id\":\"https:\/\/global-hookah.com\/product\/arabic-hookah-charcoal-wholesale\/#breadcrumb\"},\"inLanguage\":\"es\",\"potentialAction\":[{\"@type\":\"ReadAction\",\"target\":[\"https:\/\/global-hookah.com\/product\/arabic-hookah-charcoal-wholesale\/\"]}]},{\"@type\":\"ImageObject\",\"inLanguage\":\"es\",\"@id\":\"https:\/\/global-hookah.com\/product\/arabic-hookah-charcoal-wholesale\/#primaryimage\",\"url\":\"https:\/\/global-hookah.com\/wp-content\/uploads\/2024\/10\/ebe0326eab307db95f2dec901c3e42c.jpg\",\"contentUrl\":\"https:\/\/global-hookah.com\/wp-content\/uploads\/2024\/10\/ebe0326eab307db95f2dec901c3e42c.jpg\",\"width\":800,\"height\":800,\"caption\":\"Arabic Hookah Charcoal Wholesale\"},{\"@type\":\"BreadcrumbList\",\"@id\":\"https:\/\/global-hookah.com\/product\/arabic-hookah-charcoal-wholesale\/#breadcrumb\",\"itemListElement\":[{\"@type\":\"ListItem\",\"position\":1,\"name\":\"Home\",\"item\":\"https:\/\/global-hookah.com\/\"},{\"@type\":\"ListItem\",\"position\":2,\"name\":\"Shop\",\"item\":\"https:\/\/global-hookah.com\/shop\/\"},{\"@type\":\"ListItem\",\"position\":3,\"name\":\"Arabic Hookah Charcoal Wholesale\"}]},{\"@type\":\"WebSite\",\"@id\":\"https:\/\/global-hookah.com\/#website\",\"url\":\"https:\/\/global-hookah.com\/\",\"name\":\"Global Hookah\",\"description\":\"Global Hookah\",\"publisher\":{\"@id\":\"https:\/\/global-hookah.com\/#organization\"},\"potentialAction\":[{\"@type\":\"SearchAction\",\"target\":{\"@type\":\"EntryPoint\",\"urlTemplate\":\"https:\/\/global-hookah.com\/?s={search_term_string}\"},\"query-input\":{\"@type\":\"PropertyValueSpecification\",\"valueRequired\":true,\"valueName\":\"search_term_string\"}}],\"inLanguage\":\"es\"},{\"@type\":\"Organization\",\"@id\":\"https:\/\/global-hookah.com\/#organization\",\"name\":\"Global Hookah\",\"url\":\"https:\/\/global-hookah.com\/\",\"logo\":{\"@type\":\"ImageObject\",\"inLanguage\":\"es\",\"@id\":\"https:\/\/global-hookah.com\/#\/schema\/logo\/image\/\",\"url\":\"https:\/\/global-hookah.com\/wp-content\/uploads\/2021\/10\/cropped-fgg.png\",\"contentUrl\":\"https:\/\/global-hookah.com\/wp-content\/uploads\/2021\/10\/cropped-fgg.png\",\"width\":512,\"height\":512,\"caption\":\"Global Hookah\"},\"image\":{\"@id\":\"https:\/\/global-hookah.com\/#\/schema\/logo\/image\/\"}}]}<\/script>\n<!-- \/ Yoast SEO Premium plugin. -->","yoast_head_json":{"title":"Carb\u00f3n para narguile \u00e1rabe al por mayor - Global Hookah","robots":{"index":"index","follow":"follow","max-snippet":"max-snippet:-1","max-image-preview":"max-image-preview:large","max-video-preview":"max-video-preview:-1"},"canonical":"https:\/\/global-hookah.com\/es\/producto\/arabic-hookah-charcoal-wholesale\/","og_locale":"es_ES","og_type":"article","og_title":"Arabic Hookah Charcoal Wholesale","og_description":"Size Options: 96 pieces per box: 22x22x22 mm 72 pieces per box: 25x25x25 mm 48 pieces per box: Triangle shape","og_url":"https:\/\/global-hookah.com\/es\/producto\/arabic-hookah-charcoal-wholesale\/","og_site_name":"Global Hookah","article_modified_time":"2024-10-26T02:33:05+00:00","og_image":[{"width":800,"height":800,"url":"https:\/\/global-hookah.com\/wp-content\/uploads\/2024\/10\/ebe0326eab307db95f2dec901c3e42c.jpg","type":"image\/jpeg"}],"twitter_card":"summary_large_image","twitter_misc":{"Tiempo de lectura":"1 minuto"},"schema":{"@context":"https:\/\/schema.org","@graph":[{"@type":"WebPage","@id":"https:\/\/global-hookah.com\/product\/arabic-hookah-charcoal-wholesale\/","url":"https:\/\/global-hookah.com\/product\/arabic-hookah-charcoal-wholesale\/","name":"Carb\u00f3n para narguile \u00e1rabe al por mayor - Global Hookah","isPartOf":{"@id":"https:\/\/global-hookah.com\/#website"},"primaryImageOfPage":{"@id":"https:\/\/global-hookah.com\/product\/arabic-hookah-charcoal-wholesale\/#primaryimage"},"image":{"@id":"https:\/\/global-hookah.com\/product\/arabic-hookah-charcoal-wholesale\/#primaryimage"},"thumbnailUrl":"https:\/\/global-hookah.com\/wp-content\/uploads\/2024\/10\/ebe0326eab307db95f2dec901c3e42c.jpg","datePublished":"2024-10-26T02:23:14+00:00","dateModified":"2024-10-26T02:33:05+00:00","breadcrumb":{"@id":"https:\/\/global-hookah.com\/product\/arabic-hookah-charcoal-wholesale\/#breadcrumb"},"inLanguage":"es","potentialAction":[{"@type":"ReadAction","target":["https:\/\/global-hookah.com\/product\/arabic-hookah-charcoal-wholesale\/"]}]},{"@type":"ImageObject","inLanguage":"es","@id":"https:\/\/global-hookah.com\/product\/arabic-hookah-charcoal-wholesale\/#primaryimage","url":"https:\/\/global-hookah.com\/wp-content\/uploads\/2024\/10\/ebe0326eab307db95f2dec901c3e42c.jpg","contentUrl":"https:\/\/global-hookah.com\/wp-content\/uploads\/2024\/10\/ebe0326eab307db95f2dec901c3e42c.jpg","width":800,"height":800,"caption":"Arabic Hookah Charcoal Wholesale"},{"@type":"BreadcrumbList","@id":"https:\/\/global-hookah.com\/product\/arabic-hookah-charcoal-wholesale\/#breadcrumb","itemListElement":[{"@type":"ListItem","position":1,"name":"Home","item":"https:\/\/global-hookah.com\/"},{"@type":"ListItem","position":2,"name":"Shop","item":"https:\/\/global-hookah.com\/shop\/"},{"@type":"ListItem","position":3,"name":"Arabic Hookah Charcoal Wholesale"}]},{"@type":"WebSite","@id":"https:\/\/global-hookah.com\/#website","url":"https:\/\/global-hookah.com\/","name":"Global Hookah","description":"Global Hookah","publisher":{"@id":"https:\/\/global-hookah.com\/#organization"},"potentialAction":[{"@type":"SearchAction","target":{"@type":"EntryPoint","urlTemplate":"https:\/\/global-hookah.com\/?s={search_term_string}"},"query-input":{"@type":"PropertyValueSpecification","valueRequired":true,"valueName":"search_term_string"}}],"inLanguage":"es"},{"@type":"Organization","@id":"https:\/\/global-hookah.com\/#organization","name":"Global Hookah","url":"https:\/\/global-hookah.com\/","logo":{"@type":"ImageObject","inLanguage":"es","@id":"https:\/\/global-hookah.com\/#\/schema\/logo\/image\/","url":"https:\/\/global-hookah.com\/wp-content\/uploads\/2021\/10\/cropped-fgg.png","contentUrl":"https:\/\/global-hookah.com\/wp-content\/uploads\/2021\/10\/cropped-fgg.png","width":512,"height":512,"caption":"Global Hookah"},"image":{"@id":"https:\/\/global-hookah.com\/#\/schema\/logo\/image\/"}}]}},"_links":{"self":[{"href":"https:\/\/global-hookah.com\/es\/wp-json\/wp\/v2\/product\/31032","targetHints":{"allow":["GET"]}}],"collection":[{"href":"https:\/\/global-hookah.com\/es\/wp-json\/wp\/v2\/product"}],"about":[{"href":"https:\/\/global-hookah.com\/es\/wp-json\/wp\/v2\/types\/product"}],"replies":[{"embeddable":true,"href":"https:\/\/global-hookah.com\/es\/wp-json\/wp\/v2\/comments?post=31032"}],"version-history":[{"count":0,"href":"https:\/\/global-hookah.com\/es\/wp-json\/wp\/v2\/product\/31032\/revisions"}],"wp:featuredmedia":[{"embeddable":true,"href":"https:\/\/global-hookah.com\/es\/wp-json\/wp\/v2\/media\/31035"}],"wp:attachment":[{"href":"https:\/\/global-hookah.com\/es\/wp-json\/wp\/v2\/media?parent=31032"}],"wp:term":[{"taxonomy":"product_brand","embeddable":true,"href":"https:\/\/global-hookah.com\/es\/wp-json\/wp\/v2\/product_brand?post=31032"},{"taxonomy":"product_cat","embeddable":true,"href":"https:\/\/global-hookah.com\/es\/wp-json\/wp\/v2\/product_cat?post=31032"},{"taxonomy":"product_tag","embeddable":true,"href":"https:\/\/global-hookah.com\/es\/wp-json\/wp\/v2\/product_tag?post=31032"}],"curies":[{"name":"wp","href":"https:\/\/api.w.org\/{rel}","templated":true}]}}