{"id":31115,"date":"2024-10-29T01:40:05","date_gmt":"2024-10-29T01:40:05","guid":{"rendered":"https:\/\/global-hookah.com\/?post_type=product&#038;p=31115"},"modified":"2024-11-18T03:56:03","modified_gmt":"2024-11-18T03:56:03","slug":"new-hookah-smoke-pipe-wholesale","status":"publish","type":"product","link":"https:\/\/global-hookah.com\/es\/producto\/new-hookah-smoke-pipe-wholesale\/","title":{"rendered":"Nueva pipa de humo Hookah al por mayor"},"content":{"rendered":"<p>Queridos amigos, \u00bfquer\u00e9is <a href=\"https:\/\/global-hookah.com\/product-category\/wholesale-hookah\/\"><strong>venta al por mayor de nuevas pipas hookah<\/strong><\/a> para su tienda de narguile o bar de narguile? Comprendo tu estado de \u00e1nimo actual, por eso hemos dise\u00f1ado este nuevo <strong>juego de narguile al por mayor<\/strong> con una excelente relaci\u00f3n coste-eficacia.<\/p>\n<p>Este nuevo<strong> social smoke hookah pipe<\/strong> adopta un dise\u00f1o \u00fanico y una exquisita base de cristal tallado. Aunque el innovador dise\u00f1o de cuatro conectores ofrece una gran experiencia, recomiendo utilizar s\u00f3lo dos mangueras para una succi\u00f3n y sabor \u00f3ptimos. Esto no solo le permitira seguir disfrutando de un humo delicioso. Tambi\u00e9n puede mejorar el efecto de succi\u00f3n y el sabor. Por este motivo, nuestro equipo de pruebas ha realizado una evaluaci\u00f3n exhaustiva y ha cumplido a la perfecci\u00f3n varios est\u00e1ndares.<\/p>\n<p>Adem\u00e1s, el sistema de c\u00e1mara de aire incorporado en este <strong>social smoke hookah pipe<\/strong> es ligeramente diferente de la mayor\u00eda de los narguiles. Este dise\u00f1o puede soplar f\u00e1cilmente el humo residual en el tubo, resolviendo completamente el problema de la obstrucci\u00f3n de gas en el uso de <a href=\"https:\/\/global-hookah.com\/\"><strong>narguiles tradicionales<\/strong><\/a>. Pero para ser honesto, prefiero el silenciador giratorio en la parte inferior, que puede ajustar el efecto de silencio de la pipa de agua en cualquier momento de acuerdo a mis necesidades, por lo que tambi\u00e9n puede disfrutar de un ambiente muy tranquilo durante el proceso de fumar pipa de agua.<\/p>","protected":false},"excerpt":{"rendered":"<p>Queridos amigos, \u00bfquieren vender al por mayor alguna pipa de narguile nueva para su tienda de narguile o bar de narguile? Entiendo que<\/p>","protected":false},"featured_media":31116,"comment_status":"closed","ping_status":"closed","template":"","meta":{"iawp_total_views":8,"_joinchat":[]},"product_brand":[],"product_cat":[560,119],"product_tag":[],"class_list":{"0":"post-31115","1":"product","2":"type-product","3":"status-publish","4":"has-post-thumbnail","6":"product_cat-glass-hookah-wholesale","7":"product_cat-wholesale-hookah","9":"first","10":"instock","11":"shipping-taxable","12":"product-type-external"},"yoast_head":"<!-- This site is optimized with the Yoast SEO Premium plugin v24.7 (Yoast SEO v26.8) - https:\/\/yoast.com\/product\/yoast-seo-premium-wordpress\/ -->\n<title>New Hookah Smoke Pipe Wholesale - Global Hookah<\/title>\n<meta name=\"robots\" content=\"index, follow, max-snippet:-1, max-image-preview:large, max-video-preview:-1\" \/>\n<link rel=\"canonical\" href=\"https:\/\/global-hookah.com\/es\/producto\/new-hookah-smoke-pipe-wholesale\/\" \/>\n<meta property=\"og:locale\" content=\"es_ES\" \/>\n<meta property=\"og:type\" content=\"article\" \/>\n<meta property=\"og:title\" content=\"New Hookah Smoke Pipe Wholesale\" \/>\n<meta property=\"og:description\" content=\"Dear friends, do you want to wholesale some new hookah pipe for your hookah shop or hookah bar? I understand\" \/>\n<meta property=\"og:url\" content=\"https:\/\/global-hookah.com\/es\/producto\/new-hookah-smoke-pipe-wholesale\/\" \/>\n<meta property=\"og:site_name\" content=\"Global Hookah\" \/>\n<meta property=\"article:modified_time\" content=\"2024-11-18T03:56:03+00:00\" \/>\n<meta property=\"og:image\" content=\"https:\/\/global-hookah.com\/wp-content\/uploads\/2024\/10\/bad7dbafce9b990ee3ff76e484583a1.jpg\" \/>\n\t<meta property=\"og:image:width\" content=\"1080\" \/>\n\t<meta property=\"og:image:height\" content=\"1440\" \/>\n\t<meta property=\"og:image:type\" content=\"image\/jpeg\" \/>\n<meta name=\"twitter:card\" content=\"summary_large_image\" \/>\n<meta name=\"twitter:label1\" content=\"Tiempo de lectura\" \/>\n\t<meta name=\"twitter:data1\" content=\"1 minuto\" \/>\n<script type=\"application\/ld+json\" class=\"yoast-schema-graph\">{\"@context\":\"https:\/\/schema.org\",\"@graph\":[{\"@type\":\"WebPage\",\"@id\":\"https:\/\/global-hookah.com\/product\/new-hookah-smoke-pipe-wholesale\/\",\"url\":\"https:\/\/global-hookah.com\/product\/new-hookah-smoke-pipe-wholesale\/\",\"name\":\"New Hookah Smoke Pipe Wholesale - Global Hookah\",\"isPartOf\":{\"@id\":\"https:\/\/global-hookah.com\/#website\"},\"primaryImageOfPage\":{\"@id\":\"https:\/\/global-hookah.com\/product\/new-hookah-smoke-pipe-wholesale\/#primaryimage\"},\"image\":{\"@id\":\"https:\/\/global-hookah.com\/product\/new-hookah-smoke-pipe-wholesale\/#primaryimage\"},\"thumbnailUrl\":\"https:\/\/global-hookah.com\/wp-content\/uploads\/2024\/10\/bad7dbafce9b990ee3ff76e484583a1.jpg\",\"datePublished\":\"2024-10-29T01:40:05+00:00\",\"dateModified\":\"2024-11-18T03:56:03+00:00\",\"breadcrumb\":{\"@id\":\"https:\/\/global-hookah.com\/product\/new-hookah-smoke-pipe-wholesale\/#breadcrumb\"},\"inLanguage\":\"es\",\"potentialAction\":[{\"@type\":\"ReadAction\",\"target\":[\"https:\/\/global-hookah.com\/product\/new-hookah-smoke-pipe-wholesale\/\"]}]},{\"@type\":\"ImageObject\",\"inLanguage\":\"es\",\"@id\":\"https:\/\/global-hookah.com\/product\/new-hookah-smoke-pipe-wholesale\/#primaryimage\",\"url\":\"https:\/\/global-hookah.com\/wp-content\/uploads\/2024\/10\/bad7dbafce9b990ee3ff76e484583a1.jpg\",\"contentUrl\":\"https:\/\/global-hookah.com\/wp-content\/uploads\/2024\/10\/bad7dbafce9b990ee3ff76e484583a1.jpg\",\"width\":1080,\"height\":1440,\"caption\":\"Hookah Smoke Pipe Wholesale\"},{\"@type\":\"BreadcrumbList\",\"@id\":\"https:\/\/global-hookah.com\/product\/new-hookah-smoke-pipe-wholesale\/#breadcrumb\",\"itemListElement\":[{\"@type\":\"ListItem\",\"position\":1,\"name\":\"Home\",\"item\":\"https:\/\/global-hookah.com\/\"},{\"@type\":\"ListItem\",\"position\":2,\"name\":\"Shop\",\"item\":\"https:\/\/global-hookah.com\/shop\/\"},{\"@type\":\"ListItem\",\"position\":3,\"name\":\"New Hookah Smoke Pipe Wholesale\"}]},{\"@type\":\"WebSite\",\"@id\":\"https:\/\/global-hookah.com\/#website\",\"url\":\"https:\/\/global-hookah.com\/\",\"name\":\"Global Hookah\",\"description\":\"Global Hookah\",\"publisher\":{\"@id\":\"https:\/\/global-hookah.com\/#organization\"},\"potentialAction\":[{\"@type\":\"SearchAction\",\"target\":{\"@type\":\"EntryPoint\",\"urlTemplate\":\"https:\/\/global-hookah.com\/?s={search_term_string}\"},\"query-input\":{\"@type\":\"PropertyValueSpecification\",\"valueRequired\":true,\"valueName\":\"search_term_string\"}}],\"inLanguage\":\"es\"},{\"@type\":\"Organization\",\"@id\":\"https:\/\/global-hookah.com\/#organization\",\"name\":\"Global Hookah\",\"url\":\"https:\/\/global-hookah.com\/\",\"logo\":{\"@type\":\"ImageObject\",\"inLanguage\":\"es\",\"@id\":\"https:\/\/global-hookah.com\/#\/schema\/logo\/image\/\",\"url\":\"https:\/\/global-hookah.com\/wp-content\/uploads\/2021\/10\/cropped-fgg.png\",\"contentUrl\":\"https:\/\/global-hookah.com\/wp-content\/uploads\/2021\/10\/cropped-fgg.png\",\"width\":512,\"height\":512,\"caption\":\"Global Hookah\"},\"image\":{\"@id\":\"https:\/\/global-hookah.com\/#\/schema\/logo\/image\/\"}}]}<\/script>\n<!-- \/ Yoast SEO Premium plugin. -->","yoast_head_json":{"title":"Nueva pipa de humo Hookah al por mayor - Global Hookah","robots":{"index":"index","follow":"follow","max-snippet":"max-snippet:-1","max-image-preview":"max-image-preview:large","max-video-preview":"max-video-preview:-1"},"canonical":"https:\/\/global-hookah.com\/es\/producto\/new-hookah-smoke-pipe-wholesale\/","og_locale":"es_ES","og_type":"article","og_title":"New Hookah Smoke Pipe Wholesale","og_description":"Dear friends, do you want to wholesale some new hookah pipe for your hookah shop or hookah bar? I understand","og_url":"https:\/\/global-hookah.com\/es\/producto\/new-hookah-smoke-pipe-wholesale\/","og_site_name":"Global Hookah","article_modified_time":"2024-11-18T03:56:03+00:00","og_image":[{"width":1080,"height":1440,"url":"https:\/\/global-hookah.com\/wp-content\/uploads\/2024\/10\/bad7dbafce9b990ee3ff76e484583a1.jpg","type":"image\/jpeg"}],"twitter_card":"summary_large_image","twitter_misc":{"Tiempo de lectura":"1 minuto"},"schema":{"@context":"https:\/\/schema.org","@graph":[{"@type":"WebPage","@id":"https:\/\/global-hookah.com\/product\/new-hookah-smoke-pipe-wholesale\/","url":"https:\/\/global-hookah.com\/product\/new-hookah-smoke-pipe-wholesale\/","name":"Nueva pipa de humo Hookah al por mayor - Global Hookah","isPartOf":{"@id":"https:\/\/global-hookah.com\/#website"},"primaryImageOfPage":{"@id":"https:\/\/global-hookah.com\/product\/new-hookah-smoke-pipe-wholesale\/#primaryimage"},"image":{"@id":"https:\/\/global-hookah.com\/product\/new-hookah-smoke-pipe-wholesale\/#primaryimage"},"thumbnailUrl":"https:\/\/global-hookah.com\/wp-content\/uploads\/2024\/10\/bad7dbafce9b990ee3ff76e484583a1.jpg","datePublished":"2024-10-29T01:40:05+00:00","dateModified":"2024-11-18T03:56:03+00:00","breadcrumb":{"@id":"https:\/\/global-hookah.com\/product\/new-hookah-smoke-pipe-wholesale\/#breadcrumb"},"inLanguage":"es","potentialAction":[{"@type":"ReadAction","target":["https:\/\/global-hookah.com\/product\/new-hookah-smoke-pipe-wholesale\/"]}]},{"@type":"ImageObject","inLanguage":"es","@id":"https:\/\/global-hookah.com\/product\/new-hookah-smoke-pipe-wholesale\/#primaryimage","url":"https:\/\/global-hookah.com\/wp-content\/uploads\/2024\/10\/bad7dbafce9b990ee3ff76e484583a1.jpg","contentUrl":"https:\/\/global-hookah.com\/wp-content\/uploads\/2024\/10\/bad7dbafce9b990ee3ff76e484583a1.jpg","width":1080,"height":1440,"caption":"Hookah Smoke Pipe Wholesale"},{"@type":"BreadcrumbList","@id":"https:\/\/global-hookah.com\/product\/new-hookah-smoke-pipe-wholesale\/#breadcrumb","itemListElement":[{"@type":"ListItem","position":1,"name":"Home","item":"https:\/\/global-hookah.com\/"},{"@type":"ListItem","position":2,"name":"Shop","item":"https:\/\/global-hookah.com\/shop\/"},{"@type":"ListItem","position":3,"name":"New Hookah Smoke Pipe Wholesale"}]},{"@type":"WebSite","@id":"https:\/\/global-hookah.com\/#website","url":"https:\/\/global-hookah.com\/","name":"Global Hookah","description":"Global Hookah","publisher":{"@id":"https:\/\/global-hookah.com\/#organization"},"potentialAction":[{"@type":"SearchAction","target":{"@type":"EntryPoint","urlTemplate":"https:\/\/global-hookah.com\/?s={search_term_string}"},"query-input":{"@type":"PropertyValueSpecification","valueRequired":true,"valueName":"search_term_string"}}],"inLanguage":"es"},{"@type":"Organization","@id":"https:\/\/global-hookah.com\/#organization","name":"Global Hookah","url":"https:\/\/global-hookah.com\/","logo":{"@type":"ImageObject","inLanguage":"es","@id":"https:\/\/global-hookah.com\/#\/schema\/logo\/image\/","url":"https:\/\/global-hookah.com\/wp-content\/uploads\/2021\/10\/cropped-fgg.png","contentUrl":"https:\/\/global-hookah.com\/wp-content\/uploads\/2021\/10\/cropped-fgg.png","width":512,"height":512,"caption":"Global Hookah"},"image":{"@id":"https:\/\/global-hookah.com\/#\/schema\/logo\/image\/"}}]}},"_links":{"self":[{"href":"https:\/\/global-hookah.com\/es\/wp-json\/wp\/v2\/product\/31115","targetHints":{"allow":["GET"]}}],"collection":[{"href":"https:\/\/global-hookah.com\/es\/wp-json\/wp\/v2\/product"}],"about":[{"href":"https:\/\/global-hookah.com\/es\/wp-json\/wp\/v2\/types\/product"}],"replies":[{"embeddable":true,"href":"https:\/\/global-hookah.com\/es\/wp-json\/wp\/v2\/comments?post=31115"}],"version-history":[{"count":0,"href":"https:\/\/global-hookah.com\/es\/wp-json\/wp\/v2\/product\/31115\/revisions"}],"wp:featuredmedia":[{"embeddable":true,"href":"https:\/\/global-hookah.com\/es\/wp-json\/wp\/v2\/media\/31116"}],"wp:attachment":[{"href":"https:\/\/global-hookah.com\/es\/wp-json\/wp\/v2\/media?parent=31115"}],"wp:term":[{"taxonomy":"product_brand","embeddable":true,"href":"https:\/\/global-hookah.com\/es\/wp-json\/wp\/v2\/product_brand?post=31115"},{"taxonomy":"product_cat","embeddable":true,"href":"https:\/\/global-hookah.com\/es\/wp-json\/wp\/v2\/product_cat?post=31115"},{"taxonomy":"product_tag","embeddable":true,"href":"https:\/\/global-hookah.com\/es\/wp-json\/wp\/v2\/product_tag?post=31115"}],"curies":[{"name":"wp","href":"https:\/\/api.w.org\/{rel}","templated":true}]}}