{"id":31122,"date":"2024-10-29T01:43:44","date_gmt":"2024-10-29T01:43:44","guid":{"rendered":"https:\/\/global-hookah.com\/?post_type=product&#038;p=31122"},"modified":"2025-02-06T01:59:27","modified_gmt":"2025-02-06T01:59:27","slug":"new-portable-glass-hookah-pipe-wholesale","status":"publish","type":"product","link":"https:\/\/global-hookah.com\/es\/producto\/new-portable-glass-hookah-pipe-wholesale\/","title":{"rendered":"Nueva pipa Hookah port\u00e1til de vidrio al por mayor"},"content":{"rendered":"<p>Cuando quiera<a href=\"https:\/\/global-hookah.com\/product-category\/wholesale-hookah\/\"><strong> narguiles al por mayor<\/strong><\/a>te encantar\u00e1<strong> Pipa Hookah de cristal port\u00e1til<\/strong>de vidrio de borosilicato de alta calidad (componentes opcionales de acero inoxidable), que puede rivalizar completamente con el <a href=\"https:\/\/global-hookah.com\/product-category\/wholesale-hookah\/electric-hookah-wholesale\/\"><strong>narguiles de gama alta<\/strong> <\/a>en tu bar de narguile favorito.<\/p>\n<p>Especialmente la naturaleza no porosa del vidrio elimina el \"efecto fantasma\" com\u00fan en <strong>narguiles de metal<\/strong>, garantizando que cada sesi\u00f3n est\u00e9 libre de sabores persistentes, lo que resulta muy agradable para los principiantes.<\/p>\n<p>La construcci\u00f3n de cristal transparente transforma cada sesi\u00f3n de fumada en una experiencia visualmente cautivadora. Los consumidores pueden personalizar sus narguiles a\u00f1adiendo fruta, hielo y luces LED a la base, creando un espect\u00e1culo visual \u00fanico y atractivo. Especialmente si desea crear una marca de narguile personalizada, entonces este <strong>Pipa Hookah de cristal port\u00e1til<\/strong> es sin duda la opci\u00f3n ideal para compartir en las redes sociales, lo que sin duda mejorar\u00e1 el conocimiento de su marca. Si quiere cambiar la imagen de su marca, pruebe a vender al por mayor nuestro<br \/>\n<a href=\"https:\/\/global-hookah.com\/product-category\/wholesale-hookah\/portable-hookah-wholesale\/\"><strong>narguiles port\u00e1tiles<\/strong><\/a>.<\/p>","protected":false},"excerpt":{"rendered":"<p>Cuando quiera vender hookahs al por mayor, le encantar\u00e1 esta pipa Hookah port\u00e1til de vidrio, que cuenta con vidrio de borosilicato completamente de alta calidad<\/p>","protected":false},"featured_media":31125,"comment_status":"closed","ping_status":"closed","template":"","meta":{"iawp_total_views":9,"_joinchat":[]},"product_brand":[],"product_cat":[559,119],"product_tag":[],"class_list":{"0":"post-31122","1":"product","2":"type-product","3":"status-publish","4":"has-post-thumbnail","6":"product_cat-portable-hookah-wholesale","7":"product_cat-wholesale-hookah","9":"first","10":"instock","11":"shipping-taxable","12":"product-type-external"},"yoast_head":"<!-- This site is optimized with the Yoast SEO Premium plugin v24.7 (Yoast SEO v26.8) - https:\/\/yoast.com\/product\/yoast-seo-premium-wordpress\/ -->\n<title>New Portable Glass Hookah Pipe Wholesale - Global Hookah<\/title>\n<meta name=\"robots\" content=\"index, follow, max-snippet:-1, max-image-preview:large, max-video-preview:-1\" \/>\n<link rel=\"canonical\" href=\"https:\/\/global-hookah.com\/es\/producto\/new-portable-glass-hookah-pipe-wholesale\/\" \/>\n<meta property=\"og:locale\" content=\"es_ES\" \/>\n<meta property=\"og:type\" content=\"article\" \/>\n<meta property=\"og:title\" content=\"New Portable Glass Hookah Pipe Wholesale\" \/>\n<meta property=\"og:description\" content=\"When you want to wholesale hookahs, you will love this Portable Glass Hookah Pipe, which features completely high-grade borosilicate glass\" \/>\n<meta property=\"og:url\" content=\"https:\/\/global-hookah.com\/es\/producto\/new-portable-glass-hookah-pipe-wholesale\/\" \/>\n<meta property=\"og:site_name\" content=\"Global Hookah\" \/>\n<meta property=\"article:modified_time\" content=\"2025-02-06T01:59:27+00:00\" \/>\n<meta property=\"og:image\" content=\"https:\/\/global-hookah.com\/wp-content\/uploads\/2024\/10\/0b5968a2c55d4f3fe0e6b0fce3bab7e.jpg\" \/>\n\t<meta property=\"og:image:width\" content=\"1080\" \/>\n\t<meta property=\"og:image:height\" content=\"1440\" \/>\n\t<meta property=\"og:image:type\" content=\"image\/jpeg\" \/>\n<meta name=\"twitter:card\" content=\"summary_large_image\" \/>\n<meta name=\"twitter:label1\" content=\"Tiempo de lectura\" \/>\n\t<meta name=\"twitter:data1\" content=\"1 minuto\" \/>\n<script type=\"application\/ld+json\" class=\"yoast-schema-graph\">{\"@context\":\"https:\/\/schema.org\",\"@graph\":[{\"@type\":\"WebPage\",\"@id\":\"https:\/\/global-hookah.com\/product\/new-portable-glass-hookah-pipe-wholesale\/\",\"url\":\"https:\/\/global-hookah.com\/product\/new-portable-glass-hookah-pipe-wholesale\/\",\"name\":\"New Portable Glass Hookah Pipe Wholesale - Global Hookah\",\"isPartOf\":{\"@id\":\"https:\/\/global-hookah.com\/#website\"},\"primaryImageOfPage\":{\"@id\":\"https:\/\/global-hookah.com\/product\/new-portable-glass-hookah-pipe-wholesale\/#primaryimage\"},\"image\":{\"@id\":\"https:\/\/global-hookah.com\/product\/new-portable-glass-hookah-pipe-wholesale\/#primaryimage\"},\"thumbnailUrl\":\"https:\/\/global-hookah.com\/wp-content\/uploads\/2024\/10\/0b5968a2c55d4f3fe0e6b0fce3bab7e.jpg\",\"datePublished\":\"2024-10-29T01:43:44+00:00\",\"dateModified\":\"2025-02-06T01:59:27+00:00\",\"breadcrumb\":{\"@id\":\"https:\/\/global-hookah.com\/product\/new-portable-glass-hookah-pipe-wholesale\/#breadcrumb\"},\"inLanguage\":\"es\",\"potentialAction\":[{\"@type\":\"ReadAction\",\"target\":[\"https:\/\/global-hookah.com\/product\/new-portable-glass-hookah-pipe-wholesale\/\"]}]},{\"@type\":\"ImageObject\",\"inLanguage\":\"es\",\"@id\":\"https:\/\/global-hookah.com\/product\/new-portable-glass-hookah-pipe-wholesale\/#primaryimage\",\"url\":\"https:\/\/global-hookah.com\/wp-content\/uploads\/2024\/10\/0b5968a2c55d4f3fe0e6b0fce3bab7e.jpg\",\"contentUrl\":\"https:\/\/global-hookah.com\/wp-content\/uploads\/2024\/10\/0b5968a2c55d4f3fe0e6b0fce3bab7e.jpg\",\"width\":1080,\"height\":1440,\"caption\":\"New Portable Glass Hookah Pipe Wholesale\"},{\"@type\":\"BreadcrumbList\",\"@id\":\"https:\/\/global-hookah.com\/product\/new-portable-glass-hookah-pipe-wholesale\/#breadcrumb\",\"itemListElement\":[{\"@type\":\"ListItem\",\"position\":1,\"name\":\"Home\",\"item\":\"https:\/\/global-hookah.com\/\"},{\"@type\":\"ListItem\",\"position\":2,\"name\":\"Shop\",\"item\":\"https:\/\/global-hookah.com\/shop\/\"},{\"@type\":\"ListItem\",\"position\":3,\"name\":\"New Portable Glass Hookah Pipe Wholesale\"}]},{\"@type\":\"WebSite\",\"@id\":\"https:\/\/global-hookah.com\/#website\",\"url\":\"https:\/\/global-hookah.com\/\",\"name\":\"Global Hookah\",\"description\":\"Global Hookah\",\"publisher\":{\"@id\":\"https:\/\/global-hookah.com\/#organization\"},\"potentialAction\":[{\"@type\":\"SearchAction\",\"target\":{\"@type\":\"EntryPoint\",\"urlTemplate\":\"https:\/\/global-hookah.com\/?s={search_term_string}\"},\"query-input\":{\"@type\":\"PropertyValueSpecification\",\"valueRequired\":true,\"valueName\":\"search_term_string\"}}],\"inLanguage\":\"es\"},{\"@type\":\"Organization\",\"@id\":\"https:\/\/global-hookah.com\/#organization\",\"name\":\"Global Hookah\",\"url\":\"https:\/\/global-hookah.com\/\",\"logo\":{\"@type\":\"ImageObject\",\"inLanguage\":\"es\",\"@id\":\"https:\/\/global-hookah.com\/#\/schema\/logo\/image\/\",\"url\":\"https:\/\/global-hookah.com\/wp-content\/uploads\/2021\/10\/cropped-fgg.png\",\"contentUrl\":\"https:\/\/global-hookah.com\/wp-content\/uploads\/2021\/10\/cropped-fgg.png\",\"width\":512,\"height\":512,\"caption\":\"Global Hookah\"},\"image\":{\"@id\":\"https:\/\/global-hookah.com\/#\/schema\/logo\/image\/\"}}]}<\/script>\n<!-- \/ Yoast SEO Premium plugin. -->","yoast_head_json":{"title":"Nueva pipa Hookah port\u00e1til de vidrio al por mayor - Global Hookah","robots":{"index":"index","follow":"follow","max-snippet":"max-snippet:-1","max-image-preview":"max-image-preview:large","max-video-preview":"max-video-preview:-1"},"canonical":"https:\/\/global-hookah.com\/es\/producto\/new-portable-glass-hookah-pipe-wholesale\/","og_locale":"es_ES","og_type":"article","og_title":"New Portable Glass Hookah Pipe Wholesale","og_description":"When you want to wholesale hookahs, you will love this Portable Glass Hookah Pipe, which features completely high-grade borosilicate glass","og_url":"https:\/\/global-hookah.com\/es\/producto\/new-portable-glass-hookah-pipe-wholesale\/","og_site_name":"Global Hookah","article_modified_time":"2025-02-06T01:59:27+00:00","og_image":[{"width":1080,"height":1440,"url":"https:\/\/global-hookah.com\/wp-content\/uploads\/2024\/10\/0b5968a2c55d4f3fe0e6b0fce3bab7e.jpg","type":"image\/jpeg"}],"twitter_card":"summary_large_image","twitter_misc":{"Tiempo de lectura":"1 minuto"},"schema":{"@context":"https:\/\/schema.org","@graph":[{"@type":"WebPage","@id":"https:\/\/global-hookah.com\/product\/new-portable-glass-hookah-pipe-wholesale\/","url":"https:\/\/global-hookah.com\/product\/new-portable-glass-hookah-pipe-wholesale\/","name":"Nueva pipa Hookah port\u00e1til de vidrio al por mayor - Global Hookah","isPartOf":{"@id":"https:\/\/global-hookah.com\/#website"},"primaryImageOfPage":{"@id":"https:\/\/global-hookah.com\/product\/new-portable-glass-hookah-pipe-wholesale\/#primaryimage"},"image":{"@id":"https:\/\/global-hookah.com\/product\/new-portable-glass-hookah-pipe-wholesale\/#primaryimage"},"thumbnailUrl":"https:\/\/global-hookah.com\/wp-content\/uploads\/2024\/10\/0b5968a2c55d4f3fe0e6b0fce3bab7e.jpg","datePublished":"2024-10-29T01:43:44+00:00","dateModified":"2025-02-06T01:59:27+00:00","breadcrumb":{"@id":"https:\/\/global-hookah.com\/product\/new-portable-glass-hookah-pipe-wholesale\/#breadcrumb"},"inLanguage":"es","potentialAction":[{"@type":"ReadAction","target":["https:\/\/global-hookah.com\/product\/new-portable-glass-hookah-pipe-wholesale\/"]}]},{"@type":"ImageObject","inLanguage":"es","@id":"https:\/\/global-hookah.com\/product\/new-portable-glass-hookah-pipe-wholesale\/#primaryimage","url":"https:\/\/global-hookah.com\/wp-content\/uploads\/2024\/10\/0b5968a2c55d4f3fe0e6b0fce3bab7e.jpg","contentUrl":"https:\/\/global-hookah.com\/wp-content\/uploads\/2024\/10\/0b5968a2c55d4f3fe0e6b0fce3bab7e.jpg","width":1080,"height":1440,"caption":"New Portable Glass Hookah Pipe Wholesale"},{"@type":"BreadcrumbList","@id":"https:\/\/global-hookah.com\/product\/new-portable-glass-hookah-pipe-wholesale\/#breadcrumb","itemListElement":[{"@type":"ListItem","position":1,"name":"Home","item":"https:\/\/global-hookah.com\/"},{"@type":"ListItem","position":2,"name":"Shop","item":"https:\/\/global-hookah.com\/shop\/"},{"@type":"ListItem","position":3,"name":"New Portable Glass Hookah Pipe Wholesale"}]},{"@type":"WebSite","@id":"https:\/\/global-hookah.com\/#website","url":"https:\/\/global-hookah.com\/","name":"Global Hookah","description":"Global Hookah","publisher":{"@id":"https:\/\/global-hookah.com\/#organization"},"potentialAction":[{"@type":"SearchAction","target":{"@type":"EntryPoint","urlTemplate":"https:\/\/global-hookah.com\/?s={search_term_string}"},"query-input":{"@type":"PropertyValueSpecification","valueRequired":true,"valueName":"search_term_string"}}],"inLanguage":"es"},{"@type":"Organization","@id":"https:\/\/global-hookah.com\/#organization","name":"Global Hookah","url":"https:\/\/global-hookah.com\/","logo":{"@type":"ImageObject","inLanguage":"es","@id":"https:\/\/global-hookah.com\/#\/schema\/logo\/image\/","url":"https:\/\/global-hookah.com\/wp-content\/uploads\/2021\/10\/cropped-fgg.png","contentUrl":"https:\/\/global-hookah.com\/wp-content\/uploads\/2021\/10\/cropped-fgg.png","width":512,"height":512,"caption":"Global Hookah"},"image":{"@id":"https:\/\/global-hookah.com\/#\/schema\/logo\/image\/"}}]}},"_links":{"self":[{"href":"https:\/\/global-hookah.com\/es\/wp-json\/wp\/v2\/product\/31122","targetHints":{"allow":["GET"]}}],"collection":[{"href":"https:\/\/global-hookah.com\/es\/wp-json\/wp\/v2\/product"}],"about":[{"href":"https:\/\/global-hookah.com\/es\/wp-json\/wp\/v2\/types\/product"}],"replies":[{"embeddable":true,"href":"https:\/\/global-hookah.com\/es\/wp-json\/wp\/v2\/comments?post=31122"}],"version-history":[{"count":0,"href":"https:\/\/global-hookah.com\/es\/wp-json\/wp\/v2\/product\/31122\/revisions"}],"wp:featuredmedia":[{"embeddable":true,"href":"https:\/\/global-hookah.com\/es\/wp-json\/wp\/v2\/media\/31125"}],"wp:attachment":[{"href":"https:\/\/global-hookah.com\/es\/wp-json\/wp\/v2\/media?parent=31122"}],"wp:term":[{"taxonomy":"product_brand","embeddable":true,"href":"https:\/\/global-hookah.com\/es\/wp-json\/wp\/v2\/product_brand?post=31122"},{"taxonomy":"product_cat","embeddable":true,"href":"https:\/\/global-hookah.com\/es\/wp-json\/wp\/v2\/product_cat?post=31122"},{"taxonomy":"product_tag","embeddable":true,"href":"https:\/\/global-hookah.com\/es\/wp-json\/wp\/v2\/product_tag?post=31122"}],"curies":[{"name":"wp","href":"https:\/\/api.w.org\/{rel}","templated":true}]}}